{"id":56270,"date":"2026-04-12T12:02:18","date_gmt":"2026-04-12T10:02:18","guid":{"rendered":"https:\/\/dev6.erresse-shop.it\/shop\/unkategorisiert\/g3-ferrari-friggisano-bbq\/"},"modified":"2025-09-14T02:25:54","modified_gmt":"2025-09-14T00:25:54","slug":"g3-ferrari-friggisano-bbq","status":"publish","type":"product","link":"https:\/\/dev6.erresse-shop.it\/de\/shop\/kleine-elektrogeraete\/oefen\/g3-ferrari-friggisano-bbq\/","title":{"rendered":"G3 FERRARI Friggisano BBQ"},"content":{"rendered":"<p>Friggisano BBQ: die Revolution in der K\u00fcche<br \/>\nFriggisano BBQ ist das Multifunktionsger\u00e4t, von dem Sie schon immer getr\u00e4umt haben. Dank des doppelten Widerstands, der abgesenkten Garkammer und des reichhaltigen Zubeh\u00f6rangebots wird dieses Ger\u00e4t zu:<\/p>\n<p>Grillen<br \/>\nLuftfritteuse<br \/>\nOfen<br \/>\nTrockner<\/p>\n<p>Mit Friggisano BBQ k\u00f6nnen Sie mit sehr wenig \u00d6l knusprige und leckere frittierte Speisen zubereiten. Die schnelle Luftzirkulationstechnologie in Kombination mit dem Crisper-Regal und Temperaturen von bis zu 230 \u00b0C erm\u00f6glicht es Ihnen, gesunde und k\u00f6stliche Speisen zuzubereiten und dabei die Knusprigkeit traditioneller frittierter Speisen beizubehalten.<\/p>\n<p>Ein Elektroofen mit mehreren Funktionen<br \/>\nWenn Sie glauben, dass Friggisano nur zum Braten und Grillen geeignet ist, haben Sie das gro\u00dfe Potenzial dieses multifunktionalen Elektroofens noch nicht entdeckt.<\/p>\n<p>Friggisano BBQ funktioniert wie ein echter Elektroofen, aber mit Rekordleistung: Sie k\u00f6nnen damit Ihre Kuchen backen oder hervorragende Pizzen und Focaccias zubereiten. Ausgestattet mit einem abnehmbaren, antihaftbeschichteten 10-Liter-Beh\u00e4lter, 8 voreingestellten Programmen, Fenster- und Innenbeleuchtung sowie einem gro\u00dfen Digitaldisplay erm\u00f6glicht Ihnen Friggisano BBQ:<\/p>\n<p>Toast<br \/>\nGratinieren<br \/>\nIm Ofen backen<br \/>\nBraten<br \/>\nAuftauen<br \/>\nTrocken<br \/>\nHitze<\/p>\n<p>XXL-Kapazit\u00e4t f\u00fcr die ganze Familie<br \/>\nMit Friggisano BBQ ist das Kochen f\u00fcr viele Menschen kein Problem mehr. Dank des Fassungsverm\u00f6gens von 10 Litern und der Crisper-Ablage k\u00f6nnen Sie XXL-Portionen Chips und andere Lebensmittel frittieren und erzielen dabei stets perfekte Ergebnisse.<\/p>\n<p>Technische Daten<\/p>\n<p>10 Liter Fassungsverm\u00f6gen (bis zu 2500 g)<br \/>\nDoppelter Widerstand, unterer und oberer<br \/>\nMit Fenster und Innenbeleuchtung<br \/>\nAntihaftbeschichteter Beh\u00e4lter und Zubeh\u00f6r<br \/>\nEinstellbare Temperatur (50\u00b0 \u2013 230\u00b0C)<br \/>\n60-Minuten-Timer<br \/>\nDigitalanzeige<br \/>\n8 voreingestellte Programme: Pizza, Fisch, Brot, Schalentiere, H\u00e4hnchenschenkel, Grill,<br \/>\nChips, Trockner<br \/>\nTrocknerfunktion<br \/>\nRutschfeste F\u00fc\u00dfe<br \/>\nIm Lieferumfang enthaltenes Zubeh\u00f6r: Crisp-Regal, Grill, rundes Tablett<br \/>\nStromversorgung: AC 220\u2013240 V ~ 50\u201360 Hz<br \/>\nLeistung: 2000 W<br \/>\nAbmessungen (B x H x T): 37,5 x 26 x 45 cm<br \/>\nGewicht: 8 kg<\/p>\n<p>Nicht zum Verkauf au\u00dferhalb Europas<\/p>\n","protected":false},"excerpt":{"rendered":"<p>Friggisano BBQ: die Revolution in der K\u00fcche Friggisano BBQ ist das Multifunktionsger\u00e4t, von dem Sie schon immer getr\u00e4umt haben. Dank des doppelten Widerstands, der abgesenkten Garkammer und des reichhaltigen Zubeh\u00f6rangebots wird dieses Ger\u00e4t zu: Grillen Luftfritteuse Ofen Trockner Mit Friggisano BBQ k\u00f6nnen Sie mit sehr wenig \u00d6l knusprige und leckere frittierte Speisen zubereiten. Die schnelle [&hellip;]<\/p>\n","protected":false},"featured_media":6370723,"template":"","meta":{"_acf_changed":false},"product_cat":[12194,12163,12193],"product_tag":[],"class_list":{"0":"post-56270","1":"product","2":"type-product","3":"status-publish","4":"has-post-thumbnail","6":"product_cat-heissluftfritteusen","7":"product_cat-kleine-elektrogeraete","8":"product_cat-oefen","10":"first","11":"instock","12":"sale","13":"taxable","14":"shipping-taxable","15":"purchasable","16":"product-type-simple","swatches":"rey-swatches","show_selected":"","stretch_labels":"rey-swatches--stretch-labels"},"acf":[],"yoast_head":"<!-- This site is optimized with the Yoast SEO plugin v25.4 - https:\/\/yoast.com\/wordpress\/plugins\/seo\/ -->\n<title>G3 FERRARI Friggisano BBQ - dev6 Erresse<\/title>\n<meta name=\"description\" content=\"Friggisano BBQ: die Revolution in der K\u00fcche Friggisano BBQ ist das Multifunktionsger\u00e4t, von dem Sie schon immer getr\u00e4umt haben. Dank des doppelten\" \/>\n<meta name=\"robots\" content=\"noindex, follow, max-snippet:-1, max-image-preview:large, max-video-preview:-1\" \/>\n<meta property=\"og:locale\" content=\"de_DE\" \/>\n<meta property=\"og:type\" content=\"article\" \/>\n<meta property=\"og:title\" content=\"G3 FERRARI Friggisano BBQ - dev6 Erresse\" \/>\n<meta property=\"og:description\" content=\"Friggisano BBQ: die Revolution in der K\u00fcche Friggisano BBQ ist das Multifunktionsger\u00e4t, von dem Sie schon immer getr\u00e4umt haben. Dank des doppelten\" \/>\n<meta property=\"og:url\" content=\"https:\/\/dev6.erresse-shop.it\/de\/shop\/kleine-elektrogeraete\/oefen\/g3-ferrari-friggisano-bbq\/\" \/>\n<meta property=\"og:site_name\" content=\"dev6 Erresse\" \/>\n<meta property=\"og:image\" content=\"https:\/\/interpim.erresse-shop.it\/Import\/Prodotti\/g3-ferrari-friggisano-bbq.jpg\" \/><meta property=\"og:image\" content=\"https:\/\/interpim.erresse-shop.it\/Import\/Prodotti\/g3-ferrari-friggisano-bbq.jpg\" \/>\n\t<meta property=\"og:image:width\" content=\"1024\" \/>\n\t<meta property=\"og:image:height\" content=\"1024\" \/>\n\t<meta property=\"og:image:type\" content=\"image\/jpeg\" \/>\n<meta name=\"twitter:card\" content=\"summary_large_image\" \/>\n<meta name=\"twitter:image\" content=\"https:\/\/interpim.erresse-shop.it\/Import\/Prodotti\/g3-ferrari-friggisano-bbq.jpg\" \/>\n<script type=\"application\/ld+json\" class=\"yoast-schema-graph\">{\"@context\":\"https:\/\/schema.org\",\"@graph\":[{\"@type\":\"WebPage\",\"@id\":\"https:\/\/dev6.erresse-shop.it\/de\/shop\/kleine-elektrogeraete\/oefen\/g3-ferrari-friggisano-bbq\/\",\"url\":\"https:\/\/dev6.erresse-shop.it\/de\/shop\/kleine-elektrogeraete\/oefen\/g3-ferrari-friggisano-bbq\/\",\"name\":\"G3 FERRARI Friggisano BBQ - dev6 Erresse\",\"isPartOf\":{\"@id\":\"https:\/\/dev6.erresse-shop.it\/#website\"},\"primaryImageOfPage\":{\"@id\":\"https:\/\/dev6.erresse-shop.it\/de\/shop\/kleine-elektrogeraete\/oefen\/g3-ferrari-friggisano-bbq\/#primaryimage\"},\"image\":{\"@id\":\"https:\/\/dev6.erresse-shop.it\/de\/shop\/kleine-elektrogeraete\/oefen\/g3-ferrari-friggisano-bbq\/#primaryimage\"},\"thumbnailUrl\":\"https:\/\/i0.wp.com\/interpim.erresse-shop.it\/Import\/Prodotti\/g3-ferrari-friggisano-bbq.jpg?ssl=1\",\"datePublished\":\"2026-04-12T10:02:18+00:00\",\"description\":\"Friggisano BBQ: die Revolution in der K\u00fcche Friggisano BBQ ist das Multifunktionsger\u00e4t, von dem Sie schon immer getr\u00e4umt haben. Dank des doppelten\",\"breadcrumb\":{\"@id\":\"https:\/\/dev6.erresse-shop.it\/de\/shop\/kleine-elektrogeraete\/oefen\/g3-ferrari-friggisano-bbq\/#breadcrumb\"},\"inLanguage\":\"de\",\"potentialAction\":[{\"@type\":\"ReadAction\",\"target\":[\"https:\/\/dev6.erresse-shop.it\/de\/shop\/kleine-elektrogeraete\/oefen\/g3-ferrari-friggisano-bbq\/\"]}]},{\"@type\":\"ImageObject\",\"inLanguage\":\"de\",\"@id\":\"https:\/\/dev6.erresse-shop.it\/de\/shop\/kleine-elektrogeraete\/oefen\/g3-ferrari-friggisano-bbq\/#primaryimage\",\"url\":\"https:\/\/i0.wp.com\/interpim.erresse-shop.it\/Import\/Prodotti\/g3-ferrari-friggisano-bbq.jpg?ssl=1\",\"contentUrl\":\"https:\/\/i0.wp.com\/interpim.erresse-shop.it\/Import\/Prodotti\/g3-ferrari-friggisano-bbq.jpg?ssl=1\"},{\"@type\":\"BreadcrumbList\",\"@id\":\"https:\/\/dev6.erresse-shop.it\/de\/shop\/kleine-elektrogeraete\/oefen\/g3-ferrari-friggisano-bbq\/#breadcrumb\",\"itemListElement\":[{\"@type\":\"ListItem\",\"position\":1,\"name\":\"Home\",\"item\":\"https:\/\/dev6.erresse-shop.it\/\"},{\"@type\":\"ListItem\",\"position\":2,\"name\":\"Shop\",\"item\":\"https:\/\/dev6.erresse-shop.it\/shop\/\"},{\"@type\":\"ListItem\",\"position\":3,\"name\":\"G3 FERRARI Friggisano BBQ\"}]},{\"@type\":\"WebSite\",\"@id\":\"https:\/\/dev6.erresse-shop.it\/#website\",\"url\":\"https:\/\/dev6.erresse-shop.it\/\",\"name\":\"Erresse Shop\",\"description\":\"\",\"publisher\":{\"@id\":\"https:\/\/dev6.erresse-shop.it\/#organization\"},\"potentialAction\":[{\"@type\":\"SearchAction\",\"target\":{\"@type\":\"EntryPoint\",\"urlTemplate\":\"https:\/\/dev6.erresse-shop.it\/?s={search_term_string}\"},\"query-input\":{\"@type\":\"PropertyValueSpecification\",\"valueRequired\":true,\"valueName\":\"search_term_string\"}}],\"inLanguage\":\"de\"},{\"@type\":\"Organization\",\"@id\":\"https:\/\/dev6.erresse-shop.it\/#organization\",\"name\":\"Erresse Shop\",\"url\":\"https:\/\/dev6.erresse-shop.it\/\",\"logo\":{\"@type\":\"ImageObject\",\"inLanguage\":\"de\",\"@id\":\"https:\/\/dev6.erresse-shop.it\/#\/schema\/logo\/image\/\",\"url\":\"https:\/\/dev6.erresse-shop.it\/wp-content\/uploads\/2025\/01\/LOGO-ERRESSE-CLASSICO.svg\",\"contentUrl\":\"https:\/\/dev6.erresse-shop.it\/wp-content\/uploads\/2025\/01\/LOGO-ERRESSE-CLASSICO.svg\",\"caption\":\"Erresse Shop\"},\"image\":{\"@id\":\"https:\/\/dev6.erresse-shop.it\/#\/schema\/logo\/image\/\"}}]}<\/script>\n<!-- \/ Yoast SEO plugin. -->","yoast_head_json":{"title":"G3 FERRARI Friggisano BBQ - dev6 Erresse","description":"Friggisano BBQ: die Revolution in der K\u00fcche Friggisano BBQ ist das Multifunktionsger\u00e4t, von dem Sie schon immer getr\u00e4umt haben. Dank des doppelten","robots":{"index":"noindex","follow":"follow","max-snippet":"max-snippet:-1","max-image-preview":"max-image-preview:large","max-video-preview":"max-video-preview:-1"},"og_locale":"de_DE","og_type":"article","og_title":"G3 FERRARI Friggisano BBQ - dev6 Erresse","og_description":"Friggisano BBQ: die Revolution in der K\u00fcche Friggisano BBQ ist das Multifunktionsger\u00e4t, von dem Sie schon immer getr\u00e4umt haben. Dank des doppelten","og_url":"https:\/\/dev6.erresse-shop.it\/de\/shop\/kleine-elektrogeraete\/oefen\/g3-ferrari-friggisano-bbq\/","og_site_name":"dev6 Erresse","og_image":[{"url":"https:\/\/interpim.erresse-shop.it\/Import\/Prodotti\/g3-ferrari-friggisano-bbq.jpg","type":"","width":"","height":""},{"url":"https:\/\/interpim.erresse-shop.it\/Import\/Prodotti\/g3-ferrari-friggisano-bbq.jpg","width":1024,"height":1024,"type":"image\/jpeg"}],"twitter_card":"summary_large_image","twitter_image":"https:\/\/interpim.erresse-shop.it\/Import\/Prodotti\/g3-ferrari-friggisano-bbq.jpg","schema":{"@context":"https:\/\/schema.org","@graph":[{"@type":"WebPage","@id":"https:\/\/dev6.erresse-shop.it\/de\/shop\/kleine-elektrogeraete\/oefen\/g3-ferrari-friggisano-bbq\/","url":"https:\/\/dev6.erresse-shop.it\/de\/shop\/kleine-elektrogeraete\/oefen\/g3-ferrari-friggisano-bbq\/","name":"G3 FERRARI Friggisano BBQ - dev6 Erresse","isPartOf":{"@id":"https:\/\/dev6.erresse-shop.it\/#website"},"primaryImageOfPage":{"@id":"https:\/\/dev6.erresse-shop.it\/de\/shop\/kleine-elektrogeraete\/oefen\/g3-ferrari-friggisano-bbq\/#primaryimage"},"image":{"@id":"https:\/\/dev6.erresse-shop.it\/de\/shop\/kleine-elektrogeraete\/oefen\/g3-ferrari-friggisano-bbq\/#primaryimage"},"thumbnailUrl":"https:\/\/i0.wp.com\/interpim.erresse-shop.it\/Import\/Prodotti\/g3-ferrari-friggisano-bbq.jpg?ssl=1","datePublished":"2026-04-12T10:02:18+00:00","description":"Friggisano BBQ: die Revolution in der K\u00fcche Friggisano BBQ ist das Multifunktionsger\u00e4t, von dem Sie schon immer getr\u00e4umt haben. Dank des doppelten","breadcrumb":{"@id":"https:\/\/dev6.erresse-shop.it\/de\/shop\/kleine-elektrogeraete\/oefen\/g3-ferrari-friggisano-bbq\/#breadcrumb"},"inLanguage":"de","potentialAction":[{"@type":"ReadAction","target":["https:\/\/dev6.erresse-shop.it\/de\/shop\/kleine-elektrogeraete\/oefen\/g3-ferrari-friggisano-bbq\/"]}]},{"@type":"ImageObject","inLanguage":"de","@id":"https:\/\/dev6.erresse-shop.it\/de\/shop\/kleine-elektrogeraete\/oefen\/g3-ferrari-friggisano-bbq\/#primaryimage","url":"https:\/\/i0.wp.com\/interpim.erresse-shop.it\/Import\/Prodotti\/g3-ferrari-friggisano-bbq.jpg?ssl=1","contentUrl":"https:\/\/i0.wp.com\/interpim.erresse-shop.it\/Import\/Prodotti\/g3-ferrari-friggisano-bbq.jpg?ssl=1"},{"@type":"BreadcrumbList","@id":"https:\/\/dev6.erresse-shop.it\/de\/shop\/kleine-elektrogeraete\/oefen\/g3-ferrari-friggisano-bbq\/#breadcrumb","itemListElement":[{"@type":"ListItem","position":1,"name":"Home","item":"https:\/\/dev6.erresse-shop.it\/"},{"@type":"ListItem","position":2,"name":"Shop","item":"https:\/\/dev6.erresse-shop.it\/shop\/"},{"@type":"ListItem","position":3,"name":"G3 FERRARI Friggisano BBQ"}]},{"@type":"WebSite","@id":"https:\/\/dev6.erresse-shop.it\/#website","url":"https:\/\/dev6.erresse-shop.it\/","name":"Erresse Shop","description":"","publisher":{"@id":"https:\/\/dev6.erresse-shop.it\/#organization"},"potentialAction":[{"@type":"SearchAction","target":{"@type":"EntryPoint","urlTemplate":"https:\/\/dev6.erresse-shop.it\/?s={search_term_string}"},"query-input":{"@type":"PropertyValueSpecification","valueRequired":true,"valueName":"search_term_string"}}],"inLanguage":"de"},{"@type":"Organization","@id":"https:\/\/dev6.erresse-shop.it\/#organization","name":"Erresse Shop","url":"https:\/\/dev6.erresse-shop.it\/","logo":{"@type":"ImageObject","inLanguage":"de","@id":"https:\/\/dev6.erresse-shop.it\/#\/schema\/logo\/image\/","url":"https:\/\/dev6.erresse-shop.it\/wp-content\/uploads\/2025\/01\/LOGO-ERRESSE-CLASSICO.svg","contentUrl":"https:\/\/dev6.erresse-shop.it\/wp-content\/uploads\/2025\/01\/LOGO-ERRESSE-CLASSICO.svg","caption":"Erresse Shop"},"image":{"@id":"https:\/\/dev6.erresse-shop.it\/#\/schema\/logo\/image\/"}}]}},"df_price":179.95,"df_sale_price":179.95,"df_regular_price":259,"df_image_link":"https:\/\/i0.wp.com\/interpim.erresse-shop.it\/Import\/Prodotti\/g3-ferrari-friggisano-bbq.jpg?resize=300,300&ssl=1","fifu_image_url":"https:\/\/interpim.erresse-shop.it\/Import\/Prodotti\/g3-ferrari-friggisano-bbq.jpg","_links":{"self":[{"href":"https:\/\/dev6.erresse-shop.it\/de\/wp-json\/wp\/v2\/product\/56270","targetHints":{"allow":["GET"]}}],"collection":[{"href":"https:\/\/dev6.erresse-shop.it\/de\/wp-json\/wp\/v2\/product"}],"about":[{"href":"https:\/\/dev6.erresse-shop.it\/de\/wp-json\/wp\/v2\/types\/product"}],"wp:featuredmedia":[{"embeddable":true,"href":"https:\/\/dev6.erresse-shop.it\/de\/wp-json\/wp\/v2\/media\/6370723"}],"wp:attachment":[{"href":"https:\/\/dev6.erresse-shop.it\/de\/wp-json\/wp\/v2\/media?parent=56270"}],"wp:term":[{"taxonomy":"product_cat","embeddable":true,"href":"https:\/\/dev6.erresse-shop.it\/de\/wp-json\/wp\/v2\/product_cat?post=56270"},{"taxonomy":"product_tag","embeddable":true,"href":"https:\/\/dev6.erresse-shop.it\/de\/wp-json\/wp\/v2\/product_tag?post=56270"}],"curies":[{"name":"wp","href":"https:\/\/api.w.org\/{rel}","templated":true}]}}