{"id":56200,"date":"2026-04-12T11:57:50","date_gmt":"2026-04-12T09:57:50","guid":{"rendered":"https:\/\/dev6.erresse-shop.it\/shop\/unkategorisiert\/galbiati-milano-etno-botanic-set-18-teller\/"},"modified":"2026-01-30T20:54:03","modified_gmt":"2026-01-30T19:54:03","slug":"galbiati-milano-etno-botanic-set-18-teller","status":"publish","type":"product","link":"https:\/\/dev6.erresse-shop.it\/de\/shop\/tisch\/teller-geschirr\/galbiati-milano-etno-botanic-set-18-teller\/","title":{"rendered":"GALBIATI MILANO Etno Botanic Set 18 Teller"},"content":{"rendered":"<p>Entdecken Sie unser elegantes Tellerset Etno Botanic, eine perfekte Kombination aus Stil und Funktionalit\u00e4t, die Ihren Tisch bereichert. Dieses Set besteht aus 18 Teilen und umfasst:<\/p>\n<p>6 Essteller: Ideal zum Servieren Ihrer Hauptgerichte mit einem Hauch von Klasse.<br \/>\n6 Suppenteller: Perfekt f\u00fcr Suppen, Risottos und andere fl\u00fcssige K\u00f6stlichkeiten.<br \/>\n6 Dessertteller: F\u00fcr die raffinierte Pr\u00e4sentation von Desserts und Obst.<\/p>\n<p>Das blau-wei\u00dfe Design erinnert an die Farbt\u00f6ne der Natur und bringt eine frische und lebendige Atmosph\u00e4re in Ihr Zuhause. Jeder Teller ist aus hochwertigen, langlebigen und leicht zu reinigenden Materialien gefertigt und eignet sich daher perfekt f\u00fcr den t\u00e4glichen Gebrauch oder besondere Anl\u00e4sse.<\/p>\n<p>Verleihen Sie Ihrem Tisch eine ethnische und botanische Note mit dem Set Etno Botanic: die ideale Wahl f\u00fcr alle, die gerne Gastgeber sind und G\u00e4ste \u00fcberraschen m\u00f6chten.<\/p>\n","protected":false},"excerpt":{"rendered":"<p>Entdecken Sie unser elegantes Tellerset Etno Botanic, eine perfekte Kombination aus Stil und Funktionalit\u00e4t, die Ihren Tisch bereichert. Dieses Set besteht aus 18 Teilen und umfasst: 6 Essteller: Ideal zum Servieren Ihrer Hauptgerichte mit einem Hauch von Klasse. 6 Suppenteller: Perfekt f\u00fcr Suppen, Risottos und andere fl\u00fcssige K\u00f6stlichkeiten. 6 Dessertteller: F\u00fcr die raffinierte Pr\u00e4sentation von [&hellip;]<\/p>\n","protected":false},"featured_media":6370477,"template":"","meta":{"_acf_changed":false},"product_cat":[11671,12122,12103],"product_tag":[],"class_list":{"0":"post-56200","1":"product","2":"type-product","3":"status-publish","4":"has-post-thumbnail","6":"product_cat-tavola","7":"product_cat-teller-geschirr","8":"product_cat-tisch","10":"first","11":"instock","12":"sale","13":"taxable","14":"shipping-taxable","15":"purchasable","16":"product-type-simple","swatches":"rey-swatches","show_selected":"","stretch_labels":"rey-swatches--stretch-labels"},"acf":[],"yoast_head":"<!-- This site is optimized with the Yoast SEO plugin v25.4 - https:\/\/yoast.com\/wordpress\/plugins\/seo\/ -->\n<title>GALBIATI MILANO Etno Botanic Set 18 Teller - dev6 Erresse<\/title>\n<meta name=\"description\" content=\"Entdecken Sie unser elegantes Tellerset Etno Botanic, eine perfekte Kombination aus Stil und Funktionalit\u00e4t, die Ihren Tisch bereichert. Dieses Set\" \/>\n<meta name=\"robots\" content=\"noindex, follow, max-snippet:-1, max-image-preview:large, max-video-preview:-1\" \/>\n<meta property=\"og:locale\" content=\"de_DE\" \/>\n<meta property=\"og:type\" content=\"article\" \/>\n<meta property=\"og:title\" content=\"GALBIATI MILANO Etno Botanic Set 18 Teller - dev6 Erresse\" \/>\n<meta property=\"og:description\" content=\"Entdecken Sie unser elegantes Tellerset Etno Botanic, eine perfekte Kombination aus Stil und Funktionalit\u00e4t, die Ihren Tisch bereichert. Dieses Set\" \/>\n<meta property=\"og:url\" content=\"https:\/\/dev6.erresse-shop.it\/de\/shop\/tisch\/teller-geschirr\/galbiati-milano-etno-botanic-set-18-teller\/\" \/>\n<meta property=\"og:site_name\" content=\"dev6 Erresse\" \/>\n<meta property=\"og:image\" content=\"https:\/\/interpim.erresse-shop.it\/Import\/Prodotti\/galbiati-milano-etno-botanic-set-18-piatti-1.jpg\" \/><meta property=\"og:image\" content=\"https:\/\/interpim.erresse-shop.it\/Import\/Prodotti\/galbiati-milano-etno-botanic-set-18-piatti-1.jpg\" \/>\n\t<meta property=\"og:image:width\" content=\"1024\" \/>\n\t<meta property=\"og:image:height\" content=\"1024\" \/>\n\t<meta property=\"og:image:type\" content=\"image\/jpeg\" \/>\n<meta name=\"twitter:card\" content=\"summary_large_image\" \/>\n<meta name=\"twitter:image\" content=\"https:\/\/interpim.erresse-shop.it\/Import\/Prodotti\/galbiati-milano-etno-botanic-set-18-piatti-1.jpg\" \/>\n<script type=\"application\/ld+json\" class=\"yoast-schema-graph\">{\"@context\":\"https:\/\/schema.org\",\"@graph\":[{\"@type\":\"WebPage\",\"@id\":\"https:\/\/dev6.erresse-shop.it\/de\/shop\/tisch\/teller-geschirr\/galbiati-milano-etno-botanic-set-18-teller\/\",\"url\":\"https:\/\/dev6.erresse-shop.it\/de\/shop\/tisch\/teller-geschirr\/galbiati-milano-etno-botanic-set-18-teller\/\",\"name\":\"GALBIATI MILANO Etno Botanic Set 18 Teller - dev6 Erresse\",\"isPartOf\":{\"@id\":\"https:\/\/dev6.erresse-shop.it\/#website\"},\"primaryImageOfPage\":{\"@id\":\"https:\/\/dev6.erresse-shop.it\/de\/shop\/tisch\/teller-geschirr\/galbiati-milano-etno-botanic-set-18-teller\/#primaryimage\"},\"image\":{\"@id\":\"https:\/\/dev6.erresse-shop.it\/de\/shop\/tisch\/teller-geschirr\/galbiati-milano-etno-botanic-set-18-teller\/#primaryimage\"},\"thumbnailUrl\":\"https:\/\/i2.wp.com\/interpim.erresse-shop.it\/Import\/Prodotti\/galbiati-milano-etno-botanic-set-18-piatti-1.jpg?ssl=1\",\"datePublished\":\"2026-04-12T09:57:50+00:00\",\"description\":\"Entdecken Sie unser elegantes Tellerset Etno Botanic, eine perfekte Kombination aus Stil und Funktionalit\u00e4t, die Ihren Tisch bereichert. Dieses Set\",\"breadcrumb\":{\"@id\":\"https:\/\/dev6.erresse-shop.it\/de\/shop\/tisch\/teller-geschirr\/galbiati-milano-etno-botanic-set-18-teller\/#breadcrumb\"},\"inLanguage\":\"de\",\"potentialAction\":[{\"@type\":\"ReadAction\",\"target\":[\"https:\/\/dev6.erresse-shop.it\/de\/shop\/tisch\/teller-geschirr\/galbiati-milano-etno-botanic-set-18-teller\/\"]}]},{\"@type\":\"ImageObject\",\"inLanguage\":\"de\",\"@id\":\"https:\/\/dev6.erresse-shop.it\/de\/shop\/tisch\/teller-geschirr\/galbiati-milano-etno-botanic-set-18-teller\/#primaryimage\",\"url\":\"https:\/\/i2.wp.com\/interpim.erresse-shop.it\/Import\/Prodotti\/galbiati-milano-etno-botanic-set-18-piatti-1.jpg?ssl=1\",\"contentUrl\":\"https:\/\/i2.wp.com\/interpim.erresse-shop.it\/Import\/Prodotti\/galbiati-milano-etno-botanic-set-18-piatti-1.jpg?ssl=1\"},{\"@type\":\"BreadcrumbList\",\"@id\":\"https:\/\/dev6.erresse-shop.it\/de\/shop\/tisch\/teller-geschirr\/galbiati-milano-etno-botanic-set-18-teller\/#breadcrumb\",\"itemListElement\":[{\"@type\":\"ListItem\",\"position\":1,\"name\":\"Home\",\"item\":\"https:\/\/dev6.erresse-shop.it\/\"},{\"@type\":\"ListItem\",\"position\":2,\"name\":\"Shop\",\"item\":\"https:\/\/dev6.erresse-shop.it\/shop\/\"},{\"@type\":\"ListItem\",\"position\":3,\"name\":\"GALBIATI MILANO Etno Botanic Set 18 Teller\"}]},{\"@type\":\"WebSite\",\"@id\":\"https:\/\/dev6.erresse-shop.it\/#website\",\"url\":\"https:\/\/dev6.erresse-shop.it\/\",\"name\":\"Erresse Shop\",\"description\":\"\",\"publisher\":{\"@id\":\"https:\/\/dev6.erresse-shop.it\/#organization\"},\"potentialAction\":[{\"@type\":\"SearchAction\",\"target\":{\"@type\":\"EntryPoint\",\"urlTemplate\":\"https:\/\/dev6.erresse-shop.it\/?s={search_term_string}\"},\"query-input\":{\"@type\":\"PropertyValueSpecification\",\"valueRequired\":true,\"valueName\":\"search_term_string\"}}],\"inLanguage\":\"de\"},{\"@type\":\"Organization\",\"@id\":\"https:\/\/dev6.erresse-shop.it\/#organization\",\"name\":\"Erresse Shop\",\"url\":\"https:\/\/dev6.erresse-shop.it\/\",\"logo\":{\"@type\":\"ImageObject\",\"inLanguage\":\"de\",\"@id\":\"https:\/\/dev6.erresse-shop.it\/#\/schema\/logo\/image\/\",\"url\":\"https:\/\/dev6.erresse-shop.it\/wp-content\/uploads\/2025\/01\/LOGO-ERRESSE-CLASSICO.svg\",\"contentUrl\":\"https:\/\/dev6.erresse-shop.it\/wp-content\/uploads\/2025\/01\/LOGO-ERRESSE-CLASSICO.svg\",\"caption\":\"Erresse Shop\"},\"image\":{\"@id\":\"https:\/\/dev6.erresse-shop.it\/#\/schema\/logo\/image\/\"}}]}<\/script>\n<!-- \/ Yoast SEO plugin. -->","yoast_head_json":{"title":"GALBIATI MILANO Etno Botanic Set 18 Teller - dev6 Erresse","description":"Entdecken Sie unser elegantes Tellerset Etno Botanic, eine perfekte Kombination aus Stil und Funktionalit\u00e4t, die Ihren Tisch bereichert. Dieses Set","robots":{"index":"noindex","follow":"follow","max-snippet":"max-snippet:-1","max-image-preview":"max-image-preview:large","max-video-preview":"max-video-preview:-1"},"og_locale":"de_DE","og_type":"article","og_title":"GALBIATI MILANO Etno Botanic Set 18 Teller - dev6 Erresse","og_description":"Entdecken Sie unser elegantes Tellerset Etno Botanic, eine perfekte Kombination aus Stil und Funktionalit\u00e4t, die Ihren Tisch bereichert. Dieses Set","og_url":"https:\/\/dev6.erresse-shop.it\/de\/shop\/tisch\/teller-geschirr\/galbiati-milano-etno-botanic-set-18-teller\/","og_site_name":"dev6 Erresse","og_image":[{"url":"https:\/\/interpim.erresse-shop.it\/Import\/Prodotti\/galbiati-milano-etno-botanic-set-18-piatti-1.jpg","type":"","width":"","height":""},{"url":"https:\/\/interpim.erresse-shop.it\/Import\/Prodotti\/galbiati-milano-etno-botanic-set-18-piatti-1.jpg","width":1024,"height":1024,"type":"image\/jpeg"}],"twitter_card":"summary_large_image","twitter_image":"https:\/\/interpim.erresse-shop.it\/Import\/Prodotti\/galbiati-milano-etno-botanic-set-18-piatti-1.jpg","schema":{"@context":"https:\/\/schema.org","@graph":[{"@type":"WebPage","@id":"https:\/\/dev6.erresse-shop.it\/de\/shop\/tisch\/teller-geschirr\/galbiati-milano-etno-botanic-set-18-teller\/","url":"https:\/\/dev6.erresse-shop.it\/de\/shop\/tisch\/teller-geschirr\/galbiati-milano-etno-botanic-set-18-teller\/","name":"GALBIATI MILANO Etno Botanic Set 18 Teller - dev6 Erresse","isPartOf":{"@id":"https:\/\/dev6.erresse-shop.it\/#website"},"primaryImageOfPage":{"@id":"https:\/\/dev6.erresse-shop.it\/de\/shop\/tisch\/teller-geschirr\/galbiati-milano-etno-botanic-set-18-teller\/#primaryimage"},"image":{"@id":"https:\/\/dev6.erresse-shop.it\/de\/shop\/tisch\/teller-geschirr\/galbiati-milano-etno-botanic-set-18-teller\/#primaryimage"},"thumbnailUrl":"https:\/\/i2.wp.com\/interpim.erresse-shop.it\/Import\/Prodotti\/galbiati-milano-etno-botanic-set-18-piatti-1.jpg?ssl=1","datePublished":"2026-04-12T09:57:50+00:00","description":"Entdecken Sie unser elegantes Tellerset Etno Botanic, eine perfekte Kombination aus Stil und Funktionalit\u00e4t, die Ihren Tisch bereichert. Dieses Set","breadcrumb":{"@id":"https:\/\/dev6.erresse-shop.it\/de\/shop\/tisch\/teller-geschirr\/galbiati-milano-etno-botanic-set-18-teller\/#breadcrumb"},"inLanguage":"de","potentialAction":[{"@type":"ReadAction","target":["https:\/\/dev6.erresse-shop.it\/de\/shop\/tisch\/teller-geschirr\/galbiati-milano-etno-botanic-set-18-teller\/"]}]},{"@type":"ImageObject","inLanguage":"de","@id":"https:\/\/dev6.erresse-shop.it\/de\/shop\/tisch\/teller-geschirr\/galbiati-milano-etno-botanic-set-18-teller\/#primaryimage","url":"https:\/\/i2.wp.com\/interpim.erresse-shop.it\/Import\/Prodotti\/galbiati-milano-etno-botanic-set-18-piatti-1.jpg?ssl=1","contentUrl":"https:\/\/i2.wp.com\/interpim.erresse-shop.it\/Import\/Prodotti\/galbiati-milano-etno-botanic-set-18-piatti-1.jpg?ssl=1"},{"@type":"BreadcrumbList","@id":"https:\/\/dev6.erresse-shop.it\/de\/shop\/tisch\/teller-geschirr\/galbiati-milano-etno-botanic-set-18-teller\/#breadcrumb","itemListElement":[{"@type":"ListItem","position":1,"name":"Home","item":"https:\/\/dev6.erresse-shop.it\/"},{"@type":"ListItem","position":2,"name":"Shop","item":"https:\/\/dev6.erresse-shop.it\/shop\/"},{"@type":"ListItem","position":3,"name":"GALBIATI MILANO Etno Botanic Set 18 Teller"}]},{"@type":"WebSite","@id":"https:\/\/dev6.erresse-shop.it\/#website","url":"https:\/\/dev6.erresse-shop.it\/","name":"Erresse Shop","description":"","publisher":{"@id":"https:\/\/dev6.erresse-shop.it\/#organization"},"potentialAction":[{"@type":"SearchAction","target":{"@type":"EntryPoint","urlTemplate":"https:\/\/dev6.erresse-shop.it\/?s={search_term_string}"},"query-input":{"@type":"PropertyValueSpecification","valueRequired":true,"valueName":"search_term_string"}}],"inLanguage":"de"},{"@type":"Organization","@id":"https:\/\/dev6.erresse-shop.it\/#organization","name":"Erresse Shop","url":"https:\/\/dev6.erresse-shop.it\/","logo":{"@type":"ImageObject","inLanguage":"de","@id":"https:\/\/dev6.erresse-shop.it\/#\/schema\/logo\/image\/","url":"https:\/\/dev6.erresse-shop.it\/wp-content\/uploads\/2025\/01\/LOGO-ERRESSE-CLASSICO.svg","contentUrl":"https:\/\/dev6.erresse-shop.it\/wp-content\/uploads\/2025\/01\/LOGO-ERRESSE-CLASSICO.svg","caption":"Erresse Shop"},"image":{"@id":"https:\/\/dev6.erresse-shop.it\/#\/schema\/logo\/image\/"}}]}},"df_price":62.95,"df_sale_price":62.95,"df_regular_price":79,"df_image_link":"https:\/\/i2.wp.com\/interpim.erresse-shop.it\/Import\/Prodotti\/galbiati-milano-etno-botanic-set-18-piatti-1.jpg?resize=300,300&ssl=1","fifu_image_url":"https:\/\/interpim.erresse-shop.it\/Import\/Prodotti\/galbiati-milano-etno-botanic-set-18-piatti-1.jpg","_links":{"self":[{"href":"https:\/\/dev6.erresse-shop.it\/de\/wp-json\/wp\/v2\/product\/56200","targetHints":{"allow":["GET"]}}],"collection":[{"href":"https:\/\/dev6.erresse-shop.it\/de\/wp-json\/wp\/v2\/product"}],"about":[{"href":"https:\/\/dev6.erresse-shop.it\/de\/wp-json\/wp\/v2\/types\/product"}],"wp:featuredmedia":[{"embeddable":true,"href":"https:\/\/dev6.erresse-shop.it\/de\/wp-json\/wp\/v2\/media\/6370477"}],"wp:attachment":[{"href":"https:\/\/dev6.erresse-shop.it\/de\/wp-json\/wp\/v2\/media?parent=56200"}],"wp:term":[{"taxonomy":"product_cat","embeddable":true,"href":"https:\/\/dev6.erresse-shop.it\/de\/wp-json\/wp\/v2\/product_cat?post=56200"},{"taxonomy":"product_tag","embeddable":true,"href":"https:\/\/dev6.erresse-shop.it\/de\/wp-json\/wp\/v2\/product_tag?post=56200"}],"curies":[{"name":"wp","href":"https:\/\/api.w.org\/{rel}","templated":true}]}}