{"id":56196,"date":"2026-04-04T11:55:05","date_gmt":"2026-04-04T09:55:05","guid":{"rendered":"https:\/\/dev6.erresse-shop.it\/shop\/unkategorisiert\/seletti-toiletpaper-muelltonne-snakes-5-l\/"},"modified":"2025-09-14T02:23:48","modified_gmt":"2025-09-14T00:23:48","slug":"seletti-toiletpaper-muelltonne-snakes-5-l","status":"publish","type":"product","link":"https:\/\/dev6.erresse-shop.it\/de\/shop\/einrichtung-haus\/muelltonnen\/seletti-toiletpaper-muelltonne-snakes-5-l\/","title":{"rendered":"SELETTI Toiletpaper M\u00fclltonne Snakes 5 L"},"content":{"rendered":"<p>Die Gl\u00fccklichsten unter uns sind in der Lage, die magischen Momente zu erkennen, die sich in unserem Leben ereignen. Sie k\u00f6nnen sich unter bestimmten Umst\u00e4nden ereignen, einfach oder komplex, und geben das Gef\u00fchl, einen Traum zu leben. Diejenigen, die mit Poesie zu tun haben, erfordern keine au\u00dfergew\u00f6hnlichen Bedingungen; es reicht aus, unsere Umgebung zu beobachten, manchmal sogar einige Elemente, und es ist die Beziehung zwischen ihnen, die einen besonderen Moment schafft. Ein kleiner Raum manifestiert sich, in dem die Zeit uns zu Zuschauern macht, die von dieser Poesie gefangen sind\u2026 so entsteht Sch\u00f6nheit.<\/p>\n<p>Materialien und Konstruktion: Metall, Kunststoff<br \/>\nMa\u00dfe: 20,5 x 20,5 x 27,5 cm<br \/>\nDesigner: Toilettenpapier<\/p>\n","protected":false},"excerpt":{"rendered":"<p>Die Gl\u00fccklichsten unter uns sind in der Lage, die magischen Momente zu erkennen, die sich in unserem Leben ereignen. Sie k\u00f6nnen sich unter bestimmten Umst\u00e4nden ereignen, einfach oder komplex, und geben das Gef\u00fchl, einen Traum zu leben. Diejenigen, die mit Poesie zu tun haben, erfordern keine au\u00dfergew\u00f6hnlichen Bedingungen; es reicht aus, unsere Umgebung zu beobachten, [&hellip;]<\/p>\n","protected":false},"featured_media":6287179,"template":"","meta":{"_acf_changed":false},"product_cat":[11666,12098,12137],"product_tag":[],"class_list":{"0":"post-56196","1":"product","2":"type-product","3":"status-publish","4":"has-post-thumbnail","6":"product_cat-arredamento-casa","7":"product_cat-einrichtung-haus","8":"product_cat-muelltonnen","10":"first","11":"instock","12":"taxable","13":"shipping-taxable","14":"purchasable","15":"product-type-simple","swatches":"rey-swatches","show_selected":"","stretch_labels":"rey-swatches--stretch-labels"},"acf":[],"yoast_head":"<!-- This site is optimized with the Yoast SEO plugin v25.4 - https:\/\/yoast.com\/wordpress\/plugins\/seo\/ -->\n<title>SELETTI Toiletpaper M\u00fclltonne Snakes 5 L - dev6 Erresse<\/title>\n<meta name=\"description\" content=\"Die Gl\u00fccklichsten unter uns sind in der Lage, die magischen Momente zu erkennen, die sich in unserem Leben ereignen. Sie k\u00f6nnen sich unter bestimmten\" \/>\n<meta name=\"robots\" content=\"noindex, follow, max-snippet:-1, max-image-preview:large, max-video-preview:-1\" \/>\n<meta property=\"og:locale\" content=\"de_DE\" \/>\n<meta property=\"og:type\" content=\"article\" \/>\n<meta property=\"og:title\" content=\"SELETTI Toiletpaper M\u00fclltonne Snakes 5 L - dev6 Erresse\" \/>\n<meta property=\"og:description\" content=\"Die Gl\u00fccklichsten unter uns sind in der Lage, die magischen Momente zu erkennen, die sich in unserem Leben ereignen. Sie k\u00f6nnen sich unter bestimmten\" \/>\n<meta property=\"og:url\" content=\"https:\/\/dev6.erresse-shop.it\/de\/shop\/einrichtung-haus\/muelltonnen\/seletti-toiletpaper-muelltonne-snakes-5-l\/\" \/>\n<meta property=\"og:site_name\" content=\"dev6 Erresse\" \/>\n<meta property=\"og:image\" content=\"https:\/\/interpim.erresse-shop.it\/img-catalogo\/seletti\/seletti-toiletpaper-pattumiera-snakes-5-l.jpg\" \/><meta property=\"og:image\" content=\"https:\/\/interpim.erresse-shop.it\/img-catalogo\/seletti\/seletti-toiletpaper-pattumiera-snakes-5-l.jpg\" \/>\n\t<meta property=\"og:image:width\" content=\"1024\" \/>\n\t<meta property=\"og:image:height\" content=\"1024\" \/>\n\t<meta property=\"og:image:type\" content=\"image\/jpeg\" \/>\n<meta name=\"twitter:card\" content=\"summary_large_image\" \/>\n<meta name=\"twitter:image\" content=\"https:\/\/interpim.erresse-shop.it\/img-catalogo\/seletti\/seletti-toiletpaper-pattumiera-snakes-5-l.jpg\" \/>\n<script type=\"application\/ld+json\" class=\"yoast-schema-graph\">{\"@context\":\"https:\/\/schema.org\",\"@graph\":[{\"@type\":\"WebPage\",\"@id\":\"https:\/\/dev6.erresse-shop.it\/de\/shop\/einrichtung-haus\/muelltonnen\/seletti-toiletpaper-muelltonne-snakes-5-l\/\",\"url\":\"https:\/\/dev6.erresse-shop.it\/de\/shop\/einrichtung-haus\/muelltonnen\/seletti-toiletpaper-muelltonne-snakes-5-l\/\",\"name\":\"SELETTI Toiletpaper M\u00fclltonne Snakes 5 L - dev6 Erresse\",\"isPartOf\":{\"@id\":\"https:\/\/dev6.erresse-shop.it\/#website\"},\"primaryImageOfPage\":{\"@id\":\"https:\/\/dev6.erresse-shop.it\/de\/shop\/einrichtung-haus\/muelltonnen\/seletti-toiletpaper-muelltonne-snakes-5-l\/#primaryimage\"},\"image\":{\"@id\":\"https:\/\/dev6.erresse-shop.it\/de\/shop\/einrichtung-haus\/muelltonnen\/seletti-toiletpaper-muelltonne-snakes-5-l\/#primaryimage\"},\"thumbnailUrl\":\"https:\/\/i0.wp.com\/interpim.erresse-shop.it\/img-catalogo\/seletti\/seletti-toiletpaper-pattumiera-snakes-5-l.jpg?ssl=1\",\"datePublished\":\"2026-04-04T09:55:05+00:00\",\"description\":\"Die Gl\u00fccklichsten unter uns sind in der Lage, die magischen Momente zu erkennen, die sich in unserem Leben ereignen. Sie k\u00f6nnen sich unter bestimmten\",\"breadcrumb\":{\"@id\":\"https:\/\/dev6.erresse-shop.it\/de\/shop\/einrichtung-haus\/muelltonnen\/seletti-toiletpaper-muelltonne-snakes-5-l\/#breadcrumb\"},\"inLanguage\":\"de\",\"potentialAction\":[{\"@type\":\"ReadAction\",\"target\":[\"https:\/\/dev6.erresse-shop.it\/de\/shop\/einrichtung-haus\/muelltonnen\/seletti-toiletpaper-muelltonne-snakes-5-l\/\"]}]},{\"@type\":\"ImageObject\",\"inLanguage\":\"de\",\"@id\":\"https:\/\/dev6.erresse-shop.it\/de\/shop\/einrichtung-haus\/muelltonnen\/seletti-toiletpaper-muelltonne-snakes-5-l\/#primaryimage\",\"url\":\"https:\/\/i0.wp.com\/interpim.erresse-shop.it\/img-catalogo\/seletti\/seletti-toiletpaper-pattumiera-snakes-5-l.jpg?ssl=1\",\"contentUrl\":\"https:\/\/i0.wp.com\/interpim.erresse-shop.it\/img-catalogo\/seletti\/seletti-toiletpaper-pattumiera-snakes-5-l.jpg?ssl=1\"},{\"@type\":\"BreadcrumbList\",\"@id\":\"https:\/\/dev6.erresse-shop.it\/de\/shop\/einrichtung-haus\/muelltonnen\/seletti-toiletpaper-muelltonne-snakes-5-l\/#breadcrumb\",\"itemListElement\":[{\"@type\":\"ListItem\",\"position\":1,\"name\":\"Home\",\"item\":\"https:\/\/dev6.erresse-shop.it\/\"},{\"@type\":\"ListItem\",\"position\":2,\"name\":\"Shop\",\"item\":\"https:\/\/dev6.erresse-shop.it\/shop\/\"},{\"@type\":\"ListItem\",\"position\":3,\"name\":\"SELETTI Toiletpaper M\u00fclltonne Snakes 5 L\"}]},{\"@type\":\"WebSite\",\"@id\":\"https:\/\/dev6.erresse-shop.it\/#website\",\"url\":\"https:\/\/dev6.erresse-shop.it\/\",\"name\":\"Erresse Shop\",\"description\":\"\",\"publisher\":{\"@id\":\"https:\/\/dev6.erresse-shop.it\/#organization\"},\"potentialAction\":[{\"@type\":\"SearchAction\",\"target\":{\"@type\":\"EntryPoint\",\"urlTemplate\":\"https:\/\/dev6.erresse-shop.it\/?s={search_term_string}\"},\"query-input\":{\"@type\":\"PropertyValueSpecification\",\"valueRequired\":true,\"valueName\":\"search_term_string\"}}],\"inLanguage\":\"de\"},{\"@type\":\"Organization\",\"@id\":\"https:\/\/dev6.erresse-shop.it\/#organization\",\"name\":\"Erresse Shop\",\"url\":\"https:\/\/dev6.erresse-shop.it\/\",\"logo\":{\"@type\":\"ImageObject\",\"inLanguage\":\"de\",\"@id\":\"https:\/\/dev6.erresse-shop.it\/#\/schema\/logo\/image\/\",\"url\":\"https:\/\/dev6.erresse-shop.it\/wp-content\/uploads\/2025\/01\/LOGO-ERRESSE-CLASSICO.svg\",\"contentUrl\":\"https:\/\/dev6.erresse-shop.it\/wp-content\/uploads\/2025\/01\/LOGO-ERRESSE-CLASSICO.svg\",\"caption\":\"Erresse Shop\"},\"image\":{\"@id\":\"https:\/\/dev6.erresse-shop.it\/#\/schema\/logo\/image\/\"}}]}<\/script>\n<!-- \/ Yoast SEO plugin. -->","yoast_head_json":{"title":"SELETTI Toiletpaper M\u00fclltonne Snakes 5 L - dev6 Erresse","description":"Die Gl\u00fccklichsten unter uns sind in der Lage, die magischen Momente zu erkennen, die sich in unserem Leben ereignen. Sie k\u00f6nnen sich unter bestimmten","robots":{"index":"noindex","follow":"follow","max-snippet":"max-snippet:-1","max-image-preview":"max-image-preview:large","max-video-preview":"max-video-preview:-1"},"og_locale":"de_DE","og_type":"article","og_title":"SELETTI Toiletpaper M\u00fclltonne Snakes 5 L - dev6 Erresse","og_description":"Die Gl\u00fccklichsten unter uns sind in der Lage, die magischen Momente zu erkennen, die sich in unserem Leben ereignen. Sie k\u00f6nnen sich unter bestimmten","og_url":"https:\/\/dev6.erresse-shop.it\/de\/shop\/einrichtung-haus\/muelltonnen\/seletti-toiletpaper-muelltonne-snakes-5-l\/","og_site_name":"dev6 Erresse","og_image":[{"url":"https:\/\/interpim.erresse-shop.it\/img-catalogo\/seletti\/seletti-toiletpaper-pattumiera-snakes-5-l.jpg","type":"","width":"","height":""},{"url":"https:\/\/interpim.erresse-shop.it\/img-catalogo\/seletti\/seletti-toiletpaper-pattumiera-snakes-5-l.jpg","width":1024,"height":1024,"type":"image\/jpeg"}],"twitter_card":"summary_large_image","twitter_image":"https:\/\/interpim.erresse-shop.it\/img-catalogo\/seletti\/seletti-toiletpaper-pattumiera-snakes-5-l.jpg","schema":{"@context":"https:\/\/schema.org","@graph":[{"@type":"WebPage","@id":"https:\/\/dev6.erresse-shop.it\/de\/shop\/einrichtung-haus\/muelltonnen\/seletti-toiletpaper-muelltonne-snakes-5-l\/","url":"https:\/\/dev6.erresse-shop.it\/de\/shop\/einrichtung-haus\/muelltonnen\/seletti-toiletpaper-muelltonne-snakes-5-l\/","name":"SELETTI Toiletpaper M\u00fclltonne Snakes 5 L - dev6 Erresse","isPartOf":{"@id":"https:\/\/dev6.erresse-shop.it\/#website"},"primaryImageOfPage":{"@id":"https:\/\/dev6.erresse-shop.it\/de\/shop\/einrichtung-haus\/muelltonnen\/seletti-toiletpaper-muelltonne-snakes-5-l\/#primaryimage"},"image":{"@id":"https:\/\/dev6.erresse-shop.it\/de\/shop\/einrichtung-haus\/muelltonnen\/seletti-toiletpaper-muelltonne-snakes-5-l\/#primaryimage"},"thumbnailUrl":"https:\/\/i0.wp.com\/interpim.erresse-shop.it\/img-catalogo\/seletti\/seletti-toiletpaper-pattumiera-snakes-5-l.jpg?ssl=1","datePublished":"2026-04-04T09:55:05+00:00","description":"Die Gl\u00fccklichsten unter uns sind in der Lage, die magischen Momente zu erkennen, die sich in unserem Leben ereignen. Sie k\u00f6nnen sich unter bestimmten","breadcrumb":{"@id":"https:\/\/dev6.erresse-shop.it\/de\/shop\/einrichtung-haus\/muelltonnen\/seletti-toiletpaper-muelltonne-snakes-5-l\/#breadcrumb"},"inLanguage":"de","potentialAction":[{"@type":"ReadAction","target":["https:\/\/dev6.erresse-shop.it\/de\/shop\/einrichtung-haus\/muelltonnen\/seletti-toiletpaper-muelltonne-snakes-5-l\/"]}]},{"@type":"ImageObject","inLanguage":"de","@id":"https:\/\/dev6.erresse-shop.it\/de\/shop\/einrichtung-haus\/muelltonnen\/seletti-toiletpaper-muelltonne-snakes-5-l\/#primaryimage","url":"https:\/\/i0.wp.com\/interpim.erresse-shop.it\/img-catalogo\/seletti\/seletti-toiletpaper-pattumiera-snakes-5-l.jpg?ssl=1","contentUrl":"https:\/\/i0.wp.com\/interpim.erresse-shop.it\/img-catalogo\/seletti\/seletti-toiletpaper-pattumiera-snakes-5-l.jpg?ssl=1"},{"@type":"BreadcrumbList","@id":"https:\/\/dev6.erresse-shop.it\/de\/shop\/einrichtung-haus\/muelltonnen\/seletti-toiletpaper-muelltonne-snakes-5-l\/#breadcrumb","itemListElement":[{"@type":"ListItem","position":1,"name":"Home","item":"https:\/\/dev6.erresse-shop.it\/"},{"@type":"ListItem","position":2,"name":"Shop","item":"https:\/\/dev6.erresse-shop.it\/shop\/"},{"@type":"ListItem","position":3,"name":"SELETTI Toiletpaper M\u00fclltonne Snakes 5 L"}]},{"@type":"WebSite","@id":"https:\/\/dev6.erresse-shop.it\/#website","url":"https:\/\/dev6.erresse-shop.it\/","name":"Erresse Shop","description":"","publisher":{"@id":"https:\/\/dev6.erresse-shop.it\/#organization"},"potentialAction":[{"@type":"SearchAction","target":{"@type":"EntryPoint","urlTemplate":"https:\/\/dev6.erresse-shop.it\/?s={search_term_string}"},"query-input":{"@type":"PropertyValueSpecification","valueRequired":true,"valueName":"search_term_string"}}],"inLanguage":"de"},{"@type":"Organization","@id":"https:\/\/dev6.erresse-shop.it\/#organization","name":"Erresse Shop","url":"https:\/\/dev6.erresse-shop.it\/","logo":{"@type":"ImageObject","inLanguage":"de","@id":"https:\/\/dev6.erresse-shop.it\/#\/schema\/logo\/image\/","url":"https:\/\/dev6.erresse-shop.it\/wp-content\/uploads\/2025\/01\/LOGO-ERRESSE-CLASSICO.svg","contentUrl":"https:\/\/dev6.erresse-shop.it\/wp-content\/uploads\/2025\/01\/LOGO-ERRESSE-CLASSICO.svg","caption":"Erresse Shop"},"image":{"@id":"https:\/\/dev6.erresse-shop.it\/#\/schema\/logo\/image\/"}}]}},"df_price":39,"df_sale_price":"","df_regular_price":39,"df_image_link":"https:\/\/i0.wp.com\/interpim.erresse-shop.it\/img-catalogo\/seletti\/seletti-toiletpaper-pattumiera-snakes-5-l.jpg?resize=300,300&ssl=1","fifu_image_url":"https:\/\/interpim.erresse-shop.it\/img-catalogo\/seletti\/seletti-toiletpaper-pattumiera-snakes-5-l.jpg","_links":{"self":[{"href":"https:\/\/dev6.erresse-shop.it\/de\/wp-json\/wp\/v2\/product\/56196","targetHints":{"allow":["GET"]}}],"collection":[{"href":"https:\/\/dev6.erresse-shop.it\/de\/wp-json\/wp\/v2\/product"}],"about":[{"href":"https:\/\/dev6.erresse-shop.it\/de\/wp-json\/wp\/v2\/types\/product"}],"wp:featuredmedia":[{"embeddable":true,"href":"https:\/\/dev6.erresse-shop.it\/de\/wp-json\/wp\/v2\/media\/6287179"}],"wp:attachment":[{"href":"https:\/\/dev6.erresse-shop.it\/de\/wp-json\/wp\/v2\/media?parent=56196"}],"wp:term":[{"taxonomy":"product_cat","embeddable":true,"href":"https:\/\/dev6.erresse-shop.it\/de\/wp-json\/wp\/v2\/product_cat?post=56196"},{"taxonomy":"product_tag","embeddable":true,"href":"https:\/\/dev6.erresse-shop.it\/de\/wp-json\/wp\/v2\/product_tag?post=56196"}],"curies":[{"name":"wp","href":"https:\/\/api.w.org\/{rel}","templated":true}]}}