{"id":56181,"date":"2026-04-12T11:57:50","date_gmt":"2026-04-12T09:57:50","guid":{"rendered":"https:\/\/dev6.erresse-shop.it\/shop\/unkategorisiert\/rosenthal-glasvase-gianna-36-cm-aqua\/"},"modified":"2025-09-14T02:23:29","modified_gmt":"2025-09-14T00:23:29","slug":"rosenthal-glasvase-gianna-36-cm-aqua","status":"publish","type":"product","link":"https:\/\/dev6.erresse-shop.it\/de\/shop\/einrichtung-haus\/vasen\/rosenthal-glasvase-gianna-36-cm-aqua\/","title":{"rendered":"ROSENTHAL Glasvase Gianna 36 cm Aqua"},"content":{"rendered":"<p>Klasse und Sch\u00f6nheit sind die Symbole, die Rosenthal-Vasen repr\u00e4sentieren. Die neuen Kollektionen blicken voller Bewunderung in die Vergangenheit, wollen aber mit neuen und dynamischeren Formen \u00fcberraschen.<\/p>\n<p>Die Tischvase Gianna von Rosenthal wurde mit innovativen Formen geschaffen, um ein einzigartiges und v\u00f6llig originelles Produkt zum Leben zu erwecken. Geeignet f\u00fcr die Einrichtung Ihres modernen oder klassischen Zuhauses mit vielen neuen Features!<\/p>\n<p>Auf unserer Seite finden Sie verschiedene Rosenthal-Produkte, mit denen Sie die R\u00e4ume Ihres wunderbaren Zuhauses einrichten k\u00f6nnen.<\/p>\n<p>Material: Glas<br \/>\nSammlung: Glas-Vasen<\/p>\n","protected":false},"excerpt":{"rendered":"<p>Klasse und Sch\u00f6nheit sind die Symbole, die Rosenthal-Vasen repr\u00e4sentieren. Die neuen Kollektionen blicken voller Bewunderung in die Vergangenheit, wollen aber mit neuen und dynamischeren Formen \u00fcberraschen. Die Tischvase Gianna von Rosenthal wurde mit innovativen Formen geschaffen, um ein einzigartiges und v\u00f6llig originelles Produkt zum Leben zu erwecken. Geeignet f\u00fcr die Einrichtung Ihres modernen oder klassischen [&hellip;]<\/p>\n","protected":false},"featured_media":6370362,"template":"","meta":{"_acf_changed":false},"product_cat":[11666,12098,12126],"product_tag":[],"class_list":{"0":"post-56181","1":"product","2":"type-product","3":"status-publish","4":"has-post-thumbnail","6":"product_cat-arredamento-casa","7":"product_cat-einrichtung-haus","8":"product_cat-vasen","10":"first","11":"instock","12":"sale","13":"taxable","14":"shipping-taxable","15":"purchasable","16":"product-type-simple","swatches":"rey-swatches","show_selected":"","stretch_labels":"rey-swatches--stretch-labels"},"acf":[],"yoast_head":"<!-- This site is optimized with the Yoast SEO plugin v25.4 - https:\/\/yoast.com\/wordpress\/plugins\/seo\/ -->\n<title>ROSENTHAL Glasvase Gianna 36 cm Aqua - dev6 Erresse<\/title>\n<meta name=\"description\" content=\"Klasse und Sch\u00f6nheit sind die Symbole, die Rosenthal-Vasen repr\u00e4sentieren. Die neuen Kollektionen blicken voller Bewunderung in die Vergangenheit, wollen\" \/>\n<meta name=\"robots\" content=\"noindex, follow, max-snippet:-1, max-image-preview:large, max-video-preview:-1\" \/>\n<meta property=\"og:locale\" content=\"de_DE\" \/>\n<meta property=\"og:type\" content=\"article\" \/>\n<meta property=\"og:title\" content=\"ROSENTHAL Glasvase Gianna 36 cm Aqua - dev6 Erresse\" \/>\n<meta property=\"og:description\" content=\"Klasse und Sch\u00f6nheit sind die Symbole, die Rosenthal-Vasen repr\u00e4sentieren. Die neuen Kollektionen blicken voller Bewunderung in die Vergangenheit, wollen\" \/>\n<meta property=\"og:url\" content=\"https:\/\/dev6.erresse-shop.it\/de\/shop\/einrichtung-haus\/vasen\/rosenthal-glasvase-gianna-36-cm-aqua\/\" \/>\n<meta property=\"og:site_name\" content=\"dev6 Erresse\" \/>\n<meta property=\"og:image\" content=\"https:\/\/interpim.erresse-shop.it\/img-catalogo\/rosenthal\/rosenthal-vaso-di-vetro-gianna-36-cm-aqua.jpg\" \/><meta property=\"og:image\" content=\"https:\/\/interpim.erresse-shop.it\/img-catalogo\/rosenthal\/rosenthal-vaso-di-vetro-gianna-36-cm-aqua.jpg\" \/>\n\t<meta property=\"og:image:width\" content=\"1024\" \/>\n\t<meta property=\"og:image:height\" content=\"1024\" \/>\n\t<meta property=\"og:image:type\" content=\"image\/jpeg\" \/>\n<meta name=\"twitter:card\" content=\"summary_large_image\" \/>\n<meta name=\"twitter:image\" content=\"https:\/\/interpim.erresse-shop.it\/img-catalogo\/rosenthal\/rosenthal-vaso-di-vetro-gianna-36-cm-aqua.jpg\" \/>\n<script type=\"application\/ld+json\" class=\"yoast-schema-graph\">{\"@context\":\"https:\/\/schema.org\",\"@graph\":[{\"@type\":\"WebPage\",\"@id\":\"https:\/\/dev6.erresse-shop.it\/de\/shop\/einrichtung-haus\/vasen\/rosenthal-glasvase-gianna-36-cm-aqua\/\",\"url\":\"https:\/\/dev6.erresse-shop.it\/de\/shop\/einrichtung-haus\/vasen\/rosenthal-glasvase-gianna-36-cm-aqua\/\",\"name\":\"ROSENTHAL Glasvase Gianna 36 cm Aqua - dev6 Erresse\",\"isPartOf\":{\"@id\":\"https:\/\/dev6.erresse-shop.it\/#website\"},\"primaryImageOfPage\":{\"@id\":\"https:\/\/dev6.erresse-shop.it\/de\/shop\/einrichtung-haus\/vasen\/rosenthal-glasvase-gianna-36-cm-aqua\/#primaryimage\"},\"image\":{\"@id\":\"https:\/\/dev6.erresse-shop.it\/de\/shop\/einrichtung-haus\/vasen\/rosenthal-glasvase-gianna-36-cm-aqua\/#primaryimage\"},\"thumbnailUrl\":\"https:\/\/i2.wp.com\/interpim.erresse-shop.it\/img-catalogo\/rosenthal\/rosenthal-vaso-di-vetro-gianna-36-cm-aqua.jpg?ssl=1\",\"datePublished\":\"2026-04-12T09:57:50+00:00\",\"description\":\"Klasse und Sch\u00f6nheit sind die Symbole, die Rosenthal-Vasen repr\u00e4sentieren. Die neuen Kollektionen blicken voller Bewunderung in die Vergangenheit, wollen\",\"breadcrumb\":{\"@id\":\"https:\/\/dev6.erresse-shop.it\/de\/shop\/einrichtung-haus\/vasen\/rosenthal-glasvase-gianna-36-cm-aqua\/#breadcrumb\"},\"inLanguage\":\"de\",\"potentialAction\":[{\"@type\":\"ReadAction\",\"target\":[\"https:\/\/dev6.erresse-shop.it\/de\/shop\/einrichtung-haus\/vasen\/rosenthal-glasvase-gianna-36-cm-aqua\/\"]}]},{\"@type\":\"ImageObject\",\"inLanguage\":\"de\",\"@id\":\"https:\/\/dev6.erresse-shop.it\/de\/shop\/einrichtung-haus\/vasen\/rosenthal-glasvase-gianna-36-cm-aqua\/#primaryimage\",\"url\":\"https:\/\/i2.wp.com\/interpim.erresse-shop.it\/img-catalogo\/rosenthal\/rosenthal-vaso-di-vetro-gianna-36-cm-aqua.jpg?ssl=1\",\"contentUrl\":\"https:\/\/i2.wp.com\/interpim.erresse-shop.it\/img-catalogo\/rosenthal\/rosenthal-vaso-di-vetro-gianna-36-cm-aqua.jpg?ssl=1\"},{\"@type\":\"BreadcrumbList\",\"@id\":\"https:\/\/dev6.erresse-shop.it\/de\/shop\/einrichtung-haus\/vasen\/rosenthal-glasvase-gianna-36-cm-aqua\/#breadcrumb\",\"itemListElement\":[{\"@type\":\"ListItem\",\"position\":1,\"name\":\"Home\",\"item\":\"https:\/\/dev6.erresse-shop.it\/\"},{\"@type\":\"ListItem\",\"position\":2,\"name\":\"Shop\",\"item\":\"https:\/\/dev6.erresse-shop.it\/shop\/\"},{\"@type\":\"ListItem\",\"position\":3,\"name\":\"ROSENTHAL Glasvase Gianna 36 cm Aqua\"}]},{\"@type\":\"WebSite\",\"@id\":\"https:\/\/dev6.erresse-shop.it\/#website\",\"url\":\"https:\/\/dev6.erresse-shop.it\/\",\"name\":\"Erresse Shop\",\"description\":\"\",\"publisher\":{\"@id\":\"https:\/\/dev6.erresse-shop.it\/#organization\"},\"potentialAction\":[{\"@type\":\"SearchAction\",\"target\":{\"@type\":\"EntryPoint\",\"urlTemplate\":\"https:\/\/dev6.erresse-shop.it\/?s={search_term_string}\"},\"query-input\":{\"@type\":\"PropertyValueSpecification\",\"valueRequired\":true,\"valueName\":\"search_term_string\"}}],\"inLanguage\":\"de\"},{\"@type\":\"Organization\",\"@id\":\"https:\/\/dev6.erresse-shop.it\/#organization\",\"name\":\"Erresse Shop\",\"url\":\"https:\/\/dev6.erresse-shop.it\/\",\"logo\":{\"@type\":\"ImageObject\",\"inLanguage\":\"de\",\"@id\":\"https:\/\/dev6.erresse-shop.it\/#\/schema\/logo\/image\/\",\"url\":\"https:\/\/dev6.erresse-shop.it\/wp-content\/uploads\/2025\/01\/LOGO-ERRESSE-CLASSICO.svg\",\"contentUrl\":\"https:\/\/dev6.erresse-shop.it\/wp-content\/uploads\/2025\/01\/LOGO-ERRESSE-CLASSICO.svg\",\"caption\":\"Erresse Shop\"},\"image\":{\"@id\":\"https:\/\/dev6.erresse-shop.it\/#\/schema\/logo\/image\/\"}}]}<\/script>\n<!-- \/ Yoast SEO plugin. -->","yoast_head_json":{"title":"ROSENTHAL Glasvase Gianna 36 cm Aqua - dev6 Erresse","description":"Klasse und Sch\u00f6nheit sind die Symbole, die Rosenthal-Vasen repr\u00e4sentieren. Die neuen Kollektionen blicken voller Bewunderung in die Vergangenheit, wollen","robots":{"index":"noindex","follow":"follow","max-snippet":"max-snippet:-1","max-image-preview":"max-image-preview:large","max-video-preview":"max-video-preview:-1"},"og_locale":"de_DE","og_type":"article","og_title":"ROSENTHAL Glasvase Gianna 36 cm Aqua - dev6 Erresse","og_description":"Klasse und Sch\u00f6nheit sind die Symbole, die Rosenthal-Vasen repr\u00e4sentieren. Die neuen Kollektionen blicken voller Bewunderung in die Vergangenheit, wollen","og_url":"https:\/\/dev6.erresse-shop.it\/de\/shop\/einrichtung-haus\/vasen\/rosenthal-glasvase-gianna-36-cm-aqua\/","og_site_name":"dev6 Erresse","og_image":[{"url":"https:\/\/interpim.erresse-shop.it\/img-catalogo\/rosenthal\/rosenthal-vaso-di-vetro-gianna-36-cm-aqua.jpg","type":"","width":"","height":""},{"url":"https:\/\/interpim.erresse-shop.it\/img-catalogo\/rosenthal\/rosenthal-vaso-di-vetro-gianna-36-cm-aqua.jpg","width":1024,"height":1024,"type":"image\/jpeg"}],"twitter_card":"summary_large_image","twitter_image":"https:\/\/interpim.erresse-shop.it\/img-catalogo\/rosenthal\/rosenthal-vaso-di-vetro-gianna-36-cm-aqua.jpg","schema":{"@context":"https:\/\/schema.org","@graph":[{"@type":"WebPage","@id":"https:\/\/dev6.erresse-shop.it\/de\/shop\/einrichtung-haus\/vasen\/rosenthal-glasvase-gianna-36-cm-aqua\/","url":"https:\/\/dev6.erresse-shop.it\/de\/shop\/einrichtung-haus\/vasen\/rosenthal-glasvase-gianna-36-cm-aqua\/","name":"ROSENTHAL Glasvase Gianna 36 cm Aqua - dev6 Erresse","isPartOf":{"@id":"https:\/\/dev6.erresse-shop.it\/#website"},"primaryImageOfPage":{"@id":"https:\/\/dev6.erresse-shop.it\/de\/shop\/einrichtung-haus\/vasen\/rosenthal-glasvase-gianna-36-cm-aqua\/#primaryimage"},"image":{"@id":"https:\/\/dev6.erresse-shop.it\/de\/shop\/einrichtung-haus\/vasen\/rosenthal-glasvase-gianna-36-cm-aqua\/#primaryimage"},"thumbnailUrl":"https:\/\/i2.wp.com\/interpim.erresse-shop.it\/img-catalogo\/rosenthal\/rosenthal-vaso-di-vetro-gianna-36-cm-aqua.jpg?ssl=1","datePublished":"2026-04-12T09:57:50+00:00","description":"Klasse und Sch\u00f6nheit sind die Symbole, die Rosenthal-Vasen repr\u00e4sentieren. Die neuen Kollektionen blicken voller Bewunderung in die Vergangenheit, wollen","breadcrumb":{"@id":"https:\/\/dev6.erresse-shop.it\/de\/shop\/einrichtung-haus\/vasen\/rosenthal-glasvase-gianna-36-cm-aqua\/#breadcrumb"},"inLanguage":"de","potentialAction":[{"@type":"ReadAction","target":["https:\/\/dev6.erresse-shop.it\/de\/shop\/einrichtung-haus\/vasen\/rosenthal-glasvase-gianna-36-cm-aqua\/"]}]},{"@type":"ImageObject","inLanguage":"de","@id":"https:\/\/dev6.erresse-shop.it\/de\/shop\/einrichtung-haus\/vasen\/rosenthal-glasvase-gianna-36-cm-aqua\/#primaryimage","url":"https:\/\/i2.wp.com\/interpim.erresse-shop.it\/img-catalogo\/rosenthal\/rosenthal-vaso-di-vetro-gianna-36-cm-aqua.jpg?ssl=1","contentUrl":"https:\/\/i2.wp.com\/interpim.erresse-shop.it\/img-catalogo\/rosenthal\/rosenthal-vaso-di-vetro-gianna-36-cm-aqua.jpg?ssl=1"},{"@type":"BreadcrumbList","@id":"https:\/\/dev6.erresse-shop.it\/de\/shop\/einrichtung-haus\/vasen\/rosenthal-glasvase-gianna-36-cm-aqua\/#breadcrumb","itemListElement":[{"@type":"ListItem","position":1,"name":"Home","item":"https:\/\/dev6.erresse-shop.it\/"},{"@type":"ListItem","position":2,"name":"Shop","item":"https:\/\/dev6.erresse-shop.it\/shop\/"},{"@type":"ListItem","position":3,"name":"ROSENTHAL Glasvase Gianna 36 cm Aqua"}]},{"@type":"WebSite","@id":"https:\/\/dev6.erresse-shop.it\/#website","url":"https:\/\/dev6.erresse-shop.it\/","name":"Erresse Shop","description":"","publisher":{"@id":"https:\/\/dev6.erresse-shop.it\/#organization"},"potentialAction":[{"@type":"SearchAction","target":{"@type":"EntryPoint","urlTemplate":"https:\/\/dev6.erresse-shop.it\/?s={search_term_string}"},"query-input":{"@type":"PropertyValueSpecification","valueRequired":true,"valueName":"search_term_string"}}],"inLanguage":"de"},{"@type":"Organization","@id":"https:\/\/dev6.erresse-shop.it\/#organization","name":"Erresse Shop","url":"https:\/\/dev6.erresse-shop.it\/","logo":{"@type":"ImageObject","inLanguage":"de","@id":"https:\/\/dev6.erresse-shop.it\/#\/schema\/logo\/image\/","url":"https:\/\/dev6.erresse-shop.it\/wp-content\/uploads\/2025\/01\/LOGO-ERRESSE-CLASSICO.svg","contentUrl":"https:\/\/dev6.erresse-shop.it\/wp-content\/uploads\/2025\/01\/LOGO-ERRESSE-CLASSICO.svg","caption":"Erresse Shop"},"image":{"@id":"https:\/\/dev6.erresse-shop.it\/#\/schema\/logo\/image\/"}}]}},"df_price":149.95,"df_sale_price":149.95,"df_regular_price":195,"df_image_link":"https:\/\/i2.wp.com\/interpim.erresse-shop.it\/img-catalogo\/rosenthal\/rosenthal-vaso-di-vetro-gianna-36-cm-aqua.jpg?resize=300,300&ssl=1","fifu_image_url":"https:\/\/interpim.erresse-shop.it\/img-catalogo\/rosenthal\/rosenthal-vaso-di-vetro-gianna-36-cm-aqua.jpg","_links":{"self":[{"href":"https:\/\/dev6.erresse-shop.it\/de\/wp-json\/wp\/v2\/product\/56181","targetHints":{"allow":["GET"]}}],"collection":[{"href":"https:\/\/dev6.erresse-shop.it\/de\/wp-json\/wp\/v2\/product"}],"about":[{"href":"https:\/\/dev6.erresse-shop.it\/de\/wp-json\/wp\/v2\/types\/product"}],"wp:featuredmedia":[{"embeddable":true,"href":"https:\/\/dev6.erresse-shop.it\/de\/wp-json\/wp\/v2\/media\/6370362"}],"wp:attachment":[{"href":"https:\/\/dev6.erresse-shop.it\/de\/wp-json\/wp\/v2\/media?parent=56181"}],"wp:term":[{"taxonomy":"product_cat","embeddable":true,"href":"https:\/\/dev6.erresse-shop.it\/de\/wp-json\/wp\/v2\/product_cat?post=56181"},{"taxonomy":"product_tag","embeddable":true,"href":"https:\/\/dev6.erresse-shop.it\/de\/wp-json\/wp\/v2\/product_tag?post=56181"}],"curies":[{"name":"wp","href":"https:\/\/api.w.org\/{rel}","templated":true}]}}