{"id":56125,"date":"2026-04-12T11:53:18","date_gmt":"2026-04-12T09:53:18","guid":{"rendered":"https:\/\/dev6.erresse-shop.it\/shop\/unkategorisiert\/villeroy-boch-christmas-classics-weihnachtsbaum-ornament-7-cm-stiefel\/"},"modified":"2025-09-14T02:21:46","modified_gmt":"2025-09-14T00:21:46","slug":"villeroy-boch-christmas-classics-weihnachtsbaum-ornament-7-cm-stiefel","status":"publish","type":"product","link":"https:\/\/dev6.erresse-shop.it\/de\/shop\/einrichtung-haus\/dekoartikel\/villeroy-boch-christmas-classics-weihnachtsbaum-ornament-7-cm-stiefel\/","title":{"rendered":"VILLEROY &#038; BOCH Christmas Classics Weihnachtsbaum-Ornament 7 cm Stiefel"},"content":{"rendered":"<p>Baumschmuck mit Liebe gemacht<br \/>\nDer Christbaumschmuck verzaubert mit seinem nostalgischen Weihnachtsdesign und ist ideal als stimmungsvoller Baumschmuck. Der dekorative Anh\u00e4nger ist ideal als Geschenk f\u00fcr Freunde, Familie und Liebhaber klassischer St\u00fccke. Der detailreiche Dekoartikel ist aus hochwertigem Porzellan gefertigt und l\u00e4sst sich leicht von Hand reinigen. Sichern Sie sich jetzt Ihr Lieblingsobjekt.<\/p>\n<p>Material: Hochwertiges Porzellan Metall Kunststoff<\/p>\n","protected":false},"excerpt":{"rendered":"<p>Baumschmuck mit Liebe gemacht Der Christbaumschmuck verzaubert mit seinem nostalgischen Weihnachtsdesign und ist ideal als stimmungsvoller Baumschmuck. Der dekorative Anh\u00e4nger ist ideal als Geschenk f\u00fcr Freunde, Familie und Liebhaber klassischer St\u00fccke. Der detailreiche Dekoartikel ist aus hochwertigem Porzellan gefertigt und l\u00e4sst sich leicht von Hand reinigen. Sichern Sie sich jetzt Ihr Lieblingsobjekt. Material: Hochwertiges Porzellan [&hellip;]<\/p>\n","protected":false},"featured_media":6370266,"template":"","meta":{"_acf_changed":false},"product_cat":[11666,12129,12098],"product_tag":[],"class_list":{"0":"post-56125","1":"product","2":"type-product","3":"status-publish","4":"has-post-thumbnail","6":"product_cat-arredamento-casa","7":"product_cat-dekoartikel","8":"product_cat-einrichtung-haus","10":"first","11":"instock","12":"taxable","13":"shipping-taxable","14":"purchasable","15":"product-type-simple","swatches":"rey-swatches","show_selected":"","stretch_labels":"rey-swatches--stretch-labels"},"acf":[],"yoast_head":"<!-- This site is optimized with the Yoast SEO plugin v25.4 - https:\/\/yoast.com\/wordpress\/plugins\/seo\/ -->\n<title>VILLEROY &#038; BOCH Christmas Classics Weihnachtsbaum-Ornament 7 cm Stiefel - dev6 Erresse<\/title>\n<meta name=\"description\" content=\"Baumschmuck mit Liebe gemacht Der Christbaumschmuck verzaubert mit seinem nostalgischen Weihnachtsdesign und ist ideal als stimmungsvoller Baumschmuck.\" \/>\n<meta name=\"robots\" content=\"noindex, follow, max-snippet:-1, max-image-preview:large, max-video-preview:-1\" \/>\n<meta property=\"og:locale\" content=\"de_DE\" \/>\n<meta property=\"og:type\" content=\"article\" \/>\n<meta property=\"og:title\" content=\"VILLEROY &#038; BOCH Christmas Classics Weihnachtsbaum-Ornament 7 cm Stiefel - dev6 Erresse\" \/>\n<meta property=\"og:description\" content=\"Baumschmuck mit Liebe gemacht Der Christbaumschmuck verzaubert mit seinem nostalgischen Weihnachtsdesign und ist ideal als stimmungsvoller Baumschmuck.\" \/>\n<meta property=\"og:url\" content=\"https:\/\/dev6.erresse-shop.it\/de\/shop\/einrichtung-haus\/dekoartikel\/villeroy-boch-christmas-classics-weihnachtsbaum-ornament-7-cm-stiefel\/\" \/>\n<meta property=\"og:site_name\" content=\"dev6 Erresse\" \/>\n<meta property=\"og:image\" content=\"https:\/\/interpim.erresse-shop.it\/img-catalogo\/villeroy\/villeroy-boch-christmas-classics-addobbo-stivale-7-cm.jpg\" \/><meta property=\"og:image\" content=\"https:\/\/interpim.erresse-shop.it\/img-catalogo\/villeroy\/villeroy-boch-christmas-classics-addobbo-stivale-7-cm.jpg\" \/>\n\t<meta property=\"og:image:width\" content=\"1024\" \/>\n\t<meta property=\"og:image:height\" content=\"1024\" \/>\n\t<meta property=\"og:image:type\" content=\"image\/jpeg\" \/>\n<meta name=\"twitter:card\" content=\"summary_large_image\" \/>\n<meta name=\"twitter:image\" content=\"https:\/\/interpim.erresse-shop.it\/img-catalogo\/villeroy\/villeroy-boch-christmas-classics-addobbo-stivale-7-cm.jpg\" \/>\n<script type=\"application\/ld+json\" class=\"yoast-schema-graph\">{\"@context\":\"https:\/\/schema.org\",\"@graph\":[{\"@type\":\"WebPage\",\"@id\":\"https:\/\/dev6.erresse-shop.it\/de\/shop\/einrichtung-haus\/dekoartikel\/villeroy-boch-christmas-classics-weihnachtsbaum-ornament-7-cm-stiefel\/\",\"url\":\"https:\/\/dev6.erresse-shop.it\/de\/shop\/einrichtung-haus\/dekoartikel\/villeroy-boch-christmas-classics-weihnachtsbaum-ornament-7-cm-stiefel\/\",\"name\":\"VILLEROY &#038; BOCH Christmas Classics Weihnachtsbaum-Ornament 7 cm Stiefel - dev6 Erresse\",\"isPartOf\":{\"@id\":\"https:\/\/dev6.erresse-shop.it\/#website\"},\"primaryImageOfPage\":{\"@id\":\"https:\/\/dev6.erresse-shop.it\/de\/shop\/einrichtung-haus\/dekoartikel\/villeroy-boch-christmas-classics-weihnachtsbaum-ornament-7-cm-stiefel\/#primaryimage\"},\"image\":{\"@id\":\"https:\/\/dev6.erresse-shop.it\/de\/shop\/einrichtung-haus\/dekoartikel\/villeroy-boch-christmas-classics-weihnachtsbaum-ornament-7-cm-stiefel\/#primaryimage\"},\"thumbnailUrl\":\"https:\/\/i0.wp.com\/interpim.erresse-shop.it\/img-catalogo\/villeroy\/villeroy-boch-christmas-classics-addobbo-stivale-7-cm.jpg?ssl=1\",\"datePublished\":\"2026-04-12T09:53:18+00:00\",\"description\":\"Baumschmuck mit Liebe gemacht Der Christbaumschmuck verzaubert mit seinem nostalgischen Weihnachtsdesign und ist ideal als stimmungsvoller Baumschmuck.\",\"breadcrumb\":{\"@id\":\"https:\/\/dev6.erresse-shop.it\/de\/shop\/einrichtung-haus\/dekoartikel\/villeroy-boch-christmas-classics-weihnachtsbaum-ornament-7-cm-stiefel\/#breadcrumb\"},\"inLanguage\":\"de\",\"potentialAction\":[{\"@type\":\"ReadAction\",\"target\":[\"https:\/\/dev6.erresse-shop.it\/de\/shop\/einrichtung-haus\/dekoartikel\/villeroy-boch-christmas-classics-weihnachtsbaum-ornament-7-cm-stiefel\/\"]}]},{\"@type\":\"ImageObject\",\"inLanguage\":\"de\",\"@id\":\"https:\/\/dev6.erresse-shop.it\/de\/shop\/einrichtung-haus\/dekoartikel\/villeroy-boch-christmas-classics-weihnachtsbaum-ornament-7-cm-stiefel\/#primaryimage\",\"url\":\"https:\/\/i0.wp.com\/interpim.erresse-shop.it\/img-catalogo\/villeroy\/villeroy-boch-christmas-classics-addobbo-stivale-7-cm.jpg?ssl=1\",\"contentUrl\":\"https:\/\/i0.wp.com\/interpim.erresse-shop.it\/img-catalogo\/villeroy\/villeroy-boch-christmas-classics-addobbo-stivale-7-cm.jpg?ssl=1\"},{\"@type\":\"BreadcrumbList\",\"@id\":\"https:\/\/dev6.erresse-shop.it\/de\/shop\/einrichtung-haus\/dekoartikel\/villeroy-boch-christmas-classics-weihnachtsbaum-ornament-7-cm-stiefel\/#breadcrumb\",\"itemListElement\":[{\"@type\":\"ListItem\",\"position\":1,\"name\":\"Home\",\"item\":\"https:\/\/dev6.erresse-shop.it\/\"},{\"@type\":\"ListItem\",\"position\":2,\"name\":\"Shop\",\"item\":\"https:\/\/dev6.erresse-shop.it\/shop\/\"},{\"@type\":\"ListItem\",\"position\":3,\"name\":\"VILLEROY &#038; BOCH Christmas Classics Weihnachtsbaum-Ornament 7 cm Stiefel\"}]},{\"@type\":\"WebSite\",\"@id\":\"https:\/\/dev6.erresse-shop.it\/#website\",\"url\":\"https:\/\/dev6.erresse-shop.it\/\",\"name\":\"Erresse Shop\",\"description\":\"\",\"publisher\":{\"@id\":\"https:\/\/dev6.erresse-shop.it\/#organization\"},\"potentialAction\":[{\"@type\":\"SearchAction\",\"target\":{\"@type\":\"EntryPoint\",\"urlTemplate\":\"https:\/\/dev6.erresse-shop.it\/?s={search_term_string}\"},\"query-input\":{\"@type\":\"PropertyValueSpecification\",\"valueRequired\":true,\"valueName\":\"search_term_string\"}}],\"inLanguage\":\"de\"},{\"@type\":\"Organization\",\"@id\":\"https:\/\/dev6.erresse-shop.it\/#organization\",\"name\":\"Erresse Shop\",\"url\":\"https:\/\/dev6.erresse-shop.it\/\",\"logo\":{\"@type\":\"ImageObject\",\"inLanguage\":\"de\",\"@id\":\"https:\/\/dev6.erresse-shop.it\/#\/schema\/logo\/image\/\",\"url\":\"https:\/\/dev6.erresse-shop.it\/wp-content\/uploads\/2025\/01\/LOGO-ERRESSE-CLASSICO.svg\",\"contentUrl\":\"https:\/\/dev6.erresse-shop.it\/wp-content\/uploads\/2025\/01\/LOGO-ERRESSE-CLASSICO.svg\",\"caption\":\"Erresse Shop\"},\"image\":{\"@id\":\"https:\/\/dev6.erresse-shop.it\/#\/schema\/logo\/image\/\"}}]}<\/script>\n<!-- \/ Yoast SEO plugin. -->","yoast_head_json":{"title":"VILLEROY &#038; BOCH Christmas Classics Weihnachtsbaum-Ornament 7 cm Stiefel - dev6 Erresse","description":"Baumschmuck mit Liebe gemacht Der Christbaumschmuck verzaubert mit seinem nostalgischen Weihnachtsdesign und ist ideal als stimmungsvoller Baumschmuck.","robots":{"index":"noindex","follow":"follow","max-snippet":"max-snippet:-1","max-image-preview":"max-image-preview:large","max-video-preview":"max-video-preview:-1"},"og_locale":"de_DE","og_type":"article","og_title":"VILLEROY &#038; BOCH Christmas Classics Weihnachtsbaum-Ornament 7 cm Stiefel - dev6 Erresse","og_description":"Baumschmuck mit Liebe gemacht Der Christbaumschmuck verzaubert mit seinem nostalgischen Weihnachtsdesign und ist ideal als stimmungsvoller Baumschmuck.","og_url":"https:\/\/dev6.erresse-shop.it\/de\/shop\/einrichtung-haus\/dekoartikel\/villeroy-boch-christmas-classics-weihnachtsbaum-ornament-7-cm-stiefel\/","og_site_name":"dev6 Erresse","og_image":[{"url":"https:\/\/interpim.erresse-shop.it\/img-catalogo\/villeroy\/villeroy-boch-christmas-classics-addobbo-stivale-7-cm.jpg","type":"","width":"","height":""},{"url":"https:\/\/interpim.erresse-shop.it\/img-catalogo\/villeroy\/villeroy-boch-christmas-classics-addobbo-stivale-7-cm.jpg","width":1024,"height":1024,"type":"image\/jpeg"}],"twitter_card":"summary_large_image","twitter_image":"https:\/\/interpim.erresse-shop.it\/img-catalogo\/villeroy\/villeroy-boch-christmas-classics-addobbo-stivale-7-cm.jpg","schema":{"@context":"https:\/\/schema.org","@graph":[{"@type":"WebPage","@id":"https:\/\/dev6.erresse-shop.it\/de\/shop\/einrichtung-haus\/dekoartikel\/villeroy-boch-christmas-classics-weihnachtsbaum-ornament-7-cm-stiefel\/","url":"https:\/\/dev6.erresse-shop.it\/de\/shop\/einrichtung-haus\/dekoartikel\/villeroy-boch-christmas-classics-weihnachtsbaum-ornament-7-cm-stiefel\/","name":"VILLEROY &#038; BOCH Christmas Classics Weihnachtsbaum-Ornament 7 cm Stiefel - dev6 Erresse","isPartOf":{"@id":"https:\/\/dev6.erresse-shop.it\/#website"},"primaryImageOfPage":{"@id":"https:\/\/dev6.erresse-shop.it\/de\/shop\/einrichtung-haus\/dekoartikel\/villeroy-boch-christmas-classics-weihnachtsbaum-ornament-7-cm-stiefel\/#primaryimage"},"image":{"@id":"https:\/\/dev6.erresse-shop.it\/de\/shop\/einrichtung-haus\/dekoartikel\/villeroy-boch-christmas-classics-weihnachtsbaum-ornament-7-cm-stiefel\/#primaryimage"},"thumbnailUrl":"https:\/\/i0.wp.com\/interpim.erresse-shop.it\/img-catalogo\/villeroy\/villeroy-boch-christmas-classics-addobbo-stivale-7-cm.jpg?ssl=1","datePublished":"2026-04-12T09:53:18+00:00","description":"Baumschmuck mit Liebe gemacht Der Christbaumschmuck verzaubert mit seinem nostalgischen Weihnachtsdesign und ist ideal als stimmungsvoller Baumschmuck.","breadcrumb":{"@id":"https:\/\/dev6.erresse-shop.it\/de\/shop\/einrichtung-haus\/dekoartikel\/villeroy-boch-christmas-classics-weihnachtsbaum-ornament-7-cm-stiefel\/#breadcrumb"},"inLanguage":"de","potentialAction":[{"@type":"ReadAction","target":["https:\/\/dev6.erresse-shop.it\/de\/shop\/einrichtung-haus\/dekoartikel\/villeroy-boch-christmas-classics-weihnachtsbaum-ornament-7-cm-stiefel\/"]}]},{"@type":"ImageObject","inLanguage":"de","@id":"https:\/\/dev6.erresse-shop.it\/de\/shop\/einrichtung-haus\/dekoartikel\/villeroy-boch-christmas-classics-weihnachtsbaum-ornament-7-cm-stiefel\/#primaryimage","url":"https:\/\/i0.wp.com\/interpim.erresse-shop.it\/img-catalogo\/villeroy\/villeroy-boch-christmas-classics-addobbo-stivale-7-cm.jpg?ssl=1","contentUrl":"https:\/\/i0.wp.com\/interpim.erresse-shop.it\/img-catalogo\/villeroy\/villeroy-boch-christmas-classics-addobbo-stivale-7-cm.jpg?ssl=1"},{"@type":"BreadcrumbList","@id":"https:\/\/dev6.erresse-shop.it\/de\/shop\/einrichtung-haus\/dekoartikel\/villeroy-boch-christmas-classics-weihnachtsbaum-ornament-7-cm-stiefel\/#breadcrumb","itemListElement":[{"@type":"ListItem","position":1,"name":"Home","item":"https:\/\/dev6.erresse-shop.it\/"},{"@type":"ListItem","position":2,"name":"Shop","item":"https:\/\/dev6.erresse-shop.it\/shop\/"},{"@type":"ListItem","position":3,"name":"VILLEROY &#038; BOCH Christmas Classics Weihnachtsbaum-Ornament 7 cm Stiefel"}]},{"@type":"WebSite","@id":"https:\/\/dev6.erresse-shop.it\/#website","url":"https:\/\/dev6.erresse-shop.it\/","name":"Erresse Shop","description":"","publisher":{"@id":"https:\/\/dev6.erresse-shop.it\/#organization"},"potentialAction":[{"@type":"SearchAction","target":{"@type":"EntryPoint","urlTemplate":"https:\/\/dev6.erresse-shop.it\/?s={search_term_string}"},"query-input":{"@type":"PropertyValueSpecification","valueRequired":true,"valueName":"search_term_string"}}],"inLanguage":"de"},{"@type":"Organization","@id":"https:\/\/dev6.erresse-shop.it\/#organization","name":"Erresse Shop","url":"https:\/\/dev6.erresse-shop.it\/","logo":{"@type":"ImageObject","inLanguage":"de","@id":"https:\/\/dev6.erresse-shop.it\/#\/schema\/logo\/image\/","url":"https:\/\/dev6.erresse-shop.it\/wp-content\/uploads\/2025\/01\/LOGO-ERRESSE-CLASSICO.svg","contentUrl":"https:\/\/dev6.erresse-shop.it\/wp-content\/uploads\/2025\/01\/LOGO-ERRESSE-CLASSICO.svg","caption":"Erresse Shop"},"image":{"@id":"https:\/\/dev6.erresse-shop.it\/#\/schema\/logo\/image\/"}}]}},"df_price":39.9,"df_sale_price":"","df_regular_price":39.9,"df_image_link":"https:\/\/i0.wp.com\/interpim.erresse-shop.it\/img-catalogo\/villeroy\/villeroy-boch-christmas-classics-addobbo-stivale-7-cm.jpg?resize=300,300&ssl=1","fifu_image_url":"https:\/\/interpim.erresse-shop.it\/img-catalogo\/villeroy\/villeroy-boch-christmas-classics-addobbo-stivale-7-cm.jpg","_links":{"self":[{"href":"https:\/\/dev6.erresse-shop.it\/de\/wp-json\/wp\/v2\/product\/56125","targetHints":{"allow":["GET"]}}],"collection":[{"href":"https:\/\/dev6.erresse-shop.it\/de\/wp-json\/wp\/v2\/product"}],"about":[{"href":"https:\/\/dev6.erresse-shop.it\/de\/wp-json\/wp\/v2\/types\/product"}],"wp:featuredmedia":[{"embeddable":true,"href":"https:\/\/dev6.erresse-shop.it\/de\/wp-json\/wp\/v2\/media\/6370266"}],"wp:attachment":[{"href":"https:\/\/dev6.erresse-shop.it\/de\/wp-json\/wp\/v2\/media?parent=56125"}],"wp:term":[{"taxonomy":"product_cat","embeddable":true,"href":"https:\/\/dev6.erresse-shop.it\/de\/wp-json\/wp\/v2\/product_cat?post=56125"},{"taxonomy":"product_tag","embeddable":true,"href":"https:\/\/dev6.erresse-shop.it\/de\/wp-json\/wp\/v2\/product_tag?post=56125"}],"curies":[{"name":"wp","href":"https:\/\/api.w.org\/{rel}","templated":true}]}}