{"id":56090,"date":"2026-04-04T14:49:46","date_gmt":"2026-04-04T12:49:46","guid":{"rendered":"https:\/\/dev6.erresse-shop.it\/shop\/unkategorisiert\/jura-kaffeemaschine-ena-8-touch-full-nordic-white-einschliesslich-2-kg-kaffee\/"},"modified":"2026-01-29T19:18:36","modified_gmt":"2026-01-29T18:18:36","slug":"jura-kaffeemaschine-ena-8-touch-full-nordic-white-einschliesslich-2-kg-kaffee","status":"publish","type":"product","link":"https:\/\/dev6.erresse-shop.it\/de\/shop\/kleine-elektrogeraete\/kaffeemaschinen-espresso\/automatisch\/jura-kaffeemaschine-ena-8-touch-full-nordic-white-einschliesslich-2-kg-kaffee\/","title":{"rendered":"JURA Kaffeemaschine ENA 8 Touch Full Nordic White &#8211; einschlie\u00dflich 2 kg Kaffee"},"content":{"rendered":"<p>Die kleine Maschine mit gro\u00dfer Leistung<br \/>\nSie sind auf der Suche nach dem perfekten Kaffeegenuss, ohne viel Platz zu ben\u00f6tigen? Die kompakte ENA 8 ist mit Spitzentechnologien wie dem Professional Aroma Mahlwerk und der Feinaufsch\u00e4umtechnologie f\u00fcr die Zubereitung von erstklassigem Kaffee ausgestattet und kann mit der Zwei-Tassen-Funktion jetzt auch zwei Tassen gleichzeitig zubereiten zur gleichen Zeit. Mit seinen klaren Linien und stilvollen Akzenten ist es ein elegantes Designst\u00fcck im kleinen Format.<\/p>\n<p>Premium-Technologie<br \/>\nDie Professional Aroma Grinder erzielt eine gleichm\u00e4\u00dfigere Mahlung und verst\u00e4rkt das Kaffeearoma um 12,2 %, w\u00e4hrend die innovative Feinschaumtechnologie einen wunderbar leichten Milchschaum f\u00fcr trendige Milchspezialit\u00e4ten erzeugt. Dank der Zwei-Tassen-Funktion kann die ENA 8 jetzt auch zwei schwarze Kaffeespezialit\u00e4ten gleichzeitig zubereiten. Die ausgekl\u00fcgelte Reinigungsfunktion des Milchsystems garantiert T\u00dcV-zertifizierte Hygiene und tr\u00e4gt so zu stets perfekten Ergebnissen bei.<\/p>\n<p>Einfach unterhaltsam<br \/>\nDank des einfach zu bedienenden Touchscreen-Displays und der intuitiven Bedienung haben Sie 15 Spezialit\u00e4ten immer zur Hand. Die Milchsystem-Reinigungsfunktion l\u00e4sst sich per Knopfdruck starten und sorgt so stets f\u00fcr T\u00dcV-zertifizierte Hygiene. Sie k\u00f6nnen die Kaffeemaschine auch bequem von Ihrem Smartphone aus bedienen, denn dank WiFi-Technologie ist die ENA 8 auch mit J.O.E.\u00ae kompatibel.<\/p>\n<p>Gro\u00dfes Design, kleines Format<br \/>\nMit Abmessungen von nur 27,1 x 32,3 x 44,5 cm passt unsere kleinste Kaffeemaschine an jeden Ort, ohne Kompromisse bei der Leistung einzugehen. Trotz ihres kompakten Formats verk\u00f6rpert die ENA 8 sowohl in puncto Kaffee als auch im Design die einzigartige Qualit\u00e4t von JURA. Das minimalistische Design mit klaren Linien, hochwertigen Materialien und eleganten Akzenten, wie der verchromten Tassenablage und dem kristallklaren Wassertank mit Diamanteffekt, ist perfekt f\u00fcr alle, die guten Geschmack und guten Kaffee sch\u00e4tzen.<\/p>\n<p>MERKMALE\/SPEZIALIT\u00c4TEN<br \/>\nAnzahl Kaffeespezialit\u00e4ten 15<br \/>\n2,8-Zoll-Touchscreen-Farbdisplay<br \/>\nIndividuell programmierbare Wassermenge f\u00fcr Kaffee: Ja<br \/>\nIndividuell programmierbare Kaffeest\u00e4rke: 10 Stufen<br \/>\nIndividuell programmierbare Ausgabetemperatur: 3 Stufen<br \/>\nIndividuell programmierbare Milch-\/Milchschaummenge: Ja<br \/>\nIndividuell programmierbare Warmwassertemperatur: 3 Stufen<br \/>\nKompatibel mit J.O.E.\u00ae: Ja<br \/>\nWLAN-Verbindung zum Heimnetzwerk: Ja<\/p>\n<p>TECHNISCHE EIGENSCHAFTEN<br \/>\nDoppelauslauf in H\u00f6he und Breite verstellbar: 68 \u2013 138 mm \/ \u2013<br \/>\nH\u00f6henverstellbarer Hei\u00dfwasserauslauf: 70 \u2013 140 mm<br \/>\nWassertankinhalt: 1,1 l<br \/>\nInhalt des Bohnenbeh\u00e4lters: 125 g<br \/>\nKaffeesatzbeh\u00e4lter (ca. Portionen): 10<br \/>\nKabell\u00e4nge: 1,1 m<br \/>\nSpannung \/ Leistung: 230 V ~ \/ 1450 W<br \/>\nStromst\u00e4rke: 10 A<br \/>\nStand-by-Leistung: 0 W<br \/>\nGewicht: 9,4 kg<br \/>\nAbmessungen (B \u00d7 H \u00d7 T): 27,1 \u00d7 32,3 \u00d7 44,5 cm<\/p>\n<p>Herstellungsland: Hergestellt in Portugal<br \/>\nModelljahr 2022<\/p>\n","protected":false},"excerpt":{"rendered":"<p>Die kleine Maschine mit gro\u00dfer Leistung Sie sind auf der Suche nach dem perfekten Kaffeegenuss, ohne viel Platz zu ben\u00f6tigen? Die kompakte ENA 8 ist mit Spitzentechnologien wie dem Professional Aroma Mahlwerk und der Feinaufsch\u00e4umtechnologie f\u00fcr die Zubereitung von erstklassigem Kaffee ausgestattet und kann mit der Zwei-Tassen-Funktion jetzt auch zwei Tassen gleichzeitig zubereiten zur gleichen [&hellip;]<\/p>\n","protected":false},"featured_media":6298233,"template":"","meta":{"_acf_changed":false},"product_cat":[12184,12171,12163],"product_tag":[],"class_list":{"0":"post-56090","1":"product","2":"type-product","3":"status-publish","4":"has-post-thumbnail","6":"product_cat-automatisch","7":"product_cat-kaffeemaschinen-espresso","8":"product_cat-kleine-elektrogeraete","10":"first","11":"instock","12":"sale","13":"taxable","14":"shipping-taxable","15":"purchasable","16":"product-type-simple","swatches":"rey-swatches","show_selected":"","stretch_labels":"rey-swatches--stretch-labels"},"acf":[],"yoast_head":"<!-- This site is optimized with the Yoast SEO plugin v25.4 - https:\/\/yoast.com\/wordpress\/plugins\/seo\/ -->\n<title>JURA Kaffeemaschine ENA 8 Touch Full Nordic White &#8211; einschlie\u00dflich 2 kg Kaffee - dev6 Erresse<\/title>\n<meta name=\"description\" content=\"Die kleine Maschine mit gro\u00dfer Leistung Sie sind auf der Suche nach dem perfekten Kaffeegenuss, ohne viel Platz zu ben\u00f6tigen? Die kompakte ENA 8 ist mit\" \/>\n<meta name=\"robots\" content=\"noindex, follow, max-snippet:-1, max-image-preview:large, max-video-preview:-1\" \/>\n<meta property=\"og:locale\" content=\"de_DE\" \/>\n<meta property=\"og:type\" content=\"article\" \/>\n<meta property=\"og:title\" content=\"JURA Kaffeemaschine ENA 8 Touch Full Nordic White &#8211; einschlie\u00dflich 2 kg Kaffee - dev6 Erresse\" \/>\n<meta property=\"og:description\" content=\"Die kleine Maschine mit gro\u00dfer Leistung Sie sind auf der Suche nach dem perfekten Kaffeegenuss, ohne viel Platz zu ben\u00f6tigen? Die kompakte ENA 8 ist mit\" \/>\n<meta property=\"og:url\" content=\"https:\/\/dev6.erresse-shop.it\/de\/shop\/kleine-elektrogeraete\/kaffeemaschinen-espresso\/automatisch\/jura-kaffeemaschine-ena-8-touch-full-nordic-white-einschliesslich-2-kg-kaffee\/\" \/>\n<meta property=\"og:site_name\" content=\"dev6 Erresse\" \/>\n<meta property=\"og:image\" content=\"https:\/\/interpim.erresse-shop.it\/Import\/Prodotti\/jura-macchina-da-caffe-ena-8-touch-full-nordic-bianco-inclusi-2-kg-di-caffe-1.jpg\" \/><meta property=\"og:image\" content=\"https:\/\/interpim.erresse-shop.it\/Import\/Prodotti\/jura-macchina-da-caffe-ena-8-touch-full-nordic-bianco-inclusi-2-kg-di-caffe-1.jpg\" \/>\n\t<meta property=\"og:image:width\" content=\"1024\" \/>\n\t<meta property=\"og:image:height\" content=\"1024\" \/>\n\t<meta property=\"og:image:type\" content=\"image\/jpeg\" \/>\n<meta name=\"twitter:card\" content=\"summary_large_image\" \/>\n<meta name=\"twitter:image\" content=\"https:\/\/interpim.erresse-shop.it\/Import\/Prodotti\/jura-macchina-da-caffe-ena-8-touch-full-nordic-bianco-inclusi-2-kg-di-caffe-1.jpg\" \/>\n<script type=\"application\/ld+json\" class=\"yoast-schema-graph\">{\"@context\":\"https:\/\/schema.org\",\"@graph\":[{\"@type\":\"WebPage\",\"@id\":\"https:\/\/dev6.erresse-shop.it\/de\/shop\/kleine-elektrogeraete\/kaffeemaschinen-espresso\/automatisch\/jura-kaffeemaschine-ena-8-touch-full-nordic-white-einschliesslich-2-kg-kaffee\/\",\"url\":\"https:\/\/dev6.erresse-shop.it\/de\/shop\/kleine-elektrogeraete\/kaffeemaschinen-espresso\/automatisch\/jura-kaffeemaschine-ena-8-touch-full-nordic-white-einschliesslich-2-kg-kaffee\/\",\"name\":\"JURA Kaffeemaschine ENA 8 Touch Full Nordic White &#8211; einschlie\u00dflich 2 kg Kaffee - dev6 Erresse\",\"isPartOf\":{\"@id\":\"https:\/\/dev6.erresse-shop.it\/#website\"},\"primaryImageOfPage\":{\"@id\":\"https:\/\/dev6.erresse-shop.it\/de\/shop\/kleine-elektrogeraete\/kaffeemaschinen-espresso\/automatisch\/jura-kaffeemaschine-ena-8-touch-full-nordic-white-einschliesslich-2-kg-kaffee\/#primaryimage\"},\"image\":{\"@id\":\"https:\/\/dev6.erresse-shop.it\/de\/shop\/kleine-elektrogeraete\/kaffeemaschinen-espresso\/automatisch\/jura-kaffeemaschine-ena-8-touch-full-nordic-white-einschliesslich-2-kg-kaffee\/#primaryimage\"},\"thumbnailUrl\":\"https:\/\/i2.wp.com\/interpim.erresse-shop.it\/Import\/Prodotti\/jura-macchina-da-caffe-ena-8-touch-full-nordic-bianco-inclusi-2-kg-di-caffe-1.jpg?ssl=1\",\"datePublished\":\"2026-04-04T12:49:46+00:00\",\"description\":\"Die kleine Maschine mit gro\u00dfer Leistung Sie sind auf der Suche nach dem perfekten Kaffeegenuss, ohne viel Platz zu ben\u00f6tigen? Die kompakte ENA 8 ist mit\",\"breadcrumb\":{\"@id\":\"https:\/\/dev6.erresse-shop.it\/de\/shop\/kleine-elektrogeraete\/kaffeemaschinen-espresso\/automatisch\/jura-kaffeemaschine-ena-8-touch-full-nordic-white-einschliesslich-2-kg-kaffee\/#breadcrumb\"},\"inLanguage\":\"de\",\"potentialAction\":[{\"@type\":\"ReadAction\",\"target\":[\"https:\/\/dev6.erresse-shop.it\/de\/shop\/kleine-elektrogeraete\/kaffeemaschinen-espresso\/automatisch\/jura-kaffeemaschine-ena-8-touch-full-nordic-white-einschliesslich-2-kg-kaffee\/\"]}]},{\"@type\":\"ImageObject\",\"inLanguage\":\"de\",\"@id\":\"https:\/\/dev6.erresse-shop.it\/de\/shop\/kleine-elektrogeraete\/kaffeemaschinen-espresso\/automatisch\/jura-kaffeemaschine-ena-8-touch-full-nordic-white-einschliesslich-2-kg-kaffee\/#primaryimage\",\"url\":\"https:\/\/i2.wp.com\/interpim.erresse-shop.it\/Import\/Prodotti\/jura-macchina-da-caffe-ena-8-touch-full-nordic-bianco-inclusi-2-kg-di-caffe-1.jpg?ssl=1\",\"contentUrl\":\"https:\/\/i2.wp.com\/interpim.erresse-shop.it\/Import\/Prodotti\/jura-macchina-da-caffe-ena-8-touch-full-nordic-bianco-inclusi-2-kg-di-caffe-1.jpg?ssl=1\"},{\"@type\":\"BreadcrumbList\",\"@id\":\"https:\/\/dev6.erresse-shop.it\/de\/shop\/kleine-elektrogeraete\/kaffeemaschinen-espresso\/automatisch\/jura-kaffeemaschine-ena-8-touch-full-nordic-white-einschliesslich-2-kg-kaffee\/#breadcrumb\",\"itemListElement\":[{\"@type\":\"ListItem\",\"position\":1,\"name\":\"Home\",\"item\":\"https:\/\/dev6.erresse-shop.it\/\"},{\"@type\":\"ListItem\",\"position\":2,\"name\":\"Shop\",\"item\":\"https:\/\/dev6.erresse-shop.it\/shop\/\"},{\"@type\":\"ListItem\",\"position\":3,\"name\":\"JURA Kaffeemaschine ENA 8 Touch Full Nordic White &#8211; einschlie\u00dflich 2 kg Kaffee\"}]},{\"@type\":\"WebSite\",\"@id\":\"https:\/\/dev6.erresse-shop.it\/#website\",\"url\":\"https:\/\/dev6.erresse-shop.it\/\",\"name\":\"Erresse Shop\",\"description\":\"\",\"publisher\":{\"@id\":\"https:\/\/dev6.erresse-shop.it\/#organization\"},\"potentialAction\":[{\"@type\":\"SearchAction\",\"target\":{\"@type\":\"EntryPoint\",\"urlTemplate\":\"https:\/\/dev6.erresse-shop.it\/?s={search_term_string}\"},\"query-input\":{\"@type\":\"PropertyValueSpecification\",\"valueRequired\":true,\"valueName\":\"search_term_string\"}}],\"inLanguage\":\"de\"},{\"@type\":\"Organization\",\"@id\":\"https:\/\/dev6.erresse-shop.it\/#organization\",\"name\":\"Erresse Shop\",\"url\":\"https:\/\/dev6.erresse-shop.it\/\",\"logo\":{\"@type\":\"ImageObject\",\"inLanguage\":\"de\",\"@id\":\"https:\/\/dev6.erresse-shop.it\/#\/schema\/logo\/image\/\",\"url\":\"https:\/\/dev6.erresse-shop.it\/wp-content\/uploads\/2025\/01\/LOGO-ERRESSE-CLASSICO.svg\",\"contentUrl\":\"https:\/\/dev6.erresse-shop.it\/wp-content\/uploads\/2025\/01\/LOGO-ERRESSE-CLASSICO.svg\",\"caption\":\"Erresse Shop\"},\"image\":{\"@id\":\"https:\/\/dev6.erresse-shop.it\/#\/schema\/logo\/image\/\"}}]}<\/script>\n<!-- \/ Yoast SEO plugin. -->","yoast_head_json":{"title":"JURA Kaffeemaschine ENA 8 Touch Full Nordic White &#8211; einschlie\u00dflich 2 kg Kaffee - dev6 Erresse","description":"Die kleine Maschine mit gro\u00dfer Leistung Sie sind auf der Suche nach dem perfekten Kaffeegenuss, ohne viel Platz zu ben\u00f6tigen? Die kompakte ENA 8 ist mit","robots":{"index":"noindex","follow":"follow","max-snippet":"max-snippet:-1","max-image-preview":"max-image-preview:large","max-video-preview":"max-video-preview:-1"},"og_locale":"de_DE","og_type":"article","og_title":"JURA Kaffeemaschine ENA 8 Touch Full Nordic White &#8211; einschlie\u00dflich 2 kg Kaffee - dev6 Erresse","og_description":"Die kleine Maschine mit gro\u00dfer Leistung Sie sind auf der Suche nach dem perfekten Kaffeegenuss, ohne viel Platz zu ben\u00f6tigen? Die kompakte ENA 8 ist mit","og_url":"https:\/\/dev6.erresse-shop.it\/de\/shop\/kleine-elektrogeraete\/kaffeemaschinen-espresso\/automatisch\/jura-kaffeemaschine-ena-8-touch-full-nordic-white-einschliesslich-2-kg-kaffee\/","og_site_name":"dev6 Erresse","og_image":[{"url":"https:\/\/interpim.erresse-shop.it\/Import\/Prodotti\/jura-macchina-da-caffe-ena-8-touch-full-nordic-bianco-inclusi-2-kg-di-caffe-1.jpg","type":"","width":"","height":""},{"url":"https:\/\/interpim.erresse-shop.it\/Import\/Prodotti\/jura-macchina-da-caffe-ena-8-touch-full-nordic-bianco-inclusi-2-kg-di-caffe-1.jpg","width":1024,"height":1024,"type":"image\/jpeg"}],"twitter_card":"summary_large_image","twitter_image":"https:\/\/interpim.erresse-shop.it\/Import\/Prodotti\/jura-macchina-da-caffe-ena-8-touch-full-nordic-bianco-inclusi-2-kg-di-caffe-1.jpg","schema":{"@context":"https:\/\/schema.org","@graph":[{"@type":"WebPage","@id":"https:\/\/dev6.erresse-shop.it\/de\/shop\/kleine-elektrogeraete\/kaffeemaschinen-espresso\/automatisch\/jura-kaffeemaschine-ena-8-touch-full-nordic-white-einschliesslich-2-kg-kaffee\/","url":"https:\/\/dev6.erresse-shop.it\/de\/shop\/kleine-elektrogeraete\/kaffeemaschinen-espresso\/automatisch\/jura-kaffeemaschine-ena-8-touch-full-nordic-white-einschliesslich-2-kg-kaffee\/","name":"JURA Kaffeemaschine ENA 8 Touch Full Nordic White &#8211; einschlie\u00dflich 2 kg Kaffee - dev6 Erresse","isPartOf":{"@id":"https:\/\/dev6.erresse-shop.it\/#website"},"primaryImageOfPage":{"@id":"https:\/\/dev6.erresse-shop.it\/de\/shop\/kleine-elektrogeraete\/kaffeemaschinen-espresso\/automatisch\/jura-kaffeemaschine-ena-8-touch-full-nordic-white-einschliesslich-2-kg-kaffee\/#primaryimage"},"image":{"@id":"https:\/\/dev6.erresse-shop.it\/de\/shop\/kleine-elektrogeraete\/kaffeemaschinen-espresso\/automatisch\/jura-kaffeemaschine-ena-8-touch-full-nordic-white-einschliesslich-2-kg-kaffee\/#primaryimage"},"thumbnailUrl":"https:\/\/i2.wp.com\/interpim.erresse-shop.it\/Import\/Prodotti\/jura-macchina-da-caffe-ena-8-touch-full-nordic-bianco-inclusi-2-kg-di-caffe-1.jpg?ssl=1","datePublished":"2026-04-04T12:49:46+00:00","description":"Die kleine Maschine mit gro\u00dfer Leistung Sie sind auf der Suche nach dem perfekten Kaffeegenuss, ohne viel Platz zu ben\u00f6tigen? Die kompakte ENA 8 ist mit","breadcrumb":{"@id":"https:\/\/dev6.erresse-shop.it\/de\/shop\/kleine-elektrogeraete\/kaffeemaschinen-espresso\/automatisch\/jura-kaffeemaschine-ena-8-touch-full-nordic-white-einschliesslich-2-kg-kaffee\/#breadcrumb"},"inLanguage":"de","potentialAction":[{"@type":"ReadAction","target":["https:\/\/dev6.erresse-shop.it\/de\/shop\/kleine-elektrogeraete\/kaffeemaschinen-espresso\/automatisch\/jura-kaffeemaschine-ena-8-touch-full-nordic-white-einschliesslich-2-kg-kaffee\/"]}]},{"@type":"ImageObject","inLanguage":"de","@id":"https:\/\/dev6.erresse-shop.it\/de\/shop\/kleine-elektrogeraete\/kaffeemaschinen-espresso\/automatisch\/jura-kaffeemaschine-ena-8-touch-full-nordic-white-einschliesslich-2-kg-kaffee\/#primaryimage","url":"https:\/\/i2.wp.com\/interpim.erresse-shop.it\/Import\/Prodotti\/jura-macchina-da-caffe-ena-8-touch-full-nordic-bianco-inclusi-2-kg-di-caffe-1.jpg?ssl=1","contentUrl":"https:\/\/i2.wp.com\/interpim.erresse-shop.it\/Import\/Prodotti\/jura-macchina-da-caffe-ena-8-touch-full-nordic-bianco-inclusi-2-kg-di-caffe-1.jpg?ssl=1"},{"@type":"BreadcrumbList","@id":"https:\/\/dev6.erresse-shop.it\/de\/shop\/kleine-elektrogeraete\/kaffeemaschinen-espresso\/automatisch\/jura-kaffeemaschine-ena-8-touch-full-nordic-white-einschliesslich-2-kg-kaffee\/#breadcrumb","itemListElement":[{"@type":"ListItem","position":1,"name":"Home","item":"https:\/\/dev6.erresse-shop.it\/"},{"@type":"ListItem","position":2,"name":"Shop","item":"https:\/\/dev6.erresse-shop.it\/shop\/"},{"@type":"ListItem","position":3,"name":"JURA Kaffeemaschine ENA 8 Touch Full Nordic White &#8211; einschlie\u00dflich 2 kg Kaffee"}]},{"@type":"WebSite","@id":"https:\/\/dev6.erresse-shop.it\/#website","url":"https:\/\/dev6.erresse-shop.it\/","name":"Erresse Shop","description":"","publisher":{"@id":"https:\/\/dev6.erresse-shop.it\/#organization"},"potentialAction":[{"@type":"SearchAction","target":{"@type":"EntryPoint","urlTemplate":"https:\/\/dev6.erresse-shop.it\/?s={search_term_string}"},"query-input":{"@type":"PropertyValueSpecification","valueRequired":true,"valueName":"search_term_string"}}],"inLanguage":"de"},{"@type":"Organization","@id":"https:\/\/dev6.erresse-shop.it\/#organization","name":"Erresse Shop","url":"https:\/\/dev6.erresse-shop.it\/","logo":{"@type":"ImageObject","inLanguage":"de","@id":"https:\/\/dev6.erresse-shop.it\/#\/schema\/logo\/image\/","url":"https:\/\/dev6.erresse-shop.it\/wp-content\/uploads\/2025\/01\/LOGO-ERRESSE-CLASSICO.svg","contentUrl":"https:\/\/dev6.erresse-shop.it\/wp-content\/uploads\/2025\/01\/LOGO-ERRESSE-CLASSICO.svg","caption":"Erresse Shop"},"image":{"@id":"https:\/\/dev6.erresse-shop.it\/#\/schema\/logo\/image\/"}}]}},"df_price":929.95,"df_sale_price":929.95,"df_regular_price":1249,"df_image_link":"https:\/\/i2.wp.com\/interpim.erresse-shop.it\/Import\/Prodotti\/jura-macchina-da-caffe-ena-8-touch-full-nordic-bianco-inclusi-2-kg-di-caffe-1.jpg?resize=300,300&ssl=1","fifu_image_url":"https:\/\/interpim.erresse-shop.it\/Import\/Prodotti\/jura-macchina-da-caffe-ena-8-touch-full-nordic-bianco-inclusi-2-kg-di-caffe-1.jpg","_links":{"self":[{"href":"https:\/\/dev6.erresse-shop.it\/de\/wp-json\/wp\/v2\/product\/56090","targetHints":{"allow":["GET"]}}],"collection":[{"href":"https:\/\/dev6.erresse-shop.it\/de\/wp-json\/wp\/v2\/product"}],"about":[{"href":"https:\/\/dev6.erresse-shop.it\/de\/wp-json\/wp\/v2\/types\/product"}],"wp:featuredmedia":[{"embeddable":true,"href":"https:\/\/dev6.erresse-shop.it\/de\/wp-json\/wp\/v2\/media\/6298233"}],"wp:attachment":[{"href":"https:\/\/dev6.erresse-shop.it\/de\/wp-json\/wp\/v2\/media?parent=56090"}],"wp:term":[{"taxonomy":"product_cat","embeddable":true,"href":"https:\/\/dev6.erresse-shop.it\/de\/wp-json\/wp\/v2\/product_cat?post=56090"},{"taxonomy":"product_tag","embeddable":true,"href":"https:\/\/dev6.erresse-shop.it\/de\/wp-json\/wp\/v2\/product_tag?post=56090"}],"curies":[{"name":"wp","href":"https:\/\/api.w.org\/{rel}","templated":true}]}}