{"id":56088,"date":"2026-04-04T11:48:27","date_gmt":"2026-04-04T09:48:27","guid":{"rendered":"https:\/\/dev6.erresse-shop.it\/shop\/unkategorisiert\/jura-kaffeemaschine-c8-piano-black\/"},"modified":"2025-07-04T14:24:45","modified_gmt":"2025-07-04T12:24:45","slug":"jura-kaffeemaschine-c8-piano-black","status":"publish","type":"product","link":"https:\/\/dev6.erresse-shop.it\/de\/shop\/kleine-elektrogeraete\/kaffeemaschinen-espresso\/automatisch\/jura-kaffeemaschine-c8-piano-black\/","title":{"rendered":"JURA Kaffeemaschine C8 Piano Black"},"content":{"rendered":"<p>Kompaktes Format, unglaublicher Geschmack<\/p>\n<p>Der C8 repr\u00e4sentiert das neue Premium-Economy-Segment von JURA. Eine kompakte Maschine mit maximaler Leistung, gestaltet mit Stilelementen aus dem Premiumsegment f\u00fcr ein besonderes Kaffeeerlebnis.<\/p>\n<p>Meistern Sie mit einem minimalistischen Ansatz alle klassischen Spezialit\u00e4ten: Kaffee, Espresso, Cappuccino und Latte. Ausgestattet mit dem Professional Aroma Grinder (P.A.G.)-Mahlwerk garantiert es maximalen Geschmack. Mit dem C8 k\u00f6nnen Sie nicht nur die Kaffee- und Milchmenge, sondern auch die Intensit\u00e4t ganz einfach an Ihren Geschmack anpassen.<\/p>\n<p>Die beeindruckenden konvexen und konkaven Linien des C8 spiegeln optisch seine Premium-Segment-DNA wider. Das Easy Control-Bedienfeld und die unauff\u00e4lligen Tasten sorgen f\u00fcr eine einfache und intuitive Bedienung.<\/p>\n<p>Zusammen mit Wi-Fi Connect und der J.O.E.\u00ae-App kann der C8 per Smartphone oder Tablet bedient werden und verf\u00fcgt \u00fcber zahlreiche Extras, die das Benutzererlebnis auf die n\u00e4chste Stufe heben.<\/p>\n<p>Purer Genuss<br \/>\nDer C8 ist kompakt in der Gr\u00f6\u00dfe, serviert aber erstklassigen Kaffee. Dank der vollwertigen Br\u00fcheinheit mit variabler Br\u00fchkammer und Kapazit\u00e4ten von 5 bis 16 g f\u00e4ngt der C8 alle Kaffeearomen in einer einzigen Tasse ein. Das Pulse-Extraktionsverfahren (P.E.P.\u00ae) stellt sicher, dass jeder Espresso perfekt nach den Standards des Barista serviert wird, w\u00e4hrend Sie mit individuellen Einstellungen f\u00fcr Mahlgradkonsistenz sowie Wasser- und Milchmengen Ihre ganz pers\u00f6nliche Note hinzuf\u00fcgen k\u00f6nnen. Mit der Zwei-Tassen-Funktion k\u00f6nnen Sie zwei Tassen Espresso oder Kaffee gleichzeitig zubereiten \u2013 perfekt f\u00fcr gemeinsame Kaffeemomente.<\/p>\n<p>Feiner Milchschaum auf Knopfdruck<br \/>\nLuftiger Milchschaum l\u00e4sst den Geschmack eines Latte Macchiato durchscheinen oder rundet einen Cappuccino perfekt ab. Der C8 bereitet diese beiden Klassiker auf Knopfdruck mit frischem Milchschaum zu und bietet kompromisslose Qualit\u00e4t. Durch die Feinschaum-Technologie, die die Milch in zwei getrennten Kammern zweimal aufsch\u00e4umt, entsteht eine leichte Textur und ein Milchschaum der ganz besonderen Art.<\/p>\n<p>Anspruchsvolles und kompaktes Design<br \/>\nInspiriert von unserem Premium-Segment besticht der C8 durch ein raffiniertes und zeitloses Wellendesign: Geschwungene Strukturen pr\u00e4gen den Wassertank und heben den verchromten Tassengrill hervor. Der Schwung der Wellen setzt sich in der konvex-konkaven Front fort, die die Designsprache des C8 in einer kompakten Einheit fasst. Mit klarem Design und unkonventioneller Einfachheit erreicht der C8 beeindruckende Leistung in einem kompakten Formfaktor.<\/p>\n<p>Technische Daten<\/p>\n<p>Doppelauslauf in H\u00f6he und Breite verstellbar: 75 \u2013 115 mm \/ \u2013<br \/>\nWassertankinhalt: 1,6 l<br \/>\nKapazit\u00e4t des Kaffeebohnenbeh\u00e4lters: 200 g<br \/>\nKaffeesatzbeh\u00e4lter: (ca. Portionen) 16<br \/>\nKabell\u00e4nge: 1,1 m<br \/>\nSpannung \/ Leistung: 230 V ~ \/ 1450 W<br \/>\nStandby-Leistung: \u2264 0,5 W<br \/>\nGewicht: 10,3 kg<br \/>\nAbmessungen (B \u00d7 H \u00d7 T): 26\u2009\u00d7\u200932,5\u2009\u00d7\u200943,7 cm<\/p>\n<p>Produktionsland. Hergestellt in Portugal<br \/>\nModelljahr 2024<\/p>\n","protected":false},"excerpt":{"rendered":"<p>Kompaktes Format, unglaublicher Geschmack Der C8 repr\u00e4sentiert das neue Premium-Economy-Segment von JURA. Eine kompakte Maschine mit maximaler Leistung, gestaltet mit Stilelementen aus dem Premiumsegment f\u00fcr ein besonderes Kaffeeerlebnis. Meistern Sie mit einem minimalistischen Ansatz alle klassischen Spezialit\u00e4ten: Kaffee, Espresso, Cappuccino und Latte. Ausgestattet mit dem Professional Aroma Grinder (P.A.G.)-Mahlwerk garantiert es maximalen Geschmack. Mit dem [&hellip;]<\/p>\n","protected":false},"featured_media":6286918,"template":"","meta":{"_acf_changed":false},"product_cat":[12184,12171,12163],"product_tag":[],"class_list":{"0":"post-56088","1":"product","2":"type-product","3":"status-publish","4":"has-post-thumbnail","6":"product_cat-automatisch","7":"product_cat-kaffeemaschinen-espresso","8":"product_cat-kleine-elektrogeraete","10":"first","11":"instock","12":"taxable","13":"shipping-taxable","14":"product-type-simple","swatches":"rey-swatches","show_selected":"","stretch_labels":"rey-swatches--stretch-labels"},"acf":[],"yoast_head":"<!-- This site is optimized with the Yoast SEO plugin v25.4 - https:\/\/yoast.com\/wordpress\/plugins\/seo\/ -->\n<title>JURA Kaffeemaschine C8 Piano Black - dev6 Erresse<\/title>\n<meta name=\"description\" content=\"Kompaktes Format, unglaublicher Geschmack Der C8 repr\u00e4sentiert das neue Premium-Economy-Segment von JURA. Eine kompakte Maschine mit maximaler Leistung,\" \/>\n<meta name=\"robots\" content=\"noindex, follow, max-snippet:-1, max-image-preview:large, max-video-preview:-1\" \/>\n<meta property=\"og:locale\" content=\"de_DE\" \/>\n<meta property=\"og:type\" content=\"article\" \/>\n<meta property=\"og:title\" content=\"JURA Kaffeemaschine C8 Piano Black - dev6 Erresse\" \/>\n<meta property=\"og:description\" content=\"Kompaktes Format, unglaublicher Geschmack Der C8 repr\u00e4sentiert das neue Premium-Economy-Segment von JURA. Eine kompakte Maschine mit maximaler Leistung,\" \/>\n<meta property=\"og:url\" content=\"https:\/\/dev6.erresse-shop.it\/de\/shop\/kleine-elektrogeraete\/kaffeemaschinen-espresso\/automatisch\/jura-kaffeemaschine-c8-piano-black\/\" \/>\n<meta property=\"og:site_name\" content=\"dev6 Erresse\" \/>\n<meta property=\"og:image\" content=\"https:\/\/interpim.erresse-shop.it\/Import\/Prodotti\/jura-macchina-da-caffe-c8-piano-nero.jpg\" \/><meta property=\"og:image\" content=\"https:\/\/interpim.erresse-shop.it\/Import\/Prodotti\/jura-macchina-da-caffe-c8-piano-nero.jpg\" \/>\n\t<meta property=\"og:image:width\" content=\"1024\" \/>\n\t<meta property=\"og:image:height\" content=\"1024\" \/>\n\t<meta property=\"og:image:type\" content=\"image\/jpeg\" \/>\n<meta name=\"twitter:card\" content=\"summary_large_image\" \/>\n<meta name=\"twitter:image\" content=\"https:\/\/interpim.erresse-shop.it\/Import\/Prodotti\/jura-macchina-da-caffe-c8-piano-nero.jpg\" \/>\n<script type=\"application\/ld+json\" class=\"yoast-schema-graph\">{\"@context\":\"https:\/\/schema.org\",\"@graph\":[{\"@type\":\"WebPage\",\"@id\":\"https:\/\/dev6.erresse-shop.it\/de\/shop\/kleine-elektrogeraete\/kaffeemaschinen-espresso\/automatisch\/jura-kaffeemaschine-c8-piano-black\/\",\"url\":\"https:\/\/dev6.erresse-shop.it\/de\/shop\/kleine-elektrogeraete\/kaffeemaschinen-espresso\/automatisch\/jura-kaffeemaschine-c8-piano-black\/\",\"name\":\"JURA Kaffeemaschine C8 Piano Black - dev6 Erresse\",\"isPartOf\":{\"@id\":\"https:\/\/dev6.erresse-shop.it\/#website\"},\"primaryImageOfPage\":{\"@id\":\"https:\/\/dev6.erresse-shop.it\/de\/shop\/kleine-elektrogeraete\/kaffeemaschinen-espresso\/automatisch\/jura-kaffeemaschine-c8-piano-black\/#primaryimage\"},\"image\":{\"@id\":\"https:\/\/dev6.erresse-shop.it\/de\/shop\/kleine-elektrogeraete\/kaffeemaschinen-espresso\/automatisch\/jura-kaffeemaschine-c8-piano-black\/#primaryimage\"},\"thumbnailUrl\":\"https:\/\/i2.wp.com\/interpim.erresse-shop.it\/Import\/Prodotti\/jura-macchina-da-caffe-c8-piano-nero.jpg?ssl=1\",\"datePublished\":\"2026-04-04T09:48:27+00:00\",\"description\":\"Kompaktes Format, unglaublicher Geschmack Der C8 repr\u00e4sentiert das neue Premium-Economy-Segment von JURA. Eine kompakte Maschine mit maximaler Leistung,\",\"breadcrumb\":{\"@id\":\"https:\/\/dev6.erresse-shop.it\/de\/shop\/kleine-elektrogeraete\/kaffeemaschinen-espresso\/automatisch\/jura-kaffeemaschine-c8-piano-black\/#breadcrumb\"},\"inLanguage\":\"de\",\"potentialAction\":[{\"@type\":\"ReadAction\",\"target\":[\"https:\/\/dev6.erresse-shop.it\/de\/shop\/kleine-elektrogeraete\/kaffeemaschinen-espresso\/automatisch\/jura-kaffeemaschine-c8-piano-black\/\"]}]},{\"@type\":\"ImageObject\",\"inLanguage\":\"de\",\"@id\":\"https:\/\/dev6.erresse-shop.it\/de\/shop\/kleine-elektrogeraete\/kaffeemaschinen-espresso\/automatisch\/jura-kaffeemaschine-c8-piano-black\/#primaryimage\",\"url\":\"https:\/\/i2.wp.com\/interpim.erresse-shop.it\/Import\/Prodotti\/jura-macchina-da-caffe-c8-piano-nero.jpg?ssl=1\",\"contentUrl\":\"https:\/\/i2.wp.com\/interpim.erresse-shop.it\/Import\/Prodotti\/jura-macchina-da-caffe-c8-piano-nero.jpg?ssl=1\"},{\"@type\":\"BreadcrumbList\",\"@id\":\"https:\/\/dev6.erresse-shop.it\/de\/shop\/kleine-elektrogeraete\/kaffeemaschinen-espresso\/automatisch\/jura-kaffeemaschine-c8-piano-black\/#breadcrumb\",\"itemListElement\":[{\"@type\":\"ListItem\",\"position\":1,\"name\":\"Home\",\"item\":\"https:\/\/dev6.erresse-shop.it\/\"},{\"@type\":\"ListItem\",\"position\":2,\"name\":\"Shop\",\"item\":\"https:\/\/dev6.erresse-shop.it\/shop\/\"},{\"@type\":\"ListItem\",\"position\":3,\"name\":\"JURA Kaffeemaschine C8 Piano Black\"}]},{\"@type\":\"WebSite\",\"@id\":\"https:\/\/dev6.erresse-shop.it\/#website\",\"url\":\"https:\/\/dev6.erresse-shop.it\/\",\"name\":\"Erresse Shop\",\"description\":\"\",\"publisher\":{\"@id\":\"https:\/\/dev6.erresse-shop.it\/#organization\"},\"potentialAction\":[{\"@type\":\"SearchAction\",\"target\":{\"@type\":\"EntryPoint\",\"urlTemplate\":\"https:\/\/dev6.erresse-shop.it\/?s={search_term_string}\"},\"query-input\":{\"@type\":\"PropertyValueSpecification\",\"valueRequired\":true,\"valueName\":\"search_term_string\"}}],\"inLanguage\":\"de\"},{\"@type\":\"Organization\",\"@id\":\"https:\/\/dev6.erresse-shop.it\/#organization\",\"name\":\"Erresse Shop\",\"url\":\"https:\/\/dev6.erresse-shop.it\/\",\"logo\":{\"@type\":\"ImageObject\",\"inLanguage\":\"de\",\"@id\":\"https:\/\/dev6.erresse-shop.it\/#\/schema\/logo\/image\/\",\"url\":\"https:\/\/dev6.erresse-shop.it\/wp-content\/uploads\/2025\/01\/LOGO-ERRESSE-CLASSICO.svg\",\"contentUrl\":\"https:\/\/dev6.erresse-shop.it\/wp-content\/uploads\/2025\/01\/LOGO-ERRESSE-CLASSICO.svg\",\"caption\":\"Erresse Shop\"},\"image\":{\"@id\":\"https:\/\/dev6.erresse-shop.it\/#\/schema\/logo\/image\/\"}}]}<\/script>\n<!-- \/ Yoast SEO plugin. -->","yoast_head_json":{"title":"JURA Kaffeemaschine C8 Piano Black - dev6 Erresse","description":"Kompaktes Format, unglaublicher Geschmack Der C8 repr\u00e4sentiert das neue Premium-Economy-Segment von JURA. Eine kompakte Maschine mit maximaler Leistung,","robots":{"index":"noindex","follow":"follow","max-snippet":"max-snippet:-1","max-image-preview":"max-image-preview:large","max-video-preview":"max-video-preview:-1"},"og_locale":"de_DE","og_type":"article","og_title":"JURA Kaffeemaschine C8 Piano Black - dev6 Erresse","og_description":"Kompaktes Format, unglaublicher Geschmack Der C8 repr\u00e4sentiert das neue Premium-Economy-Segment von JURA. Eine kompakte Maschine mit maximaler Leistung,","og_url":"https:\/\/dev6.erresse-shop.it\/de\/shop\/kleine-elektrogeraete\/kaffeemaschinen-espresso\/automatisch\/jura-kaffeemaschine-c8-piano-black\/","og_site_name":"dev6 Erresse","og_image":[{"url":"https:\/\/interpim.erresse-shop.it\/Import\/Prodotti\/jura-macchina-da-caffe-c8-piano-nero.jpg","type":"","width":"","height":""},{"url":"https:\/\/interpim.erresse-shop.it\/Import\/Prodotti\/jura-macchina-da-caffe-c8-piano-nero.jpg","width":1024,"height":1024,"type":"image\/jpeg"}],"twitter_card":"summary_large_image","twitter_image":"https:\/\/interpim.erresse-shop.it\/Import\/Prodotti\/jura-macchina-da-caffe-c8-piano-nero.jpg","schema":{"@context":"https:\/\/schema.org","@graph":[{"@type":"WebPage","@id":"https:\/\/dev6.erresse-shop.it\/de\/shop\/kleine-elektrogeraete\/kaffeemaschinen-espresso\/automatisch\/jura-kaffeemaschine-c8-piano-black\/","url":"https:\/\/dev6.erresse-shop.it\/de\/shop\/kleine-elektrogeraete\/kaffeemaschinen-espresso\/automatisch\/jura-kaffeemaschine-c8-piano-black\/","name":"JURA Kaffeemaschine C8 Piano Black - dev6 Erresse","isPartOf":{"@id":"https:\/\/dev6.erresse-shop.it\/#website"},"primaryImageOfPage":{"@id":"https:\/\/dev6.erresse-shop.it\/de\/shop\/kleine-elektrogeraete\/kaffeemaschinen-espresso\/automatisch\/jura-kaffeemaschine-c8-piano-black\/#primaryimage"},"image":{"@id":"https:\/\/dev6.erresse-shop.it\/de\/shop\/kleine-elektrogeraete\/kaffeemaschinen-espresso\/automatisch\/jura-kaffeemaschine-c8-piano-black\/#primaryimage"},"thumbnailUrl":"https:\/\/i2.wp.com\/interpim.erresse-shop.it\/Import\/Prodotti\/jura-macchina-da-caffe-c8-piano-nero.jpg?ssl=1","datePublished":"2026-04-04T09:48:27+00:00","description":"Kompaktes Format, unglaublicher Geschmack Der C8 repr\u00e4sentiert das neue Premium-Economy-Segment von JURA. Eine kompakte Maschine mit maximaler Leistung,","breadcrumb":{"@id":"https:\/\/dev6.erresse-shop.it\/de\/shop\/kleine-elektrogeraete\/kaffeemaschinen-espresso\/automatisch\/jura-kaffeemaschine-c8-piano-black\/#breadcrumb"},"inLanguage":"de","potentialAction":[{"@type":"ReadAction","target":["https:\/\/dev6.erresse-shop.it\/de\/shop\/kleine-elektrogeraete\/kaffeemaschinen-espresso\/automatisch\/jura-kaffeemaschine-c8-piano-black\/"]}]},{"@type":"ImageObject","inLanguage":"de","@id":"https:\/\/dev6.erresse-shop.it\/de\/shop\/kleine-elektrogeraete\/kaffeemaschinen-espresso\/automatisch\/jura-kaffeemaschine-c8-piano-black\/#primaryimage","url":"https:\/\/i2.wp.com\/interpim.erresse-shop.it\/Import\/Prodotti\/jura-macchina-da-caffe-c8-piano-nero.jpg?ssl=1","contentUrl":"https:\/\/i2.wp.com\/interpim.erresse-shop.it\/Import\/Prodotti\/jura-macchina-da-caffe-c8-piano-nero.jpg?ssl=1"},{"@type":"BreadcrumbList","@id":"https:\/\/dev6.erresse-shop.it\/de\/shop\/kleine-elektrogeraete\/kaffeemaschinen-espresso\/automatisch\/jura-kaffeemaschine-c8-piano-black\/#breadcrumb","itemListElement":[{"@type":"ListItem","position":1,"name":"Home","item":"https:\/\/dev6.erresse-shop.it\/"},{"@type":"ListItem","position":2,"name":"Shop","item":"https:\/\/dev6.erresse-shop.it\/shop\/"},{"@type":"ListItem","position":3,"name":"JURA Kaffeemaschine C8 Piano Black"}]},{"@type":"WebSite","@id":"https:\/\/dev6.erresse-shop.it\/#website","url":"https:\/\/dev6.erresse-shop.it\/","name":"Erresse Shop","description":"","publisher":{"@id":"https:\/\/dev6.erresse-shop.it\/#organization"},"potentialAction":[{"@type":"SearchAction","target":{"@type":"EntryPoint","urlTemplate":"https:\/\/dev6.erresse-shop.it\/?s={search_term_string}"},"query-input":{"@type":"PropertyValueSpecification","valueRequired":true,"valueName":"search_term_string"}}],"inLanguage":"de"},{"@type":"Organization","@id":"https:\/\/dev6.erresse-shop.it\/#organization","name":"Erresse Shop","url":"https:\/\/dev6.erresse-shop.it\/","logo":{"@type":"ImageObject","inLanguage":"de","@id":"https:\/\/dev6.erresse-shop.it\/#\/schema\/logo\/image\/","url":"https:\/\/dev6.erresse-shop.it\/wp-content\/uploads\/2025\/01\/LOGO-ERRESSE-CLASSICO.svg","contentUrl":"https:\/\/dev6.erresse-shop.it\/wp-content\/uploads\/2025\/01\/LOGO-ERRESSE-CLASSICO.svg","caption":"Erresse Shop"},"image":{"@id":"https:\/\/dev6.erresse-shop.it\/#\/schema\/logo\/image\/"}}]}},"df_price":"","df_sale_price":"","df_regular_price":"","df_image_link":"https:\/\/i2.wp.com\/interpim.erresse-shop.it\/Import\/Prodotti\/jura-macchina-da-caffe-c8-piano-nero.jpg?resize=300,300&ssl=1","fifu_image_url":"https:\/\/interpim.erresse-shop.it\/Import\/Prodotti\/jura-macchina-da-caffe-c8-piano-nero.jpg","_links":{"self":[{"href":"https:\/\/dev6.erresse-shop.it\/de\/wp-json\/wp\/v2\/product\/56088","targetHints":{"allow":["GET"]}}],"collection":[{"href":"https:\/\/dev6.erresse-shop.it\/de\/wp-json\/wp\/v2\/product"}],"about":[{"href":"https:\/\/dev6.erresse-shop.it\/de\/wp-json\/wp\/v2\/types\/product"}],"wp:featuredmedia":[{"embeddable":true,"href":"https:\/\/dev6.erresse-shop.it\/de\/wp-json\/wp\/v2\/media\/6286918"}],"wp:attachment":[{"href":"https:\/\/dev6.erresse-shop.it\/de\/wp-json\/wp\/v2\/media?parent=56088"}],"wp:term":[{"taxonomy":"product_cat","embeddable":true,"href":"https:\/\/dev6.erresse-shop.it\/de\/wp-json\/wp\/v2\/product_cat?post=56088"},{"taxonomy":"product_tag","embeddable":true,"href":"https:\/\/dev6.erresse-shop.it\/de\/wp-json\/wp\/v2\/product_tag?post=56088"}],"curies":[{"name":"wp","href":"https:\/\/api.w.org\/{rel}","templated":true}]}}