{"id":56084,"date":"2026-04-12T11:51:10","date_gmt":"2026-04-12T09:51:10","guid":{"rendered":"https:\/\/dev6.erresse-shop.it\/shop\/unkategorisiert\/staub-cocotte-artischocke-basilikum-13-cm\/"},"modified":"2025-09-14T02:20:43","modified_gmt":"2025-09-14T00:20:43","slug":"staub-cocotte-artischocke-basilikum-13-cm","status":"publish","type":"product","link":"https:\/\/dev6.erresse-shop.it\/de\/shop\/toepfe-pfannen\/schalldaempfer-und-kokotten\/staub-cocotte-artischocke-basilikum-13-cm\/","title":{"rendered":"STAUB Cocotte Artischocke Basilikum 13 cm"},"content":{"rendered":"<p>Mit Wurzeln im kulinarischen Erbe Frankreichs ist Staub eine Marke, die Profis und Hobbyk\u00f6che wegen ihrer hochwertigen Verarbeitung, au\u00dfergew\u00f6hnlichen Leistung und zeitlosen Sch\u00f6nheit lieben. Mit ihrer wundersch\u00f6nen, Basilikum-farbenen Porzellan-Emaille-Oberfl\u00e4che und dem aufwendigen Artischocken-Design ist die kleine Artischocken-Kokotte mit 4,7 l Fassungsverm\u00f6gen eine entz\u00fcckende Erg\u00e4nzung f\u00fcr Ihren Fr\u00fchlingstisch. Servieren Sie scharfe So\u00dfen, frische So\u00dfen und herzhafte Cremes mit Stil. Eine Artischockensauce ganz einfach auf demselben Teller zubereiten und servieren: Diese attraktive Keramikschale eignet sich auch perfekt zum Pr\u00e4sentieren Ihrer Gerichte. Keramik verteilt die Hitze gleichm\u00e4\u00dfig und sorgt f\u00fcr perfekt gegarte Gerichte. Meistens verhindert die Porzellanemailschicht die Feuchtigkeitsaufnahme beim Kochen, sodass die Speisen nicht austrocknen. Diese entz\u00fcckende Artischocke kommt elegant und m\u00fchelos vom Ofen auf den Tisch. Es ist ein unvergessliches Geschenk f\u00fcr Gem\u00fcseliebhaber, diejenigen, die oft auf den Bio-Markt gehen und diejenigen, die einen Hausgarten haben.<\/p>\n<p>K\u00fcnstlerisches Artischocken-Design \u2013 inspiriert von der Natur<br \/>\nTraditionelle Handwerkskunst kombiniert mit h\u00f6chster Qualit\u00e4t, handgefertigt<br \/>\nEleganter und einzigartiger Service<br \/>\nAus Steinzeug: ideal f\u00fcr authentisches Kochen und leckere Ergebnisse<br \/>\nEs kann im Backofen und in der Mikrowelle verwendet werden<br \/>\nMit Deckel, sicher im Gefrierschrank<br \/>\nSp\u00fclmaschinenfest<\/p>\n<p>Marke: Staub<br \/>\nMaterial: Keramik<br \/>\nFarbe: Basilikum<br \/>\nAbmessungen: 17 x 13 x 11,50<br \/>\nGewicht: 0,69 kg<\/p>\n","protected":false},"excerpt":{"rendered":"<p>Mit Wurzeln im kulinarischen Erbe Frankreichs ist Staub eine Marke, die Profis und Hobbyk\u00f6che wegen ihrer hochwertigen Verarbeitung, au\u00dfergew\u00f6hnlichen Leistung und zeitlosen Sch\u00f6nheit lieben. Mit ihrer wundersch\u00f6nen, Basilikum-farbenen Porzellan-Emaille-Oberfl\u00e4che und dem aufwendigen Artischocken-Design ist die kleine Artischocken-Kokotte mit 4,7 l Fassungsverm\u00f6gen eine entz\u00fcckende Erg\u00e4nzung f\u00fcr Ihren Fr\u00fchlingstisch. Servieren Sie scharfe So\u00dfen, frische So\u00dfen und herzhafte [&hellip;]<\/p>\n","protected":false},"featured_media":6370171,"template":"","meta":{"_acf_changed":false},"product_cat":[11667,12108,12099],"product_tag":[],"class_list":{"0":"post-56084","1":"product","2":"type-product","3":"status-publish","4":"has-post-thumbnail","6":"product_cat-padelle-pentole","7":"product_cat-schalldaempfer-und-kokotten","8":"product_cat-toepfe-pfannen","10":"first","11":"instock","12":"taxable","13":"shipping-taxable","14":"purchasable","15":"product-type-simple","swatches":"rey-swatches","show_selected":"","stretch_labels":"rey-swatches--stretch-labels"},"acf":[],"yoast_head":"<!-- This site is optimized with the Yoast SEO plugin v25.4 - https:\/\/yoast.com\/wordpress\/plugins\/seo\/ -->\n<title>STAUB Cocotte Artischocke Basilikum 13 cm - dev6 Erresse<\/title>\n<meta name=\"description\" content=\"Mit Wurzeln im kulinarischen Erbe Frankreichs ist Staub eine Marke, die Profis und Hobbyk\u00f6che wegen ihrer hochwertigen Verarbeitung, au\u00dfergew\u00f6hnlichen\" \/>\n<meta name=\"robots\" content=\"noindex, follow, max-snippet:-1, max-image-preview:large, max-video-preview:-1\" \/>\n<meta property=\"og:locale\" content=\"de_DE\" \/>\n<meta property=\"og:type\" content=\"article\" \/>\n<meta property=\"og:title\" content=\"STAUB Cocotte Artischocke Basilikum 13 cm - dev6 Erresse\" \/>\n<meta property=\"og:description\" content=\"Mit Wurzeln im kulinarischen Erbe Frankreichs ist Staub eine Marke, die Profis und Hobbyk\u00f6che wegen ihrer hochwertigen Verarbeitung, au\u00dfergew\u00f6hnlichen\" \/>\n<meta property=\"og:url\" content=\"https:\/\/dev6.erresse-shop.it\/de\/shop\/toepfe-pfannen\/schalldaempfer-und-kokotten\/staub-cocotte-artischocke-basilikum-13-cm\/\" \/>\n<meta property=\"og:site_name\" content=\"dev6 Erresse\" \/>\n<meta property=\"og:image\" content=\"https:\/\/interpim.erresse-shop.it\/img-catalogo\/staub\/staub-cocotte-carciofo-basilico-13-cm.jpg\" \/><meta property=\"og:image\" content=\"https:\/\/interpim.erresse-shop.it\/img-catalogo\/staub\/staub-cocotte-carciofo-basilico-13-cm.jpg\" \/>\n\t<meta property=\"og:image:width\" content=\"1024\" \/>\n\t<meta property=\"og:image:height\" content=\"1024\" \/>\n\t<meta property=\"og:image:type\" content=\"image\/jpeg\" \/>\n<meta name=\"twitter:card\" content=\"summary_large_image\" \/>\n<meta name=\"twitter:image\" content=\"https:\/\/interpim.erresse-shop.it\/img-catalogo\/staub\/staub-cocotte-carciofo-basilico-13-cm.jpg\" \/>\n<script type=\"application\/ld+json\" class=\"yoast-schema-graph\">{\"@context\":\"https:\/\/schema.org\",\"@graph\":[{\"@type\":\"WebPage\",\"@id\":\"https:\/\/dev6.erresse-shop.it\/de\/shop\/toepfe-pfannen\/schalldaempfer-und-kokotten\/staub-cocotte-artischocke-basilikum-13-cm\/\",\"url\":\"https:\/\/dev6.erresse-shop.it\/de\/shop\/toepfe-pfannen\/schalldaempfer-und-kokotten\/staub-cocotte-artischocke-basilikum-13-cm\/\",\"name\":\"STAUB Cocotte Artischocke Basilikum 13 cm - dev6 Erresse\",\"isPartOf\":{\"@id\":\"https:\/\/dev6.erresse-shop.it\/#website\"},\"primaryImageOfPage\":{\"@id\":\"https:\/\/dev6.erresse-shop.it\/de\/shop\/toepfe-pfannen\/schalldaempfer-und-kokotten\/staub-cocotte-artischocke-basilikum-13-cm\/#primaryimage\"},\"image\":{\"@id\":\"https:\/\/dev6.erresse-shop.it\/de\/shop\/toepfe-pfannen\/schalldaempfer-und-kokotten\/staub-cocotte-artischocke-basilikum-13-cm\/#primaryimage\"},\"thumbnailUrl\":\"https:\/\/i1.wp.com\/interpim.erresse-shop.it\/img-catalogo\/staub\/staub-cocotte-carciofo-basilico-13-cm.jpg?ssl=1\",\"datePublished\":\"2026-04-12T09:51:10+00:00\",\"description\":\"Mit Wurzeln im kulinarischen Erbe Frankreichs ist Staub eine Marke, die Profis und Hobbyk\u00f6che wegen ihrer hochwertigen Verarbeitung, au\u00dfergew\u00f6hnlichen\",\"breadcrumb\":{\"@id\":\"https:\/\/dev6.erresse-shop.it\/de\/shop\/toepfe-pfannen\/schalldaempfer-und-kokotten\/staub-cocotte-artischocke-basilikum-13-cm\/#breadcrumb\"},\"inLanguage\":\"de\",\"potentialAction\":[{\"@type\":\"ReadAction\",\"target\":[\"https:\/\/dev6.erresse-shop.it\/de\/shop\/toepfe-pfannen\/schalldaempfer-und-kokotten\/staub-cocotte-artischocke-basilikum-13-cm\/\"]}]},{\"@type\":\"ImageObject\",\"inLanguage\":\"de\",\"@id\":\"https:\/\/dev6.erresse-shop.it\/de\/shop\/toepfe-pfannen\/schalldaempfer-und-kokotten\/staub-cocotte-artischocke-basilikum-13-cm\/#primaryimage\",\"url\":\"https:\/\/i1.wp.com\/interpim.erresse-shop.it\/img-catalogo\/staub\/staub-cocotte-carciofo-basilico-13-cm.jpg?ssl=1\",\"contentUrl\":\"https:\/\/i1.wp.com\/interpim.erresse-shop.it\/img-catalogo\/staub\/staub-cocotte-carciofo-basilico-13-cm.jpg?ssl=1\"},{\"@type\":\"BreadcrumbList\",\"@id\":\"https:\/\/dev6.erresse-shop.it\/de\/shop\/toepfe-pfannen\/schalldaempfer-und-kokotten\/staub-cocotte-artischocke-basilikum-13-cm\/#breadcrumb\",\"itemListElement\":[{\"@type\":\"ListItem\",\"position\":1,\"name\":\"Home\",\"item\":\"https:\/\/dev6.erresse-shop.it\/\"},{\"@type\":\"ListItem\",\"position\":2,\"name\":\"Shop\",\"item\":\"https:\/\/dev6.erresse-shop.it\/shop\/\"},{\"@type\":\"ListItem\",\"position\":3,\"name\":\"STAUB Cocotte Artischocke Basilikum 13 cm\"}]},{\"@type\":\"WebSite\",\"@id\":\"https:\/\/dev6.erresse-shop.it\/#website\",\"url\":\"https:\/\/dev6.erresse-shop.it\/\",\"name\":\"Erresse Shop\",\"description\":\"\",\"publisher\":{\"@id\":\"https:\/\/dev6.erresse-shop.it\/#organization\"},\"potentialAction\":[{\"@type\":\"SearchAction\",\"target\":{\"@type\":\"EntryPoint\",\"urlTemplate\":\"https:\/\/dev6.erresse-shop.it\/?s={search_term_string}\"},\"query-input\":{\"@type\":\"PropertyValueSpecification\",\"valueRequired\":true,\"valueName\":\"search_term_string\"}}],\"inLanguage\":\"de\"},{\"@type\":\"Organization\",\"@id\":\"https:\/\/dev6.erresse-shop.it\/#organization\",\"name\":\"Erresse Shop\",\"url\":\"https:\/\/dev6.erresse-shop.it\/\",\"logo\":{\"@type\":\"ImageObject\",\"inLanguage\":\"de\",\"@id\":\"https:\/\/dev6.erresse-shop.it\/#\/schema\/logo\/image\/\",\"url\":\"https:\/\/dev6.erresse-shop.it\/wp-content\/uploads\/2025\/01\/LOGO-ERRESSE-CLASSICO.svg\",\"contentUrl\":\"https:\/\/dev6.erresse-shop.it\/wp-content\/uploads\/2025\/01\/LOGO-ERRESSE-CLASSICO.svg\",\"caption\":\"Erresse Shop\"},\"image\":{\"@id\":\"https:\/\/dev6.erresse-shop.it\/#\/schema\/logo\/image\/\"}}]}<\/script>\n<!-- \/ Yoast SEO plugin. -->","yoast_head_json":{"title":"STAUB Cocotte Artischocke Basilikum 13 cm - dev6 Erresse","description":"Mit Wurzeln im kulinarischen Erbe Frankreichs ist Staub eine Marke, die Profis und Hobbyk\u00f6che wegen ihrer hochwertigen Verarbeitung, au\u00dfergew\u00f6hnlichen","robots":{"index":"noindex","follow":"follow","max-snippet":"max-snippet:-1","max-image-preview":"max-image-preview:large","max-video-preview":"max-video-preview:-1"},"og_locale":"de_DE","og_type":"article","og_title":"STAUB Cocotte Artischocke Basilikum 13 cm - dev6 Erresse","og_description":"Mit Wurzeln im kulinarischen Erbe Frankreichs ist Staub eine Marke, die Profis und Hobbyk\u00f6che wegen ihrer hochwertigen Verarbeitung, au\u00dfergew\u00f6hnlichen","og_url":"https:\/\/dev6.erresse-shop.it\/de\/shop\/toepfe-pfannen\/schalldaempfer-und-kokotten\/staub-cocotte-artischocke-basilikum-13-cm\/","og_site_name":"dev6 Erresse","og_image":[{"url":"https:\/\/interpim.erresse-shop.it\/img-catalogo\/staub\/staub-cocotte-carciofo-basilico-13-cm.jpg","type":"","width":"","height":""},{"url":"https:\/\/interpim.erresse-shop.it\/img-catalogo\/staub\/staub-cocotte-carciofo-basilico-13-cm.jpg","width":1024,"height":1024,"type":"image\/jpeg"}],"twitter_card":"summary_large_image","twitter_image":"https:\/\/interpim.erresse-shop.it\/img-catalogo\/staub\/staub-cocotte-carciofo-basilico-13-cm.jpg","schema":{"@context":"https:\/\/schema.org","@graph":[{"@type":"WebPage","@id":"https:\/\/dev6.erresse-shop.it\/de\/shop\/toepfe-pfannen\/schalldaempfer-und-kokotten\/staub-cocotte-artischocke-basilikum-13-cm\/","url":"https:\/\/dev6.erresse-shop.it\/de\/shop\/toepfe-pfannen\/schalldaempfer-und-kokotten\/staub-cocotte-artischocke-basilikum-13-cm\/","name":"STAUB Cocotte Artischocke Basilikum 13 cm - dev6 Erresse","isPartOf":{"@id":"https:\/\/dev6.erresse-shop.it\/#website"},"primaryImageOfPage":{"@id":"https:\/\/dev6.erresse-shop.it\/de\/shop\/toepfe-pfannen\/schalldaempfer-und-kokotten\/staub-cocotte-artischocke-basilikum-13-cm\/#primaryimage"},"image":{"@id":"https:\/\/dev6.erresse-shop.it\/de\/shop\/toepfe-pfannen\/schalldaempfer-und-kokotten\/staub-cocotte-artischocke-basilikum-13-cm\/#primaryimage"},"thumbnailUrl":"https:\/\/i1.wp.com\/interpim.erresse-shop.it\/img-catalogo\/staub\/staub-cocotte-carciofo-basilico-13-cm.jpg?ssl=1","datePublished":"2026-04-12T09:51:10+00:00","description":"Mit Wurzeln im kulinarischen Erbe Frankreichs ist Staub eine Marke, die Profis und Hobbyk\u00f6che wegen ihrer hochwertigen Verarbeitung, au\u00dfergew\u00f6hnlichen","breadcrumb":{"@id":"https:\/\/dev6.erresse-shop.it\/de\/shop\/toepfe-pfannen\/schalldaempfer-und-kokotten\/staub-cocotte-artischocke-basilikum-13-cm\/#breadcrumb"},"inLanguage":"de","potentialAction":[{"@type":"ReadAction","target":["https:\/\/dev6.erresse-shop.it\/de\/shop\/toepfe-pfannen\/schalldaempfer-und-kokotten\/staub-cocotte-artischocke-basilikum-13-cm\/"]}]},{"@type":"ImageObject","inLanguage":"de","@id":"https:\/\/dev6.erresse-shop.it\/de\/shop\/toepfe-pfannen\/schalldaempfer-und-kokotten\/staub-cocotte-artischocke-basilikum-13-cm\/#primaryimage","url":"https:\/\/i1.wp.com\/interpim.erresse-shop.it\/img-catalogo\/staub\/staub-cocotte-carciofo-basilico-13-cm.jpg?ssl=1","contentUrl":"https:\/\/i1.wp.com\/interpim.erresse-shop.it\/img-catalogo\/staub\/staub-cocotte-carciofo-basilico-13-cm.jpg?ssl=1"},{"@type":"BreadcrumbList","@id":"https:\/\/dev6.erresse-shop.it\/de\/shop\/toepfe-pfannen\/schalldaempfer-und-kokotten\/staub-cocotte-artischocke-basilikum-13-cm\/#breadcrumb","itemListElement":[{"@type":"ListItem","position":1,"name":"Home","item":"https:\/\/dev6.erresse-shop.it\/"},{"@type":"ListItem","position":2,"name":"Shop","item":"https:\/\/dev6.erresse-shop.it\/shop\/"},{"@type":"ListItem","position":3,"name":"STAUB Cocotte Artischocke Basilikum 13 cm"}]},{"@type":"WebSite","@id":"https:\/\/dev6.erresse-shop.it\/#website","url":"https:\/\/dev6.erresse-shop.it\/","name":"Erresse Shop","description":"","publisher":{"@id":"https:\/\/dev6.erresse-shop.it\/#organization"},"potentialAction":[{"@type":"SearchAction","target":{"@type":"EntryPoint","urlTemplate":"https:\/\/dev6.erresse-shop.it\/?s={search_term_string}"},"query-input":{"@type":"PropertyValueSpecification","valueRequired":true,"valueName":"search_term_string"}}],"inLanguage":"de"},{"@type":"Organization","@id":"https:\/\/dev6.erresse-shop.it\/#organization","name":"Erresse Shop","url":"https:\/\/dev6.erresse-shop.it\/","logo":{"@type":"ImageObject","inLanguage":"de","@id":"https:\/\/dev6.erresse-shop.it\/#\/schema\/logo\/image\/","url":"https:\/\/dev6.erresse-shop.it\/wp-content\/uploads\/2025\/01\/LOGO-ERRESSE-CLASSICO.svg","contentUrl":"https:\/\/dev6.erresse-shop.it\/wp-content\/uploads\/2025\/01\/LOGO-ERRESSE-CLASSICO.svg","caption":"Erresse Shop"},"image":{"@id":"https:\/\/dev6.erresse-shop.it\/#\/schema\/logo\/image\/"}}]}},"df_price":24.95,"df_sale_price":"","df_regular_price":24.95,"df_image_link":"https:\/\/i1.wp.com\/interpim.erresse-shop.it\/img-catalogo\/staub\/staub-cocotte-carciofo-basilico-13-cm.jpg?resize=300,300&ssl=1","fifu_image_url":"https:\/\/interpim.erresse-shop.it\/img-catalogo\/staub\/staub-cocotte-carciofo-basilico-13-cm.jpg","_links":{"self":[{"href":"https:\/\/dev6.erresse-shop.it\/de\/wp-json\/wp\/v2\/product\/56084","targetHints":{"allow":["GET"]}}],"collection":[{"href":"https:\/\/dev6.erresse-shop.it\/de\/wp-json\/wp\/v2\/product"}],"about":[{"href":"https:\/\/dev6.erresse-shop.it\/de\/wp-json\/wp\/v2\/types\/product"}],"wp:featuredmedia":[{"embeddable":true,"href":"https:\/\/dev6.erresse-shop.it\/de\/wp-json\/wp\/v2\/media\/6370171"}],"wp:attachment":[{"href":"https:\/\/dev6.erresse-shop.it\/de\/wp-json\/wp\/v2\/media?parent=56084"}],"wp:term":[{"taxonomy":"product_cat","embeddable":true,"href":"https:\/\/dev6.erresse-shop.it\/de\/wp-json\/wp\/v2\/product_cat?post=56084"},{"taxonomy":"product_tag","embeddable":true,"href":"https:\/\/dev6.erresse-shop.it\/de\/wp-json\/wp\/v2\/product_tag?post=56084"}],"curies":[{"name":"wp","href":"https:\/\/api.w.org\/{rel}","templated":true}]}}