{"id":56072,"date":"2026-04-03T12:38:37","date_gmt":"2026-04-03T10:38:37","guid":{"rendered":"https:\/\/dev6.erresse-shop.it\/shop\/unkategorisiert\/portmeirion-pomona-satz-mit-6-nudelschalen\/"},"modified":"2025-09-14T02:20:20","modified_gmt":"2025-09-14T00:20:20","slug":"portmeirion-pomona-satz-mit-6-nudelschalen","status":"publish","type":"product","link":"https:\/\/dev6.erresse-shop.it\/de\/shop\/tisch\/koerbe-und-schalen\/portmeirion-pomona-satz-mit-6-nudelschalen\/","title":{"rendered":"PORTMEIRION Pomona Satz mit 6 Nudelschalen"},"content":{"rendered":"<p>Dieses Set von sechs Nudelschalen aus der Pomona-Kollektion zeigt eine sch\u00f6ne Serie von Obstmotiven, die jeweils aus handkolorierten B\u00fcchern aus den 1930er Jahren stammen. Die Schalen sind perfekt f\u00fcr eine satte Portion Pasta proportioniert und eignen sich auch f\u00fcr Eint\u00f6pfe, Currys, Suppen, Salate und mehr. Die klassisch gestalteten Sch\u00fcsseln mit ihrem frischen, sortierten Look sind sp\u00fclmaschinen-, gefrierschrank-, ofen- und mikrowellenfest und halten den Strapazen des Kochens m\u00fchelos stand.<\/p>\n<p>Material: Terrakotta<\/p>\n","protected":false},"excerpt":{"rendered":"<p>Dieses Set von sechs Nudelschalen aus der Pomona-Kollektion zeigt eine sch\u00f6ne Serie von Obstmotiven, die jeweils aus handkolorierten B\u00fcchern aus den 1930er Jahren stammen. Die Schalen sind perfekt f\u00fcr eine satte Portion Pasta proportioniert und eignen sich auch f\u00fcr Eint\u00f6pfe, Currys, Suppen, Salate und mehr. Die klassisch gestalteten Sch\u00fcsseln mit ihrem frischen, sortierten Look sind [&hellip;]<\/p>\n","protected":false},"featured_media":6245211,"template":"","meta":{"_acf_changed":false},"product_cat":[12123,11671,12103],"product_tag":[],"class_list":{"0":"post-56072","1":"product","2":"type-product","3":"status-publish","4":"has-post-thumbnail","6":"product_cat-koerbe-und-schalen","7":"product_cat-tavola","8":"product_cat-tisch","10":"first","11":"instock","12":"sale","13":"taxable","14":"shipping-taxable","15":"purchasable","16":"product-type-simple","swatches":"rey-swatches","show_selected":"","stretch_labels":"rey-swatches--stretch-labels"},"acf":[],"yoast_head":"<!-- This site is optimized with the Yoast SEO plugin v25.4 - https:\/\/yoast.com\/wordpress\/plugins\/seo\/ -->\n<title>PORTMEIRION Pomona Satz mit 6 Nudelschalen - dev6 Erresse<\/title>\n<meta name=\"description\" content=\"Dieses Set von sechs Nudelschalen aus der Pomona-Kollektion zeigt eine sch\u00f6ne Serie von Obstmotiven, die jeweils aus handkolorierten B\u00fcchern aus den\" \/>\n<meta name=\"robots\" content=\"noindex, follow, max-snippet:-1, max-image-preview:large, max-video-preview:-1\" \/>\n<meta property=\"og:locale\" content=\"de_DE\" \/>\n<meta property=\"og:type\" content=\"article\" \/>\n<meta property=\"og:title\" content=\"PORTMEIRION Pomona Satz mit 6 Nudelschalen - dev6 Erresse\" \/>\n<meta property=\"og:description\" content=\"Dieses Set von sechs Nudelschalen aus der Pomona-Kollektion zeigt eine sch\u00f6ne Serie von Obstmotiven, die jeweils aus handkolorierten B\u00fcchern aus den\" \/>\n<meta property=\"og:url\" content=\"https:\/\/dev6.erresse-shop.it\/de\/shop\/tisch\/koerbe-und-schalen\/portmeirion-pomona-satz-mit-6-nudelschalen\/\" \/>\n<meta property=\"og:site_name\" content=\"dev6 Erresse\" \/>\n<meta property=\"og:image\" content=\"https:\/\/interpim.erresse-shop.it\/img-catalogo\/portmeirion\/portmeirion-pomona-set-6-ciotole-pasta.jpg\" \/><meta property=\"og:image\" content=\"https:\/\/interpim.erresse-shop.it\/img-catalogo\/portmeirion\/portmeirion-pomona-set-6-ciotole-pasta.jpg\" \/>\n\t<meta property=\"og:image:width\" content=\"1024\" \/>\n\t<meta property=\"og:image:height\" content=\"1024\" \/>\n\t<meta property=\"og:image:type\" content=\"image\/jpeg\" \/>\n<meta name=\"twitter:card\" content=\"summary_large_image\" \/>\n<meta name=\"twitter:image\" content=\"https:\/\/interpim.erresse-shop.it\/img-catalogo\/portmeirion\/portmeirion-pomona-set-6-ciotole-pasta.jpg\" \/>\n<script type=\"application\/ld+json\" class=\"yoast-schema-graph\">{\"@context\":\"https:\/\/schema.org\",\"@graph\":[{\"@type\":\"WebPage\",\"@id\":\"https:\/\/dev6.erresse-shop.it\/de\/shop\/tisch\/koerbe-und-schalen\/portmeirion-pomona-satz-mit-6-nudelschalen\/\",\"url\":\"https:\/\/dev6.erresse-shop.it\/de\/shop\/tisch\/koerbe-und-schalen\/portmeirion-pomona-satz-mit-6-nudelschalen\/\",\"name\":\"PORTMEIRION Pomona Satz mit 6 Nudelschalen - dev6 Erresse\",\"isPartOf\":{\"@id\":\"https:\/\/dev6.erresse-shop.it\/#website\"},\"primaryImageOfPage\":{\"@id\":\"https:\/\/dev6.erresse-shop.it\/de\/shop\/tisch\/koerbe-und-schalen\/portmeirion-pomona-satz-mit-6-nudelschalen\/#primaryimage\"},\"image\":{\"@id\":\"https:\/\/dev6.erresse-shop.it\/de\/shop\/tisch\/koerbe-und-schalen\/portmeirion-pomona-satz-mit-6-nudelschalen\/#primaryimage\"},\"thumbnailUrl\":\"https:\/\/i3.wp.com\/interpim.erresse-shop.it\/img-catalogo\/portmeirion\/portmeirion-pomona-set-6-ciotole-pasta.jpg?ssl=1\",\"datePublished\":\"2026-04-03T10:38:37+00:00\",\"description\":\"Dieses Set von sechs Nudelschalen aus der Pomona-Kollektion zeigt eine sch\u00f6ne Serie von Obstmotiven, die jeweils aus handkolorierten B\u00fcchern aus den\",\"breadcrumb\":{\"@id\":\"https:\/\/dev6.erresse-shop.it\/de\/shop\/tisch\/koerbe-und-schalen\/portmeirion-pomona-satz-mit-6-nudelschalen\/#breadcrumb\"},\"inLanguage\":\"de\",\"potentialAction\":[{\"@type\":\"ReadAction\",\"target\":[\"https:\/\/dev6.erresse-shop.it\/de\/shop\/tisch\/koerbe-und-schalen\/portmeirion-pomona-satz-mit-6-nudelschalen\/\"]}]},{\"@type\":\"ImageObject\",\"inLanguage\":\"de\",\"@id\":\"https:\/\/dev6.erresse-shop.it\/de\/shop\/tisch\/koerbe-und-schalen\/portmeirion-pomona-satz-mit-6-nudelschalen\/#primaryimage\",\"url\":\"https:\/\/i3.wp.com\/interpim.erresse-shop.it\/img-catalogo\/portmeirion\/portmeirion-pomona-set-6-ciotole-pasta.jpg?ssl=1\",\"contentUrl\":\"https:\/\/i3.wp.com\/interpim.erresse-shop.it\/img-catalogo\/portmeirion\/portmeirion-pomona-set-6-ciotole-pasta.jpg?ssl=1\"},{\"@type\":\"BreadcrumbList\",\"@id\":\"https:\/\/dev6.erresse-shop.it\/de\/shop\/tisch\/koerbe-und-schalen\/portmeirion-pomona-satz-mit-6-nudelschalen\/#breadcrumb\",\"itemListElement\":[{\"@type\":\"ListItem\",\"position\":1,\"name\":\"Home\",\"item\":\"https:\/\/dev6.erresse-shop.it\/\"},{\"@type\":\"ListItem\",\"position\":2,\"name\":\"Shop\",\"item\":\"https:\/\/dev6.erresse-shop.it\/shop\/\"},{\"@type\":\"ListItem\",\"position\":3,\"name\":\"PORTMEIRION Pomona Satz mit 6 Nudelschalen\"}]},{\"@type\":\"WebSite\",\"@id\":\"https:\/\/dev6.erresse-shop.it\/#website\",\"url\":\"https:\/\/dev6.erresse-shop.it\/\",\"name\":\"Erresse Shop\",\"description\":\"\",\"publisher\":{\"@id\":\"https:\/\/dev6.erresse-shop.it\/#organization\"},\"potentialAction\":[{\"@type\":\"SearchAction\",\"target\":{\"@type\":\"EntryPoint\",\"urlTemplate\":\"https:\/\/dev6.erresse-shop.it\/?s={search_term_string}\"},\"query-input\":{\"@type\":\"PropertyValueSpecification\",\"valueRequired\":true,\"valueName\":\"search_term_string\"}}],\"inLanguage\":\"de\"},{\"@type\":\"Organization\",\"@id\":\"https:\/\/dev6.erresse-shop.it\/#organization\",\"name\":\"Erresse Shop\",\"url\":\"https:\/\/dev6.erresse-shop.it\/\",\"logo\":{\"@type\":\"ImageObject\",\"inLanguage\":\"de\",\"@id\":\"https:\/\/dev6.erresse-shop.it\/#\/schema\/logo\/image\/\",\"url\":\"https:\/\/dev6.erresse-shop.it\/wp-content\/uploads\/2025\/01\/LOGO-ERRESSE-CLASSICO.svg\",\"contentUrl\":\"https:\/\/dev6.erresse-shop.it\/wp-content\/uploads\/2025\/01\/LOGO-ERRESSE-CLASSICO.svg\",\"caption\":\"Erresse Shop\"},\"image\":{\"@id\":\"https:\/\/dev6.erresse-shop.it\/#\/schema\/logo\/image\/\"}}]}<\/script>\n<!-- \/ Yoast SEO plugin. -->","yoast_head_json":{"title":"PORTMEIRION Pomona Satz mit 6 Nudelschalen - dev6 Erresse","description":"Dieses Set von sechs Nudelschalen aus der Pomona-Kollektion zeigt eine sch\u00f6ne Serie von Obstmotiven, die jeweils aus handkolorierten B\u00fcchern aus den","robots":{"index":"noindex","follow":"follow","max-snippet":"max-snippet:-1","max-image-preview":"max-image-preview:large","max-video-preview":"max-video-preview:-1"},"og_locale":"de_DE","og_type":"article","og_title":"PORTMEIRION Pomona Satz mit 6 Nudelschalen - dev6 Erresse","og_description":"Dieses Set von sechs Nudelschalen aus der Pomona-Kollektion zeigt eine sch\u00f6ne Serie von Obstmotiven, die jeweils aus handkolorierten B\u00fcchern aus den","og_url":"https:\/\/dev6.erresse-shop.it\/de\/shop\/tisch\/koerbe-und-schalen\/portmeirion-pomona-satz-mit-6-nudelschalen\/","og_site_name":"dev6 Erresse","og_image":[{"url":"https:\/\/interpim.erresse-shop.it\/img-catalogo\/portmeirion\/portmeirion-pomona-set-6-ciotole-pasta.jpg","type":"","width":"","height":""},{"url":"https:\/\/interpim.erresse-shop.it\/img-catalogo\/portmeirion\/portmeirion-pomona-set-6-ciotole-pasta.jpg","width":1024,"height":1024,"type":"image\/jpeg"}],"twitter_card":"summary_large_image","twitter_image":"https:\/\/interpim.erresse-shop.it\/img-catalogo\/portmeirion\/portmeirion-pomona-set-6-ciotole-pasta.jpg","schema":{"@context":"https:\/\/schema.org","@graph":[{"@type":"WebPage","@id":"https:\/\/dev6.erresse-shop.it\/de\/shop\/tisch\/koerbe-und-schalen\/portmeirion-pomona-satz-mit-6-nudelschalen\/","url":"https:\/\/dev6.erresse-shop.it\/de\/shop\/tisch\/koerbe-und-schalen\/portmeirion-pomona-satz-mit-6-nudelschalen\/","name":"PORTMEIRION Pomona Satz mit 6 Nudelschalen - dev6 Erresse","isPartOf":{"@id":"https:\/\/dev6.erresse-shop.it\/#website"},"primaryImageOfPage":{"@id":"https:\/\/dev6.erresse-shop.it\/de\/shop\/tisch\/koerbe-und-schalen\/portmeirion-pomona-satz-mit-6-nudelschalen\/#primaryimage"},"image":{"@id":"https:\/\/dev6.erresse-shop.it\/de\/shop\/tisch\/koerbe-und-schalen\/portmeirion-pomona-satz-mit-6-nudelschalen\/#primaryimage"},"thumbnailUrl":"https:\/\/i3.wp.com\/interpim.erresse-shop.it\/img-catalogo\/portmeirion\/portmeirion-pomona-set-6-ciotole-pasta.jpg?ssl=1","datePublished":"2026-04-03T10:38:37+00:00","description":"Dieses Set von sechs Nudelschalen aus der Pomona-Kollektion zeigt eine sch\u00f6ne Serie von Obstmotiven, die jeweils aus handkolorierten B\u00fcchern aus den","breadcrumb":{"@id":"https:\/\/dev6.erresse-shop.it\/de\/shop\/tisch\/koerbe-und-schalen\/portmeirion-pomona-satz-mit-6-nudelschalen\/#breadcrumb"},"inLanguage":"de","potentialAction":[{"@type":"ReadAction","target":["https:\/\/dev6.erresse-shop.it\/de\/shop\/tisch\/koerbe-und-schalen\/portmeirion-pomona-satz-mit-6-nudelschalen\/"]}]},{"@type":"ImageObject","inLanguage":"de","@id":"https:\/\/dev6.erresse-shop.it\/de\/shop\/tisch\/koerbe-und-schalen\/portmeirion-pomona-satz-mit-6-nudelschalen\/#primaryimage","url":"https:\/\/i3.wp.com\/interpim.erresse-shop.it\/img-catalogo\/portmeirion\/portmeirion-pomona-set-6-ciotole-pasta.jpg?ssl=1","contentUrl":"https:\/\/i3.wp.com\/interpim.erresse-shop.it\/img-catalogo\/portmeirion\/portmeirion-pomona-set-6-ciotole-pasta.jpg?ssl=1"},{"@type":"BreadcrumbList","@id":"https:\/\/dev6.erresse-shop.it\/de\/shop\/tisch\/koerbe-und-schalen\/portmeirion-pomona-satz-mit-6-nudelschalen\/#breadcrumb","itemListElement":[{"@type":"ListItem","position":1,"name":"Home","item":"https:\/\/dev6.erresse-shop.it\/"},{"@type":"ListItem","position":2,"name":"Shop","item":"https:\/\/dev6.erresse-shop.it\/shop\/"},{"@type":"ListItem","position":3,"name":"PORTMEIRION Pomona Satz mit 6 Nudelschalen"}]},{"@type":"WebSite","@id":"https:\/\/dev6.erresse-shop.it\/#website","url":"https:\/\/dev6.erresse-shop.it\/","name":"Erresse Shop","description":"","publisher":{"@id":"https:\/\/dev6.erresse-shop.it\/#organization"},"potentialAction":[{"@type":"SearchAction","target":{"@type":"EntryPoint","urlTemplate":"https:\/\/dev6.erresse-shop.it\/?s={search_term_string}"},"query-input":{"@type":"PropertyValueSpecification","valueRequired":true,"valueName":"search_term_string"}}],"inLanguage":"de"},{"@type":"Organization","@id":"https:\/\/dev6.erresse-shop.it\/#organization","name":"Erresse Shop","url":"https:\/\/dev6.erresse-shop.it\/","logo":{"@type":"ImageObject","inLanguage":"de","@id":"https:\/\/dev6.erresse-shop.it\/#\/schema\/logo\/image\/","url":"https:\/\/dev6.erresse-shop.it\/wp-content\/uploads\/2025\/01\/LOGO-ERRESSE-CLASSICO.svg","contentUrl":"https:\/\/dev6.erresse-shop.it\/wp-content\/uploads\/2025\/01\/LOGO-ERRESSE-CLASSICO.svg","caption":"Erresse Shop"},"image":{"@id":"https:\/\/dev6.erresse-shop.it\/#\/schema\/logo\/image\/"}}]}},"df_price":109.95,"df_sale_price":109.95,"df_regular_price":174.3,"df_image_link":"https:\/\/i3.wp.com\/interpim.erresse-shop.it\/img-catalogo\/portmeirion\/portmeirion-pomona-set-6-ciotole-pasta.jpg?resize=300,300&ssl=1","fifu_image_url":"https:\/\/interpim.erresse-shop.it\/img-catalogo\/portmeirion\/portmeirion-pomona-set-6-ciotole-pasta.jpg","_links":{"self":[{"href":"https:\/\/dev6.erresse-shop.it\/de\/wp-json\/wp\/v2\/product\/56072","targetHints":{"allow":["GET"]}}],"collection":[{"href":"https:\/\/dev6.erresse-shop.it\/de\/wp-json\/wp\/v2\/product"}],"about":[{"href":"https:\/\/dev6.erresse-shop.it\/de\/wp-json\/wp\/v2\/types\/product"}],"wp:featuredmedia":[{"embeddable":true,"href":"https:\/\/dev6.erresse-shop.it\/de\/wp-json\/wp\/v2\/media\/6245211"}],"wp:attachment":[{"href":"https:\/\/dev6.erresse-shop.it\/de\/wp-json\/wp\/v2\/media?parent=56072"}],"wp:term":[{"taxonomy":"product_cat","embeddable":true,"href":"https:\/\/dev6.erresse-shop.it\/de\/wp-json\/wp\/v2\/product_cat?post=56072"},{"taxonomy":"product_tag","embeddable":true,"href":"https:\/\/dev6.erresse-shop.it\/de\/wp-json\/wp\/v2\/product_tag?post=56072"}],"curies":[{"name":"wp","href":"https:\/\/api.w.org\/{rel}","templated":true}]}}