{"id":56054,"date":"2026-04-12T11:51:10","date_gmt":"2026-04-12T09:51:10","guid":{"rendered":"https:\/\/dev6.erresse-shop.it\/shop\/unkategorisiert\/g3-ferrari-tiffany-kaffeemaschine\/"},"modified":"2025-09-14T02:19:54","modified_gmt":"2025-09-14T00:19:54","slug":"g3-ferrari-tiffany-kaffeemaschine","status":"publish","type":"product","link":"https:\/\/dev6.erresse-shop.it\/de\/shop\/kleine-elektrogeraete\/kaffeemaschinen-espresso\/handbuecher\/g3-ferrari-tiffany-kaffeemaschine\/","title":{"rendered":"G3 FERRARI Tiffany Kaffeemaschine"},"content":{"rendered":"<p>Tiffany ist die Espressomaschine mit modernem, elegantem und raffiniertem Design und einem Stahlgeh\u00e4use. Die Struktur ist kompakt: nur 15 cm breit, um in jede Ecke der K\u00fcche zu passen, ohne Platz f\u00fcr die Arbeitsplatte und andere Ger\u00e4te zu beanspruchen.<br \/>\nDer Druck von 15 bar und die Leistung von 1350 W sind darauf ausgelegt, das beste Geschmackserlebnis in Ihrer Kaffeepause zu garantieren, und wenn Sie gerne mit einem Cappuccino fr\u00fchst\u00fccken, k\u00f6nnen Sie diesen dank der Dampfd\u00fcse in wenigen Sekunden zubereiten. Dar\u00fcber hinaus k\u00f6nnen Sie mit der \u201eStop\u201c-Funktion die L\u00e4nge Ihres Kaffees individuell anpassen.<br \/>\nDank des Setup-Men\u00fcs ist es m\u00f6glich, die L\u00e4nge und Temperatur des Kaffees zu bestimmen, um immer den besten Espresso zu erhalten, und wenn Sie Tee, Aufg\u00fcsse und Kr\u00e4utertees lieben, k\u00f6nnen Sie mit dem mitgelieferten Spender auch hei\u00dfes Wasser beziehen.<br \/>\nMit den 3 Edelstahlfiltern k\u00f6nnen Sie zwischen 1 und 2 Tassen Pulverkaffee w\u00e4hlen oder die praktischen kompostierbaren Pads verwenden. Dank der abnehmbaren Tropfschale und des Tanks ist Tiffany au\u00dferdem leicht zu reinigen.<\/p>\n<p>Technische Daten<\/p>\n<p>15 Bar, ULKA-Pumpe<br \/>\n3 EDELSTAHL-Filter: Pads, Pulver 1 oder 2 Tassen<br \/>\n\u201eStop\u201c-Funktion zum Anpassen der L\u00e4nge des Kaffees<br \/>\nCappuccino-Zubereiter mit der M\u00f6glichkeit der Hei\u00dfwasserausgabe<br \/>\nTankkapazit\u00e4t 1L<br \/>\nSchnelles Aufheizen in 30 Sekunden<br \/>\nStandby-Funktion: Temperaturerhaltung f\u00fcr 30 Minuten<br \/>\n\u201eSleep\u201c-Funktion zum Energiesparen<br \/>\nTassenw\u00e4rmer<br \/>\nEinfache Reinigung: Tank, Cappuccino-Maschine, herausnehmbare Tropfschale<br \/>\nZubeh\u00f6r: Aluminium-Filterhalter, 3 Filter, Messbecher mit Stopfer<br \/>\nStromversorgung: AC 220\u2013240 V ~ 50\u201360 Hz<br \/>\nLeistung: 1350 W<br \/>\nAbmessungen (L x H x T): 15 x 29,5 x 33 cm<br \/>\nGewicht: 3,2 kg<\/p>\n<p>Nicht zum Verkauf au\u00dferhalb Europas<\/p>\n","protected":false},"excerpt":{"rendered":"<p>Tiffany ist die Espressomaschine mit modernem, elegantem und raffiniertem Design und einem Stahlgeh\u00e4use. Die Struktur ist kompakt: nur 15 cm breit, um in jede Ecke der K\u00fcche zu passen, ohne Platz f\u00fcr die Arbeitsplatte und andere Ger\u00e4te zu beanspruchen. Der Druck von 15 bar und die Leistung von 1350 W sind darauf ausgelegt, das beste [&hellip;]<\/p>\n","protected":false},"featured_media":6370067,"template":"","meta":{"_acf_changed":false},"product_cat":[12198],"product_tag":[],"class_list":{"0":"post-56054","1":"product","2":"type-product","3":"status-publish","4":"has-post-thumbnail","6":"product_cat-handbuecher","8":"first","9":"instock","10":"sale","11":"taxable","12":"shipping-taxable","13":"purchasable","14":"product-type-simple","swatches":"rey-swatches","show_selected":"","stretch_labels":"rey-swatches--stretch-labels"},"acf":[],"yoast_head":"<!-- This site is optimized with the Yoast SEO plugin v25.4 - https:\/\/yoast.com\/wordpress\/plugins\/seo\/ -->\n<title>G3 FERRARI Tiffany Kaffeemaschine - dev6 Erresse<\/title>\n<meta name=\"description\" content=\"Tiffany ist die Espressomaschine mit modernem, elegantem und raffiniertem Design und einem Stahlgeh\u00e4use. Die Struktur ist kompakt: nur 15 cm breit, um in\" \/>\n<meta name=\"robots\" content=\"noindex, follow, max-snippet:-1, max-image-preview:large, max-video-preview:-1\" \/>\n<meta property=\"og:locale\" content=\"de_DE\" \/>\n<meta property=\"og:type\" content=\"article\" \/>\n<meta property=\"og:title\" content=\"G3 FERRARI Tiffany Kaffeemaschine - dev6 Erresse\" \/>\n<meta property=\"og:description\" content=\"Tiffany ist die Espressomaschine mit modernem, elegantem und raffiniertem Design und einem Stahlgeh\u00e4use. Die Struktur ist kompakt: nur 15 cm breit, um in\" \/>\n<meta property=\"og:url\" content=\"https:\/\/dev6.erresse-shop.it\/de\/shop\/kleine-elektrogeraete\/kaffeemaschinen-espresso\/handbuecher\/g3-ferrari-tiffany-kaffeemaschine\/\" \/>\n<meta property=\"og:site_name\" content=\"dev6 Erresse\" \/>\n<meta property=\"og:image\" content=\"https:\/\/interpim.erresse-shop.it\/Import\/Prodotti\/g3-ferrari-tiffany-macchina-per-caffe.jpg\" \/><meta property=\"og:image\" content=\"https:\/\/interpim.erresse-shop.it\/Import\/Prodotti\/g3-ferrari-tiffany-macchina-per-caffe.jpg\" \/>\n\t<meta property=\"og:image:width\" content=\"1024\" \/>\n\t<meta property=\"og:image:height\" content=\"1024\" \/>\n\t<meta property=\"og:image:type\" content=\"image\/jpeg\" \/>\n<meta name=\"twitter:card\" content=\"summary_large_image\" \/>\n<meta name=\"twitter:image\" content=\"https:\/\/interpim.erresse-shop.it\/Import\/Prodotti\/g3-ferrari-tiffany-macchina-per-caffe.jpg\" \/>\n<script type=\"application\/ld+json\" class=\"yoast-schema-graph\">{\"@context\":\"https:\/\/schema.org\",\"@graph\":[{\"@type\":\"WebPage\",\"@id\":\"https:\/\/dev6.erresse-shop.it\/de\/shop\/kleine-elektrogeraete\/kaffeemaschinen-espresso\/handbuecher\/g3-ferrari-tiffany-kaffeemaschine\/\",\"url\":\"https:\/\/dev6.erresse-shop.it\/de\/shop\/kleine-elektrogeraete\/kaffeemaschinen-espresso\/handbuecher\/g3-ferrari-tiffany-kaffeemaschine\/\",\"name\":\"G3 FERRARI Tiffany Kaffeemaschine - dev6 Erresse\",\"isPartOf\":{\"@id\":\"https:\/\/dev6.erresse-shop.it\/#website\"},\"primaryImageOfPage\":{\"@id\":\"https:\/\/dev6.erresse-shop.it\/de\/shop\/kleine-elektrogeraete\/kaffeemaschinen-espresso\/handbuecher\/g3-ferrari-tiffany-kaffeemaschine\/#primaryimage\"},\"image\":{\"@id\":\"https:\/\/dev6.erresse-shop.it\/de\/shop\/kleine-elektrogeraete\/kaffeemaschinen-espresso\/handbuecher\/g3-ferrari-tiffany-kaffeemaschine\/#primaryimage\"},\"thumbnailUrl\":\"https:\/\/i2.wp.com\/interpim.erresse-shop.it\/Import\/Prodotti\/g3-ferrari-tiffany-macchina-per-caffe.jpg?ssl=1\",\"datePublished\":\"2026-04-12T09:51:10+00:00\",\"description\":\"Tiffany ist die Espressomaschine mit modernem, elegantem und raffiniertem Design und einem Stahlgeh\u00e4use. Die Struktur ist kompakt: nur 15 cm breit, um in\",\"breadcrumb\":{\"@id\":\"https:\/\/dev6.erresse-shop.it\/de\/shop\/kleine-elektrogeraete\/kaffeemaschinen-espresso\/handbuecher\/g3-ferrari-tiffany-kaffeemaschine\/#breadcrumb\"},\"inLanguage\":\"de\",\"potentialAction\":[{\"@type\":\"ReadAction\",\"target\":[\"https:\/\/dev6.erresse-shop.it\/de\/shop\/kleine-elektrogeraete\/kaffeemaschinen-espresso\/handbuecher\/g3-ferrari-tiffany-kaffeemaschine\/\"]}]},{\"@type\":\"ImageObject\",\"inLanguage\":\"de\",\"@id\":\"https:\/\/dev6.erresse-shop.it\/de\/shop\/kleine-elektrogeraete\/kaffeemaschinen-espresso\/handbuecher\/g3-ferrari-tiffany-kaffeemaschine\/#primaryimage\",\"url\":\"https:\/\/i2.wp.com\/interpim.erresse-shop.it\/Import\/Prodotti\/g3-ferrari-tiffany-macchina-per-caffe.jpg?ssl=1\",\"contentUrl\":\"https:\/\/i2.wp.com\/interpim.erresse-shop.it\/Import\/Prodotti\/g3-ferrari-tiffany-macchina-per-caffe.jpg?ssl=1\"},{\"@type\":\"BreadcrumbList\",\"@id\":\"https:\/\/dev6.erresse-shop.it\/de\/shop\/kleine-elektrogeraete\/kaffeemaschinen-espresso\/handbuecher\/g3-ferrari-tiffany-kaffeemaschine\/#breadcrumb\",\"itemListElement\":[{\"@type\":\"ListItem\",\"position\":1,\"name\":\"Home\",\"item\":\"https:\/\/dev6.erresse-shop.it\/\"},{\"@type\":\"ListItem\",\"position\":2,\"name\":\"Shop\",\"item\":\"https:\/\/dev6.erresse-shop.it\/shop\/\"},{\"@type\":\"ListItem\",\"position\":3,\"name\":\"G3 FERRARI Tiffany Kaffeemaschine\"}]},{\"@type\":\"WebSite\",\"@id\":\"https:\/\/dev6.erresse-shop.it\/#website\",\"url\":\"https:\/\/dev6.erresse-shop.it\/\",\"name\":\"Erresse Shop\",\"description\":\"\",\"publisher\":{\"@id\":\"https:\/\/dev6.erresse-shop.it\/#organization\"},\"potentialAction\":[{\"@type\":\"SearchAction\",\"target\":{\"@type\":\"EntryPoint\",\"urlTemplate\":\"https:\/\/dev6.erresse-shop.it\/?s={search_term_string}\"},\"query-input\":{\"@type\":\"PropertyValueSpecification\",\"valueRequired\":true,\"valueName\":\"search_term_string\"}}],\"inLanguage\":\"de\"},{\"@type\":\"Organization\",\"@id\":\"https:\/\/dev6.erresse-shop.it\/#organization\",\"name\":\"Erresse Shop\",\"url\":\"https:\/\/dev6.erresse-shop.it\/\",\"logo\":{\"@type\":\"ImageObject\",\"inLanguage\":\"de\",\"@id\":\"https:\/\/dev6.erresse-shop.it\/#\/schema\/logo\/image\/\",\"url\":\"https:\/\/dev6.erresse-shop.it\/wp-content\/uploads\/2025\/01\/LOGO-ERRESSE-CLASSICO.svg\",\"contentUrl\":\"https:\/\/dev6.erresse-shop.it\/wp-content\/uploads\/2025\/01\/LOGO-ERRESSE-CLASSICO.svg\",\"caption\":\"Erresse Shop\"},\"image\":{\"@id\":\"https:\/\/dev6.erresse-shop.it\/#\/schema\/logo\/image\/\"}}]}<\/script>\n<!-- \/ Yoast SEO plugin. -->","yoast_head_json":{"title":"G3 FERRARI Tiffany Kaffeemaschine - dev6 Erresse","description":"Tiffany ist die Espressomaschine mit modernem, elegantem und raffiniertem Design und einem Stahlgeh\u00e4use. Die Struktur ist kompakt: nur 15 cm breit, um in","robots":{"index":"noindex","follow":"follow","max-snippet":"max-snippet:-1","max-image-preview":"max-image-preview:large","max-video-preview":"max-video-preview:-1"},"og_locale":"de_DE","og_type":"article","og_title":"G3 FERRARI Tiffany Kaffeemaschine - dev6 Erresse","og_description":"Tiffany ist die Espressomaschine mit modernem, elegantem und raffiniertem Design und einem Stahlgeh\u00e4use. Die Struktur ist kompakt: nur 15 cm breit, um in","og_url":"https:\/\/dev6.erresse-shop.it\/de\/shop\/kleine-elektrogeraete\/kaffeemaschinen-espresso\/handbuecher\/g3-ferrari-tiffany-kaffeemaschine\/","og_site_name":"dev6 Erresse","og_image":[{"url":"https:\/\/interpim.erresse-shop.it\/Import\/Prodotti\/g3-ferrari-tiffany-macchina-per-caffe.jpg","type":"","width":"","height":""},{"url":"https:\/\/interpim.erresse-shop.it\/Import\/Prodotti\/g3-ferrari-tiffany-macchina-per-caffe.jpg","width":1024,"height":1024,"type":"image\/jpeg"}],"twitter_card":"summary_large_image","twitter_image":"https:\/\/interpim.erresse-shop.it\/Import\/Prodotti\/g3-ferrari-tiffany-macchina-per-caffe.jpg","schema":{"@context":"https:\/\/schema.org","@graph":[{"@type":"WebPage","@id":"https:\/\/dev6.erresse-shop.it\/de\/shop\/kleine-elektrogeraete\/kaffeemaschinen-espresso\/handbuecher\/g3-ferrari-tiffany-kaffeemaschine\/","url":"https:\/\/dev6.erresse-shop.it\/de\/shop\/kleine-elektrogeraete\/kaffeemaschinen-espresso\/handbuecher\/g3-ferrari-tiffany-kaffeemaschine\/","name":"G3 FERRARI Tiffany Kaffeemaschine - dev6 Erresse","isPartOf":{"@id":"https:\/\/dev6.erresse-shop.it\/#website"},"primaryImageOfPage":{"@id":"https:\/\/dev6.erresse-shop.it\/de\/shop\/kleine-elektrogeraete\/kaffeemaschinen-espresso\/handbuecher\/g3-ferrari-tiffany-kaffeemaschine\/#primaryimage"},"image":{"@id":"https:\/\/dev6.erresse-shop.it\/de\/shop\/kleine-elektrogeraete\/kaffeemaschinen-espresso\/handbuecher\/g3-ferrari-tiffany-kaffeemaschine\/#primaryimage"},"thumbnailUrl":"https:\/\/i2.wp.com\/interpim.erresse-shop.it\/Import\/Prodotti\/g3-ferrari-tiffany-macchina-per-caffe.jpg?ssl=1","datePublished":"2026-04-12T09:51:10+00:00","description":"Tiffany ist die Espressomaschine mit modernem, elegantem und raffiniertem Design und einem Stahlgeh\u00e4use. Die Struktur ist kompakt: nur 15 cm breit, um in","breadcrumb":{"@id":"https:\/\/dev6.erresse-shop.it\/de\/shop\/kleine-elektrogeraete\/kaffeemaschinen-espresso\/handbuecher\/g3-ferrari-tiffany-kaffeemaschine\/#breadcrumb"},"inLanguage":"de","potentialAction":[{"@type":"ReadAction","target":["https:\/\/dev6.erresse-shop.it\/de\/shop\/kleine-elektrogeraete\/kaffeemaschinen-espresso\/handbuecher\/g3-ferrari-tiffany-kaffeemaschine\/"]}]},{"@type":"ImageObject","inLanguage":"de","@id":"https:\/\/dev6.erresse-shop.it\/de\/shop\/kleine-elektrogeraete\/kaffeemaschinen-espresso\/handbuecher\/g3-ferrari-tiffany-kaffeemaschine\/#primaryimage","url":"https:\/\/i2.wp.com\/interpim.erresse-shop.it\/Import\/Prodotti\/g3-ferrari-tiffany-macchina-per-caffe.jpg?ssl=1","contentUrl":"https:\/\/i2.wp.com\/interpim.erresse-shop.it\/Import\/Prodotti\/g3-ferrari-tiffany-macchina-per-caffe.jpg?ssl=1"},{"@type":"BreadcrumbList","@id":"https:\/\/dev6.erresse-shop.it\/de\/shop\/kleine-elektrogeraete\/kaffeemaschinen-espresso\/handbuecher\/g3-ferrari-tiffany-kaffeemaschine\/#breadcrumb","itemListElement":[{"@type":"ListItem","position":1,"name":"Home","item":"https:\/\/dev6.erresse-shop.it\/"},{"@type":"ListItem","position":2,"name":"Shop","item":"https:\/\/dev6.erresse-shop.it\/shop\/"},{"@type":"ListItem","position":3,"name":"G3 FERRARI Tiffany Kaffeemaschine"}]},{"@type":"WebSite","@id":"https:\/\/dev6.erresse-shop.it\/#website","url":"https:\/\/dev6.erresse-shop.it\/","name":"Erresse Shop","description":"","publisher":{"@id":"https:\/\/dev6.erresse-shop.it\/#organization"},"potentialAction":[{"@type":"SearchAction","target":{"@type":"EntryPoint","urlTemplate":"https:\/\/dev6.erresse-shop.it\/?s={search_term_string}"},"query-input":{"@type":"PropertyValueSpecification","valueRequired":true,"valueName":"search_term_string"}}],"inLanguage":"de"},{"@type":"Organization","@id":"https:\/\/dev6.erresse-shop.it\/#organization","name":"Erresse Shop","url":"https:\/\/dev6.erresse-shop.it\/","logo":{"@type":"ImageObject","inLanguage":"de","@id":"https:\/\/dev6.erresse-shop.it\/#\/schema\/logo\/image\/","url":"https:\/\/dev6.erresse-shop.it\/wp-content\/uploads\/2025\/01\/LOGO-ERRESSE-CLASSICO.svg","contentUrl":"https:\/\/dev6.erresse-shop.it\/wp-content\/uploads\/2025\/01\/LOGO-ERRESSE-CLASSICO.svg","caption":"Erresse Shop"},"image":{"@id":"https:\/\/dev6.erresse-shop.it\/#\/schema\/logo\/image\/"}}]}},"df_price":159,"df_sale_price":159,"df_regular_price":289,"df_image_link":"https:\/\/i2.wp.com\/interpim.erresse-shop.it\/Import\/Prodotti\/g3-ferrari-tiffany-macchina-per-caffe.jpg?resize=300,300&ssl=1","fifu_image_url":"https:\/\/interpim.erresse-shop.it\/Import\/Prodotti\/g3-ferrari-tiffany-macchina-per-caffe.jpg","_links":{"self":[{"href":"https:\/\/dev6.erresse-shop.it\/de\/wp-json\/wp\/v2\/product\/56054","targetHints":{"allow":["GET"]}}],"collection":[{"href":"https:\/\/dev6.erresse-shop.it\/de\/wp-json\/wp\/v2\/product"}],"about":[{"href":"https:\/\/dev6.erresse-shop.it\/de\/wp-json\/wp\/v2\/types\/product"}],"wp:featuredmedia":[{"embeddable":true,"href":"https:\/\/dev6.erresse-shop.it\/de\/wp-json\/wp\/v2\/media\/6370067"}],"wp:attachment":[{"href":"https:\/\/dev6.erresse-shop.it\/de\/wp-json\/wp\/v2\/media?parent=56054"}],"wp:term":[{"taxonomy":"product_cat","embeddable":true,"href":"https:\/\/dev6.erresse-shop.it\/de\/wp-json\/wp\/v2\/product_cat?post=56054"},{"taxonomy":"product_tag","embeddable":true,"href":"https:\/\/dev6.erresse-shop.it\/de\/wp-json\/wp\/v2\/product_tag?post=56054"}],"curies":[{"name":"wp","href":"https:\/\/api.w.org\/{rel}","templated":true}]}}