{"id":56052,"date":"2026-04-04T11:48:27","date_gmt":"2026-04-04T09:48:27","guid":{"rendered":"https:\/\/dev6.erresse-shop.it\/shop\/unkategorisiert\/foppapedretti-wandgarderobe-appendialbero-walnuss\/"},"modified":"2025-09-14T02:19:50","modified_gmt":"2025-09-14T00:19:50","slug":"foppapedretti-wandgarderobe-appendialbero-walnuss","status":"publish","type":"product","link":"https:\/\/dev6.erresse-shop.it\/de\/shop\/einrichtung-haus\/dekoartikel\/foppapedretti-wandgarderobe-appendialbero-walnuss\/","title":{"rendered":"FOPPAPEDRETTI Wandgarderobe Appendialbero Walnuss"},"content":{"rendered":"<p>Der Wandkleiderb\u00fcgel Apppendiarancio von Foppapedretti besteht aus einem Modul mit drei Kn\u00f6pfen zum Aufh\u00e4ngen von Jacken und M\u00e4nteln, das nach Belieben zusammengestellt werden kann, indem mehrere Module nebeneinander platziert werden, die an die Form von Baumzweigen erinnern.<\/p>\n<p>Abmessungen: H 65 P 5 L 40 CM<\/p>\n<p>Gewicht: 1 kg<\/p>\n","protected":false},"excerpt":{"rendered":"<p>Der Wandkleiderb\u00fcgel Apppendiarancio von Foppapedretti besteht aus einem Modul mit drei Kn\u00f6pfen zum Aufh\u00e4ngen von Jacken und M\u00e4nteln, das nach Belieben zusammengestellt werden kann, indem mehrere Module nebeneinander platziert werden, die an die Form von Baumzweigen erinnern. Abmessungen: H 65 P 5 L 40 CM Gewicht: 1 kg<\/p>\n","protected":false},"featured_media":6286795,"template":"","meta":{"_acf_changed":false},"product_cat":[11666,12129,12098],"product_tag":[],"class_list":{"0":"post-56052","1":"product","2":"type-product","3":"status-publish","4":"has-post-thumbnail","6":"product_cat-arredamento-casa","7":"product_cat-dekoartikel","8":"product_cat-einrichtung-haus","10":"first","11":"instock","12":"taxable","13":"shipping-taxable","14":"purchasable","15":"product-type-simple","swatches":"rey-swatches","show_selected":"","stretch_labels":"rey-swatches--stretch-labels"},"acf":[],"yoast_head":"<!-- This site is optimized with the Yoast SEO plugin v25.4 - https:\/\/yoast.com\/wordpress\/plugins\/seo\/ -->\n<title>FOPPAPEDRETTI Wandgarderobe Appendialbero Walnuss - dev6 Erresse<\/title>\n<meta name=\"description\" content=\"Der Wandkleiderb\u00fcgel Apppendiarancio von Foppapedretti besteht aus einem Modul mit drei Kn\u00f6pfen zum Aufh\u00e4ngen von Jacken und M\u00e4nteln, das nach Belieben\" \/>\n<meta name=\"robots\" content=\"noindex, follow, max-snippet:-1, max-image-preview:large, max-video-preview:-1\" \/>\n<meta property=\"og:locale\" content=\"de_DE\" \/>\n<meta property=\"og:type\" content=\"article\" \/>\n<meta property=\"og:title\" content=\"FOPPAPEDRETTI Wandgarderobe Appendialbero Walnuss - dev6 Erresse\" \/>\n<meta property=\"og:description\" content=\"Der Wandkleiderb\u00fcgel Apppendiarancio von Foppapedretti besteht aus einem Modul mit drei Kn\u00f6pfen zum Aufh\u00e4ngen von Jacken und M\u00e4nteln, das nach Belieben\" \/>\n<meta property=\"og:url\" content=\"https:\/\/dev6.erresse-shop.it\/de\/shop\/einrichtung-haus\/dekoartikel\/foppapedretti-wandgarderobe-appendialbero-walnuss\/\" \/>\n<meta property=\"og:site_name\" content=\"dev6 Erresse\" \/>\n<meta property=\"og:image\" content=\"https:\/\/interpim.erresse-shop.it\/Import\/Prodotti\/foppapedretti-appendiabiti-a-parete-appendialbero-noce.jpg\" \/><meta property=\"og:image\" content=\"https:\/\/interpim.erresse-shop.it\/Import\/Prodotti\/foppapedretti-appendiabiti-a-parete-appendialbero-noce.jpg\" \/>\n\t<meta property=\"og:image:width\" content=\"1024\" \/>\n\t<meta property=\"og:image:height\" content=\"1024\" \/>\n\t<meta property=\"og:image:type\" content=\"image\/jpeg\" \/>\n<meta name=\"twitter:card\" content=\"summary_large_image\" \/>\n<meta name=\"twitter:image\" content=\"https:\/\/interpim.erresse-shop.it\/Import\/Prodotti\/foppapedretti-appendiabiti-a-parete-appendialbero-noce.jpg\" \/>\n<script type=\"application\/ld+json\" class=\"yoast-schema-graph\">{\"@context\":\"https:\/\/schema.org\",\"@graph\":[{\"@type\":\"WebPage\",\"@id\":\"https:\/\/dev6.erresse-shop.it\/de\/shop\/einrichtung-haus\/dekoartikel\/foppapedretti-wandgarderobe-appendialbero-walnuss\/\",\"url\":\"https:\/\/dev6.erresse-shop.it\/de\/shop\/einrichtung-haus\/dekoartikel\/foppapedretti-wandgarderobe-appendialbero-walnuss\/\",\"name\":\"FOPPAPEDRETTI Wandgarderobe Appendialbero Walnuss - dev6 Erresse\",\"isPartOf\":{\"@id\":\"https:\/\/dev6.erresse-shop.it\/#website\"},\"primaryImageOfPage\":{\"@id\":\"https:\/\/dev6.erresse-shop.it\/de\/shop\/einrichtung-haus\/dekoartikel\/foppapedretti-wandgarderobe-appendialbero-walnuss\/#primaryimage\"},\"image\":{\"@id\":\"https:\/\/dev6.erresse-shop.it\/de\/shop\/einrichtung-haus\/dekoartikel\/foppapedretti-wandgarderobe-appendialbero-walnuss\/#primaryimage\"},\"thumbnailUrl\":\"https:\/\/i3.wp.com\/interpim.erresse-shop.it\/Import\/Prodotti\/foppapedretti-appendiabiti-a-parete-appendialbero-noce.jpg?ssl=1\",\"datePublished\":\"2026-04-04T09:48:27+00:00\",\"description\":\"Der Wandkleiderb\u00fcgel Apppendiarancio von Foppapedretti besteht aus einem Modul mit drei Kn\u00f6pfen zum Aufh\u00e4ngen von Jacken und M\u00e4nteln, das nach Belieben\",\"breadcrumb\":{\"@id\":\"https:\/\/dev6.erresse-shop.it\/de\/shop\/einrichtung-haus\/dekoartikel\/foppapedretti-wandgarderobe-appendialbero-walnuss\/#breadcrumb\"},\"inLanguage\":\"de\",\"potentialAction\":[{\"@type\":\"ReadAction\",\"target\":[\"https:\/\/dev6.erresse-shop.it\/de\/shop\/einrichtung-haus\/dekoartikel\/foppapedretti-wandgarderobe-appendialbero-walnuss\/\"]}]},{\"@type\":\"ImageObject\",\"inLanguage\":\"de\",\"@id\":\"https:\/\/dev6.erresse-shop.it\/de\/shop\/einrichtung-haus\/dekoartikel\/foppapedretti-wandgarderobe-appendialbero-walnuss\/#primaryimage\",\"url\":\"https:\/\/i3.wp.com\/interpim.erresse-shop.it\/Import\/Prodotti\/foppapedretti-appendiabiti-a-parete-appendialbero-noce.jpg?ssl=1\",\"contentUrl\":\"https:\/\/i3.wp.com\/interpim.erresse-shop.it\/Import\/Prodotti\/foppapedretti-appendiabiti-a-parete-appendialbero-noce.jpg?ssl=1\"},{\"@type\":\"BreadcrumbList\",\"@id\":\"https:\/\/dev6.erresse-shop.it\/de\/shop\/einrichtung-haus\/dekoartikel\/foppapedretti-wandgarderobe-appendialbero-walnuss\/#breadcrumb\",\"itemListElement\":[{\"@type\":\"ListItem\",\"position\":1,\"name\":\"Home\",\"item\":\"https:\/\/dev6.erresse-shop.it\/\"},{\"@type\":\"ListItem\",\"position\":2,\"name\":\"Shop\",\"item\":\"https:\/\/dev6.erresse-shop.it\/shop\/\"},{\"@type\":\"ListItem\",\"position\":3,\"name\":\"FOPPAPEDRETTI Wandgarderobe Appendialbero Walnuss\"}]},{\"@type\":\"WebSite\",\"@id\":\"https:\/\/dev6.erresse-shop.it\/#website\",\"url\":\"https:\/\/dev6.erresse-shop.it\/\",\"name\":\"Erresse Shop\",\"description\":\"\",\"publisher\":{\"@id\":\"https:\/\/dev6.erresse-shop.it\/#organization\"},\"potentialAction\":[{\"@type\":\"SearchAction\",\"target\":{\"@type\":\"EntryPoint\",\"urlTemplate\":\"https:\/\/dev6.erresse-shop.it\/?s={search_term_string}\"},\"query-input\":{\"@type\":\"PropertyValueSpecification\",\"valueRequired\":true,\"valueName\":\"search_term_string\"}}],\"inLanguage\":\"de\"},{\"@type\":\"Organization\",\"@id\":\"https:\/\/dev6.erresse-shop.it\/#organization\",\"name\":\"Erresse Shop\",\"url\":\"https:\/\/dev6.erresse-shop.it\/\",\"logo\":{\"@type\":\"ImageObject\",\"inLanguage\":\"de\",\"@id\":\"https:\/\/dev6.erresse-shop.it\/#\/schema\/logo\/image\/\",\"url\":\"https:\/\/dev6.erresse-shop.it\/wp-content\/uploads\/2025\/01\/LOGO-ERRESSE-CLASSICO.svg\",\"contentUrl\":\"https:\/\/dev6.erresse-shop.it\/wp-content\/uploads\/2025\/01\/LOGO-ERRESSE-CLASSICO.svg\",\"caption\":\"Erresse Shop\"},\"image\":{\"@id\":\"https:\/\/dev6.erresse-shop.it\/#\/schema\/logo\/image\/\"}}]}<\/script>\n<!-- \/ Yoast SEO plugin. -->","yoast_head_json":{"title":"FOPPAPEDRETTI Wandgarderobe Appendialbero Walnuss - dev6 Erresse","description":"Der Wandkleiderb\u00fcgel Apppendiarancio von Foppapedretti besteht aus einem Modul mit drei Kn\u00f6pfen zum Aufh\u00e4ngen von Jacken und M\u00e4nteln, das nach Belieben","robots":{"index":"noindex","follow":"follow","max-snippet":"max-snippet:-1","max-image-preview":"max-image-preview:large","max-video-preview":"max-video-preview:-1"},"og_locale":"de_DE","og_type":"article","og_title":"FOPPAPEDRETTI Wandgarderobe Appendialbero Walnuss - dev6 Erresse","og_description":"Der Wandkleiderb\u00fcgel Apppendiarancio von Foppapedretti besteht aus einem Modul mit drei Kn\u00f6pfen zum Aufh\u00e4ngen von Jacken und M\u00e4nteln, das nach Belieben","og_url":"https:\/\/dev6.erresse-shop.it\/de\/shop\/einrichtung-haus\/dekoartikel\/foppapedretti-wandgarderobe-appendialbero-walnuss\/","og_site_name":"dev6 Erresse","og_image":[{"url":"https:\/\/interpim.erresse-shop.it\/Import\/Prodotti\/foppapedretti-appendiabiti-a-parete-appendialbero-noce.jpg","type":"","width":"","height":""},{"url":"https:\/\/interpim.erresse-shop.it\/Import\/Prodotti\/foppapedretti-appendiabiti-a-parete-appendialbero-noce.jpg","width":1024,"height":1024,"type":"image\/jpeg"}],"twitter_card":"summary_large_image","twitter_image":"https:\/\/interpim.erresse-shop.it\/Import\/Prodotti\/foppapedretti-appendiabiti-a-parete-appendialbero-noce.jpg","schema":{"@context":"https:\/\/schema.org","@graph":[{"@type":"WebPage","@id":"https:\/\/dev6.erresse-shop.it\/de\/shop\/einrichtung-haus\/dekoartikel\/foppapedretti-wandgarderobe-appendialbero-walnuss\/","url":"https:\/\/dev6.erresse-shop.it\/de\/shop\/einrichtung-haus\/dekoartikel\/foppapedretti-wandgarderobe-appendialbero-walnuss\/","name":"FOPPAPEDRETTI Wandgarderobe Appendialbero Walnuss - dev6 Erresse","isPartOf":{"@id":"https:\/\/dev6.erresse-shop.it\/#website"},"primaryImageOfPage":{"@id":"https:\/\/dev6.erresse-shop.it\/de\/shop\/einrichtung-haus\/dekoartikel\/foppapedretti-wandgarderobe-appendialbero-walnuss\/#primaryimage"},"image":{"@id":"https:\/\/dev6.erresse-shop.it\/de\/shop\/einrichtung-haus\/dekoartikel\/foppapedretti-wandgarderobe-appendialbero-walnuss\/#primaryimage"},"thumbnailUrl":"https:\/\/i3.wp.com\/interpim.erresse-shop.it\/Import\/Prodotti\/foppapedretti-appendiabiti-a-parete-appendialbero-noce.jpg?ssl=1","datePublished":"2026-04-04T09:48:27+00:00","description":"Der Wandkleiderb\u00fcgel Apppendiarancio von Foppapedretti besteht aus einem Modul mit drei Kn\u00f6pfen zum Aufh\u00e4ngen von Jacken und M\u00e4nteln, das nach Belieben","breadcrumb":{"@id":"https:\/\/dev6.erresse-shop.it\/de\/shop\/einrichtung-haus\/dekoartikel\/foppapedretti-wandgarderobe-appendialbero-walnuss\/#breadcrumb"},"inLanguage":"de","potentialAction":[{"@type":"ReadAction","target":["https:\/\/dev6.erresse-shop.it\/de\/shop\/einrichtung-haus\/dekoartikel\/foppapedretti-wandgarderobe-appendialbero-walnuss\/"]}]},{"@type":"ImageObject","inLanguage":"de","@id":"https:\/\/dev6.erresse-shop.it\/de\/shop\/einrichtung-haus\/dekoartikel\/foppapedretti-wandgarderobe-appendialbero-walnuss\/#primaryimage","url":"https:\/\/i3.wp.com\/interpim.erresse-shop.it\/Import\/Prodotti\/foppapedretti-appendiabiti-a-parete-appendialbero-noce.jpg?ssl=1","contentUrl":"https:\/\/i3.wp.com\/interpim.erresse-shop.it\/Import\/Prodotti\/foppapedretti-appendiabiti-a-parete-appendialbero-noce.jpg?ssl=1"},{"@type":"BreadcrumbList","@id":"https:\/\/dev6.erresse-shop.it\/de\/shop\/einrichtung-haus\/dekoartikel\/foppapedretti-wandgarderobe-appendialbero-walnuss\/#breadcrumb","itemListElement":[{"@type":"ListItem","position":1,"name":"Home","item":"https:\/\/dev6.erresse-shop.it\/"},{"@type":"ListItem","position":2,"name":"Shop","item":"https:\/\/dev6.erresse-shop.it\/shop\/"},{"@type":"ListItem","position":3,"name":"FOPPAPEDRETTI Wandgarderobe Appendialbero Walnuss"}]},{"@type":"WebSite","@id":"https:\/\/dev6.erresse-shop.it\/#website","url":"https:\/\/dev6.erresse-shop.it\/","name":"Erresse Shop","description":"","publisher":{"@id":"https:\/\/dev6.erresse-shop.it\/#organization"},"potentialAction":[{"@type":"SearchAction","target":{"@type":"EntryPoint","urlTemplate":"https:\/\/dev6.erresse-shop.it\/?s={search_term_string}"},"query-input":{"@type":"PropertyValueSpecification","valueRequired":true,"valueName":"search_term_string"}}],"inLanguage":"de"},{"@type":"Organization","@id":"https:\/\/dev6.erresse-shop.it\/#organization","name":"Erresse Shop","url":"https:\/\/dev6.erresse-shop.it\/","logo":{"@type":"ImageObject","inLanguage":"de","@id":"https:\/\/dev6.erresse-shop.it\/#\/schema\/logo\/image\/","url":"https:\/\/dev6.erresse-shop.it\/wp-content\/uploads\/2025\/01\/LOGO-ERRESSE-CLASSICO.svg","contentUrl":"https:\/\/dev6.erresse-shop.it\/wp-content\/uploads\/2025\/01\/LOGO-ERRESSE-CLASSICO.svg","caption":"Erresse Shop"},"image":{"@id":"https:\/\/dev6.erresse-shop.it\/#\/schema\/logo\/image\/"}}]}},"df_price":68.3,"df_sale_price":"","df_regular_price":68.3,"df_image_link":"https:\/\/i3.wp.com\/interpim.erresse-shop.it\/Import\/Prodotti\/foppapedretti-appendiabiti-a-parete-appendialbero-noce.jpg?resize=300,300&ssl=1","fifu_image_url":"https:\/\/interpim.erresse-shop.it\/Import\/Prodotti\/foppapedretti-appendiabiti-a-parete-appendialbero-noce.jpg","_links":{"self":[{"href":"https:\/\/dev6.erresse-shop.it\/de\/wp-json\/wp\/v2\/product\/56052","targetHints":{"allow":["GET"]}}],"collection":[{"href":"https:\/\/dev6.erresse-shop.it\/de\/wp-json\/wp\/v2\/product"}],"about":[{"href":"https:\/\/dev6.erresse-shop.it\/de\/wp-json\/wp\/v2\/types\/product"}],"wp:featuredmedia":[{"embeddable":true,"href":"https:\/\/dev6.erresse-shop.it\/de\/wp-json\/wp\/v2\/media\/6286795"}],"wp:attachment":[{"href":"https:\/\/dev6.erresse-shop.it\/de\/wp-json\/wp\/v2\/media?parent=56052"}],"wp:term":[{"taxonomy":"product_cat","embeddable":true,"href":"https:\/\/dev6.erresse-shop.it\/de\/wp-json\/wp\/v2\/product_cat?post=56052"},{"taxonomy":"product_tag","embeddable":true,"href":"https:\/\/dev6.erresse-shop.it\/de\/wp-json\/wp\/v2\/product_tag?post=56052"}],"curies":[{"name":"wp","href":"https:\/\/api.w.org\/{rel}","templated":true}]}}