{"id":56048,"date":"2026-04-12T11:49:03","date_gmt":"2026-04-12T09:49:03","guid":{"rendered":"https:\/\/dev6.erresse-shop.it\/shop\/unkategorisiert\/foppapedretti-buegelbrett-assai-4-0-zweifarbig\/"},"modified":"2025-09-14T02:19:41","modified_gmt":"2025-09-14T00:19:41","slug":"foppapedretti-buegelbrett-assai-4-0-zweifarbig","status":"publish","type":"product","link":"https:\/\/dev6.erresse-shop.it\/de\/shop\/einrichtung-haus\/buegelbretter\/foppapedretti-buegelbrett-assai-4-0-zweifarbig\/","title":{"rendered":"FOPPAPEDRETTI B\u00fcgelbrett Assai 4.0 Zweifarbig"},"content":{"rendered":"<p>Das neue Holzb\u00fcgelbrett Assai 4.0 von Foppapedretti ist nach 40 Jahren Erfolg eine Neuinterpretation unseres Bestsellers Assai mit modernem Design und innovativer Holzverarbeitung.<\/p>\n<p>Assai 4.0 verf\u00fcgt \u00fcber eine FSC-zertifizierte Massivholzstruktur mit abgerundeten Formen und einem neuen Eisenregal mit Holzrahmen und Silikonkautschukmatte. Erh\u00e4ltlich in 4 Farbvarianten, inklusive neuer dunkelgrauer Achsabdeckung.<\/p>\n<p>Assai 4.0 ist solide, aber dank der praktischen Anti-Kratz-R\u00e4der gleichzeitig leicht und einfach zu bewegen. Im geschlossenen Zustand steht es alleine, nimmt nur sehr wenig Platz ein und kann \u00fcberall aufgestellt werden. Es ist sehr praktisch und funktionell und passt sich jedem Bedarf an: Das B\u00fcgelbrett mit atmungsaktiven L\u00f6chern, die Kondensation verhindern, ist in drei H\u00f6hen verstellbar, um maximalen Komfort zu gew\u00e4hrleisten. Es verf\u00fcgt \u00fcber eine praktische untere Ablage f\u00fcr W\u00e4sche.<\/p>\n<p>Ma\u00dfe ge\u00f6ffnet:H 85\/88\/91 P 50 L 123 cm<br \/>\nAbmessungen geschlossen: H 115 T 50 L 14 cm<\/p>\n<p>Gewicht: 10\u00a0kg<\/p>\n","protected":false},"excerpt":{"rendered":"<p>Das neue Holzb\u00fcgelbrett Assai 4.0 von Foppapedretti ist nach 40 Jahren Erfolg eine Neuinterpretation unseres Bestsellers Assai mit modernem Design und innovativer Holzverarbeitung. Assai 4.0 verf\u00fcgt \u00fcber eine FSC-zertifizierte Massivholzstruktur mit abgerundeten Formen und einem neuen Eisenregal mit Holzrahmen und Silikonkautschukmatte. Erh\u00e4ltlich in 4 Farbvarianten, inklusive neuer dunkelgrauer Achsabdeckung. Assai 4.0 ist solide, aber dank [&hellip;]<\/p>\n","protected":false},"featured_media":6370052,"template":"","meta":{"_acf_changed":false},"product_cat":[11666,12139,12098],"product_tag":[],"class_list":{"0":"post-56048","1":"product","2":"type-product","3":"status-publish","4":"has-post-thumbnail","6":"product_cat-arredamento-casa","7":"product_cat-buegelbretter","8":"product_cat-einrichtung-haus","10":"first","11":"instock","12":"sale","13":"taxable","14":"shipping-taxable","15":"purchasable","16":"product-type-simple","swatches":"rey-swatches","show_selected":"","stretch_labels":"rey-swatches--stretch-labels"},"acf":[],"yoast_head":"<!-- This site is optimized with the Yoast SEO plugin v25.4 - https:\/\/yoast.com\/wordpress\/plugins\/seo\/ -->\n<title>FOPPAPEDRETTI B\u00fcgelbrett Assai 4.0 Zweifarbig - dev6 Erresse<\/title>\n<meta name=\"description\" content=\"Das neue Holzb\u00fcgelbrett Assai 4.0 von Foppapedretti ist nach 40 Jahren Erfolg eine Neuinterpretation unseres Bestsellers Assai mit modernem Design und\" \/>\n<meta name=\"robots\" content=\"noindex, follow, max-snippet:-1, max-image-preview:large, max-video-preview:-1\" \/>\n<meta property=\"og:locale\" content=\"de_DE\" \/>\n<meta property=\"og:type\" content=\"article\" \/>\n<meta property=\"og:title\" content=\"FOPPAPEDRETTI B\u00fcgelbrett Assai 4.0 Zweifarbig - dev6 Erresse\" \/>\n<meta property=\"og:description\" content=\"Das neue Holzb\u00fcgelbrett Assai 4.0 von Foppapedretti ist nach 40 Jahren Erfolg eine Neuinterpretation unseres Bestsellers Assai mit modernem Design und\" \/>\n<meta property=\"og:url\" content=\"https:\/\/dev6.erresse-shop.it\/de\/shop\/einrichtung-haus\/buegelbretter\/foppapedretti-buegelbrett-assai-4-0-zweifarbig\/\" \/>\n<meta property=\"og:site_name\" content=\"dev6 Erresse\" \/>\n<meta property=\"og:image\" content=\"https:\/\/interpim.erresse-shop.it\/Import\/Prodotti\/foppapedretti-asse-da-stiro-assai-4.0-bicolore.jpg\" \/><meta property=\"og:image\" content=\"https:\/\/interpim.erresse-shop.it\/Import\/Prodotti\/foppapedretti-asse-da-stiro-assai-4.0-bicolore.jpg\" \/>\n\t<meta property=\"og:image:width\" content=\"1024\" \/>\n\t<meta property=\"og:image:height\" content=\"1024\" \/>\n\t<meta property=\"og:image:type\" content=\"image\/jpeg\" \/>\n<meta name=\"twitter:card\" content=\"summary_large_image\" \/>\n<meta name=\"twitter:image\" content=\"https:\/\/interpim.erresse-shop.it\/Import\/Prodotti\/foppapedretti-asse-da-stiro-assai-4.0-bicolore.jpg\" \/>\n<script type=\"application\/ld+json\" class=\"yoast-schema-graph\">{\"@context\":\"https:\/\/schema.org\",\"@graph\":[{\"@type\":\"WebPage\",\"@id\":\"https:\/\/dev6.erresse-shop.it\/de\/shop\/einrichtung-haus\/buegelbretter\/foppapedretti-buegelbrett-assai-4-0-zweifarbig\/\",\"url\":\"https:\/\/dev6.erresse-shop.it\/de\/shop\/einrichtung-haus\/buegelbretter\/foppapedretti-buegelbrett-assai-4-0-zweifarbig\/\",\"name\":\"FOPPAPEDRETTI B\u00fcgelbrett Assai 4.0 Zweifarbig - dev6 Erresse\",\"isPartOf\":{\"@id\":\"https:\/\/dev6.erresse-shop.it\/#website\"},\"primaryImageOfPage\":{\"@id\":\"https:\/\/dev6.erresse-shop.it\/de\/shop\/einrichtung-haus\/buegelbretter\/foppapedretti-buegelbrett-assai-4-0-zweifarbig\/#primaryimage\"},\"image\":{\"@id\":\"https:\/\/dev6.erresse-shop.it\/de\/shop\/einrichtung-haus\/buegelbretter\/foppapedretti-buegelbrett-assai-4-0-zweifarbig\/#primaryimage\"},\"thumbnailUrl\":\"https:\/\/i3.wp.com\/interpim.erresse-shop.it\/Import\/Prodotti\/foppapedretti-asse-da-stiro-assai-4.0-bicolore.jpg?ssl=1\",\"datePublished\":\"2026-04-12T09:49:03+00:00\",\"description\":\"Das neue Holzb\u00fcgelbrett Assai 4.0 von Foppapedretti ist nach 40 Jahren Erfolg eine Neuinterpretation unseres Bestsellers Assai mit modernem Design und\",\"breadcrumb\":{\"@id\":\"https:\/\/dev6.erresse-shop.it\/de\/shop\/einrichtung-haus\/buegelbretter\/foppapedretti-buegelbrett-assai-4-0-zweifarbig\/#breadcrumb\"},\"inLanguage\":\"de\",\"potentialAction\":[{\"@type\":\"ReadAction\",\"target\":[\"https:\/\/dev6.erresse-shop.it\/de\/shop\/einrichtung-haus\/buegelbretter\/foppapedretti-buegelbrett-assai-4-0-zweifarbig\/\"]}]},{\"@type\":\"ImageObject\",\"inLanguage\":\"de\",\"@id\":\"https:\/\/dev6.erresse-shop.it\/de\/shop\/einrichtung-haus\/buegelbretter\/foppapedretti-buegelbrett-assai-4-0-zweifarbig\/#primaryimage\",\"url\":\"https:\/\/i3.wp.com\/interpim.erresse-shop.it\/Import\/Prodotti\/foppapedretti-asse-da-stiro-assai-4.0-bicolore.jpg?ssl=1\",\"contentUrl\":\"https:\/\/i3.wp.com\/interpim.erresse-shop.it\/Import\/Prodotti\/foppapedretti-asse-da-stiro-assai-4.0-bicolore.jpg?ssl=1\"},{\"@type\":\"BreadcrumbList\",\"@id\":\"https:\/\/dev6.erresse-shop.it\/de\/shop\/einrichtung-haus\/buegelbretter\/foppapedretti-buegelbrett-assai-4-0-zweifarbig\/#breadcrumb\",\"itemListElement\":[{\"@type\":\"ListItem\",\"position\":1,\"name\":\"Home\",\"item\":\"https:\/\/dev6.erresse-shop.it\/\"},{\"@type\":\"ListItem\",\"position\":2,\"name\":\"Shop\",\"item\":\"https:\/\/dev6.erresse-shop.it\/shop\/\"},{\"@type\":\"ListItem\",\"position\":3,\"name\":\"FOPPAPEDRETTI B\u00fcgelbrett Assai 4.0 Zweifarbig\"}]},{\"@type\":\"WebSite\",\"@id\":\"https:\/\/dev6.erresse-shop.it\/#website\",\"url\":\"https:\/\/dev6.erresse-shop.it\/\",\"name\":\"Erresse Shop\",\"description\":\"\",\"publisher\":{\"@id\":\"https:\/\/dev6.erresse-shop.it\/#organization\"},\"potentialAction\":[{\"@type\":\"SearchAction\",\"target\":{\"@type\":\"EntryPoint\",\"urlTemplate\":\"https:\/\/dev6.erresse-shop.it\/?s={search_term_string}\"},\"query-input\":{\"@type\":\"PropertyValueSpecification\",\"valueRequired\":true,\"valueName\":\"search_term_string\"}}],\"inLanguage\":\"de\"},{\"@type\":\"Organization\",\"@id\":\"https:\/\/dev6.erresse-shop.it\/#organization\",\"name\":\"Erresse Shop\",\"url\":\"https:\/\/dev6.erresse-shop.it\/\",\"logo\":{\"@type\":\"ImageObject\",\"inLanguage\":\"de\",\"@id\":\"https:\/\/dev6.erresse-shop.it\/#\/schema\/logo\/image\/\",\"url\":\"https:\/\/dev6.erresse-shop.it\/wp-content\/uploads\/2025\/01\/LOGO-ERRESSE-CLASSICO.svg\",\"contentUrl\":\"https:\/\/dev6.erresse-shop.it\/wp-content\/uploads\/2025\/01\/LOGO-ERRESSE-CLASSICO.svg\",\"caption\":\"Erresse Shop\"},\"image\":{\"@id\":\"https:\/\/dev6.erresse-shop.it\/#\/schema\/logo\/image\/\"}}]}<\/script>\n<!-- \/ Yoast SEO plugin. -->","yoast_head_json":{"title":"FOPPAPEDRETTI B\u00fcgelbrett Assai 4.0 Zweifarbig - dev6 Erresse","description":"Das neue Holzb\u00fcgelbrett Assai 4.0 von Foppapedretti ist nach 40 Jahren Erfolg eine Neuinterpretation unseres Bestsellers Assai mit modernem Design und","robots":{"index":"noindex","follow":"follow","max-snippet":"max-snippet:-1","max-image-preview":"max-image-preview:large","max-video-preview":"max-video-preview:-1"},"og_locale":"de_DE","og_type":"article","og_title":"FOPPAPEDRETTI B\u00fcgelbrett Assai 4.0 Zweifarbig - dev6 Erresse","og_description":"Das neue Holzb\u00fcgelbrett Assai 4.0 von Foppapedretti ist nach 40 Jahren Erfolg eine Neuinterpretation unseres Bestsellers Assai mit modernem Design und","og_url":"https:\/\/dev6.erresse-shop.it\/de\/shop\/einrichtung-haus\/buegelbretter\/foppapedretti-buegelbrett-assai-4-0-zweifarbig\/","og_site_name":"dev6 Erresse","og_image":[{"url":"https:\/\/interpim.erresse-shop.it\/Import\/Prodotti\/foppapedretti-asse-da-stiro-assai-4.0-bicolore.jpg","type":"","width":"","height":""},{"url":"https:\/\/interpim.erresse-shop.it\/Import\/Prodotti\/foppapedretti-asse-da-stiro-assai-4.0-bicolore.jpg","width":1024,"height":1024,"type":"image\/jpeg"}],"twitter_card":"summary_large_image","twitter_image":"https:\/\/interpim.erresse-shop.it\/Import\/Prodotti\/foppapedretti-asse-da-stiro-assai-4.0-bicolore.jpg","schema":{"@context":"https:\/\/schema.org","@graph":[{"@type":"WebPage","@id":"https:\/\/dev6.erresse-shop.it\/de\/shop\/einrichtung-haus\/buegelbretter\/foppapedretti-buegelbrett-assai-4-0-zweifarbig\/","url":"https:\/\/dev6.erresse-shop.it\/de\/shop\/einrichtung-haus\/buegelbretter\/foppapedretti-buegelbrett-assai-4-0-zweifarbig\/","name":"FOPPAPEDRETTI B\u00fcgelbrett Assai 4.0 Zweifarbig - dev6 Erresse","isPartOf":{"@id":"https:\/\/dev6.erresse-shop.it\/#website"},"primaryImageOfPage":{"@id":"https:\/\/dev6.erresse-shop.it\/de\/shop\/einrichtung-haus\/buegelbretter\/foppapedretti-buegelbrett-assai-4-0-zweifarbig\/#primaryimage"},"image":{"@id":"https:\/\/dev6.erresse-shop.it\/de\/shop\/einrichtung-haus\/buegelbretter\/foppapedretti-buegelbrett-assai-4-0-zweifarbig\/#primaryimage"},"thumbnailUrl":"https:\/\/i3.wp.com\/interpim.erresse-shop.it\/Import\/Prodotti\/foppapedretti-asse-da-stiro-assai-4.0-bicolore.jpg?ssl=1","datePublished":"2026-04-12T09:49:03+00:00","description":"Das neue Holzb\u00fcgelbrett Assai 4.0 von Foppapedretti ist nach 40 Jahren Erfolg eine Neuinterpretation unseres Bestsellers Assai mit modernem Design und","breadcrumb":{"@id":"https:\/\/dev6.erresse-shop.it\/de\/shop\/einrichtung-haus\/buegelbretter\/foppapedretti-buegelbrett-assai-4-0-zweifarbig\/#breadcrumb"},"inLanguage":"de","potentialAction":[{"@type":"ReadAction","target":["https:\/\/dev6.erresse-shop.it\/de\/shop\/einrichtung-haus\/buegelbretter\/foppapedretti-buegelbrett-assai-4-0-zweifarbig\/"]}]},{"@type":"ImageObject","inLanguage":"de","@id":"https:\/\/dev6.erresse-shop.it\/de\/shop\/einrichtung-haus\/buegelbretter\/foppapedretti-buegelbrett-assai-4-0-zweifarbig\/#primaryimage","url":"https:\/\/i3.wp.com\/interpim.erresse-shop.it\/Import\/Prodotti\/foppapedretti-asse-da-stiro-assai-4.0-bicolore.jpg?ssl=1","contentUrl":"https:\/\/i3.wp.com\/interpim.erresse-shop.it\/Import\/Prodotti\/foppapedretti-asse-da-stiro-assai-4.0-bicolore.jpg?ssl=1"},{"@type":"BreadcrumbList","@id":"https:\/\/dev6.erresse-shop.it\/de\/shop\/einrichtung-haus\/buegelbretter\/foppapedretti-buegelbrett-assai-4-0-zweifarbig\/#breadcrumb","itemListElement":[{"@type":"ListItem","position":1,"name":"Home","item":"https:\/\/dev6.erresse-shop.it\/"},{"@type":"ListItem","position":2,"name":"Shop","item":"https:\/\/dev6.erresse-shop.it\/shop\/"},{"@type":"ListItem","position":3,"name":"FOPPAPEDRETTI B\u00fcgelbrett Assai 4.0 Zweifarbig"}]},{"@type":"WebSite","@id":"https:\/\/dev6.erresse-shop.it\/#website","url":"https:\/\/dev6.erresse-shop.it\/","name":"Erresse Shop","description":"","publisher":{"@id":"https:\/\/dev6.erresse-shop.it\/#organization"},"potentialAction":[{"@type":"SearchAction","target":{"@type":"EntryPoint","urlTemplate":"https:\/\/dev6.erresse-shop.it\/?s={search_term_string}"},"query-input":{"@type":"PropertyValueSpecification","valueRequired":true,"valueName":"search_term_string"}}],"inLanguage":"de"},{"@type":"Organization","@id":"https:\/\/dev6.erresse-shop.it\/#organization","name":"Erresse Shop","url":"https:\/\/dev6.erresse-shop.it\/","logo":{"@type":"ImageObject","inLanguage":"de","@id":"https:\/\/dev6.erresse-shop.it\/#\/schema\/logo\/image\/","url":"https:\/\/dev6.erresse-shop.it\/wp-content\/uploads\/2025\/01\/LOGO-ERRESSE-CLASSICO.svg","contentUrl":"https:\/\/dev6.erresse-shop.it\/wp-content\/uploads\/2025\/01\/LOGO-ERRESSE-CLASSICO.svg","caption":"Erresse Shop"},"image":{"@id":"https:\/\/dev6.erresse-shop.it\/#\/schema\/logo\/image\/"}}]}},"df_price":179.9,"df_sale_price":179.9,"df_regular_price":295.8,"df_image_link":"https:\/\/i3.wp.com\/interpim.erresse-shop.it\/Import\/Prodotti\/foppapedretti-asse-da-stiro-assai-4.0-bicolore.jpg?resize=300,300&ssl=1","fifu_image_url":"https:\/\/interpim.erresse-shop.it\/Import\/Prodotti\/foppapedretti-asse-da-stiro-assai-4.0-bicolore.jpg","_links":{"self":[{"href":"https:\/\/dev6.erresse-shop.it\/de\/wp-json\/wp\/v2\/product\/56048","targetHints":{"allow":["GET"]}}],"collection":[{"href":"https:\/\/dev6.erresse-shop.it\/de\/wp-json\/wp\/v2\/product"}],"about":[{"href":"https:\/\/dev6.erresse-shop.it\/de\/wp-json\/wp\/v2\/types\/product"}],"wp:featuredmedia":[{"embeddable":true,"href":"https:\/\/dev6.erresse-shop.it\/de\/wp-json\/wp\/v2\/media\/6370052"}],"wp:attachment":[{"href":"https:\/\/dev6.erresse-shop.it\/de\/wp-json\/wp\/v2\/media?parent=56048"}],"wp:term":[{"taxonomy":"product_cat","embeddable":true,"href":"https:\/\/dev6.erresse-shop.it\/de\/wp-json\/wp\/v2\/product_cat?post=56048"},{"taxonomy":"product_tag","embeddable":true,"href":"https:\/\/dev6.erresse-shop.it\/de\/wp-json\/wp\/v2\/product_tag?post=56048"}],"curies":[{"name":"wp","href":"https:\/\/api.w.org\/{rel}","templated":true}]}}