{"id":56040,"date":"2026-04-12T11:49:03","date_gmt":"2026-04-12T09:49:03","guid":{"rendered":"https:\/\/dev6.erresse-shop.it\/shop\/unkategorisiert\/foppapedretti-waeschestaender-gulliver-4-0-natuerlich\/"},"modified":"2025-09-14T02:19:22","modified_gmt":"2025-09-14T00:19:22","slug":"foppapedretti-waeschestaender-gulliver-4-0-natuerlich","status":"publish","type":"product","link":"https:\/\/dev6.erresse-shop.it\/de\/shop\/einrichtung-haus\/waeschestaender\/foppapedretti-waeschestaender-gulliver-4-0-natuerlich\/","title":{"rendered":"FOPPAPEDRETTI W\u00e4schest\u00e4nder Gulliver 4.0 Nat\u00fcrlich"},"content":{"rendered":"<p>Der neue faltbare W\u00e4schest\u00e4nder Gulliver 4.0 aus Holz von Foppapedretti ist nach 40 Jahren Erfolg eine Neuauflage unseres Bestsellers Gulliver mit modernem Design und innovativer Holzverarbeitung.<\/p>\n<p>Gulliver 4.0 verf\u00fcgt \u00fcber eine FSC-zertifizierte Massivholzstruktur mit abgerundeten Formen und ist in 3 Farbvarianten erh\u00e4ltlich.<\/p>\n<p>Gulliver 4.0 kann je nach Menge der aufzuh\u00e4ngenden W\u00e4sche moduliert werden: Er verf\u00fcgt \u00fcber eine 27 Meter lange Leine zum Aufh\u00e4ngen von Kleidung und \u00f6ffnet sich dank unabh\u00e4ngiger Seiten- und Vorderarme mit lackierten Aluminiumstangen entsprechend der Menge der zu trocknenden W\u00e4sche. Gulliver 4.0 l\u00e4sst sich auf kleinstem Raum zusammenklappen, ben\u00f6tigt nur 14 Zentimeter und bleibt auch von alleine stehen \u2026 und l\u00e4sst sich dank der stabilen Bremsr\u00e4der leicht bewegen. Es kann \u00fcberall positioniert werden.<\/p>\n<p>Im Lieferumfang sind sechs farbige Clothy-Klammern enthalten, die in der praktischen Ablage auf einer Seite des W\u00e4schest\u00e4nders aufbewahrt werden k\u00f6nnen und auch separat erworben werden k\u00f6nnen.<\/p>\n<p>Abmessungen ge\u00f6ffnet: H 105 T 80 L 174 cm<br \/>\nAbmessungen geschlossen: H 103 P 55 L 14 cm<\/p>\n<p>Gewicht:8 kg<\/p>\n","protected":false},"excerpt":{"rendered":"<p>Der neue faltbare W\u00e4schest\u00e4nder Gulliver 4.0 aus Holz von Foppapedretti ist nach 40 Jahren Erfolg eine Neuauflage unseres Bestsellers Gulliver mit modernem Design und innovativer Holzverarbeitung. Gulliver 4.0 verf\u00fcgt \u00fcber eine FSC-zertifizierte Massivholzstruktur mit abgerundeten Formen und ist in 3 Farbvarianten erh\u00e4ltlich. Gulliver 4.0 kann je nach Menge der aufzuh\u00e4ngenden W\u00e4sche moduliert werden: Er verf\u00fcgt [&hellip;]<\/p>\n","protected":false},"featured_media":6370019,"template":"","meta":{"_acf_changed":false},"product_cat":[11666,12098,12149],"product_tag":[],"class_list":{"0":"post-56040","1":"product","2":"type-product","3":"status-publish","4":"has-post-thumbnail","6":"product_cat-arredamento-casa","7":"product_cat-einrichtung-haus","8":"product_cat-waeschestaender","10":"first","11":"instock","12":"sale","13":"taxable","14":"shipping-taxable","15":"purchasable","16":"product-type-simple","swatches":"rey-swatches","show_selected":"","stretch_labels":"rey-swatches--stretch-labels"},"acf":[],"yoast_head":"<!-- This site is optimized with the Yoast SEO plugin v25.4 - https:\/\/yoast.com\/wordpress\/plugins\/seo\/ -->\n<title>FOPPAPEDRETTI W\u00e4schest\u00e4nder Gulliver 4.0 Nat\u00fcrlich - dev6 Erresse<\/title>\n<meta name=\"description\" content=\"Der neue faltbare W\u00e4schest\u00e4nder Gulliver 4.0 aus Holz von Foppapedretti ist nach 40 Jahren Erfolg eine Neuauflage unseres Bestsellers Gulliver mit\" \/>\n<meta name=\"robots\" content=\"noindex, follow, max-snippet:-1, max-image-preview:large, max-video-preview:-1\" \/>\n<meta property=\"og:locale\" content=\"de_DE\" \/>\n<meta property=\"og:type\" content=\"article\" \/>\n<meta property=\"og:title\" content=\"FOPPAPEDRETTI W\u00e4schest\u00e4nder Gulliver 4.0 Nat\u00fcrlich - dev6 Erresse\" \/>\n<meta property=\"og:description\" content=\"Der neue faltbare W\u00e4schest\u00e4nder Gulliver 4.0 aus Holz von Foppapedretti ist nach 40 Jahren Erfolg eine Neuauflage unseres Bestsellers Gulliver mit\" \/>\n<meta property=\"og:url\" content=\"https:\/\/dev6.erresse-shop.it\/de\/shop\/einrichtung-haus\/waeschestaender\/foppapedretti-waeschestaender-gulliver-4-0-natuerlich\/\" \/>\n<meta property=\"og:site_name\" content=\"dev6 Erresse\" \/>\n<meta property=\"og:image\" content=\"https:\/\/interpim.erresse-shop.it\/Import\/Prodotti\/foppapedretti-stendibiancheria-gulliver-4.0-naturale.jpg\" \/><meta property=\"og:image\" content=\"https:\/\/interpim.erresse-shop.it\/Import\/Prodotti\/foppapedretti-stendibiancheria-gulliver-4.0-naturale.jpg\" \/>\n\t<meta property=\"og:image:width\" content=\"1024\" \/>\n\t<meta property=\"og:image:height\" content=\"1024\" \/>\n\t<meta property=\"og:image:type\" content=\"image\/jpeg\" \/>\n<meta name=\"twitter:card\" content=\"summary_large_image\" \/>\n<meta name=\"twitter:image\" content=\"https:\/\/interpim.erresse-shop.it\/Import\/Prodotti\/foppapedretti-stendibiancheria-gulliver-4.0-naturale.jpg\" \/>\n<script type=\"application\/ld+json\" class=\"yoast-schema-graph\">{\"@context\":\"https:\/\/schema.org\",\"@graph\":[{\"@type\":\"WebPage\",\"@id\":\"https:\/\/dev6.erresse-shop.it\/de\/shop\/einrichtung-haus\/waeschestaender\/foppapedretti-waeschestaender-gulliver-4-0-natuerlich\/\",\"url\":\"https:\/\/dev6.erresse-shop.it\/de\/shop\/einrichtung-haus\/waeschestaender\/foppapedretti-waeschestaender-gulliver-4-0-natuerlich\/\",\"name\":\"FOPPAPEDRETTI W\u00e4schest\u00e4nder Gulliver 4.0 Nat\u00fcrlich - dev6 Erresse\",\"isPartOf\":{\"@id\":\"https:\/\/dev6.erresse-shop.it\/#website\"},\"primaryImageOfPage\":{\"@id\":\"https:\/\/dev6.erresse-shop.it\/de\/shop\/einrichtung-haus\/waeschestaender\/foppapedretti-waeschestaender-gulliver-4-0-natuerlich\/#primaryimage\"},\"image\":{\"@id\":\"https:\/\/dev6.erresse-shop.it\/de\/shop\/einrichtung-haus\/waeschestaender\/foppapedretti-waeschestaender-gulliver-4-0-natuerlich\/#primaryimage\"},\"thumbnailUrl\":\"https:\/\/i2.wp.com\/interpim.erresse-shop.it\/Import\/Prodotti\/foppapedretti-stendibiancheria-gulliver-4.0-naturale.jpg?ssl=1\",\"datePublished\":\"2026-04-12T09:49:03+00:00\",\"description\":\"Der neue faltbare W\u00e4schest\u00e4nder Gulliver 4.0 aus Holz von Foppapedretti ist nach 40 Jahren Erfolg eine Neuauflage unseres Bestsellers Gulliver mit\",\"breadcrumb\":{\"@id\":\"https:\/\/dev6.erresse-shop.it\/de\/shop\/einrichtung-haus\/waeschestaender\/foppapedretti-waeschestaender-gulliver-4-0-natuerlich\/#breadcrumb\"},\"inLanguage\":\"de\",\"potentialAction\":[{\"@type\":\"ReadAction\",\"target\":[\"https:\/\/dev6.erresse-shop.it\/de\/shop\/einrichtung-haus\/waeschestaender\/foppapedretti-waeschestaender-gulliver-4-0-natuerlich\/\"]}]},{\"@type\":\"ImageObject\",\"inLanguage\":\"de\",\"@id\":\"https:\/\/dev6.erresse-shop.it\/de\/shop\/einrichtung-haus\/waeschestaender\/foppapedretti-waeschestaender-gulliver-4-0-natuerlich\/#primaryimage\",\"url\":\"https:\/\/i2.wp.com\/interpim.erresse-shop.it\/Import\/Prodotti\/foppapedretti-stendibiancheria-gulliver-4.0-naturale.jpg?ssl=1\",\"contentUrl\":\"https:\/\/i2.wp.com\/interpim.erresse-shop.it\/Import\/Prodotti\/foppapedretti-stendibiancheria-gulliver-4.0-naturale.jpg?ssl=1\"},{\"@type\":\"BreadcrumbList\",\"@id\":\"https:\/\/dev6.erresse-shop.it\/de\/shop\/einrichtung-haus\/waeschestaender\/foppapedretti-waeschestaender-gulliver-4-0-natuerlich\/#breadcrumb\",\"itemListElement\":[{\"@type\":\"ListItem\",\"position\":1,\"name\":\"Home\",\"item\":\"https:\/\/dev6.erresse-shop.it\/\"},{\"@type\":\"ListItem\",\"position\":2,\"name\":\"Shop\",\"item\":\"https:\/\/dev6.erresse-shop.it\/shop\/\"},{\"@type\":\"ListItem\",\"position\":3,\"name\":\"FOPPAPEDRETTI W\u00e4schest\u00e4nder Gulliver 4.0 Nat\u00fcrlich\"}]},{\"@type\":\"WebSite\",\"@id\":\"https:\/\/dev6.erresse-shop.it\/#website\",\"url\":\"https:\/\/dev6.erresse-shop.it\/\",\"name\":\"Erresse Shop\",\"description\":\"\",\"publisher\":{\"@id\":\"https:\/\/dev6.erresse-shop.it\/#organization\"},\"potentialAction\":[{\"@type\":\"SearchAction\",\"target\":{\"@type\":\"EntryPoint\",\"urlTemplate\":\"https:\/\/dev6.erresse-shop.it\/?s={search_term_string}\"},\"query-input\":{\"@type\":\"PropertyValueSpecification\",\"valueRequired\":true,\"valueName\":\"search_term_string\"}}],\"inLanguage\":\"de\"},{\"@type\":\"Organization\",\"@id\":\"https:\/\/dev6.erresse-shop.it\/#organization\",\"name\":\"Erresse Shop\",\"url\":\"https:\/\/dev6.erresse-shop.it\/\",\"logo\":{\"@type\":\"ImageObject\",\"inLanguage\":\"de\",\"@id\":\"https:\/\/dev6.erresse-shop.it\/#\/schema\/logo\/image\/\",\"url\":\"https:\/\/dev6.erresse-shop.it\/wp-content\/uploads\/2025\/01\/LOGO-ERRESSE-CLASSICO.svg\",\"contentUrl\":\"https:\/\/dev6.erresse-shop.it\/wp-content\/uploads\/2025\/01\/LOGO-ERRESSE-CLASSICO.svg\",\"caption\":\"Erresse Shop\"},\"image\":{\"@id\":\"https:\/\/dev6.erresse-shop.it\/#\/schema\/logo\/image\/\"}}]}<\/script>\n<!-- \/ Yoast SEO plugin. -->","yoast_head_json":{"title":"FOPPAPEDRETTI W\u00e4schest\u00e4nder Gulliver 4.0 Nat\u00fcrlich - dev6 Erresse","description":"Der neue faltbare W\u00e4schest\u00e4nder Gulliver 4.0 aus Holz von Foppapedretti ist nach 40 Jahren Erfolg eine Neuauflage unseres Bestsellers Gulliver mit","robots":{"index":"noindex","follow":"follow","max-snippet":"max-snippet:-1","max-image-preview":"max-image-preview:large","max-video-preview":"max-video-preview:-1"},"og_locale":"de_DE","og_type":"article","og_title":"FOPPAPEDRETTI W\u00e4schest\u00e4nder Gulliver 4.0 Nat\u00fcrlich - dev6 Erresse","og_description":"Der neue faltbare W\u00e4schest\u00e4nder Gulliver 4.0 aus Holz von Foppapedretti ist nach 40 Jahren Erfolg eine Neuauflage unseres Bestsellers Gulliver mit","og_url":"https:\/\/dev6.erresse-shop.it\/de\/shop\/einrichtung-haus\/waeschestaender\/foppapedretti-waeschestaender-gulliver-4-0-natuerlich\/","og_site_name":"dev6 Erresse","og_image":[{"url":"https:\/\/interpim.erresse-shop.it\/Import\/Prodotti\/foppapedretti-stendibiancheria-gulliver-4.0-naturale.jpg","type":"","width":"","height":""},{"url":"https:\/\/interpim.erresse-shop.it\/Import\/Prodotti\/foppapedretti-stendibiancheria-gulliver-4.0-naturale.jpg","width":1024,"height":1024,"type":"image\/jpeg"}],"twitter_card":"summary_large_image","twitter_image":"https:\/\/interpim.erresse-shop.it\/Import\/Prodotti\/foppapedretti-stendibiancheria-gulliver-4.0-naturale.jpg","schema":{"@context":"https:\/\/schema.org","@graph":[{"@type":"WebPage","@id":"https:\/\/dev6.erresse-shop.it\/de\/shop\/einrichtung-haus\/waeschestaender\/foppapedretti-waeschestaender-gulliver-4-0-natuerlich\/","url":"https:\/\/dev6.erresse-shop.it\/de\/shop\/einrichtung-haus\/waeschestaender\/foppapedretti-waeschestaender-gulliver-4-0-natuerlich\/","name":"FOPPAPEDRETTI W\u00e4schest\u00e4nder Gulliver 4.0 Nat\u00fcrlich - dev6 Erresse","isPartOf":{"@id":"https:\/\/dev6.erresse-shop.it\/#website"},"primaryImageOfPage":{"@id":"https:\/\/dev6.erresse-shop.it\/de\/shop\/einrichtung-haus\/waeschestaender\/foppapedretti-waeschestaender-gulliver-4-0-natuerlich\/#primaryimage"},"image":{"@id":"https:\/\/dev6.erresse-shop.it\/de\/shop\/einrichtung-haus\/waeschestaender\/foppapedretti-waeschestaender-gulliver-4-0-natuerlich\/#primaryimage"},"thumbnailUrl":"https:\/\/i2.wp.com\/interpim.erresse-shop.it\/Import\/Prodotti\/foppapedretti-stendibiancheria-gulliver-4.0-naturale.jpg?ssl=1","datePublished":"2026-04-12T09:49:03+00:00","description":"Der neue faltbare W\u00e4schest\u00e4nder Gulliver 4.0 aus Holz von Foppapedretti ist nach 40 Jahren Erfolg eine Neuauflage unseres Bestsellers Gulliver mit","breadcrumb":{"@id":"https:\/\/dev6.erresse-shop.it\/de\/shop\/einrichtung-haus\/waeschestaender\/foppapedretti-waeschestaender-gulliver-4-0-natuerlich\/#breadcrumb"},"inLanguage":"de","potentialAction":[{"@type":"ReadAction","target":["https:\/\/dev6.erresse-shop.it\/de\/shop\/einrichtung-haus\/waeschestaender\/foppapedretti-waeschestaender-gulliver-4-0-natuerlich\/"]}]},{"@type":"ImageObject","inLanguage":"de","@id":"https:\/\/dev6.erresse-shop.it\/de\/shop\/einrichtung-haus\/waeschestaender\/foppapedretti-waeschestaender-gulliver-4-0-natuerlich\/#primaryimage","url":"https:\/\/i2.wp.com\/interpim.erresse-shop.it\/Import\/Prodotti\/foppapedretti-stendibiancheria-gulliver-4.0-naturale.jpg?ssl=1","contentUrl":"https:\/\/i2.wp.com\/interpim.erresse-shop.it\/Import\/Prodotti\/foppapedretti-stendibiancheria-gulliver-4.0-naturale.jpg?ssl=1"},{"@type":"BreadcrumbList","@id":"https:\/\/dev6.erresse-shop.it\/de\/shop\/einrichtung-haus\/waeschestaender\/foppapedretti-waeschestaender-gulliver-4-0-natuerlich\/#breadcrumb","itemListElement":[{"@type":"ListItem","position":1,"name":"Home","item":"https:\/\/dev6.erresse-shop.it\/"},{"@type":"ListItem","position":2,"name":"Shop","item":"https:\/\/dev6.erresse-shop.it\/shop\/"},{"@type":"ListItem","position":3,"name":"FOPPAPEDRETTI W\u00e4schest\u00e4nder Gulliver 4.0 Nat\u00fcrlich"}]},{"@type":"WebSite","@id":"https:\/\/dev6.erresse-shop.it\/#website","url":"https:\/\/dev6.erresse-shop.it\/","name":"Erresse Shop","description":"","publisher":{"@id":"https:\/\/dev6.erresse-shop.it\/#organization"},"potentialAction":[{"@type":"SearchAction","target":{"@type":"EntryPoint","urlTemplate":"https:\/\/dev6.erresse-shop.it\/?s={search_term_string}"},"query-input":{"@type":"PropertyValueSpecification","valueRequired":true,"valueName":"search_term_string"}}],"inLanguage":"de"},{"@type":"Organization","@id":"https:\/\/dev6.erresse-shop.it\/#organization","name":"Erresse Shop","url":"https:\/\/dev6.erresse-shop.it\/","logo":{"@type":"ImageObject","inLanguage":"de","@id":"https:\/\/dev6.erresse-shop.it\/#\/schema\/logo\/image\/","url":"https:\/\/dev6.erresse-shop.it\/wp-content\/uploads\/2025\/01\/LOGO-ERRESSE-CLASSICO.svg","contentUrl":"https:\/\/dev6.erresse-shop.it\/wp-content\/uploads\/2025\/01\/LOGO-ERRESSE-CLASSICO.svg","caption":"Erresse Shop"},"image":{"@id":"https:\/\/dev6.erresse-shop.it\/#\/schema\/logo\/image\/"}}]}},"df_price":159,"df_sale_price":159,"df_regular_price":259,"df_image_link":"https:\/\/i2.wp.com\/interpim.erresse-shop.it\/Import\/Prodotti\/foppapedretti-stendibiancheria-gulliver-4.0-naturale.jpg?resize=300,300&ssl=1","fifu_image_url":"https:\/\/interpim.erresse-shop.it\/Import\/Prodotti\/foppapedretti-stendibiancheria-gulliver-4.0-naturale.jpg","_links":{"self":[{"href":"https:\/\/dev6.erresse-shop.it\/de\/wp-json\/wp\/v2\/product\/56040","targetHints":{"allow":["GET"]}}],"collection":[{"href":"https:\/\/dev6.erresse-shop.it\/de\/wp-json\/wp\/v2\/product"}],"about":[{"href":"https:\/\/dev6.erresse-shop.it\/de\/wp-json\/wp\/v2\/types\/product"}],"wp:featuredmedia":[{"embeddable":true,"href":"https:\/\/dev6.erresse-shop.it\/de\/wp-json\/wp\/v2\/media\/6370019"}],"wp:attachment":[{"href":"https:\/\/dev6.erresse-shop.it\/de\/wp-json\/wp\/v2\/media?parent=56040"}],"wp:term":[{"taxonomy":"product_cat","embeddable":true,"href":"https:\/\/dev6.erresse-shop.it\/de\/wp-json\/wp\/v2\/product_cat?post=56040"},{"taxonomy":"product_tag","embeddable":true,"href":"https:\/\/dev6.erresse-shop.it\/de\/wp-json\/wp\/v2\/product_tag?post=56040"}],"curies":[{"name":"wp","href":"https:\/\/api.w.org\/{rel}","templated":true}]}}