{"id":56032,"date":"2026-04-12T11:49:03","date_gmt":"2026-04-12T09:49:03","guid":{"rendered":"https:\/\/dev6.erresse-shop.it\/shop\/unkategorisiert\/wd-lifestyle-glasbecher-kekse\/"},"modified":"2025-09-14T02:19:05","modified_gmt":"2025-09-14T00:19:05","slug":"wd-lifestyle-glasbecher-kekse","status":"publish","type":"product","link":"https:\/\/dev6.erresse-shop.it\/de\/shop\/tisch\/tassen\/wd-lifestyle-glasbecher-kekse\/","title":{"rendered":"WD LIFESTYLE Glasbecher Kekse"},"content":{"rendered":"<p>Jedes Motiv wird in Handarbeit aus mundgeblasenem Glas hergestellt, was jedes einzelne Glas zu einem Unikat macht.<\/p>\n<p>W\u00e4hlen Sie Ihre Trinklaune und experimentieren Sie mit verschiedenen Kombinationen, um einen fr\u00f6hlichen und raffinierten Tisch zu gestalten.<\/p>\n<p>Fassungsverm\u00f6gen: 420 ml<br \/>\nGr\u00f6\u00dfe: \u00d8 11 x 8 cm<\/p>\n","protected":false},"excerpt":{"rendered":"<p>Jedes Motiv wird in Handarbeit aus mundgeblasenem Glas hergestellt, was jedes einzelne Glas zu einem Unikat macht. W\u00e4hlen Sie Ihre Trinklaune und experimentieren Sie mit verschiedenen Kombinationen, um einen fr\u00f6hlichen und raffinierten Tisch zu gestalten. Fassungsverm\u00f6gen: 420 ml Gr\u00f6\u00dfe: \u00d8 11 x 8 cm<\/p>\n","protected":false},"featured_media":6370007,"template":"","meta":{"_acf_changed":false},"product_cat":[12121,11671,12103],"product_tag":[],"class_list":{"0":"post-56032","1":"product","2":"type-product","3":"status-publish","4":"has-post-thumbnail","6":"product_cat-tassen","7":"product_cat-tavola","8":"product_cat-tisch","10":"first","11":"instock","12":"taxable","13":"shipping-taxable","14":"purchasable","15":"product-type-simple","swatches":"rey-swatches","show_selected":"","stretch_labels":"rey-swatches--stretch-labels"},"acf":[],"yoast_head":"<!-- This site is optimized with the Yoast SEO plugin v25.4 - https:\/\/yoast.com\/wordpress\/plugins\/seo\/ -->\n<title>WD LIFESTYLE Glasbecher Kekse - dev6 Erresse<\/title>\n<meta name=\"description\" content=\"Jedes Motiv wird in Handarbeit aus mundgeblasenem Glas hergestellt, was jedes einzelne Glas zu einem Unikat macht. W\u00e4hlen Sie Ihre Trinklaune und\" \/>\n<meta name=\"robots\" content=\"noindex, follow, max-snippet:-1, max-image-preview:large, max-video-preview:-1\" \/>\n<meta property=\"og:locale\" content=\"de_DE\" \/>\n<meta property=\"og:type\" content=\"article\" \/>\n<meta property=\"og:title\" content=\"WD LIFESTYLE Glasbecher Kekse - dev6 Erresse\" \/>\n<meta property=\"og:description\" content=\"Jedes Motiv wird in Handarbeit aus mundgeblasenem Glas hergestellt, was jedes einzelne Glas zu einem Unikat macht. W\u00e4hlen Sie Ihre Trinklaune und\" \/>\n<meta property=\"og:url\" content=\"https:\/\/dev6.erresse-shop.it\/de\/shop\/tisch\/tassen\/wd-lifestyle-glasbecher-kekse\/\" \/>\n<meta property=\"og:site_name\" content=\"dev6 Erresse\" \/>\n<meta property=\"og:image\" content=\"https:\/\/interpim.erresse-shop.it\/img-catalogo\/wd-lifestyle\/wd-lifestyle-tazza-in-vetro-biscotto.jpg\" \/><meta property=\"og:image\" content=\"https:\/\/interpim.erresse-shop.it\/img-catalogo\/wd-lifestyle\/wd-lifestyle-tazza-in-vetro-biscotto.jpg\" \/>\n\t<meta property=\"og:image:width\" content=\"1024\" \/>\n\t<meta property=\"og:image:height\" content=\"1024\" \/>\n\t<meta property=\"og:image:type\" content=\"image\/jpeg\" \/>\n<meta name=\"twitter:card\" content=\"summary_large_image\" \/>\n<meta name=\"twitter:image\" content=\"https:\/\/interpim.erresse-shop.it\/img-catalogo\/wd-lifestyle\/wd-lifestyle-tazza-in-vetro-biscotto.jpg\" \/>\n<script type=\"application\/ld+json\" class=\"yoast-schema-graph\">{\"@context\":\"https:\/\/schema.org\",\"@graph\":[{\"@type\":\"WebPage\",\"@id\":\"https:\/\/dev6.erresse-shop.it\/de\/shop\/tisch\/tassen\/wd-lifestyle-glasbecher-kekse\/\",\"url\":\"https:\/\/dev6.erresse-shop.it\/de\/shop\/tisch\/tassen\/wd-lifestyle-glasbecher-kekse\/\",\"name\":\"WD LIFESTYLE Glasbecher Kekse - dev6 Erresse\",\"isPartOf\":{\"@id\":\"https:\/\/dev6.erresse-shop.it\/#website\"},\"primaryImageOfPage\":{\"@id\":\"https:\/\/dev6.erresse-shop.it\/de\/shop\/tisch\/tassen\/wd-lifestyle-glasbecher-kekse\/#primaryimage\"},\"image\":{\"@id\":\"https:\/\/dev6.erresse-shop.it\/de\/shop\/tisch\/tassen\/wd-lifestyle-glasbecher-kekse\/#primaryimage\"},\"thumbnailUrl\":\"https:\/\/i1.wp.com\/interpim.erresse-shop.it\/img-catalogo\/wd-lifestyle\/wd-lifestyle-tazza-in-vetro-biscotto.jpg?ssl=1\",\"datePublished\":\"2026-04-12T09:49:03+00:00\",\"description\":\"Jedes Motiv wird in Handarbeit aus mundgeblasenem Glas hergestellt, was jedes einzelne Glas zu einem Unikat macht. W\u00e4hlen Sie Ihre Trinklaune und\",\"breadcrumb\":{\"@id\":\"https:\/\/dev6.erresse-shop.it\/de\/shop\/tisch\/tassen\/wd-lifestyle-glasbecher-kekse\/#breadcrumb\"},\"inLanguage\":\"de\",\"potentialAction\":[{\"@type\":\"ReadAction\",\"target\":[\"https:\/\/dev6.erresse-shop.it\/de\/shop\/tisch\/tassen\/wd-lifestyle-glasbecher-kekse\/\"]}]},{\"@type\":\"ImageObject\",\"inLanguage\":\"de\",\"@id\":\"https:\/\/dev6.erresse-shop.it\/de\/shop\/tisch\/tassen\/wd-lifestyle-glasbecher-kekse\/#primaryimage\",\"url\":\"https:\/\/i1.wp.com\/interpim.erresse-shop.it\/img-catalogo\/wd-lifestyle\/wd-lifestyle-tazza-in-vetro-biscotto.jpg?ssl=1\",\"contentUrl\":\"https:\/\/i1.wp.com\/interpim.erresse-shop.it\/img-catalogo\/wd-lifestyle\/wd-lifestyle-tazza-in-vetro-biscotto.jpg?ssl=1\"},{\"@type\":\"BreadcrumbList\",\"@id\":\"https:\/\/dev6.erresse-shop.it\/de\/shop\/tisch\/tassen\/wd-lifestyle-glasbecher-kekse\/#breadcrumb\",\"itemListElement\":[{\"@type\":\"ListItem\",\"position\":1,\"name\":\"Home\",\"item\":\"https:\/\/dev6.erresse-shop.it\/\"},{\"@type\":\"ListItem\",\"position\":2,\"name\":\"Shop\",\"item\":\"https:\/\/dev6.erresse-shop.it\/shop\/\"},{\"@type\":\"ListItem\",\"position\":3,\"name\":\"WD LIFESTYLE Glasbecher Kekse\"}]},{\"@type\":\"WebSite\",\"@id\":\"https:\/\/dev6.erresse-shop.it\/#website\",\"url\":\"https:\/\/dev6.erresse-shop.it\/\",\"name\":\"Erresse Shop\",\"description\":\"\",\"publisher\":{\"@id\":\"https:\/\/dev6.erresse-shop.it\/#organization\"},\"potentialAction\":[{\"@type\":\"SearchAction\",\"target\":{\"@type\":\"EntryPoint\",\"urlTemplate\":\"https:\/\/dev6.erresse-shop.it\/?s={search_term_string}\"},\"query-input\":{\"@type\":\"PropertyValueSpecification\",\"valueRequired\":true,\"valueName\":\"search_term_string\"}}],\"inLanguage\":\"de\"},{\"@type\":\"Organization\",\"@id\":\"https:\/\/dev6.erresse-shop.it\/#organization\",\"name\":\"Erresse Shop\",\"url\":\"https:\/\/dev6.erresse-shop.it\/\",\"logo\":{\"@type\":\"ImageObject\",\"inLanguage\":\"de\",\"@id\":\"https:\/\/dev6.erresse-shop.it\/#\/schema\/logo\/image\/\",\"url\":\"https:\/\/dev6.erresse-shop.it\/wp-content\/uploads\/2025\/01\/LOGO-ERRESSE-CLASSICO.svg\",\"contentUrl\":\"https:\/\/dev6.erresse-shop.it\/wp-content\/uploads\/2025\/01\/LOGO-ERRESSE-CLASSICO.svg\",\"caption\":\"Erresse Shop\"},\"image\":{\"@id\":\"https:\/\/dev6.erresse-shop.it\/#\/schema\/logo\/image\/\"}}]}<\/script>\n<!-- \/ Yoast SEO plugin. -->","yoast_head_json":{"title":"WD LIFESTYLE Glasbecher Kekse - dev6 Erresse","description":"Jedes Motiv wird in Handarbeit aus mundgeblasenem Glas hergestellt, was jedes einzelne Glas zu einem Unikat macht. W\u00e4hlen Sie Ihre Trinklaune und","robots":{"index":"noindex","follow":"follow","max-snippet":"max-snippet:-1","max-image-preview":"max-image-preview:large","max-video-preview":"max-video-preview:-1"},"og_locale":"de_DE","og_type":"article","og_title":"WD LIFESTYLE Glasbecher Kekse - dev6 Erresse","og_description":"Jedes Motiv wird in Handarbeit aus mundgeblasenem Glas hergestellt, was jedes einzelne Glas zu einem Unikat macht. W\u00e4hlen Sie Ihre Trinklaune und","og_url":"https:\/\/dev6.erresse-shop.it\/de\/shop\/tisch\/tassen\/wd-lifestyle-glasbecher-kekse\/","og_site_name":"dev6 Erresse","og_image":[{"url":"https:\/\/interpim.erresse-shop.it\/img-catalogo\/wd-lifestyle\/wd-lifestyle-tazza-in-vetro-biscotto.jpg","type":"","width":"","height":""},{"url":"https:\/\/interpim.erresse-shop.it\/img-catalogo\/wd-lifestyle\/wd-lifestyle-tazza-in-vetro-biscotto.jpg","width":1024,"height":1024,"type":"image\/jpeg"}],"twitter_card":"summary_large_image","twitter_image":"https:\/\/interpim.erresse-shop.it\/img-catalogo\/wd-lifestyle\/wd-lifestyle-tazza-in-vetro-biscotto.jpg","schema":{"@context":"https:\/\/schema.org","@graph":[{"@type":"WebPage","@id":"https:\/\/dev6.erresse-shop.it\/de\/shop\/tisch\/tassen\/wd-lifestyle-glasbecher-kekse\/","url":"https:\/\/dev6.erresse-shop.it\/de\/shop\/tisch\/tassen\/wd-lifestyle-glasbecher-kekse\/","name":"WD LIFESTYLE Glasbecher Kekse - dev6 Erresse","isPartOf":{"@id":"https:\/\/dev6.erresse-shop.it\/#website"},"primaryImageOfPage":{"@id":"https:\/\/dev6.erresse-shop.it\/de\/shop\/tisch\/tassen\/wd-lifestyle-glasbecher-kekse\/#primaryimage"},"image":{"@id":"https:\/\/dev6.erresse-shop.it\/de\/shop\/tisch\/tassen\/wd-lifestyle-glasbecher-kekse\/#primaryimage"},"thumbnailUrl":"https:\/\/i1.wp.com\/interpim.erresse-shop.it\/img-catalogo\/wd-lifestyle\/wd-lifestyle-tazza-in-vetro-biscotto.jpg?ssl=1","datePublished":"2026-04-12T09:49:03+00:00","description":"Jedes Motiv wird in Handarbeit aus mundgeblasenem Glas hergestellt, was jedes einzelne Glas zu einem Unikat macht. W\u00e4hlen Sie Ihre Trinklaune und","breadcrumb":{"@id":"https:\/\/dev6.erresse-shop.it\/de\/shop\/tisch\/tassen\/wd-lifestyle-glasbecher-kekse\/#breadcrumb"},"inLanguage":"de","potentialAction":[{"@type":"ReadAction","target":["https:\/\/dev6.erresse-shop.it\/de\/shop\/tisch\/tassen\/wd-lifestyle-glasbecher-kekse\/"]}]},{"@type":"ImageObject","inLanguage":"de","@id":"https:\/\/dev6.erresse-shop.it\/de\/shop\/tisch\/tassen\/wd-lifestyle-glasbecher-kekse\/#primaryimage","url":"https:\/\/i1.wp.com\/interpim.erresse-shop.it\/img-catalogo\/wd-lifestyle\/wd-lifestyle-tazza-in-vetro-biscotto.jpg?ssl=1","contentUrl":"https:\/\/i1.wp.com\/interpim.erresse-shop.it\/img-catalogo\/wd-lifestyle\/wd-lifestyle-tazza-in-vetro-biscotto.jpg?ssl=1"},{"@type":"BreadcrumbList","@id":"https:\/\/dev6.erresse-shop.it\/de\/shop\/tisch\/tassen\/wd-lifestyle-glasbecher-kekse\/#breadcrumb","itemListElement":[{"@type":"ListItem","position":1,"name":"Home","item":"https:\/\/dev6.erresse-shop.it\/"},{"@type":"ListItem","position":2,"name":"Shop","item":"https:\/\/dev6.erresse-shop.it\/shop\/"},{"@type":"ListItem","position":3,"name":"WD LIFESTYLE Glasbecher Kekse"}]},{"@type":"WebSite","@id":"https:\/\/dev6.erresse-shop.it\/#website","url":"https:\/\/dev6.erresse-shop.it\/","name":"Erresse Shop","description":"","publisher":{"@id":"https:\/\/dev6.erresse-shop.it\/#organization"},"potentialAction":[{"@type":"SearchAction","target":{"@type":"EntryPoint","urlTemplate":"https:\/\/dev6.erresse-shop.it\/?s={search_term_string}"},"query-input":{"@type":"PropertyValueSpecification","valueRequired":true,"valueName":"search_term_string"}}],"inLanguage":"de"},{"@type":"Organization","@id":"https:\/\/dev6.erresse-shop.it\/#organization","name":"Erresse Shop","url":"https:\/\/dev6.erresse-shop.it\/","logo":{"@type":"ImageObject","inLanguage":"de","@id":"https:\/\/dev6.erresse-shop.it\/#\/schema\/logo\/image\/","url":"https:\/\/dev6.erresse-shop.it\/wp-content\/uploads\/2025\/01\/LOGO-ERRESSE-CLASSICO.svg","contentUrl":"https:\/\/dev6.erresse-shop.it\/wp-content\/uploads\/2025\/01\/LOGO-ERRESSE-CLASSICO.svg","caption":"Erresse Shop"},"image":{"@id":"https:\/\/dev6.erresse-shop.it\/#\/schema\/logo\/image\/"}}]}},"df_price":16.9,"df_sale_price":"","df_regular_price":16.9,"df_image_link":"https:\/\/i1.wp.com\/interpim.erresse-shop.it\/img-catalogo\/wd-lifestyle\/wd-lifestyle-tazza-in-vetro-biscotto.jpg?resize=300,300&ssl=1","fifu_image_url":"https:\/\/interpim.erresse-shop.it\/img-catalogo\/wd-lifestyle\/wd-lifestyle-tazza-in-vetro-biscotto.jpg","_links":{"self":[{"href":"https:\/\/dev6.erresse-shop.it\/de\/wp-json\/wp\/v2\/product\/56032","targetHints":{"allow":["GET"]}}],"collection":[{"href":"https:\/\/dev6.erresse-shop.it\/de\/wp-json\/wp\/v2\/product"}],"about":[{"href":"https:\/\/dev6.erresse-shop.it\/de\/wp-json\/wp\/v2\/types\/product"}],"wp:featuredmedia":[{"embeddable":true,"href":"https:\/\/dev6.erresse-shop.it\/de\/wp-json\/wp\/v2\/media\/6370007"}],"wp:attachment":[{"href":"https:\/\/dev6.erresse-shop.it\/de\/wp-json\/wp\/v2\/media?parent=56032"}],"wp:term":[{"taxonomy":"product_cat","embeddable":true,"href":"https:\/\/dev6.erresse-shop.it\/de\/wp-json\/wp\/v2\/product_cat?post=56032"},{"taxonomy":"product_tag","embeddable":true,"href":"https:\/\/dev6.erresse-shop.it\/de\/wp-json\/wp\/v2\/product_tag?post=56032"}],"curies":[{"name":"wp","href":"https:\/\/api.w.org\/{rel}","templated":true}]}}