{"id":55982,"date":"2026-04-12T11:46:56","date_gmt":"2026-04-12T09:46:56","guid":{"rendered":"https:\/\/dev6.erresse-shop.it\/shop\/unkategorisiert\/villeroy-boch-set-6-espresso-tassen-toys-delight\/"},"modified":"2025-07-04T14:22:57","modified_gmt":"2025-07-04T12:22:57","slug":"villeroy-boch-set-6-espresso-tassen-toys-delight","status":"publish","type":"product","link":"https:\/\/dev6.erresse-shop.it\/de\/shop\/tisch\/tassen\/villeroy-boch-set-6-espresso-tassen-toys-delight\/","title":{"rendered":"VILLEROY &#038; BOCH Set 6 Espresso-Tassen Toy&#8217;s Delight"},"content":{"rendered":"<p class=\"p1\">F\u00fcr eine angenehme Kaffeepause<br \/>\nMit der Toy\u2019s Delight-Kollektion holen Sie sich eine nostalgische Weihnachtsstimmung in Ihr Zuhause. Das Porzellan ist mit niedlichen roten, gr\u00fcnen und wei\u00dfen Motiven verziert und weckt Kindheitserinnerungen. Zum Kombinieren, Sammeln und Verschenken. Mit dieser Tasse k\u00f6nnen Sie den vollen Genuss eines hervorragenden Kaffees genie\u00dfen. Genie\u00dfen Sie den Moment bei einem italienischen Kaffee.<\/p>\n<p>Material: Premium-Porzellan<br \/>\nVolumen: ca. 70 ml<br \/>\nSp\u00fclmaschinenfest: ja<br \/>\nMikrowellengeeignet: ja<\/p>\n","protected":false},"excerpt":{"rendered":"<p>F\u00fcr eine angenehme Kaffeepause Mit der Toy\u2019s Delight-Kollektion holen Sie sich eine nostalgische Weihnachtsstimmung in Ihr Zuhause. Das Porzellan ist mit niedlichen roten, gr\u00fcnen und wei\u00dfen Motiven verziert und weckt Kindheitserinnerungen. Zum Kombinieren, Sammeln und Verschenken. Mit dieser Tasse k\u00f6nnen Sie den vollen Genuss eines hervorragenden Kaffees genie\u00dfen. Genie\u00dfen Sie den Moment bei einem italienischen [&hellip;]<\/p>\n","protected":false},"featured_media":6369920,"template":"","meta":{"_acf_changed":false},"product_cat":[12121,11671,12103],"product_tag":[],"class_list":{"0":"post-55982","1":"product","2":"type-product","3":"status-publish","4":"has-post-thumbnail","6":"product_cat-tassen","7":"product_cat-tavola","8":"product_cat-tisch","10":"first","11":"instock","12":"sale","13":"taxable","14":"shipping-taxable","15":"purchasable","16":"product-type-simple","swatches":"rey-swatches","show_selected":"","stretch_labels":"rey-swatches--stretch-labels"},"acf":[],"yoast_head":"<!-- This site is optimized with the Yoast SEO plugin v25.4 - https:\/\/yoast.com\/wordpress\/plugins\/seo\/ -->\n<title>VILLEROY &#038; BOCH Set 6 Espresso-Tassen Toy&#8217;s Delight - dev6 Erresse<\/title>\n<meta name=\"description\" content=\"F\u00fcr eine angenehme Kaffeepause Mit der Toy\u2019s Delight-Kollektion holen Sie sich eine nostalgische Weihnachtsstimmung in Ihr Zuhause. Das Porzellan ist mit\" \/>\n<meta name=\"robots\" content=\"noindex, follow, max-snippet:-1, max-image-preview:large, max-video-preview:-1\" \/>\n<meta property=\"og:locale\" content=\"de_DE\" \/>\n<meta property=\"og:type\" content=\"article\" \/>\n<meta property=\"og:title\" content=\"VILLEROY &#038; BOCH Set 6 Espresso-Tassen Toy&#8217;s Delight - dev6 Erresse\" \/>\n<meta property=\"og:description\" content=\"F\u00fcr eine angenehme Kaffeepause Mit der Toy\u2019s Delight-Kollektion holen Sie sich eine nostalgische Weihnachtsstimmung in Ihr Zuhause. Das Porzellan ist mit\" \/>\n<meta property=\"og:url\" content=\"https:\/\/dev6.erresse-shop.it\/de\/shop\/tisch\/tassen\/villeroy-boch-set-6-espresso-tassen-toys-delight\/\" \/>\n<meta property=\"og:site_name\" content=\"dev6 Erresse\" \/>\n<meta property=\"og:image\" content=\"https:\/\/interpim.erresse-shop.it\/img-catalogo\/villeroy\/villeroy-boch-set-6-tazzine-espresso-toys-delight.jpg\" \/><meta property=\"og:image\" content=\"https:\/\/interpim.erresse-shop.it\/img-catalogo\/villeroy\/villeroy-boch-set-6-tazzine-espresso-toys-delight.jpg\" \/>\n\t<meta property=\"og:image:width\" content=\"1024\" \/>\n\t<meta property=\"og:image:height\" content=\"1024\" \/>\n\t<meta property=\"og:image:type\" content=\"image\/jpeg\" \/>\n<meta name=\"twitter:card\" content=\"summary_large_image\" \/>\n<meta name=\"twitter:image\" content=\"https:\/\/interpim.erresse-shop.it\/img-catalogo\/villeroy\/villeroy-boch-set-6-tazzine-espresso-toys-delight.jpg\" \/>\n<script type=\"application\/ld+json\" class=\"yoast-schema-graph\">{\"@context\":\"https:\/\/schema.org\",\"@graph\":[{\"@type\":\"WebPage\",\"@id\":\"https:\/\/dev6.erresse-shop.it\/de\/shop\/tisch\/tassen\/villeroy-boch-set-6-espresso-tassen-toys-delight\/\",\"url\":\"https:\/\/dev6.erresse-shop.it\/de\/shop\/tisch\/tassen\/villeroy-boch-set-6-espresso-tassen-toys-delight\/\",\"name\":\"VILLEROY &#038; BOCH Set 6 Espresso-Tassen Toy&#8217;s Delight - dev6 Erresse\",\"isPartOf\":{\"@id\":\"https:\/\/dev6.erresse-shop.it\/#website\"},\"primaryImageOfPage\":{\"@id\":\"https:\/\/dev6.erresse-shop.it\/de\/shop\/tisch\/tassen\/villeroy-boch-set-6-espresso-tassen-toys-delight\/#primaryimage\"},\"image\":{\"@id\":\"https:\/\/dev6.erresse-shop.it\/de\/shop\/tisch\/tassen\/villeroy-boch-set-6-espresso-tassen-toys-delight\/#primaryimage\"},\"thumbnailUrl\":\"https:\/\/i0.wp.com\/interpim.erresse-shop.it\/img-catalogo\/villeroy\/villeroy-boch-set-6-tazzine-espresso-toys-delight.jpg?ssl=1\",\"datePublished\":\"2026-04-12T09:46:56+00:00\",\"description\":\"F\u00fcr eine angenehme Kaffeepause Mit der Toy\u2019s Delight-Kollektion holen Sie sich eine nostalgische Weihnachtsstimmung in Ihr Zuhause. Das Porzellan ist mit\",\"breadcrumb\":{\"@id\":\"https:\/\/dev6.erresse-shop.it\/de\/shop\/tisch\/tassen\/villeroy-boch-set-6-espresso-tassen-toys-delight\/#breadcrumb\"},\"inLanguage\":\"de\",\"potentialAction\":[{\"@type\":\"ReadAction\",\"target\":[\"https:\/\/dev6.erresse-shop.it\/de\/shop\/tisch\/tassen\/villeroy-boch-set-6-espresso-tassen-toys-delight\/\"]}]},{\"@type\":\"ImageObject\",\"inLanguage\":\"de\",\"@id\":\"https:\/\/dev6.erresse-shop.it\/de\/shop\/tisch\/tassen\/villeroy-boch-set-6-espresso-tassen-toys-delight\/#primaryimage\",\"url\":\"https:\/\/i0.wp.com\/interpim.erresse-shop.it\/img-catalogo\/villeroy\/villeroy-boch-set-6-tazzine-espresso-toys-delight.jpg?ssl=1\",\"contentUrl\":\"https:\/\/i0.wp.com\/interpim.erresse-shop.it\/img-catalogo\/villeroy\/villeroy-boch-set-6-tazzine-espresso-toys-delight.jpg?ssl=1\"},{\"@type\":\"BreadcrumbList\",\"@id\":\"https:\/\/dev6.erresse-shop.it\/de\/shop\/tisch\/tassen\/villeroy-boch-set-6-espresso-tassen-toys-delight\/#breadcrumb\",\"itemListElement\":[{\"@type\":\"ListItem\",\"position\":1,\"name\":\"Home\",\"item\":\"https:\/\/dev6.erresse-shop.it\/\"},{\"@type\":\"ListItem\",\"position\":2,\"name\":\"Shop\",\"item\":\"https:\/\/dev6.erresse-shop.it\/shop\/\"},{\"@type\":\"ListItem\",\"position\":3,\"name\":\"VILLEROY &#038; BOCH Set 6 Espresso-Tassen Toy&#8217;s Delight\"}]},{\"@type\":\"WebSite\",\"@id\":\"https:\/\/dev6.erresse-shop.it\/#website\",\"url\":\"https:\/\/dev6.erresse-shop.it\/\",\"name\":\"Erresse Shop\",\"description\":\"\",\"publisher\":{\"@id\":\"https:\/\/dev6.erresse-shop.it\/#organization\"},\"potentialAction\":[{\"@type\":\"SearchAction\",\"target\":{\"@type\":\"EntryPoint\",\"urlTemplate\":\"https:\/\/dev6.erresse-shop.it\/?s={search_term_string}\"},\"query-input\":{\"@type\":\"PropertyValueSpecification\",\"valueRequired\":true,\"valueName\":\"search_term_string\"}}],\"inLanguage\":\"de\"},{\"@type\":\"Organization\",\"@id\":\"https:\/\/dev6.erresse-shop.it\/#organization\",\"name\":\"Erresse Shop\",\"url\":\"https:\/\/dev6.erresse-shop.it\/\",\"logo\":{\"@type\":\"ImageObject\",\"inLanguage\":\"de\",\"@id\":\"https:\/\/dev6.erresse-shop.it\/#\/schema\/logo\/image\/\",\"url\":\"https:\/\/dev6.erresse-shop.it\/wp-content\/uploads\/2025\/01\/LOGO-ERRESSE-CLASSICO.svg\",\"contentUrl\":\"https:\/\/dev6.erresse-shop.it\/wp-content\/uploads\/2025\/01\/LOGO-ERRESSE-CLASSICO.svg\",\"caption\":\"Erresse Shop\"},\"image\":{\"@id\":\"https:\/\/dev6.erresse-shop.it\/#\/schema\/logo\/image\/\"}}]}<\/script>\n<!-- \/ Yoast SEO plugin. -->","yoast_head_json":{"title":"VILLEROY &#038; BOCH Set 6 Espresso-Tassen Toy&#8217;s Delight - dev6 Erresse","description":"F\u00fcr eine angenehme Kaffeepause Mit der Toy\u2019s Delight-Kollektion holen Sie sich eine nostalgische Weihnachtsstimmung in Ihr Zuhause. Das Porzellan ist mit","robots":{"index":"noindex","follow":"follow","max-snippet":"max-snippet:-1","max-image-preview":"max-image-preview:large","max-video-preview":"max-video-preview:-1"},"og_locale":"de_DE","og_type":"article","og_title":"VILLEROY &#038; BOCH Set 6 Espresso-Tassen Toy&#8217;s Delight - dev6 Erresse","og_description":"F\u00fcr eine angenehme Kaffeepause Mit der Toy\u2019s Delight-Kollektion holen Sie sich eine nostalgische Weihnachtsstimmung in Ihr Zuhause. Das Porzellan ist mit","og_url":"https:\/\/dev6.erresse-shop.it\/de\/shop\/tisch\/tassen\/villeroy-boch-set-6-espresso-tassen-toys-delight\/","og_site_name":"dev6 Erresse","og_image":[{"url":"https:\/\/interpim.erresse-shop.it\/img-catalogo\/villeroy\/villeroy-boch-set-6-tazzine-espresso-toys-delight.jpg","type":"","width":"","height":""},{"url":"https:\/\/interpim.erresse-shop.it\/img-catalogo\/villeroy\/villeroy-boch-set-6-tazzine-espresso-toys-delight.jpg","width":1024,"height":1024,"type":"image\/jpeg"}],"twitter_card":"summary_large_image","twitter_image":"https:\/\/interpim.erresse-shop.it\/img-catalogo\/villeroy\/villeroy-boch-set-6-tazzine-espresso-toys-delight.jpg","schema":{"@context":"https:\/\/schema.org","@graph":[{"@type":"WebPage","@id":"https:\/\/dev6.erresse-shop.it\/de\/shop\/tisch\/tassen\/villeroy-boch-set-6-espresso-tassen-toys-delight\/","url":"https:\/\/dev6.erresse-shop.it\/de\/shop\/tisch\/tassen\/villeroy-boch-set-6-espresso-tassen-toys-delight\/","name":"VILLEROY &#038; BOCH Set 6 Espresso-Tassen Toy&#8217;s Delight - dev6 Erresse","isPartOf":{"@id":"https:\/\/dev6.erresse-shop.it\/#website"},"primaryImageOfPage":{"@id":"https:\/\/dev6.erresse-shop.it\/de\/shop\/tisch\/tassen\/villeroy-boch-set-6-espresso-tassen-toys-delight\/#primaryimage"},"image":{"@id":"https:\/\/dev6.erresse-shop.it\/de\/shop\/tisch\/tassen\/villeroy-boch-set-6-espresso-tassen-toys-delight\/#primaryimage"},"thumbnailUrl":"https:\/\/i0.wp.com\/interpim.erresse-shop.it\/img-catalogo\/villeroy\/villeroy-boch-set-6-tazzine-espresso-toys-delight.jpg?ssl=1","datePublished":"2026-04-12T09:46:56+00:00","description":"F\u00fcr eine angenehme Kaffeepause Mit der Toy\u2019s Delight-Kollektion holen Sie sich eine nostalgische Weihnachtsstimmung in Ihr Zuhause. Das Porzellan ist mit","breadcrumb":{"@id":"https:\/\/dev6.erresse-shop.it\/de\/shop\/tisch\/tassen\/villeroy-boch-set-6-espresso-tassen-toys-delight\/#breadcrumb"},"inLanguage":"de","potentialAction":[{"@type":"ReadAction","target":["https:\/\/dev6.erresse-shop.it\/de\/shop\/tisch\/tassen\/villeroy-boch-set-6-espresso-tassen-toys-delight\/"]}]},{"@type":"ImageObject","inLanguage":"de","@id":"https:\/\/dev6.erresse-shop.it\/de\/shop\/tisch\/tassen\/villeroy-boch-set-6-espresso-tassen-toys-delight\/#primaryimage","url":"https:\/\/i0.wp.com\/interpim.erresse-shop.it\/img-catalogo\/villeroy\/villeroy-boch-set-6-tazzine-espresso-toys-delight.jpg?ssl=1","contentUrl":"https:\/\/i0.wp.com\/interpim.erresse-shop.it\/img-catalogo\/villeroy\/villeroy-boch-set-6-tazzine-espresso-toys-delight.jpg?ssl=1"},{"@type":"BreadcrumbList","@id":"https:\/\/dev6.erresse-shop.it\/de\/shop\/tisch\/tassen\/villeroy-boch-set-6-espresso-tassen-toys-delight\/#breadcrumb","itemListElement":[{"@type":"ListItem","position":1,"name":"Home","item":"https:\/\/dev6.erresse-shop.it\/"},{"@type":"ListItem","position":2,"name":"Shop","item":"https:\/\/dev6.erresse-shop.it\/shop\/"},{"@type":"ListItem","position":3,"name":"VILLEROY &#038; BOCH Set 6 Espresso-Tassen Toy&#8217;s Delight"}]},{"@type":"WebSite","@id":"https:\/\/dev6.erresse-shop.it\/#website","url":"https:\/\/dev6.erresse-shop.it\/","name":"Erresse Shop","description":"","publisher":{"@id":"https:\/\/dev6.erresse-shop.it\/#organization"},"potentialAction":[{"@type":"SearchAction","target":{"@type":"EntryPoint","urlTemplate":"https:\/\/dev6.erresse-shop.it\/?s={search_term_string}"},"query-input":{"@type":"PropertyValueSpecification","valueRequired":true,"valueName":"search_term_string"}}],"inLanguage":"de"},{"@type":"Organization","@id":"https:\/\/dev6.erresse-shop.it\/#organization","name":"Erresse Shop","url":"https:\/\/dev6.erresse-shop.it\/","logo":{"@type":"ImageObject","inLanguage":"de","@id":"https:\/\/dev6.erresse-shop.it\/#\/schema\/logo\/image\/","url":"https:\/\/dev6.erresse-shop.it\/wp-content\/uploads\/2025\/01\/LOGO-ERRESSE-CLASSICO.svg","contentUrl":"https:\/\/dev6.erresse-shop.it\/wp-content\/uploads\/2025\/01\/LOGO-ERRESSE-CLASSICO.svg","caption":"Erresse Shop"},"image":{"@id":"https:\/\/dev6.erresse-shop.it\/#\/schema\/logo\/image\/"}}]}},"df_price":89.95,"df_sale_price":89.95,"df_regular_price":113.4,"df_image_link":"https:\/\/i0.wp.com\/interpim.erresse-shop.it\/img-catalogo\/villeroy\/villeroy-boch-set-6-tazzine-espresso-toys-delight.jpg?resize=300,300&ssl=1","fifu_image_url":"https:\/\/interpim.erresse-shop.it\/img-catalogo\/villeroy\/villeroy-boch-set-6-tazzine-espresso-toys-delight.jpg","_links":{"self":[{"href":"https:\/\/dev6.erresse-shop.it\/de\/wp-json\/wp\/v2\/product\/55982","targetHints":{"allow":["GET"]}}],"collection":[{"href":"https:\/\/dev6.erresse-shop.it\/de\/wp-json\/wp\/v2\/product"}],"about":[{"href":"https:\/\/dev6.erresse-shop.it\/de\/wp-json\/wp\/v2\/types\/product"}],"wp:featuredmedia":[{"embeddable":true,"href":"https:\/\/dev6.erresse-shop.it\/de\/wp-json\/wp\/v2\/media\/6369920"}],"wp:attachment":[{"href":"https:\/\/dev6.erresse-shop.it\/de\/wp-json\/wp\/v2\/media?parent=55982"}],"wp:term":[{"taxonomy":"product_cat","embeddable":true,"href":"https:\/\/dev6.erresse-shop.it\/de\/wp-json\/wp\/v2\/product_cat?post=55982"},{"taxonomy":"product_tag","embeddable":true,"href":"https:\/\/dev6.erresse-shop.it\/de\/wp-json\/wp\/v2\/product_tag?post=55982"}],"curies":[{"name":"wp","href":"https:\/\/api.w.org\/{rel}","templated":true}]}}