{"id":55958,"date":"2026-04-12T11:44:43","date_gmt":"2026-04-12T09:44:43","guid":{"rendered":"https:\/\/dev6.erresse-shop.it\/shop\/unkategorisiert\/joseph-joseph-eco-liners-iw6-30-liter-abfallsaecke\/"},"modified":"2026-01-21T20:14:14","modified_gmt":"2026-01-21T19:14:14","slug":"joseph-joseph-eco-liners-iw6-30-liter-abfallsaecke","status":"publish","type":"product","link":"https:\/\/dev6.erresse-shop.it\/de\/shop\/einrichtung-haus\/muelltonnen\/joseph-joseph-eco-liners-iw6-30-liter-abfallsaecke\/","title":{"rendered":"JOSEPH JOSEPH ECO Liners IW6 30-Liter-Abfalls\u00e4cke"},"content":{"rendered":"<p>Diese ma\u00dfgeschneiderten H\u00fcllen bestehen zu mindestens 70 % aus recyceltem Kunststoff aus Post-Consumer-Abf\u00e4llen. Sie haben eine sehr stabile Struktur und sind zum einfachen Verschlie\u00dfen mit Schn\u00fcrsenkeln ausgestattet. Wenn Sie diese anstelle von herk\u00f6mmlichen Kunststoff-M\u00fcllbeuteln w\u00e4hlen, erhalten Sie die perfekte Passform f\u00fcr Ihren IntelligentWaste-Beh\u00e4lter, tragen dazu bei, den Einsatz fossiler Brennstoffe zu begrenzen und die Menge an Neuplastik zu reduzieren, die auf der M\u00fclldeponie landet. Entwickelt f\u00fcr die Verwendung mit den folgenden Joseph Joseph-Beh\u00e4ltern: Totem Max, Totem Pop 60L.<\/p>\n<p>Hergestellt aus mindestens 70 % recyceltem Kunststoff aus Post-Consumer-Abf\u00e4llen.<br \/>\nExtra widerstandsf\u00e4hige Struktur<br \/>\nKordelzug zum einfachen Verschlie\u00dfen<br \/>\nKapazit\u00e4t: 30 l (7,9 US-Gallonen)<br \/>\nFarbe: Grau<br \/>\nEine einzelne Packung enth\u00e4lt 20 Beutel<\/p>\n<p>Pflege und Verwendung:<\/p>\n<p>Warnung: Plastikt\u00fcten k\u00f6nnen gef\u00e4hrlich sein. Um Erstickungsgefahr zu vermeiden, halten Sie die Taschen von S\u00e4uglingen und Kindern fern.<\/p>\n<p>\u00a0<\/p>\n","protected":false},"excerpt":{"rendered":"<p>Diese ma\u00dfgeschneiderten H\u00fcllen bestehen zu mindestens 70 % aus recyceltem Kunststoff aus Post-Consumer-Abf\u00e4llen. Sie haben eine sehr stabile Struktur und sind zum einfachen Verschlie\u00dfen mit Schn\u00fcrsenkeln ausgestattet. Wenn Sie diese anstelle von herk\u00f6mmlichen Kunststoff-M\u00fcllbeuteln w\u00e4hlen, erhalten Sie die perfekte Passform f\u00fcr Ihren IntelligentWaste-Beh\u00e4lter, tragen dazu bei, den Einsatz fossiler Brennstoffe zu begrenzen und die Menge [&hellip;]<\/p>\n","protected":false},"featured_media":6369853,"template":"","meta":{"_acf_changed":false},"product_cat":[11666,12098,12137],"product_tag":[],"class_list":{"0":"post-55958","1":"product","2":"type-product","3":"status-publish","4":"has-post-thumbnail","6":"product_cat-arredamento-casa","7":"product_cat-einrichtung-haus","8":"product_cat-muelltonnen","10":"first","11":"instock","12":"sale","13":"taxable","14":"shipping-taxable","15":"purchasable","16":"product-type-simple","swatches":"rey-swatches","show_selected":"","stretch_labels":"rey-swatches--stretch-labels"},"acf":[],"yoast_head":"<!-- This site is optimized with the Yoast SEO plugin v25.4 - https:\/\/yoast.com\/wordpress\/plugins\/seo\/ -->\n<title>JOSEPH JOSEPH ECO Liners IW6 30-Liter-Abfalls\u00e4cke - dev6 Erresse<\/title>\n<meta name=\"description\" content=\"Diese ma\u00dfgeschneiderten H\u00fcllen bestehen zu mindestens 70 % aus recyceltem Kunststoff aus Post-Consumer-Abf\u00e4llen. Sie haben eine sehr stabile Struktur und\" \/>\n<meta name=\"robots\" content=\"noindex, follow, max-snippet:-1, max-image-preview:large, max-video-preview:-1\" \/>\n<meta property=\"og:locale\" content=\"de_DE\" \/>\n<meta property=\"og:type\" content=\"article\" \/>\n<meta property=\"og:title\" content=\"JOSEPH JOSEPH ECO Liners IW6 30-Liter-Abfalls\u00e4cke - dev6 Erresse\" \/>\n<meta property=\"og:description\" content=\"Diese ma\u00dfgeschneiderten H\u00fcllen bestehen zu mindestens 70 % aus recyceltem Kunststoff aus Post-Consumer-Abf\u00e4llen. Sie haben eine sehr stabile Struktur und\" \/>\n<meta property=\"og:url\" content=\"https:\/\/dev6.erresse-shop.it\/de\/shop\/einrichtung-haus\/muelltonnen\/joseph-joseph-eco-liners-iw6-30-liter-abfallsaecke\/\" \/>\n<meta property=\"og:site_name\" content=\"dev6 Erresse\" \/>\n<meta property=\"og:image\" content=\"https:\/\/interpim.erresse-shop.it\/Import\/Prodotti\/joseph-joseph-eco-liners-sacchi-per-rifiuti-iw5-da-40-litri.jpg\" \/><meta property=\"og:image\" content=\"https:\/\/interpim.erresse-shop.it\/Import\/Prodotti\/joseph-joseph-eco-liners-sacchi-per-rifiuti-iw5-da-40-litri.jpg\" \/>\n\t<meta property=\"og:image:width\" content=\"1024\" \/>\n\t<meta property=\"og:image:height\" content=\"1024\" \/>\n\t<meta property=\"og:image:type\" content=\"image\/jpeg\" \/>\n<meta name=\"twitter:card\" content=\"summary_large_image\" \/>\n<meta name=\"twitter:image\" content=\"https:\/\/interpim.erresse-shop.it\/Import\/Prodotti\/joseph-joseph-eco-liners-sacchi-per-rifiuti-iw5-da-40-litri.jpg\" \/>\n<script type=\"application\/ld+json\" class=\"yoast-schema-graph\">{\"@context\":\"https:\/\/schema.org\",\"@graph\":[{\"@type\":\"WebPage\",\"@id\":\"https:\/\/dev6.erresse-shop.it\/de\/shop\/einrichtung-haus\/muelltonnen\/joseph-joseph-eco-liners-iw6-30-liter-abfallsaecke\/\",\"url\":\"https:\/\/dev6.erresse-shop.it\/de\/shop\/einrichtung-haus\/muelltonnen\/joseph-joseph-eco-liners-iw6-30-liter-abfallsaecke\/\",\"name\":\"JOSEPH JOSEPH ECO Liners IW6 30-Liter-Abfalls\u00e4cke - dev6 Erresse\",\"isPartOf\":{\"@id\":\"https:\/\/dev6.erresse-shop.it\/#website\"},\"primaryImageOfPage\":{\"@id\":\"https:\/\/dev6.erresse-shop.it\/de\/shop\/einrichtung-haus\/muelltonnen\/joseph-joseph-eco-liners-iw6-30-liter-abfallsaecke\/#primaryimage\"},\"image\":{\"@id\":\"https:\/\/dev6.erresse-shop.it\/de\/shop\/einrichtung-haus\/muelltonnen\/joseph-joseph-eco-liners-iw6-30-liter-abfallsaecke\/#primaryimage\"},\"thumbnailUrl\":\"https:\/\/i1.wp.com\/interpim.erresse-shop.it\/Import\/Prodotti\/joseph-joseph-eco-liners-sacchi-per-rifiuti-iw5-da-40-litri.jpg?ssl=1\",\"datePublished\":\"2026-04-12T09:44:43+00:00\",\"description\":\"Diese ma\u00dfgeschneiderten H\u00fcllen bestehen zu mindestens 70 % aus recyceltem Kunststoff aus Post-Consumer-Abf\u00e4llen. Sie haben eine sehr stabile Struktur und\",\"breadcrumb\":{\"@id\":\"https:\/\/dev6.erresse-shop.it\/de\/shop\/einrichtung-haus\/muelltonnen\/joseph-joseph-eco-liners-iw6-30-liter-abfallsaecke\/#breadcrumb\"},\"inLanguage\":\"de\",\"potentialAction\":[{\"@type\":\"ReadAction\",\"target\":[\"https:\/\/dev6.erresse-shop.it\/de\/shop\/einrichtung-haus\/muelltonnen\/joseph-joseph-eco-liners-iw6-30-liter-abfallsaecke\/\"]}]},{\"@type\":\"ImageObject\",\"inLanguage\":\"de\",\"@id\":\"https:\/\/dev6.erresse-shop.it\/de\/shop\/einrichtung-haus\/muelltonnen\/joseph-joseph-eco-liners-iw6-30-liter-abfallsaecke\/#primaryimage\",\"url\":\"https:\/\/i1.wp.com\/interpim.erresse-shop.it\/Import\/Prodotti\/joseph-joseph-eco-liners-sacchi-per-rifiuti-iw5-da-40-litri.jpg?ssl=1\",\"contentUrl\":\"https:\/\/i1.wp.com\/interpim.erresse-shop.it\/Import\/Prodotti\/joseph-joseph-eco-liners-sacchi-per-rifiuti-iw5-da-40-litri.jpg?ssl=1\"},{\"@type\":\"BreadcrumbList\",\"@id\":\"https:\/\/dev6.erresse-shop.it\/de\/shop\/einrichtung-haus\/muelltonnen\/joseph-joseph-eco-liners-iw6-30-liter-abfallsaecke\/#breadcrumb\",\"itemListElement\":[{\"@type\":\"ListItem\",\"position\":1,\"name\":\"Home\",\"item\":\"https:\/\/dev6.erresse-shop.it\/\"},{\"@type\":\"ListItem\",\"position\":2,\"name\":\"Shop\",\"item\":\"https:\/\/dev6.erresse-shop.it\/shop\/\"},{\"@type\":\"ListItem\",\"position\":3,\"name\":\"JOSEPH JOSEPH ECO Liners IW6 30-Liter-Abfalls\u00e4cke\"}]},{\"@type\":\"WebSite\",\"@id\":\"https:\/\/dev6.erresse-shop.it\/#website\",\"url\":\"https:\/\/dev6.erresse-shop.it\/\",\"name\":\"Erresse Shop\",\"description\":\"\",\"publisher\":{\"@id\":\"https:\/\/dev6.erresse-shop.it\/#organization\"},\"potentialAction\":[{\"@type\":\"SearchAction\",\"target\":{\"@type\":\"EntryPoint\",\"urlTemplate\":\"https:\/\/dev6.erresse-shop.it\/?s={search_term_string}\"},\"query-input\":{\"@type\":\"PropertyValueSpecification\",\"valueRequired\":true,\"valueName\":\"search_term_string\"}}],\"inLanguage\":\"de\"},{\"@type\":\"Organization\",\"@id\":\"https:\/\/dev6.erresse-shop.it\/#organization\",\"name\":\"Erresse Shop\",\"url\":\"https:\/\/dev6.erresse-shop.it\/\",\"logo\":{\"@type\":\"ImageObject\",\"inLanguage\":\"de\",\"@id\":\"https:\/\/dev6.erresse-shop.it\/#\/schema\/logo\/image\/\",\"url\":\"https:\/\/dev6.erresse-shop.it\/wp-content\/uploads\/2025\/01\/LOGO-ERRESSE-CLASSICO.svg\",\"contentUrl\":\"https:\/\/dev6.erresse-shop.it\/wp-content\/uploads\/2025\/01\/LOGO-ERRESSE-CLASSICO.svg\",\"caption\":\"Erresse Shop\"},\"image\":{\"@id\":\"https:\/\/dev6.erresse-shop.it\/#\/schema\/logo\/image\/\"}}]}<\/script>\n<!-- \/ Yoast SEO plugin. -->","yoast_head_json":{"title":"JOSEPH JOSEPH ECO Liners IW6 30-Liter-Abfalls\u00e4cke - dev6 Erresse","description":"Diese ma\u00dfgeschneiderten H\u00fcllen bestehen zu mindestens 70 % aus recyceltem Kunststoff aus Post-Consumer-Abf\u00e4llen. Sie haben eine sehr stabile Struktur und","robots":{"index":"noindex","follow":"follow","max-snippet":"max-snippet:-1","max-image-preview":"max-image-preview:large","max-video-preview":"max-video-preview:-1"},"og_locale":"de_DE","og_type":"article","og_title":"JOSEPH JOSEPH ECO Liners IW6 30-Liter-Abfalls\u00e4cke - dev6 Erresse","og_description":"Diese ma\u00dfgeschneiderten H\u00fcllen bestehen zu mindestens 70 % aus recyceltem Kunststoff aus Post-Consumer-Abf\u00e4llen. Sie haben eine sehr stabile Struktur und","og_url":"https:\/\/dev6.erresse-shop.it\/de\/shop\/einrichtung-haus\/muelltonnen\/joseph-joseph-eco-liners-iw6-30-liter-abfallsaecke\/","og_site_name":"dev6 Erresse","og_image":[{"url":"https:\/\/interpim.erresse-shop.it\/Import\/Prodotti\/joseph-joseph-eco-liners-sacchi-per-rifiuti-iw5-da-40-litri.jpg","type":"","width":"","height":""},{"url":"https:\/\/interpim.erresse-shop.it\/Import\/Prodotti\/joseph-joseph-eco-liners-sacchi-per-rifiuti-iw5-da-40-litri.jpg","width":1024,"height":1024,"type":"image\/jpeg"}],"twitter_card":"summary_large_image","twitter_image":"https:\/\/interpim.erresse-shop.it\/Import\/Prodotti\/joseph-joseph-eco-liners-sacchi-per-rifiuti-iw5-da-40-litri.jpg","schema":{"@context":"https:\/\/schema.org","@graph":[{"@type":"WebPage","@id":"https:\/\/dev6.erresse-shop.it\/de\/shop\/einrichtung-haus\/muelltonnen\/joseph-joseph-eco-liners-iw6-30-liter-abfallsaecke\/","url":"https:\/\/dev6.erresse-shop.it\/de\/shop\/einrichtung-haus\/muelltonnen\/joseph-joseph-eco-liners-iw6-30-liter-abfallsaecke\/","name":"JOSEPH JOSEPH ECO Liners IW6 30-Liter-Abfalls\u00e4cke - dev6 Erresse","isPartOf":{"@id":"https:\/\/dev6.erresse-shop.it\/#website"},"primaryImageOfPage":{"@id":"https:\/\/dev6.erresse-shop.it\/de\/shop\/einrichtung-haus\/muelltonnen\/joseph-joseph-eco-liners-iw6-30-liter-abfallsaecke\/#primaryimage"},"image":{"@id":"https:\/\/dev6.erresse-shop.it\/de\/shop\/einrichtung-haus\/muelltonnen\/joseph-joseph-eco-liners-iw6-30-liter-abfallsaecke\/#primaryimage"},"thumbnailUrl":"https:\/\/i1.wp.com\/interpim.erresse-shop.it\/Import\/Prodotti\/joseph-joseph-eco-liners-sacchi-per-rifiuti-iw5-da-40-litri.jpg?ssl=1","datePublished":"2026-04-12T09:44:43+00:00","description":"Diese ma\u00dfgeschneiderten H\u00fcllen bestehen zu mindestens 70 % aus recyceltem Kunststoff aus Post-Consumer-Abf\u00e4llen. Sie haben eine sehr stabile Struktur und","breadcrumb":{"@id":"https:\/\/dev6.erresse-shop.it\/de\/shop\/einrichtung-haus\/muelltonnen\/joseph-joseph-eco-liners-iw6-30-liter-abfallsaecke\/#breadcrumb"},"inLanguage":"de","potentialAction":[{"@type":"ReadAction","target":["https:\/\/dev6.erresse-shop.it\/de\/shop\/einrichtung-haus\/muelltonnen\/joseph-joseph-eco-liners-iw6-30-liter-abfallsaecke\/"]}]},{"@type":"ImageObject","inLanguage":"de","@id":"https:\/\/dev6.erresse-shop.it\/de\/shop\/einrichtung-haus\/muelltonnen\/joseph-joseph-eco-liners-iw6-30-liter-abfallsaecke\/#primaryimage","url":"https:\/\/i1.wp.com\/interpim.erresse-shop.it\/Import\/Prodotti\/joseph-joseph-eco-liners-sacchi-per-rifiuti-iw5-da-40-litri.jpg?ssl=1","contentUrl":"https:\/\/i1.wp.com\/interpim.erresse-shop.it\/Import\/Prodotti\/joseph-joseph-eco-liners-sacchi-per-rifiuti-iw5-da-40-litri.jpg?ssl=1"},{"@type":"BreadcrumbList","@id":"https:\/\/dev6.erresse-shop.it\/de\/shop\/einrichtung-haus\/muelltonnen\/joseph-joseph-eco-liners-iw6-30-liter-abfallsaecke\/#breadcrumb","itemListElement":[{"@type":"ListItem","position":1,"name":"Home","item":"https:\/\/dev6.erresse-shop.it\/"},{"@type":"ListItem","position":2,"name":"Shop","item":"https:\/\/dev6.erresse-shop.it\/shop\/"},{"@type":"ListItem","position":3,"name":"JOSEPH JOSEPH ECO Liners IW6 30-Liter-Abfalls\u00e4cke"}]},{"@type":"WebSite","@id":"https:\/\/dev6.erresse-shop.it\/#website","url":"https:\/\/dev6.erresse-shop.it\/","name":"Erresse Shop","description":"","publisher":{"@id":"https:\/\/dev6.erresse-shop.it\/#organization"},"potentialAction":[{"@type":"SearchAction","target":{"@type":"EntryPoint","urlTemplate":"https:\/\/dev6.erresse-shop.it\/?s={search_term_string}"},"query-input":{"@type":"PropertyValueSpecification","valueRequired":true,"valueName":"search_term_string"}}],"inLanguage":"de"},{"@type":"Organization","@id":"https:\/\/dev6.erresse-shop.it\/#organization","name":"Erresse Shop","url":"https:\/\/dev6.erresse-shop.it\/","logo":{"@type":"ImageObject","inLanguage":"de","@id":"https:\/\/dev6.erresse-shop.it\/#\/schema\/logo\/image\/","url":"https:\/\/dev6.erresse-shop.it\/wp-content\/uploads\/2025\/01\/LOGO-ERRESSE-CLASSICO.svg","contentUrl":"https:\/\/dev6.erresse-shop.it\/wp-content\/uploads\/2025\/01\/LOGO-ERRESSE-CLASSICO.svg","caption":"Erresse Shop"},"image":{"@id":"https:\/\/dev6.erresse-shop.it\/#\/schema\/logo\/image\/"}}]}},"df_price":8.9,"df_sale_price":8.9,"df_regular_price":11.99,"df_image_link":"https:\/\/i1.wp.com\/interpim.erresse-shop.it\/Import\/Prodotti\/joseph-joseph-eco-liners-sacchi-per-rifiuti-iw5-da-40-litri.jpg?resize=300,300&ssl=1","fifu_image_url":"https:\/\/interpim.erresse-shop.it\/Import\/Prodotti\/joseph-joseph-eco-liners-sacchi-per-rifiuti-iw5-da-40-litri.jpg","_links":{"self":[{"href":"https:\/\/dev6.erresse-shop.it\/de\/wp-json\/wp\/v2\/product\/55958","targetHints":{"allow":["GET"]}}],"collection":[{"href":"https:\/\/dev6.erresse-shop.it\/de\/wp-json\/wp\/v2\/product"}],"about":[{"href":"https:\/\/dev6.erresse-shop.it\/de\/wp-json\/wp\/v2\/types\/product"}],"wp:featuredmedia":[{"embeddable":true,"href":"https:\/\/dev6.erresse-shop.it\/de\/wp-json\/wp\/v2\/media\/6369853"}],"wp:attachment":[{"href":"https:\/\/dev6.erresse-shop.it\/de\/wp-json\/wp\/v2\/media?parent=55958"}],"wp:term":[{"taxonomy":"product_cat","embeddable":true,"href":"https:\/\/dev6.erresse-shop.it\/de\/wp-json\/wp\/v2\/product_cat?post=55958"},{"taxonomy":"product_tag","embeddable":true,"href":"https:\/\/dev6.erresse-shop.it\/de\/wp-json\/wp\/v2\/product_tag?post=55958"}],"curies":[{"name":"wp","href":"https:\/\/api.w.org\/{rel}","templated":true}]}}