{"id":55952,"date":"2026-04-12T11:44:43","date_gmt":"2026-04-12T09:44:43","guid":{"rendered":"https:\/\/dev6.erresse-shop.it\/shop\/unkategorisiert\/joseph-joseph-eco-liners-iw9-10-liter-abfallsaecke\/"},"modified":"2025-09-14T02:16:51","modified_gmt":"2025-09-14T00:16:51","slug":"joseph-joseph-eco-liners-iw9-10-liter-abfallsaecke","status":"publish","type":"product","link":"https:\/\/dev6.erresse-shop.it\/de\/shop\/einrichtung-haus\/muelltonnen\/joseph-joseph-eco-liners-iw9-10-liter-abfallsaecke\/","title":{"rendered":"JOSEPH JOSEPH ECO Liners IW9 10-Liter-Abfalls\u00e4cke"},"content":{"rendered":"<p>Dank ihrer extrem langlebigen Konstruktion eignen sich diese ma\u00dfgefertigten IW9-Beutel perfekt f\u00fcr die Verwendung mit unseren Joseph Joseph Arc\u2122 10L Treteimern.<\/p>\n<p>Abfallbeutel mit einem Fassungsverm\u00f6gen von 10 l (2,6 US-Gallonen).<br \/>\nStabile Schn\u00fcrsenkel mit Kordelzug erleichtern das Schlie\u00dfen und den Transport, wenn sie voll sind.<br \/>\nExtrastarke Struktur.<br \/>\nMa\u00dfgeschneidert f\u00fcr Joseph Joseph Arc\u2122 10L Treteimer.<br \/>\nHergestellt aus 70 % recyceltem Post-Consumer-Kunststoffabfall.<br \/>\nEine einzelne Packung enth\u00e4lt 20 Beutel<\/p>\n<p>Pflege und Verwendung:<\/p>\n<p>Plastikt\u00fcten k\u00f6nnen gef\u00e4hrlich sein: Um Erstickungsgefahr zu vermeiden, halten Sie sie von Babys und Kindern fern.<\/p>\n<p>\u00a0<\/p>\n","protected":false},"excerpt":{"rendered":"<p>Dank ihrer extrem langlebigen Konstruktion eignen sich diese ma\u00dfgefertigten IW9-Beutel perfekt f\u00fcr die Verwendung mit unseren Joseph Joseph Arc\u2122 10L Treteimern. Abfallbeutel mit einem Fassungsverm\u00f6gen von 10 l (2,6 US-Gallonen). Stabile Schn\u00fcrsenkel mit Kordelzug erleichtern das Schlie\u00dfen und den Transport, wenn sie voll sind. Extrastarke Struktur. Ma\u00dfgeschneidert f\u00fcr Joseph Joseph Arc\u2122 10L Treteimer. Hergestellt aus [&hellip;]<\/p>\n","protected":false},"featured_media":6369845,"template":"","meta":{"_acf_changed":false},"product_cat":[11666,12098,12137],"product_tag":[],"class_list":{"0":"post-55952","1":"product","2":"type-product","3":"status-publish","4":"has-post-thumbnail","6":"product_cat-arredamento-casa","7":"product_cat-einrichtung-haus","8":"product_cat-muelltonnen","10":"first","11":"instock","12":"sale","13":"taxable","14":"shipping-taxable","15":"purchasable","16":"product-type-simple","swatches":"rey-swatches","show_selected":"","stretch_labels":"rey-swatches--stretch-labels"},"acf":[],"yoast_head":"<!-- This site is optimized with the Yoast SEO plugin v25.4 - https:\/\/yoast.com\/wordpress\/plugins\/seo\/ -->\n<title>JOSEPH JOSEPH ECO Liners IW9 10-Liter-Abfalls\u00e4cke - dev6 Erresse<\/title>\n<meta name=\"description\" content=\"Dank ihrer extrem langlebigen Konstruktion eignen sich diese ma\u00dfgefertigten IW9-Beutel perfekt f\u00fcr die Verwendung mit unseren Joseph Joseph Arc\u2122 10L\" \/>\n<meta name=\"robots\" content=\"noindex, follow, max-snippet:-1, max-image-preview:large, max-video-preview:-1\" \/>\n<meta property=\"og:locale\" content=\"de_DE\" \/>\n<meta property=\"og:type\" content=\"article\" \/>\n<meta property=\"og:title\" content=\"JOSEPH JOSEPH ECO Liners IW9 10-Liter-Abfalls\u00e4cke - dev6 Erresse\" \/>\n<meta property=\"og:description\" content=\"Dank ihrer extrem langlebigen Konstruktion eignen sich diese ma\u00dfgefertigten IW9-Beutel perfekt f\u00fcr die Verwendung mit unseren Joseph Joseph Arc\u2122 10L\" \/>\n<meta property=\"og:url\" content=\"https:\/\/dev6.erresse-shop.it\/de\/shop\/einrichtung-haus\/muelltonnen\/joseph-joseph-eco-liners-iw9-10-liter-abfallsaecke\/\" \/>\n<meta property=\"og:site_name\" content=\"dev6 Erresse\" \/>\n<meta property=\"og:image\" content=\"https:\/\/interpim.erresse-shop.it\/Import\/Prodotti\/joseph-joseph-sacchi-per-rifiuti-iw9-da-10-litri.jpg\" \/><meta property=\"og:image\" content=\"https:\/\/interpim.erresse-shop.it\/Import\/Prodotti\/joseph-joseph-sacchi-per-rifiuti-iw9-da-10-litri.jpg\" \/>\n\t<meta property=\"og:image:width\" content=\"1024\" \/>\n\t<meta property=\"og:image:height\" content=\"1024\" \/>\n\t<meta property=\"og:image:type\" content=\"image\/jpeg\" \/>\n<meta name=\"twitter:card\" content=\"summary_large_image\" \/>\n<meta name=\"twitter:image\" content=\"https:\/\/interpim.erresse-shop.it\/Import\/Prodotti\/joseph-joseph-sacchi-per-rifiuti-iw9-da-10-litri.jpg\" \/>\n<script type=\"application\/ld+json\" class=\"yoast-schema-graph\">{\"@context\":\"https:\/\/schema.org\",\"@graph\":[{\"@type\":\"WebPage\",\"@id\":\"https:\/\/dev6.erresse-shop.it\/de\/shop\/einrichtung-haus\/muelltonnen\/joseph-joseph-eco-liners-iw9-10-liter-abfallsaecke\/\",\"url\":\"https:\/\/dev6.erresse-shop.it\/de\/shop\/einrichtung-haus\/muelltonnen\/joseph-joseph-eco-liners-iw9-10-liter-abfallsaecke\/\",\"name\":\"JOSEPH JOSEPH ECO Liners IW9 10-Liter-Abfalls\u00e4cke - dev6 Erresse\",\"isPartOf\":{\"@id\":\"https:\/\/dev6.erresse-shop.it\/#website\"},\"primaryImageOfPage\":{\"@id\":\"https:\/\/dev6.erresse-shop.it\/de\/shop\/einrichtung-haus\/muelltonnen\/joseph-joseph-eco-liners-iw9-10-liter-abfallsaecke\/#primaryimage\"},\"image\":{\"@id\":\"https:\/\/dev6.erresse-shop.it\/de\/shop\/einrichtung-haus\/muelltonnen\/joseph-joseph-eco-liners-iw9-10-liter-abfallsaecke\/#primaryimage\"},\"thumbnailUrl\":\"https:\/\/i1.wp.com\/interpim.erresse-shop.it\/Import\/Prodotti\/joseph-joseph-sacchi-per-rifiuti-iw9-da-10-litri.jpg?ssl=1\",\"datePublished\":\"2026-04-12T09:44:43+00:00\",\"description\":\"Dank ihrer extrem langlebigen Konstruktion eignen sich diese ma\u00dfgefertigten IW9-Beutel perfekt f\u00fcr die Verwendung mit unseren Joseph Joseph Arc\u2122 10L\",\"breadcrumb\":{\"@id\":\"https:\/\/dev6.erresse-shop.it\/de\/shop\/einrichtung-haus\/muelltonnen\/joseph-joseph-eco-liners-iw9-10-liter-abfallsaecke\/#breadcrumb\"},\"inLanguage\":\"de\",\"potentialAction\":[{\"@type\":\"ReadAction\",\"target\":[\"https:\/\/dev6.erresse-shop.it\/de\/shop\/einrichtung-haus\/muelltonnen\/joseph-joseph-eco-liners-iw9-10-liter-abfallsaecke\/\"]}]},{\"@type\":\"ImageObject\",\"inLanguage\":\"de\",\"@id\":\"https:\/\/dev6.erresse-shop.it\/de\/shop\/einrichtung-haus\/muelltonnen\/joseph-joseph-eco-liners-iw9-10-liter-abfallsaecke\/#primaryimage\",\"url\":\"https:\/\/i1.wp.com\/interpim.erresse-shop.it\/Import\/Prodotti\/joseph-joseph-sacchi-per-rifiuti-iw9-da-10-litri.jpg?ssl=1\",\"contentUrl\":\"https:\/\/i1.wp.com\/interpim.erresse-shop.it\/Import\/Prodotti\/joseph-joseph-sacchi-per-rifiuti-iw9-da-10-litri.jpg?ssl=1\"},{\"@type\":\"BreadcrumbList\",\"@id\":\"https:\/\/dev6.erresse-shop.it\/de\/shop\/einrichtung-haus\/muelltonnen\/joseph-joseph-eco-liners-iw9-10-liter-abfallsaecke\/#breadcrumb\",\"itemListElement\":[{\"@type\":\"ListItem\",\"position\":1,\"name\":\"Home\",\"item\":\"https:\/\/dev6.erresse-shop.it\/\"},{\"@type\":\"ListItem\",\"position\":2,\"name\":\"Shop\",\"item\":\"https:\/\/dev6.erresse-shop.it\/shop\/\"},{\"@type\":\"ListItem\",\"position\":3,\"name\":\"JOSEPH JOSEPH ECO Liners IW9 10-Liter-Abfalls\u00e4cke\"}]},{\"@type\":\"WebSite\",\"@id\":\"https:\/\/dev6.erresse-shop.it\/#website\",\"url\":\"https:\/\/dev6.erresse-shop.it\/\",\"name\":\"Erresse Shop\",\"description\":\"\",\"publisher\":{\"@id\":\"https:\/\/dev6.erresse-shop.it\/#organization\"},\"potentialAction\":[{\"@type\":\"SearchAction\",\"target\":{\"@type\":\"EntryPoint\",\"urlTemplate\":\"https:\/\/dev6.erresse-shop.it\/?s={search_term_string}\"},\"query-input\":{\"@type\":\"PropertyValueSpecification\",\"valueRequired\":true,\"valueName\":\"search_term_string\"}}],\"inLanguage\":\"de\"},{\"@type\":\"Organization\",\"@id\":\"https:\/\/dev6.erresse-shop.it\/#organization\",\"name\":\"Erresse Shop\",\"url\":\"https:\/\/dev6.erresse-shop.it\/\",\"logo\":{\"@type\":\"ImageObject\",\"inLanguage\":\"de\",\"@id\":\"https:\/\/dev6.erresse-shop.it\/#\/schema\/logo\/image\/\",\"url\":\"https:\/\/dev6.erresse-shop.it\/wp-content\/uploads\/2025\/01\/LOGO-ERRESSE-CLASSICO.svg\",\"contentUrl\":\"https:\/\/dev6.erresse-shop.it\/wp-content\/uploads\/2025\/01\/LOGO-ERRESSE-CLASSICO.svg\",\"caption\":\"Erresse Shop\"},\"image\":{\"@id\":\"https:\/\/dev6.erresse-shop.it\/#\/schema\/logo\/image\/\"}}]}<\/script>\n<!-- \/ Yoast SEO plugin. -->","yoast_head_json":{"title":"JOSEPH JOSEPH ECO Liners IW9 10-Liter-Abfalls\u00e4cke - dev6 Erresse","description":"Dank ihrer extrem langlebigen Konstruktion eignen sich diese ma\u00dfgefertigten IW9-Beutel perfekt f\u00fcr die Verwendung mit unseren Joseph Joseph Arc\u2122 10L","robots":{"index":"noindex","follow":"follow","max-snippet":"max-snippet:-1","max-image-preview":"max-image-preview:large","max-video-preview":"max-video-preview:-1"},"og_locale":"de_DE","og_type":"article","og_title":"JOSEPH JOSEPH ECO Liners IW9 10-Liter-Abfalls\u00e4cke - dev6 Erresse","og_description":"Dank ihrer extrem langlebigen Konstruktion eignen sich diese ma\u00dfgefertigten IW9-Beutel perfekt f\u00fcr die Verwendung mit unseren Joseph Joseph Arc\u2122 10L","og_url":"https:\/\/dev6.erresse-shop.it\/de\/shop\/einrichtung-haus\/muelltonnen\/joseph-joseph-eco-liners-iw9-10-liter-abfallsaecke\/","og_site_name":"dev6 Erresse","og_image":[{"url":"https:\/\/interpim.erresse-shop.it\/Import\/Prodotti\/joseph-joseph-sacchi-per-rifiuti-iw9-da-10-litri.jpg","type":"","width":"","height":""},{"url":"https:\/\/interpim.erresse-shop.it\/Import\/Prodotti\/joseph-joseph-sacchi-per-rifiuti-iw9-da-10-litri.jpg","width":1024,"height":1024,"type":"image\/jpeg"}],"twitter_card":"summary_large_image","twitter_image":"https:\/\/interpim.erresse-shop.it\/Import\/Prodotti\/joseph-joseph-sacchi-per-rifiuti-iw9-da-10-litri.jpg","schema":{"@context":"https:\/\/schema.org","@graph":[{"@type":"WebPage","@id":"https:\/\/dev6.erresse-shop.it\/de\/shop\/einrichtung-haus\/muelltonnen\/joseph-joseph-eco-liners-iw9-10-liter-abfallsaecke\/","url":"https:\/\/dev6.erresse-shop.it\/de\/shop\/einrichtung-haus\/muelltonnen\/joseph-joseph-eco-liners-iw9-10-liter-abfallsaecke\/","name":"JOSEPH JOSEPH ECO Liners IW9 10-Liter-Abfalls\u00e4cke - dev6 Erresse","isPartOf":{"@id":"https:\/\/dev6.erresse-shop.it\/#website"},"primaryImageOfPage":{"@id":"https:\/\/dev6.erresse-shop.it\/de\/shop\/einrichtung-haus\/muelltonnen\/joseph-joseph-eco-liners-iw9-10-liter-abfallsaecke\/#primaryimage"},"image":{"@id":"https:\/\/dev6.erresse-shop.it\/de\/shop\/einrichtung-haus\/muelltonnen\/joseph-joseph-eco-liners-iw9-10-liter-abfallsaecke\/#primaryimage"},"thumbnailUrl":"https:\/\/i1.wp.com\/interpim.erresse-shop.it\/Import\/Prodotti\/joseph-joseph-sacchi-per-rifiuti-iw9-da-10-litri.jpg?ssl=1","datePublished":"2026-04-12T09:44:43+00:00","description":"Dank ihrer extrem langlebigen Konstruktion eignen sich diese ma\u00dfgefertigten IW9-Beutel perfekt f\u00fcr die Verwendung mit unseren Joseph Joseph Arc\u2122 10L","breadcrumb":{"@id":"https:\/\/dev6.erresse-shop.it\/de\/shop\/einrichtung-haus\/muelltonnen\/joseph-joseph-eco-liners-iw9-10-liter-abfallsaecke\/#breadcrumb"},"inLanguage":"de","potentialAction":[{"@type":"ReadAction","target":["https:\/\/dev6.erresse-shop.it\/de\/shop\/einrichtung-haus\/muelltonnen\/joseph-joseph-eco-liners-iw9-10-liter-abfallsaecke\/"]}]},{"@type":"ImageObject","inLanguage":"de","@id":"https:\/\/dev6.erresse-shop.it\/de\/shop\/einrichtung-haus\/muelltonnen\/joseph-joseph-eco-liners-iw9-10-liter-abfallsaecke\/#primaryimage","url":"https:\/\/i1.wp.com\/interpim.erresse-shop.it\/Import\/Prodotti\/joseph-joseph-sacchi-per-rifiuti-iw9-da-10-litri.jpg?ssl=1","contentUrl":"https:\/\/i1.wp.com\/interpim.erresse-shop.it\/Import\/Prodotti\/joseph-joseph-sacchi-per-rifiuti-iw9-da-10-litri.jpg?ssl=1"},{"@type":"BreadcrumbList","@id":"https:\/\/dev6.erresse-shop.it\/de\/shop\/einrichtung-haus\/muelltonnen\/joseph-joseph-eco-liners-iw9-10-liter-abfallsaecke\/#breadcrumb","itemListElement":[{"@type":"ListItem","position":1,"name":"Home","item":"https:\/\/dev6.erresse-shop.it\/"},{"@type":"ListItem","position":2,"name":"Shop","item":"https:\/\/dev6.erresse-shop.it\/shop\/"},{"@type":"ListItem","position":3,"name":"JOSEPH JOSEPH ECO Liners IW9 10-Liter-Abfalls\u00e4cke"}]},{"@type":"WebSite","@id":"https:\/\/dev6.erresse-shop.it\/#website","url":"https:\/\/dev6.erresse-shop.it\/","name":"Erresse Shop","description":"","publisher":{"@id":"https:\/\/dev6.erresse-shop.it\/#organization"},"potentialAction":[{"@type":"SearchAction","target":{"@type":"EntryPoint","urlTemplate":"https:\/\/dev6.erresse-shop.it\/?s={search_term_string}"},"query-input":{"@type":"PropertyValueSpecification","valueRequired":true,"valueName":"search_term_string"}}],"inLanguage":"de"},{"@type":"Organization","@id":"https:\/\/dev6.erresse-shop.it\/#organization","name":"Erresse Shop","url":"https:\/\/dev6.erresse-shop.it\/","logo":{"@type":"ImageObject","inLanguage":"de","@id":"https:\/\/dev6.erresse-shop.it\/#\/schema\/logo\/image\/","url":"https:\/\/dev6.erresse-shop.it\/wp-content\/uploads\/2025\/01\/LOGO-ERRESSE-CLASSICO.svg","contentUrl":"https:\/\/dev6.erresse-shop.it\/wp-content\/uploads\/2025\/01\/LOGO-ERRESSE-CLASSICO.svg","caption":"Erresse Shop"},"image":{"@id":"https:\/\/dev6.erresse-shop.it\/#\/schema\/logo\/image\/"}}]}},"df_price":21.9,"df_sale_price":21.9,"df_regular_price":21.99,"df_image_link":"https:\/\/i1.wp.com\/interpim.erresse-shop.it\/Import\/Prodotti\/joseph-joseph-sacchi-per-rifiuti-iw9-da-10-litri.jpg?resize=300,300&ssl=1","fifu_image_url":"https:\/\/interpim.erresse-shop.it\/Import\/Prodotti\/joseph-joseph-sacchi-per-rifiuti-iw9-da-10-litri.jpg","_links":{"self":[{"href":"https:\/\/dev6.erresse-shop.it\/de\/wp-json\/wp\/v2\/product\/55952","targetHints":{"allow":["GET"]}}],"collection":[{"href":"https:\/\/dev6.erresse-shop.it\/de\/wp-json\/wp\/v2\/product"}],"about":[{"href":"https:\/\/dev6.erresse-shop.it\/de\/wp-json\/wp\/v2\/types\/product"}],"wp:featuredmedia":[{"embeddable":true,"href":"https:\/\/dev6.erresse-shop.it\/de\/wp-json\/wp\/v2\/media\/6369845"}],"wp:attachment":[{"href":"https:\/\/dev6.erresse-shop.it\/de\/wp-json\/wp\/v2\/media?parent=55952"}],"wp:term":[{"taxonomy":"product_cat","embeddable":true,"href":"https:\/\/dev6.erresse-shop.it\/de\/wp-json\/wp\/v2\/product_cat?post=55952"},{"taxonomy":"product_tag","embeddable":true,"href":"https:\/\/dev6.erresse-shop.it\/de\/wp-json\/wp\/v2\/product_tag?post=55952"}],"curies":[{"name":"wp","href":"https:\/\/api.w.org\/{rel}","templated":true}]}}