{"id":55950,"date":"2026-04-12T11:44:43","date_gmt":"2026-04-12T09:44:43","guid":{"rendered":"https:\/\/dev6.erresse-shop.it\/shop\/unkategorisiert\/joseph-joseph-easystore-luxe-zahnbuerstenhalter-aus-edelstahl-large\/"},"modified":"2026-01-21T20:14:12","modified_gmt":"2026-01-21T19:14:12","slug":"joseph-joseph-easystore-luxe-zahnbuerstenhalter-aus-edelstahl-large","status":"publish","type":"product","link":"https:\/\/dev6.erresse-shop.it\/de\/shop\/einrichtung-haus\/badezimmer\/joseph-joseph-easystore-luxe-zahnbuerstenhalter-aus-edelstahl-large\/","title":{"rendered":"JOSEPH JOSEPH EasyStore Luxe Zahnb\u00fcrstenhalter aus Edelstahl Large"},"content":{"rendered":"<p>Dieser gro\u00dfe Zahnb\u00fcrstenhalter aus poliertem Edelstahl bietet eine organisierte Aufbewahrung f\u00fcr Zahnb\u00fcrsten und Zahnpastatuben. Zur einfachen Reinigung l\u00e4sst es sich zerlegen.<\/p>\n<p>Poliertes Edelstahlfinish<br \/>\nGeeignet f\u00fcr elektrische Zahnb\u00fcrsten und Zahnpastatuben<br \/>\nTrennwand f\u00fcr organisierte Aufbewahrung<br \/>\nPerfekt f\u00fcr die Aufbewahrung neben der Sp\u00fcle<br \/>\nZum einfachen Reinigen zerlegbar<\/p>\n<p>Pflege und Verwendung:<\/p>\n<p>Mit einem feuchten Tuch reinigen und mit einem weichen, trockenen Tuch trocknen.<br \/>\nVerwenden Sie keine Scheuerlappen oder starke chemische Reinigungsmittel.<\/p>\n<p>Abmessungen:<\/p>\n<p>H11,7 x B17,5 x T9,4 cm (H4\u00bd x B7 x T3\u00be Zoll)<\/p>\n<p>\u00a0<\/p>\n","protected":false},"excerpt":{"rendered":"<p>Dieser gro\u00dfe Zahnb\u00fcrstenhalter aus poliertem Edelstahl bietet eine organisierte Aufbewahrung f\u00fcr Zahnb\u00fcrsten und Zahnpastatuben. Zur einfachen Reinigung l\u00e4sst es sich zerlegen. Poliertes Edelstahlfinish Geeignet f\u00fcr elektrische Zahnb\u00fcrsten und Zahnpastatuben Trennwand f\u00fcr organisierte Aufbewahrung Perfekt f\u00fcr die Aufbewahrung neben der Sp\u00fcle Zum einfachen Reinigen zerlegbar Pflege und Verwendung: Mit einem feuchten Tuch reinigen und mit einem [&hellip;]<\/p>\n","protected":false},"featured_media":6369839,"template":"","meta":{"_acf_changed":false},"product_cat":[12182,12098],"product_tag":[],"class_list":{"0":"post-55950","1":"product","2":"type-product","3":"status-publish","4":"has-post-thumbnail","6":"product_cat-badezimmer","7":"product_cat-einrichtung-haus","9":"first","10":"instock","11":"sale","12":"taxable","13":"shipping-taxable","14":"purchasable","15":"product-type-simple","swatches":"rey-swatches","show_selected":"","stretch_labels":"rey-swatches--stretch-labels"},"acf":[],"yoast_head":"<!-- This site is optimized with the Yoast SEO plugin v25.4 - https:\/\/yoast.com\/wordpress\/plugins\/seo\/ -->\n<title>JOSEPH JOSEPH EasyStore Luxe Zahnb\u00fcrstenhalter aus Edelstahl Large - dev6 Erresse<\/title>\n<meta name=\"description\" content=\"Dieser gro\u00dfe Zahnb\u00fcrstenhalter aus poliertem Edelstahl bietet eine organisierte Aufbewahrung f\u00fcr Zahnb\u00fcrsten und Zahnpastatuben. Zur einfachen Reinigung\" \/>\n<meta name=\"robots\" content=\"noindex, follow, max-snippet:-1, max-image-preview:large, max-video-preview:-1\" \/>\n<meta property=\"og:locale\" content=\"de_DE\" \/>\n<meta property=\"og:type\" content=\"article\" \/>\n<meta property=\"og:title\" content=\"JOSEPH JOSEPH EasyStore Luxe Zahnb\u00fcrstenhalter aus Edelstahl Large - dev6 Erresse\" \/>\n<meta property=\"og:description\" content=\"Dieser gro\u00dfe Zahnb\u00fcrstenhalter aus poliertem Edelstahl bietet eine organisierte Aufbewahrung f\u00fcr Zahnb\u00fcrsten und Zahnpastatuben. Zur einfachen Reinigung\" \/>\n<meta property=\"og:url\" content=\"https:\/\/dev6.erresse-shop.it\/de\/shop\/einrichtung-haus\/badezimmer\/joseph-joseph-easystore-luxe-zahnbuerstenhalter-aus-edelstahl-large\/\" \/>\n<meta property=\"og:site_name\" content=\"dev6 Erresse\" \/>\n<meta property=\"og:image\" content=\"https:\/\/interpim.erresse-shop.it\/Import\/Prodotti\/joseph-joseph-easystore-luxe-portaspazzolini-in-acciaio-inox-grande.jpg\" \/><meta property=\"og:image\" content=\"https:\/\/interpim.erresse-shop.it\/Import\/Prodotti\/joseph-joseph-easystore-luxe-portaspazzolini-in-acciaio-inox-grande.jpg\" \/>\n\t<meta property=\"og:image:width\" content=\"1024\" \/>\n\t<meta property=\"og:image:height\" content=\"1024\" \/>\n\t<meta property=\"og:image:type\" content=\"image\/jpeg\" \/>\n<meta name=\"twitter:card\" content=\"summary_large_image\" \/>\n<meta name=\"twitter:image\" content=\"https:\/\/interpim.erresse-shop.it\/Import\/Prodotti\/joseph-joseph-easystore-luxe-portaspazzolini-in-acciaio-inox-grande.jpg\" \/>\n<script type=\"application\/ld+json\" class=\"yoast-schema-graph\">{\"@context\":\"https:\/\/schema.org\",\"@graph\":[{\"@type\":\"WebPage\",\"@id\":\"https:\/\/dev6.erresse-shop.it\/de\/shop\/einrichtung-haus\/badezimmer\/joseph-joseph-easystore-luxe-zahnbuerstenhalter-aus-edelstahl-large\/\",\"url\":\"https:\/\/dev6.erresse-shop.it\/de\/shop\/einrichtung-haus\/badezimmer\/joseph-joseph-easystore-luxe-zahnbuerstenhalter-aus-edelstahl-large\/\",\"name\":\"JOSEPH JOSEPH EasyStore Luxe Zahnb\u00fcrstenhalter aus Edelstahl Large - dev6 Erresse\",\"isPartOf\":{\"@id\":\"https:\/\/dev6.erresse-shop.it\/#website\"},\"primaryImageOfPage\":{\"@id\":\"https:\/\/dev6.erresse-shop.it\/de\/shop\/einrichtung-haus\/badezimmer\/joseph-joseph-easystore-luxe-zahnbuerstenhalter-aus-edelstahl-large\/#primaryimage\"},\"image\":{\"@id\":\"https:\/\/dev6.erresse-shop.it\/de\/shop\/einrichtung-haus\/badezimmer\/joseph-joseph-easystore-luxe-zahnbuerstenhalter-aus-edelstahl-large\/#primaryimage\"},\"thumbnailUrl\":\"https:\/\/i1.wp.com\/interpim.erresse-shop.it\/Import\/Prodotti\/joseph-joseph-easystore-luxe-portaspazzolini-in-acciaio-inox-grande.jpg?ssl=1\",\"datePublished\":\"2026-04-12T09:44:43+00:00\",\"description\":\"Dieser gro\u00dfe Zahnb\u00fcrstenhalter aus poliertem Edelstahl bietet eine organisierte Aufbewahrung f\u00fcr Zahnb\u00fcrsten und Zahnpastatuben. Zur einfachen Reinigung\",\"breadcrumb\":{\"@id\":\"https:\/\/dev6.erresse-shop.it\/de\/shop\/einrichtung-haus\/badezimmer\/joseph-joseph-easystore-luxe-zahnbuerstenhalter-aus-edelstahl-large\/#breadcrumb\"},\"inLanguage\":\"de\",\"potentialAction\":[{\"@type\":\"ReadAction\",\"target\":[\"https:\/\/dev6.erresse-shop.it\/de\/shop\/einrichtung-haus\/badezimmer\/joseph-joseph-easystore-luxe-zahnbuerstenhalter-aus-edelstahl-large\/\"]}]},{\"@type\":\"ImageObject\",\"inLanguage\":\"de\",\"@id\":\"https:\/\/dev6.erresse-shop.it\/de\/shop\/einrichtung-haus\/badezimmer\/joseph-joseph-easystore-luxe-zahnbuerstenhalter-aus-edelstahl-large\/#primaryimage\",\"url\":\"https:\/\/i1.wp.com\/interpim.erresse-shop.it\/Import\/Prodotti\/joseph-joseph-easystore-luxe-portaspazzolini-in-acciaio-inox-grande.jpg?ssl=1\",\"contentUrl\":\"https:\/\/i1.wp.com\/interpim.erresse-shop.it\/Import\/Prodotti\/joseph-joseph-easystore-luxe-portaspazzolini-in-acciaio-inox-grande.jpg?ssl=1\"},{\"@type\":\"BreadcrumbList\",\"@id\":\"https:\/\/dev6.erresse-shop.it\/de\/shop\/einrichtung-haus\/badezimmer\/joseph-joseph-easystore-luxe-zahnbuerstenhalter-aus-edelstahl-large\/#breadcrumb\",\"itemListElement\":[{\"@type\":\"ListItem\",\"position\":1,\"name\":\"Home\",\"item\":\"https:\/\/dev6.erresse-shop.it\/\"},{\"@type\":\"ListItem\",\"position\":2,\"name\":\"Shop\",\"item\":\"https:\/\/dev6.erresse-shop.it\/shop\/\"},{\"@type\":\"ListItem\",\"position\":3,\"name\":\"JOSEPH JOSEPH EasyStore Luxe Zahnb\u00fcrstenhalter aus Edelstahl Large\"}]},{\"@type\":\"WebSite\",\"@id\":\"https:\/\/dev6.erresse-shop.it\/#website\",\"url\":\"https:\/\/dev6.erresse-shop.it\/\",\"name\":\"Erresse Shop\",\"description\":\"\",\"publisher\":{\"@id\":\"https:\/\/dev6.erresse-shop.it\/#organization\"},\"potentialAction\":[{\"@type\":\"SearchAction\",\"target\":{\"@type\":\"EntryPoint\",\"urlTemplate\":\"https:\/\/dev6.erresse-shop.it\/?s={search_term_string}\"},\"query-input\":{\"@type\":\"PropertyValueSpecification\",\"valueRequired\":true,\"valueName\":\"search_term_string\"}}],\"inLanguage\":\"de\"},{\"@type\":\"Organization\",\"@id\":\"https:\/\/dev6.erresse-shop.it\/#organization\",\"name\":\"Erresse Shop\",\"url\":\"https:\/\/dev6.erresse-shop.it\/\",\"logo\":{\"@type\":\"ImageObject\",\"inLanguage\":\"de\",\"@id\":\"https:\/\/dev6.erresse-shop.it\/#\/schema\/logo\/image\/\",\"url\":\"https:\/\/dev6.erresse-shop.it\/wp-content\/uploads\/2025\/01\/LOGO-ERRESSE-CLASSICO.svg\",\"contentUrl\":\"https:\/\/dev6.erresse-shop.it\/wp-content\/uploads\/2025\/01\/LOGO-ERRESSE-CLASSICO.svg\",\"caption\":\"Erresse Shop\"},\"image\":{\"@id\":\"https:\/\/dev6.erresse-shop.it\/#\/schema\/logo\/image\/\"}}]}<\/script>\n<!-- \/ Yoast SEO plugin. -->","yoast_head_json":{"title":"JOSEPH JOSEPH EasyStore Luxe Zahnb\u00fcrstenhalter aus Edelstahl Large - dev6 Erresse","description":"Dieser gro\u00dfe Zahnb\u00fcrstenhalter aus poliertem Edelstahl bietet eine organisierte Aufbewahrung f\u00fcr Zahnb\u00fcrsten und Zahnpastatuben. Zur einfachen Reinigung","robots":{"index":"noindex","follow":"follow","max-snippet":"max-snippet:-1","max-image-preview":"max-image-preview:large","max-video-preview":"max-video-preview:-1"},"og_locale":"de_DE","og_type":"article","og_title":"JOSEPH JOSEPH EasyStore Luxe Zahnb\u00fcrstenhalter aus Edelstahl Large - dev6 Erresse","og_description":"Dieser gro\u00dfe Zahnb\u00fcrstenhalter aus poliertem Edelstahl bietet eine organisierte Aufbewahrung f\u00fcr Zahnb\u00fcrsten und Zahnpastatuben. Zur einfachen Reinigung","og_url":"https:\/\/dev6.erresse-shop.it\/de\/shop\/einrichtung-haus\/badezimmer\/joseph-joseph-easystore-luxe-zahnbuerstenhalter-aus-edelstahl-large\/","og_site_name":"dev6 Erresse","og_image":[{"url":"https:\/\/interpim.erresse-shop.it\/Import\/Prodotti\/joseph-joseph-easystore-luxe-portaspazzolini-in-acciaio-inox-grande.jpg","type":"","width":"","height":""},{"url":"https:\/\/interpim.erresse-shop.it\/Import\/Prodotti\/joseph-joseph-easystore-luxe-portaspazzolini-in-acciaio-inox-grande.jpg","width":1024,"height":1024,"type":"image\/jpeg"}],"twitter_card":"summary_large_image","twitter_image":"https:\/\/interpim.erresse-shop.it\/Import\/Prodotti\/joseph-joseph-easystore-luxe-portaspazzolini-in-acciaio-inox-grande.jpg","schema":{"@context":"https:\/\/schema.org","@graph":[{"@type":"WebPage","@id":"https:\/\/dev6.erresse-shop.it\/de\/shop\/einrichtung-haus\/badezimmer\/joseph-joseph-easystore-luxe-zahnbuerstenhalter-aus-edelstahl-large\/","url":"https:\/\/dev6.erresse-shop.it\/de\/shop\/einrichtung-haus\/badezimmer\/joseph-joseph-easystore-luxe-zahnbuerstenhalter-aus-edelstahl-large\/","name":"JOSEPH JOSEPH EasyStore Luxe Zahnb\u00fcrstenhalter aus Edelstahl Large - dev6 Erresse","isPartOf":{"@id":"https:\/\/dev6.erresse-shop.it\/#website"},"primaryImageOfPage":{"@id":"https:\/\/dev6.erresse-shop.it\/de\/shop\/einrichtung-haus\/badezimmer\/joseph-joseph-easystore-luxe-zahnbuerstenhalter-aus-edelstahl-large\/#primaryimage"},"image":{"@id":"https:\/\/dev6.erresse-shop.it\/de\/shop\/einrichtung-haus\/badezimmer\/joseph-joseph-easystore-luxe-zahnbuerstenhalter-aus-edelstahl-large\/#primaryimage"},"thumbnailUrl":"https:\/\/i1.wp.com\/interpim.erresse-shop.it\/Import\/Prodotti\/joseph-joseph-easystore-luxe-portaspazzolini-in-acciaio-inox-grande.jpg?ssl=1","datePublished":"2026-04-12T09:44:43+00:00","description":"Dieser gro\u00dfe Zahnb\u00fcrstenhalter aus poliertem Edelstahl bietet eine organisierte Aufbewahrung f\u00fcr Zahnb\u00fcrsten und Zahnpastatuben. Zur einfachen Reinigung","breadcrumb":{"@id":"https:\/\/dev6.erresse-shop.it\/de\/shop\/einrichtung-haus\/badezimmer\/joseph-joseph-easystore-luxe-zahnbuerstenhalter-aus-edelstahl-large\/#breadcrumb"},"inLanguage":"de","potentialAction":[{"@type":"ReadAction","target":["https:\/\/dev6.erresse-shop.it\/de\/shop\/einrichtung-haus\/badezimmer\/joseph-joseph-easystore-luxe-zahnbuerstenhalter-aus-edelstahl-large\/"]}]},{"@type":"ImageObject","inLanguage":"de","@id":"https:\/\/dev6.erresse-shop.it\/de\/shop\/einrichtung-haus\/badezimmer\/joseph-joseph-easystore-luxe-zahnbuerstenhalter-aus-edelstahl-large\/#primaryimage","url":"https:\/\/i1.wp.com\/interpim.erresse-shop.it\/Import\/Prodotti\/joseph-joseph-easystore-luxe-portaspazzolini-in-acciaio-inox-grande.jpg?ssl=1","contentUrl":"https:\/\/i1.wp.com\/interpim.erresse-shop.it\/Import\/Prodotti\/joseph-joseph-easystore-luxe-portaspazzolini-in-acciaio-inox-grande.jpg?ssl=1"},{"@type":"BreadcrumbList","@id":"https:\/\/dev6.erresse-shop.it\/de\/shop\/einrichtung-haus\/badezimmer\/joseph-joseph-easystore-luxe-zahnbuerstenhalter-aus-edelstahl-large\/#breadcrumb","itemListElement":[{"@type":"ListItem","position":1,"name":"Home","item":"https:\/\/dev6.erresse-shop.it\/"},{"@type":"ListItem","position":2,"name":"Shop","item":"https:\/\/dev6.erresse-shop.it\/shop\/"},{"@type":"ListItem","position":3,"name":"JOSEPH JOSEPH EasyStore Luxe Zahnb\u00fcrstenhalter aus Edelstahl Large"}]},{"@type":"WebSite","@id":"https:\/\/dev6.erresse-shop.it\/#website","url":"https:\/\/dev6.erresse-shop.it\/","name":"Erresse Shop","description":"","publisher":{"@id":"https:\/\/dev6.erresse-shop.it\/#organization"},"potentialAction":[{"@type":"SearchAction","target":{"@type":"EntryPoint","urlTemplate":"https:\/\/dev6.erresse-shop.it\/?s={search_term_string}"},"query-input":{"@type":"PropertyValueSpecification","valueRequired":true,"valueName":"search_term_string"}}],"inLanguage":"de"},{"@type":"Organization","@id":"https:\/\/dev6.erresse-shop.it\/#organization","name":"Erresse Shop","url":"https:\/\/dev6.erresse-shop.it\/","logo":{"@type":"ImageObject","inLanguage":"de","@id":"https:\/\/dev6.erresse-shop.it\/#\/schema\/logo\/image\/","url":"https:\/\/dev6.erresse-shop.it\/wp-content\/uploads\/2025\/01\/LOGO-ERRESSE-CLASSICO.svg","contentUrl":"https:\/\/dev6.erresse-shop.it\/wp-content\/uploads\/2025\/01\/LOGO-ERRESSE-CLASSICO.svg","caption":"Erresse Shop"},"image":{"@id":"https:\/\/dev6.erresse-shop.it\/#\/schema\/logo\/image\/"}}]}},"df_price":27,"df_sale_price":27,"df_regular_price":34.99,"df_image_link":"https:\/\/i1.wp.com\/interpim.erresse-shop.it\/Import\/Prodotti\/joseph-joseph-easystore-luxe-portaspazzolini-in-acciaio-inox-grande.jpg?resize=300,300&ssl=1","fifu_image_url":"https:\/\/interpim.erresse-shop.it\/Import\/Prodotti\/joseph-joseph-easystore-luxe-portaspazzolini-in-acciaio-inox-grande.jpg","_links":{"self":[{"href":"https:\/\/dev6.erresse-shop.it\/de\/wp-json\/wp\/v2\/product\/55950","targetHints":{"allow":["GET"]}}],"collection":[{"href":"https:\/\/dev6.erresse-shop.it\/de\/wp-json\/wp\/v2\/product"}],"about":[{"href":"https:\/\/dev6.erresse-shop.it\/de\/wp-json\/wp\/v2\/types\/product"}],"wp:featuredmedia":[{"embeddable":true,"href":"https:\/\/dev6.erresse-shop.it\/de\/wp-json\/wp\/v2\/media\/6369839"}],"wp:attachment":[{"href":"https:\/\/dev6.erresse-shop.it\/de\/wp-json\/wp\/v2\/media?parent=55950"}],"wp:term":[{"taxonomy":"product_cat","embeddable":true,"href":"https:\/\/dev6.erresse-shop.it\/de\/wp-json\/wp\/v2\/product_cat?post=55950"},{"taxonomy":"product_tag","embeddable":true,"href":"https:\/\/dev6.erresse-shop.it\/de\/wp-json\/wp\/v2\/product_tag?post=55950"}],"curies":[{"name":"wp","href":"https:\/\/api.w.org\/{rel}","templated":true}]}}