{"id":55949,"date":"2026-04-12T11:44:43","date_gmt":"2026-04-12T09:44:43","guid":{"rendered":"https:\/\/dev6.erresse-shop.it\/shop\/unkategorisiert\/joseph-joseph-easystore-plus-toilettenpapierhalter-mit-toilettenbuerste-aus-edelstahl\/"},"modified":"2026-01-21T20:14:11","modified_gmt":"2026-01-21T19:14:11","slug":"joseph-joseph-easystore-plus-toilettenpapierhalter-mit-toilettenbuerste-aus-edelstahl","status":"publish","type":"product","link":"https:\/\/dev6.erresse-shop.it\/de\/shop\/einrichtung-haus\/badezimmer\/joseph-joseph-easystore-plus-toilettenpapierhalter-mit-toilettenbuerste-aus-edelstahl\/","title":{"rendered":"JOSEPH JOSEPH EasyStore Plus Toilettenpapierhalter mit Toilettenb\u00fcrste aus Edelstahl"},"content":{"rendered":"<p>Dieses Toilettenpapierhalter- und Toilettenb\u00fcrstenset umfasst einen freistehenden EasyStore\u2122 Plus Toilettenpapierhalter mit einer Ablage f\u00fcr zwei Verwendungszwecke und eine Flex\u2122 Steel-Toilettenb\u00fcrste, die ordentlich in der Basis verstaut werden kann.<\/p>\n<p>Diskretes Fach zur Aufbewahrung von Hygieneartikeln<br \/>\nPraktische Ablage f\u00fcr Kleinteile wie Handys oder Feuchtt\u00fccher<br \/>\nDer Rollenhalter mit Reibungsgriff verhindert das Abrollen von Toilettenpapier<br \/>\nGewichtete Basis f\u00fcr mehr Stabilit\u00e4t<br \/>\nEnth\u00e4lt eine Flex\u2122-Toilettenb\u00fcrste aus Stahl<\/p>\n<p>Pflege und Verwendung:<\/p>\n<p>St\u00e4nde &amp; B\u00fcrstenhalter \u2013 mit einem feuchten Tuch abwischen<br \/>\nVerwenden Sie keine Scheuerlappen oder starke chemische Reinigungsmittel<br \/>\nB\u00fcrste \u2013 mit Bleichmittel oder hei\u00dfem Seifenwasser reinigen<br \/>\nWenn Sie Bleichmittel verwenden, vermeiden Sie l\u00e4ngeren Kontakt mit dem Edelstahlschaft<br \/>\nUm Kratzer zu vermeiden, seien Sie vorsichtig, wenn Sie Metallgegenst\u00e4nde auf das Regal legen<br \/>\nBPA-frei<\/p>\n<p>Abmessungen:<\/p>\n<p>H74 x B23,5 x T17,5 cm (H29 x B9\u00bc x T6\u00bd Zoll)<\/p>\n<p>\u00a0<\/p>\n","protected":false},"excerpt":{"rendered":"<p>Dieses Toilettenpapierhalter- und Toilettenb\u00fcrstenset umfasst einen freistehenden EasyStore\u2122 Plus Toilettenpapierhalter mit einer Ablage f\u00fcr zwei Verwendungszwecke und eine Flex\u2122 Steel-Toilettenb\u00fcrste, die ordentlich in der Basis verstaut werden kann. Diskretes Fach zur Aufbewahrung von Hygieneartikeln Praktische Ablage f\u00fcr Kleinteile wie Handys oder Feuchtt\u00fccher Der Rollenhalter mit Reibungsgriff verhindert das Abrollen von Toilettenpapier Gewichtete Basis f\u00fcr mehr [&hellip;]<\/p>\n","protected":false},"featured_media":6369832,"template":"","meta":{"_acf_changed":false},"product_cat":[12182,12098],"product_tag":[],"class_list":{"0":"post-55949","1":"product","2":"type-product","3":"status-publish","4":"has-post-thumbnail","6":"product_cat-badezimmer","7":"product_cat-einrichtung-haus","9":"first","10":"instock","11":"sale","12":"taxable","13":"shipping-taxable","14":"purchasable","15":"product-type-simple","swatches":"rey-swatches","show_selected":"","stretch_labels":"rey-swatches--stretch-labels"},"acf":[],"yoast_head":"<!-- This site is optimized with the Yoast SEO plugin v25.4 - https:\/\/yoast.com\/wordpress\/plugins\/seo\/ -->\n<title>JOSEPH JOSEPH EasyStore Plus Toilettenpapierhalter mit Toilettenb\u00fcrste aus Edelstahl - dev6 Erresse<\/title>\n<meta name=\"description\" content=\"Dieses Toilettenpapierhalter- und Toilettenb\u00fcrstenset umfasst einen freistehenden EasyStore\u2122 Plus Toilettenpapierhalter mit einer Ablage f\u00fcr zwei\" \/>\n<meta name=\"robots\" content=\"noindex, follow, max-snippet:-1, max-image-preview:large, max-video-preview:-1\" \/>\n<meta property=\"og:locale\" content=\"de_DE\" \/>\n<meta property=\"og:type\" content=\"article\" \/>\n<meta property=\"og:title\" content=\"JOSEPH JOSEPH EasyStore Plus Toilettenpapierhalter mit Toilettenb\u00fcrste aus Edelstahl - dev6 Erresse\" \/>\n<meta property=\"og:description\" content=\"Dieses Toilettenpapierhalter- und Toilettenb\u00fcrstenset umfasst einen freistehenden EasyStore\u2122 Plus Toilettenpapierhalter mit einer Ablage f\u00fcr zwei\" \/>\n<meta property=\"og:url\" content=\"https:\/\/dev6.erresse-shop.it\/de\/shop\/einrichtung-haus\/badezimmer\/joseph-joseph-easystore-plus-toilettenpapierhalter-mit-toilettenbuerste-aus-edelstahl\/\" \/>\n<meta property=\"og:site_name\" content=\"dev6 Erresse\" \/>\n<meta property=\"og:image\" content=\"https:\/\/interpim.erresse-shop.it\/wp-content\/uploads\/2024\/10\/JOSEPH-JOSEPH-EasyStore\u2122-Plus-Porta-Rotolo-di-Carta-Igienica-con-Spazzola-per-WC-Acciaio-Inox.jpg\/joseph-joseph-easystore-e2-84-a2-plus-porta-rotolo-di-carta-igienica-con-spazzola-per-wc-acciaio-inox.jpg\" \/><meta property=\"og:image\" content=\"https:\/\/interpim.erresse-shop.it\/wp-content\/uploads\/2024\/10\/JOSEPH-JOSEPH-EasyStore\u2122-Plus-Porta-Rotolo-di-Carta-Igienica-con-Spazzola-per-WC-Acciaio-Inox.jpg\/joseph-joseph-easystore-e2-84-a2-plus-porta-rotolo-di-carta-igienica-con-spazzola-per-wc-acciaio-inox.jpg\" \/>\n\t<meta property=\"og:image:width\" content=\"1024\" \/>\n\t<meta property=\"og:image:height\" content=\"1024\" \/>\n\t<meta property=\"og:image:type\" content=\"image\/jpeg\" \/>\n<meta name=\"twitter:card\" content=\"summary_large_image\" \/>\n<meta name=\"twitter:image\" content=\"https:\/\/interpim.erresse-shop.it\/wp-content\/uploads\/2024\/10\/JOSEPH-JOSEPH-EasyStore\u2122-Plus-Porta-Rotolo-di-Carta-Igienica-con-Spazzola-per-WC-Acciaio-Inox.jpg\/joseph-joseph-easystore-e2-84-a2-plus-porta-rotolo-di-carta-igienica-con-spazzola-per-wc-acciaio-inox.jpg\" \/>\n<script type=\"application\/ld+json\" class=\"yoast-schema-graph\">{\"@context\":\"https:\/\/schema.org\",\"@graph\":[{\"@type\":\"WebPage\",\"@id\":\"https:\/\/dev6.erresse-shop.it\/de\/shop\/einrichtung-haus\/badezimmer\/joseph-joseph-easystore-plus-toilettenpapierhalter-mit-toilettenbuerste-aus-edelstahl\/\",\"url\":\"https:\/\/dev6.erresse-shop.it\/de\/shop\/einrichtung-haus\/badezimmer\/joseph-joseph-easystore-plus-toilettenpapierhalter-mit-toilettenbuerste-aus-edelstahl\/\",\"name\":\"JOSEPH JOSEPH EasyStore Plus Toilettenpapierhalter mit Toilettenb\u00fcrste aus Edelstahl - dev6 Erresse\",\"isPartOf\":{\"@id\":\"https:\/\/dev6.erresse-shop.it\/#website\"},\"primaryImageOfPage\":{\"@id\":\"https:\/\/dev6.erresse-shop.it\/de\/shop\/einrichtung-haus\/badezimmer\/joseph-joseph-easystore-plus-toilettenpapierhalter-mit-toilettenbuerste-aus-edelstahl\/#primaryimage\"},\"image\":{\"@id\":\"https:\/\/dev6.erresse-shop.it\/de\/shop\/einrichtung-haus\/badezimmer\/joseph-joseph-easystore-plus-toilettenpapierhalter-mit-toilettenbuerste-aus-edelstahl\/#primaryimage\"},\"thumbnailUrl\":\"https:\/\/i0.wp.com\/interpim.erresse-shop.it\/wp-content\/uploads\/2024\/10\/JOSEPH-JOSEPH-EasyStore\u2122-Plus-Porta-Rotolo-di-Carta-Igienica-con-Spazzola-per-WC-Acciaio-Inox.jpg\/joseph-joseph-easystore-e2-84-a2-plus-porta-rotolo-di-carta-igienica-con-spazzola-per-wc-acciaio-inox.jpg?ssl=1\",\"datePublished\":\"2026-04-12T09:44:43+00:00\",\"description\":\"Dieses Toilettenpapierhalter- und Toilettenb\u00fcrstenset umfasst einen freistehenden EasyStore\u2122 Plus Toilettenpapierhalter mit einer Ablage f\u00fcr zwei\",\"breadcrumb\":{\"@id\":\"https:\/\/dev6.erresse-shop.it\/de\/shop\/einrichtung-haus\/badezimmer\/joseph-joseph-easystore-plus-toilettenpapierhalter-mit-toilettenbuerste-aus-edelstahl\/#breadcrumb\"},\"inLanguage\":\"de\",\"potentialAction\":[{\"@type\":\"ReadAction\",\"target\":[\"https:\/\/dev6.erresse-shop.it\/de\/shop\/einrichtung-haus\/badezimmer\/joseph-joseph-easystore-plus-toilettenpapierhalter-mit-toilettenbuerste-aus-edelstahl\/\"]}]},{\"@type\":\"ImageObject\",\"inLanguage\":\"de\",\"@id\":\"https:\/\/dev6.erresse-shop.it\/de\/shop\/einrichtung-haus\/badezimmer\/joseph-joseph-easystore-plus-toilettenpapierhalter-mit-toilettenbuerste-aus-edelstahl\/#primaryimage\",\"url\":\"https:\/\/i0.wp.com\/interpim.erresse-shop.it\/wp-content\/uploads\/2024\/10\/JOSEPH-JOSEPH-EasyStore\u2122-Plus-Porta-Rotolo-di-Carta-Igienica-con-Spazzola-per-WC-Acciaio-Inox.jpg\/joseph-joseph-easystore-e2-84-a2-plus-porta-rotolo-di-carta-igienica-con-spazzola-per-wc-acciaio-inox.jpg?ssl=1\",\"contentUrl\":\"https:\/\/i0.wp.com\/interpim.erresse-shop.it\/wp-content\/uploads\/2024\/10\/JOSEPH-JOSEPH-EasyStore\u2122-Plus-Porta-Rotolo-di-Carta-Igienica-con-Spazzola-per-WC-Acciaio-Inox.jpg\/joseph-joseph-easystore-e2-84-a2-plus-porta-rotolo-di-carta-igienica-con-spazzola-per-wc-acciaio-inox.jpg?ssl=1\"},{\"@type\":\"BreadcrumbList\",\"@id\":\"https:\/\/dev6.erresse-shop.it\/de\/shop\/einrichtung-haus\/badezimmer\/joseph-joseph-easystore-plus-toilettenpapierhalter-mit-toilettenbuerste-aus-edelstahl\/#breadcrumb\",\"itemListElement\":[{\"@type\":\"ListItem\",\"position\":1,\"name\":\"Home\",\"item\":\"https:\/\/dev6.erresse-shop.it\/\"},{\"@type\":\"ListItem\",\"position\":2,\"name\":\"Shop\",\"item\":\"https:\/\/dev6.erresse-shop.it\/shop\/\"},{\"@type\":\"ListItem\",\"position\":3,\"name\":\"JOSEPH JOSEPH EasyStore Plus Toilettenpapierhalter mit Toilettenb\u00fcrste aus Edelstahl\"}]},{\"@type\":\"WebSite\",\"@id\":\"https:\/\/dev6.erresse-shop.it\/#website\",\"url\":\"https:\/\/dev6.erresse-shop.it\/\",\"name\":\"Erresse Shop\",\"description\":\"\",\"publisher\":{\"@id\":\"https:\/\/dev6.erresse-shop.it\/#organization\"},\"potentialAction\":[{\"@type\":\"SearchAction\",\"target\":{\"@type\":\"EntryPoint\",\"urlTemplate\":\"https:\/\/dev6.erresse-shop.it\/?s={search_term_string}\"},\"query-input\":{\"@type\":\"PropertyValueSpecification\",\"valueRequired\":true,\"valueName\":\"search_term_string\"}}],\"inLanguage\":\"de\"},{\"@type\":\"Organization\",\"@id\":\"https:\/\/dev6.erresse-shop.it\/#organization\",\"name\":\"Erresse Shop\",\"url\":\"https:\/\/dev6.erresse-shop.it\/\",\"logo\":{\"@type\":\"ImageObject\",\"inLanguage\":\"de\",\"@id\":\"https:\/\/dev6.erresse-shop.it\/#\/schema\/logo\/image\/\",\"url\":\"https:\/\/dev6.erresse-shop.it\/wp-content\/uploads\/2025\/01\/LOGO-ERRESSE-CLASSICO.svg\",\"contentUrl\":\"https:\/\/dev6.erresse-shop.it\/wp-content\/uploads\/2025\/01\/LOGO-ERRESSE-CLASSICO.svg\",\"caption\":\"Erresse Shop\"},\"image\":{\"@id\":\"https:\/\/dev6.erresse-shop.it\/#\/schema\/logo\/image\/\"}}]}<\/script>\n<!-- \/ Yoast SEO plugin. -->","yoast_head_json":{"title":"JOSEPH JOSEPH EasyStore Plus Toilettenpapierhalter mit Toilettenb\u00fcrste aus Edelstahl - dev6 Erresse","description":"Dieses Toilettenpapierhalter- und Toilettenb\u00fcrstenset umfasst einen freistehenden EasyStore\u2122 Plus Toilettenpapierhalter mit einer Ablage f\u00fcr zwei","robots":{"index":"noindex","follow":"follow","max-snippet":"max-snippet:-1","max-image-preview":"max-image-preview:large","max-video-preview":"max-video-preview:-1"},"og_locale":"de_DE","og_type":"article","og_title":"JOSEPH JOSEPH EasyStore Plus Toilettenpapierhalter mit Toilettenb\u00fcrste aus Edelstahl - dev6 Erresse","og_description":"Dieses Toilettenpapierhalter- und Toilettenb\u00fcrstenset umfasst einen freistehenden EasyStore\u2122 Plus Toilettenpapierhalter mit einer Ablage f\u00fcr zwei","og_url":"https:\/\/dev6.erresse-shop.it\/de\/shop\/einrichtung-haus\/badezimmer\/joseph-joseph-easystore-plus-toilettenpapierhalter-mit-toilettenbuerste-aus-edelstahl\/","og_site_name":"dev6 Erresse","og_image":[{"url":"https:\/\/interpim.erresse-shop.it\/wp-content\/uploads\/2024\/10\/JOSEPH-JOSEPH-EasyStore\u2122-Plus-Porta-Rotolo-di-Carta-Igienica-con-Spazzola-per-WC-Acciaio-Inox.jpg\/joseph-joseph-easystore-e2-84-a2-plus-porta-rotolo-di-carta-igienica-con-spazzola-per-wc-acciaio-inox.jpg","type":"","width":"","height":""},{"url":"https:\/\/interpim.erresse-shop.it\/wp-content\/uploads\/2024\/10\/JOSEPH-JOSEPH-EasyStore\u2122-Plus-Porta-Rotolo-di-Carta-Igienica-con-Spazzola-per-WC-Acciaio-Inox.jpg\/joseph-joseph-easystore-e2-84-a2-plus-porta-rotolo-di-carta-igienica-con-spazzola-per-wc-acciaio-inox.jpg","width":1024,"height":1024,"type":"image\/jpeg"}],"twitter_card":"summary_large_image","twitter_image":"https:\/\/interpim.erresse-shop.it\/wp-content\/uploads\/2024\/10\/JOSEPH-JOSEPH-EasyStore\u2122-Plus-Porta-Rotolo-di-Carta-Igienica-con-Spazzola-per-WC-Acciaio-Inox.jpg\/joseph-joseph-easystore-e2-84-a2-plus-porta-rotolo-di-carta-igienica-con-spazzola-per-wc-acciaio-inox.jpg","schema":{"@context":"https:\/\/schema.org","@graph":[{"@type":"WebPage","@id":"https:\/\/dev6.erresse-shop.it\/de\/shop\/einrichtung-haus\/badezimmer\/joseph-joseph-easystore-plus-toilettenpapierhalter-mit-toilettenbuerste-aus-edelstahl\/","url":"https:\/\/dev6.erresse-shop.it\/de\/shop\/einrichtung-haus\/badezimmer\/joseph-joseph-easystore-plus-toilettenpapierhalter-mit-toilettenbuerste-aus-edelstahl\/","name":"JOSEPH JOSEPH EasyStore Plus Toilettenpapierhalter mit Toilettenb\u00fcrste aus Edelstahl - dev6 Erresse","isPartOf":{"@id":"https:\/\/dev6.erresse-shop.it\/#website"},"primaryImageOfPage":{"@id":"https:\/\/dev6.erresse-shop.it\/de\/shop\/einrichtung-haus\/badezimmer\/joseph-joseph-easystore-plus-toilettenpapierhalter-mit-toilettenbuerste-aus-edelstahl\/#primaryimage"},"image":{"@id":"https:\/\/dev6.erresse-shop.it\/de\/shop\/einrichtung-haus\/badezimmer\/joseph-joseph-easystore-plus-toilettenpapierhalter-mit-toilettenbuerste-aus-edelstahl\/#primaryimage"},"thumbnailUrl":"https:\/\/i0.wp.com\/interpim.erresse-shop.it\/wp-content\/uploads\/2024\/10\/JOSEPH-JOSEPH-EasyStore\u2122-Plus-Porta-Rotolo-di-Carta-Igienica-con-Spazzola-per-WC-Acciaio-Inox.jpg\/joseph-joseph-easystore-e2-84-a2-plus-porta-rotolo-di-carta-igienica-con-spazzola-per-wc-acciaio-inox.jpg?ssl=1","datePublished":"2026-04-12T09:44:43+00:00","description":"Dieses Toilettenpapierhalter- und Toilettenb\u00fcrstenset umfasst einen freistehenden EasyStore\u2122 Plus Toilettenpapierhalter mit einer Ablage f\u00fcr zwei","breadcrumb":{"@id":"https:\/\/dev6.erresse-shop.it\/de\/shop\/einrichtung-haus\/badezimmer\/joseph-joseph-easystore-plus-toilettenpapierhalter-mit-toilettenbuerste-aus-edelstahl\/#breadcrumb"},"inLanguage":"de","potentialAction":[{"@type":"ReadAction","target":["https:\/\/dev6.erresse-shop.it\/de\/shop\/einrichtung-haus\/badezimmer\/joseph-joseph-easystore-plus-toilettenpapierhalter-mit-toilettenbuerste-aus-edelstahl\/"]}]},{"@type":"ImageObject","inLanguage":"de","@id":"https:\/\/dev6.erresse-shop.it\/de\/shop\/einrichtung-haus\/badezimmer\/joseph-joseph-easystore-plus-toilettenpapierhalter-mit-toilettenbuerste-aus-edelstahl\/#primaryimage","url":"https:\/\/i0.wp.com\/interpim.erresse-shop.it\/wp-content\/uploads\/2024\/10\/JOSEPH-JOSEPH-EasyStore\u2122-Plus-Porta-Rotolo-di-Carta-Igienica-con-Spazzola-per-WC-Acciaio-Inox.jpg\/joseph-joseph-easystore-e2-84-a2-plus-porta-rotolo-di-carta-igienica-con-spazzola-per-wc-acciaio-inox.jpg?ssl=1","contentUrl":"https:\/\/i0.wp.com\/interpim.erresse-shop.it\/wp-content\/uploads\/2024\/10\/JOSEPH-JOSEPH-EasyStore\u2122-Plus-Porta-Rotolo-di-Carta-Igienica-con-Spazzola-per-WC-Acciaio-Inox.jpg\/joseph-joseph-easystore-e2-84-a2-plus-porta-rotolo-di-carta-igienica-con-spazzola-per-wc-acciaio-inox.jpg?ssl=1"},{"@type":"BreadcrumbList","@id":"https:\/\/dev6.erresse-shop.it\/de\/shop\/einrichtung-haus\/badezimmer\/joseph-joseph-easystore-plus-toilettenpapierhalter-mit-toilettenbuerste-aus-edelstahl\/#breadcrumb","itemListElement":[{"@type":"ListItem","position":1,"name":"Home","item":"https:\/\/dev6.erresse-shop.it\/"},{"@type":"ListItem","position":2,"name":"Shop","item":"https:\/\/dev6.erresse-shop.it\/shop\/"},{"@type":"ListItem","position":3,"name":"JOSEPH JOSEPH EasyStore Plus Toilettenpapierhalter mit Toilettenb\u00fcrste aus Edelstahl"}]},{"@type":"WebSite","@id":"https:\/\/dev6.erresse-shop.it\/#website","url":"https:\/\/dev6.erresse-shop.it\/","name":"Erresse Shop","description":"","publisher":{"@id":"https:\/\/dev6.erresse-shop.it\/#organization"},"potentialAction":[{"@type":"SearchAction","target":{"@type":"EntryPoint","urlTemplate":"https:\/\/dev6.erresse-shop.it\/?s={search_term_string}"},"query-input":{"@type":"PropertyValueSpecification","valueRequired":true,"valueName":"search_term_string"}}],"inLanguage":"de"},{"@type":"Organization","@id":"https:\/\/dev6.erresse-shop.it\/#organization","name":"Erresse Shop","url":"https:\/\/dev6.erresse-shop.it\/","logo":{"@type":"ImageObject","inLanguage":"de","@id":"https:\/\/dev6.erresse-shop.it\/#\/schema\/logo\/image\/","url":"https:\/\/dev6.erresse-shop.it\/wp-content\/uploads\/2025\/01\/LOGO-ERRESSE-CLASSICO.svg","contentUrl":"https:\/\/dev6.erresse-shop.it\/wp-content\/uploads\/2025\/01\/LOGO-ERRESSE-CLASSICO.svg","caption":"Erresse Shop"},"image":{"@id":"https:\/\/dev6.erresse-shop.it\/#\/schema\/logo\/image\/"}}]}},"df_price":59.95,"df_sale_price":59.95,"df_regular_price":79.99,"df_image_link":"https:\/\/i0.wp.com\/interpim.erresse-shop.it\/wp-content\/uploads\/2024\/10\/JOSEPH-JOSEPH-EasyStore\u2122-Plus-Porta-Rotolo-di-Carta-Igienica-con-Spazzola-per-WC-Acciaio-Inox.jpg\/joseph-joseph-easystore-e2-84-a2-plus-porta-rotolo-di-carta-igienica-con-spazzola-per-wc-acciaio-inox.jpg?resize=300,300&ssl=1","fifu_image_url":"https:\/\/interpim.erresse-shop.it\/wp-content\/uploads\/2024\/10\/JOSEPH-JOSEPH-EasyStore\u2122-Plus-Porta-Rotolo-di-Carta-Igienica-con-Spazzola-per-WC-Acciaio-Inox.jpg\/joseph-joseph-easystore-e2-84-a2-plus-porta-rotolo-di-carta-igienica-con-spazzola-per-wc-acciaio-inox.jpg","_links":{"self":[{"href":"https:\/\/dev6.erresse-shop.it\/de\/wp-json\/wp\/v2\/product\/55949","targetHints":{"allow":["GET"]}}],"collection":[{"href":"https:\/\/dev6.erresse-shop.it\/de\/wp-json\/wp\/v2\/product"}],"about":[{"href":"https:\/\/dev6.erresse-shop.it\/de\/wp-json\/wp\/v2\/types\/product"}],"wp:featuredmedia":[{"embeddable":true,"href":"https:\/\/dev6.erresse-shop.it\/de\/wp-json\/wp\/v2\/media\/6369832"}],"wp:attachment":[{"href":"https:\/\/dev6.erresse-shop.it\/de\/wp-json\/wp\/v2\/media?parent=55949"}],"wp:term":[{"taxonomy":"product_cat","embeddable":true,"href":"https:\/\/dev6.erresse-shop.it\/de\/wp-json\/wp\/v2\/product_cat?post=55949"},{"taxonomy":"product_tag","embeddable":true,"href":"https:\/\/dev6.erresse-shop.it\/de\/wp-json\/wp\/v2\/product_tag?post=55949"}],"curies":[{"name":"wp","href":"https:\/\/api.w.org\/{rel}","templated":true}]}}