{"id":55941,"date":"2026-04-12T11:44:43","date_gmt":"2026-04-12T09:44:43","guid":{"rendered":"https:\/\/dev6.erresse-shop.it\/shop\/unkategorisiert\/joseph-joseph-arc-easy-push-edelstahl-treteimer-10l\/"},"modified":"2026-01-21T20:14:06","modified_gmt":"2026-01-21T19:14:06","slug":"joseph-joseph-arc-easy-push-edelstahl-treteimer-10l","status":"publish","type":"product","link":"https:\/\/dev6.erresse-shop.it\/de\/shop\/einrichtung-haus\/muelltonnen\/joseph-joseph-arc-easy-push-edelstahl-treteimer-10l\/","title":{"rendered":"JOSEPH JOSEPH Arc Easy-Push Edelstahl-Treteimer 10L"},"content":{"rendered":"<p>Dieser elegante runde Abfalleimer verf\u00fcgt \u00fcber ein gro\u00dfes Pedal, das sich perfekt in die Designfl\u00e4che einf\u00fcgt und wertvollen Platz auf dem Boden spart. Dar\u00fcber hinaus verf\u00fcgt es \u00fcber ein integriertes Staufach auf der R\u00fcckseite f\u00fcr Ihre Bez\u00fcge, sodass Sie bei Bedarf leicht darauf zugreifen k\u00f6nnen. Er besteht aus elegantem Carbon-Schwarz-Stahl und hat ein Fassungsverm\u00f6gen von 10 Litern (2,6 US-Gallonen).<\/p>\n<p>Gro\u00dfes, leicht zu dr\u00fcckendes Pedal, das perfekt in die Gr\u00f6\u00dfe des M\u00fclleimers passt.<br \/>\nToilettenpapierrollen k\u00f6nnen im leicht zug\u00e4nglichen Fach auf der R\u00fcckseite sicher aufbewahrt werden.<br \/>\nSanft schlie\u00dfender Deckel mit Anti-Fingerprint-Beschichtung.<br \/>\nAbnehmbarer Eimer, leicht zu entleeren.<br \/>\nKompatibel mit Joseph Joseph IW9 Custom Linern.<\/p>\n<p>Pflege und Verwendung:<\/p>\n<p>Zur Verwendung mit Joseph Joseph IW9 Custom Linern. Kann auch mit Standardscheiden verwendet werden.<br \/>\nAu\u00dfenfl\u00e4chen: Mit einem feuchten Tuch reinigen und mit einem weichen, trockenen Tuch trocknen. Verwenden Sie keine scheuernden T\u00fccher oder starke chemische Reinigungsmittel.<br \/>\nEimer: Aus dem Ger\u00e4t nehmen und mit warmem Seifenwasser reinigen. Um unangenehme Ger\u00fcche zu beseitigen, k\u00f6nnen Sie eine L\u00f6sung aus Backpulver und Wasser verwenden. Vor der Lagerung im Ger\u00e4t trocknen.<\/p>\n<p>Abmessungen:<\/p>\n<p>H44,7 x B26 x T26,7 cm (H17,6 x B10,2 x T10,5 Zoll)<\/p>\n<p>Gewicht:<\/p>\n<p>2,65 kg<\/p>\n<p>\u00a0<\/p>\n","protected":false},"excerpt":{"rendered":"<p>Dieser elegante runde Abfalleimer verf\u00fcgt \u00fcber ein gro\u00dfes Pedal, das sich perfekt in die Designfl\u00e4che einf\u00fcgt und wertvollen Platz auf dem Boden spart. Dar\u00fcber hinaus verf\u00fcgt es \u00fcber ein integriertes Staufach auf der R\u00fcckseite f\u00fcr Ihre Bez\u00fcge, sodass Sie bei Bedarf leicht darauf zugreifen k\u00f6nnen. Er besteht aus elegantem Carbon-Schwarz-Stahl und hat ein Fassungsverm\u00f6gen von [&hellip;]<\/p>\n","protected":false},"featured_media":6369809,"template":"","meta":{"_acf_changed":false},"product_cat":[11666,12098,12137],"product_tag":[],"class_list":{"0":"post-55941","1":"product","2":"type-product","3":"status-publish","4":"has-post-thumbnail","6":"product_cat-arredamento-casa","7":"product_cat-einrichtung-haus","8":"product_cat-muelltonnen","10":"first","11":"instock","12":"sale","13":"taxable","14":"shipping-taxable","15":"purchasable","16":"product-type-simple","swatches":"rey-swatches","show_selected":"","stretch_labels":"rey-swatches--stretch-labels"},"acf":[],"yoast_head":"<!-- This site is optimized with the Yoast SEO plugin v25.4 - https:\/\/yoast.com\/wordpress\/plugins\/seo\/ -->\n<title>JOSEPH JOSEPH Arc Easy-Push Edelstahl-Treteimer 10L - dev6 Erresse<\/title>\n<meta name=\"description\" content=\"Dieser elegante runde Abfalleimer verf\u00fcgt \u00fcber ein gro\u00dfes Pedal, das sich perfekt in die Designfl\u00e4che einf\u00fcgt und wertvollen Platz auf dem Boden spart.\" \/>\n<meta name=\"robots\" content=\"noindex, follow, max-snippet:-1, max-image-preview:large, max-video-preview:-1\" \/>\n<meta property=\"og:locale\" content=\"de_DE\" \/>\n<meta property=\"og:type\" content=\"article\" \/>\n<meta property=\"og:title\" content=\"JOSEPH JOSEPH Arc Easy-Push Edelstahl-Treteimer 10L - dev6 Erresse\" \/>\n<meta property=\"og:description\" content=\"Dieser elegante runde Abfalleimer verf\u00fcgt \u00fcber ein gro\u00dfes Pedal, das sich perfekt in die Designfl\u00e4che einf\u00fcgt und wertvollen Platz auf dem Boden spart.\" \/>\n<meta property=\"og:url\" content=\"https:\/\/dev6.erresse-shop.it\/de\/shop\/einrichtung-haus\/muelltonnen\/joseph-joseph-arc-easy-push-edelstahl-treteimer-10l\/\" \/>\n<meta property=\"og:site_name\" content=\"dev6 Erresse\" \/>\n<meta property=\"og:image\" content=\"https:\/\/interpim.erresse-shop.it\/Import\/Prodotti\/joseph-joseph-arc-easy-push-cestino-a-pedale-acciaio-inox-10l.jpg\" \/><meta property=\"og:image\" content=\"https:\/\/interpim.erresse-shop.it\/Import\/Prodotti\/joseph-joseph-arc-easy-push-cestino-a-pedale-acciaio-inox-10l.jpg\" \/>\n\t<meta property=\"og:image:width\" content=\"1024\" \/>\n\t<meta property=\"og:image:height\" content=\"1024\" \/>\n\t<meta property=\"og:image:type\" content=\"image\/jpeg\" \/>\n<meta name=\"twitter:card\" content=\"summary_large_image\" \/>\n<meta name=\"twitter:image\" content=\"https:\/\/interpim.erresse-shop.it\/Import\/Prodotti\/joseph-joseph-arc-easy-push-cestino-a-pedale-acciaio-inox-10l.jpg\" \/>\n<script type=\"application\/ld+json\" class=\"yoast-schema-graph\">{\"@context\":\"https:\/\/schema.org\",\"@graph\":[{\"@type\":\"WebPage\",\"@id\":\"https:\/\/dev6.erresse-shop.it\/de\/shop\/einrichtung-haus\/muelltonnen\/joseph-joseph-arc-easy-push-edelstahl-treteimer-10l\/\",\"url\":\"https:\/\/dev6.erresse-shop.it\/de\/shop\/einrichtung-haus\/muelltonnen\/joseph-joseph-arc-easy-push-edelstahl-treteimer-10l\/\",\"name\":\"JOSEPH JOSEPH Arc Easy-Push Edelstahl-Treteimer 10L - dev6 Erresse\",\"isPartOf\":{\"@id\":\"https:\/\/dev6.erresse-shop.it\/#website\"},\"primaryImageOfPage\":{\"@id\":\"https:\/\/dev6.erresse-shop.it\/de\/shop\/einrichtung-haus\/muelltonnen\/joseph-joseph-arc-easy-push-edelstahl-treteimer-10l\/#primaryimage\"},\"image\":{\"@id\":\"https:\/\/dev6.erresse-shop.it\/de\/shop\/einrichtung-haus\/muelltonnen\/joseph-joseph-arc-easy-push-edelstahl-treteimer-10l\/#primaryimage\"},\"thumbnailUrl\":\"https:\/\/i1.wp.com\/interpim.erresse-shop.it\/Import\/Prodotti\/joseph-joseph-arc-easy-push-cestino-a-pedale-acciaio-inox-10l.jpg?ssl=1\",\"datePublished\":\"2026-04-12T09:44:43+00:00\",\"description\":\"Dieser elegante runde Abfalleimer verf\u00fcgt \u00fcber ein gro\u00dfes Pedal, das sich perfekt in die Designfl\u00e4che einf\u00fcgt und wertvollen Platz auf dem Boden spart.\",\"breadcrumb\":{\"@id\":\"https:\/\/dev6.erresse-shop.it\/de\/shop\/einrichtung-haus\/muelltonnen\/joseph-joseph-arc-easy-push-edelstahl-treteimer-10l\/#breadcrumb\"},\"inLanguage\":\"de\",\"potentialAction\":[{\"@type\":\"ReadAction\",\"target\":[\"https:\/\/dev6.erresse-shop.it\/de\/shop\/einrichtung-haus\/muelltonnen\/joseph-joseph-arc-easy-push-edelstahl-treteimer-10l\/\"]}]},{\"@type\":\"ImageObject\",\"inLanguage\":\"de\",\"@id\":\"https:\/\/dev6.erresse-shop.it\/de\/shop\/einrichtung-haus\/muelltonnen\/joseph-joseph-arc-easy-push-edelstahl-treteimer-10l\/#primaryimage\",\"url\":\"https:\/\/i1.wp.com\/interpim.erresse-shop.it\/Import\/Prodotti\/joseph-joseph-arc-easy-push-cestino-a-pedale-acciaio-inox-10l.jpg?ssl=1\",\"contentUrl\":\"https:\/\/i1.wp.com\/interpim.erresse-shop.it\/Import\/Prodotti\/joseph-joseph-arc-easy-push-cestino-a-pedale-acciaio-inox-10l.jpg?ssl=1\"},{\"@type\":\"BreadcrumbList\",\"@id\":\"https:\/\/dev6.erresse-shop.it\/de\/shop\/einrichtung-haus\/muelltonnen\/joseph-joseph-arc-easy-push-edelstahl-treteimer-10l\/#breadcrumb\",\"itemListElement\":[{\"@type\":\"ListItem\",\"position\":1,\"name\":\"Home\",\"item\":\"https:\/\/dev6.erresse-shop.it\/\"},{\"@type\":\"ListItem\",\"position\":2,\"name\":\"Shop\",\"item\":\"https:\/\/dev6.erresse-shop.it\/shop\/\"},{\"@type\":\"ListItem\",\"position\":3,\"name\":\"JOSEPH JOSEPH Arc Easy-Push Edelstahl-Treteimer 10L\"}]},{\"@type\":\"WebSite\",\"@id\":\"https:\/\/dev6.erresse-shop.it\/#website\",\"url\":\"https:\/\/dev6.erresse-shop.it\/\",\"name\":\"Erresse Shop\",\"description\":\"\",\"publisher\":{\"@id\":\"https:\/\/dev6.erresse-shop.it\/#organization\"},\"potentialAction\":[{\"@type\":\"SearchAction\",\"target\":{\"@type\":\"EntryPoint\",\"urlTemplate\":\"https:\/\/dev6.erresse-shop.it\/?s={search_term_string}\"},\"query-input\":{\"@type\":\"PropertyValueSpecification\",\"valueRequired\":true,\"valueName\":\"search_term_string\"}}],\"inLanguage\":\"de\"},{\"@type\":\"Organization\",\"@id\":\"https:\/\/dev6.erresse-shop.it\/#organization\",\"name\":\"Erresse Shop\",\"url\":\"https:\/\/dev6.erresse-shop.it\/\",\"logo\":{\"@type\":\"ImageObject\",\"inLanguage\":\"de\",\"@id\":\"https:\/\/dev6.erresse-shop.it\/#\/schema\/logo\/image\/\",\"url\":\"https:\/\/dev6.erresse-shop.it\/wp-content\/uploads\/2025\/01\/LOGO-ERRESSE-CLASSICO.svg\",\"contentUrl\":\"https:\/\/dev6.erresse-shop.it\/wp-content\/uploads\/2025\/01\/LOGO-ERRESSE-CLASSICO.svg\",\"caption\":\"Erresse Shop\"},\"image\":{\"@id\":\"https:\/\/dev6.erresse-shop.it\/#\/schema\/logo\/image\/\"}}]}<\/script>\n<!-- \/ Yoast SEO plugin. -->","yoast_head_json":{"title":"JOSEPH JOSEPH Arc Easy-Push Edelstahl-Treteimer 10L - dev6 Erresse","description":"Dieser elegante runde Abfalleimer verf\u00fcgt \u00fcber ein gro\u00dfes Pedal, das sich perfekt in die Designfl\u00e4che einf\u00fcgt und wertvollen Platz auf dem Boden spart.","robots":{"index":"noindex","follow":"follow","max-snippet":"max-snippet:-1","max-image-preview":"max-image-preview:large","max-video-preview":"max-video-preview:-1"},"og_locale":"de_DE","og_type":"article","og_title":"JOSEPH JOSEPH Arc Easy-Push Edelstahl-Treteimer 10L - dev6 Erresse","og_description":"Dieser elegante runde Abfalleimer verf\u00fcgt \u00fcber ein gro\u00dfes Pedal, das sich perfekt in die Designfl\u00e4che einf\u00fcgt und wertvollen Platz auf dem Boden spart.","og_url":"https:\/\/dev6.erresse-shop.it\/de\/shop\/einrichtung-haus\/muelltonnen\/joseph-joseph-arc-easy-push-edelstahl-treteimer-10l\/","og_site_name":"dev6 Erresse","og_image":[{"url":"https:\/\/interpim.erresse-shop.it\/Import\/Prodotti\/joseph-joseph-arc-easy-push-cestino-a-pedale-acciaio-inox-10l.jpg","type":"","width":"","height":""},{"url":"https:\/\/interpim.erresse-shop.it\/Import\/Prodotti\/joseph-joseph-arc-easy-push-cestino-a-pedale-acciaio-inox-10l.jpg","width":1024,"height":1024,"type":"image\/jpeg"}],"twitter_card":"summary_large_image","twitter_image":"https:\/\/interpim.erresse-shop.it\/Import\/Prodotti\/joseph-joseph-arc-easy-push-cestino-a-pedale-acciaio-inox-10l.jpg","schema":{"@context":"https:\/\/schema.org","@graph":[{"@type":"WebPage","@id":"https:\/\/dev6.erresse-shop.it\/de\/shop\/einrichtung-haus\/muelltonnen\/joseph-joseph-arc-easy-push-edelstahl-treteimer-10l\/","url":"https:\/\/dev6.erresse-shop.it\/de\/shop\/einrichtung-haus\/muelltonnen\/joseph-joseph-arc-easy-push-edelstahl-treteimer-10l\/","name":"JOSEPH JOSEPH Arc Easy-Push Edelstahl-Treteimer 10L - dev6 Erresse","isPartOf":{"@id":"https:\/\/dev6.erresse-shop.it\/#website"},"primaryImageOfPage":{"@id":"https:\/\/dev6.erresse-shop.it\/de\/shop\/einrichtung-haus\/muelltonnen\/joseph-joseph-arc-easy-push-edelstahl-treteimer-10l\/#primaryimage"},"image":{"@id":"https:\/\/dev6.erresse-shop.it\/de\/shop\/einrichtung-haus\/muelltonnen\/joseph-joseph-arc-easy-push-edelstahl-treteimer-10l\/#primaryimage"},"thumbnailUrl":"https:\/\/i1.wp.com\/interpim.erresse-shop.it\/Import\/Prodotti\/joseph-joseph-arc-easy-push-cestino-a-pedale-acciaio-inox-10l.jpg?ssl=1","datePublished":"2026-04-12T09:44:43+00:00","description":"Dieser elegante runde Abfalleimer verf\u00fcgt \u00fcber ein gro\u00dfes Pedal, das sich perfekt in die Designfl\u00e4che einf\u00fcgt und wertvollen Platz auf dem Boden spart.","breadcrumb":{"@id":"https:\/\/dev6.erresse-shop.it\/de\/shop\/einrichtung-haus\/muelltonnen\/joseph-joseph-arc-easy-push-edelstahl-treteimer-10l\/#breadcrumb"},"inLanguage":"de","potentialAction":[{"@type":"ReadAction","target":["https:\/\/dev6.erresse-shop.it\/de\/shop\/einrichtung-haus\/muelltonnen\/joseph-joseph-arc-easy-push-edelstahl-treteimer-10l\/"]}]},{"@type":"ImageObject","inLanguage":"de","@id":"https:\/\/dev6.erresse-shop.it\/de\/shop\/einrichtung-haus\/muelltonnen\/joseph-joseph-arc-easy-push-edelstahl-treteimer-10l\/#primaryimage","url":"https:\/\/i1.wp.com\/interpim.erresse-shop.it\/Import\/Prodotti\/joseph-joseph-arc-easy-push-cestino-a-pedale-acciaio-inox-10l.jpg?ssl=1","contentUrl":"https:\/\/i1.wp.com\/interpim.erresse-shop.it\/Import\/Prodotti\/joseph-joseph-arc-easy-push-cestino-a-pedale-acciaio-inox-10l.jpg?ssl=1"},{"@type":"BreadcrumbList","@id":"https:\/\/dev6.erresse-shop.it\/de\/shop\/einrichtung-haus\/muelltonnen\/joseph-joseph-arc-easy-push-edelstahl-treteimer-10l\/#breadcrumb","itemListElement":[{"@type":"ListItem","position":1,"name":"Home","item":"https:\/\/dev6.erresse-shop.it\/"},{"@type":"ListItem","position":2,"name":"Shop","item":"https:\/\/dev6.erresse-shop.it\/shop\/"},{"@type":"ListItem","position":3,"name":"JOSEPH JOSEPH Arc Easy-Push Edelstahl-Treteimer 10L"}]},{"@type":"WebSite","@id":"https:\/\/dev6.erresse-shop.it\/#website","url":"https:\/\/dev6.erresse-shop.it\/","name":"Erresse Shop","description":"","publisher":{"@id":"https:\/\/dev6.erresse-shop.it\/#organization"},"potentialAction":[{"@type":"SearchAction","target":{"@type":"EntryPoint","urlTemplate":"https:\/\/dev6.erresse-shop.it\/?s={search_term_string}"},"query-input":{"@type":"PropertyValueSpecification","valueRequired":true,"valueName":"search_term_string"}}],"inLanguage":"de"},{"@type":"Organization","@id":"https:\/\/dev6.erresse-shop.it\/#organization","name":"Erresse Shop","url":"https:\/\/dev6.erresse-shop.it\/","logo":{"@type":"ImageObject","inLanguage":"de","@id":"https:\/\/dev6.erresse-shop.it\/#\/schema\/logo\/image\/","url":"https:\/\/dev6.erresse-shop.it\/wp-content\/uploads\/2025\/01\/LOGO-ERRESSE-CLASSICO.svg","contentUrl":"https:\/\/dev6.erresse-shop.it\/wp-content\/uploads\/2025\/01\/LOGO-ERRESSE-CLASSICO.svg","caption":"Erresse Shop"},"image":{"@id":"https:\/\/dev6.erresse-shop.it\/#\/schema\/logo\/image\/"}}]}},"df_price":69,"df_sale_price":69,"df_regular_price":89.99,"df_image_link":"https:\/\/i1.wp.com\/interpim.erresse-shop.it\/Import\/Prodotti\/joseph-joseph-arc-easy-push-cestino-a-pedale-acciaio-inox-10l.jpg?resize=300,300&ssl=1","fifu_image_url":"https:\/\/interpim.erresse-shop.it\/Import\/Prodotti\/joseph-joseph-arc-easy-push-cestino-a-pedale-acciaio-inox-10l.jpg","_links":{"self":[{"href":"https:\/\/dev6.erresse-shop.it\/de\/wp-json\/wp\/v2\/product\/55941","targetHints":{"allow":["GET"]}}],"collection":[{"href":"https:\/\/dev6.erresse-shop.it\/de\/wp-json\/wp\/v2\/product"}],"about":[{"href":"https:\/\/dev6.erresse-shop.it\/de\/wp-json\/wp\/v2\/types\/product"}],"wp:featuredmedia":[{"embeddable":true,"href":"https:\/\/dev6.erresse-shop.it\/de\/wp-json\/wp\/v2\/media\/6369809"}],"wp:attachment":[{"href":"https:\/\/dev6.erresse-shop.it\/de\/wp-json\/wp\/v2\/media?parent=55941"}],"wp:term":[{"taxonomy":"product_cat","embeddable":true,"href":"https:\/\/dev6.erresse-shop.it\/de\/wp-json\/wp\/v2\/product_cat?post=55941"},{"taxonomy":"product_tag","embeddable":true,"href":"https:\/\/dev6.erresse-shop.it\/de\/wp-json\/wp\/v2\/product_tag?post=55941"}],"curies":[{"name":"wp","href":"https:\/\/api.w.org\/{rel}","templated":true}]}}