{"id":55877,"date":"2026-04-04T14:49:46","date_gmt":"2026-04-04T12:49:46","guid":{"rendered":"https:\/\/dev6.erresse-shop.it\/shop\/unkategorisiert\/cookut-bratpfanne-la-fabuleuse-24-cm-pfingstrose\/"},"modified":"2025-12-11T18:06:45","modified_gmt":"2025-12-11T17:06:45","slug":"cookut-bratpfanne-la-fabuleuse-24-cm-pfingstrose","status":"publish","type":"product","link":"https:\/\/dev6.erresse-shop.it\/de\/shop\/toepfe-pfannen\/cookut-bratpfanne-la-fabuleuse-24-cm-pfingstrose\/","title":{"rendered":"COOKUT Bratpfanne &#8220;La Fabuleuse&#8221; 24 cm Pfingstrose"},"content":{"rendered":"<p>DIE FABULOSA, DIE ALLES-PFANNE, DIE 8 WERKZEUGE ERSETZT: F\u00c4CHER, PFANNE, KASSEROLLE, COCOTTE, DAMPFKOCHER, FRITEUSE, GRILL, KUCHENFORM<\/p>\n<p>Spiegeleier, Brath\u00e4hnchen, ged\u00fcnstetes Gem\u00fcse, Kalbsblanquette, Pommes frites, Gratins, Kuchen, Pizza\u2026 Alles ist m\u00f6glich!<\/p>\n<p>100 % recyceltes Metallgeh\u00e4use*<br \/>\nHochleistungs-Antihaftbeschichtung<br \/>\nLeichtgewicht: 1,4 kg<br \/>\nAbnehmbare Griffe<br \/>\nDeckel mit selbstbegie\u00dfendem Fleischsystem<br \/>\nK\u00fchler Griff oben auf dem Deckel<br \/>\nAlle W\u00e4rmequellen, sogar der Ofen<br \/>\nSp\u00fclmaschinenfest<br \/>\nOhne PFOA**<\/p>\n<p>Im Lieferumfang enthalten: 2 abnehmbare Griffe (einer lang und einer kurz), ein Dampfkorb und ein Holzspatel.<\/p>\n<p>24 cm \u2013 3,5 Liter<\/p>\n","protected":false},"excerpt":{"rendered":"<p>DIE FABULOSA, DIE ALLES-PFANNE, DIE 8 WERKZEUGE ERSETZT: F\u00c4CHER, PFANNE, KASSEROLLE, COCOTTE, DAMPFKOCHER, FRITEUSE, GRILL, KUCHENFORM Spiegeleier, Brath\u00e4hnchen, ged\u00fcnstetes Gem\u00fcse, Kalbsblanquette, Pommes frites, Gratins, Kuchen, Pizza\u2026 Alles ist m\u00f6glich! 100 % recyceltes Metallgeh\u00e4use* Hochleistungs-Antihaftbeschichtung Leichtgewicht: 1,4 kg Abnehmbare Griffe Deckel mit selbstbegie\u00dfendem Fleischsystem K\u00fchler Griff oben auf dem Deckel Alle W\u00e4rmequellen, sogar der Ofen Sp\u00fclmaschinenfest [&hellip;]<\/p>\n","protected":false},"featured_media":6298217,"template":"","meta":{"_acf_changed":false},"product_cat":[12099],"product_tag":[],"class_list":{"0":"post-55877","1":"product","2":"type-product","3":"status-publish","4":"has-post-thumbnail","6":"product_cat-toepfe-pfannen","8":"first","9":"instock","10":"sale","11":"taxable","12":"shipping-taxable","13":"purchasable","14":"product-type-simple","swatches":"rey-swatches","show_selected":"","stretch_labels":"rey-swatches--stretch-labels"},"acf":[],"yoast_head":"<!-- This site is optimized with the Yoast SEO plugin v25.4 - https:\/\/yoast.com\/wordpress\/plugins\/seo\/ -->\n<title>COOKUT Bratpfanne &#8220;La Fabuleuse&#8221; 24 cm Pfingstrose - dev6 Erresse<\/title>\n<meta name=\"description\" content=\"DIE FABULOSA, DIE ALLES-PFANNE, DIE 8 WERKZEUGE ERSETZT: F\u00c4CHER, PFANNE, KASSEROLLE, COCOTTE, DAMPFKOCHER, FRITEUSE, GRILL, KUCHENFORM Spiegeleier,\" \/>\n<meta name=\"robots\" content=\"noindex, follow, max-snippet:-1, max-image-preview:large, max-video-preview:-1\" \/>\n<meta property=\"og:locale\" content=\"de_DE\" \/>\n<meta property=\"og:type\" content=\"article\" \/>\n<meta property=\"og:title\" content=\"COOKUT Bratpfanne &#8220;La Fabuleuse&#8221; 24 cm Pfingstrose - dev6 Erresse\" \/>\n<meta property=\"og:description\" content=\"DIE FABULOSA, DIE ALLES-PFANNE, DIE 8 WERKZEUGE ERSETZT: F\u00c4CHER, PFANNE, KASSEROLLE, COCOTTE, DAMPFKOCHER, FRITEUSE, GRILL, KUCHENFORM Spiegeleier,\" \/>\n<meta property=\"og:url\" content=\"https:\/\/dev6.erresse-shop.it\/de\/shop\/toepfe-pfannen\/cookut-bratpfanne-la-fabuleuse-24-cm-pfingstrose\/\" \/>\n<meta property=\"og:site_name\" content=\"dev6 Erresse\" \/>\n<meta property=\"og:image\" content=\"https:\/\/interpim.erresse-shop.it\/wp-content\/uploads\/2024\/09\/COOKUT-Padella-La-Favolosa-24-cm-Peonia.jpg\/cookut-padella-la-favolosa-24-cm-peonia.jpg\" \/><meta property=\"og:image\" content=\"https:\/\/interpim.erresse-shop.it\/wp-content\/uploads\/2024\/09\/COOKUT-Padella-La-Favolosa-24-cm-Peonia.jpg\/cookut-padella-la-favolosa-24-cm-peonia.jpg\" \/>\n\t<meta property=\"og:image:width\" content=\"1024\" \/>\n\t<meta property=\"og:image:height\" content=\"1024\" \/>\n\t<meta property=\"og:image:type\" content=\"image\/jpeg\" \/>\n<meta name=\"twitter:card\" content=\"summary_large_image\" \/>\n<meta name=\"twitter:image\" content=\"https:\/\/interpim.erresse-shop.it\/wp-content\/uploads\/2024\/09\/COOKUT-Padella-La-Favolosa-24-cm-Peonia.jpg\/cookut-padella-la-favolosa-24-cm-peonia.jpg\" \/>\n<script type=\"application\/ld+json\" class=\"yoast-schema-graph\">{\"@context\":\"https:\/\/schema.org\",\"@graph\":[{\"@type\":\"WebPage\",\"@id\":\"https:\/\/dev6.erresse-shop.it\/de\/shop\/toepfe-pfannen\/cookut-bratpfanne-la-fabuleuse-24-cm-pfingstrose\/\",\"url\":\"https:\/\/dev6.erresse-shop.it\/de\/shop\/toepfe-pfannen\/cookut-bratpfanne-la-fabuleuse-24-cm-pfingstrose\/\",\"name\":\"COOKUT Bratpfanne &#8220;La Fabuleuse&#8221; 24 cm Pfingstrose - dev6 Erresse\",\"isPartOf\":{\"@id\":\"https:\/\/dev6.erresse-shop.it\/#website\"},\"primaryImageOfPage\":{\"@id\":\"https:\/\/dev6.erresse-shop.it\/de\/shop\/toepfe-pfannen\/cookut-bratpfanne-la-fabuleuse-24-cm-pfingstrose\/#primaryimage\"},\"image\":{\"@id\":\"https:\/\/dev6.erresse-shop.it\/de\/shop\/toepfe-pfannen\/cookut-bratpfanne-la-fabuleuse-24-cm-pfingstrose\/#primaryimage\"},\"thumbnailUrl\":\"https:\/\/i0.wp.com\/interpim.erresse-shop.it\/wp-content\/uploads\/2024\/09\/COOKUT-Padella-La-Favolosa-24-cm-Peonia.jpg\/cookut-padella-la-favolosa-24-cm-peonia.jpg?ssl=1\",\"datePublished\":\"2026-04-04T12:49:46+00:00\",\"description\":\"DIE FABULOSA, DIE ALLES-PFANNE, DIE 8 WERKZEUGE ERSETZT: F\u00c4CHER, PFANNE, KASSEROLLE, COCOTTE, DAMPFKOCHER, FRITEUSE, GRILL, KUCHENFORM Spiegeleier,\",\"breadcrumb\":{\"@id\":\"https:\/\/dev6.erresse-shop.it\/de\/shop\/toepfe-pfannen\/cookut-bratpfanne-la-fabuleuse-24-cm-pfingstrose\/#breadcrumb\"},\"inLanguage\":\"de\",\"potentialAction\":[{\"@type\":\"ReadAction\",\"target\":[\"https:\/\/dev6.erresse-shop.it\/de\/shop\/toepfe-pfannen\/cookut-bratpfanne-la-fabuleuse-24-cm-pfingstrose\/\"]}]},{\"@type\":\"ImageObject\",\"inLanguage\":\"de\",\"@id\":\"https:\/\/dev6.erresse-shop.it\/de\/shop\/toepfe-pfannen\/cookut-bratpfanne-la-fabuleuse-24-cm-pfingstrose\/#primaryimage\",\"url\":\"https:\/\/i0.wp.com\/interpim.erresse-shop.it\/wp-content\/uploads\/2024\/09\/COOKUT-Padella-La-Favolosa-24-cm-Peonia.jpg\/cookut-padella-la-favolosa-24-cm-peonia.jpg?ssl=1\",\"contentUrl\":\"https:\/\/i0.wp.com\/interpim.erresse-shop.it\/wp-content\/uploads\/2024\/09\/COOKUT-Padella-La-Favolosa-24-cm-Peonia.jpg\/cookut-padella-la-favolosa-24-cm-peonia.jpg?ssl=1\"},{\"@type\":\"BreadcrumbList\",\"@id\":\"https:\/\/dev6.erresse-shop.it\/de\/shop\/toepfe-pfannen\/cookut-bratpfanne-la-fabuleuse-24-cm-pfingstrose\/#breadcrumb\",\"itemListElement\":[{\"@type\":\"ListItem\",\"position\":1,\"name\":\"Home\",\"item\":\"https:\/\/dev6.erresse-shop.it\/\"},{\"@type\":\"ListItem\",\"position\":2,\"name\":\"Shop\",\"item\":\"https:\/\/dev6.erresse-shop.it\/shop\/\"},{\"@type\":\"ListItem\",\"position\":3,\"name\":\"COOKUT Bratpfanne &#8220;La Fabuleuse&#8221; 24 cm Pfingstrose\"}]},{\"@type\":\"WebSite\",\"@id\":\"https:\/\/dev6.erresse-shop.it\/#website\",\"url\":\"https:\/\/dev6.erresse-shop.it\/\",\"name\":\"Erresse Shop\",\"description\":\"\",\"publisher\":{\"@id\":\"https:\/\/dev6.erresse-shop.it\/#organization\"},\"potentialAction\":[{\"@type\":\"SearchAction\",\"target\":{\"@type\":\"EntryPoint\",\"urlTemplate\":\"https:\/\/dev6.erresse-shop.it\/?s={search_term_string}\"},\"query-input\":{\"@type\":\"PropertyValueSpecification\",\"valueRequired\":true,\"valueName\":\"search_term_string\"}}],\"inLanguage\":\"de\"},{\"@type\":\"Organization\",\"@id\":\"https:\/\/dev6.erresse-shop.it\/#organization\",\"name\":\"Erresse Shop\",\"url\":\"https:\/\/dev6.erresse-shop.it\/\",\"logo\":{\"@type\":\"ImageObject\",\"inLanguage\":\"de\",\"@id\":\"https:\/\/dev6.erresse-shop.it\/#\/schema\/logo\/image\/\",\"url\":\"https:\/\/dev6.erresse-shop.it\/wp-content\/uploads\/2025\/01\/LOGO-ERRESSE-CLASSICO.svg\",\"contentUrl\":\"https:\/\/dev6.erresse-shop.it\/wp-content\/uploads\/2025\/01\/LOGO-ERRESSE-CLASSICO.svg\",\"caption\":\"Erresse Shop\"},\"image\":{\"@id\":\"https:\/\/dev6.erresse-shop.it\/#\/schema\/logo\/image\/\"}}]}<\/script>\n<!-- \/ Yoast SEO plugin. -->","yoast_head_json":{"title":"COOKUT Bratpfanne &#8220;La Fabuleuse&#8221; 24 cm Pfingstrose - dev6 Erresse","description":"DIE FABULOSA, DIE ALLES-PFANNE, DIE 8 WERKZEUGE ERSETZT: F\u00c4CHER, PFANNE, KASSEROLLE, COCOTTE, DAMPFKOCHER, FRITEUSE, GRILL, KUCHENFORM Spiegeleier,","robots":{"index":"noindex","follow":"follow","max-snippet":"max-snippet:-1","max-image-preview":"max-image-preview:large","max-video-preview":"max-video-preview:-1"},"og_locale":"de_DE","og_type":"article","og_title":"COOKUT Bratpfanne &#8220;La Fabuleuse&#8221; 24 cm Pfingstrose - dev6 Erresse","og_description":"DIE FABULOSA, DIE ALLES-PFANNE, DIE 8 WERKZEUGE ERSETZT: F\u00c4CHER, PFANNE, KASSEROLLE, COCOTTE, DAMPFKOCHER, FRITEUSE, GRILL, KUCHENFORM Spiegeleier,","og_url":"https:\/\/dev6.erresse-shop.it\/de\/shop\/toepfe-pfannen\/cookut-bratpfanne-la-fabuleuse-24-cm-pfingstrose\/","og_site_name":"dev6 Erresse","og_image":[{"url":"https:\/\/interpim.erresse-shop.it\/wp-content\/uploads\/2024\/09\/COOKUT-Padella-La-Favolosa-24-cm-Peonia.jpg\/cookut-padella-la-favolosa-24-cm-peonia.jpg","type":"","width":"","height":""},{"url":"https:\/\/interpim.erresse-shop.it\/wp-content\/uploads\/2024\/09\/COOKUT-Padella-La-Favolosa-24-cm-Peonia.jpg\/cookut-padella-la-favolosa-24-cm-peonia.jpg","width":1024,"height":1024,"type":"image\/jpeg"}],"twitter_card":"summary_large_image","twitter_image":"https:\/\/interpim.erresse-shop.it\/wp-content\/uploads\/2024\/09\/COOKUT-Padella-La-Favolosa-24-cm-Peonia.jpg\/cookut-padella-la-favolosa-24-cm-peonia.jpg","schema":{"@context":"https:\/\/schema.org","@graph":[{"@type":"WebPage","@id":"https:\/\/dev6.erresse-shop.it\/de\/shop\/toepfe-pfannen\/cookut-bratpfanne-la-fabuleuse-24-cm-pfingstrose\/","url":"https:\/\/dev6.erresse-shop.it\/de\/shop\/toepfe-pfannen\/cookut-bratpfanne-la-fabuleuse-24-cm-pfingstrose\/","name":"COOKUT Bratpfanne &#8220;La Fabuleuse&#8221; 24 cm Pfingstrose - dev6 Erresse","isPartOf":{"@id":"https:\/\/dev6.erresse-shop.it\/#website"},"primaryImageOfPage":{"@id":"https:\/\/dev6.erresse-shop.it\/de\/shop\/toepfe-pfannen\/cookut-bratpfanne-la-fabuleuse-24-cm-pfingstrose\/#primaryimage"},"image":{"@id":"https:\/\/dev6.erresse-shop.it\/de\/shop\/toepfe-pfannen\/cookut-bratpfanne-la-fabuleuse-24-cm-pfingstrose\/#primaryimage"},"thumbnailUrl":"https:\/\/i0.wp.com\/interpim.erresse-shop.it\/wp-content\/uploads\/2024\/09\/COOKUT-Padella-La-Favolosa-24-cm-Peonia.jpg\/cookut-padella-la-favolosa-24-cm-peonia.jpg?ssl=1","datePublished":"2026-04-04T12:49:46+00:00","description":"DIE FABULOSA, DIE ALLES-PFANNE, DIE 8 WERKZEUGE ERSETZT: F\u00c4CHER, PFANNE, KASSEROLLE, COCOTTE, DAMPFKOCHER, FRITEUSE, GRILL, KUCHENFORM Spiegeleier,","breadcrumb":{"@id":"https:\/\/dev6.erresse-shop.it\/de\/shop\/toepfe-pfannen\/cookut-bratpfanne-la-fabuleuse-24-cm-pfingstrose\/#breadcrumb"},"inLanguage":"de","potentialAction":[{"@type":"ReadAction","target":["https:\/\/dev6.erresse-shop.it\/de\/shop\/toepfe-pfannen\/cookut-bratpfanne-la-fabuleuse-24-cm-pfingstrose\/"]}]},{"@type":"ImageObject","inLanguage":"de","@id":"https:\/\/dev6.erresse-shop.it\/de\/shop\/toepfe-pfannen\/cookut-bratpfanne-la-fabuleuse-24-cm-pfingstrose\/#primaryimage","url":"https:\/\/i0.wp.com\/interpim.erresse-shop.it\/wp-content\/uploads\/2024\/09\/COOKUT-Padella-La-Favolosa-24-cm-Peonia.jpg\/cookut-padella-la-favolosa-24-cm-peonia.jpg?ssl=1","contentUrl":"https:\/\/i0.wp.com\/interpim.erresse-shop.it\/wp-content\/uploads\/2024\/09\/COOKUT-Padella-La-Favolosa-24-cm-Peonia.jpg\/cookut-padella-la-favolosa-24-cm-peonia.jpg?ssl=1"},{"@type":"BreadcrumbList","@id":"https:\/\/dev6.erresse-shop.it\/de\/shop\/toepfe-pfannen\/cookut-bratpfanne-la-fabuleuse-24-cm-pfingstrose\/#breadcrumb","itemListElement":[{"@type":"ListItem","position":1,"name":"Home","item":"https:\/\/dev6.erresse-shop.it\/"},{"@type":"ListItem","position":2,"name":"Shop","item":"https:\/\/dev6.erresse-shop.it\/shop\/"},{"@type":"ListItem","position":3,"name":"COOKUT Bratpfanne &#8220;La Fabuleuse&#8221; 24 cm Pfingstrose"}]},{"@type":"WebSite","@id":"https:\/\/dev6.erresse-shop.it\/#website","url":"https:\/\/dev6.erresse-shop.it\/","name":"Erresse Shop","description":"","publisher":{"@id":"https:\/\/dev6.erresse-shop.it\/#organization"},"potentialAction":[{"@type":"SearchAction","target":{"@type":"EntryPoint","urlTemplate":"https:\/\/dev6.erresse-shop.it\/?s={search_term_string}"},"query-input":{"@type":"PropertyValueSpecification","valueRequired":true,"valueName":"search_term_string"}}],"inLanguage":"de"},{"@type":"Organization","@id":"https:\/\/dev6.erresse-shop.it\/#organization","name":"Erresse Shop","url":"https:\/\/dev6.erresse-shop.it\/","logo":{"@type":"ImageObject","inLanguage":"de","@id":"https:\/\/dev6.erresse-shop.it\/#\/schema\/logo\/image\/","url":"https:\/\/dev6.erresse-shop.it\/wp-content\/uploads\/2025\/01\/LOGO-ERRESSE-CLASSICO.svg","contentUrl":"https:\/\/dev6.erresse-shop.it\/wp-content\/uploads\/2025\/01\/LOGO-ERRESSE-CLASSICO.svg","caption":"Erresse Shop"},"image":{"@id":"https:\/\/dev6.erresse-shop.it\/#\/schema\/logo\/image\/"}}]}},"df_price":124.9,"df_sale_price":124.9,"df_regular_price":139.9,"df_image_link":"https:\/\/i0.wp.com\/interpim.erresse-shop.it\/wp-content\/uploads\/2024\/09\/COOKUT-Padella-La-Favolosa-24-cm-Peonia.jpg\/cookut-padella-la-favolosa-24-cm-peonia.jpg?resize=300,300&ssl=1","fifu_image_url":"https:\/\/interpim.erresse-shop.it\/wp-content\/uploads\/2024\/09\/COOKUT-Padella-La-Favolosa-24-cm-Peonia.jpg\/cookut-padella-la-favolosa-24-cm-peonia.jpg","_links":{"self":[{"href":"https:\/\/dev6.erresse-shop.it\/de\/wp-json\/wp\/v2\/product\/55877","targetHints":{"allow":["GET"]}}],"collection":[{"href":"https:\/\/dev6.erresse-shop.it\/de\/wp-json\/wp\/v2\/product"}],"about":[{"href":"https:\/\/dev6.erresse-shop.it\/de\/wp-json\/wp\/v2\/types\/product"}],"wp:featuredmedia":[{"embeddable":true,"href":"https:\/\/dev6.erresse-shop.it\/de\/wp-json\/wp\/v2\/media\/6298217"}],"wp:attachment":[{"href":"https:\/\/dev6.erresse-shop.it\/de\/wp-json\/wp\/v2\/media?parent=55877"}],"wp:term":[{"taxonomy":"product_cat","embeddable":true,"href":"https:\/\/dev6.erresse-shop.it\/de\/wp-json\/wp\/v2\/product_cat?post=55877"},{"taxonomy":"product_tag","embeddable":true,"href":"https:\/\/dev6.erresse-shop.it\/de\/wp-json\/wp\/v2\/product_tag?post=55877"}],"curies":[{"name":"wp","href":"https:\/\/api.w.org\/{rel}","templated":true}]}}