{"id":55859,"date":"2026-04-12T11:40:15","date_gmt":"2026-04-12T09:40:15","guid":{"rendered":"https:\/\/dev6.erresse-shop.it\/shop\/unkategorisiert\/les-jardins-de-la-comtesse-picknickkorb-4-personen-champs-elysees-gruen\/"},"modified":"2025-09-14T02:14:45","modified_gmt":"2025-09-14T00:14:45","slug":"les-jardins-de-la-comtesse-picknickkorb-4-personen-champs-elysees-gruen","status":"publish","type":"product","link":"https:\/\/dev6.erresse-shop.it\/de\/shop\/tisch\/picknickkoerbe\/les-jardins-de-la-comtesse-picknickkorb-4-personen-champs-elysees-gruen\/","title":{"rendered":"LES JARDINS DE LA COMTESSE Picknickkorb 4 Personen Champs-Elys\u00e9es Gr\u00fcn"},"content":{"rendered":"<p>Dieser Picknickkorb aus echtem Leder mit gen\u00e4hten Blumen, Porzellantellern und Stoff mit Monogramm ist die sch\u00f6nste unserer honigfarbenen und ledernen Picknickkoffer aus Korbgeflecht zum Verschenken oder um sich selbst ein ultraschickes Picknick zu g\u00f6nnen. Diese Truhe wurde f\u00fcr Liebhaber schicker Picknicks geschaffen, die gerne mit vielen Freunden oder der Familie zusammenkommen, um einen magischen und famili\u00e4ren Moment zu teilen. Die besondere Honigfarbe wurde durch eine zweifache Dampfbehandlung erhalten, ein Verfahren, das seit Jahrtausenden angewendet wird. Luxus, Tradition und Raffinesse vereinen sich zu einer wahren franz\u00f6sischen Lebenskunst \u2026 Dieser Koffer wurde aus Weidenholz handgefertigt. Geschlossen wird es mit 2 gro\u00dfen, gen\u00e4hten, ges\u00e4umten und metallenen Lederriemen. Ein gro\u00dfer, gen\u00e4hter Ledergriff erm\u00f6glicht ein einfaches Tragen des Koffers. Oben sind zwei Lederstreifen angen\u00e4ht, in die man die Picknickdecke einlegen kann. \u00d6ffnen Sie den Kofferraum und entdecken Sie den Innenraum, der mit einem dunkelgr\u00fcnen Baumwollstoff mit Monogramm bezogen ist. Die Teller bestehen aus echtem Porzellan. Die Gl\u00e4ser werden in ihrem Korbfach ordentlich aufbewahrt und die Weinflasche wird von zwei Lederriemen gehalten. Und das Besteck ist aus poliertem Edelstahl. Die isolierte Lebensmitteltasche ist lang genug, um eine Flasche aufzunehmen.<br \/>\nSeine Teller, Gl\u00e4ser, Besteck und Accessoires sind sp\u00fclmaschinenfest.<\/p>\n<p>4 Teller (20 cm) aus echtem Feinporzellan, monogrammiert mit dem Wappen von Les Jardins de la Comtesse. Die Platten werden durch beidseitig angen\u00e4hte Lederriemen an Ort und Stelle gehalten.<br \/>\n4 gro\u00dfe Weingl\u00e4ser (18 cl), in einzelnen Korbf\u00e4chern angeordnet und von einem Lederband getragen.<br \/>\n4 komplette Designer-Bestecksets aus Edelstahl 18\/0, bestehend aus 4 Messern, 4 Gabeln und 4 Teel\u00f6ffeln, getragen von gen\u00e4hten Lederriemen.<br \/>\n\u00a0Salz- und Pfefferstreuer aus Metall in einer Ledertasche.<br \/>\nEin Korkenzieher, ein Reifen-Bouchon und ein Flaschen\u00f6ffner, aufbewahrt in einer Ledertasche.<br \/>\n1 Holzschneidebrett mit passendem Messer, gehalten von Lederriemen.<br \/>\n2 Lederriemen zum Halten einer Flasche<br \/>\n1 gro\u00dfes isothermisches Fach (34 x 18 x 15 cm) zur Aufbewahrung von Lebensmitteln und einer Flasche Wein.<br \/>\n4 dunkelgr\u00fcne Baumwollservietten mit Monogramm, 30 x 30 cm<br \/>\n1 dunkelgr\u00fcne, wasserfest beschichtete Plane 140 x 140 cm<br \/>\n1 kleine Tasche zur Aufbewahrung von schmutzigem Geschirr<\/p>\n<p>\u2013 L\u00e4nge: 60 cm<br \/>\n\u2013 Breite: 38 cm<br \/>\n\u2013 H\u00f6he: 23 cm<br \/>\n\u2013 Gewicht: 7,06 kg<\/p>\n","protected":false},"excerpt":{"rendered":"<p>Dieser Picknickkorb aus echtem Leder mit gen\u00e4hten Blumen, Porzellantellern und Stoff mit Monogramm ist die sch\u00f6nste unserer honigfarbenen und ledernen Picknickkoffer aus Korbgeflecht zum Verschenken oder um sich selbst ein ultraschickes Picknick zu g\u00f6nnen. Diese Truhe wurde f\u00fcr Liebhaber schicker Picknicks geschaffen, die gerne mit vielen Freunden oder der Familie zusammenkommen, um einen magischen und [&hellip;]<\/p>\n","protected":false},"featured_media":6369641,"template":"","meta":{"_acf_changed":false},"product_cat":[12140,11671,12103],"product_tag":[],"class_list":{"0":"post-55859","1":"product","2":"type-product","3":"status-publish","4":"has-post-thumbnail","6":"product_cat-picknickkoerbe","7":"product_cat-tavola","8":"product_cat-tisch","10":"first","11":"instock","12":"sale","13":"taxable","14":"shipping-taxable","15":"purchasable","16":"product-type-simple","swatches":"rey-swatches","show_selected":"","stretch_labels":"rey-swatches--stretch-labels"},"acf":[],"yoast_head":"<!-- This site is optimized with the Yoast SEO plugin v25.4 - https:\/\/yoast.com\/wordpress\/plugins\/seo\/ -->\n<title>LES JARDINS DE LA COMTESSE Picknickkorb 4 Personen Champs-Elys\u00e9es Gr\u00fcn - dev6 Erresse<\/title>\n<meta name=\"description\" content=\"Dieser Picknickkorb aus echtem Leder mit gen\u00e4hten Blumen, Porzellantellern und Stoff mit Monogramm ist die sch\u00f6nste unserer honigfarbenen und ledernen\" \/>\n<meta name=\"robots\" content=\"noindex, follow, max-snippet:-1, max-image-preview:large, max-video-preview:-1\" \/>\n<meta property=\"og:locale\" content=\"de_DE\" \/>\n<meta property=\"og:type\" content=\"article\" \/>\n<meta property=\"og:title\" content=\"LES JARDINS DE LA COMTESSE Picknickkorb 4 Personen Champs-Elys\u00e9es Gr\u00fcn - dev6 Erresse\" \/>\n<meta property=\"og:description\" content=\"Dieser Picknickkorb aus echtem Leder mit gen\u00e4hten Blumen, Porzellantellern und Stoff mit Monogramm ist die sch\u00f6nste unserer honigfarbenen und ledernen\" \/>\n<meta property=\"og:url\" content=\"https:\/\/dev6.erresse-shop.it\/de\/shop\/tisch\/picknickkoerbe\/les-jardins-de-la-comtesse-picknickkorb-4-personen-champs-elysees-gruen\/\" \/>\n<meta property=\"og:site_name\" content=\"dev6 Erresse\" \/>\n<meta property=\"og:image\" content=\"https:\/\/interpim.erresse-shop.it\/Import\/Prodotti\/les-jardins-de-la-comtesse-cestino-picnic-4-persone-champs-elysees-verde.jpg\" \/><meta property=\"og:image\" content=\"https:\/\/interpim.erresse-shop.it\/Import\/Prodotti\/les-jardins-de-la-comtesse-cestino-picnic-4-persone-champs-elysees-verde.jpg\" \/>\n\t<meta property=\"og:image:width\" content=\"1024\" \/>\n\t<meta property=\"og:image:height\" content=\"1024\" \/>\n\t<meta property=\"og:image:type\" content=\"image\/jpeg\" \/>\n<meta name=\"twitter:card\" content=\"summary_large_image\" \/>\n<meta name=\"twitter:image\" content=\"https:\/\/interpim.erresse-shop.it\/Import\/Prodotti\/les-jardins-de-la-comtesse-cestino-picnic-4-persone-champs-elysees-verde.jpg\" \/>\n<script type=\"application\/ld+json\" class=\"yoast-schema-graph\">{\"@context\":\"https:\/\/schema.org\",\"@graph\":[{\"@type\":\"WebPage\",\"@id\":\"https:\/\/dev6.erresse-shop.it\/de\/shop\/tisch\/picknickkoerbe\/les-jardins-de-la-comtesse-picknickkorb-4-personen-champs-elysees-gruen\/\",\"url\":\"https:\/\/dev6.erresse-shop.it\/de\/shop\/tisch\/picknickkoerbe\/les-jardins-de-la-comtesse-picknickkorb-4-personen-champs-elysees-gruen\/\",\"name\":\"LES JARDINS DE LA COMTESSE Picknickkorb 4 Personen Champs-Elys\u00e9es Gr\u00fcn - dev6 Erresse\",\"isPartOf\":{\"@id\":\"https:\/\/dev6.erresse-shop.it\/#website\"},\"primaryImageOfPage\":{\"@id\":\"https:\/\/dev6.erresse-shop.it\/de\/shop\/tisch\/picknickkoerbe\/les-jardins-de-la-comtesse-picknickkorb-4-personen-champs-elysees-gruen\/#primaryimage\"},\"image\":{\"@id\":\"https:\/\/dev6.erresse-shop.it\/de\/shop\/tisch\/picknickkoerbe\/les-jardins-de-la-comtesse-picknickkorb-4-personen-champs-elysees-gruen\/#primaryimage\"},\"thumbnailUrl\":\"https:\/\/i3.wp.com\/interpim.erresse-shop.it\/Import\/Prodotti\/les-jardins-de-la-comtesse-cestino-picnic-4-persone-champs-elysees-verde.jpg?ssl=1\",\"datePublished\":\"2026-04-12T09:40:15+00:00\",\"description\":\"Dieser Picknickkorb aus echtem Leder mit gen\u00e4hten Blumen, Porzellantellern und Stoff mit Monogramm ist die sch\u00f6nste unserer honigfarbenen und ledernen\",\"breadcrumb\":{\"@id\":\"https:\/\/dev6.erresse-shop.it\/de\/shop\/tisch\/picknickkoerbe\/les-jardins-de-la-comtesse-picknickkorb-4-personen-champs-elysees-gruen\/#breadcrumb\"},\"inLanguage\":\"de\",\"potentialAction\":[{\"@type\":\"ReadAction\",\"target\":[\"https:\/\/dev6.erresse-shop.it\/de\/shop\/tisch\/picknickkoerbe\/les-jardins-de-la-comtesse-picknickkorb-4-personen-champs-elysees-gruen\/\"]}]},{\"@type\":\"ImageObject\",\"inLanguage\":\"de\",\"@id\":\"https:\/\/dev6.erresse-shop.it\/de\/shop\/tisch\/picknickkoerbe\/les-jardins-de-la-comtesse-picknickkorb-4-personen-champs-elysees-gruen\/#primaryimage\",\"url\":\"https:\/\/i3.wp.com\/interpim.erresse-shop.it\/Import\/Prodotti\/les-jardins-de-la-comtesse-cestino-picnic-4-persone-champs-elysees-verde.jpg?ssl=1\",\"contentUrl\":\"https:\/\/i3.wp.com\/interpim.erresse-shop.it\/Import\/Prodotti\/les-jardins-de-la-comtesse-cestino-picnic-4-persone-champs-elysees-verde.jpg?ssl=1\"},{\"@type\":\"BreadcrumbList\",\"@id\":\"https:\/\/dev6.erresse-shop.it\/de\/shop\/tisch\/picknickkoerbe\/les-jardins-de-la-comtesse-picknickkorb-4-personen-champs-elysees-gruen\/#breadcrumb\",\"itemListElement\":[{\"@type\":\"ListItem\",\"position\":1,\"name\":\"Home\",\"item\":\"https:\/\/dev6.erresse-shop.it\/\"},{\"@type\":\"ListItem\",\"position\":2,\"name\":\"Shop\",\"item\":\"https:\/\/dev6.erresse-shop.it\/shop\/\"},{\"@type\":\"ListItem\",\"position\":3,\"name\":\"LES JARDINS DE LA COMTESSE Picknickkorb 4 Personen Champs-Elys\u00e9es Gr\u00fcn\"}]},{\"@type\":\"WebSite\",\"@id\":\"https:\/\/dev6.erresse-shop.it\/#website\",\"url\":\"https:\/\/dev6.erresse-shop.it\/\",\"name\":\"Erresse Shop\",\"description\":\"\",\"publisher\":{\"@id\":\"https:\/\/dev6.erresse-shop.it\/#organization\"},\"potentialAction\":[{\"@type\":\"SearchAction\",\"target\":{\"@type\":\"EntryPoint\",\"urlTemplate\":\"https:\/\/dev6.erresse-shop.it\/?s={search_term_string}\"},\"query-input\":{\"@type\":\"PropertyValueSpecification\",\"valueRequired\":true,\"valueName\":\"search_term_string\"}}],\"inLanguage\":\"de\"},{\"@type\":\"Organization\",\"@id\":\"https:\/\/dev6.erresse-shop.it\/#organization\",\"name\":\"Erresse Shop\",\"url\":\"https:\/\/dev6.erresse-shop.it\/\",\"logo\":{\"@type\":\"ImageObject\",\"inLanguage\":\"de\",\"@id\":\"https:\/\/dev6.erresse-shop.it\/#\/schema\/logo\/image\/\",\"url\":\"https:\/\/dev6.erresse-shop.it\/wp-content\/uploads\/2025\/01\/LOGO-ERRESSE-CLASSICO.svg\",\"contentUrl\":\"https:\/\/dev6.erresse-shop.it\/wp-content\/uploads\/2025\/01\/LOGO-ERRESSE-CLASSICO.svg\",\"caption\":\"Erresse Shop\"},\"image\":{\"@id\":\"https:\/\/dev6.erresse-shop.it\/#\/schema\/logo\/image\/\"}}]}<\/script>\n<!-- \/ Yoast SEO plugin. -->","yoast_head_json":{"title":"LES JARDINS DE LA COMTESSE Picknickkorb 4 Personen Champs-Elys\u00e9es Gr\u00fcn - dev6 Erresse","description":"Dieser Picknickkorb aus echtem Leder mit gen\u00e4hten Blumen, Porzellantellern und Stoff mit Monogramm ist die sch\u00f6nste unserer honigfarbenen und ledernen","robots":{"index":"noindex","follow":"follow","max-snippet":"max-snippet:-1","max-image-preview":"max-image-preview:large","max-video-preview":"max-video-preview:-1"},"og_locale":"de_DE","og_type":"article","og_title":"LES JARDINS DE LA COMTESSE Picknickkorb 4 Personen Champs-Elys\u00e9es Gr\u00fcn - dev6 Erresse","og_description":"Dieser Picknickkorb aus echtem Leder mit gen\u00e4hten Blumen, Porzellantellern und Stoff mit Monogramm ist die sch\u00f6nste unserer honigfarbenen und ledernen","og_url":"https:\/\/dev6.erresse-shop.it\/de\/shop\/tisch\/picknickkoerbe\/les-jardins-de-la-comtesse-picknickkorb-4-personen-champs-elysees-gruen\/","og_site_name":"dev6 Erresse","og_image":[{"url":"https:\/\/interpim.erresse-shop.it\/Import\/Prodotti\/les-jardins-de-la-comtesse-cestino-picnic-4-persone-champs-elysees-verde.jpg","type":"","width":"","height":""},{"url":"https:\/\/interpim.erresse-shop.it\/Import\/Prodotti\/les-jardins-de-la-comtesse-cestino-picnic-4-persone-champs-elysees-verde.jpg","width":1024,"height":1024,"type":"image\/jpeg"}],"twitter_card":"summary_large_image","twitter_image":"https:\/\/interpim.erresse-shop.it\/Import\/Prodotti\/les-jardins-de-la-comtesse-cestino-picnic-4-persone-champs-elysees-verde.jpg","schema":{"@context":"https:\/\/schema.org","@graph":[{"@type":"WebPage","@id":"https:\/\/dev6.erresse-shop.it\/de\/shop\/tisch\/picknickkoerbe\/les-jardins-de-la-comtesse-picknickkorb-4-personen-champs-elysees-gruen\/","url":"https:\/\/dev6.erresse-shop.it\/de\/shop\/tisch\/picknickkoerbe\/les-jardins-de-la-comtesse-picknickkorb-4-personen-champs-elysees-gruen\/","name":"LES JARDINS DE LA COMTESSE Picknickkorb 4 Personen Champs-Elys\u00e9es Gr\u00fcn - dev6 Erresse","isPartOf":{"@id":"https:\/\/dev6.erresse-shop.it\/#website"},"primaryImageOfPage":{"@id":"https:\/\/dev6.erresse-shop.it\/de\/shop\/tisch\/picknickkoerbe\/les-jardins-de-la-comtesse-picknickkorb-4-personen-champs-elysees-gruen\/#primaryimage"},"image":{"@id":"https:\/\/dev6.erresse-shop.it\/de\/shop\/tisch\/picknickkoerbe\/les-jardins-de-la-comtesse-picknickkorb-4-personen-champs-elysees-gruen\/#primaryimage"},"thumbnailUrl":"https:\/\/i3.wp.com\/interpim.erresse-shop.it\/Import\/Prodotti\/les-jardins-de-la-comtesse-cestino-picnic-4-persone-champs-elysees-verde.jpg?ssl=1","datePublished":"2026-04-12T09:40:15+00:00","description":"Dieser Picknickkorb aus echtem Leder mit gen\u00e4hten Blumen, Porzellantellern und Stoff mit Monogramm ist die sch\u00f6nste unserer honigfarbenen und ledernen","breadcrumb":{"@id":"https:\/\/dev6.erresse-shop.it\/de\/shop\/tisch\/picknickkoerbe\/les-jardins-de-la-comtesse-picknickkorb-4-personen-champs-elysees-gruen\/#breadcrumb"},"inLanguage":"de","potentialAction":[{"@type":"ReadAction","target":["https:\/\/dev6.erresse-shop.it\/de\/shop\/tisch\/picknickkoerbe\/les-jardins-de-la-comtesse-picknickkorb-4-personen-champs-elysees-gruen\/"]}]},{"@type":"ImageObject","inLanguage":"de","@id":"https:\/\/dev6.erresse-shop.it\/de\/shop\/tisch\/picknickkoerbe\/les-jardins-de-la-comtesse-picknickkorb-4-personen-champs-elysees-gruen\/#primaryimage","url":"https:\/\/i3.wp.com\/interpim.erresse-shop.it\/Import\/Prodotti\/les-jardins-de-la-comtesse-cestino-picnic-4-persone-champs-elysees-verde.jpg?ssl=1","contentUrl":"https:\/\/i3.wp.com\/interpim.erresse-shop.it\/Import\/Prodotti\/les-jardins-de-la-comtesse-cestino-picnic-4-persone-champs-elysees-verde.jpg?ssl=1"},{"@type":"BreadcrumbList","@id":"https:\/\/dev6.erresse-shop.it\/de\/shop\/tisch\/picknickkoerbe\/les-jardins-de-la-comtesse-picknickkorb-4-personen-champs-elysees-gruen\/#breadcrumb","itemListElement":[{"@type":"ListItem","position":1,"name":"Home","item":"https:\/\/dev6.erresse-shop.it\/"},{"@type":"ListItem","position":2,"name":"Shop","item":"https:\/\/dev6.erresse-shop.it\/shop\/"},{"@type":"ListItem","position":3,"name":"LES JARDINS DE LA COMTESSE Picknickkorb 4 Personen Champs-Elys\u00e9es Gr\u00fcn"}]},{"@type":"WebSite","@id":"https:\/\/dev6.erresse-shop.it\/#website","url":"https:\/\/dev6.erresse-shop.it\/","name":"Erresse Shop","description":"","publisher":{"@id":"https:\/\/dev6.erresse-shop.it\/#organization"},"potentialAction":[{"@type":"SearchAction","target":{"@type":"EntryPoint","urlTemplate":"https:\/\/dev6.erresse-shop.it\/?s={search_term_string}"},"query-input":{"@type":"PropertyValueSpecification","valueRequired":true,"valueName":"search_term_string"}}],"inLanguage":"de"},{"@type":"Organization","@id":"https:\/\/dev6.erresse-shop.it\/#organization","name":"Erresse Shop","url":"https:\/\/dev6.erresse-shop.it\/","logo":{"@type":"ImageObject","inLanguage":"de","@id":"https:\/\/dev6.erresse-shop.it\/#\/schema\/logo\/image\/","url":"https:\/\/dev6.erresse-shop.it\/wp-content\/uploads\/2025\/01\/LOGO-ERRESSE-CLASSICO.svg","contentUrl":"https:\/\/dev6.erresse-shop.it\/wp-content\/uploads\/2025\/01\/LOGO-ERRESSE-CLASSICO.svg","caption":"Erresse Shop"},"image":{"@id":"https:\/\/dev6.erresse-shop.it\/#\/schema\/logo\/image\/"}}]}},"df_price":229.95,"df_sale_price":229.95,"df_regular_price":284,"df_image_link":"https:\/\/i3.wp.com\/interpim.erresse-shop.it\/Import\/Prodotti\/les-jardins-de-la-comtesse-cestino-picnic-4-persone-champs-elysees-verde.jpg?resize=300,300&ssl=1","fifu_image_url":"https:\/\/interpim.erresse-shop.it\/Import\/Prodotti\/les-jardins-de-la-comtesse-cestino-picnic-4-persone-champs-elysees-verde.jpg","_links":{"self":[{"href":"https:\/\/dev6.erresse-shop.it\/de\/wp-json\/wp\/v2\/product\/55859","targetHints":{"allow":["GET"]}}],"collection":[{"href":"https:\/\/dev6.erresse-shop.it\/de\/wp-json\/wp\/v2\/product"}],"about":[{"href":"https:\/\/dev6.erresse-shop.it\/de\/wp-json\/wp\/v2\/types\/product"}],"wp:featuredmedia":[{"embeddable":true,"href":"https:\/\/dev6.erresse-shop.it\/de\/wp-json\/wp\/v2\/media\/6369641"}],"wp:attachment":[{"href":"https:\/\/dev6.erresse-shop.it\/de\/wp-json\/wp\/v2\/media?parent=55859"}],"wp:term":[{"taxonomy":"product_cat","embeddable":true,"href":"https:\/\/dev6.erresse-shop.it\/de\/wp-json\/wp\/v2\/product_cat?post=55859"},{"taxonomy":"product_tag","embeddable":true,"href":"https:\/\/dev6.erresse-shop.it\/de\/wp-json\/wp\/v2\/product_tag?post=55859"}],"curies":[{"name":"wp","href":"https:\/\/api.w.org\/{rel}","templated":true}]}}