{"id":55853,"date":"2026-04-12T11:40:15","date_gmt":"2026-04-12T09:40:15","guid":{"rendered":"https:\/\/dev6.erresse-shop.it\/shop\/unkategorisiert\/le-creuset-quadratische-grillpfanne-aus-gusseisen-26-x-26-cm-shell-pink\/"},"modified":"2025-07-04T14:20:57","modified_gmt":"2025-07-04T12:20:57","slug":"le-creuset-quadratische-grillpfanne-aus-gusseisen-26-x-26-cm-shell-pink","status":"publish","type":"product","link":"https:\/\/dev6.erresse-shop.it\/de\/shop\/toepfe-pfannen\/grillpfannen\/le-creuset-quadratische-grillpfanne-aus-gusseisen-26-x-26-cm-shell-pink\/","title":{"rendered":"LE CREUSET Quadratische Grillpfanne aus Gusseisen 26 x 26 cm Shell Pink"},"content":{"rendered":"<p>FETT AUF EIN MINIMUM. MAXIMALER GESCHMACK<\/p>\n<p>Unser verglaster Gusseisengrill sorgt f\u00fcr die ideale Luftfeuchtigkeit Ihrer Speisen und sorgt f\u00fcr saftige Aromen und duftende Aromen. Perfekt f\u00fcr gesunde und appetitliche Gerichte: \u00dcbersch\u00fcssiges Fett flie\u00dft ab und sammelt sich in den Rillen. Fleisch, Fisch und Gem\u00fcse, Sie haben die Wahl. Dieser vielseitige Mehrzweckgrill erledigt den Rest.<\/p>\n<p>Vielseitigkeit: Dieses Produkt ist f\u00fcr \u00d6fen, Herde und den Ofen im Grillmodus geeignet.<br \/>\nGut schmeckendes Essen: Verglastes Gusseisen speichert die W\u00e4rme und erm\u00f6glicht so ein gleichm\u00e4\u00dfiges Garen und Anbraten. Ihre k\u00f6stlichen Kreationen bleiben auch am Tisch l\u00e4nger warm.<br \/>\nGrillrillen: Erstellen Sie authentische Barbecue-Effektlinien f\u00fcr gro\u00dfartig aussehende Speisen.<br \/>\nNicht zu hei\u00df: Kochen Sie bei gleichm\u00e4\u00dfiger, niedriger bis mittlerer Hitze, um Ihr Steingussprodukt zu schonen und k\u00f6stliche Ergebnisse zu erzielen.<br \/>\nEs verbessert sich mit der Zeit: Die verglaste Innenseite entwickelt eine nat\u00fcrliche Patina, die sich fast wie eine Antihaftoberfl\u00e4che verh\u00e4lt. Seine Oberfl\u00e4che verf\u00fcgt \u00fcber Eigenschaften, die das<\/p>\n<p>verhindern<\/p>\n<p>Lebensmittel bleiben auch bei geringeren \u00d6lmengen nicht kleben. Waschen Sie das Produkt nur mit Wasser, damit sich die Patina entwickeln kann.<br \/>\nUnsere Produkte werden aus den besten Materialien in Fabriken auf der ganzen Welt hergestellt, um die Qualit\u00e4t zu gew\u00e4hrleisten, die Sie von Le Creuset erwarten.<\/p>\n<p>Material: verglastes Gusseisen<br \/>\nHergestellt in: Frankreich<br \/>\nGarantie: lebenslang<\/p>\n<p>W\u00e4rmequelle:<\/p>\n<p>Ofen<br \/>\nOfengrillmodus<br \/>\nElektroherd<br \/>\nKeramikglas<br \/>\nGasherd<br \/>\nInduktionskochfeld<\/p>\n<p>Reinigung und Pflege:<\/p>\n<p>Warten Sie, bis das Produkt abgek\u00fchlt ist, bevor Sie mit der Reinigung beginnen.<br \/>\nReinigen Sie alle R\u00fcckst\u00e4nde von der Unterseite und den Seiten des Produkts. Wenn Essensreste festsitzen, f\u00fcllen Sie das Produkt mit warmem Seifenwasser und lassen Sie es 15\u201320 Minuten einweichen, bevor Sie es wie gewohnt waschen.<br \/>\nVerwenden Sie auf keiner der Oberfl\u00e4chen Scheuermittel oder metallische, scheuernde oder sehr steife Schw\u00e4mme oder B\u00fcrsten.<br \/>\nNach dem Waschen gut trocknen und an einem trockenen Ort aufbewahren.<\/p>\n","protected":false},"excerpt":{"rendered":"<p>FETT AUF EIN MINIMUM. MAXIMALER GESCHMACK Unser verglaster Gusseisengrill sorgt f\u00fcr die ideale Luftfeuchtigkeit Ihrer Speisen und sorgt f\u00fcr saftige Aromen und duftende Aromen. Perfekt f\u00fcr gesunde und appetitliche Gerichte: \u00dcbersch\u00fcssiges Fett flie\u00dft ab und sammelt sich in den Rillen. Fleisch, Fisch und Gem\u00fcse, Sie haben die Wahl. Dieser vielseitige Mehrzweckgrill erledigt den Rest. Vielseitigkeit: [&hellip;]<\/p>\n","protected":false},"featured_media":6369622,"template":"","meta":{"_acf_changed":false},"product_cat":[12128,11667,12099],"product_tag":[],"class_list":{"0":"post-55853","1":"product","2":"type-product","3":"status-publish","4":"has-post-thumbnail","6":"product_cat-grillpfannen","7":"product_cat-padelle-pentole","8":"product_cat-toepfe-pfannen","10":"first","11":"instock","12":"sale","13":"taxable","14":"shipping-taxable","15":"purchasable","16":"product-type-simple","swatches":"rey-swatches","show_selected":"","stretch_labels":"rey-swatches--stretch-labels"},"acf":[],"yoast_head":"<!-- This site is optimized with the Yoast SEO plugin v25.4 - https:\/\/yoast.com\/wordpress\/plugins\/seo\/ -->\n<title>LE CREUSET Quadratische Grillpfanne aus Gusseisen 26 x 26 cm Shell Pink - dev6 Erresse<\/title>\n<meta name=\"description\" content=\"FETT AUF EIN MINIMUM. MAXIMALER GESCHMACK Unser verglaster Gusseisengrill sorgt f\u00fcr die ideale Luftfeuchtigkeit Ihrer Speisen und sorgt f\u00fcr saftige Aromen\" \/>\n<meta name=\"robots\" content=\"noindex, follow, max-snippet:-1, max-image-preview:large, max-video-preview:-1\" \/>\n<meta property=\"og:locale\" content=\"de_DE\" \/>\n<meta property=\"og:type\" content=\"article\" \/>\n<meta property=\"og:title\" content=\"LE CREUSET Quadratische Grillpfanne aus Gusseisen 26 x 26 cm Shell Pink - dev6 Erresse\" \/>\n<meta property=\"og:description\" content=\"FETT AUF EIN MINIMUM. MAXIMALER GESCHMACK Unser verglaster Gusseisengrill sorgt f\u00fcr die ideale Luftfeuchtigkeit Ihrer Speisen und sorgt f\u00fcr saftige Aromen\" \/>\n<meta property=\"og:url\" content=\"https:\/\/dev6.erresse-shop.it\/de\/shop\/toepfe-pfannen\/grillpfannen\/le-creuset-quadratische-grillpfanne-aus-gusseisen-26-x-26-cm-shell-pink\/\" \/>\n<meta property=\"og:site_name\" content=\"dev6 Erresse\" \/>\n<meta property=\"og:image\" content=\"https:\/\/interpim.erresse-shop.it\/Import\/Prodotti\/le-creuset-bistecchiera-skillet-quadrata-evolution-26x26-cm-shell-pink.jpg\" \/><meta property=\"og:image\" content=\"https:\/\/interpim.erresse-shop.it\/Import\/Prodotti\/le-creuset-bistecchiera-skillet-quadrata-evolution-26x26-cm-shell-pink.jpg\" \/>\n\t<meta property=\"og:image:width\" content=\"1024\" \/>\n\t<meta property=\"og:image:height\" content=\"1024\" \/>\n\t<meta property=\"og:image:type\" content=\"image\/jpeg\" \/>\n<meta name=\"twitter:card\" content=\"summary_large_image\" \/>\n<meta name=\"twitter:image\" content=\"https:\/\/interpim.erresse-shop.it\/Import\/Prodotti\/le-creuset-bistecchiera-skillet-quadrata-evolution-26x26-cm-shell-pink.jpg\" \/>\n<script type=\"application\/ld+json\" class=\"yoast-schema-graph\">{\"@context\":\"https:\/\/schema.org\",\"@graph\":[{\"@type\":\"WebPage\",\"@id\":\"https:\/\/dev6.erresse-shop.it\/de\/shop\/toepfe-pfannen\/grillpfannen\/le-creuset-quadratische-grillpfanne-aus-gusseisen-26-x-26-cm-shell-pink\/\",\"url\":\"https:\/\/dev6.erresse-shop.it\/de\/shop\/toepfe-pfannen\/grillpfannen\/le-creuset-quadratische-grillpfanne-aus-gusseisen-26-x-26-cm-shell-pink\/\",\"name\":\"LE CREUSET Quadratische Grillpfanne aus Gusseisen 26 x 26 cm Shell Pink - dev6 Erresse\",\"isPartOf\":{\"@id\":\"https:\/\/dev6.erresse-shop.it\/#website\"},\"primaryImageOfPage\":{\"@id\":\"https:\/\/dev6.erresse-shop.it\/de\/shop\/toepfe-pfannen\/grillpfannen\/le-creuset-quadratische-grillpfanne-aus-gusseisen-26-x-26-cm-shell-pink\/#primaryimage\"},\"image\":{\"@id\":\"https:\/\/dev6.erresse-shop.it\/de\/shop\/toepfe-pfannen\/grillpfannen\/le-creuset-quadratische-grillpfanne-aus-gusseisen-26-x-26-cm-shell-pink\/#primaryimage\"},\"thumbnailUrl\":\"https:\/\/i2.wp.com\/interpim.erresse-shop.it\/Import\/Prodotti\/le-creuset-bistecchiera-skillet-quadrata-evolution-26x26-cm-shell-pink.jpg?ssl=1\",\"datePublished\":\"2026-04-12T09:40:15+00:00\",\"description\":\"FETT AUF EIN MINIMUM. MAXIMALER GESCHMACK Unser verglaster Gusseisengrill sorgt f\u00fcr die ideale Luftfeuchtigkeit Ihrer Speisen und sorgt f\u00fcr saftige Aromen\",\"breadcrumb\":{\"@id\":\"https:\/\/dev6.erresse-shop.it\/de\/shop\/toepfe-pfannen\/grillpfannen\/le-creuset-quadratische-grillpfanne-aus-gusseisen-26-x-26-cm-shell-pink\/#breadcrumb\"},\"inLanguage\":\"de\",\"potentialAction\":[{\"@type\":\"ReadAction\",\"target\":[\"https:\/\/dev6.erresse-shop.it\/de\/shop\/toepfe-pfannen\/grillpfannen\/le-creuset-quadratische-grillpfanne-aus-gusseisen-26-x-26-cm-shell-pink\/\"]}]},{\"@type\":\"ImageObject\",\"inLanguage\":\"de\",\"@id\":\"https:\/\/dev6.erresse-shop.it\/de\/shop\/toepfe-pfannen\/grillpfannen\/le-creuset-quadratische-grillpfanne-aus-gusseisen-26-x-26-cm-shell-pink\/#primaryimage\",\"url\":\"https:\/\/i2.wp.com\/interpim.erresse-shop.it\/Import\/Prodotti\/le-creuset-bistecchiera-skillet-quadrata-evolution-26x26-cm-shell-pink.jpg?ssl=1\",\"contentUrl\":\"https:\/\/i2.wp.com\/interpim.erresse-shop.it\/Import\/Prodotti\/le-creuset-bistecchiera-skillet-quadrata-evolution-26x26-cm-shell-pink.jpg?ssl=1\"},{\"@type\":\"BreadcrumbList\",\"@id\":\"https:\/\/dev6.erresse-shop.it\/de\/shop\/toepfe-pfannen\/grillpfannen\/le-creuset-quadratische-grillpfanne-aus-gusseisen-26-x-26-cm-shell-pink\/#breadcrumb\",\"itemListElement\":[{\"@type\":\"ListItem\",\"position\":1,\"name\":\"Home\",\"item\":\"https:\/\/dev6.erresse-shop.it\/\"},{\"@type\":\"ListItem\",\"position\":2,\"name\":\"Shop\",\"item\":\"https:\/\/dev6.erresse-shop.it\/shop\/\"},{\"@type\":\"ListItem\",\"position\":3,\"name\":\"LE CREUSET Quadratische Grillpfanne aus Gusseisen 26 x 26 cm Shell Pink\"}]},{\"@type\":\"WebSite\",\"@id\":\"https:\/\/dev6.erresse-shop.it\/#website\",\"url\":\"https:\/\/dev6.erresse-shop.it\/\",\"name\":\"Erresse Shop\",\"description\":\"\",\"publisher\":{\"@id\":\"https:\/\/dev6.erresse-shop.it\/#organization\"},\"potentialAction\":[{\"@type\":\"SearchAction\",\"target\":{\"@type\":\"EntryPoint\",\"urlTemplate\":\"https:\/\/dev6.erresse-shop.it\/?s={search_term_string}\"},\"query-input\":{\"@type\":\"PropertyValueSpecification\",\"valueRequired\":true,\"valueName\":\"search_term_string\"}}],\"inLanguage\":\"de\"},{\"@type\":\"Organization\",\"@id\":\"https:\/\/dev6.erresse-shop.it\/#organization\",\"name\":\"Erresse Shop\",\"url\":\"https:\/\/dev6.erresse-shop.it\/\",\"logo\":{\"@type\":\"ImageObject\",\"inLanguage\":\"de\",\"@id\":\"https:\/\/dev6.erresse-shop.it\/#\/schema\/logo\/image\/\",\"url\":\"https:\/\/dev6.erresse-shop.it\/wp-content\/uploads\/2025\/01\/LOGO-ERRESSE-CLASSICO.svg\",\"contentUrl\":\"https:\/\/dev6.erresse-shop.it\/wp-content\/uploads\/2025\/01\/LOGO-ERRESSE-CLASSICO.svg\",\"caption\":\"Erresse Shop\"},\"image\":{\"@id\":\"https:\/\/dev6.erresse-shop.it\/#\/schema\/logo\/image\/\"}}]}<\/script>\n<!-- \/ Yoast SEO plugin. -->","yoast_head_json":{"title":"LE CREUSET Quadratische Grillpfanne aus Gusseisen 26 x 26 cm Shell Pink - dev6 Erresse","description":"FETT AUF EIN MINIMUM. MAXIMALER GESCHMACK Unser verglaster Gusseisengrill sorgt f\u00fcr die ideale Luftfeuchtigkeit Ihrer Speisen und sorgt f\u00fcr saftige Aromen","robots":{"index":"noindex","follow":"follow","max-snippet":"max-snippet:-1","max-image-preview":"max-image-preview:large","max-video-preview":"max-video-preview:-1"},"og_locale":"de_DE","og_type":"article","og_title":"LE CREUSET Quadratische Grillpfanne aus Gusseisen 26 x 26 cm Shell Pink - dev6 Erresse","og_description":"FETT AUF EIN MINIMUM. MAXIMALER GESCHMACK Unser verglaster Gusseisengrill sorgt f\u00fcr die ideale Luftfeuchtigkeit Ihrer Speisen und sorgt f\u00fcr saftige Aromen","og_url":"https:\/\/dev6.erresse-shop.it\/de\/shop\/toepfe-pfannen\/grillpfannen\/le-creuset-quadratische-grillpfanne-aus-gusseisen-26-x-26-cm-shell-pink\/","og_site_name":"dev6 Erresse","og_image":[{"url":"https:\/\/interpim.erresse-shop.it\/Import\/Prodotti\/le-creuset-bistecchiera-skillet-quadrata-evolution-26x26-cm-shell-pink.jpg","type":"","width":"","height":""},{"url":"https:\/\/interpim.erresse-shop.it\/Import\/Prodotti\/le-creuset-bistecchiera-skillet-quadrata-evolution-26x26-cm-shell-pink.jpg","width":1024,"height":1024,"type":"image\/jpeg"}],"twitter_card":"summary_large_image","twitter_image":"https:\/\/interpim.erresse-shop.it\/Import\/Prodotti\/le-creuset-bistecchiera-skillet-quadrata-evolution-26x26-cm-shell-pink.jpg","schema":{"@context":"https:\/\/schema.org","@graph":[{"@type":"WebPage","@id":"https:\/\/dev6.erresse-shop.it\/de\/shop\/toepfe-pfannen\/grillpfannen\/le-creuset-quadratische-grillpfanne-aus-gusseisen-26-x-26-cm-shell-pink\/","url":"https:\/\/dev6.erresse-shop.it\/de\/shop\/toepfe-pfannen\/grillpfannen\/le-creuset-quadratische-grillpfanne-aus-gusseisen-26-x-26-cm-shell-pink\/","name":"LE CREUSET Quadratische Grillpfanne aus Gusseisen 26 x 26 cm Shell Pink - dev6 Erresse","isPartOf":{"@id":"https:\/\/dev6.erresse-shop.it\/#website"},"primaryImageOfPage":{"@id":"https:\/\/dev6.erresse-shop.it\/de\/shop\/toepfe-pfannen\/grillpfannen\/le-creuset-quadratische-grillpfanne-aus-gusseisen-26-x-26-cm-shell-pink\/#primaryimage"},"image":{"@id":"https:\/\/dev6.erresse-shop.it\/de\/shop\/toepfe-pfannen\/grillpfannen\/le-creuset-quadratische-grillpfanne-aus-gusseisen-26-x-26-cm-shell-pink\/#primaryimage"},"thumbnailUrl":"https:\/\/i2.wp.com\/interpim.erresse-shop.it\/Import\/Prodotti\/le-creuset-bistecchiera-skillet-quadrata-evolution-26x26-cm-shell-pink.jpg?ssl=1","datePublished":"2026-04-12T09:40:15+00:00","description":"FETT AUF EIN MINIMUM. MAXIMALER GESCHMACK Unser verglaster Gusseisengrill sorgt f\u00fcr die ideale Luftfeuchtigkeit Ihrer Speisen und sorgt f\u00fcr saftige Aromen","breadcrumb":{"@id":"https:\/\/dev6.erresse-shop.it\/de\/shop\/toepfe-pfannen\/grillpfannen\/le-creuset-quadratische-grillpfanne-aus-gusseisen-26-x-26-cm-shell-pink\/#breadcrumb"},"inLanguage":"de","potentialAction":[{"@type":"ReadAction","target":["https:\/\/dev6.erresse-shop.it\/de\/shop\/toepfe-pfannen\/grillpfannen\/le-creuset-quadratische-grillpfanne-aus-gusseisen-26-x-26-cm-shell-pink\/"]}]},{"@type":"ImageObject","inLanguage":"de","@id":"https:\/\/dev6.erresse-shop.it\/de\/shop\/toepfe-pfannen\/grillpfannen\/le-creuset-quadratische-grillpfanne-aus-gusseisen-26-x-26-cm-shell-pink\/#primaryimage","url":"https:\/\/i2.wp.com\/interpim.erresse-shop.it\/Import\/Prodotti\/le-creuset-bistecchiera-skillet-quadrata-evolution-26x26-cm-shell-pink.jpg?ssl=1","contentUrl":"https:\/\/i2.wp.com\/interpim.erresse-shop.it\/Import\/Prodotti\/le-creuset-bistecchiera-skillet-quadrata-evolution-26x26-cm-shell-pink.jpg?ssl=1"},{"@type":"BreadcrumbList","@id":"https:\/\/dev6.erresse-shop.it\/de\/shop\/toepfe-pfannen\/grillpfannen\/le-creuset-quadratische-grillpfanne-aus-gusseisen-26-x-26-cm-shell-pink\/#breadcrumb","itemListElement":[{"@type":"ListItem","position":1,"name":"Home","item":"https:\/\/dev6.erresse-shop.it\/"},{"@type":"ListItem","position":2,"name":"Shop","item":"https:\/\/dev6.erresse-shop.it\/shop\/"},{"@type":"ListItem","position":3,"name":"LE CREUSET Quadratische Grillpfanne aus Gusseisen 26 x 26 cm Shell Pink"}]},{"@type":"WebSite","@id":"https:\/\/dev6.erresse-shop.it\/#website","url":"https:\/\/dev6.erresse-shop.it\/","name":"Erresse Shop","description":"","publisher":{"@id":"https:\/\/dev6.erresse-shop.it\/#organization"},"potentialAction":[{"@type":"SearchAction","target":{"@type":"EntryPoint","urlTemplate":"https:\/\/dev6.erresse-shop.it\/?s={search_term_string}"},"query-input":{"@type":"PropertyValueSpecification","valueRequired":true,"valueName":"search_term_string"}}],"inLanguage":"de"},{"@type":"Organization","@id":"https:\/\/dev6.erresse-shop.it\/#organization","name":"Erresse Shop","url":"https:\/\/dev6.erresse-shop.it\/","logo":{"@type":"ImageObject","inLanguage":"de","@id":"https:\/\/dev6.erresse-shop.it\/#\/schema\/logo\/image\/","url":"https:\/\/dev6.erresse-shop.it\/wp-content\/uploads\/2025\/01\/LOGO-ERRESSE-CLASSICO.svg","contentUrl":"https:\/\/dev6.erresse-shop.it\/wp-content\/uploads\/2025\/01\/LOGO-ERRESSE-CLASSICO.svg","caption":"Erresse Shop"},"image":{"@id":"https:\/\/dev6.erresse-shop.it\/#\/schema\/logo\/image\/"}}]}},"df_price":149.95,"df_sale_price":149.95,"df_regular_price":179,"df_image_link":"https:\/\/i2.wp.com\/interpim.erresse-shop.it\/Import\/Prodotti\/le-creuset-bistecchiera-skillet-quadrata-evolution-26x26-cm-shell-pink.jpg?resize=300,300&ssl=1","fifu_image_url":"https:\/\/interpim.erresse-shop.it\/Import\/Prodotti\/le-creuset-bistecchiera-skillet-quadrata-evolution-26x26-cm-shell-pink.jpg","_links":{"self":[{"href":"https:\/\/dev6.erresse-shop.it\/de\/wp-json\/wp\/v2\/product\/55853","targetHints":{"allow":["GET"]}}],"collection":[{"href":"https:\/\/dev6.erresse-shop.it\/de\/wp-json\/wp\/v2\/product"}],"about":[{"href":"https:\/\/dev6.erresse-shop.it\/de\/wp-json\/wp\/v2\/types\/product"}],"wp:featuredmedia":[{"embeddable":true,"href":"https:\/\/dev6.erresse-shop.it\/de\/wp-json\/wp\/v2\/media\/6369622"}],"wp:attachment":[{"href":"https:\/\/dev6.erresse-shop.it\/de\/wp-json\/wp\/v2\/media?parent=55853"}],"wp:term":[{"taxonomy":"product_cat","embeddable":true,"href":"https:\/\/dev6.erresse-shop.it\/de\/wp-json\/wp\/v2\/product_cat?post=55853"},{"taxonomy":"product_tag","embeddable":true,"href":"https:\/\/dev6.erresse-shop.it\/de\/wp-json\/wp\/v2\/product_tag?post=55853"}],"curies":[{"name":"wp","href":"https:\/\/api.w.org\/{rel}","templated":true}]}}