{"id":55847,"date":"2026-04-12T11:40:15","date_gmt":"2026-04-12T09:40:15","guid":{"rendered":"https:\/\/dev6.erresse-shop.it\/shop\/unkategorisiert\/boska-elektrisches-fondue-set-pro-12-teilig\/"},"modified":"2025-11-22T17:52:15","modified_gmt":"2025-11-22T16:52:15","slug":"boska-elektrisches-fondue-set-pro-12-teilig","status":"publish","type":"product","link":"https:\/\/dev6.erresse-shop.it\/de\/shop\/kuche\/boska-elektrisches-fondue-set-pro-12-teilig\/","title":{"rendered":"BOSKA Elektrisches Fondue-Set Pro 12-teilig"},"content":{"rendered":"<p>Mit diesem eleganten und langlebigen Fondue-Set (220 V) haben Sie das ideale Set f\u00fcr alle Arten von Fondue (Schokolade, K\u00e4se, Br\u00fche oder Bourguignonne). Au\u00dferdem brauchen Sie keinen Herd, der Topf heizt sich selbst auf. Der elektrische Fonduetopf aus Gusseisen mit Antihaft-Emaille-Beschichtung hat ein Fassungsverm\u00f6gen von 2,15 Litern. Dank des Rechauds mit praktischer Temperaturregelung finden Sie immer die ideale Temperatur f\u00fcr Ihren Fondueabend. Das Ger\u00e4t h\u00e4lt die gew\u00e4hlte Temperatur und garantiert stundenlanges, unbeschwertes Vergn\u00fcgen. Ebenfalls im Lieferumfang enthalten sind 8 Fonduegabeln aus Edelstahl mit Eichenholzgriffen, 1 Spritzschutz und eine Unterlage aus Eichenholz.<\/p>\n<p>Technische Daten<\/p>\n<p>Farbe: Schwarz<br \/>\nMaterial: Gusseisen, Eiche<br \/>\nAbmessungen des Produkts: \u00d840\u00d728,5 cm<\/p>\n","protected":false},"excerpt":{"rendered":"<p>Mit diesem eleganten und langlebigen Fondue-Set (220 V) haben Sie das ideale Set f\u00fcr alle Arten von Fondue (Schokolade, K\u00e4se, Br\u00fche oder Bourguignonne). Au\u00dferdem brauchen Sie keinen Herd, der Topf heizt sich selbst auf. Der elektrische Fonduetopf aus Gusseisen mit Antihaft-Emaille-Beschichtung hat ein Fassungsverm\u00f6gen von 2,15 Litern. Dank des Rechauds mit praktischer Temperaturregelung finden Sie [&hellip;]<\/p>\n","protected":false},"featured_media":6369590,"template":"","meta":{"_acf_changed":false},"product_cat":[12100],"product_tag":[],"class_list":{"0":"post-55847","1":"product","2":"type-product","3":"status-publish","4":"has-post-thumbnail","6":"product_cat-kuche","8":"first","9":"instock","10":"sale","11":"taxable","12":"shipping-taxable","13":"purchasable","14":"product-type-simple","swatches":"rey-swatches","show_selected":"","stretch_labels":"rey-swatches--stretch-labels"},"acf":[],"yoast_head":"<!-- This site is optimized with the Yoast SEO plugin v25.4 - https:\/\/yoast.com\/wordpress\/plugins\/seo\/ -->\n<title>BOSKA Elektrisches Fondue-Set Pro 12-teilig - dev6 Erresse<\/title>\n<meta name=\"description\" content=\"Mit diesem eleganten und langlebigen Fondue-Set (220 V) haben Sie das ideale Set f\u00fcr alle Arten von Fondue (Schokolade, K\u00e4se, Br\u00fche oder Bourguignonne).\" \/>\n<meta name=\"robots\" content=\"noindex, follow, max-snippet:-1, max-image-preview:large, max-video-preview:-1\" \/>\n<meta property=\"og:locale\" content=\"de_DE\" \/>\n<meta property=\"og:type\" content=\"article\" \/>\n<meta property=\"og:title\" content=\"BOSKA Elektrisches Fondue-Set Pro 12-teilig - dev6 Erresse\" \/>\n<meta property=\"og:description\" content=\"Mit diesem eleganten und langlebigen Fondue-Set (220 V) haben Sie das ideale Set f\u00fcr alle Arten von Fondue (Schokolade, K\u00e4se, Br\u00fche oder Bourguignonne).\" \/>\n<meta property=\"og:url\" content=\"https:\/\/dev6.erresse-shop.it\/de\/shop\/kuche\/boska-elektrisches-fondue-set-pro-12-teilig\/\" \/>\n<meta property=\"og:site_name\" content=\"dev6 Erresse\" \/>\n<meta property=\"og:image\" content=\"https:\/\/interpim.erresse-shop.it\/Import\/Prodotti\/boska-set-fonduta-elettrico-pro-12-pezzi.jpg\" \/><meta property=\"og:image\" content=\"https:\/\/interpim.erresse-shop.it\/Import\/Prodotti\/boska-set-fonduta-elettrico-pro-12-pezzi.jpg\" \/>\n\t<meta property=\"og:image:width\" content=\"1024\" \/>\n\t<meta property=\"og:image:height\" content=\"1024\" \/>\n\t<meta property=\"og:image:type\" content=\"image\/jpeg\" \/>\n<meta name=\"twitter:card\" content=\"summary_large_image\" \/>\n<meta name=\"twitter:image\" content=\"https:\/\/interpim.erresse-shop.it\/Import\/Prodotti\/boska-set-fonduta-elettrico-pro-12-pezzi.jpg\" \/>\n<script type=\"application\/ld+json\" class=\"yoast-schema-graph\">{\"@context\":\"https:\/\/schema.org\",\"@graph\":[{\"@type\":\"WebPage\",\"@id\":\"https:\/\/dev6.erresse-shop.it\/de\/shop\/kuche\/boska-elektrisches-fondue-set-pro-12-teilig\/\",\"url\":\"https:\/\/dev6.erresse-shop.it\/de\/shop\/kuche\/boska-elektrisches-fondue-set-pro-12-teilig\/\",\"name\":\"BOSKA Elektrisches Fondue-Set Pro 12-teilig - dev6 Erresse\",\"isPartOf\":{\"@id\":\"https:\/\/dev6.erresse-shop.it\/#website\"},\"primaryImageOfPage\":{\"@id\":\"https:\/\/dev6.erresse-shop.it\/de\/shop\/kuche\/boska-elektrisches-fondue-set-pro-12-teilig\/#primaryimage\"},\"image\":{\"@id\":\"https:\/\/dev6.erresse-shop.it\/de\/shop\/kuche\/boska-elektrisches-fondue-set-pro-12-teilig\/#primaryimage\"},\"thumbnailUrl\":\"https:\/\/i1.wp.com\/interpim.erresse-shop.it\/Import\/Prodotti\/boska-set-fonduta-elettrico-pro-12-pezzi.jpg?ssl=1\",\"datePublished\":\"2026-04-12T09:40:15+00:00\",\"description\":\"Mit diesem eleganten und langlebigen Fondue-Set (220 V) haben Sie das ideale Set f\u00fcr alle Arten von Fondue (Schokolade, K\u00e4se, Br\u00fche oder Bourguignonne).\",\"breadcrumb\":{\"@id\":\"https:\/\/dev6.erresse-shop.it\/de\/shop\/kuche\/boska-elektrisches-fondue-set-pro-12-teilig\/#breadcrumb\"},\"inLanguage\":\"de\",\"potentialAction\":[{\"@type\":\"ReadAction\",\"target\":[\"https:\/\/dev6.erresse-shop.it\/de\/shop\/kuche\/boska-elektrisches-fondue-set-pro-12-teilig\/\"]}]},{\"@type\":\"ImageObject\",\"inLanguage\":\"de\",\"@id\":\"https:\/\/dev6.erresse-shop.it\/de\/shop\/kuche\/boska-elektrisches-fondue-set-pro-12-teilig\/#primaryimage\",\"url\":\"https:\/\/i1.wp.com\/interpim.erresse-shop.it\/Import\/Prodotti\/boska-set-fonduta-elettrico-pro-12-pezzi.jpg?ssl=1\",\"contentUrl\":\"https:\/\/i1.wp.com\/interpim.erresse-shop.it\/Import\/Prodotti\/boska-set-fonduta-elettrico-pro-12-pezzi.jpg?ssl=1\"},{\"@type\":\"BreadcrumbList\",\"@id\":\"https:\/\/dev6.erresse-shop.it\/de\/shop\/kuche\/boska-elektrisches-fondue-set-pro-12-teilig\/#breadcrumb\",\"itemListElement\":[{\"@type\":\"ListItem\",\"position\":1,\"name\":\"Home\",\"item\":\"https:\/\/dev6.erresse-shop.it\/\"},{\"@type\":\"ListItem\",\"position\":2,\"name\":\"Shop\",\"item\":\"https:\/\/dev6.erresse-shop.it\/shop\/\"},{\"@type\":\"ListItem\",\"position\":3,\"name\":\"BOSKA Elektrisches Fondue-Set Pro 12-teilig\"}]},{\"@type\":\"WebSite\",\"@id\":\"https:\/\/dev6.erresse-shop.it\/#website\",\"url\":\"https:\/\/dev6.erresse-shop.it\/\",\"name\":\"Erresse Shop\",\"description\":\"\",\"publisher\":{\"@id\":\"https:\/\/dev6.erresse-shop.it\/#organization\"},\"potentialAction\":[{\"@type\":\"SearchAction\",\"target\":{\"@type\":\"EntryPoint\",\"urlTemplate\":\"https:\/\/dev6.erresse-shop.it\/?s={search_term_string}\"},\"query-input\":{\"@type\":\"PropertyValueSpecification\",\"valueRequired\":true,\"valueName\":\"search_term_string\"}}],\"inLanguage\":\"de\"},{\"@type\":\"Organization\",\"@id\":\"https:\/\/dev6.erresse-shop.it\/#organization\",\"name\":\"Erresse Shop\",\"url\":\"https:\/\/dev6.erresse-shop.it\/\",\"logo\":{\"@type\":\"ImageObject\",\"inLanguage\":\"de\",\"@id\":\"https:\/\/dev6.erresse-shop.it\/#\/schema\/logo\/image\/\",\"url\":\"https:\/\/dev6.erresse-shop.it\/wp-content\/uploads\/2025\/01\/LOGO-ERRESSE-CLASSICO.svg\",\"contentUrl\":\"https:\/\/dev6.erresse-shop.it\/wp-content\/uploads\/2025\/01\/LOGO-ERRESSE-CLASSICO.svg\",\"caption\":\"Erresse Shop\"},\"image\":{\"@id\":\"https:\/\/dev6.erresse-shop.it\/#\/schema\/logo\/image\/\"}}]}<\/script>\n<!-- \/ Yoast SEO plugin. -->","yoast_head_json":{"title":"BOSKA Elektrisches Fondue-Set Pro 12-teilig - dev6 Erresse","description":"Mit diesem eleganten und langlebigen Fondue-Set (220 V) haben Sie das ideale Set f\u00fcr alle Arten von Fondue (Schokolade, K\u00e4se, Br\u00fche oder Bourguignonne).","robots":{"index":"noindex","follow":"follow","max-snippet":"max-snippet:-1","max-image-preview":"max-image-preview:large","max-video-preview":"max-video-preview:-1"},"og_locale":"de_DE","og_type":"article","og_title":"BOSKA Elektrisches Fondue-Set Pro 12-teilig - dev6 Erresse","og_description":"Mit diesem eleganten und langlebigen Fondue-Set (220 V) haben Sie das ideale Set f\u00fcr alle Arten von Fondue (Schokolade, K\u00e4se, Br\u00fche oder Bourguignonne).","og_url":"https:\/\/dev6.erresse-shop.it\/de\/shop\/kuche\/boska-elektrisches-fondue-set-pro-12-teilig\/","og_site_name":"dev6 Erresse","og_image":[{"url":"https:\/\/interpim.erresse-shop.it\/Import\/Prodotti\/boska-set-fonduta-elettrico-pro-12-pezzi.jpg","type":"","width":"","height":""},{"url":"https:\/\/interpim.erresse-shop.it\/Import\/Prodotti\/boska-set-fonduta-elettrico-pro-12-pezzi.jpg","width":1024,"height":1024,"type":"image\/jpeg"}],"twitter_card":"summary_large_image","twitter_image":"https:\/\/interpim.erresse-shop.it\/Import\/Prodotti\/boska-set-fonduta-elettrico-pro-12-pezzi.jpg","schema":{"@context":"https:\/\/schema.org","@graph":[{"@type":"WebPage","@id":"https:\/\/dev6.erresse-shop.it\/de\/shop\/kuche\/boska-elektrisches-fondue-set-pro-12-teilig\/","url":"https:\/\/dev6.erresse-shop.it\/de\/shop\/kuche\/boska-elektrisches-fondue-set-pro-12-teilig\/","name":"BOSKA Elektrisches Fondue-Set Pro 12-teilig - dev6 Erresse","isPartOf":{"@id":"https:\/\/dev6.erresse-shop.it\/#website"},"primaryImageOfPage":{"@id":"https:\/\/dev6.erresse-shop.it\/de\/shop\/kuche\/boska-elektrisches-fondue-set-pro-12-teilig\/#primaryimage"},"image":{"@id":"https:\/\/dev6.erresse-shop.it\/de\/shop\/kuche\/boska-elektrisches-fondue-set-pro-12-teilig\/#primaryimage"},"thumbnailUrl":"https:\/\/i1.wp.com\/interpim.erresse-shop.it\/Import\/Prodotti\/boska-set-fonduta-elettrico-pro-12-pezzi.jpg?ssl=1","datePublished":"2026-04-12T09:40:15+00:00","description":"Mit diesem eleganten und langlebigen Fondue-Set (220 V) haben Sie das ideale Set f\u00fcr alle Arten von Fondue (Schokolade, K\u00e4se, Br\u00fche oder Bourguignonne).","breadcrumb":{"@id":"https:\/\/dev6.erresse-shop.it\/de\/shop\/kuche\/boska-elektrisches-fondue-set-pro-12-teilig\/#breadcrumb"},"inLanguage":"de","potentialAction":[{"@type":"ReadAction","target":["https:\/\/dev6.erresse-shop.it\/de\/shop\/kuche\/boska-elektrisches-fondue-set-pro-12-teilig\/"]}]},{"@type":"ImageObject","inLanguage":"de","@id":"https:\/\/dev6.erresse-shop.it\/de\/shop\/kuche\/boska-elektrisches-fondue-set-pro-12-teilig\/#primaryimage","url":"https:\/\/i1.wp.com\/interpim.erresse-shop.it\/Import\/Prodotti\/boska-set-fonduta-elettrico-pro-12-pezzi.jpg?ssl=1","contentUrl":"https:\/\/i1.wp.com\/interpim.erresse-shop.it\/Import\/Prodotti\/boska-set-fonduta-elettrico-pro-12-pezzi.jpg?ssl=1"},{"@type":"BreadcrumbList","@id":"https:\/\/dev6.erresse-shop.it\/de\/shop\/kuche\/boska-elektrisches-fondue-set-pro-12-teilig\/#breadcrumb","itemListElement":[{"@type":"ListItem","position":1,"name":"Home","item":"https:\/\/dev6.erresse-shop.it\/"},{"@type":"ListItem","position":2,"name":"Shop","item":"https:\/\/dev6.erresse-shop.it\/shop\/"},{"@type":"ListItem","position":3,"name":"BOSKA Elektrisches Fondue-Set Pro 12-teilig"}]},{"@type":"WebSite","@id":"https:\/\/dev6.erresse-shop.it\/#website","url":"https:\/\/dev6.erresse-shop.it\/","name":"Erresse Shop","description":"","publisher":{"@id":"https:\/\/dev6.erresse-shop.it\/#organization"},"potentialAction":[{"@type":"SearchAction","target":{"@type":"EntryPoint","urlTemplate":"https:\/\/dev6.erresse-shop.it\/?s={search_term_string}"},"query-input":{"@type":"PropertyValueSpecification","valueRequired":true,"valueName":"search_term_string"}}],"inLanguage":"de"},{"@type":"Organization","@id":"https:\/\/dev6.erresse-shop.it\/#organization","name":"Erresse Shop","url":"https:\/\/dev6.erresse-shop.it\/","logo":{"@type":"ImageObject","inLanguage":"de","@id":"https:\/\/dev6.erresse-shop.it\/#\/schema\/logo\/image\/","url":"https:\/\/dev6.erresse-shop.it\/wp-content\/uploads\/2025\/01\/LOGO-ERRESSE-CLASSICO.svg","contentUrl":"https:\/\/dev6.erresse-shop.it\/wp-content\/uploads\/2025\/01\/LOGO-ERRESSE-CLASSICO.svg","caption":"Erresse Shop"},"image":{"@id":"https:\/\/dev6.erresse-shop.it\/#\/schema\/logo\/image\/"}}]}},"df_price":179,"df_sale_price":179,"df_regular_price":219,"df_image_link":"https:\/\/i1.wp.com\/interpim.erresse-shop.it\/Import\/Prodotti\/boska-set-fonduta-elettrico-pro-12-pezzi.jpg?resize=300,300&ssl=1","fifu_image_url":"https:\/\/interpim.erresse-shop.it\/Import\/Prodotti\/boska-set-fonduta-elettrico-pro-12-pezzi.jpg","_links":{"self":[{"href":"https:\/\/dev6.erresse-shop.it\/de\/wp-json\/wp\/v2\/product\/55847","targetHints":{"allow":["GET"]}}],"collection":[{"href":"https:\/\/dev6.erresse-shop.it\/de\/wp-json\/wp\/v2\/product"}],"about":[{"href":"https:\/\/dev6.erresse-shop.it\/de\/wp-json\/wp\/v2\/types\/product"}],"wp:featuredmedia":[{"embeddable":true,"href":"https:\/\/dev6.erresse-shop.it\/de\/wp-json\/wp\/v2\/media\/6369590"}],"wp:attachment":[{"href":"https:\/\/dev6.erresse-shop.it\/de\/wp-json\/wp\/v2\/media?parent=55847"}],"wp:term":[{"taxonomy":"product_cat","embeddable":true,"href":"https:\/\/dev6.erresse-shop.it\/de\/wp-json\/wp\/v2\/product_cat?post=55847"},{"taxonomy":"product_tag","embeddable":true,"href":"https:\/\/dev6.erresse-shop.it\/de\/wp-json\/wp\/v2\/product_tag?post=55847"}],"curies":[{"name":"wp","href":"https:\/\/api.w.org\/{rel}","templated":true}]}}