{"id":55821,"date":"2026-04-12T11:38:01","date_gmt":"2026-04-12T09:38:01","guid":{"rendered":"https:\/\/dev6.erresse-shop.it\/shop\/unkategorisiert\/joseph-joseph-space-antihaft-kasserolle-mit-deckel-und-klappbarem-griff-28-cm-blau\/"},"modified":"2025-12-08T17:47:55","modified_gmt":"2025-12-08T16:47:55","slug":"joseph-joseph-space-antihaft-kasserolle-mit-deckel-und-klappbarem-griff-28-cm-blau","status":"publish","type":"product","link":"https:\/\/dev6.erresse-shop.it\/de\/shop\/toepfe-pfannen\/toepfe-und-kochtoepfen\/joseph-joseph-space-antihaft-kasserolle-mit-deckel-und-klappbarem-griff-28-cm-blau\/","title":{"rendered":"JOSEPH JOSEPH Space Antihaft-Kasserolle mit Deckel und klappbarem Griff 28 cm Blau"},"content":{"rendered":"<p>Kochgeschirr ist nicht gleich Kochgeschirr. Wir stellen Space vor, unsere revolution\u00e4re Serie von Kochgeschirr in Profi-Qualit\u00e4t, das in der Premiumfarbe Mitternachtsblau gehalten ist.<\/p>\n<p>Die klappbaren Griffe aus Edelstahl sparen Platz.<br \/>\nDickes Aluminiumgeh\u00e4use in Profiqualit\u00e4t, backofenfest bis 232\u00baC\/450\u00baF.<br \/>\nUngiftige Keramik-Antihaftbeschichtung, frei von PTFE, PFAS, PFOA, Blei und Cadmium.<br \/>\nGeeignet f\u00fcr alle Herdarten, einschlie\u00dflich Induktion.<br \/>\nMit einem Deckel aus geh\u00e4rtetem Glas und einem Klappgriff aus Edelstahl.<br \/>\nNiedrige Kasserolle (28 cm) mit Deckel, ideal f\u00fcr Eintopfgerichte, langsames Kochen und Schmoren.<\/p>\n<p>Pflege und Gebrauch:<\/p>\n<p>Sp\u00fclmaschinenfest, aber Handw\u00e4sche wird empfohlen, um die Leistung zu verl\u00e4ngern.<br \/>\nDer Topf kann im Backofen bei bis zu 232\u02daC (450\u02daF), Gas Mark 8, verwendet werden.<br \/>\nDeckel geeignet f\u00fcr Backofen bis 200\u02daC (392\u02daF), Gas Mark 6<\/p>\n<p>Abmessungen:<\/p>\n<p>Vollst\u00e4ndig ausgeklappt (mit Deckel): H14,8 x B41,1 x T29 cm (H5,79 x B16,2 x T11,4 Zoll)<\/p>\n<p>Vollst\u00e4ndig zusammengeklappt (ohne Deckel): H10,7 x B31,6 x T29 cm (H4,2 x L12,4 x T11,4 Zoll)<\/p>\n","protected":false},"excerpt":{"rendered":"<p>Kochgeschirr ist nicht gleich Kochgeschirr. Wir stellen Space vor, unsere revolution\u00e4re Serie von Kochgeschirr in Profi-Qualit\u00e4t, das in der Premiumfarbe Mitternachtsblau gehalten ist. Die klappbaren Griffe aus Edelstahl sparen Platz. Dickes Aluminiumgeh\u00e4use in Profiqualit\u00e4t, backofenfest bis 232\u00baC\/450\u00baF. Ungiftige Keramik-Antihaftbeschichtung, frei von PTFE, PFAS, PFOA, Blei und Cadmium. Geeignet f\u00fcr alle Herdarten, einschlie\u00dflich Induktion. Mit einem [&hellip;]<\/p>\n","protected":false},"featured_media":6369551,"template":"","meta":{"_acf_changed":false},"product_cat":[11668,12100,12109],"product_tag":[],"class_list":{"0":"post-55821","1":"product","2":"type-product","3":"status-publish","4":"has-post-thumbnail","6":"product_cat-cucina","7":"product_cat-kuche","8":"product_cat-toepfe-und-kochtoepfen","10":"first","11":"instock","12":"sale","13":"taxable","14":"shipping-taxable","15":"purchasable","16":"product-type-simple","swatches":"rey-swatches","show_selected":"","stretch_labels":"rey-swatches--stretch-labels"},"acf":[],"yoast_head":"<!-- This site is optimized with the Yoast SEO plugin v25.4 - https:\/\/yoast.com\/wordpress\/plugins\/seo\/ -->\n<title>JOSEPH JOSEPH Space Antihaft-Kasserolle mit Deckel und klappbarem Griff 28 cm Blau - dev6 Erresse<\/title>\n<meta name=\"description\" content=\"Kochgeschirr ist nicht gleich Kochgeschirr. Wir stellen Space vor, unsere revolution\u00e4re Serie von Kochgeschirr in Profi-Qualit\u00e4t, das in der Premiumfarbe\" \/>\n<meta name=\"robots\" content=\"noindex, follow, max-snippet:-1, max-image-preview:large, max-video-preview:-1\" \/>\n<meta property=\"og:locale\" content=\"de_DE\" \/>\n<meta property=\"og:type\" content=\"article\" \/>\n<meta property=\"og:title\" content=\"JOSEPH JOSEPH Space Antihaft-Kasserolle mit Deckel und klappbarem Griff 28 cm Blau - dev6 Erresse\" \/>\n<meta property=\"og:description\" content=\"Kochgeschirr ist nicht gleich Kochgeschirr. Wir stellen Space vor, unsere revolution\u00e4re Serie von Kochgeschirr in Profi-Qualit\u00e4t, das in der Premiumfarbe\" \/>\n<meta property=\"og:url\" content=\"https:\/\/dev6.erresse-shop.it\/de\/shop\/toepfe-pfannen\/toepfe-und-kochtoepfen\/joseph-joseph-space-antihaft-kasserolle-mit-deckel-und-klappbarem-griff-28-cm-blau\/\" \/>\n<meta property=\"og:site_name\" content=\"dev6 Erresse\" \/>\n<meta property=\"og:image\" content=\"https:\/\/interpim.erresse-shop.it\/Import\/Prodotti\/joseph-joseph-space-casseruola-antiaderente-e-coperchio-con-manico-pieghevole-28-cm-blu.png\" \/><meta property=\"og:image\" content=\"https:\/\/interpim.erresse-shop.it\/Import\/Prodotti\/joseph-joseph-space-casseruola-antiaderente-e-coperchio-con-manico-pieghevole-28-cm-blu.png\" \/>\n\t<meta property=\"og:image:width\" content=\"1024\" \/>\n\t<meta property=\"og:image:height\" content=\"1024\" \/>\n\t<meta property=\"og:image:type\" content=\"image\/jpeg\" \/>\n<meta name=\"twitter:card\" content=\"summary_large_image\" \/>\n<meta name=\"twitter:image\" content=\"https:\/\/interpim.erresse-shop.it\/Import\/Prodotti\/joseph-joseph-space-casseruola-antiaderente-e-coperchio-con-manico-pieghevole-28-cm-blu.png\" \/>\n<script type=\"application\/ld+json\" class=\"yoast-schema-graph\">{\"@context\":\"https:\/\/schema.org\",\"@graph\":[{\"@type\":\"WebPage\",\"@id\":\"https:\/\/dev6.erresse-shop.it\/de\/shop\/toepfe-pfannen\/toepfe-und-kochtoepfen\/joseph-joseph-space-antihaft-kasserolle-mit-deckel-und-klappbarem-griff-28-cm-blau\/\",\"url\":\"https:\/\/dev6.erresse-shop.it\/de\/shop\/toepfe-pfannen\/toepfe-und-kochtoepfen\/joseph-joseph-space-antihaft-kasserolle-mit-deckel-und-klappbarem-griff-28-cm-blau\/\",\"name\":\"JOSEPH JOSEPH Space Antihaft-Kasserolle mit Deckel und klappbarem Griff 28 cm Blau - dev6 Erresse\",\"isPartOf\":{\"@id\":\"https:\/\/dev6.erresse-shop.it\/#website\"},\"primaryImageOfPage\":{\"@id\":\"https:\/\/dev6.erresse-shop.it\/de\/shop\/toepfe-pfannen\/toepfe-und-kochtoepfen\/joseph-joseph-space-antihaft-kasserolle-mit-deckel-und-klappbarem-griff-28-cm-blau\/#primaryimage\"},\"image\":{\"@id\":\"https:\/\/dev6.erresse-shop.it\/de\/shop\/toepfe-pfannen\/toepfe-und-kochtoepfen\/joseph-joseph-space-antihaft-kasserolle-mit-deckel-und-klappbarem-griff-28-cm-blau\/#primaryimage\"},\"thumbnailUrl\":\"https:\/\/i2.wp.com\/interpim.erresse-shop.it\/Import\/Prodotti\/joseph-joseph-space-casseruola-antiaderente-e-coperchio-con-manico-pieghevole-28-cm-blu.png?ssl=1\",\"datePublished\":\"2026-04-12T09:38:01+00:00\",\"description\":\"Kochgeschirr ist nicht gleich Kochgeschirr. Wir stellen Space vor, unsere revolution\u00e4re Serie von Kochgeschirr in Profi-Qualit\u00e4t, das in der Premiumfarbe\",\"breadcrumb\":{\"@id\":\"https:\/\/dev6.erresse-shop.it\/de\/shop\/toepfe-pfannen\/toepfe-und-kochtoepfen\/joseph-joseph-space-antihaft-kasserolle-mit-deckel-und-klappbarem-griff-28-cm-blau\/#breadcrumb\"},\"inLanguage\":\"de\",\"potentialAction\":[{\"@type\":\"ReadAction\",\"target\":[\"https:\/\/dev6.erresse-shop.it\/de\/shop\/toepfe-pfannen\/toepfe-und-kochtoepfen\/joseph-joseph-space-antihaft-kasserolle-mit-deckel-und-klappbarem-griff-28-cm-blau\/\"]}]},{\"@type\":\"ImageObject\",\"inLanguage\":\"de\",\"@id\":\"https:\/\/dev6.erresse-shop.it\/de\/shop\/toepfe-pfannen\/toepfe-und-kochtoepfen\/joseph-joseph-space-antihaft-kasserolle-mit-deckel-und-klappbarem-griff-28-cm-blau\/#primaryimage\",\"url\":\"https:\/\/i2.wp.com\/interpim.erresse-shop.it\/Import\/Prodotti\/joseph-joseph-space-casseruola-antiaderente-e-coperchio-con-manico-pieghevole-28-cm-blu.png?ssl=1\",\"contentUrl\":\"https:\/\/i2.wp.com\/interpim.erresse-shop.it\/Import\/Prodotti\/joseph-joseph-space-casseruola-antiaderente-e-coperchio-con-manico-pieghevole-28-cm-blu.png?ssl=1\"},{\"@type\":\"BreadcrumbList\",\"@id\":\"https:\/\/dev6.erresse-shop.it\/de\/shop\/toepfe-pfannen\/toepfe-und-kochtoepfen\/joseph-joseph-space-antihaft-kasserolle-mit-deckel-und-klappbarem-griff-28-cm-blau\/#breadcrumb\",\"itemListElement\":[{\"@type\":\"ListItem\",\"position\":1,\"name\":\"Home\",\"item\":\"https:\/\/dev6.erresse-shop.it\/\"},{\"@type\":\"ListItem\",\"position\":2,\"name\":\"Shop\",\"item\":\"https:\/\/dev6.erresse-shop.it\/shop\/\"},{\"@type\":\"ListItem\",\"position\":3,\"name\":\"JOSEPH JOSEPH Space Antihaft-Kasserolle mit Deckel und klappbarem Griff 28 cm Blau\"}]},{\"@type\":\"WebSite\",\"@id\":\"https:\/\/dev6.erresse-shop.it\/#website\",\"url\":\"https:\/\/dev6.erresse-shop.it\/\",\"name\":\"Erresse Shop\",\"description\":\"\",\"publisher\":{\"@id\":\"https:\/\/dev6.erresse-shop.it\/#organization\"},\"potentialAction\":[{\"@type\":\"SearchAction\",\"target\":{\"@type\":\"EntryPoint\",\"urlTemplate\":\"https:\/\/dev6.erresse-shop.it\/?s={search_term_string}\"},\"query-input\":{\"@type\":\"PropertyValueSpecification\",\"valueRequired\":true,\"valueName\":\"search_term_string\"}}],\"inLanguage\":\"de\"},{\"@type\":\"Organization\",\"@id\":\"https:\/\/dev6.erresse-shop.it\/#organization\",\"name\":\"Erresse Shop\",\"url\":\"https:\/\/dev6.erresse-shop.it\/\",\"logo\":{\"@type\":\"ImageObject\",\"inLanguage\":\"de\",\"@id\":\"https:\/\/dev6.erresse-shop.it\/#\/schema\/logo\/image\/\",\"url\":\"https:\/\/dev6.erresse-shop.it\/wp-content\/uploads\/2025\/01\/LOGO-ERRESSE-CLASSICO.svg\",\"contentUrl\":\"https:\/\/dev6.erresse-shop.it\/wp-content\/uploads\/2025\/01\/LOGO-ERRESSE-CLASSICO.svg\",\"caption\":\"Erresse Shop\"},\"image\":{\"@id\":\"https:\/\/dev6.erresse-shop.it\/#\/schema\/logo\/image\/\"}}]}<\/script>\n<!-- \/ Yoast SEO plugin. -->","yoast_head_json":{"title":"JOSEPH JOSEPH Space Antihaft-Kasserolle mit Deckel und klappbarem Griff 28 cm Blau - dev6 Erresse","description":"Kochgeschirr ist nicht gleich Kochgeschirr. Wir stellen Space vor, unsere revolution\u00e4re Serie von Kochgeschirr in Profi-Qualit\u00e4t, das in der Premiumfarbe","robots":{"index":"noindex","follow":"follow","max-snippet":"max-snippet:-1","max-image-preview":"max-image-preview:large","max-video-preview":"max-video-preview:-1"},"og_locale":"de_DE","og_type":"article","og_title":"JOSEPH JOSEPH Space Antihaft-Kasserolle mit Deckel und klappbarem Griff 28 cm Blau - dev6 Erresse","og_description":"Kochgeschirr ist nicht gleich Kochgeschirr. Wir stellen Space vor, unsere revolution\u00e4re Serie von Kochgeschirr in Profi-Qualit\u00e4t, das in der Premiumfarbe","og_url":"https:\/\/dev6.erresse-shop.it\/de\/shop\/toepfe-pfannen\/toepfe-und-kochtoepfen\/joseph-joseph-space-antihaft-kasserolle-mit-deckel-und-klappbarem-griff-28-cm-blau\/","og_site_name":"dev6 Erresse","og_image":[{"url":"https:\/\/interpim.erresse-shop.it\/Import\/Prodotti\/joseph-joseph-space-casseruola-antiaderente-e-coperchio-con-manico-pieghevole-28-cm-blu.png","type":"","width":"","height":""},{"url":"https:\/\/interpim.erresse-shop.it\/Import\/Prodotti\/joseph-joseph-space-casseruola-antiaderente-e-coperchio-con-manico-pieghevole-28-cm-blu.png","width":1024,"height":1024,"type":"image\/jpeg"}],"twitter_card":"summary_large_image","twitter_image":"https:\/\/interpim.erresse-shop.it\/Import\/Prodotti\/joseph-joseph-space-casseruola-antiaderente-e-coperchio-con-manico-pieghevole-28-cm-blu.png","schema":{"@context":"https:\/\/schema.org","@graph":[{"@type":"WebPage","@id":"https:\/\/dev6.erresse-shop.it\/de\/shop\/toepfe-pfannen\/toepfe-und-kochtoepfen\/joseph-joseph-space-antihaft-kasserolle-mit-deckel-und-klappbarem-griff-28-cm-blau\/","url":"https:\/\/dev6.erresse-shop.it\/de\/shop\/toepfe-pfannen\/toepfe-und-kochtoepfen\/joseph-joseph-space-antihaft-kasserolle-mit-deckel-und-klappbarem-griff-28-cm-blau\/","name":"JOSEPH JOSEPH Space Antihaft-Kasserolle mit Deckel und klappbarem Griff 28 cm Blau - dev6 Erresse","isPartOf":{"@id":"https:\/\/dev6.erresse-shop.it\/#website"},"primaryImageOfPage":{"@id":"https:\/\/dev6.erresse-shop.it\/de\/shop\/toepfe-pfannen\/toepfe-und-kochtoepfen\/joseph-joseph-space-antihaft-kasserolle-mit-deckel-und-klappbarem-griff-28-cm-blau\/#primaryimage"},"image":{"@id":"https:\/\/dev6.erresse-shop.it\/de\/shop\/toepfe-pfannen\/toepfe-und-kochtoepfen\/joseph-joseph-space-antihaft-kasserolle-mit-deckel-und-klappbarem-griff-28-cm-blau\/#primaryimage"},"thumbnailUrl":"https:\/\/i2.wp.com\/interpim.erresse-shop.it\/Import\/Prodotti\/joseph-joseph-space-casseruola-antiaderente-e-coperchio-con-manico-pieghevole-28-cm-blu.png?ssl=1","datePublished":"2026-04-12T09:38:01+00:00","description":"Kochgeschirr ist nicht gleich Kochgeschirr. Wir stellen Space vor, unsere revolution\u00e4re Serie von Kochgeschirr in Profi-Qualit\u00e4t, das in der Premiumfarbe","breadcrumb":{"@id":"https:\/\/dev6.erresse-shop.it\/de\/shop\/toepfe-pfannen\/toepfe-und-kochtoepfen\/joseph-joseph-space-antihaft-kasserolle-mit-deckel-und-klappbarem-griff-28-cm-blau\/#breadcrumb"},"inLanguage":"de","potentialAction":[{"@type":"ReadAction","target":["https:\/\/dev6.erresse-shop.it\/de\/shop\/toepfe-pfannen\/toepfe-und-kochtoepfen\/joseph-joseph-space-antihaft-kasserolle-mit-deckel-und-klappbarem-griff-28-cm-blau\/"]}]},{"@type":"ImageObject","inLanguage":"de","@id":"https:\/\/dev6.erresse-shop.it\/de\/shop\/toepfe-pfannen\/toepfe-und-kochtoepfen\/joseph-joseph-space-antihaft-kasserolle-mit-deckel-und-klappbarem-griff-28-cm-blau\/#primaryimage","url":"https:\/\/i2.wp.com\/interpim.erresse-shop.it\/Import\/Prodotti\/joseph-joseph-space-casseruola-antiaderente-e-coperchio-con-manico-pieghevole-28-cm-blu.png?ssl=1","contentUrl":"https:\/\/i2.wp.com\/interpim.erresse-shop.it\/Import\/Prodotti\/joseph-joseph-space-casseruola-antiaderente-e-coperchio-con-manico-pieghevole-28-cm-blu.png?ssl=1"},{"@type":"BreadcrumbList","@id":"https:\/\/dev6.erresse-shop.it\/de\/shop\/toepfe-pfannen\/toepfe-und-kochtoepfen\/joseph-joseph-space-antihaft-kasserolle-mit-deckel-und-klappbarem-griff-28-cm-blau\/#breadcrumb","itemListElement":[{"@type":"ListItem","position":1,"name":"Home","item":"https:\/\/dev6.erresse-shop.it\/"},{"@type":"ListItem","position":2,"name":"Shop","item":"https:\/\/dev6.erresse-shop.it\/shop\/"},{"@type":"ListItem","position":3,"name":"JOSEPH JOSEPH Space Antihaft-Kasserolle mit Deckel und klappbarem Griff 28 cm Blau"}]},{"@type":"WebSite","@id":"https:\/\/dev6.erresse-shop.it\/#website","url":"https:\/\/dev6.erresse-shop.it\/","name":"Erresse Shop","description":"","publisher":{"@id":"https:\/\/dev6.erresse-shop.it\/#organization"},"potentialAction":[{"@type":"SearchAction","target":{"@type":"EntryPoint","urlTemplate":"https:\/\/dev6.erresse-shop.it\/?s={search_term_string}"},"query-input":{"@type":"PropertyValueSpecification","valueRequired":true,"valueName":"search_term_string"}}],"inLanguage":"de"},{"@type":"Organization","@id":"https:\/\/dev6.erresse-shop.it\/#organization","name":"Erresse Shop","url":"https:\/\/dev6.erresse-shop.it\/","logo":{"@type":"ImageObject","inLanguage":"de","@id":"https:\/\/dev6.erresse-shop.it\/#\/schema\/logo\/image\/","url":"https:\/\/dev6.erresse-shop.it\/wp-content\/uploads\/2025\/01\/LOGO-ERRESSE-CLASSICO.svg","contentUrl":"https:\/\/dev6.erresse-shop.it\/wp-content\/uploads\/2025\/01\/LOGO-ERRESSE-CLASSICO.svg","caption":"Erresse Shop"},"image":{"@id":"https:\/\/dev6.erresse-shop.it\/#\/schema\/logo\/image\/"}}]}},"df_price":114,"df_sale_price":114,"df_regular_price":154.99,"df_image_link":"https:\/\/i2.wp.com\/interpim.erresse-shop.it\/Import\/Prodotti\/joseph-joseph-space-casseruola-antiaderente-e-coperchio-con-manico-pieghevole-28-cm-blu.png?resize=300,300&ssl=1","fifu_image_url":"https:\/\/interpim.erresse-shop.it\/Import\/Prodotti\/joseph-joseph-space-casseruola-antiaderente-e-coperchio-con-manico-pieghevole-28-cm-blu.png","_links":{"self":[{"href":"https:\/\/dev6.erresse-shop.it\/de\/wp-json\/wp\/v2\/product\/55821","targetHints":{"allow":["GET"]}}],"collection":[{"href":"https:\/\/dev6.erresse-shop.it\/de\/wp-json\/wp\/v2\/product"}],"about":[{"href":"https:\/\/dev6.erresse-shop.it\/de\/wp-json\/wp\/v2\/types\/product"}],"wp:featuredmedia":[{"embeddable":true,"href":"https:\/\/dev6.erresse-shop.it\/de\/wp-json\/wp\/v2\/media\/6369551"}],"wp:attachment":[{"href":"https:\/\/dev6.erresse-shop.it\/de\/wp-json\/wp\/v2\/media?parent=55821"}],"wp:term":[{"taxonomy":"product_cat","embeddable":true,"href":"https:\/\/dev6.erresse-shop.it\/de\/wp-json\/wp\/v2\/product_cat?post=55821"},{"taxonomy":"product_tag","embeddable":true,"href":"https:\/\/dev6.erresse-shop.it\/de\/wp-json\/wp\/v2\/product_tag?post=55821"}],"curies":[{"name":"wp","href":"https:\/\/api.w.org\/{rel}","templated":true}]}}