{"id":55789,"date":"2026-04-12T11:38:01","date_gmt":"2026-04-12T09:38:01","guid":{"rendered":"https:\/\/dev6.erresse-shop.it\/shop\/unkategorisiert\/zwilling-pro-suppenschoepfer\/"},"modified":"2025-09-14T02:13:09","modified_gmt":"2025-09-14T00:13:09","slug":"zwilling-pro-suppenschoepfer","status":"publish","type":"product","link":"https:\/\/dev6.erresse-shop.it\/de\/shop\/kuche\/werkzeuge\/zwilling-pro-suppenschoepfer\/","title":{"rendered":"ZWILLING PRO Suppensch\u00f6pfer"},"content":{"rendered":"<p>Moderne K\u00fcchenutensilien m\u00fcssen durch ihre Funktionalit\u00e4t, aber auch durch ihr Design \u00fcberzeugen. Die ZWILLING Pro Kollektion erf\u00fcllt Ihnen jeden Wunsch mit eleganten K\u00fcchenaccessoires, die auch durch ihre au\u00dfergew\u00f6hnliche Funktionalit\u00e4t bestechen. Die Sch\u00f6pfkelle mit einem Fassungsverm\u00f6gen von 150 ml, die besonders praktisch zum Servieren von Suppen und Eint\u00f6pfen ist, hat das Zeug zum echten Klassiker. Hinter dem Design stehen die weltbekannten Designer Matteo Thun und Antonio Rodriguez, die eine zeitlose und dennoch moderne Formensprache verwendet haben. Die Sch\u00f6pfkelle ist aus hochwertigem, wundersch\u00f6n verarbeitetem Edelstahl gefertigt, der sp\u00e4ter poliert und satiniert wurde. Man beachte den subtilen Kontrast zwischen der polierten Oberfl\u00e4che der Sch\u00f6pfkelle und dem matten Griff. Der ergonomische Griff verleiht der Kelle eine angenehme Handhabung. Das Vergn\u00fcgen, eine Suppe zuzubereiten, wird nur noch von dem Wunsch \u00fcbertroffen, sie mit dieser wunderbaren Sch\u00f6pfkelle zu servieren.<\/p>\n<p>Minimalistisches Design von Matteo Thun und Antonio Rodriguez<br \/>\nHergestellt aus hochwertigem Edelstahl<br \/>\nErgonomisch geformte Griffe f\u00fcr erm\u00fcdungsfreies Arbeiten, mit durchgehendem \u00dcbergang zum Stiel f\u00fcr maximale Hygiene<br \/>\nSp\u00fclmaschinentauglich<br \/>\nIdeal zum Servieren von Suppen und Eint\u00f6pfen<\/p>\n","protected":false},"excerpt":{"rendered":"<p>Moderne K\u00fcchenutensilien m\u00fcssen durch ihre Funktionalit\u00e4t, aber auch durch ihr Design \u00fcberzeugen. Die ZWILLING Pro Kollektion erf\u00fcllt Ihnen jeden Wunsch mit eleganten K\u00fcchenaccessoires, die auch durch ihre au\u00dfergew\u00f6hnliche Funktionalit\u00e4t bestechen. Die Sch\u00f6pfkelle mit einem Fassungsverm\u00f6gen von 150 ml, die besonders praktisch zum Servieren von Suppen und Eint\u00f6pfen ist, hat das Zeug zum echten Klassiker. Hinter [&hellip;]<\/p>\n","protected":false},"featured_media":6369443,"template":"","meta":{"_acf_changed":false},"product_cat":[11668,12100,12116],"product_tag":[],"class_list":{"0":"post-55789","1":"product","2":"type-product","3":"status-publish","4":"has-post-thumbnail","6":"product_cat-cucina","7":"product_cat-kuche","8":"product_cat-werkzeuge","10":"first","11":"instock","12":"taxable","13":"shipping-taxable","14":"purchasable","15":"product-type-simple","swatches":"rey-swatches","show_selected":"","stretch_labels":"rey-swatches--stretch-labels"},"acf":[],"yoast_head":"<!-- This site is optimized with the Yoast SEO plugin v25.4 - https:\/\/yoast.com\/wordpress\/plugins\/seo\/ -->\n<title>ZWILLING PRO Suppensch\u00f6pfer - dev6 Erresse<\/title>\n<meta name=\"description\" content=\"Moderne K\u00fcchenutensilien m\u00fcssen durch ihre Funktionalit\u00e4t, aber auch durch ihr Design \u00fcberzeugen. Die ZWILLING Pro Kollektion erf\u00fcllt Ihnen jeden Wunsch\" \/>\n<meta name=\"robots\" content=\"noindex, follow, max-snippet:-1, max-image-preview:large, max-video-preview:-1\" \/>\n<meta property=\"og:locale\" content=\"de_DE\" \/>\n<meta property=\"og:type\" content=\"article\" \/>\n<meta property=\"og:title\" content=\"ZWILLING PRO Suppensch\u00f6pfer - dev6 Erresse\" \/>\n<meta property=\"og:description\" content=\"Moderne K\u00fcchenutensilien m\u00fcssen durch ihre Funktionalit\u00e4t, aber auch durch ihr Design \u00fcberzeugen. Die ZWILLING Pro Kollektion erf\u00fcllt Ihnen jeden Wunsch\" \/>\n<meta property=\"og:url\" content=\"https:\/\/dev6.erresse-shop.it\/de\/shop\/kuche\/werkzeuge\/zwilling-pro-suppenschoepfer\/\" \/>\n<meta property=\"og:site_name\" content=\"dev6 Erresse\" \/>\n<meta property=\"og:image\" content=\"https:\/\/interpim.erresse-shop.it\/img-catalogo\/zwilling\/zwilling-pro-mestolo-zuppa.jpg\" \/><meta property=\"og:image\" content=\"https:\/\/interpim.erresse-shop.it\/img-catalogo\/zwilling\/zwilling-pro-mestolo-zuppa.jpg\" \/>\n\t<meta property=\"og:image:width\" content=\"1024\" \/>\n\t<meta property=\"og:image:height\" content=\"1024\" \/>\n\t<meta property=\"og:image:type\" content=\"image\/jpeg\" \/>\n<meta name=\"twitter:card\" content=\"summary_large_image\" \/>\n<meta name=\"twitter:image\" content=\"https:\/\/interpim.erresse-shop.it\/img-catalogo\/zwilling\/zwilling-pro-mestolo-zuppa.jpg\" \/>\n<script type=\"application\/ld+json\" class=\"yoast-schema-graph\">{\"@context\":\"https:\/\/schema.org\",\"@graph\":[{\"@type\":\"WebPage\",\"@id\":\"https:\/\/dev6.erresse-shop.it\/de\/shop\/kuche\/werkzeuge\/zwilling-pro-suppenschoepfer\/\",\"url\":\"https:\/\/dev6.erresse-shop.it\/de\/shop\/kuche\/werkzeuge\/zwilling-pro-suppenschoepfer\/\",\"name\":\"ZWILLING PRO Suppensch\u00f6pfer - dev6 Erresse\",\"isPartOf\":{\"@id\":\"https:\/\/dev6.erresse-shop.it\/#website\"},\"primaryImageOfPage\":{\"@id\":\"https:\/\/dev6.erresse-shop.it\/de\/shop\/kuche\/werkzeuge\/zwilling-pro-suppenschoepfer\/#primaryimage\"},\"image\":{\"@id\":\"https:\/\/dev6.erresse-shop.it\/de\/shop\/kuche\/werkzeuge\/zwilling-pro-suppenschoepfer\/#primaryimage\"},\"thumbnailUrl\":\"https:\/\/i0.wp.com\/interpim.erresse-shop.it\/img-catalogo\/zwilling\/zwilling-pro-mestolo-zuppa.jpg?ssl=1\",\"datePublished\":\"2026-04-12T09:38:01+00:00\",\"description\":\"Moderne K\u00fcchenutensilien m\u00fcssen durch ihre Funktionalit\u00e4t, aber auch durch ihr Design \u00fcberzeugen. Die ZWILLING Pro Kollektion erf\u00fcllt Ihnen jeden Wunsch\",\"breadcrumb\":{\"@id\":\"https:\/\/dev6.erresse-shop.it\/de\/shop\/kuche\/werkzeuge\/zwilling-pro-suppenschoepfer\/#breadcrumb\"},\"inLanguage\":\"de\",\"potentialAction\":[{\"@type\":\"ReadAction\",\"target\":[\"https:\/\/dev6.erresse-shop.it\/de\/shop\/kuche\/werkzeuge\/zwilling-pro-suppenschoepfer\/\"]}]},{\"@type\":\"ImageObject\",\"inLanguage\":\"de\",\"@id\":\"https:\/\/dev6.erresse-shop.it\/de\/shop\/kuche\/werkzeuge\/zwilling-pro-suppenschoepfer\/#primaryimage\",\"url\":\"https:\/\/i0.wp.com\/interpim.erresse-shop.it\/img-catalogo\/zwilling\/zwilling-pro-mestolo-zuppa.jpg?ssl=1\",\"contentUrl\":\"https:\/\/i0.wp.com\/interpim.erresse-shop.it\/img-catalogo\/zwilling\/zwilling-pro-mestolo-zuppa.jpg?ssl=1\"},{\"@type\":\"BreadcrumbList\",\"@id\":\"https:\/\/dev6.erresse-shop.it\/de\/shop\/kuche\/werkzeuge\/zwilling-pro-suppenschoepfer\/#breadcrumb\",\"itemListElement\":[{\"@type\":\"ListItem\",\"position\":1,\"name\":\"Home\",\"item\":\"https:\/\/dev6.erresse-shop.it\/\"},{\"@type\":\"ListItem\",\"position\":2,\"name\":\"Shop\",\"item\":\"https:\/\/dev6.erresse-shop.it\/shop\/\"},{\"@type\":\"ListItem\",\"position\":3,\"name\":\"ZWILLING PRO Suppensch\u00f6pfer\"}]},{\"@type\":\"WebSite\",\"@id\":\"https:\/\/dev6.erresse-shop.it\/#website\",\"url\":\"https:\/\/dev6.erresse-shop.it\/\",\"name\":\"Erresse Shop\",\"description\":\"\",\"publisher\":{\"@id\":\"https:\/\/dev6.erresse-shop.it\/#organization\"},\"potentialAction\":[{\"@type\":\"SearchAction\",\"target\":{\"@type\":\"EntryPoint\",\"urlTemplate\":\"https:\/\/dev6.erresse-shop.it\/?s={search_term_string}\"},\"query-input\":{\"@type\":\"PropertyValueSpecification\",\"valueRequired\":true,\"valueName\":\"search_term_string\"}}],\"inLanguage\":\"de\"},{\"@type\":\"Organization\",\"@id\":\"https:\/\/dev6.erresse-shop.it\/#organization\",\"name\":\"Erresse Shop\",\"url\":\"https:\/\/dev6.erresse-shop.it\/\",\"logo\":{\"@type\":\"ImageObject\",\"inLanguage\":\"de\",\"@id\":\"https:\/\/dev6.erresse-shop.it\/#\/schema\/logo\/image\/\",\"url\":\"https:\/\/dev6.erresse-shop.it\/wp-content\/uploads\/2025\/01\/LOGO-ERRESSE-CLASSICO.svg\",\"contentUrl\":\"https:\/\/dev6.erresse-shop.it\/wp-content\/uploads\/2025\/01\/LOGO-ERRESSE-CLASSICO.svg\",\"caption\":\"Erresse Shop\"},\"image\":{\"@id\":\"https:\/\/dev6.erresse-shop.it\/#\/schema\/logo\/image\/\"}}]}<\/script>\n<!-- \/ Yoast SEO plugin. -->","yoast_head_json":{"title":"ZWILLING PRO Suppensch\u00f6pfer - dev6 Erresse","description":"Moderne K\u00fcchenutensilien m\u00fcssen durch ihre Funktionalit\u00e4t, aber auch durch ihr Design \u00fcberzeugen. Die ZWILLING Pro Kollektion erf\u00fcllt Ihnen jeden Wunsch","robots":{"index":"noindex","follow":"follow","max-snippet":"max-snippet:-1","max-image-preview":"max-image-preview:large","max-video-preview":"max-video-preview:-1"},"og_locale":"de_DE","og_type":"article","og_title":"ZWILLING PRO Suppensch\u00f6pfer - dev6 Erresse","og_description":"Moderne K\u00fcchenutensilien m\u00fcssen durch ihre Funktionalit\u00e4t, aber auch durch ihr Design \u00fcberzeugen. Die ZWILLING Pro Kollektion erf\u00fcllt Ihnen jeden Wunsch","og_url":"https:\/\/dev6.erresse-shop.it\/de\/shop\/kuche\/werkzeuge\/zwilling-pro-suppenschoepfer\/","og_site_name":"dev6 Erresse","og_image":[{"url":"https:\/\/interpim.erresse-shop.it\/img-catalogo\/zwilling\/zwilling-pro-mestolo-zuppa.jpg","type":"","width":"","height":""},{"url":"https:\/\/interpim.erresse-shop.it\/img-catalogo\/zwilling\/zwilling-pro-mestolo-zuppa.jpg","width":1024,"height":1024,"type":"image\/jpeg"}],"twitter_card":"summary_large_image","twitter_image":"https:\/\/interpim.erresse-shop.it\/img-catalogo\/zwilling\/zwilling-pro-mestolo-zuppa.jpg","schema":{"@context":"https:\/\/schema.org","@graph":[{"@type":"WebPage","@id":"https:\/\/dev6.erresse-shop.it\/de\/shop\/kuche\/werkzeuge\/zwilling-pro-suppenschoepfer\/","url":"https:\/\/dev6.erresse-shop.it\/de\/shop\/kuche\/werkzeuge\/zwilling-pro-suppenschoepfer\/","name":"ZWILLING PRO Suppensch\u00f6pfer - dev6 Erresse","isPartOf":{"@id":"https:\/\/dev6.erresse-shop.it\/#website"},"primaryImageOfPage":{"@id":"https:\/\/dev6.erresse-shop.it\/de\/shop\/kuche\/werkzeuge\/zwilling-pro-suppenschoepfer\/#primaryimage"},"image":{"@id":"https:\/\/dev6.erresse-shop.it\/de\/shop\/kuche\/werkzeuge\/zwilling-pro-suppenschoepfer\/#primaryimage"},"thumbnailUrl":"https:\/\/i0.wp.com\/interpim.erresse-shop.it\/img-catalogo\/zwilling\/zwilling-pro-mestolo-zuppa.jpg?ssl=1","datePublished":"2026-04-12T09:38:01+00:00","description":"Moderne K\u00fcchenutensilien m\u00fcssen durch ihre Funktionalit\u00e4t, aber auch durch ihr Design \u00fcberzeugen. Die ZWILLING Pro Kollektion erf\u00fcllt Ihnen jeden Wunsch","breadcrumb":{"@id":"https:\/\/dev6.erresse-shop.it\/de\/shop\/kuche\/werkzeuge\/zwilling-pro-suppenschoepfer\/#breadcrumb"},"inLanguage":"de","potentialAction":[{"@type":"ReadAction","target":["https:\/\/dev6.erresse-shop.it\/de\/shop\/kuche\/werkzeuge\/zwilling-pro-suppenschoepfer\/"]}]},{"@type":"ImageObject","inLanguage":"de","@id":"https:\/\/dev6.erresse-shop.it\/de\/shop\/kuche\/werkzeuge\/zwilling-pro-suppenschoepfer\/#primaryimage","url":"https:\/\/i0.wp.com\/interpim.erresse-shop.it\/img-catalogo\/zwilling\/zwilling-pro-mestolo-zuppa.jpg?ssl=1","contentUrl":"https:\/\/i0.wp.com\/interpim.erresse-shop.it\/img-catalogo\/zwilling\/zwilling-pro-mestolo-zuppa.jpg?ssl=1"},{"@type":"BreadcrumbList","@id":"https:\/\/dev6.erresse-shop.it\/de\/shop\/kuche\/werkzeuge\/zwilling-pro-suppenschoepfer\/#breadcrumb","itemListElement":[{"@type":"ListItem","position":1,"name":"Home","item":"https:\/\/dev6.erresse-shop.it\/"},{"@type":"ListItem","position":2,"name":"Shop","item":"https:\/\/dev6.erresse-shop.it\/shop\/"},{"@type":"ListItem","position":3,"name":"ZWILLING PRO Suppensch\u00f6pfer"}]},{"@type":"WebSite","@id":"https:\/\/dev6.erresse-shop.it\/#website","url":"https:\/\/dev6.erresse-shop.it\/","name":"Erresse Shop","description":"","publisher":{"@id":"https:\/\/dev6.erresse-shop.it\/#organization"},"potentialAction":[{"@type":"SearchAction","target":{"@type":"EntryPoint","urlTemplate":"https:\/\/dev6.erresse-shop.it\/?s={search_term_string}"},"query-input":{"@type":"PropertyValueSpecification","valueRequired":true,"valueName":"search_term_string"}}],"inLanguage":"de"},{"@type":"Organization","@id":"https:\/\/dev6.erresse-shop.it\/#organization","name":"Erresse Shop","url":"https:\/\/dev6.erresse-shop.it\/","logo":{"@type":"ImageObject","inLanguage":"de","@id":"https:\/\/dev6.erresse-shop.it\/#\/schema\/logo\/image\/","url":"https:\/\/dev6.erresse-shop.it\/wp-content\/uploads\/2025\/01\/LOGO-ERRESSE-CLASSICO.svg","contentUrl":"https:\/\/dev6.erresse-shop.it\/wp-content\/uploads\/2025\/01\/LOGO-ERRESSE-CLASSICO.svg","caption":"Erresse Shop"},"image":{"@id":"https:\/\/dev6.erresse-shop.it\/#\/schema\/logo\/image\/"}}]}},"df_price":24.95,"df_sale_price":"","df_regular_price":24.95,"df_image_link":"https:\/\/i0.wp.com\/interpim.erresse-shop.it\/img-catalogo\/zwilling\/zwilling-pro-mestolo-zuppa.jpg?resize=300,300&ssl=1","fifu_image_url":"https:\/\/interpim.erresse-shop.it\/img-catalogo\/zwilling\/zwilling-pro-mestolo-zuppa.jpg","_links":{"self":[{"href":"https:\/\/dev6.erresse-shop.it\/de\/wp-json\/wp\/v2\/product\/55789","targetHints":{"allow":["GET"]}}],"collection":[{"href":"https:\/\/dev6.erresse-shop.it\/de\/wp-json\/wp\/v2\/product"}],"about":[{"href":"https:\/\/dev6.erresse-shop.it\/de\/wp-json\/wp\/v2\/types\/product"}],"wp:featuredmedia":[{"embeddable":true,"href":"https:\/\/dev6.erresse-shop.it\/de\/wp-json\/wp\/v2\/media\/6369443"}],"wp:attachment":[{"href":"https:\/\/dev6.erresse-shop.it\/de\/wp-json\/wp\/v2\/media?parent=55789"}],"wp:term":[{"taxonomy":"product_cat","embeddable":true,"href":"https:\/\/dev6.erresse-shop.it\/de\/wp-json\/wp\/v2\/product_cat?post=55789"},{"taxonomy":"product_tag","embeddable":true,"href":"https:\/\/dev6.erresse-shop.it\/de\/wp-json\/wp\/v2\/product_tag?post=55789"}],"curies":[{"name":"wp","href":"https:\/\/api.w.org\/{rel}","templated":true}]}}