{"id":55763,"date":"2026-04-12T11:35:48","date_gmt":"2026-04-12T09:35:48","guid":{"rendered":"https:\/\/dev6.erresse-shop.it\/shop\/unkategorisiert\/guzzini-feeling-besteckset-24-teile-tiefes-rosa\/"},"modified":"2025-09-14T02:12:26","modified_gmt":"2025-09-14T00:12:26","slug":"guzzini-feeling-besteckset-24-teile-tiefes-rosa","status":"publish","type":"product","link":"https:\/\/dev6.erresse-shop.it\/de\/shop\/tisch\/besteck\/guzzini-feeling-besteckset-24-teile-tiefes-rosa\/","title":{"rendered":"GUZZINI Feeling Besteckset 24 Teile Tiefes Rosa"},"content":{"rendered":"<p>Die perfekte Kombination von Stahl und Kunststoff findet sich in diesem Besteckset wieder. Hochwertiger Edelstahl zieht sich \u00fcber die gesamte L\u00e4nge des Bestecks, an dessen Griff die edlen zweifarbigen Kunststoffelemente angebracht sind.<\/p>\n<p>Es ist so konzipiert, dass es Tausende von Sp\u00fclg\u00e4ngen in der Sp\u00fclmaschine \u00fcbersteht und ein Maximum an Materialhygiene gew\u00e4hrleistet.<\/p>\n<p>Material: Rostfreier Stahl<\/p>\n","protected":false},"excerpt":{"rendered":"<p>Die perfekte Kombination von Stahl und Kunststoff findet sich in diesem Besteckset wieder. Hochwertiger Edelstahl zieht sich \u00fcber die gesamte L\u00e4nge des Bestecks, an dessen Griff die edlen zweifarbigen Kunststoffelemente angebracht sind. Es ist so konzipiert, dass es Tausende von Sp\u00fclg\u00e4ngen in der Sp\u00fclmaschine \u00fcbersteht und ein Maximum an Materialhygiene gew\u00e4hrleistet. Material: Rostfreier Stahl<\/p>\n","protected":false},"featured_media":6369386,"template":"","meta":{"_acf_changed":false},"product_cat":[12104,11671,12103],"product_tag":[],"class_list":{"0":"post-55763","1":"product","2":"type-product","3":"status-publish","4":"has-post-thumbnail","6":"product_cat-besteck","7":"product_cat-tavola","8":"product_cat-tisch","10":"first","11":"instock","12":"sale","13":"taxable","14":"shipping-taxable","15":"purchasable","16":"product-type-simple","swatches":"rey-swatches","show_selected":"","stretch_labels":"rey-swatches--stretch-labels"},"acf":[],"yoast_head":"<!-- This site is optimized with the Yoast SEO plugin v25.4 - https:\/\/yoast.com\/wordpress\/plugins\/seo\/ -->\n<title>GUZZINI Feeling Besteckset 24 Teile Tiefes Rosa - dev6 Erresse<\/title>\n<meta name=\"description\" content=\"Die perfekte Kombination von Stahl und Kunststoff findet sich in diesem Besteckset wieder. Hochwertiger Edelstahl zieht sich \u00fcber die gesamte L\u00e4nge des\" \/>\n<meta name=\"robots\" content=\"noindex, follow, max-snippet:-1, max-image-preview:large, max-video-preview:-1\" \/>\n<meta property=\"og:locale\" content=\"de_DE\" \/>\n<meta property=\"og:type\" content=\"article\" \/>\n<meta property=\"og:title\" content=\"GUZZINI Feeling Besteckset 24 Teile Tiefes Rosa - dev6 Erresse\" \/>\n<meta property=\"og:description\" content=\"Die perfekte Kombination von Stahl und Kunststoff findet sich in diesem Besteckset wieder. Hochwertiger Edelstahl zieht sich \u00fcber die gesamte L\u00e4nge des\" \/>\n<meta property=\"og:url\" content=\"https:\/\/dev6.erresse-shop.it\/de\/shop\/tisch\/besteck\/guzzini-feeling-besteckset-24-teile-tiefes-rosa\/\" \/>\n<meta property=\"og:site_name\" content=\"dev6 Erresse\" \/>\n<meta property=\"og:image\" content=\"https:\/\/interpim.erresse-shop.it\/Import\/Prodotti\/guzzini-feeling-set-posate-24-pezzi-rosa-intenso.jpg\" \/><meta property=\"og:image\" content=\"https:\/\/interpim.erresse-shop.it\/Import\/Prodotti\/guzzini-feeling-set-posate-24-pezzi-rosa-intenso.jpg\" \/>\n\t<meta property=\"og:image:width\" content=\"1024\" \/>\n\t<meta property=\"og:image:height\" content=\"1024\" \/>\n\t<meta property=\"og:image:type\" content=\"image\/jpeg\" \/>\n<meta name=\"twitter:card\" content=\"summary_large_image\" \/>\n<meta name=\"twitter:image\" content=\"https:\/\/interpim.erresse-shop.it\/Import\/Prodotti\/guzzini-feeling-set-posate-24-pezzi-rosa-intenso.jpg\" \/>\n<script type=\"application\/ld+json\" class=\"yoast-schema-graph\">{\"@context\":\"https:\/\/schema.org\",\"@graph\":[{\"@type\":\"WebPage\",\"@id\":\"https:\/\/dev6.erresse-shop.it\/de\/shop\/tisch\/besteck\/guzzini-feeling-besteckset-24-teile-tiefes-rosa\/\",\"url\":\"https:\/\/dev6.erresse-shop.it\/de\/shop\/tisch\/besteck\/guzzini-feeling-besteckset-24-teile-tiefes-rosa\/\",\"name\":\"GUZZINI Feeling Besteckset 24 Teile Tiefes Rosa - dev6 Erresse\",\"isPartOf\":{\"@id\":\"https:\/\/dev6.erresse-shop.it\/#website\"},\"primaryImageOfPage\":{\"@id\":\"https:\/\/dev6.erresse-shop.it\/de\/shop\/tisch\/besteck\/guzzini-feeling-besteckset-24-teile-tiefes-rosa\/#primaryimage\"},\"image\":{\"@id\":\"https:\/\/dev6.erresse-shop.it\/de\/shop\/tisch\/besteck\/guzzini-feeling-besteckset-24-teile-tiefes-rosa\/#primaryimage\"},\"thumbnailUrl\":\"https:\/\/i2.wp.com\/interpim.erresse-shop.it\/Import\/Prodotti\/guzzini-feeling-set-posate-24-pezzi-rosa-intenso.jpg?ssl=1\",\"datePublished\":\"2026-04-12T09:35:48+00:00\",\"description\":\"Die perfekte Kombination von Stahl und Kunststoff findet sich in diesem Besteckset wieder. Hochwertiger Edelstahl zieht sich \u00fcber die gesamte L\u00e4nge des\",\"breadcrumb\":{\"@id\":\"https:\/\/dev6.erresse-shop.it\/de\/shop\/tisch\/besteck\/guzzini-feeling-besteckset-24-teile-tiefes-rosa\/#breadcrumb\"},\"inLanguage\":\"de\",\"potentialAction\":[{\"@type\":\"ReadAction\",\"target\":[\"https:\/\/dev6.erresse-shop.it\/de\/shop\/tisch\/besteck\/guzzini-feeling-besteckset-24-teile-tiefes-rosa\/\"]}]},{\"@type\":\"ImageObject\",\"inLanguage\":\"de\",\"@id\":\"https:\/\/dev6.erresse-shop.it\/de\/shop\/tisch\/besteck\/guzzini-feeling-besteckset-24-teile-tiefes-rosa\/#primaryimage\",\"url\":\"https:\/\/i2.wp.com\/interpim.erresse-shop.it\/Import\/Prodotti\/guzzini-feeling-set-posate-24-pezzi-rosa-intenso.jpg?ssl=1\",\"contentUrl\":\"https:\/\/i2.wp.com\/interpim.erresse-shop.it\/Import\/Prodotti\/guzzini-feeling-set-posate-24-pezzi-rosa-intenso.jpg?ssl=1\"},{\"@type\":\"BreadcrumbList\",\"@id\":\"https:\/\/dev6.erresse-shop.it\/de\/shop\/tisch\/besteck\/guzzini-feeling-besteckset-24-teile-tiefes-rosa\/#breadcrumb\",\"itemListElement\":[{\"@type\":\"ListItem\",\"position\":1,\"name\":\"Home\",\"item\":\"https:\/\/dev6.erresse-shop.it\/\"},{\"@type\":\"ListItem\",\"position\":2,\"name\":\"Shop\",\"item\":\"https:\/\/dev6.erresse-shop.it\/shop\/\"},{\"@type\":\"ListItem\",\"position\":3,\"name\":\"GUZZINI Feeling Besteckset 24 Teile Tiefes Rosa\"}]},{\"@type\":\"WebSite\",\"@id\":\"https:\/\/dev6.erresse-shop.it\/#website\",\"url\":\"https:\/\/dev6.erresse-shop.it\/\",\"name\":\"Erresse Shop\",\"description\":\"\",\"publisher\":{\"@id\":\"https:\/\/dev6.erresse-shop.it\/#organization\"},\"potentialAction\":[{\"@type\":\"SearchAction\",\"target\":{\"@type\":\"EntryPoint\",\"urlTemplate\":\"https:\/\/dev6.erresse-shop.it\/?s={search_term_string}\"},\"query-input\":{\"@type\":\"PropertyValueSpecification\",\"valueRequired\":true,\"valueName\":\"search_term_string\"}}],\"inLanguage\":\"de\"},{\"@type\":\"Organization\",\"@id\":\"https:\/\/dev6.erresse-shop.it\/#organization\",\"name\":\"Erresse Shop\",\"url\":\"https:\/\/dev6.erresse-shop.it\/\",\"logo\":{\"@type\":\"ImageObject\",\"inLanguage\":\"de\",\"@id\":\"https:\/\/dev6.erresse-shop.it\/#\/schema\/logo\/image\/\",\"url\":\"https:\/\/dev6.erresse-shop.it\/wp-content\/uploads\/2025\/01\/LOGO-ERRESSE-CLASSICO.svg\",\"contentUrl\":\"https:\/\/dev6.erresse-shop.it\/wp-content\/uploads\/2025\/01\/LOGO-ERRESSE-CLASSICO.svg\",\"caption\":\"Erresse Shop\"},\"image\":{\"@id\":\"https:\/\/dev6.erresse-shop.it\/#\/schema\/logo\/image\/\"}}]}<\/script>\n<!-- \/ Yoast SEO plugin. -->","yoast_head_json":{"title":"GUZZINI Feeling Besteckset 24 Teile Tiefes Rosa - dev6 Erresse","description":"Die perfekte Kombination von Stahl und Kunststoff findet sich in diesem Besteckset wieder. Hochwertiger Edelstahl zieht sich \u00fcber die gesamte L\u00e4nge des","robots":{"index":"noindex","follow":"follow","max-snippet":"max-snippet:-1","max-image-preview":"max-image-preview:large","max-video-preview":"max-video-preview:-1"},"og_locale":"de_DE","og_type":"article","og_title":"GUZZINI Feeling Besteckset 24 Teile Tiefes Rosa - dev6 Erresse","og_description":"Die perfekte Kombination von Stahl und Kunststoff findet sich in diesem Besteckset wieder. Hochwertiger Edelstahl zieht sich \u00fcber die gesamte L\u00e4nge des","og_url":"https:\/\/dev6.erresse-shop.it\/de\/shop\/tisch\/besteck\/guzzini-feeling-besteckset-24-teile-tiefes-rosa\/","og_site_name":"dev6 Erresse","og_image":[{"url":"https:\/\/interpim.erresse-shop.it\/Import\/Prodotti\/guzzini-feeling-set-posate-24-pezzi-rosa-intenso.jpg","type":"","width":"","height":""},{"url":"https:\/\/interpim.erresse-shop.it\/Import\/Prodotti\/guzzini-feeling-set-posate-24-pezzi-rosa-intenso.jpg","width":1024,"height":1024,"type":"image\/jpeg"}],"twitter_card":"summary_large_image","twitter_image":"https:\/\/interpim.erresse-shop.it\/Import\/Prodotti\/guzzini-feeling-set-posate-24-pezzi-rosa-intenso.jpg","schema":{"@context":"https:\/\/schema.org","@graph":[{"@type":"WebPage","@id":"https:\/\/dev6.erresse-shop.it\/de\/shop\/tisch\/besteck\/guzzini-feeling-besteckset-24-teile-tiefes-rosa\/","url":"https:\/\/dev6.erresse-shop.it\/de\/shop\/tisch\/besteck\/guzzini-feeling-besteckset-24-teile-tiefes-rosa\/","name":"GUZZINI Feeling Besteckset 24 Teile Tiefes Rosa - dev6 Erresse","isPartOf":{"@id":"https:\/\/dev6.erresse-shop.it\/#website"},"primaryImageOfPage":{"@id":"https:\/\/dev6.erresse-shop.it\/de\/shop\/tisch\/besteck\/guzzini-feeling-besteckset-24-teile-tiefes-rosa\/#primaryimage"},"image":{"@id":"https:\/\/dev6.erresse-shop.it\/de\/shop\/tisch\/besteck\/guzzini-feeling-besteckset-24-teile-tiefes-rosa\/#primaryimage"},"thumbnailUrl":"https:\/\/i2.wp.com\/interpim.erresse-shop.it\/Import\/Prodotti\/guzzini-feeling-set-posate-24-pezzi-rosa-intenso.jpg?ssl=1","datePublished":"2026-04-12T09:35:48+00:00","description":"Die perfekte Kombination von Stahl und Kunststoff findet sich in diesem Besteckset wieder. Hochwertiger Edelstahl zieht sich \u00fcber die gesamte L\u00e4nge des","breadcrumb":{"@id":"https:\/\/dev6.erresse-shop.it\/de\/shop\/tisch\/besteck\/guzzini-feeling-besteckset-24-teile-tiefes-rosa\/#breadcrumb"},"inLanguage":"de","potentialAction":[{"@type":"ReadAction","target":["https:\/\/dev6.erresse-shop.it\/de\/shop\/tisch\/besteck\/guzzini-feeling-besteckset-24-teile-tiefes-rosa\/"]}]},{"@type":"ImageObject","inLanguage":"de","@id":"https:\/\/dev6.erresse-shop.it\/de\/shop\/tisch\/besteck\/guzzini-feeling-besteckset-24-teile-tiefes-rosa\/#primaryimage","url":"https:\/\/i2.wp.com\/interpim.erresse-shop.it\/Import\/Prodotti\/guzzini-feeling-set-posate-24-pezzi-rosa-intenso.jpg?ssl=1","contentUrl":"https:\/\/i2.wp.com\/interpim.erresse-shop.it\/Import\/Prodotti\/guzzini-feeling-set-posate-24-pezzi-rosa-intenso.jpg?ssl=1"},{"@type":"BreadcrumbList","@id":"https:\/\/dev6.erresse-shop.it\/de\/shop\/tisch\/besteck\/guzzini-feeling-besteckset-24-teile-tiefes-rosa\/#breadcrumb","itemListElement":[{"@type":"ListItem","position":1,"name":"Home","item":"https:\/\/dev6.erresse-shop.it\/"},{"@type":"ListItem","position":2,"name":"Shop","item":"https:\/\/dev6.erresse-shop.it\/shop\/"},{"@type":"ListItem","position":3,"name":"GUZZINI Feeling Besteckset 24 Teile Tiefes Rosa"}]},{"@type":"WebSite","@id":"https:\/\/dev6.erresse-shop.it\/#website","url":"https:\/\/dev6.erresse-shop.it\/","name":"Erresse Shop","description":"","publisher":{"@id":"https:\/\/dev6.erresse-shop.it\/#organization"},"potentialAction":[{"@type":"SearchAction","target":{"@type":"EntryPoint","urlTemplate":"https:\/\/dev6.erresse-shop.it\/?s={search_term_string}"},"query-input":{"@type":"PropertyValueSpecification","valueRequired":true,"valueName":"search_term_string"}}],"inLanguage":"de"},{"@type":"Organization","@id":"https:\/\/dev6.erresse-shop.it\/#organization","name":"Erresse Shop","url":"https:\/\/dev6.erresse-shop.it\/","logo":{"@type":"ImageObject","inLanguage":"de","@id":"https:\/\/dev6.erresse-shop.it\/#\/schema\/logo\/image\/","url":"https:\/\/dev6.erresse-shop.it\/wp-content\/uploads\/2025\/01\/LOGO-ERRESSE-CLASSICO.svg","contentUrl":"https:\/\/dev6.erresse-shop.it\/wp-content\/uploads\/2025\/01\/LOGO-ERRESSE-CLASSICO.svg","caption":"Erresse Shop"},"image":{"@id":"https:\/\/dev6.erresse-shop.it\/#\/schema\/logo\/image\/"}}]}},"df_price":89.95,"df_sale_price":89.95,"df_regular_price":119,"df_image_link":"https:\/\/i2.wp.com\/interpim.erresse-shop.it\/Import\/Prodotti\/guzzini-feeling-set-posate-24-pezzi-rosa-intenso.jpg?resize=300,300&ssl=1","fifu_image_url":"https:\/\/interpim.erresse-shop.it\/Import\/Prodotti\/guzzini-feeling-set-posate-24-pezzi-rosa-intenso.jpg","_links":{"self":[{"href":"https:\/\/dev6.erresse-shop.it\/de\/wp-json\/wp\/v2\/product\/55763","targetHints":{"allow":["GET"]}}],"collection":[{"href":"https:\/\/dev6.erresse-shop.it\/de\/wp-json\/wp\/v2\/product"}],"about":[{"href":"https:\/\/dev6.erresse-shop.it\/de\/wp-json\/wp\/v2\/types\/product"}],"wp:featuredmedia":[{"embeddable":true,"href":"https:\/\/dev6.erresse-shop.it\/de\/wp-json\/wp\/v2\/media\/6369386"}],"wp:attachment":[{"href":"https:\/\/dev6.erresse-shop.it\/de\/wp-json\/wp\/v2\/media?parent=55763"}],"wp:term":[{"taxonomy":"product_cat","embeddable":true,"href":"https:\/\/dev6.erresse-shop.it\/de\/wp-json\/wp\/v2\/product_cat?post=55763"},{"taxonomy":"product_tag","embeddable":true,"href":"https:\/\/dev6.erresse-shop.it\/de\/wp-json\/wp\/v2\/product_tag?post=55763"}],"curies":[{"name":"wp","href":"https:\/\/api.w.org\/{rel}","templated":true}]}}