{"id":55682,"date":"2026-04-12T11:31:25","date_gmt":"2026-04-12T09:31:25","guid":{"rendered":"https:\/\/dev6.erresse-shop.it\/shop\/unkategorisiert\/wusthof-classic-gemuesemesser-9-cm\/"},"modified":"2025-09-14T02:09:32","modified_gmt":"2025-09-14T00:09:32","slug":"wusthof-classic-gemuesemesser-9-cm","status":"publish","type":"product","link":"https:\/\/dev6.erresse-shop.it\/de\/shop\/kuche\/messer\/kuechenmesser\/wusthof-classic-gemuesemesser-9-cm\/","title":{"rendered":"WUSTHOF Classic Gem\u00fcsemesser 9 cm"},"content":{"rendered":"<p>Gerade, konische Klinge f\u00fcr dieses geradlinige und \u00e4u\u00dferst vielseitige Messer. Schneiden, Hacken, Sch\u00e4len und Dekorieren von Obst und Gem\u00fcse sind die h\u00e4ufigsten Verwendungszwecke dieses wirklich vielseitigen Modells. Wusthof hat diese Serie von Gem\u00fcsemessern entwickelt, um all jene Bed\u00fcrfnisse zu erf\u00fcllen, bei denen es auf Pr\u00e4zision und Handlichkeit ankommt. Diese unschlagbar effektiven Werkzeuge verdanken ihren Erfolg vor allem der gro\u00dfen Sorgfalt bei ihrer Herstellung: Der einzigartige Korpus aus geh\u00e4rtetem Edelstahl, die perfekte Passform des Griffs und der feine Schliff der Klinge sind die Eckpfeiler der Wusthof-Produktion in Solingen, Deutschland.<\/p>\n<p>Produkt-Details:<\/p>\n<p>Klinge aus rostfreiem Stahl.<br \/>\nAusgezeichnete Ergonomie.<br \/>\nPerfekte Balance f\u00fcr m\u00fcheloses Schneiden.<br \/>\nKein Spalt zwischen Griff und Klinge f\u00fcr perfekte Hygiene.<br \/>\nSchwarze Griffe aus Spezialkunststoff.<br \/>\nKonstante Sch\u00e4rfe auf Dauer, dank PEtec \u2013 W\u00dcSTHOFs Precision Edge Technology.<\/p>\n","protected":false},"excerpt":{"rendered":"<p>Gerade, konische Klinge f\u00fcr dieses geradlinige und \u00e4u\u00dferst vielseitige Messer. Schneiden, Hacken, Sch\u00e4len und Dekorieren von Obst und Gem\u00fcse sind die h\u00e4ufigsten Verwendungszwecke dieses wirklich vielseitigen Modells. Wusthof hat diese Serie von Gem\u00fcsemessern entwickelt, um all jene Bed\u00fcrfnisse zu erf\u00fcllen, bei denen es auf Pr\u00e4zision und Handlichkeit ankommt. Diese unschlagbar effektiven Werkzeuge verdanken ihren Erfolg [&hellip;]<\/p>\n","protected":false},"featured_media":6369176,"template":"","meta":{"_acf_changed":false},"product_cat":[12100,12105],"product_tag":[],"class_list":{"0":"post-55682","1":"product","2":"type-product","3":"status-publish","4":"has-post-thumbnail","6":"product_cat-kuche","7":"product_cat-kuechenmesser","9":"first","10":"instock","11":"taxable","12":"shipping-taxable","13":"purchasable","14":"product-type-simple","swatches":"rey-swatches","show_selected":"","stretch_labels":"rey-swatches--stretch-labels"},"acf":[],"yoast_head":"<!-- This site is optimized with the Yoast SEO plugin v25.4 - https:\/\/yoast.com\/wordpress\/plugins\/seo\/ -->\n<title>WUSTHOF Classic Gem\u00fcsemesser 9 cm - dev6 Erresse<\/title>\n<meta name=\"description\" content=\"Gerade, konische Klinge f\u00fcr dieses geradlinige und \u00e4u\u00dferst vielseitige Messer. Schneiden, Hacken, Sch\u00e4len und Dekorieren von Obst und Gem\u00fcse sind die\" \/>\n<meta name=\"robots\" content=\"noindex, follow, max-snippet:-1, max-image-preview:large, max-video-preview:-1\" \/>\n<meta property=\"og:locale\" content=\"de_DE\" \/>\n<meta property=\"og:type\" content=\"article\" \/>\n<meta property=\"og:title\" content=\"WUSTHOF Classic Gem\u00fcsemesser 9 cm - dev6 Erresse\" \/>\n<meta property=\"og:description\" content=\"Gerade, konische Klinge f\u00fcr dieses geradlinige und \u00e4u\u00dferst vielseitige Messer. Schneiden, Hacken, Sch\u00e4len und Dekorieren von Obst und Gem\u00fcse sind die\" \/>\n<meta property=\"og:url\" content=\"https:\/\/dev6.erresse-shop.it\/de\/shop\/kuche\/messer\/kuechenmesser\/wusthof-classic-gemuesemesser-9-cm\/\" \/>\n<meta property=\"og:site_name\" content=\"dev6 Erresse\" \/>\n<meta property=\"og:image\" content=\"https:\/\/interpim.erresse-shop.it\/img-catalogo\/wusthof\/wusthof-classic-spelucchino-9-cm.png\" \/><meta property=\"og:image\" content=\"https:\/\/interpim.erresse-shop.it\/img-catalogo\/wusthof\/wusthof-classic-spelucchino-9-cm.png\" \/>\n\t<meta property=\"og:image:width\" content=\"1024\" \/>\n\t<meta property=\"og:image:height\" content=\"1024\" \/>\n\t<meta property=\"og:image:type\" content=\"image\/jpeg\" \/>\n<meta name=\"twitter:card\" content=\"summary_large_image\" \/>\n<meta name=\"twitter:image\" content=\"https:\/\/interpim.erresse-shop.it\/img-catalogo\/wusthof\/wusthof-classic-spelucchino-9-cm.png\" \/>\n<script type=\"application\/ld+json\" class=\"yoast-schema-graph\">{\"@context\":\"https:\/\/schema.org\",\"@graph\":[{\"@type\":\"WebPage\",\"@id\":\"https:\/\/dev6.erresse-shop.it\/de\/shop\/kuche\/messer\/kuechenmesser\/wusthof-classic-gemuesemesser-9-cm\/\",\"url\":\"https:\/\/dev6.erresse-shop.it\/de\/shop\/kuche\/messer\/kuechenmesser\/wusthof-classic-gemuesemesser-9-cm\/\",\"name\":\"WUSTHOF Classic Gem\u00fcsemesser 9 cm - dev6 Erresse\",\"isPartOf\":{\"@id\":\"https:\/\/dev6.erresse-shop.it\/#website\"},\"primaryImageOfPage\":{\"@id\":\"https:\/\/dev6.erresse-shop.it\/de\/shop\/kuche\/messer\/kuechenmesser\/wusthof-classic-gemuesemesser-9-cm\/#primaryimage\"},\"image\":{\"@id\":\"https:\/\/dev6.erresse-shop.it\/de\/shop\/kuche\/messer\/kuechenmesser\/wusthof-classic-gemuesemesser-9-cm\/#primaryimage\"},\"thumbnailUrl\":\"https:\/\/i2.wp.com\/interpim.erresse-shop.it\/img-catalogo\/wusthof\/wusthof-classic-spelucchino-9-cm.png?ssl=1\",\"datePublished\":\"2026-04-12T09:31:25+00:00\",\"description\":\"Gerade, konische Klinge f\u00fcr dieses geradlinige und \u00e4u\u00dferst vielseitige Messer. Schneiden, Hacken, Sch\u00e4len und Dekorieren von Obst und Gem\u00fcse sind die\",\"breadcrumb\":{\"@id\":\"https:\/\/dev6.erresse-shop.it\/de\/shop\/kuche\/messer\/kuechenmesser\/wusthof-classic-gemuesemesser-9-cm\/#breadcrumb\"},\"inLanguage\":\"de\",\"potentialAction\":[{\"@type\":\"ReadAction\",\"target\":[\"https:\/\/dev6.erresse-shop.it\/de\/shop\/kuche\/messer\/kuechenmesser\/wusthof-classic-gemuesemesser-9-cm\/\"]}]},{\"@type\":\"ImageObject\",\"inLanguage\":\"de\",\"@id\":\"https:\/\/dev6.erresse-shop.it\/de\/shop\/kuche\/messer\/kuechenmesser\/wusthof-classic-gemuesemesser-9-cm\/#primaryimage\",\"url\":\"https:\/\/i2.wp.com\/interpim.erresse-shop.it\/img-catalogo\/wusthof\/wusthof-classic-spelucchino-9-cm.png?ssl=1\",\"contentUrl\":\"https:\/\/i2.wp.com\/interpim.erresse-shop.it\/img-catalogo\/wusthof\/wusthof-classic-spelucchino-9-cm.png?ssl=1\"},{\"@type\":\"BreadcrumbList\",\"@id\":\"https:\/\/dev6.erresse-shop.it\/de\/shop\/kuche\/messer\/kuechenmesser\/wusthof-classic-gemuesemesser-9-cm\/#breadcrumb\",\"itemListElement\":[{\"@type\":\"ListItem\",\"position\":1,\"name\":\"Home\",\"item\":\"https:\/\/dev6.erresse-shop.it\/\"},{\"@type\":\"ListItem\",\"position\":2,\"name\":\"Shop\",\"item\":\"https:\/\/dev6.erresse-shop.it\/shop\/\"},{\"@type\":\"ListItem\",\"position\":3,\"name\":\"WUSTHOF Classic Gem\u00fcsemesser 9 cm\"}]},{\"@type\":\"WebSite\",\"@id\":\"https:\/\/dev6.erresse-shop.it\/#website\",\"url\":\"https:\/\/dev6.erresse-shop.it\/\",\"name\":\"Erresse Shop\",\"description\":\"\",\"publisher\":{\"@id\":\"https:\/\/dev6.erresse-shop.it\/#organization\"},\"potentialAction\":[{\"@type\":\"SearchAction\",\"target\":{\"@type\":\"EntryPoint\",\"urlTemplate\":\"https:\/\/dev6.erresse-shop.it\/?s={search_term_string}\"},\"query-input\":{\"@type\":\"PropertyValueSpecification\",\"valueRequired\":true,\"valueName\":\"search_term_string\"}}],\"inLanguage\":\"de\"},{\"@type\":\"Organization\",\"@id\":\"https:\/\/dev6.erresse-shop.it\/#organization\",\"name\":\"Erresse Shop\",\"url\":\"https:\/\/dev6.erresse-shop.it\/\",\"logo\":{\"@type\":\"ImageObject\",\"inLanguage\":\"de\",\"@id\":\"https:\/\/dev6.erresse-shop.it\/#\/schema\/logo\/image\/\",\"url\":\"https:\/\/dev6.erresse-shop.it\/wp-content\/uploads\/2025\/01\/LOGO-ERRESSE-CLASSICO.svg\",\"contentUrl\":\"https:\/\/dev6.erresse-shop.it\/wp-content\/uploads\/2025\/01\/LOGO-ERRESSE-CLASSICO.svg\",\"caption\":\"Erresse Shop\"},\"image\":{\"@id\":\"https:\/\/dev6.erresse-shop.it\/#\/schema\/logo\/image\/\"}}]}<\/script>\n<!-- \/ Yoast SEO plugin. -->","yoast_head_json":{"title":"WUSTHOF Classic Gem\u00fcsemesser 9 cm - dev6 Erresse","description":"Gerade, konische Klinge f\u00fcr dieses geradlinige und \u00e4u\u00dferst vielseitige Messer. Schneiden, Hacken, Sch\u00e4len und Dekorieren von Obst und Gem\u00fcse sind die","robots":{"index":"noindex","follow":"follow","max-snippet":"max-snippet:-1","max-image-preview":"max-image-preview:large","max-video-preview":"max-video-preview:-1"},"og_locale":"de_DE","og_type":"article","og_title":"WUSTHOF Classic Gem\u00fcsemesser 9 cm - dev6 Erresse","og_description":"Gerade, konische Klinge f\u00fcr dieses geradlinige und \u00e4u\u00dferst vielseitige Messer. Schneiden, Hacken, Sch\u00e4len und Dekorieren von Obst und Gem\u00fcse sind die","og_url":"https:\/\/dev6.erresse-shop.it\/de\/shop\/kuche\/messer\/kuechenmesser\/wusthof-classic-gemuesemesser-9-cm\/","og_site_name":"dev6 Erresse","og_image":[{"url":"https:\/\/interpim.erresse-shop.it\/img-catalogo\/wusthof\/wusthof-classic-spelucchino-9-cm.png","type":"","width":"","height":""},{"url":"https:\/\/interpim.erresse-shop.it\/img-catalogo\/wusthof\/wusthof-classic-spelucchino-9-cm.png","width":1024,"height":1024,"type":"image\/jpeg"}],"twitter_card":"summary_large_image","twitter_image":"https:\/\/interpim.erresse-shop.it\/img-catalogo\/wusthof\/wusthof-classic-spelucchino-9-cm.png","schema":{"@context":"https:\/\/schema.org","@graph":[{"@type":"WebPage","@id":"https:\/\/dev6.erresse-shop.it\/de\/shop\/kuche\/messer\/kuechenmesser\/wusthof-classic-gemuesemesser-9-cm\/","url":"https:\/\/dev6.erresse-shop.it\/de\/shop\/kuche\/messer\/kuechenmesser\/wusthof-classic-gemuesemesser-9-cm\/","name":"WUSTHOF Classic Gem\u00fcsemesser 9 cm - dev6 Erresse","isPartOf":{"@id":"https:\/\/dev6.erresse-shop.it\/#website"},"primaryImageOfPage":{"@id":"https:\/\/dev6.erresse-shop.it\/de\/shop\/kuche\/messer\/kuechenmesser\/wusthof-classic-gemuesemesser-9-cm\/#primaryimage"},"image":{"@id":"https:\/\/dev6.erresse-shop.it\/de\/shop\/kuche\/messer\/kuechenmesser\/wusthof-classic-gemuesemesser-9-cm\/#primaryimage"},"thumbnailUrl":"https:\/\/i2.wp.com\/interpim.erresse-shop.it\/img-catalogo\/wusthof\/wusthof-classic-spelucchino-9-cm.png?ssl=1","datePublished":"2026-04-12T09:31:25+00:00","description":"Gerade, konische Klinge f\u00fcr dieses geradlinige und \u00e4u\u00dferst vielseitige Messer. Schneiden, Hacken, Sch\u00e4len und Dekorieren von Obst und Gem\u00fcse sind die","breadcrumb":{"@id":"https:\/\/dev6.erresse-shop.it\/de\/shop\/kuche\/messer\/kuechenmesser\/wusthof-classic-gemuesemesser-9-cm\/#breadcrumb"},"inLanguage":"de","potentialAction":[{"@type":"ReadAction","target":["https:\/\/dev6.erresse-shop.it\/de\/shop\/kuche\/messer\/kuechenmesser\/wusthof-classic-gemuesemesser-9-cm\/"]}]},{"@type":"ImageObject","inLanguage":"de","@id":"https:\/\/dev6.erresse-shop.it\/de\/shop\/kuche\/messer\/kuechenmesser\/wusthof-classic-gemuesemesser-9-cm\/#primaryimage","url":"https:\/\/i2.wp.com\/interpim.erresse-shop.it\/img-catalogo\/wusthof\/wusthof-classic-spelucchino-9-cm.png?ssl=1","contentUrl":"https:\/\/i2.wp.com\/interpim.erresse-shop.it\/img-catalogo\/wusthof\/wusthof-classic-spelucchino-9-cm.png?ssl=1"},{"@type":"BreadcrumbList","@id":"https:\/\/dev6.erresse-shop.it\/de\/shop\/kuche\/messer\/kuechenmesser\/wusthof-classic-gemuesemesser-9-cm\/#breadcrumb","itemListElement":[{"@type":"ListItem","position":1,"name":"Home","item":"https:\/\/dev6.erresse-shop.it\/"},{"@type":"ListItem","position":2,"name":"Shop","item":"https:\/\/dev6.erresse-shop.it\/shop\/"},{"@type":"ListItem","position":3,"name":"WUSTHOF Classic Gem\u00fcsemesser 9 cm"}]},{"@type":"WebSite","@id":"https:\/\/dev6.erresse-shop.it\/#website","url":"https:\/\/dev6.erresse-shop.it\/","name":"Erresse Shop","description":"","publisher":{"@id":"https:\/\/dev6.erresse-shop.it\/#organization"},"potentialAction":[{"@type":"SearchAction","target":{"@type":"EntryPoint","urlTemplate":"https:\/\/dev6.erresse-shop.it\/?s={search_term_string}"},"query-input":{"@type":"PropertyValueSpecification","valueRequired":true,"valueName":"search_term_string"}}],"inLanguage":"de"},{"@type":"Organization","@id":"https:\/\/dev6.erresse-shop.it\/#organization","name":"Erresse Shop","url":"https:\/\/dev6.erresse-shop.it\/","logo":{"@type":"ImageObject","inLanguage":"de","@id":"https:\/\/dev6.erresse-shop.it\/#\/schema\/logo\/image\/","url":"https:\/\/dev6.erresse-shop.it\/wp-content\/uploads\/2025\/01\/LOGO-ERRESSE-CLASSICO.svg","contentUrl":"https:\/\/dev6.erresse-shop.it\/wp-content\/uploads\/2025\/01\/LOGO-ERRESSE-CLASSICO.svg","caption":"Erresse Shop"},"image":{"@id":"https:\/\/dev6.erresse-shop.it\/#\/schema\/logo\/image\/"}}]}},"df_price":69,"df_sale_price":"","df_regular_price":69,"df_image_link":"https:\/\/i2.wp.com\/interpim.erresse-shop.it\/img-catalogo\/wusthof\/wusthof-classic-spelucchino-9-cm.png?resize=300,300&ssl=1","fifu_image_url":"https:\/\/interpim.erresse-shop.it\/img-catalogo\/wusthof\/wusthof-classic-spelucchino-9-cm.png","_links":{"self":[{"href":"https:\/\/dev6.erresse-shop.it\/de\/wp-json\/wp\/v2\/product\/55682","targetHints":{"allow":["GET"]}}],"collection":[{"href":"https:\/\/dev6.erresse-shop.it\/de\/wp-json\/wp\/v2\/product"}],"about":[{"href":"https:\/\/dev6.erresse-shop.it\/de\/wp-json\/wp\/v2\/types\/product"}],"wp:featuredmedia":[{"embeddable":true,"href":"https:\/\/dev6.erresse-shop.it\/de\/wp-json\/wp\/v2\/media\/6369176"}],"wp:attachment":[{"href":"https:\/\/dev6.erresse-shop.it\/de\/wp-json\/wp\/v2\/media?parent=55682"}],"wp:term":[{"taxonomy":"product_cat","embeddable":true,"href":"https:\/\/dev6.erresse-shop.it\/de\/wp-json\/wp\/v2\/product_cat?post=55682"},{"taxonomy":"product_tag","embeddable":true,"href":"https:\/\/dev6.erresse-shop.it\/de\/wp-json\/wp\/v2\/product_tag?post=55682"}],"curies":[{"name":"wp","href":"https:\/\/api.w.org\/{rel}","templated":true}]}}