{"id":55677,"date":"2026-04-12T11:31:25","date_gmt":"2026-04-12T09:31:25","guid":{"rendered":"https:\/\/dev6.erresse-shop.it\/shop\/unkategorisiert\/imperia-nudelmaschine-ipasta-raue\/"},"modified":"2026-01-21T20:13:59","modified_gmt":"2026-01-21T19:13:59","slug":"imperia-nudelmaschine-ipasta-raue","status":"publish","type":"product","link":"https:\/\/dev6.erresse-shop.it\/de\/shop\/kuche\/nudelmaschinen\/imperia-nudelmaschine-ipasta-raue\/","title":{"rendered":"IMPERIA Nudelmaschine iPasta Raue"},"content":{"rendered":"<p>Die iPasta Classica Ruvida von Imperia, hergestellt in Italien, ist ein Wunderwerk der Nudelherstellungstechnologie. Diese robuste Maschine aus verchromtem Stahl verf\u00fcgt \u00fcber einzigartige Walzen, die eine raue, rustikale Pastatextur erzeugen, die sich perfekt zum Verfeinern herzhafter So\u00dfen eignet. Mit ihren sechs einstellbaren St\u00e4rken bieten die Walzen Vielseitigkeit f\u00fcr verschiedene Nudelsorten. Der mitgelieferte Duplex-Abschneider erm\u00f6glicht die Herstellung von zwei beliebten Nudelformen: Tagliatelle und Fettuccine. Die iPasta Classica Ruvida ist ideal f\u00fcr alle, die die Nuancen von hausgemachter Pasta mit traditioneller Textur sch\u00e4tzen.<\/p>\n<p>Hauptmerkmale:<\/p>\n<p>Italienische Handwerkskunst: Langlebige Konstruktion aus verchromtem Stahl<br \/>\nDuplex-Schneider: Bietet mit seinem vielseitigen Aufsatz flexible M\u00f6glichkeiten der Nudelherstellung<br \/>\nRustikale Walzen: Erzeugt Pasta mit einer einzigartigen Textur f\u00fcr eine bessere So\u00dfenbindung<\/p>\n","protected":false},"excerpt":{"rendered":"<p>Die iPasta Classica Ruvida von Imperia, hergestellt in Italien, ist ein Wunderwerk der Nudelherstellungstechnologie. Diese robuste Maschine aus verchromtem Stahl verf\u00fcgt \u00fcber einzigartige Walzen, die eine raue, rustikale Pastatextur erzeugen, die sich perfekt zum Verfeinern herzhafter So\u00dfen eignet. Mit ihren sechs einstellbaren St\u00e4rken bieten die Walzen Vielseitigkeit f\u00fcr verschiedene Nudelsorten. Der mitgelieferte Duplex-Abschneider erm\u00f6glicht die [&hellip;]<\/p>\n","protected":false},"featured_media":6369170,"template":"","meta":{"_acf_changed":false},"product_cat":[11668,12100,12160],"product_tag":[],"class_list":{"0":"post-55677","1":"product","2":"type-product","3":"status-publish","4":"has-post-thumbnail","6":"product_cat-cucina","7":"product_cat-kuche","8":"product_cat-nudelmaschinen","10":"first","11":"instock","12":"sale","13":"taxable","14":"shipping-taxable","15":"purchasable","16":"product-type-simple","swatches":"rey-swatches","show_selected":"","stretch_labels":"rey-swatches--stretch-labels"},"acf":[],"yoast_head":"<!-- This site is optimized with the Yoast SEO plugin v25.4 - https:\/\/yoast.com\/wordpress\/plugins\/seo\/ -->\n<title>IMPERIA Nudelmaschine iPasta Raue - dev6 Erresse<\/title>\n<meta name=\"description\" content=\"Die iPasta Classica Ruvida von Imperia, hergestellt in Italien, ist ein Wunderwerk der Nudelherstellungstechnologie. Diese robuste Maschine aus\" \/>\n<meta name=\"robots\" content=\"noindex, follow, max-snippet:-1, max-image-preview:large, max-video-preview:-1\" \/>\n<meta property=\"og:locale\" content=\"de_DE\" \/>\n<meta property=\"og:type\" content=\"article\" \/>\n<meta property=\"og:title\" content=\"IMPERIA Nudelmaschine iPasta Raue - dev6 Erresse\" \/>\n<meta property=\"og:description\" content=\"Die iPasta Classica Ruvida von Imperia, hergestellt in Italien, ist ein Wunderwerk der Nudelherstellungstechnologie. Diese robuste Maschine aus\" \/>\n<meta property=\"og:url\" content=\"https:\/\/dev6.erresse-shop.it\/de\/shop\/kuche\/nudelmaschinen\/imperia-nudelmaschine-ipasta-raue\/\" \/>\n<meta property=\"og:site_name\" content=\"dev6 Erresse\" \/>\n<meta property=\"og:image\" content=\"https:\/\/interpim.erresse-shop.it\/Import\/Prodotti\/imperia-macchina-per-pasta-ipasta-ruvida.jpg\" \/><meta property=\"og:image\" content=\"https:\/\/interpim.erresse-shop.it\/Import\/Prodotti\/imperia-macchina-per-pasta-ipasta-ruvida.jpg\" \/>\n\t<meta property=\"og:image:width\" content=\"1024\" \/>\n\t<meta property=\"og:image:height\" content=\"1024\" \/>\n\t<meta property=\"og:image:type\" content=\"image\/jpeg\" \/>\n<meta name=\"twitter:card\" content=\"summary_large_image\" \/>\n<meta name=\"twitter:image\" content=\"https:\/\/interpim.erresse-shop.it\/Import\/Prodotti\/imperia-macchina-per-pasta-ipasta-ruvida.jpg\" \/>\n<script type=\"application\/ld+json\" class=\"yoast-schema-graph\">{\"@context\":\"https:\/\/schema.org\",\"@graph\":[{\"@type\":\"WebPage\",\"@id\":\"https:\/\/dev6.erresse-shop.it\/de\/shop\/kuche\/nudelmaschinen\/imperia-nudelmaschine-ipasta-raue\/\",\"url\":\"https:\/\/dev6.erresse-shop.it\/de\/shop\/kuche\/nudelmaschinen\/imperia-nudelmaschine-ipasta-raue\/\",\"name\":\"IMPERIA Nudelmaschine iPasta Raue - dev6 Erresse\",\"isPartOf\":{\"@id\":\"https:\/\/dev6.erresse-shop.it\/#website\"},\"primaryImageOfPage\":{\"@id\":\"https:\/\/dev6.erresse-shop.it\/de\/shop\/kuche\/nudelmaschinen\/imperia-nudelmaschine-ipasta-raue\/#primaryimage\"},\"image\":{\"@id\":\"https:\/\/dev6.erresse-shop.it\/de\/shop\/kuche\/nudelmaschinen\/imperia-nudelmaschine-ipasta-raue\/#primaryimage\"},\"thumbnailUrl\":\"https:\/\/i2.wp.com\/interpim.erresse-shop.it\/Import\/Prodotti\/imperia-macchina-per-pasta-ipasta-ruvida.jpg?ssl=1\",\"datePublished\":\"2026-04-12T09:31:25+00:00\",\"description\":\"Die iPasta Classica Ruvida von Imperia, hergestellt in Italien, ist ein Wunderwerk der Nudelherstellungstechnologie. Diese robuste Maschine aus\",\"breadcrumb\":{\"@id\":\"https:\/\/dev6.erresse-shop.it\/de\/shop\/kuche\/nudelmaschinen\/imperia-nudelmaschine-ipasta-raue\/#breadcrumb\"},\"inLanguage\":\"de\",\"potentialAction\":[{\"@type\":\"ReadAction\",\"target\":[\"https:\/\/dev6.erresse-shop.it\/de\/shop\/kuche\/nudelmaschinen\/imperia-nudelmaschine-ipasta-raue\/\"]}]},{\"@type\":\"ImageObject\",\"inLanguage\":\"de\",\"@id\":\"https:\/\/dev6.erresse-shop.it\/de\/shop\/kuche\/nudelmaschinen\/imperia-nudelmaschine-ipasta-raue\/#primaryimage\",\"url\":\"https:\/\/i2.wp.com\/interpim.erresse-shop.it\/Import\/Prodotti\/imperia-macchina-per-pasta-ipasta-ruvida.jpg?ssl=1\",\"contentUrl\":\"https:\/\/i2.wp.com\/interpim.erresse-shop.it\/Import\/Prodotti\/imperia-macchina-per-pasta-ipasta-ruvida.jpg?ssl=1\"},{\"@type\":\"BreadcrumbList\",\"@id\":\"https:\/\/dev6.erresse-shop.it\/de\/shop\/kuche\/nudelmaschinen\/imperia-nudelmaschine-ipasta-raue\/#breadcrumb\",\"itemListElement\":[{\"@type\":\"ListItem\",\"position\":1,\"name\":\"Home\",\"item\":\"https:\/\/dev6.erresse-shop.it\/\"},{\"@type\":\"ListItem\",\"position\":2,\"name\":\"Shop\",\"item\":\"https:\/\/dev6.erresse-shop.it\/shop\/\"},{\"@type\":\"ListItem\",\"position\":3,\"name\":\"IMPERIA Nudelmaschine iPasta Raue\"}]},{\"@type\":\"WebSite\",\"@id\":\"https:\/\/dev6.erresse-shop.it\/#website\",\"url\":\"https:\/\/dev6.erresse-shop.it\/\",\"name\":\"Erresse Shop\",\"description\":\"\",\"publisher\":{\"@id\":\"https:\/\/dev6.erresse-shop.it\/#organization\"},\"potentialAction\":[{\"@type\":\"SearchAction\",\"target\":{\"@type\":\"EntryPoint\",\"urlTemplate\":\"https:\/\/dev6.erresse-shop.it\/?s={search_term_string}\"},\"query-input\":{\"@type\":\"PropertyValueSpecification\",\"valueRequired\":true,\"valueName\":\"search_term_string\"}}],\"inLanguage\":\"de\"},{\"@type\":\"Organization\",\"@id\":\"https:\/\/dev6.erresse-shop.it\/#organization\",\"name\":\"Erresse Shop\",\"url\":\"https:\/\/dev6.erresse-shop.it\/\",\"logo\":{\"@type\":\"ImageObject\",\"inLanguage\":\"de\",\"@id\":\"https:\/\/dev6.erresse-shop.it\/#\/schema\/logo\/image\/\",\"url\":\"https:\/\/dev6.erresse-shop.it\/wp-content\/uploads\/2025\/01\/LOGO-ERRESSE-CLASSICO.svg\",\"contentUrl\":\"https:\/\/dev6.erresse-shop.it\/wp-content\/uploads\/2025\/01\/LOGO-ERRESSE-CLASSICO.svg\",\"caption\":\"Erresse Shop\"},\"image\":{\"@id\":\"https:\/\/dev6.erresse-shop.it\/#\/schema\/logo\/image\/\"}}]}<\/script>\n<!-- \/ Yoast SEO plugin. -->","yoast_head_json":{"title":"IMPERIA Nudelmaschine iPasta Raue - dev6 Erresse","description":"Die iPasta Classica Ruvida von Imperia, hergestellt in Italien, ist ein Wunderwerk der Nudelherstellungstechnologie. Diese robuste Maschine aus","robots":{"index":"noindex","follow":"follow","max-snippet":"max-snippet:-1","max-image-preview":"max-image-preview:large","max-video-preview":"max-video-preview:-1"},"og_locale":"de_DE","og_type":"article","og_title":"IMPERIA Nudelmaschine iPasta Raue - dev6 Erresse","og_description":"Die iPasta Classica Ruvida von Imperia, hergestellt in Italien, ist ein Wunderwerk der Nudelherstellungstechnologie. Diese robuste Maschine aus","og_url":"https:\/\/dev6.erresse-shop.it\/de\/shop\/kuche\/nudelmaschinen\/imperia-nudelmaschine-ipasta-raue\/","og_site_name":"dev6 Erresse","og_image":[{"url":"https:\/\/interpim.erresse-shop.it\/Import\/Prodotti\/imperia-macchina-per-pasta-ipasta-ruvida.jpg","type":"","width":"","height":""},{"url":"https:\/\/interpim.erresse-shop.it\/Import\/Prodotti\/imperia-macchina-per-pasta-ipasta-ruvida.jpg","width":1024,"height":1024,"type":"image\/jpeg"}],"twitter_card":"summary_large_image","twitter_image":"https:\/\/interpim.erresse-shop.it\/Import\/Prodotti\/imperia-macchina-per-pasta-ipasta-ruvida.jpg","schema":{"@context":"https:\/\/schema.org","@graph":[{"@type":"WebPage","@id":"https:\/\/dev6.erresse-shop.it\/de\/shop\/kuche\/nudelmaschinen\/imperia-nudelmaschine-ipasta-raue\/","url":"https:\/\/dev6.erresse-shop.it\/de\/shop\/kuche\/nudelmaschinen\/imperia-nudelmaschine-ipasta-raue\/","name":"IMPERIA Nudelmaschine iPasta Raue - dev6 Erresse","isPartOf":{"@id":"https:\/\/dev6.erresse-shop.it\/#website"},"primaryImageOfPage":{"@id":"https:\/\/dev6.erresse-shop.it\/de\/shop\/kuche\/nudelmaschinen\/imperia-nudelmaschine-ipasta-raue\/#primaryimage"},"image":{"@id":"https:\/\/dev6.erresse-shop.it\/de\/shop\/kuche\/nudelmaschinen\/imperia-nudelmaschine-ipasta-raue\/#primaryimage"},"thumbnailUrl":"https:\/\/i2.wp.com\/interpim.erresse-shop.it\/Import\/Prodotti\/imperia-macchina-per-pasta-ipasta-ruvida.jpg?ssl=1","datePublished":"2026-04-12T09:31:25+00:00","description":"Die iPasta Classica Ruvida von Imperia, hergestellt in Italien, ist ein Wunderwerk der Nudelherstellungstechnologie. Diese robuste Maschine aus","breadcrumb":{"@id":"https:\/\/dev6.erresse-shop.it\/de\/shop\/kuche\/nudelmaschinen\/imperia-nudelmaschine-ipasta-raue\/#breadcrumb"},"inLanguage":"de","potentialAction":[{"@type":"ReadAction","target":["https:\/\/dev6.erresse-shop.it\/de\/shop\/kuche\/nudelmaschinen\/imperia-nudelmaschine-ipasta-raue\/"]}]},{"@type":"ImageObject","inLanguage":"de","@id":"https:\/\/dev6.erresse-shop.it\/de\/shop\/kuche\/nudelmaschinen\/imperia-nudelmaschine-ipasta-raue\/#primaryimage","url":"https:\/\/i2.wp.com\/interpim.erresse-shop.it\/Import\/Prodotti\/imperia-macchina-per-pasta-ipasta-ruvida.jpg?ssl=1","contentUrl":"https:\/\/i2.wp.com\/interpim.erresse-shop.it\/Import\/Prodotti\/imperia-macchina-per-pasta-ipasta-ruvida.jpg?ssl=1"},{"@type":"BreadcrumbList","@id":"https:\/\/dev6.erresse-shop.it\/de\/shop\/kuche\/nudelmaschinen\/imperia-nudelmaschine-ipasta-raue\/#breadcrumb","itemListElement":[{"@type":"ListItem","position":1,"name":"Home","item":"https:\/\/dev6.erresse-shop.it\/"},{"@type":"ListItem","position":2,"name":"Shop","item":"https:\/\/dev6.erresse-shop.it\/shop\/"},{"@type":"ListItem","position":3,"name":"IMPERIA Nudelmaschine iPasta Raue"}]},{"@type":"WebSite","@id":"https:\/\/dev6.erresse-shop.it\/#website","url":"https:\/\/dev6.erresse-shop.it\/","name":"Erresse Shop","description":"","publisher":{"@id":"https:\/\/dev6.erresse-shop.it\/#organization"},"potentialAction":[{"@type":"SearchAction","target":{"@type":"EntryPoint","urlTemplate":"https:\/\/dev6.erresse-shop.it\/?s={search_term_string}"},"query-input":{"@type":"PropertyValueSpecification","valueRequired":true,"valueName":"search_term_string"}}],"inLanguage":"de"},{"@type":"Organization","@id":"https:\/\/dev6.erresse-shop.it\/#organization","name":"Erresse Shop","url":"https:\/\/dev6.erresse-shop.it\/","logo":{"@type":"ImageObject","inLanguage":"de","@id":"https:\/\/dev6.erresse-shop.it\/#\/schema\/logo\/image\/","url":"https:\/\/dev6.erresse-shop.it\/wp-content\/uploads\/2025\/01\/LOGO-ERRESSE-CLASSICO.svg","contentUrl":"https:\/\/dev6.erresse-shop.it\/wp-content\/uploads\/2025\/01\/LOGO-ERRESSE-CLASSICO.svg","caption":"Erresse Shop"},"image":{"@id":"https:\/\/dev6.erresse-shop.it\/#\/schema\/logo\/image\/"}}]}},"df_price":99,"df_sale_price":99,"df_regular_price":169.3,"df_image_link":"https:\/\/i2.wp.com\/interpim.erresse-shop.it\/Import\/Prodotti\/imperia-macchina-per-pasta-ipasta-ruvida.jpg?resize=300,300&ssl=1","fifu_image_url":"https:\/\/interpim.erresse-shop.it\/Import\/Prodotti\/imperia-macchina-per-pasta-ipasta-ruvida.jpg","_links":{"self":[{"href":"https:\/\/dev6.erresse-shop.it\/de\/wp-json\/wp\/v2\/product\/55677","targetHints":{"allow":["GET"]}}],"collection":[{"href":"https:\/\/dev6.erresse-shop.it\/de\/wp-json\/wp\/v2\/product"}],"about":[{"href":"https:\/\/dev6.erresse-shop.it\/de\/wp-json\/wp\/v2\/types\/product"}],"wp:featuredmedia":[{"embeddable":true,"href":"https:\/\/dev6.erresse-shop.it\/de\/wp-json\/wp\/v2\/media\/6369170"}],"wp:attachment":[{"href":"https:\/\/dev6.erresse-shop.it\/de\/wp-json\/wp\/v2\/media?parent=55677"}],"wp:term":[{"taxonomy":"product_cat","embeddable":true,"href":"https:\/\/dev6.erresse-shop.it\/de\/wp-json\/wp\/v2\/product_cat?post=55677"},{"taxonomy":"product_tag","embeddable":true,"href":"https:\/\/dev6.erresse-shop.it\/de\/wp-json\/wp\/v2\/product_tag?post=55677"}],"curies":[{"name":"wp","href":"https:\/\/api.w.org\/{rel}","templated":true}]}}