{"id":55661,"date":"2026-04-12T11:31:25","date_gmt":"2026-04-12T09:31:25","guid":{"rendered":"https:\/\/dev6.erresse-shop.it\/shop\/unkategorisiert\/wusthof-classic-kochmesser-16-cm\/"},"modified":"2025-11-22T17:50:52","modified_gmt":"2025-11-22T16:50:52","slug":"wusthof-classic-kochmesser-16-cm","status":"publish","type":"product","link":"https:\/\/dev6.erresse-shop.it\/de\/shop\/kuche\/messer\/kuechenmesser\/wusthof-classic-kochmesser-16-cm\/","title":{"rendered":"WUSTHOF Classic Kochmesser 16 cm"},"content":{"rendered":"<p>Dieses Messer ist ein unverzichtbares Werkzeug f\u00fcr den Profikoch. Es ist hochpr\u00e4zise und robust und erm\u00f6glicht dank seiner optimalen Gewichtsverteilung und des ergonomischen Griffs, der in Zusammenarbeit mit K\u00f6chen und Experten entwickelt wurde, eine m\u00fchelose intensive Nutzung. Der sehr feine Schliff der Klinge macht es unglaublich effektiv beim Hacken und Schneiden von Fleisch, Fisch und Gem\u00fcse. Vorsicht, wenn Sie es zum Schneiden von Knochen verwenden, besch\u00e4digen Sie den feinen Schnitt.<\/p>\n<p>Produkt-Details:<\/p>\n<p>Klinge aus rostfreiem Stahl<br \/>\nAusgezeichnete Ergonomie.<br \/>\nPerfekte Balance f\u00fcr m\u00fcheloses Schneiden.<br \/>\nKein Spalt zwischen Griff und Klinge f\u00fcr perfekte Hygiene.<br \/>\nSchwarze Griffe aus Spezialkunststoff.<br \/>\nKonstante Sch\u00e4rfe auf Dauer dank PEtec \u2013 der Precision Edge Technology von W\u00dcSTHOF.<\/p>\n","protected":false},"excerpt":{"rendered":"<p>Dieses Messer ist ein unverzichtbares Werkzeug f\u00fcr den Profikoch. Es ist hochpr\u00e4zise und robust und erm\u00f6glicht dank seiner optimalen Gewichtsverteilung und des ergonomischen Griffs, der in Zusammenarbeit mit K\u00f6chen und Experten entwickelt wurde, eine m\u00fchelose intensive Nutzung. Der sehr feine Schliff der Klinge macht es unglaublich effektiv beim Hacken und Schneiden von Fleisch, Fisch und [&hellip;]<\/p>\n","protected":false},"featured_media":6369154,"template":"","meta":{"_acf_changed":false},"product_cat":[12100,12105],"product_tag":[],"class_list":{"0":"post-55661","1":"product","2":"type-product","3":"status-publish","4":"has-post-thumbnail","6":"product_cat-kuche","7":"product_cat-kuechenmesser","9":"first","10":"instock","11":"sale","12":"taxable","13":"shipping-taxable","14":"purchasable","15":"product-type-simple","swatches":"rey-swatches","show_selected":"","stretch_labels":"rey-swatches--stretch-labels"},"acf":[],"yoast_head":"<!-- This site is optimized with the Yoast SEO plugin v25.4 - https:\/\/yoast.com\/wordpress\/plugins\/seo\/ -->\n<title>WUSTHOF Classic Kochmesser 16 cm - dev6 Erresse<\/title>\n<meta name=\"description\" content=\"Dieses Messer ist ein unverzichtbares Werkzeug f\u00fcr den Profikoch. Es ist hochpr\u00e4zise und robust und erm\u00f6glicht dank seiner optimalen Gewichtsverteilung\" \/>\n<meta name=\"robots\" content=\"noindex, follow, max-snippet:-1, max-image-preview:large, max-video-preview:-1\" \/>\n<meta property=\"og:locale\" content=\"de_DE\" \/>\n<meta property=\"og:type\" content=\"article\" \/>\n<meta property=\"og:title\" content=\"WUSTHOF Classic Kochmesser 16 cm - dev6 Erresse\" \/>\n<meta property=\"og:description\" content=\"Dieses Messer ist ein unverzichtbares Werkzeug f\u00fcr den Profikoch. Es ist hochpr\u00e4zise und robust und erm\u00f6glicht dank seiner optimalen Gewichtsverteilung\" \/>\n<meta property=\"og:url\" content=\"https:\/\/dev6.erresse-shop.it\/de\/shop\/kuche\/messer\/kuechenmesser\/wusthof-classic-kochmesser-16-cm\/\" \/>\n<meta property=\"og:site_name\" content=\"dev6 Erresse\" \/>\n<meta property=\"og:image\" content=\"https:\/\/interpim.erresse-shop.it\/img-catalogo\/wusthof\/wusthof-classic-coltello-chef-16-cm.png\" \/><meta property=\"og:image\" content=\"https:\/\/interpim.erresse-shop.it\/img-catalogo\/wusthof\/wusthof-classic-coltello-chef-16-cm.png\" \/>\n\t<meta property=\"og:image:width\" content=\"1024\" \/>\n\t<meta property=\"og:image:height\" content=\"1024\" \/>\n\t<meta property=\"og:image:type\" content=\"image\/jpeg\" \/>\n<meta name=\"twitter:card\" content=\"summary_large_image\" \/>\n<meta name=\"twitter:image\" content=\"https:\/\/interpim.erresse-shop.it\/img-catalogo\/wusthof\/wusthof-classic-coltello-chef-16-cm.png\" \/>\n<script type=\"application\/ld+json\" class=\"yoast-schema-graph\">{\"@context\":\"https:\/\/schema.org\",\"@graph\":[{\"@type\":\"WebPage\",\"@id\":\"https:\/\/dev6.erresse-shop.it\/de\/shop\/kuche\/messer\/kuechenmesser\/wusthof-classic-kochmesser-16-cm\/\",\"url\":\"https:\/\/dev6.erresse-shop.it\/de\/shop\/kuche\/messer\/kuechenmesser\/wusthof-classic-kochmesser-16-cm\/\",\"name\":\"WUSTHOF Classic Kochmesser 16 cm - dev6 Erresse\",\"isPartOf\":{\"@id\":\"https:\/\/dev6.erresse-shop.it\/#website\"},\"primaryImageOfPage\":{\"@id\":\"https:\/\/dev6.erresse-shop.it\/de\/shop\/kuche\/messer\/kuechenmesser\/wusthof-classic-kochmesser-16-cm\/#primaryimage\"},\"image\":{\"@id\":\"https:\/\/dev6.erresse-shop.it\/de\/shop\/kuche\/messer\/kuechenmesser\/wusthof-classic-kochmesser-16-cm\/#primaryimage\"},\"thumbnailUrl\":\"https:\/\/i2.wp.com\/interpim.erresse-shop.it\/img-catalogo\/wusthof\/wusthof-classic-coltello-chef-16-cm.png?ssl=1\",\"datePublished\":\"2026-04-12T09:31:25+00:00\",\"description\":\"Dieses Messer ist ein unverzichtbares Werkzeug f\u00fcr den Profikoch. Es ist hochpr\u00e4zise und robust und erm\u00f6glicht dank seiner optimalen Gewichtsverteilung\",\"breadcrumb\":{\"@id\":\"https:\/\/dev6.erresse-shop.it\/de\/shop\/kuche\/messer\/kuechenmesser\/wusthof-classic-kochmesser-16-cm\/#breadcrumb\"},\"inLanguage\":\"de\",\"potentialAction\":[{\"@type\":\"ReadAction\",\"target\":[\"https:\/\/dev6.erresse-shop.it\/de\/shop\/kuche\/messer\/kuechenmesser\/wusthof-classic-kochmesser-16-cm\/\"]}]},{\"@type\":\"ImageObject\",\"inLanguage\":\"de\",\"@id\":\"https:\/\/dev6.erresse-shop.it\/de\/shop\/kuche\/messer\/kuechenmesser\/wusthof-classic-kochmesser-16-cm\/#primaryimage\",\"url\":\"https:\/\/i2.wp.com\/interpim.erresse-shop.it\/img-catalogo\/wusthof\/wusthof-classic-coltello-chef-16-cm.png?ssl=1\",\"contentUrl\":\"https:\/\/i2.wp.com\/interpim.erresse-shop.it\/img-catalogo\/wusthof\/wusthof-classic-coltello-chef-16-cm.png?ssl=1\"},{\"@type\":\"BreadcrumbList\",\"@id\":\"https:\/\/dev6.erresse-shop.it\/de\/shop\/kuche\/messer\/kuechenmesser\/wusthof-classic-kochmesser-16-cm\/#breadcrumb\",\"itemListElement\":[{\"@type\":\"ListItem\",\"position\":1,\"name\":\"Home\",\"item\":\"https:\/\/dev6.erresse-shop.it\/\"},{\"@type\":\"ListItem\",\"position\":2,\"name\":\"Shop\",\"item\":\"https:\/\/dev6.erresse-shop.it\/shop\/\"},{\"@type\":\"ListItem\",\"position\":3,\"name\":\"WUSTHOF Classic Kochmesser 16 cm\"}]},{\"@type\":\"WebSite\",\"@id\":\"https:\/\/dev6.erresse-shop.it\/#website\",\"url\":\"https:\/\/dev6.erresse-shop.it\/\",\"name\":\"Erresse Shop\",\"description\":\"\",\"publisher\":{\"@id\":\"https:\/\/dev6.erresse-shop.it\/#organization\"},\"potentialAction\":[{\"@type\":\"SearchAction\",\"target\":{\"@type\":\"EntryPoint\",\"urlTemplate\":\"https:\/\/dev6.erresse-shop.it\/?s={search_term_string}\"},\"query-input\":{\"@type\":\"PropertyValueSpecification\",\"valueRequired\":true,\"valueName\":\"search_term_string\"}}],\"inLanguage\":\"de\"},{\"@type\":\"Organization\",\"@id\":\"https:\/\/dev6.erresse-shop.it\/#organization\",\"name\":\"Erresse Shop\",\"url\":\"https:\/\/dev6.erresse-shop.it\/\",\"logo\":{\"@type\":\"ImageObject\",\"inLanguage\":\"de\",\"@id\":\"https:\/\/dev6.erresse-shop.it\/#\/schema\/logo\/image\/\",\"url\":\"https:\/\/dev6.erresse-shop.it\/wp-content\/uploads\/2025\/01\/LOGO-ERRESSE-CLASSICO.svg\",\"contentUrl\":\"https:\/\/dev6.erresse-shop.it\/wp-content\/uploads\/2025\/01\/LOGO-ERRESSE-CLASSICO.svg\",\"caption\":\"Erresse Shop\"},\"image\":{\"@id\":\"https:\/\/dev6.erresse-shop.it\/#\/schema\/logo\/image\/\"}}]}<\/script>\n<!-- \/ Yoast SEO plugin. -->","yoast_head_json":{"title":"WUSTHOF Classic Kochmesser 16 cm - dev6 Erresse","description":"Dieses Messer ist ein unverzichtbares Werkzeug f\u00fcr den Profikoch. Es ist hochpr\u00e4zise und robust und erm\u00f6glicht dank seiner optimalen Gewichtsverteilung","robots":{"index":"noindex","follow":"follow","max-snippet":"max-snippet:-1","max-image-preview":"max-image-preview:large","max-video-preview":"max-video-preview:-1"},"og_locale":"de_DE","og_type":"article","og_title":"WUSTHOF Classic Kochmesser 16 cm - dev6 Erresse","og_description":"Dieses Messer ist ein unverzichtbares Werkzeug f\u00fcr den Profikoch. Es ist hochpr\u00e4zise und robust und erm\u00f6glicht dank seiner optimalen Gewichtsverteilung","og_url":"https:\/\/dev6.erresse-shop.it\/de\/shop\/kuche\/messer\/kuechenmesser\/wusthof-classic-kochmesser-16-cm\/","og_site_name":"dev6 Erresse","og_image":[{"url":"https:\/\/interpim.erresse-shop.it\/img-catalogo\/wusthof\/wusthof-classic-coltello-chef-16-cm.png","type":"","width":"","height":""},{"url":"https:\/\/interpim.erresse-shop.it\/img-catalogo\/wusthof\/wusthof-classic-coltello-chef-16-cm.png","width":1024,"height":1024,"type":"image\/jpeg"}],"twitter_card":"summary_large_image","twitter_image":"https:\/\/interpim.erresse-shop.it\/img-catalogo\/wusthof\/wusthof-classic-coltello-chef-16-cm.png","schema":{"@context":"https:\/\/schema.org","@graph":[{"@type":"WebPage","@id":"https:\/\/dev6.erresse-shop.it\/de\/shop\/kuche\/messer\/kuechenmesser\/wusthof-classic-kochmesser-16-cm\/","url":"https:\/\/dev6.erresse-shop.it\/de\/shop\/kuche\/messer\/kuechenmesser\/wusthof-classic-kochmesser-16-cm\/","name":"WUSTHOF Classic Kochmesser 16 cm - dev6 Erresse","isPartOf":{"@id":"https:\/\/dev6.erresse-shop.it\/#website"},"primaryImageOfPage":{"@id":"https:\/\/dev6.erresse-shop.it\/de\/shop\/kuche\/messer\/kuechenmesser\/wusthof-classic-kochmesser-16-cm\/#primaryimage"},"image":{"@id":"https:\/\/dev6.erresse-shop.it\/de\/shop\/kuche\/messer\/kuechenmesser\/wusthof-classic-kochmesser-16-cm\/#primaryimage"},"thumbnailUrl":"https:\/\/i2.wp.com\/interpim.erresse-shop.it\/img-catalogo\/wusthof\/wusthof-classic-coltello-chef-16-cm.png?ssl=1","datePublished":"2026-04-12T09:31:25+00:00","description":"Dieses Messer ist ein unverzichtbares Werkzeug f\u00fcr den Profikoch. Es ist hochpr\u00e4zise und robust und erm\u00f6glicht dank seiner optimalen Gewichtsverteilung","breadcrumb":{"@id":"https:\/\/dev6.erresse-shop.it\/de\/shop\/kuche\/messer\/kuechenmesser\/wusthof-classic-kochmesser-16-cm\/#breadcrumb"},"inLanguage":"de","potentialAction":[{"@type":"ReadAction","target":["https:\/\/dev6.erresse-shop.it\/de\/shop\/kuche\/messer\/kuechenmesser\/wusthof-classic-kochmesser-16-cm\/"]}]},{"@type":"ImageObject","inLanguage":"de","@id":"https:\/\/dev6.erresse-shop.it\/de\/shop\/kuche\/messer\/kuechenmesser\/wusthof-classic-kochmesser-16-cm\/#primaryimage","url":"https:\/\/i2.wp.com\/interpim.erresse-shop.it\/img-catalogo\/wusthof\/wusthof-classic-coltello-chef-16-cm.png?ssl=1","contentUrl":"https:\/\/i2.wp.com\/interpim.erresse-shop.it\/img-catalogo\/wusthof\/wusthof-classic-coltello-chef-16-cm.png?ssl=1"},{"@type":"BreadcrumbList","@id":"https:\/\/dev6.erresse-shop.it\/de\/shop\/kuche\/messer\/kuechenmesser\/wusthof-classic-kochmesser-16-cm\/#breadcrumb","itemListElement":[{"@type":"ListItem","position":1,"name":"Home","item":"https:\/\/dev6.erresse-shop.it\/"},{"@type":"ListItem","position":2,"name":"Shop","item":"https:\/\/dev6.erresse-shop.it\/shop\/"},{"@type":"ListItem","position":3,"name":"WUSTHOF Classic Kochmesser 16 cm"}]},{"@type":"WebSite","@id":"https:\/\/dev6.erresse-shop.it\/#website","url":"https:\/\/dev6.erresse-shop.it\/","name":"Erresse Shop","description":"","publisher":{"@id":"https:\/\/dev6.erresse-shop.it\/#organization"},"potentialAction":[{"@type":"SearchAction","target":{"@type":"EntryPoint","urlTemplate":"https:\/\/dev6.erresse-shop.it\/?s={search_term_string}"},"query-input":{"@type":"PropertyValueSpecification","valueRequired":true,"valueName":"search_term_string"}}],"inLanguage":"de"},{"@type":"Organization","@id":"https:\/\/dev6.erresse-shop.it\/#organization","name":"Erresse Shop","url":"https:\/\/dev6.erresse-shop.it\/","logo":{"@type":"ImageObject","inLanguage":"de","@id":"https:\/\/dev6.erresse-shop.it\/#\/schema\/logo\/image\/","url":"https:\/\/dev6.erresse-shop.it\/wp-content\/uploads\/2025\/01\/LOGO-ERRESSE-CLASSICO.svg","contentUrl":"https:\/\/dev6.erresse-shop.it\/wp-content\/uploads\/2025\/01\/LOGO-ERRESSE-CLASSICO.svg","caption":"Erresse Shop"},"image":{"@id":"https:\/\/dev6.erresse-shop.it\/#\/schema\/logo\/image\/"}}]}},"df_price":89.1,"df_sale_price":89.1,"df_regular_price":99,"df_image_link":"https:\/\/i2.wp.com\/interpim.erresse-shop.it\/img-catalogo\/wusthof\/wusthof-classic-coltello-chef-16-cm.png?resize=300,300&ssl=1","fifu_image_url":"https:\/\/interpim.erresse-shop.it\/img-catalogo\/wusthof\/wusthof-classic-coltello-chef-16-cm.png","_links":{"self":[{"href":"https:\/\/dev6.erresse-shop.it\/de\/wp-json\/wp\/v2\/product\/55661","targetHints":{"allow":["GET"]}}],"collection":[{"href":"https:\/\/dev6.erresse-shop.it\/de\/wp-json\/wp\/v2\/product"}],"about":[{"href":"https:\/\/dev6.erresse-shop.it\/de\/wp-json\/wp\/v2\/types\/product"}],"wp:featuredmedia":[{"embeddable":true,"href":"https:\/\/dev6.erresse-shop.it\/de\/wp-json\/wp\/v2\/media\/6369154"}],"wp:attachment":[{"href":"https:\/\/dev6.erresse-shop.it\/de\/wp-json\/wp\/v2\/media?parent=55661"}],"wp:term":[{"taxonomy":"product_cat","embeddable":true,"href":"https:\/\/dev6.erresse-shop.it\/de\/wp-json\/wp\/v2\/product_cat?post=55661"},{"taxonomy":"product_tag","embeddable":true,"href":"https:\/\/dev6.erresse-shop.it\/de\/wp-json\/wp\/v2\/product_tag?post=55661"}],"curies":[{"name":"wp","href":"https:\/\/api.w.org\/{rel}","templated":true}]}}