{"id":55647,"date":"2026-04-12T11:29:15","date_gmt":"2026-04-12T09:29:15","guid":{"rendered":"https:\/\/dev6.erresse-shop.it\/shop\/unkategorisiert\/kitchenaid-toaster-2-scheiben-kaiserrot\/"},"modified":"2025-07-04T14:18:11","modified_gmt":"2025-07-04T12:18:11","slug":"kitchenaid-toaster-2-scheiben-kaiserrot","status":"publish","type":"product","link":"https:\/\/dev6.erresse-shop.it\/de\/shop\/kleine-elektrogeraete\/toaster\/kitchenaid-toaster-2-scheiben-kaiserrot\/","title":{"rendered":"KITCHENAID Toaster 2 Scheiben Kaiserrot"},"content":{"rendered":"<p>2-Scheiben-Toaster im Retro-Design mit 2 extragro\u00dfen F\u00e4chern.<br \/>\nIdeal f\u00fcr den t\u00e4glichen Gebrauch, um Brot, Bagels und vieles mehr perfekt zu toasten.<br \/>\nKlammer nicht in der Verpackung enthalten.<\/p>\n<p>Geh\u00e4use aus Metalldruckguss<br \/>\nVerschiedene Br\u00e4unungsstufen<br \/>\nManueller Hebehebel<br \/>\nWarmhaltefunktion f\u00fcr bis zu 3 Min.<br \/>\nAuftaubetrieb<br \/>\nBagel-Modus<br \/>\nKr\u00fcmelfach<\/p>\n<p>Abmessungen: 30,7 x 17,5 x 21,1 cm<\/p>\n<p>Gewicht: 1,9 kg<\/p>\n","protected":false},"excerpt":{"rendered":"<p>2-Scheiben-Toaster im Retro-Design mit 2 extragro\u00dfen F\u00e4chern. Ideal f\u00fcr den t\u00e4glichen Gebrauch, um Brot, Bagels und vieles mehr perfekt zu toasten. Klammer nicht in der Verpackung enthalten. Geh\u00e4use aus Metalldruckguss Verschiedene Br\u00e4unungsstufen Manueller Hebehebel Warmhaltefunktion f\u00fcr bis zu 3 Min. Auftaubetrieb Bagel-Modus Kr\u00fcmelfach Abmessungen: 30,7 x 17,5 x 21,1 cm Gewicht: 1,9 kg<\/p>\n","protected":false},"featured_media":6369099,"template":"","meta":{"_acf_changed":false},"product_cat":[12163,12176],"product_tag":[],"class_list":{"0":"post-55647","1":"product","2":"type-product","3":"status-publish","4":"has-post-thumbnail","6":"product_cat-kleine-elektrogeraete","7":"product_cat-toaster","9":"first","10":"instock","11":"sale","12":"taxable","13":"shipping-taxable","14":"purchasable","15":"product-type-simple","swatches":"rey-swatches","show_selected":"","stretch_labels":"rey-swatches--stretch-labels"},"acf":[],"yoast_head":"<!-- This site is optimized with the Yoast SEO plugin v25.4 - https:\/\/yoast.com\/wordpress\/plugins\/seo\/ -->\n<title>KITCHENAID Toaster 2 Scheiben Kaiserrot - dev6 Erresse<\/title>\n<meta name=\"description\" content=\"2-Scheiben-Toaster im Retro-Design mit 2 extragro\u00dfen F\u00e4chern. Ideal f\u00fcr den t\u00e4glichen Gebrauch, um Brot, Bagels und vieles mehr perfekt zu toasten.\" \/>\n<meta name=\"robots\" content=\"noindex, follow, max-snippet:-1, max-image-preview:large, max-video-preview:-1\" \/>\n<meta property=\"og:locale\" content=\"de_DE\" \/>\n<meta property=\"og:type\" content=\"article\" \/>\n<meta property=\"og:title\" content=\"KITCHENAID Toaster 2 Scheiben Kaiserrot - dev6 Erresse\" \/>\n<meta property=\"og:description\" content=\"2-Scheiben-Toaster im Retro-Design mit 2 extragro\u00dfen F\u00e4chern. Ideal f\u00fcr den t\u00e4glichen Gebrauch, um Brot, Bagels und vieles mehr perfekt zu toasten.\" \/>\n<meta property=\"og:url\" content=\"https:\/\/dev6.erresse-shop.it\/de\/shop\/kleine-elektrogeraete\/toaster\/kitchenaid-toaster-2-scheiben-kaiserrot\/\" \/>\n<meta property=\"og:site_name\" content=\"dev6 Erresse\" \/>\n<meta property=\"og:image\" content=\"https:\/\/interpim.erresse-shop.it\/Import\/Prodotti\/kitchenaid-tostapane-2-fette-rosso-imperiale.jpg\" \/><meta property=\"og:image\" content=\"https:\/\/interpim.erresse-shop.it\/Import\/Prodotti\/kitchenaid-tostapane-2-fette-rosso-imperiale.jpg\" \/>\n\t<meta property=\"og:image:width\" content=\"1024\" \/>\n\t<meta property=\"og:image:height\" content=\"1024\" \/>\n\t<meta property=\"og:image:type\" content=\"image\/jpeg\" \/>\n<meta name=\"twitter:card\" content=\"summary_large_image\" \/>\n<meta name=\"twitter:image\" content=\"https:\/\/interpim.erresse-shop.it\/Import\/Prodotti\/kitchenaid-tostapane-2-fette-rosso-imperiale.jpg\" \/>\n<script type=\"application\/ld+json\" class=\"yoast-schema-graph\">{\"@context\":\"https:\/\/schema.org\",\"@graph\":[{\"@type\":\"WebPage\",\"@id\":\"https:\/\/dev6.erresse-shop.it\/de\/shop\/kleine-elektrogeraete\/toaster\/kitchenaid-toaster-2-scheiben-kaiserrot\/\",\"url\":\"https:\/\/dev6.erresse-shop.it\/de\/shop\/kleine-elektrogeraete\/toaster\/kitchenaid-toaster-2-scheiben-kaiserrot\/\",\"name\":\"KITCHENAID Toaster 2 Scheiben Kaiserrot - dev6 Erresse\",\"isPartOf\":{\"@id\":\"https:\/\/dev6.erresse-shop.it\/#website\"},\"primaryImageOfPage\":{\"@id\":\"https:\/\/dev6.erresse-shop.it\/de\/shop\/kleine-elektrogeraete\/toaster\/kitchenaid-toaster-2-scheiben-kaiserrot\/#primaryimage\"},\"image\":{\"@id\":\"https:\/\/dev6.erresse-shop.it\/de\/shop\/kleine-elektrogeraete\/toaster\/kitchenaid-toaster-2-scheiben-kaiserrot\/#primaryimage\"},\"thumbnailUrl\":\"https:\/\/i0.wp.com\/interpim.erresse-shop.it\/Import\/Prodotti\/kitchenaid-tostapane-2-fette-rosso-imperiale.jpg?ssl=1\",\"datePublished\":\"2026-04-12T09:29:15+00:00\",\"description\":\"2-Scheiben-Toaster im Retro-Design mit 2 extragro\u00dfen F\u00e4chern. Ideal f\u00fcr den t\u00e4glichen Gebrauch, um Brot, Bagels und vieles mehr perfekt zu toasten.\",\"breadcrumb\":{\"@id\":\"https:\/\/dev6.erresse-shop.it\/de\/shop\/kleine-elektrogeraete\/toaster\/kitchenaid-toaster-2-scheiben-kaiserrot\/#breadcrumb\"},\"inLanguage\":\"de\",\"potentialAction\":[{\"@type\":\"ReadAction\",\"target\":[\"https:\/\/dev6.erresse-shop.it\/de\/shop\/kleine-elektrogeraete\/toaster\/kitchenaid-toaster-2-scheiben-kaiserrot\/\"]}]},{\"@type\":\"ImageObject\",\"inLanguage\":\"de\",\"@id\":\"https:\/\/dev6.erresse-shop.it\/de\/shop\/kleine-elektrogeraete\/toaster\/kitchenaid-toaster-2-scheiben-kaiserrot\/#primaryimage\",\"url\":\"https:\/\/i0.wp.com\/interpim.erresse-shop.it\/Import\/Prodotti\/kitchenaid-tostapane-2-fette-rosso-imperiale.jpg?ssl=1\",\"contentUrl\":\"https:\/\/i0.wp.com\/interpim.erresse-shop.it\/Import\/Prodotti\/kitchenaid-tostapane-2-fette-rosso-imperiale.jpg?ssl=1\"},{\"@type\":\"BreadcrumbList\",\"@id\":\"https:\/\/dev6.erresse-shop.it\/de\/shop\/kleine-elektrogeraete\/toaster\/kitchenaid-toaster-2-scheiben-kaiserrot\/#breadcrumb\",\"itemListElement\":[{\"@type\":\"ListItem\",\"position\":1,\"name\":\"Home\",\"item\":\"https:\/\/dev6.erresse-shop.it\/\"},{\"@type\":\"ListItem\",\"position\":2,\"name\":\"Shop\",\"item\":\"https:\/\/dev6.erresse-shop.it\/shop\/\"},{\"@type\":\"ListItem\",\"position\":3,\"name\":\"KITCHENAID Toaster 2 Scheiben Kaiserrot\"}]},{\"@type\":\"WebSite\",\"@id\":\"https:\/\/dev6.erresse-shop.it\/#website\",\"url\":\"https:\/\/dev6.erresse-shop.it\/\",\"name\":\"Erresse Shop\",\"description\":\"\",\"publisher\":{\"@id\":\"https:\/\/dev6.erresse-shop.it\/#organization\"},\"potentialAction\":[{\"@type\":\"SearchAction\",\"target\":{\"@type\":\"EntryPoint\",\"urlTemplate\":\"https:\/\/dev6.erresse-shop.it\/?s={search_term_string}\"},\"query-input\":{\"@type\":\"PropertyValueSpecification\",\"valueRequired\":true,\"valueName\":\"search_term_string\"}}],\"inLanguage\":\"de\"},{\"@type\":\"Organization\",\"@id\":\"https:\/\/dev6.erresse-shop.it\/#organization\",\"name\":\"Erresse Shop\",\"url\":\"https:\/\/dev6.erresse-shop.it\/\",\"logo\":{\"@type\":\"ImageObject\",\"inLanguage\":\"de\",\"@id\":\"https:\/\/dev6.erresse-shop.it\/#\/schema\/logo\/image\/\",\"url\":\"https:\/\/dev6.erresse-shop.it\/wp-content\/uploads\/2025\/01\/LOGO-ERRESSE-CLASSICO.svg\",\"contentUrl\":\"https:\/\/dev6.erresse-shop.it\/wp-content\/uploads\/2025\/01\/LOGO-ERRESSE-CLASSICO.svg\",\"caption\":\"Erresse Shop\"},\"image\":{\"@id\":\"https:\/\/dev6.erresse-shop.it\/#\/schema\/logo\/image\/\"}}]}<\/script>\n<!-- \/ Yoast SEO plugin. -->","yoast_head_json":{"title":"KITCHENAID Toaster 2 Scheiben Kaiserrot - dev6 Erresse","description":"2-Scheiben-Toaster im Retro-Design mit 2 extragro\u00dfen F\u00e4chern. Ideal f\u00fcr den t\u00e4glichen Gebrauch, um Brot, Bagels und vieles mehr perfekt zu toasten.","robots":{"index":"noindex","follow":"follow","max-snippet":"max-snippet:-1","max-image-preview":"max-image-preview:large","max-video-preview":"max-video-preview:-1"},"og_locale":"de_DE","og_type":"article","og_title":"KITCHENAID Toaster 2 Scheiben Kaiserrot - dev6 Erresse","og_description":"2-Scheiben-Toaster im Retro-Design mit 2 extragro\u00dfen F\u00e4chern. Ideal f\u00fcr den t\u00e4glichen Gebrauch, um Brot, Bagels und vieles mehr perfekt zu toasten.","og_url":"https:\/\/dev6.erresse-shop.it\/de\/shop\/kleine-elektrogeraete\/toaster\/kitchenaid-toaster-2-scheiben-kaiserrot\/","og_site_name":"dev6 Erresse","og_image":[{"url":"https:\/\/interpim.erresse-shop.it\/Import\/Prodotti\/kitchenaid-tostapane-2-fette-rosso-imperiale.jpg","type":"","width":"","height":""},{"url":"https:\/\/interpim.erresse-shop.it\/Import\/Prodotti\/kitchenaid-tostapane-2-fette-rosso-imperiale.jpg","width":1024,"height":1024,"type":"image\/jpeg"}],"twitter_card":"summary_large_image","twitter_image":"https:\/\/interpim.erresse-shop.it\/Import\/Prodotti\/kitchenaid-tostapane-2-fette-rosso-imperiale.jpg","schema":{"@context":"https:\/\/schema.org","@graph":[{"@type":"WebPage","@id":"https:\/\/dev6.erresse-shop.it\/de\/shop\/kleine-elektrogeraete\/toaster\/kitchenaid-toaster-2-scheiben-kaiserrot\/","url":"https:\/\/dev6.erresse-shop.it\/de\/shop\/kleine-elektrogeraete\/toaster\/kitchenaid-toaster-2-scheiben-kaiserrot\/","name":"KITCHENAID Toaster 2 Scheiben Kaiserrot - dev6 Erresse","isPartOf":{"@id":"https:\/\/dev6.erresse-shop.it\/#website"},"primaryImageOfPage":{"@id":"https:\/\/dev6.erresse-shop.it\/de\/shop\/kleine-elektrogeraete\/toaster\/kitchenaid-toaster-2-scheiben-kaiserrot\/#primaryimage"},"image":{"@id":"https:\/\/dev6.erresse-shop.it\/de\/shop\/kleine-elektrogeraete\/toaster\/kitchenaid-toaster-2-scheiben-kaiserrot\/#primaryimage"},"thumbnailUrl":"https:\/\/i0.wp.com\/interpim.erresse-shop.it\/Import\/Prodotti\/kitchenaid-tostapane-2-fette-rosso-imperiale.jpg?ssl=1","datePublished":"2026-04-12T09:29:15+00:00","description":"2-Scheiben-Toaster im Retro-Design mit 2 extragro\u00dfen F\u00e4chern. Ideal f\u00fcr den t\u00e4glichen Gebrauch, um Brot, Bagels und vieles mehr perfekt zu toasten.","breadcrumb":{"@id":"https:\/\/dev6.erresse-shop.it\/de\/shop\/kleine-elektrogeraete\/toaster\/kitchenaid-toaster-2-scheiben-kaiserrot\/#breadcrumb"},"inLanguage":"de","potentialAction":[{"@type":"ReadAction","target":["https:\/\/dev6.erresse-shop.it\/de\/shop\/kleine-elektrogeraete\/toaster\/kitchenaid-toaster-2-scheiben-kaiserrot\/"]}]},{"@type":"ImageObject","inLanguage":"de","@id":"https:\/\/dev6.erresse-shop.it\/de\/shop\/kleine-elektrogeraete\/toaster\/kitchenaid-toaster-2-scheiben-kaiserrot\/#primaryimage","url":"https:\/\/i0.wp.com\/interpim.erresse-shop.it\/Import\/Prodotti\/kitchenaid-tostapane-2-fette-rosso-imperiale.jpg?ssl=1","contentUrl":"https:\/\/i0.wp.com\/interpim.erresse-shop.it\/Import\/Prodotti\/kitchenaid-tostapane-2-fette-rosso-imperiale.jpg?ssl=1"},{"@type":"BreadcrumbList","@id":"https:\/\/dev6.erresse-shop.it\/de\/shop\/kleine-elektrogeraete\/toaster\/kitchenaid-toaster-2-scheiben-kaiserrot\/#breadcrumb","itemListElement":[{"@type":"ListItem","position":1,"name":"Home","item":"https:\/\/dev6.erresse-shop.it\/"},{"@type":"ListItem","position":2,"name":"Shop","item":"https:\/\/dev6.erresse-shop.it\/shop\/"},{"@type":"ListItem","position":3,"name":"KITCHENAID Toaster 2 Scheiben Kaiserrot"}]},{"@type":"WebSite","@id":"https:\/\/dev6.erresse-shop.it\/#website","url":"https:\/\/dev6.erresse-shop.it\/","name":"Erresse Shop","description":"","publisher":{"@id":"https:\/\/dev6.erresse-shop.it\/#organization"},"potentialAction":[{"@type":"SearchAction","target":{"@type":"EntryPoint","urlTemplate":"https:\/\/dev6.erresse-shop.it\/?s={search_term_string}"},"query-input":{"@type":"PropertyValueSpecification","valueRequired":true,"valueName":"search_term_string"}}],"inLanguage":"de"},{"@type":"Organization","@id":"https:\/\/dev6.erresse-shop.it\/#organization","name":"Erresse Shop","url":"https:\/\/dev6.erresse-shop.it\/","logo":{"@type":"ImageObject","inLanguage":"de","@id":"https:\/\/dev6.erresse-shop.it\/#\/schema\/logo\/image\/","url":"https:\/\/dev6.erresse-shop.it\/wp-content\/uploads\/2025\/01\/LOGO-ERRESSE-CLASSICO.svg","contentUrl":"https:\/\/dev6.erresse-shop.it\/wp-content\/uploads\/2025\/01\/LOGO-ERRESSE-CLASSICO.svg","caption":"Erresse Shop"},"image":{"@id":"https:\/\/dev6.erresse-shop.it\/#\/schema\/logo\/image\/"}}]}},"df_price":159.95,"df_sale_price":159.95,"df_regular_price":199,"df_image_link":"https:\/\/i0.wp.com\/interpim.erresse-shop.it\/Import\/Prodotti\/kitchenaid-tostapane-2-fette-rosso-imperiale.jpg?resize=300,300&ssl=1","fifu_image_url":"https:\/\/interpim.erresse-shop.it\/Import\/Prodotti\/kitchenaid-tostapane-2-fette-rosso-imperiale.jpg","_links":{"self":[{"href":"https:\/\/dev6.erresse-shop.it\/de\/wp-json\/wp\/v2\/product\/55647","targetHints":{"allow":["GET"]}}],"collection":[{"href":"https:\/\/dev6.erresse-shop.it\/de\/wp-json\/wp\/v2\/product"}],"about":[{"href":"https:\/\/dev6.erresse-shop.it\/de\/wp-json\/wp\/v2\/types\/product"}],"wp:featuredmedia":[{"embeddable":true,"href":"https:\/\/dev6.erresse-shop.it\/de\/wp-json\/wp\/v2\/media\/6369099"}],"wp:attachment":[{"href":"https:\/\/dev6.erresse-shop.it\/de\/wp-json\/wp\/v2\/media?parent=55647"}],"wp:term":[{"taxonomy":"product_cat","embeddable":true,"href":"https:\/\/dev6.erresse-shop.it\/de\/wp-json\/wp\/v2\/product_cat?post=55647"},{"taxonomy":"product_tag","embeddable":true,"href":"https:\/\/dev6.erresse-shop.it\/de\/wp-json\/wp\/v2\/product_tag?post=55647"}],"curies":[{"name":"wp","href":"https:\/\/api.w.org\/{rel}","templated":true}]}}