{"id":55639,"date":"2026-04-12T11:29:15","date_gmt":"2026-04-12T09:29:15","guid":{"rendered":"https:\/\/dev6.erresse-shop.it\/shop\/unkategorisiert\/kitchenaid-elektrischer-schneebesen-9-geschwindigkeiten-kaiserrot\/"},"modified":"2025-07-04T14:18:03","modified_gmt":"2025-07-04T12:18:03","slug":"kitchenaid-elektrischer-schneebesen-9-geschwindigkeiten-kaiserrot","status":"publish","type":"product","link":"https:\/\/dev6.erresse-shop.it\/de\/shop\/kleine-elektrogeraete\/mischer\/kitchenaid-elektrischer-schneebesen-9-geschwindigkeiten-kaiserrot\/","title":{"rendered":"KITCHENAID Elektrischer Schneebesen 9 Geschwindigkeiten Kaiserrot"},"content":{"rendered":"<p>Kompakter und vielseitiger 9-Gang-Schneebesen.<br \/>\nEr ist ein ideales Zubeh\u00f6r f\u00fcr Ihre K\u00fcche, denn er hilft Ihnen bei der Zubereitung von k\u00f6stlichen Alltagsgerichten bis hin zu aufwendigen Men\u00fcs, wenn Sie G\u00e4ste haben.<\/p>\n<p>9 Geschwindigkeiten mit Soft-Start<br \/>\nLeiser und leistungsstarker DC-Motor<br \/>\nLeistung: 85 W<br \/>\nLED-Geschwindigkeitsanzeige<\/p>\n<p>Abmessungen: 15 x 23,5 x 8 cm<\/p>\n<p>Gewicht: 1,4 kg<\/p>\n<p>Paket enth\u00e4lt:<\/p>\n<p>Edelstahl-Turbobesen<br \/>\nSchneebesen aus Draht<br \/>\nKnethaken<br \/>\nR\u00fchrstab<\/p>\n","protected":false},"excerpt":{"rendered":"<p>Kompakter und vielseitiger 9-Gang-Schneebesen. Er ist ein ideales Zubeh\u00f6r f\u00fcr Ihre K\u00fcche, denn er hilft Ihnen bei der Zubereitung von k\u00f6stlichen Alltagsgerichten bis hin zu aufwendigen Men\u00fcs, wenn Sie G\u00e4ste haben. 9 Geschwindigkeiten mit Soft-Start Leiser und leistungsstarker DC-Motor Leistung: 85 W LED-Geschwindigkeitsanzeige Abmessungen: 15 x 23,5 x 8 cm Gewicht: 1,4 kg Paket enth\u00e4lt: [&hellip;]<\/p>\n","protected":false},"featured_media":6369065,"template":"","meta":{"_acf_changed":false},"product_cat":[12163,12201],"product_tag":[],"class_list":{"0":"post-55639","1":"product","2":"type-product","3":"status-publish","4":"has-post-thumbnail","6":"product_cat-kleine-elektrogeraete","7":"product_cat-mischer","9":"first","10":"instock","11":"sale","12":"taxable","13":"shipping-taxable","14":"purchasable","15":"product-type-simple","swatches":"rey-swatches","show_selected":"","stretch_labels":"rey-swatches--stretch-labels"},"acf":[],"yoast_head":"<!-- This site is optimized with the Yoast SEO plugin v25.4 - https:\/\/yoast.com\/wordpress\/plugins\/seo\/ -->\n<title>KITCHENAID Elektrischer Schneebesen 9 Geschwindigkeiten Kaiserrot - dev6 Erresse<\/title>\n<meta name=\"description\" content=\"Kompakter und vielseitiger 9-Gang-Schneebesen. Er ist ein ideales Zubeh\u00f6r f\u00fcr Ihre K\u00fcche, denn er hilft Ihnen bei der Zubereitung von k\u00f6stlichen\" \/>\n<meta name=\"robots\" content=\"noindex, follow, max-snippet:-1, max-image-preview:large, max-video-preview:-1\" \/>\n<meta property=\"og:locale\" content=\"de_DE\" \/>\n<meta property=\"og:type\" content=\"article\" \/>\n<meta property=\"og:title\" content=\"KITCHENAID Elektrischer Schneebesen 9 Geschwindigkeiten Kaiserrot - dev6 Erresse\" \/>\n<meta property=\"og:description\" content=\"Kompakter und vielseitiger 9-Gang-Schneebesen. Er ist ein ideales Zubeh\u00f6r f\u00fcr Ihre K\u00fcche, denn er hilft Ihnen bei der Zubereitung von k\u00f6stlichen\" \/>\n<meta property=\"og:url\" content=\"https:\/\/dev6.erresse-shop.it\/de\/shop\/kleine-elektrogeraete\/mischer\/kitchenaid-elektrischer-schneebesen-9-geschwindigkeiten-kaiserrot\/\" \/>\n<meta property=\"og:site_name\" content=\"dev6 Erresse\" \/>\n<meta property=\"og:image\" content=\"https:\/\/interpim.erresse-shop.it\/Import\/Prodotti\/kitchenaid-sbattitore-elettrico-9-velocita-rosso-imperiale.jpg\" \/><meta property=\"og:image\" content=\"https:\/\/interpim.erresse-shop.it\/Import\/Prodotti\/kitchenaid-sbattitore-elettrico-9-velocita-rosso-imperiale.jpg\" \/>\n\t<meta property=\"og:image:width\" content=\"1024\" \/>\n\t<meta property=\"og:image:height\" content=\"1024\" \/>\n\t<meta property=\"og:image:type\" content=\"image\/jpeg\" \/>\n<meta name=\"twitter:card\" content=\"summary_large_image\" \/>\n<meta name=\"twitter:image\" content=\"https:\/\/interpim.erresse-shop.it\/Import\/Prodotti\/kitchenaid-sbattitore-elettrico-9-velocita-rosso-imperiale.jpg\" \/>\n<script type=\"application\/ld+json\" class=\"yoast-schema-graph\">{\"@context\":\"https:\/\/schema.org\",\"@graph\":[{\"@type\":\"WebPage\",\"@id\":\"https:\/\/dev6.erresse-shop.it\/de\/shop\/kleine-elektrogeraete\/mischer\/kitchenaid-elektrischer-schneebesen-9-geschwindigkeiten-kaiserrot\/\",\"url\":\"https:\/\/dev6.erresse-shop.it\/de\/shop\/kleine-elektrogeraete\/mischer\/kitchenaid-elektrischer-schneebesen-9-geschwindigkeiten-kaiserrot\/\",\"name\":\"KITCHENAID Elektrischer Schneebesen 9 Geschwindigkeiten Kaiserrot - dev6 Erresse\",\"isPartOf\":{\"@id\":\"https:\/\/dev6.erresse-shop.it\/#website\"},\"primaryImageOfPage\":{\"@id\":\"https:\/\/dev6.erresse-shop.it\/de\/shop\/kleine-elektrogeraete\/mischer\/kitchenaid-elektrischer-schneebesen-9-geschwindigkeiten-kaiserrot\/#primaryimage\"},\"image\":{\"@id\":\"https:\/\/dev6.erresse-shop.it\/de\/shop\/kleine-elektrogeraete\/mischer\/kitchenaid-elektrischer-schneebesen-9-geschwindigkeiten-kaiserrot\/#primaryimage\"},\"thumbnailUrl\":\"https:\/\/i1.wp.com\/interpim.erresse-shop.it\/Import\/Prodotti\/kitchenaid-sbattitore-elettrico-9-velocita-rosso-imperiale.jpg?ssl=1\",\"datePublished\":\"2026-04-12T09:29:15+00:00\",\"description\":\"Kompakter und vielseitiger 9-Gang-Schneebesen. Er ist ein ideales Zubeh\u00f6r f\u00fcr Ihre K\u00fcche, denn er hilft Ihnen bei der Zubereitung von k\u00f6stlichen\",\"breadcrumb\":{\"@id\":\"https:\/\/dev6.erresse-shop.it\/de\/shop\/kleine-elektrogeraete\/mischer\/kitchenaid-elektrischer-schneebesen-9-geschwindigkeiten-kaiserrot\/#breadcrumb\"},\"inLanguage\":\"de\",\"potentialAction\":[{\"@type\":\"ReadAction\",\"target\":[\"https:\/\/dev6.erresse-shop.it\/de\/shop\/kleine-elektrogeraete\/mischer\/kitchenaid-elektrischer-schneebesen-9-geschwindigkeiten-kaiserrot\/\"]}]},{\"@type\":\"ImageObject\",\"inLanguage\":\"de\",\"@id\":\"https:\/\/dev6.erresse-shop.it\/de\/shop\/kleine-elektrogeraete\/mischer\/kitchenaid-elektrischer-schneebesen-9-geschwindigkeiten-kaiserrot\/#primaryimage\",\"url\":\"https:\/\/i1.wp.com\/interpim.erresse-shop.it\/Import\/Prodotti\/kitchenaid-sbattitore-elettrico-9-velocita-rosso-imperiale.jpg?ssl=1\",\"contentUrl\":\"https:\/\/i1.wp.com\/interpim.erresse-shop.it\/Import\/Prodotti\/kitchenaid-sbattitore-elettrico-9-velocita-rosso-imperiale.jpg?ssl=1\"},{\"@type\":\"BreadcrumbList\",\"@id\":\"https:\/\/dev6.erresse-shop.it\/de\/shop\/kleine-elektrogeraete\/mischer\/kitchenaid-elektrischer-schneebesen-9-geschwindigkeiten-kaiserrot\/#breadcrumb\",\"itemListElement\":[{\"@type\":\"ListItem\",\"position\":1,\"name\":\"Home\",\"item\":\"https:\/\/dev6.erresse-shop.it\/\"},{\"@type\":\"ListItem\",\"position\":2,\"name\":\"Shop\",\"item\":\"https:\/\/dev6.erresse-shop.it\/shop\/\"},{\"@type\":\"ListItem\",\"position\":3,\"name\":\"KITCHENAID Elektrischer Schneebesen 9 Geschwindigkeiten Kaiserrot\"}]},{\"@type\":\"WebSite\",\"@id\":\"https:\/\/dev6.erresse-shop.it\/#website\",\"url\":\"https:\/\/dev6.erresse-shop.it\/\",\"name\":\"Erresse Shop\",\"description\":\"\",\"publisher\":{\"@id\":\"https:\/\/dev6.erresse-shop.it\/#organization\"},\"potentialAction\":[{\"@type\":\"SearchAction\",\"target\":{\"@type\":\"EntryPoint\",\"urlTemplate\":\"https:\/\/dev6.erresse-shop.it\/?s={search_term_string}\"},\"query-input\":{\"@type\":\"PropertyValueSpecification\",\"valueRequired\":true,\"valueName\":\"search_term_string\"}}],\"inLanguage\":\"de\"},{\"@type\":\"Organization\",\"@id\":\"https:\/\/dev6.erresse-shop.it\/#organization\",\"name\":\"Erresse Shop\",\"url\":\"https:\/\/dev6.erresse-shop.it\/\",\"logo\":{\"@type\":\"ImageObject\",\"inLanguage\":\"de\",\"@id\":\"https:\/\/dev6.erresse-shop.it\/#\/schema\/logo\/image\/\",\"url\":\"https:\/\/dev6.erresse-shop.it\/wp-content\/uploads\/2025\/01\/LOGO-ERRESSE-CLASSICO.svg\",\"contentUrl\":\"https:\/\/dev6.erresse-shop.it\/wp-content\/uploads\/2025\/01\/LOGO-ERRESSE-CLASSICO.svg\",\"caption\":\"Erresse Shop\"},\"image\":{\"@id\":\"https:\/\/dev6.erresse-shop.it\/#\/schema\/logo\/image\/\"}}]}<\/script>\n<!-- \/ Yoast SEO plugin. -->","yoast_head_json":{"title":"KITCHENAID Elektrischer Schneebesen 9 Geschwindigkeiten Kaiserrot - dev6 Erresse","description":"Kompakter und vielseitiger 9-Gang-Schneebesen. Er ist ein ideales Zubeh\u00f6r f\u00fcr Ihre K\u00fcche, denn er hilft Ihnen bei der Zubereitung von k\u00f6stlichen","robots":{"index":"noindex","follow":"follow","max-snippet":"max-snippet:-1","max-image-preview":"max-image-preview:large","max-video-preview":"max-video-preview:-1"},"og_locale":"de_DE","og_type":"article","og_title":"KITCHENAID Elektrischer Schneebesen 9 Geschwindigkeiten Kaiserrot - dev6 Erresse","og_description":"Kompakter und vielseitiger 9-Gang-Schneebesen. Er ist ein ideales Zubeh\u00f6r f\u00fcr Ihre K\u00fcche, denn er hilft Ihnen bei der Zubereitung von k\u00f6stlichen","og_url":"https:\/\/dev6.erresse-shop.it\/de\/shop\/kleine-elektrogeraete\/mischer\/kitchenaid-elektrischer-schneebesen-9-geschwindigkeiten-kaiserrot\/","og_site_name":"dev6 Erresse","og_image":[{"url":"https:\/\/interpim.erresse-shop.it\/Import\/Prodotti\/kitchenaid-sbattitore-elettrico-9-velocita-rosso-imperiale.jpg","type":"","width":"","height":""},{"url":"https:\/\/interpim.erresse-shop.it\/Import\/Prodotti\/kitchenaid-sbattitore-elettrico-9-velocita-rosso-imperiale.jpg","width":1024,"height":1024,"type":"image\/jpeg"}],"twitter_card":"summary_large_image","twitter_image":"https:\/\/interpim.erresse-shop.it\/Import\/Prodotti\/kitchenaid-sbattitore-elettrico-9-velocita-rosso-imperiale.jpg","schema":{"@context":"https:\/\/schema.org","@graph":[{"@type":"WebPage","@id":"https:\/\/dev6.erresse-shop.it\/de\/shop\/kleine-elektrogeraete\/mischer\/kitchenaid-elektrischer-schneebesen-9-geschwindigkeiten-kaiserrot\/","url":"https:\/\/dev6.erresse-shop.it\/de\/shop\/kleine-elektrogeraete\/mischer\/kitchenaid-elektrischer-schneebesen-9-geschwindigkeiten-kaiserrot\/","name":"KITCHENAID Elektrischer Schneebesen 9 Geschwindigkeiten Kaiserrot - dev6 Erresse","isPartOf":{"@id":"https:\/\/dev6.erresse-shop.it\/#website"},"primaryImageOfPage":{"@id":"https:\/\/dev6.erresse-shop.it\/de\/shop\/kleine-elektrogeraete\/mischer\/kitchenaid-elektrischer-schneebesen-9-geschwindigkeiten-kaiserrot\/#primaryimage"},"image":{"@id":"https:\/\/dev6.erresse-shop.it\/de\/shop\/kleine-elektrogeraete\/mischer\/kitchenaid-elektrischer-schneebesen-9-geschwindigkeiten-kaiserrot\/#primaryimage"},"thumbnailUrl":"https:\/\/i1.wp.com\/interpim.erresse-shop.it\/Import\/Prodotti\/kitchenaid-sbattitore-elettrico-9-velocita-rosso-imperiale.jpg?ssl=1","datePublished":"2026-04-12T09:29:15+00:00","description":"Kompakter und vielseitiger 9-Gang-Schneebesen. Er ist ein ideales Zubeh\u00f6r f\u00fcr Ihre K\u00fcche, denn er hilft Ihnen bei der Zubereitung von k\u00f6stlichen","breadcrumb":{"@id":"https:\/\/dev6.erresse-shop.it\/de\/shop\/kleine-elektrogeraete\/mischer\/kitchenaid-elektrischer-schneebesen-9-geschwindigkeiten-kaiserrot\/#breadcrumb"},"inLanguage":"de","potentialAction":[{"@type":"ReadAction","target":["https:\/\/dev6.erresse-shop.it\/de\/shop\/kleine-elektrogeraete\/mischer\/kitchenaid-elektrischer-schneebesen-9-geschwindigkeiten-kaiserrot\/"]}]},{"@type":"ImageObject","inLanguage":"de","@id":"https:\/\/dev6.erresse-shop.it\/de\/shop\/kleine-elektrogeraete\/mischer\/kitchenaid-elektrischer-schneebesen-9-geschwindigkeiten-kaiserrot\/#primaryimage","url":"https:\/\/i1.wp.com\/interpim.erresse-shop.it\/Import\/Prodotti\/kitchenaid-sbattitore-elettrico-9-velocita-rosso-imperiale.jpg?ssl=1","contentUrl":"https:\/\/i1.wp.com\/interpim.erresse-shop.it\/Import\/Prodotti\/kitchenaid-sbattitore-elettrico-9-velocita-rosso-imperiale.jpg?ssl=1"},{"@type":"BreadcrumbList","@id":"https:\/\/dev6.erresse-shop.it\/de\/shop\/kleine-elektrogeraete\/mischer\/kitchenaid-elektrischer-schneebesen-9-geschwindigkeiten-kaiserrot\/#breadcrumb","itemListElement":[{"@type":"ListItem","position":1,"name":"Home","item":"https:\/\/dev6.erresse-shop.it\/"},{"@type":"ListItem","position":2,"name":"Shop","item":"https:\/\/dev6.erresse-shop.it\/shop\/"},{"@type":"ListItem","position":3,"name":"KITCHENAID Elektrischer Schneebesen 9 Geschwindigkeiten Kaiserrot"}]},{"@type":"WebSite","@id":"https:\/\/dev6.erresse-shop.it\/#website","url":"https:\/\/dev6.erresse-shop.it\/","name":"Erresse Shop","description":"","publisher":{"@id":"https:\/\/dev6.erresse-shop.it\/#organization"},"potentialAction":[{"@type":"SearchAction","target":{"@type":"EntryPoint","urlTemplate":"https:\/\/dev6.erresse-shop.it\/?s={search_term_string}"},"query-input":{"@type":"PropertyValueSpecification","valueRequired":true,"valueName":"search_term_string"}}],"inLanguage":"de"},{"@type":"Organization","@id":"https:\/\/dev6.erresse-shop.it\/#organization","name":"Erresse Shop","url":"https:\/\/dev6.erresse-shop.it\/","logo":{"@type":"ImageObject","inLanguage":"de","@id":"https:\/\/dev6.erresse-shop.it\/#\/schema\/logo\/image\/","url":"https:\/\/dev6.erresse-shop.it\/wp-content\/uploads\/2025\/01\/LOGO-ERRESSE-CLASSICO.svg","contentUrl":"https:\/\/dev6.erresse-shop.it\/wp-content\/uploads\/2025\/01\/LOGO-ERRESSE-CLASSICO.svg","caption":"Erresse Shop"},"image":{"@id":"https:\/\/dev6.erresse-shop.it\/#\/schema\/logo\/image\/"}}]}},"df_price":139.95,"df_sale_price":139.95,"df_regular_price":169,"df_image_link":"https:\/\/i1.wp.com\/interpim.erresse-shop.it\/Import\/Prodotti\/kitchenaid-sbattitore-elettrico-9-velocita-rosso-imperiale.jpg?resize=300,300&ssl=1","fifu_image_url":"https:\/\/interpim.erresse-shop.it\/Import\/Prodotti\/kitchenaid-sbattitore-elettrico-9-velocita-rosso-imperiale.jpg","_links":{"self":[{"href":"https:\/\/dev6.erresse-shop.it\/de\/wp-json\/wp\/v2\/product\/55639","targetHints":{"allow":["GET"]}}],"collection":[{"href":"https:\/\/dev6.erresse-shop.it\/de\/wp-json\/wp\/v2\/product"}],"about":[{"href":"https:\/\/dev6.erresse-shop.it\/de\/wp-json\/wp\/v2\/types\/product"}],"wp:featuredmedia":[{"embeddable":true,"href":"https:\/\/dev6.erresse-shop.it\/de\/wp-json\/wp\/v2\/media\/6369065"}],"wp:attachment":[{"href":"https:\/\/dev6.erresse-shop.it\/de\/wp-json\/wp\/v2\/media?parent=55639"}],"wp:term":[{"taxonomy":"product_cat","embeddable":true,"href":"https:\/\/dev6.erresse-shop.it\/de\/wp-json\/wp\/v2\/product_cat?post=55639"},{"taxonomy":"product_tag","embeddable":true,"href":"https:\/\/dev6.erresse-shop.it\/de\/wp-json\/wp\/v2\/product_tag?post=55639"}],"curies":[{"name":"wp","href":"https:\/\/api.w.org\/{rel}","templated":true}]}}