{"id":55627,"date":"2026-04-12T14:52:25","date_gmt":"2026-04-12T12:52:25","guid":{"rendered":"https:\/\/dev6.erresse-shop.it\/shop\/unkategorisiert\/joseph-joseph-compo-4-speiserestebehaelter-stein\/"},"modified":"2025-09-14T03:42:37","modified_gmt":"2025-09-14T01:42:37","slug":"joseph-joseph-compo-4-speiserestebehaelter-stein","status":"publish","type":"product","link":"https:\/\/dev6.erresse-shop.it\/de\/shop\/kuche\/zubehor-fur-die-kuche\/joseph-joseph-compo-4-speiserestebehaelter-stein\/","title":{"rendered":"JOSEPH JOSEPH Compo 4 Speiserestebeh\u00e4lter Stein"},"content":{"rendered":"<p>Dieser schlanke Beh\u00e4lter f\u00fcr Lebensmittelabf\u00e4lle erleichtert das Sammeln von Essensresten dank seines praktischen Klappdeckels und seiner sehr breiten \u00d6ffnung.<\/p>\n<p>Die breite \u00d6ffnung erleichtert das Abkratzen von Essensresten vom Geschirr<br \/>\nVerstellbarer Luftauslass: offen \u2013 hilft Feuchtigkeit und Geruchsbildung zu reduzieren; geschlossen \u2013 bietet eine Barriere f\u00fcr Insekten<br \/>\nSchlankes Design \u2013 perfekt f\u00fcr die Aufbewahrung auf Arbeitsplatten oder in Schr\u00e4nken<br \/>\nInklusive Halterung f\u00fcr die T\u00fcr<br \/>\nFassungsverm\u00f6gen: 4 Liter<\/p>\n<p>Pflege und Gebrauch:<\/p>\n<p>Von Hand waschen und trocknen<br \/>\nKann mit IW2-Beh\u00e4ltern verwendet werden (kann auch mit Standardbeh\u00e4ltern verwendet werden)<br \/>\nBPA-frei<\/p>\n<p>Abmessungen: H17,3 x B29,7 x T12cm (H7 x B11\u00be x T4\u00be Zoll)<\/p>\n<p>Gewicht: 0,65 kg<\/p>\n<p>Entwerfer: PearsonLloyd<\/p>\n","protected":false},"excerpt":{"rendered":"<p>Dieser schlanke Beh\u00e4lter f\u00fcr Lebensmittelabf\u00e4lle erleichtert das Sammeln von Essensresten dank seines praktischen Klappdeckels und seiner sehr breiten \u00d6ffnung. Die breite \u00d6ffnung erleichtert das Abkratzen von Essensresten vom Geschirr Verstellbarer Luftauslass: offen \u2013 hilft Feuchtigkeit und Geruchsbildung zu reduzieren; geschlossen \u2013 bietet eine Barriere f\u00fcr Insekten Schlankes Design \u2013 perfekt f\u00fcr die Aufbewahrung auf Arbeitsplatten [&hellip;]<\/p>\n","protected":false},"featured_media":6381448,"template":"","meta":{"_acf_changed":false},"product_cat":[11733,11668,12100,12165],"product_tag":[],"class_list":{"0":"post-55627","1":"product","2":"type-product","3":"status-publish","4":"has-post-thumbnail","6":"product_cat-accessori-cucina","7":"product_cat-cucina","8":"product_cat-kuche","9":"product_cat-zubehor-fur-die-kuche","11":"first","12":"instock","13":"sale","14":"taxable","15":"shipping-taxable","16":"purchasable","17":"product-type-simple","swatches":"rey-swatches","show_selected":"","stretch_labels":"rey-swatches--stretch-labels"},"acf":[],"yoast_head":"<!-- This site is optimized with the Yoast SEO plugin v25.4 - https:\/\/yoast.com\/wordpress\/plugins\/seo\/ -->\n<title>JOSEPH JOSEPH Compo 4 Speiserestebeh\u00e4lter Stein - dev6 Erresse<\/title>\n<meta name=\"description\" content=\"Dieser schlanke Beh\u00e4lter f\u00fcr Lebensmittelabf\u00e4lle erleichtert das Sammeln von Essensresten dank seines praktischen Klappdeckels und seiner sehr breiten\" \/>\n<meta name=\"robots\" content=\"noindex, follow, max-snippet:-1, max-image-preview:large, max-video-preview:-1\" \/>\n<meta property=\"og:locale\" content=\"de_DE\" \/>\n<meta property=\"og:type\" content=\"article\" \/>\n<meta property=\"og:title\" content=\"JOSEPH JOSEPH Compo 4 Speiserestebeh\u00e4lter Stein - dev6 Erresse\" \/>\n<meta property=\"og:description\" content=\"Dieser schlanke Beh\u00e4lter f\u00fcr Lebensmittelabf\u00e4lle erleichtert das Sammeln von Essensresten dank seines praktischen Klappdeckels und seiner sehr breiten\" \/>\n<meta property=\"og:url\" content=\"https:\/\/dev6.erresse-shop.it\/de\/shop\/kuche\/zubehor-fur-die-kuche\/joseph-joseph-compo-4-speiserestebehaelter-stein\/\" \/>\n<meta property=\"og:site_name\" content=\"dev6 Erresse\" \/>\n<meta property=\"og:image\" content=\"https:\/\/interpim.erresse-shop.it\/Import\/Prodotti\/joseph-joseph-compo-4-contenitore-rifiuti-alimentari-pietra.webp\" \/><meta property=\"og:image\" content=\"https:\/\/interpim.erresse-shop.it\/Import\/Prodotti\/joseph-joseph-compo-4-contenitore-rifiuti-alimentari-pietra.webp\" \/>\n\t<meta property=\"og:image:width\" content=\"1024\" \/>\n\t<meta property=\"og:image:height\" content=\"1024\" \/>\n\t<meta property=\"og:image:type\" content=\"image\/jpeg\" \/>\n<meta name=\"twitter:card\" content=\"summary_large_image\" \/>\n<meta name=\"twitter:image\" content=\"https:\/\/interpim.erresse-shop.it\/Import\/Prodotti\/joseph-joseph-compo-4-contenitore-rifiuti-alimentari-pietra.webp\" \/>\n<script type=\"application\/ld+json\" class=\"yoast-schema-graph\">{\"@context\":\"https:\/\/schema.org\",\"@graph\":[{\"@type\":\"WebPage\",\"@id\":\"https:\/\/dev6.erresse-shop.it\/de\/shop\/kuche\/zubehor-fur-die-kuche\/joseph-joseph-compo-4-speiserestebehaelter-stein\/\",\"url\":\"https:\/\/dev6.erresse-shop.it\/de\/shop\/kuche\/zubehor-fur-die-kuche\/joseph-joseph-compo-4-speiserestebehaelter-stein\/\",\"name\":\"JOSEPH JOSEPH Compo 4 Speiserestebeh\u00e4lter Stein - dev6 Erresse\",\"isPartOf\":{\"@id\":\"https:\/\/dev6.erresse-shop.it\/#website\"},\"primaryImageOfPage\":{\"@id\":\"https:\/\/dev6.erresse-shop.it\/de\/shop\/kuche\/zubehor-fur-die-kuche\/joseph-joseph-compo-4-speiserestebehaelter-stein\/#primaryimage\"},\"image\":{\"@id\":\"https:\/\/dev6.erresse-shop.it\/de\/shop\/kuche\/zubehor-fur-die-kuche\/joseph-joseph-compo-4-speiserestebehaelter-stein\/#primaryimage\"},\"thumbnailUrl\":\"https:\/\/i3.wp.com\/interpim.erresse-shop.it\/Import\/Prodotti\/joseph-joseph-compo-4-contenitore-rifiuti-alimentari-pietra.webp?ssl=1\",\"datePublished\":\"2026-04-12T12:52:25+00:00\",\"description\":\"Dieser schlanke Beh\u00e4lter f\u00fcr Lebensmittelabf\u00e4lle erleichtert das Sammeln von Essensresten dank seines praktischen Klappdeckels und seiner sehr breiten\",\"breadcrumb\":{\"@id\":\"https:\/\/dev6.erresse-shop.it\/de\/shop\/kuche\/zubehor-fur-die-kuche\/joseph-joseph-compo-4-speiserestebehaelter-stein\/#breadcrumb\"},\"inLanguage\":\"de\",\"potentialAction\":[{\"@type\":\"ReadAction\",\"target\":[\"https:\/\/dev6.erresse-shop.it\/de\/shop\/kuche\/zubehor-fur-die-kuche\/joseph-joseph-compo-4-speiserestebehaelter-stein\/\"]}]},{\"@type\":\"ImageObject\",\"inLanguage\":\"de\",\"@id\":\"https:\/\/dev6.erresse-shop.it\/de\/shop\/kuche\/zubehor-fur-die-kuche\/joseph-joseph-compo-4-speiserestebehaelter-stein\/#primaryimage\",\"url\":\"https:\/\/i3.wp.com\/interpim.erresse-shop.it\/Import\/Prodotti\/joseph-joseph-compo-4-contenitore-rifiuti-alimentari-pietra.webp?ssl=1\",\"contentUrl\":\"https:\/\/i3.wp.com\/interpim.erresse-shop.it\/Import\/Prodotti\/joseph-joseph-compo-4-contenitore-rifiuti-alimentari-pietra.webp?ssl=1\"},{\"@type\":\"BreadcrumbList\",\"@id\":\"https:\/\/dev6.erresse-shop.it\/de\/shop\/kuche\/zubehor-fur-die-kuche\/joseph-joseph-compo-4-speiserestebehaelter-stein\/#breadcrumb\",\"itemListElement\":[{\"@type\":\"ListItem\",\"position\":1,\"name\":\"Home\",\"item\":\"https:\/\/dev6.erresse-shop.it\/\"},{\"@type\":\"ListItem\",\"position\":2,\"name\":\"Shop\",\"item\":\"https:\/\/dev6.erresse-shop.it\/shop\/\"},{\"@type\":\"ListItem\",\"position\":3,\"name\":\"JOSEPH JOSEPH Compo 4 Speiserestebeh\u00e4lter Stein\"}]},{\"@type\":\"WebSite\",\"@id\":\"https:\/\/dev6.erresse-shop.it\/#website\",\"url\":\"https:\/\/dev6.erresse-shop.it\/\",\"name\":\"Erresse Shop\",\"description\":\"\",\"publisher\":{\"@id\":\"https:\/\/dev6.erresse-shop.it\/#organization\"},\"potentialAction\":[{\"@type\":\"SearchAction\",\"target\":{\"@type\":\"EntryPoint\",\"urlTemplate\":\"https:\/\/dev6.erresse-shop.it\/?s={search_term_string}\"},\"query-input\":{\"@type\":\"PropertyValueSpecification\",\"valueRequired\":true,\"valueName\":\"search_term_string\"}}],\"inLanguage\":\"de\"},{\"@type\":\"Organization\",\"@id\":\"https:\/\/dev6.erresse-shop.it\/#organization\",\"name\":\"Erresse Shop\",\"url\":\"https:\/\/dev6.erresse-shop.it\/\",\"logo\":{\"@type\":\"ImageObject\",\"inLanguage\":\"de\",\"@id\":\"https:\/\/dev6.erresse-shop.it\/#\/schema\/logo\/image\/\",\"url\":\"https:\/\/dev6.erresse-shop.it\/wp-content\/uploads\/2025\/01\/LOGO-ERRESSE-CLASSICO.svg\",\"contentUrl\":\"https:\/\/dev6.erresse-shop.it\/wp-content\/uploads\/2025\/01\/LOGO-ERRESSE-CLASSICO.svg\",\"caption\":\"Erresse Shop\"},\"image\":{\"@id\":\"https:\/\/dev6.erresse-shop.it\/#\/schema\/logo\/image\/\"}}]}<\/script>\n<!-- \/ Yoast SEO plugin. -->","yoast_head_json":{"title":"JOSEPH JOSEPH Compo 4 Speiserestebeh\u00e4lter Stein - dev6 Erresse","description":"Dieser schlanke Beh\u00e4lter f\u00fcr Lebensmittelabf\u00e4lle erleichtert das Sammeln von Essensresten dank seines praktischen Klappdeckels und seiner sehr breiten","robots":{"index":"noindex","follow":"follow","max-snippet":"max-snippet:-1","max-image-preview":"max-image-preview:large","max-video-preview":"max-video-preview:-1"},"og_locale":"de_DE","og_type":"article","og_title":"JOSEPH JOSEPH Compo 4 Speiserestebeh\u00e4lter Stein - dev6 Erresse","og_description":"Dieser schlanke Beh\u00e4lter f\u00fcr Lebensmittelabf\u00e4lle erleichtert das Sammeln von Essensresten dank seines praktischen Klappdeckels und seiner sehr breiten","og_url":"https:\/\/dev6.erresse-shop.it\/de\/shop\/kuche\/zubehor-fur-die-kuche\/joseph-joseph-compo-4-speiserestebehaelter-stein\/","og_site_name":"dev6 Erresse","og_image":[{"url":"https:\/\/interpim.erresse-shop.it\/Import\/Prodotti\/joseph-joseph-compo-4-contenitore-rifiuti-alimentari-pietra.webp","type":"","width":"","height":""},{"url":"https:\/\/interpim.erresse-shop.it\/Import\/Prodotti\/joseph-joseph-compo-4-contenitore-rifiuti-alimentari-pietra.webp","width":1024,"height":1024,"type":"image\/jpeg"}],"twitter_card":"summary_large_image","twitter_image":"https:\/\/interpim.erresse-shop.it\/Import\/Prodotti\/joseph-joseph-compo-4-contenitore-rifiuti-alimentari-pietra.webp","schema":{"@context":"https:\/\/schema.org","@graph":[{"@type":"WebPage","@id":"https:\/\/dev6.erresse-shop.it\/de\/shop\/kuche\/zubehor-fur-die-kuche\/joseph-joseph-compo-4-speiserestebehaelter-stein\/","url":"https:\/\/dev6.erresse-shop.it\/de\/shop\/kuche\/zubehor-fur-die-kuche\/joseph-joseph-compo-4-speiserestebehaelter-stein\/","name":"JOSEPH JOSEPH Compo 4 Speiserestebeh\u00e4lter Stein - dev6 Erresse","isPartOf":{"@id":"https:\/\/dev6.erresse-shop.it\/#website"},"primaryImageOfPage":{"@id":"https:\/\/dev6.erresse-shop.it\/de\/shop\/kuche\/zubehor-fur-die-kuche\/joseph-joseph-compo-4-speiserestebehaelter-stein\/#primaryimage"},"image":{"@id":"https:\/\/dev6.erresse-shop.it\/de\/shop\/kuche\/zubehor-fur-die-kuche\/joseph-joseph-compo-4-speiserestebehaelter-stein\/#primaryimage"},"thumbnailUrl":"https:\/\/i3.wp.com\/interpim.erresse-shop.it\/Import\/Prodotti\/joseph-joseph-compo-4-contenitore-rifiuti-alimentari-pietra.webp?ssl=1","datePublished":"2026-04-12T12:52:25+00:00","description":"Dieser schlanke Beh\u00e4lter f\u00fcr Lebensmittelabf\u00e4lle erleichtert das Sammeln von Essensresten dank seines praktischen Klappdeckels und seiner sehr breiten","breadcrumb":{"@id":"https:\/\/dev6.erresse-shop.it\/de\/shop\/kuche\/zubehor-fur-die-kuche\/joseph-joseph-compo-4-speiserestebehaelter-stein\/#breadcrumb"},"inLanguage":"de","potentialAction":[{"@type":"ReadAction","target":["https:\/\/dev6.erresse-shop.it\/de\/shop\/kuche\/zubehor-fur-die-kuche\/joseph-joseph-compo-4-speiserestebehaelter-stein\/"]}]},{"@type":"ImageObject","inLanguage":"de","@id":"https:\/\/dev6.erresse-shop.it\/de\/shop\/kuche\/zubehor-fur-die-kuche\/joseph-joseph-compo-4-speiserestebehaelter-stein\/#primaryimage","url":"https:\/\/i3.wp.com\/interpim.erresse-shop.it\/Import\/Prodotti\/joseph-joseph-compo-4-contenitore-rifiuti-alimentari-pietra.webp?ssl=1","contentUrl":"https:\/\/i3.wp.com\/interpim.erresse-shop.it\/Import\/Prodotti\/joseph-joseph-compo-4-contenitore-rifiuti-alimentari-pietra.webp?ssl=1"},{"@type":"BreadcrumbList","@id":"https:\/\/dev6.erresse-shop.it\/de\/shop\/kuche\/zubehor-fur-die-kuche\/joseph-joseph-compo-4-speiserestebehaelter-stein\/#breadcrumb","itemListElement":[{"@type":"ListItem","position":1,"name":"Home","item":"https:\/\/dev6.erresse-shop.it\/"},{"@type":"ListItem","position":2,"name":"Shop","item":"https:\/\/dev6.erresse-shop.it\/shop\/"},{"@type":"ListItem","position":3,"name":"JOSEPH JOSEPH Compo 4 Speiserestebeh\u00e4lter Stein"}]},{"@type":"WebSite","@id":"https:\/\/dev6.erresse-shop.it\/#website","url":"https:\/\/dev6.erresse-shop.it\/","name":"Erresse Shop","description":"","publisher":{"@id":"https:\/\/dev6.erresse-shop.it\/#organization"},"potentialAction":[{"@type":"SearchAction","target":{"@type":"EntryPoint","urlTemplate":"https:\/\/dev6.erresse-shop.it\/?s={search_term_string}"},"query-input":{"@type":"PropertyValueSpecification","valueRequired":true,"valueName":"search_term_string"}}],"inLanguage":"de"},{"@type":"Organization","@id":"https:\/\/dev6.erresse-shop.it\/#organization","name":"Erresse Shop","url":"https:\/\/dev6.erresse-shop.it\/","logo":{"@type":"ImageObject","inLanguage":"de","@id":"https:\/\/dev6.erresse-shop.it\/#\/schema\/logo\/image\/","url":"https:\/\/dev6.erresse-shop.it\/wp-content\/uploads\/2025\/01\/LOGO-ERRESSE-CLASSICO.svg","contentUrl":"https:\/\/dev6.erresse-shop.it\/wp-content\/uploads\/2025\/01\/LOGO-ERRESSE-CLASSICO.svg","caption":"Erresse Shop"},"image":{"@id":"https:\/\/dev6.erresse-shop.it\/#\/schema\/logo\/image\/"}}]}},"df_price":34.9,"df_sale_price":34.9,"df_regular_price":34.99,"df_image_link":"https:\/\/i3.wp.com\/interpim.erresse-shop.it\/Import\/Prodotti\/joseph-joseph-compo-4-contenitore-rifiuti-alimentari-pietra.webp?resize=300,300&ssl=1","fifu_image_url":"https:\/\/interpim.erresse-shop.it\/Import\/Prodotti\/joseph-joseph-compo-4-contenitore-rifiuti-alimentari-pietra.webp","_links":{"self":[{"href":"https:\/\/dev6.erresse-shop.it\/de\/wp-json\/wp\/v2\/product\/55627","targetHints":{"allow":["GET"]}}],"collection":[{"href":"https:\/\/dev6.erresse-shop.it\/de\/wp-json\/wp\/v2\/product"}],"about":[{"href":"https:\/\/dev6.erresse-shop.it\/de\/wp-json\/wp\/v2\/types\/product"}],"wp:featuredmedia":[{"embeddable":true,"href":"https:\/\/dev6.erresse-shop.it\/de\/wp-json\/wp\/v2\/media\/6381448"}],"wp:attachment":[{"href":"https:\/\/dev6.erresse-shop.it\/de\/wp-json\/wp\/v2\/media?parent=55627"}],"wp:term":[{"taxonomy":"product_cat","embeddable":true,"href":"https:\/\/dev6.erresse-shop.it\/de\/wp-json\/wp\/v2\/product_cat?post=55627"},{"taxonomy":"product_tag","embeddable":true,"href":"https:\/\/dev6.erresse-shop.it\/de\/wp-json\/wp\/v2\/product_tag?post=55627"}],"curies":[{"name":"wp","href":"https:\/\/api.w.org\/{rel}","templated":true}]}}