{"id":55623,"date":"2026-04-04T14:49:46","date_gmt":"2026-04-04T12:49:46","guid":{"rendered":"https:\/\/dev6.erresse-shop.it\/shop\/unkategorisiert\/joseph-joseph-stack-4-speiserestebehaelter-stein\/"},"modified":"2025-09-14T03:42:26","modified_gmt":"2025-09-14T01:42:26","slug":"joseph-joseph-stack-4-speiserestebehaelter-stein","status":"publish","type":"product","link":"https:\/\/dev6.erresse-shop.it\/de\/shop\/kuche\/zubehor-fur-die-kuche\/joseph-joseph-stack-4-speiserestebehaelter-stein\/","title":{"rendered":"JOSEPH JOSEPH Stack 4 Speiserestebeh\u00e4lter Stein"},"content":{"rendered":"<p>Das einzigartige bel\u00fcftete Design dieses Beh\u00e4lters f\u00fcr Lebensmittelabf\u00e4lle tr\u00e4gt zur Reduzierung von Ger\u00fcchen bei, die durch die Zersetzung von Lebensmitteln entstehen.<\/p>\n<p>Das bel\u00fcftete Design reduziert Feuchtigkeit und Ger\u00fcche<br \/>\nAuswechselbarer Geruchsfilter im Deckel<br \/>\nLeicht zug\u00e4nglicher Klappendeckel<br \/>\nLeicht zu reinigendes Geh\u00e4use aus Polypropylen und Tragegriff aus Edelstahl<br \/>\nInnenliegende \u00d6ffnung zur Aufbewahrung des Futters sorgt f\u00fcr Ordnung<\/p>\n<p>Pflege und Gebrauch:<\/p>\n<p>Mit einem feuchten Tuch reinigen und mit einem weichen, trockenen Tuch abtrocknen.<br \/>\nKeine scheuernden T\u00fccher oder starke chemische Reinigungsmittel verwenden<br \/>\nBPA-frei<br \/>\nUm eine optimale Leistung zu gew\u00e4hrleisten, empfehlen wir, den Geruchsfilter alle 3 Monate auszutauschen.<\/p>\n<p>Abmessungen: H16,1 x B23,5 x T19,7 cm (H6\u00bd x L9\u00bc x T7\u00be Zoll)<\/p>\n<p>Gewicht: 0,78 kg<\/p>\n<p>Designer: PearsonLloyd<\/p>\n","protected":false},"excerpt":{"rendered":"<p>Das einzigartige bel\u00fcftete Design dieses Beh\u00e4lters f\u00fcr Lebensmittelabf\u00e4lle tr\u00e4gt zur Reduzierung von Ger\u00fcchen bei, die durch die Zersetzung von Lebensmitteln entstehen. Das bel\u00fcftete Design reduziert Feuchtigkeit und Ger\u00fcche Auswechselbarer Geruchsfilter im Deckel Leicht zug\u00e4nglicher Klappendeckel Leicht zu reinigendes Geh\u00e4use aus Polypropylen und Tragegriff aus Edelstahl Innenliegende \u00d6ffnung zur Aufbewahrung des Futters sorgt f\u00fcr Ordnung Pflege [&hellip;]<\/p>\n","protected":false},"featured_media":6298158,"template":"","meta":{"_acf_changed":false},"product_cat":[11733,11668,12100,12165],"product_tag":[],"class_list":{"0":"post-55623","1":"product","2":"type-product","3":"status-publish","4":"has-post-thumbnail","6":"product_cat-accessori-cucina","7":"product_cat-cucina","8":"product_cat-kuche","9":"product_cat-zubehor-fur-die-kuche","11":"first","12":"instock","13":"taxable","14":"shipping-taxable","15":"purchasable","16":"product-type-simple","swatches":"rey-swatches","show_selected":"","stretch_labels":"rey-swatches--stretch-labels"},"acf":[],"yoast_head":"<!-- This site is optimized with the Yoast SEO plugin v25.4 - https:\/\/yoast.com\/wordpress\/plugins\/seo\/ -->\n<title>JOSEPH JOSEPH Stack 4 Speiserestebeh\u00e4lter Stein - dev6 Erresse<\/title>\n<meta name=\"description\" content=\"Das einzigartige bel\u00fcftete Design dieses Beh\u00e4lters f\u00fcr Lebensmittelabf\u00e4lle tr\u00e4gt zur Reduzierung von Ger\u00fcchen bei, die durch die Zersetzung von\" \/>\n<meta name=\"robots\" content=\"noindex, follow, max-snippet:-1, max-image-preview:large, max-video-preview:-1\" \/>\n<meta property=\"og:locale\" content=\"de_DE\" \/>\n<meta property=\"og:type\" content=\"article\" \/>\n<meta property=\"og:title\" content=\"JOSEPH JOSEPH Stack 4 Speiserestebeh\u00e4lter Stein - dev6 Erresse\" \/>\n<meta property=\"og:description\" content=\"Das einzigartige bel\u00fcftete Design dieses Beh\u00e4lters f\u00fcr Lebensmittelabf\u00e4lle tr\u00e4gt zur Reduzierung von Ger\u00fcchen bei, die durch die Zersetzung von\" \/>\n<meta property=\"og:url\" content=\"https:\/\/dev6.erresse-shop.it\/de\/shop\/kuche\/zubehor-fur-die-kuche\/joseph-joseph-stack-4-speiserestebehaelter-stein\/\" \/>\n<meta property=\"og:site_name\" content=\"dev6 Erresse\" \/>\n<meta property=\"og:image\" content=\"https:\/\/interpim.erresse-shop.it\/Import\/Prodotti\/joseph-joseph-stack-4-contenitore-rifiuti-alimentari-pietra.webp\" \/><meta property=\"og:image\" content=\"https:\/\/interpim.erresse-shop.it\/Import\/Prodotti\/joseph-joseph-stack-4-contenitore-rifiuti-alimentari-pietra.webp\" \/>\n\t<meta property=\"og:image:width\" content=\"1024\" \/>\n\t<meta property=\"og:image:height\" content=\"1024\" \/>\n\t<meta property=\"og:image:type\" content=\"image\/jpeg\" \/>\n<meta name=\"twitter:card\" content=\"summary_large_image\" \/>\n<meta name=\"twitter:image\" content=\"https:\/\/interpim.erresse-shop.it\/Import\/Prodotti\/joseph-joseph-stack-4-contenitore-rifiuti-alimentari-pietra.webp\" \/>\n<script type=\"application\/ld+json\" class=\"yoast-schema-graph\">{\"@context\":\"https:\/\/schema.org\",\"@graph\":[{\"@type\":\"WebPage\",\"@id\":\"https:\/\/dev6.erresse-shop.it\/de\/shop\/kuche\/zubehor-fur-die-kuche\/joseph-joseph-stack-4-speiserestebehaelter-stein\/\",\"url\":\"https:\/\/dev6.erresse-shop.it\/de\/shop\/kuche\/zubehor-fur-die-kuche\/joseph-joseph-stack-4-speiserestebehaelter-stein\/\",\"name\":\"JOSEPH JOSEPH Stack 4 Speiserestebeh\u00e4lter Stein - dev6 Erresse\",\"isPartOf\":{\"@id\":\"https:\/\/dev6.erresse-shop.it\/#website\"},\"primaryImageOfPage\":{\"@id\":\"https:\/\/dev6.erresse-shop.it\/de\/shop\/kuche\/zubehor-fur-die-kuche\/joseph-joseph-stack-4-speiserestebehaelter-stein\/#primaryimage\"},\"image\":{\"@id\":\"https:\/\/dev6.erresse-shop.it\/de\/shop\/kuche\/zubehor-fur-die-kuche\/joseph-joseph-stack-4-speiserestebehaelter-stein\/#primaryimage\"},\"thumbnailUrl\":\"https:\/\/i3.wp.com\/interpim.erresse-shop.it\/Import\/Prodotti\/joseph-joseph-stack-4-contenitore-rifiuti-alimentari-pietra.webp?ssl=1\",\"datePublished\":\"2026-04-04T12:49:46+00:00\",\"description\":\"Das einzigartige bel\u00fcftete Design dieses Beh\u00e4lters f\u00fcr Lebensmittelabf\u00e4lle tr\u00e4gt zur Reduzierung von Ger\u00fcchen bei, die durch die Zersetzung von\",\"breadcrumb\":{\"@id\":\"https:\/\/dev6.erresse-shop.it\/de\/shop\/kuche\/zubehor-fur-die-kuche\/joseph-joseph-stack-4-speiserestebehaelter-stein\/#breadcrumb\"},\"inLanguage\":\"de\",\"potentialAction\":[{\"@type\":\"ReadAction\",\"target\":[\"https:\/\/dev6.erresse-shop.it\/de\/shop\/kuche\/zubehor-fur-die-kuche\/joseph-joseph-stack-4-speiserestebehaelter-stein\/\"]}]},{\"@type\":\"ImageObject\",\"inLanguage\":\"de\",\"@id\":\"https:\/\/dev6.erresse-shop.it\/de\/shop\/kuche\/zubehor-fur-die-kuche\/joseph-joseph-stack-4-speiserestebehaelter-stein\/#primaryimage\",\"url\":\"https:\/\/i3.wp.com\/interpim.erresse-shop.it\/Import\/Prodotti\/joseph-joseph-stack-4-contenitore-rifiuti-alimentari-pietra.webp?ssl=1\",\"contentUrl\":\"https:\/\/i3.wp.com\/interpim.erresse-shop.it\/Import\/Prodotti\/joseph-joseph-stack-4-contenitore-rifiuti-alimentari-pietra.webp?ssl=1\"},{\"@type\":\"BreadcrumbList\",\"@id\":\"https:\/\/dev6.erresse-shop.it\/de\/shop\/kuche\/zubehor-fur-die-kuche\/joseph-joseph-stack-4-speiserestebehaelter-stein\/#breadcrumb\",\"itemListElement\":[{\"@type\":\"ListItem\",\"position\":1,\"name\":\"Home\",\"item\":\"https:\/\/dev6.erresse-shop.it\/\"},{\"@type\":\"ListItem\",\"position\":2,\"name\":\"Shop\",\"item\":\"https:\/\/dev6.erresse-shop.it\/shop\/\"},{\"@type\":\"ListItem\",\"position\":3,\"name\":\"JOSEPH JOSEPH Stack 4 Speiserestebeh\u00e4lter Stein\"}]},{\"@type\":\"WebSite\",\"@id\":\"https:\/\/dev6.erresse-shop.it\/#website\",\"url\":\"https:\/\/dev6.erresse-shop.it\/\",\"name\":\"Erresse Shop\",\"description\":\"\",\"publisher\":{\"@id\":\"https:\/\/dev6.erresse-shop.it\/#organization\"},\"potentialAction\":[{\"@type\":\"SearchAction\",\"target\":{\"@type\":\"EntryPoint\",\"urlTemplate\":\"https:\/\/dev6.erresse-shop.it\/?s={search_term_string}\"},\"query-input\":{\"@type\":\"PropertyValueSpecification\",\"valueRequired\":true,\"valueName\":\"search_term_string\"}}],\"inLanguage\":\"de\"},{\"@type\":\"Organization\",\"@id\":\"https:\/\/dev6.erresse-shop.it\/#organization\",\"name\":\"Erresse Shop\",\"url\":\"https:\/\/dev6.erresse-shop.it\/\",\"logo\":{\"@type\":\"ImageObject\",\"inLanguage\":\"de\",\"@id\":\"https:\/\/dev6.erresse-shop.it\/#\/schema\/logo\/image\/\",\"url\":\"https:\/\/dev6.erresse-shop.it\/wp-content\/uploads\/2025\/01\/LOGO-ERRESSE-CLASSICO.svg\",\"contentUrl\":\"https:\/\/dev6.erresse-shop.it\/wp-content\/uploads\/2025\/01\/LOGO-ERRESSE-CLASSICO.svg\",\"caption\":\"Erresse Shop\"},\"image\":{\"@id\":\"https:\/\/dev6.erresse-shop.it\/#\/schema\/logo\/image\/\"}}]}<\/script>\n<!-- \/ Yoast SEO plugin. -->","yoast_head_json":{"title":"JOSEPH JOSEPH Stack 4 Speiserestebeh\u00e4lter Stein - dev6 Erresse","description":"Das einzigartige bel\u00fcftete Design dieses Beh\u00e4lters f\u00fcr Lebensmittelabf\u00e4lle tr\u00e4gt zur Reduzierung von Ger\u00fcchen bei, die durch die Zersetzung von","robots":{"index":"noindex","follow":"follow","max-snippet":"max-snippet:-1","max-image-preview":"max-image-preview:large","max-video-preview":"max-video-preview:-1"},"og_locale":"de_DE","og_type":"article","og_title":"JOSEPH JOSEPH Stack 4 Speiserestebeh\u00e4lter Stein - dev6 Erresse","og_description":"Das einzigartige bel\u00fcftete Design dieses Beh\u00e4lters f\u00fcr Lebensmittelabf\u00e4lle tr\u00e4gt zur Reduzierung von Ger\u00fcchen bei, die durch die Zersetzung von","og_url":"https:\/\/dev6.erresse-shop.it\/de\/shop\/kuche\/zubehor-fur-die-kuche\/joseph-joseph-stack-4-speiserestebehaelter-stein\/","og_site_name":"dev6 Erresse","og_image":[{"url":"https:\/\/interpim.erresse-shop.it\/Import\/Prodotti\/joseph-joseph-stack-4-contenitore-rifiuti-alimentari-pietra.webp","type":"","width":"","height":""},{"url":"https:\/\/interpim.erresse-shop.it\/Import\/Prodotti\/joseph-joseph-stack-4-contenitore-rifiuti-alimentari-pietra.webp","width":1024,"height":1024,"type":"image\/jpeg"}],"twitter_card":"summary_large_image","twitter_image":"https:\/\/interpim.erresse-shop.it\/Import\/Prodotti\/joseph-joseph-stack-4-contenitore-rifiuti-alimentari-pietra.webp","schema":{"@context":"https:\/\/schema.org","@graph":[{"@type":"WebPage","@id":"https:\/\/dev6.erresse-shop.it\/de\/shop\/kuche\/zubehor-fur-die-kuche\/joseph-joseph-stack-4-speiserestebehaelter-stein\/","url":"https:\/\/dev6.erresse-shop.it\/de\/shop\/kuche\/zubehor-fur-die-kuche\/joseph-joseph-stack-4-speiserestebehaelter-stein\/","name":"JOSEPH JOSEPH Stack 4 Speiserestebeh\u00e4lter Stein - dev6 Erresse","isPartOf":{"@id":"https:\/\/dev6.erresse-shop.it\/#website"},"primaryImageOfPage":{"@id":"https:\/\/dev6.erresse-shop.it\/de\/shop\/kuche\/zubehor-fur-die-kuche\/joseph-joseph-stack-4-speiserestebehaelter-stein\/#primaryimage"},"image":{"@id":"https:\/\/dev6.erresse-shop.it\/de\/shop\/kuche\/zubehor-fur-die-kuche\/joseph-joseph-stack-4-speiserestebehaelter-stein\/#primaryimage"},"thumbnailUrl":"https:\/\/i3.wp.com\/interpim.erresse-shop.it\/Import\/Prodotti\/joseph-joseph-stack-4-contenitore-rifiuti-alimentari-pietra.webp?ssl=1","datePublished":"2026-04-04T12:49:46+00:00","description":"Das einzigartige bel\u00fcftete Design dieses Beh\u00e4lters f\u00fcr Lebensmittelabf\u00e4lle tr\u00e4gt zur Reduzierung von Ger\u00fcchen bei, die durch die Zersetzung von","breadcrumb":{"@id":"https:\/\/dev6.erresse-shop.it\/de\/shop\/kuche\/zubehor-fur-die-kuche\/joseph-joseph-stack-4-speiserestebehaelter-stein\/#breadcrumb"},"inLanguage":"de","potentialAction":[{"@type":"ReadAction","target":["https:\/\/dev6.erresse-shop.it\/de\/shop\/kuche\/zubehor-fur-die-kuche\/joseph-joseph-stack-4-speiserestebehaelter-stein\/"]}]},{"@type":"ImageObject","inLanguage":"de","@id":"https:\/\/dev6.erresse-shop.it\/de\/shop\/kuche\/zubehor-fur-die-kuche\/joseph-joseph-stack-4-speiserestebehaelter-stein\/#primaryimage","url":"https:\/\/i3.wp.com\/interpim.erresse-shop.it\/Import\/Prodotti\/joseph-joseph-stack-4-contenitore-rifiuti-alimentari-pietra.webp?ssl=1","contentUrl":"https:\/\/i3.wp.com\/interpim.erresse-shop.it\/Import\/Prodotti\/joseph-joseph-stack-4-contenitore-rifiuti-alimentari-pietra.webp?ssl=1"},{"@type":"BreadcrumbList","@id":"https:\/\/dev6.erresse-shop.it\/de\/shop\/kuche\/zubehor-fur-die-kuche\/joseph-joseph-stack-4-speiserestebehaelter-stein\/#breadcrumb","itemListElement":[{"@type":"ListItem","position":1,"name":"Home","item":"https:\/\/dev6.erresse-shop.it\/"},{"@type":"ListItem","position":2,"name":"Shop","item":"https:\/\/dev6.erresse-shop.it\/shop\/"},{"@type":"ListItem","position":3,"name":"JOSEPH JOSEPH Stack 4 Speiserestebeh\u00e4lter Stein"}]},{"@type":"WebSite","@id":"https:\/\/dev6.erresse-shop.it\/#website","url":"https:\/\/dev6.erresse-shop.it\/","name":"Erresse Shop","description":"","publisher":{"@id":"https:\/\/dev6.erresse-shop.it\/#organization"},"potentialAction":[{"@type":"SearchAction","target":{"@type":"EntryPoint","urlTemplate":"https:\/\/dev6.erresse-shop.it\/?s={search_term_string}"},"query-input":{"@type":"PropertyValueSpecification","valueRequired":true,"valueName":"search_term_string"}}],"inLanguage":"de"},{"@type":"Organization","@id":"https:\/\/dev6.erresse-shop.it\/#organization","name":"Erresse Shop","url":"https:\/\/dev6.erresse-shop.it\/","logo":{"@type":"ImageObject","inLanguage":"de","@id":"https:\/\/dev6.erresse-shop.it\/#\/schema\/logo\/image\/","url":"https:\/\/dev6.erresse-shop.it\/wp-content\/uploads\/2025\/01\/LOGO-ERRESSE-CLASSICO.svg","contentUrl":"https:\/\/dev6.erresse-shop.it\/wp-content\/uploads\/2025\/01\/LOGO-ERRESSE-CLASSICO.svg","caption":"Erresse Shop"},"image":{"@id":"https:\/\/dev6.erresse-shop.it\/#\/schema\/logo\/image\/"}}]}},"df_price":39.99,"df_sale_price":"","df_regular_price":39.99,"df_image_link":"https:\/\/i3.wp.com\/interpim.erresse-shop.it\/Import\/Prodotti\/joseph-joseph-stack-4-contenitore-rifiuti-alimentari-pietra.webp?resize=300,300&ssl=1","fifu_image_url":"https:\/\/interpim.erresse-shop.it\/Import\/Prodotti\/joseph-joseph-stack-4-contenitore-rifiuti-alimentari-pietra.webp","_links":{"self":[{"href":"https:\/\/dev6.erresse-shop.it\/de\/wp-json\/wp\/v2\/product\/55623","targetHints":{"allow":["GET"]}}],"collection":[{"href":"https:\/\/dev6.erresse-shop.it\/de\/wp-json\/wp\/v2\/product"}],"about":[{"href":"https:\/\/dev6.erresse-shop.it\/de\/wp-json\/wp\/v2\/types\/product"}],"wp:featuredmedia":[{"embeddable":true,"href":"https:\/\/dev6.erresse-shop.it\/de\/wp-json\/wp\/v2\/media\/6298158"}],"wp:attachment":[{"href":"https:\/\/dev6.erresse-shop.it\/de\/wp-json\/wp\/v2\/media?parent=55623"}],"wp:term":[{"taxonomy":"product_cat","embeddable":true,"href":"https:\/\/dev6.erresse-shop.it\/de\/wp-json\/wp\/v2\/product_cat?post=55623"},{"taxonomy":"product_tag","embeddable":true,"href":"https:\/\/dev6.erresse-shop.it\/de\/wp-json\/wp\/v2\/product_tag?post=55623"}],"curies":[{"name":"wp","href":"https:\/\/api.w.org\/{rel}","templated":true}]}}