{"id":55617,"date":"2026-04-12T11:29:15","date_gmt":"2026-04-12T09:29:15","guid":{"rendered":"https:\/\/dev6.erresse-shop.it\/shop\/unkategorisiert\/joseph-joseph-elevate-karussell-set-6-werkzeuge-multicolour\/"},"modified":"2025-12-08T17:47:36","modified_gmt":"2025-12-08T16:47:36","slug":"joseph-joseph-elevate-karussell-set-6-werkzeuge-multicolour","status":"publish","type":"product","link":"https:\/\/dev6.erresse-shop.it\/de\/shop\/kuche\/werkzeuge\/joseph-joseph-elevate-karussell-set-6-werkzeuge-multicolour\/","title":{"rendered":"JOSEPH JOSEPH Elevate Karussell Set 6 Werkzeuge Multicolour"},"content":{"rendered":"<p>Dieses Utensilienset besteht aus 6 K\u00fcchenutensilien mit Nylonk\u00f6pfen und in den Griffen integrierten Utensilienauflagen.<\/p>\n<p>Das Set umfasst: Schauml\u00f6ffel, Spaghettischale, fester L\u00f6ffel, Schauml\u00f6ffel, flexibler L\u00f6ffel und Sch\u00f6pfkelle.<br \/>\nBeschwerte Griffe und integrierte Utensilienauflagen verhindern, dass die Utensilienk\u00f6pfe die Arbeitsfl\u00e4che ber\u00fchren, wenn sie aufliegen<br \/>\nWerkzeugk\u00f6pfe aus hitzebest\u00e4ndigem Nylon bis zu 200\u00b0C (392\u00b0F)<br \/>\nErgonomische Silikongriffe hitzebest\u00e4ndig bis 270\u00b0C (520\u00b0F)<br \/>\nDas Karussell hat einen rutschfesten Boden und eine leicht drehbare Stange f\u00fcr eine einfache Werkzeugauswahl.<br \/>\nGeeignet f\u00fcr alle Arten von Kochgeschirr<\/p>\n<p>Pflege und Gebrauch:<\/p>\n<p>Werkzeuge \u2013 sp\u00fclmaschinengeeignet<br \/>\nKarussell: mit einem feuchten Tuch reinigen<br \/>\nUtensilien w\u00e4hrend des Kochens nicht in der Pfanne lassen<br \/>\nUm Flecken zu vermeiden, nicht mit starken Farbstoffen wie Kurkuma verwenden<br \/>\nBPA-frei<\/p>\n<p>Abmessungen:<\/p>\n<p>H16,5 x B35 x T16,5 cm (H6\u00bd x B13\u00be x T6\u00bd Zoll)<\/p>\n<p>Designer: Derek Roberts<\/p>\n","protected":false},"excerpt":{"rendered":"<p>Dieses Utensilienset besteht aus 6 K\u00fcchenutensilien mit Nylonk\u00f6pfen und in den Griffen integrierten Utensilienauflagen. Das Set umfasst: Schauml\u00f6ffel, Spaghettischale, fester L\u00f6ffel, Schauml\u00f6ffel, flexibler L\u00f6ffel und Sch\u00f6pfkelle. Beschwerte Griffe und integrierte Utensilienauflagen verhindern, dass die Utensilienk\u00f6pfe die Arbeitsfl\u00e4che ber\u00fchren, wenn sie aufliegen Werkzeugk\u00f6pfe aus hitzebest\u00e4ndigem Nylon bis zu 200\u00b0C (392\u00b0F) Ergonomische Silikongriffe hitzebest\u00e4ndig bis 270\u00b0C (520\u00b0F) [&hellip;]<\/p>\n","protected":false},"featured_media":6369033,"template":"","meta":{"_acf_changed":false},"product_cat":[11668,12100,12116],"product_tag":[],"class_list":{"0":"post-55617","1":"product","2":"type-product","3":"status-publish","4":"has-post-thumbnail","6":"product_cat-cucina","7":"product_cat-kuche","8":"product_cat-werkzeuge","10":"first","11":"instock","12":"sale","13":"taxable","14":"shipping-taxable","15":"purchasable","16":"product-type-simple","swatches":"rey-swatches","show_selected":"","stretch_labels":"rey-swatches--stretch-labels"},"acf":[],"yoast_head":"<!-- This site is optimized with the Yoast SEO plugin v25.4 - https:\/\/yoast.com\/wordpress\/plugins\/seo\/ -->\n<title>JOSEPH JOSEPH Elevate Karussell Set 6 Werkzeuge Multicolour - dev6 Erresse<\/title>\n<meta name=\"description\" content=\"Dieses Utensilienset besteht aus 6 K\u00fcchenutensilien mit Nylonk\u00f6pfen und in den Griffen integrierten Utensilienauflagen. Das Set umfasst: Schauml\u00f6ffel,\" \/>\n<meta name=\"robots\" content=\"noindex, follow, max-snippet:-1, max-image-preview:large, max-video-preview:-1\" \/>\n<meta property=\"og:locale\" content=\"de_DE\" \/>\n<meta property=\"og:type\" content=\"article\" \/>\n<meta property=\"og:title\" content=\"JOSEPH JOSEPH Elevate Karussell Set 6 Werkzeuge Multicolour - dev6 Erresse\" \/>\n<meta property=\"og:description\" content=\"Dieses Utensilienset besteht aus 6 K\u00fcchenutensilien mit Nylonk\u00f6pfen und in den Griffen integrierten Utensilienauflagen. Das Set umfasst: Schauml\u00f6ffel,\" \/>\n<meta property=\"og:url\" content=\"https:\/\/dev6.erresse-shop.it\/de\/shop\/kuche\/werkzeuge\/joseph-joseph-elevate-karussell-set-6-werkzeuge-multicolour\/\" \/>\n<meta property=\"og:site_name\" content=\"dev6 Erresse\" \/>\n<meta property=\"og:image\" content=\"https:\/\/interpim.erresse-shop.it\/Import\/Prodotti\/joseph-joseph-elevate-carousel-set-6-utensili-multicolore.jpg\" \/><meta property=\"og:image\" content=\"https:\/\/interpim.erresse-shop.it\/Import\/Prodotti\/joseph-joseph-elevate-carousel-set-6-utensili-multicolore.jpg\" \/>\n\t<meta property=\"og:image:width\" content=\"1024\" \/>\n\t<meta property=\"og:image:height\" content=\"1024\" \/>\n\t<meta property=\"og:image:type\" content=\"image\/jpeg\" \/>\n<meta name=\"twitter:card\" content=\"summary_large_image\" \/>\n<meta name=\"twitter:image\" content=\"https:\/\/interpim.erresse-shop.it\/Import\/Prodotti\/joseph-joseph-elevate-carousel-set-6-utensili-multicolore.jpg\" \/>\n<script type=\"application\/ld+json\" class=\"yoast-schema-graph\">{\"@context\":\"https:\/\/schema.org\",\"@graph\":[{\"@type\":\"WebPage\",\"@id\":\"https:\/\/dev6.erresse-shop.it\/de\/shop\/kuche\/werkzeuge\/joseph-joseph-elevate-karussell-set-6-werkzeuge-multicolour\/\",\"url\":\"https:\/\/dev6.erresse-shop.it\/de\/shop\/kuche\/werkzeuge\/joseph-joseph-elevate-karussell-set-6-werkzeuge-multicolour\/\",\"name\":\"JOSEPH JOSEPH Elevate Karussell Set 6 Werkzeuge Multicolour - dev6 Erresse\",\"isPartOf\":{\"@id\":\"https:\/\/dev6.erresse-shop.it\/#website\"},\"primaryImageOfPage\":{\"@id\":\"https:\/\/dev6.erresse-shop.it\/de\/shop\/kuche\/werkzeuge\/joseph-joseph-elevate-karussell-set-6-werkzeuge-multicolour\/#primaryimage\"},\"image\":{\"@id\":\"https:\/\/dev6.erresse-shop.it\/de\/shop\/kuche\/werkzeuge\/joseph-joseph-elevate-karussell-set-6-werkzeuge-multicolour\/#primaryimage\"},\"thumbnailUrl\":\"https:\/\/i2.wp.com\/interpim.erresse-shop.it\/Import\/Prodotti\/joseph-joseph-elevate-carousel-set-6-utensili-multicolore.jpg?ssl=1\",\"datePublished\":\"2026-04-12T09:29:15+00:00\",\"description\":\"Dieses Utensilienset besteht aus 6 K\u00fcchenutensilien mit Nylonk\u00f6pfen und in den Griffen integrierten Utensilienauflagen. Das Set umfasst: Schauml\u00f6ffel,\",\"breadcrumb\":{\"@id\":\"https:\/\/dev6.erresse-shop.it\/de\/shop\/kuche\/werkzeuge\/joseph-joseph-elevate-karussell-set-6-werkzeuge-multicolour\/#breadcrumb\"},\"inLanguage\":\"de\",\"potentialAction\":[{\"@type\":\"ReadAction\",\"target\":[\"https:\/\/dev6.erresse-shop.it\/de\/shop\/kuche\/werkzeuge\/joseph-joseph-elevate-karussell-set-6-werkzeuge-multicolour\/\"]}]},{\"@type\":\"ImageObject\",\"inLanguage\":\"de\",\"@id\":\"https:\/\/dev6.erresse-shop.it\/de\/shop\/kuche\/werkzeuge\/joseph-joseph-elevate-karussell-set-6-werkzeuge-multicolour\/#primaryimage\",\"url\":\"https:\/\/i2.wp.com\/interpim.erresse-shop.it\/Import\/Prodotti\/joseph-joseph-elevate-carousel-set-6-utensili-multicolore.jpg?ssl=1\",\"contentUrl\":\"https:\/\/i2.wp.com\/interpim.erresse-shop.it\/Import\/Prodotti\/joseph-joseph-elevate-carousel-set-6-utensili-multicolore.jpg?ssl=1\"},{\"@type\":\"BreadcrumbList\",\"@id\":\"https:\/\/dev6.erresse-shop.it\/de\/shop\/kuche\/werkzeuge\/joseph-joseph-elevate-karussell-set-6-werkzeuge-multicolour\/#breadcrumb\",\"itemListElement\":[{\"@type\":\"ListItem\",\"position\":1,\"name\":\"Home\",\"item\":\"https:\/\/dev6.erresse-shop.it\/\"},{\"@type\":\"ListItem\",\"position\":2,\"name\":\"Shop\",\"item\":\"https:\/\/dev6.erresse-shop.it\/shop\/\"},{\"@type\":\"ListItem\",\"position\":3,\"name\":\"JOSEPH JOSEPH Elevate Karussell Set 6 Werkzeuge Multicolour\"}]},{\"@type\":\"WebSite\",\"@id\":\"https:\/\/dev6.erresse-shop.it\/#website\",\"url\":\"https:\/\/dev6.erresse-shop.it\/\",\"name\":\"Erresse Shop\",\"description\":\"\",\"publisher\":{\"@id\":\"https:\/\/dev6.erresse-shop.it\/#organization\"},\"potentialAction\":[{\"@type\":\"SearchAction\",\"target\":{\"@type\":\"EntryPoint\",\"urlTemplate\":\"https:\/\/dev6.erresse-shop.it\/?s={search_term_string}\"},\"query-input\":{\"@type\":\"PropertyValueSpecification\",\"valueRequired\":true,\"valueName\":\"search_term_string\"}}],\"inLanguage\":\"de\"},{\"@type\":\"Organization\",\"@id\":\"https:\/\/dev6.erresse-shop.it\/#organization\",\"name\":\"Erresse Shop\",\"url\":\"https:\/\/dev6.erresse-shop.it\/\",\"logo\":{\"@type\":\"ImageObject\",\"inLanguage\":\"de\",\"@id\":\"https:\/\/dev6.erresse-shop.it\/#\/schema\/logo\/image\/\",\"url\":\"https:\/\/dev6.erresse-shop.it\/wp-content\/uploads\/2025\/01\/LOGO-ERRESSE-CLASSICO.svg\",\"contentUrl\":\"https:\/\/dev6.erresse-shop.it\/wp-content\/uploads\/2025\/01\/LOGO-ERRESSE-CLASSICO.svg\",\"caption\":\"Erresse Shop\"},\"image\":{\"@id\":\"https:\/\/dev6.erresse-shop.it\/#\/schema\/logo\/image\/\"}}]}<\/script>\n<!-- \/ Yoast SEO plugin. -->","yoast_head_json":{"title":"JOSEPH JOSEPH Elevate Karussell Set 6 Werkzeuge Multicolour - dev6 Erresse","description":"Dieses Utensilienset besteht aus 6 K\u00fcchenutensilien mit Nylonk\u00f6pfen und in den Griffen integrierten Utensilienauflagen. Das Set umfasst: Schauml\u00f6ffel,","robots":{"index":"noindex","follow":"follow","max-snippet":"max-snippet:-1","max-image-preview":"max-image-preview:large","max-video-preview":"max-video-preview:-1"},"og_locale":"de_DE","og_type":"article","og_title":"JOSEPH JOSEPH Elevate Karussell Set 6 Werkzeuge Multicolour - dev6 Erresse","og_description":"Dieses Utensilienset besteht aus 6 K\u00fcchenutensilien mit Nylonk\u00f6pfen und in den Griffen integrierten Utensilienauflagen. Das Set umfasst: Schauml\u00f6ffel,","og_url":"https:\/\/dev6.erresse-shop.it\/de\/shop\/kuche\/werkzeuge\/joseph-joseph-elevate-karussell-set-6-werkzeuge-multicolour\/","og_site_name":"dev6 Erresse","og_image":[{"url":"https:\/\/interpim.erresse-shop.it\/Import\/Prodotti\/joseph-joseph-elevate-carousel-set-6-utensili-multicolore.jpg","type":"","width":"","height":""},{"url":"https:\/\/interpim.erresse-shop.it\/Import\/Prodotti\/joseph-joseph-elevate-carousel-set-6-utensili-multicolore.jpg","width":1024,"height":1024,"type":"image\/jpeg"}],"twitter_card":"summary_large_image","twitter_image":"https:\/\/interpim.erresse-shop.it\/Import\/Prodotti\/joseph-joseph-elevate-carousel-set-6-utensili-multicolore.jpg","schema":{"@context":"https:\/\/schema.org","@graph":[{"@type":"WebPage","@id":"https:\/\/dev6.erresse-shop.it\/de\/shop\/kuche\/werkzeuge\/joseph-joseph-elevate-karussell-set-6-werkzeuge-multicolour\/","url":"https:\/\/dev6.erresse-shop.it\/de\/shop\/kuche\/werkzeuge\/joseph-joseph-elevate-karussell-set-6-werkzeuge-multicolour\/","name":"JOSEPH JOSEPH Elevate Karussell Set 6 Werkzeuge Multicolour - dev6 Erresse","isPartOf":{"@id":"https:\/\/dev6.erresse-shop.it\/#website"},"primaryImageOfPage":{"@id":"https:\/\/dev6.erresse-shop.it\/de\/shop\/kuche\/werkzeuge\/joseph-joseph-elevate-karussell-set-6-werkzeuge-multicolour\/#primaryimage"},"image":{"@id":"https:\/\/dev6.erresse-shop.it\/de\/shop\/kuche\/werkzeuge\/joseph-joseph-elevate-karussell-set-6-werkzeuge-multicolour\/#primaryimage"},"thumbnailUrl":"https:\/\/i2.wp.com\/interpim.erresse-shop.it\/Import\/Prodotti\/joseph-joseph-elevate-carousel-set-6-utensili-multicolore.jpg?ssl=1","datePublished":"2026-04-12T09:29:15+00:00","description":"Dieses Utensilienset besteht aus 6 K\u00fcchenutensilien mit Nylonk\u00f6pfen und in den Griffen integrierten Utensilienauflagen. Das Set umfasst: Schauml\u00f6ffel,","breadcrumb":{"@id":"https:\/\/dev6.erresse-shop.it\/de\/shop\/kuche\/werkzeuge\/joseph-joseph-elevate-karussell-set-6-werkzeuge-multicolour\/#breadcrumb"},"inLanguage":"de","potentialAction":[{"@type":"ReadAction","target":["https:\/\/dev6.erresse-shop.it\/de\/shop\/kuche\/werkzeuge\/joseph-joseph-elevate-karussell-set-6-werkzeuge-multicolour\/"]}]},{"@type":"ImageObject","inLanguage":"de","@id":"https:\/\/dev6.erresse-shop.it\/de\/shop\/kuche\/werkzeuge\/joseph-joseph-elevate-karussell-set-6-werkzeuge-multicolour\/#primaryimage","url":"https:\/\/i2.wp.com\/interpim.erresse-shop.it\/Import\/Prodotti\/joseph-joseph-elevate-carousel-set-6-utensili-multicolore.jpg?ssl=1","contentUrl":"https:\/\/i2.wp.com\/interpim.erresse-shop.it\/Import\/Prodotti\/joseph-joseph-elevate-carousel-set-6-utensili-multicolore.jpg?ssl=1"},{"@type":"BreadcrumbList","@id":"https:\/\/dev6.erresse-shop.it\/de\/shop\/kuche\/werkzeuge\/joseph-joseph-elevate-karussell-set-6-werkzeuge-multicolour\/#breadcrumb","itemListElement":[{"@type":"ListItem","position":1,"name":"Home","item":"https:\/\/dev6.erresse-shop.it\/"},{"@type":"ListItem","position":2,"name":"Shop","item":"https:\/\/dev6.erresse-shop.it\/shop\/"},{"@type":"ListItem","position":3,"name":"JOSEPH JOSEPH Elevate Karussell Set 6 Werkzeuge Multicolour"}]},{"@type":"WebSite","@id":"https:\/\/dev6.erresse-shop.it\/#website","url":"https:\/\/dev6.erresse-shop.it\/","name":"Erresse Shop","description":"","publisher":{"@id":"https:\/\/dev6.erresse-shop.it\/#organization"},"potentialAction":[{"@type":"SearchAction","target":{"@type":"EntryPoint","urlTemplate":"https:\/\/dev6.erresse-shop.it\/?s={search_term_string}"},"query-input":{"@type":"PropertyValueSpecification","valueRequired":true,"valueName":"search_term_string"}}],"inLanguage":"de"},{"@type":"Organization","@id":"https:\/\/dev6.erresse-shop.it\/#organization","name":"Erresse Shop","url":"https:\/\/dev6.erresse-shop.it\/","logo":{"@type":"ImageObject","inLanguage":"de","@id":"https:\/\/dev6.erresse-shop.it\/#\/schema\/logo\/image\/","url":"https:\/\/dev6.erresse-shop.it\/wp-content\/uploads\/2025\/01\/LOGO-ERRESSE-CLASSICO.svg","contentUrl":"https:\/\/dev6.erresse-shop.it\/wp-content\/uploads\/2025\/01\/LOGO-ERRESSE-CLASSICO.svg","caption":"Erresse Shop"},"image":{"@id":"https:\/\/dev6.erresse-shop.it\/#\/schema\/logo\/image\/"}}]}},"df_price":82.95,"df_sale_price":82.95,"df_regular_price":89.99,"df_image_link":"https:\/\/i2.wp.com\/interpim.erresse-shop.it\/Import\/Prodotti\/joseph-joseph-elevate-carousel-set-6-utensili-multicolore.jpg?resize=300,300&ssl=1","fifu_image_url":"https:\/\/interpim.erresse-shop.it\/Import\/Prodotti\/joseph-joseph-elevate-carousel-set-6-utensili-multicolore.jpg","_links":{"self":[{"href":"https:\/\/dev6.erresse-shop.it\/de\/wp-json\/wp\/v2\/product\/55617","targetHints":{"allow":["GET"]}}],"collection":[{"href":"https:\/\/dev6.erresse-shop.it\/de\/wp-json\/wp\/v2\/product"}],"about":[{"href":"https:\/\/dev6.erresse-shop.it\/de\/wp-json\/wp\/v2\/types\/product"}],"wp:featuredmedia":[{"embeddable":true,"href":"https:\/\/dev6.erresse-shop.it\/de\/wp-json\/wp\/v2\/media\/6369033"}],"wp:attachment":[{"href":"https:\/\/dev6.erresse-shop.it\/de\/wp-json\/wp\/v2\/media?parent=55617"}],"wp:term":[{"taxonomy":"product_cat","embeddable":true,"href":"https:\/\/dev6.erresse-shop.it\/de\/wp-json\/wp\/v2\/product_cat?post=55617"},{"taxonomy":"product_tag","embeddable":true,"href":"https:\/\/dev6.erresse-shop.it\/de\/wp-json\/wp\/v2\/product_tag?post=55617"}],"curies":[{"name":"wp","href":"https:\/\/api.w.org\/{rel}","templated":true}]}}