{"id":55613,"date":"2026-04-12T11:29:15","date_gmt":"2026-04-12T09:29:15","guid":{"rendered":"https:\/\/dev6.erresse-shop.it\/shop\/unkategorisiert\/joseph-joseph-elevate-slim-set-4-werkzeuge-multicolour\/"},"modified":"2026-01-21T20:13:56","modified_gmt":"2026-01-21T19:13:56","slug":"joseph-joseph-elevate-slim-set-4-werkzeuge-multicolour","status":"publish","type":"product","link":"https:\/\/dev6.erresse-shop.it\/de\/shop\/kuche\/werkzeuge\/joseph-joseph-elevate-slim-set-4-werkzeuge-multicolour\/","title":{"rendered":"JOSEPH JOSEPH Elevate\u2122 Slim Set 4 Werkzeuge Multicolour"},"content":{"rendered":"<p>Unsere Elevate\u2122-Utensilien sind mit beschwerten Griffen und integrierten Utensilienablagen ausgestattet und minimieren die Unordnung in der K\u00fcche, da der Kopf des Utensils beim Ablegen erh\u00f6ht bleibt. Elevate\u2122 Slim umfasst einen festen L\u00f6ffel, einen Schauml\u00f6ffel, einen drehbaren Schauml\u00f6ffel und eine Sch\u00f6pfkelle, alle mit Nylonk\u00f6pfen und ergonomischen, hitzebest\u00e4ndigen Griffen. Wenn sie nicht in Gebrauch sind, k\u00f6nnen sie auf dem kompakten St\u00e4nder aufbewahrt werden.<\/p>\n<p>Die Elevate\u2122-Technologie wurde entwickelt, um die Hygiene zu verbessern und Unordnung zu vermeiden.<br \/>\nBeschwerte Griffe und integrierte Werkzeugablagen verhindern, dass die Werkzeugk\u00f6pfe beim Ablegen die Arbeitsfl\u00e4che ber\u00fchren.<br \/>\nDie Werkzeugk\u00f6pfe sind bis zu 200\u00b0C\/392\u00b0F hitzebest\u00e4ndig und f\u00fcr antihaftbeschichtete Pfannen geeignet. Silikongriffe hitzebest\u00e4ndig bis zu 270\u00b0C\/520\u00b0F<br \/>\nUltrakompakter St\u00e4nder f\u00fcr eine aufger\u00e4umte Aufbewahrung<br \/>\nDas Set besteht aus einem massiven L\u00f6ffel, einem Schauml\u00f6ffel, einem Drehl\u00f6ffel und einer Sch\u00f6pfkelle.<\/p>\n<p>Pflege und Gebrauch:<\/p>\n<p>Utensilien: Sp\u00fclmaschinenfest.<br \/>\nAufbewahrung: Mit einem feuchten Tuch abwischen.<br \/>\nAchtung: Lassen Sie die Utensilien w\u00e4hrend des Kochens nicht in den Pfannen. Um Flecken zu vermeiden, nicht mit starken Farbstoffen wie Kurkuma verwenden.<\/p>\n<p>Abmessungen:<\/p>\n<p>H32,5 x B14 x T12cm (H12 7\/8 x L5\u00bd x T4\u00be Zoll)<\/p>\n","protected":false},"excerpt":{"rendered":"<p>Unsere Elevate\u2122-Utensilien sind mit beschwerten Griffen und integrierten Utensilienablagen ausgestattet und minimieren die Unordnung in der K\u00fcche, da der Kopf des Utensils beim Ablegen erh\u00f6ht bleibt. Elevate\u2122 Slim umfasst einen festen L\u00f6ffel, einen Schauml\u00f6ffel, einen drehbaren Schauml\u00f6ffel und eine Sch\u00f6pfkelle, alle mit Nylonk\u00f6pfen und ergonomischen, hitzebest\u00e4ndigen Griffen. Wenn sie nicht in Gebrauch sind, k\u00f6nnen sie [&hellip;]<\/p>\n","protected":false},"featured_media":6369018,"template":"","meta":{"_acf_changed":false},"product_cat":[11668,12100,12116],"product_tag":[],"class_list":{"0":"post-55613","1":"product","2":"type-product","3":"status-publish","4":"has-post-thumbnail","6":"product_cat-cucina","7":"product_cat-kuche","8":"product_cat-werkzeuge","10":"first","11":"instock","12":"sale","13":"taxable","14":"shipping-taxable","15":"purchasable","16":"product-type-simple","swatches":"rey-swatches","show_selected":"","stretch_labels":"rey-swatches--stretch-labels"},"acf":[],"yoast_head":"<!-- This site is optimized with the Yoast SEO plugin v25.4 - https:\/\/yoast.com\/wordpress\/plugins\/seo\/ -->\n<title>JOSEPH JOSEPH Elevate\u2122 Slim Set 4 Werkzeuge Multicolour - dev6 Erresse<\/title>\n<meta name=\"description\" content=\"Unsere Elevate\u2122-Utensilien sind mit beschwerten Griffen und integrierten Utensilienablagen ausgestattet und minimieren die Unordnung in der K\u00fcche, da der\" \/>\n<meta name=\"robots\" content=\"noindex, follow, max-snippet:-1, max-image-preview:large, max-video-preview:-1\" \/>\n<meta property=\"og:locale\" content=\"de_DE\" \/>\n<meta property=\"og:type\" content=\"article\" \/>\n<meta property=\"og:title\" content=\"JOSEPH JOSEPH Elevate\u2122 Slim Set 4 Werkzeuge Multicolour - dev6 Erresse\" \/>\n<meta property=\"og:description\" content=\"Unsere Elevate\u2122-Utensilien sind mit beschwerten Griffen und integrierten Utensilienablagen ausgestattet und minimieren die Unordnung in der K\u00fcche, da der\" \/>\n<meta property=\"og:url\" content=\"https:\/\/dev6.erresse-shop.it\/de\/shop\/kuche\/werkzeuge\/joseph-joseph-elevate-slim-set-4-werkzeuge-multicolour\/\" \/>\n<meta property=\"og:site_name\" content=\"dev6 Erresse\" \/>\n<meta property=\"og:image\" content=\"https:\/\/interpim.erresse-shop.it\/wp-content\/uploads\/2024\/07\/JOSEPH-JOSEPH-Elevate\u2122-Slim-Set-4-Utensili-Multicolore.jpg\/joseph-joseph-elevate-e2-84-a2-slim-set-4-utensili-multicolore.jpg\" \/><meta property=\"og:image\" content=\"https:\/\/interpim.erresse-shop.it\/wp-content\/uploads\/2024\/07\/JOSEPH-JOSEPH-Elevate\u2122-Slim-Set-4-Utensili-Multicolore.jpg\/joseph-joseph-elevate-e2-84-a2-slim-set-4-utensili-multicolore.jpg\" \/>\n\t<meta property=\"og:image:width\" content=\"1024\" \/>\n\t<meta property=\"og:image:height\" content=\"1024\" \/>\n\t<meta property=\"og:image:type\" content=\"image\/jpeg\" \/>\n<meta name=\"twitter:card\" content=\"summary_large_image\" \/>\n<meta name=\"twitter:image\" content=\"https:\/\/interpim.erresse-shop.it\/wp-content\/uploads\/2024\/07\/JOSEPH-JOSEPH-Elevate\u2122-Slim-Set-4-Utensili-Multicolore.jpg\/joseph-joseph-elevate-e2-84-a2-slim-set-4-utensili-multicolore.jpg\" \/>\n<script type=\"application\/ld+json\" class=\"yoast-schema-graph\">{\"@context\":\"https:\/\/schema.org\",\"@graph\":[{\"@type\":\"WebPage\",\"@id\":\"https:\/\/dev6.erresse-shop.it\/de\/shop\/kuche\/werkzeuge\/joseph-joseph-elevate-slim-set-4-werkzeuge-multicolour\/\",\"url\":\"https:\/\/dev6.erresse-shop.it\/de\/shop\/kuche\/werkzeuge\/joseph-joseph-elevate-slim-set-4-werkzeuge-multicolour\/\",\"name\":\"JOSEPH JOSEPH Elevate\u2122 Slim Set 4 Werkzeuge Multicolour - dev6 Erresse\",\"isPartOf\":{\"@id\":\"https:\/\/dev6.erresse-shop.it\/#website\"},\"primaryImageOfPage\":{\"@id\":\"https:\/\/dev6.erresse-shop.it\/de\/shop\/kuche\/werkzeuge\/joseph-joseph-elevate-slim-set-4-werkzeuge-multicolour\/#primaryimage\"},\"image\":{\"@id\":\"https:\/\/dev6.erresse-shop.it\/de\/shop\/kuche\/werkzeuge\/joseph-joseph-elevate-slim-set-4-werkzeuge-multicolour\/#primaryimage\"},\"thumbnailUrl\":\"https:\/\/i0.wp.com\/interpim.erresse-shop.it\/wp-content\/uploads\/2024\/07\/JOSEPH-JOSEPH-Elevate\u2122-Slim-Set-4-Utensili-Multicolore.jpg\/joseph-joseph-elevate-e2-84-a2-slim-set-4-utensili-multicolore.jpg?ssl=1\",\"datePublished\":\"2026-04-12T09:29:15+00:00\",\"description\":\"Unsere Elevate\u2122-Utensilien sind mit beschwerten Griffen und integrierten Utensilienablagen ausgestattet und minimieren die Unordnung in der K\u00fcche, da der\",\"breadcrumb\":{\"@id\":\"https:\/\/dev6.erresse-shop.it\/de\/shop\/kuche\/werkzeuge\/joseph-joseph-elevate-slim-set-4-werkzeuge-multicolour\/#breadcrumb\"},\"inLanguage\":\"de\",\"potentialAction\":[{\"@type\":\"ReadAction\",\"target\":[\"https:\/\/dev6.erresse-shop.it\/de\/shop\/kuche\/werkzeuge\/joseph-joseph-elevate-slim-set-4-werkzeuge-multicolour\/\"]}]},{\"@type\":\"ImageObject\",\"inLanguage\":\"de\",\"@id\":\"https:\/\/dev6.erresse-shop.it\/de\/shop\/kuche\/werkzeuge\/joseph-joseph-elevate-slim-set-4-werkzeuge-multicolour\/#primaryimage\",\"url\":\"https:\/\/i0.wp.com\/interpim.erresse-shop.it\/wp-content\/uploads\/2024\/07\/JOSEPH-JOSEPH-Elevate\u2122-Slim-Set-4-Utensili-Multicolore.jpg\/joseph-joseph-elevate-e2-84-a2-slim-set-4-utensili-multicolore.jpg?ssl=1\",\"contentUrl\":\"https:\/\/i0.wp.com\/interpim.erresse-shop.it\/wp-content\/uploads\/2024\/07\/JOSEPH-JOSEPH-Elevate\u2122-Slim-Set-4-Utensili-Multicolore.jpg\/joseph-joseph-elevate-e2-84-a2-slim-set-4-utensili-multicolore.jpg?ssl=1\"},{\"@type\":\"BreadcrumbList\",\"@id\":\"https:\/\/dev6.erresse-shop.it\/de\/shop\/kuche\/werkzeuge\/joseph-joseph-elevate-slim-set-4-werkzeuge-multicolour\/#breadcrumb\",\"itemListElement\":[{\"@type\":\"ListItem\",\"position\":1,\"name\":\"Home\",\"item\":\"https:\/\/dev6.erresse-shop.it\/\"},{\"@type\":\"ListItem\",\"position\":2,\"name\":\"Shop\",\"item\":\"https:\/\/dev6.erresse-shop.it\/shop\/\"},{\"@type\":\"ListItem\",\"position\":3,\"name\":\"JOSEPH JOSEPH Elevate\u2122 Slim Set 4 Werkzeuge Multicolour\"}]},{\"@type\":\"WebSite\",\"@id\":\"https:\/\/dev6.erresse-shop.it\/#website\",\"url\":\"https:\/\/dev6.erresse-shop.it\/\",\"name\":\"Erresse Shop\",\"description\":\"\",\"publisher\":{\"@id\":\"https:\/\/dev6.erresse-shop.it\/#organization\"},\"potentialAction\":[{\"@type\":\"SearchAction\",\"target\":{\"@type\":\"EntryPoint\",\"urlTemplate\":\"https:\/\/dev6.erresse-shop.it\/?s={search_term_string}\"},\"query-input\":{\"@type\":\"PropertyValueSpecification\",\"valueRequired\":true,\"valueName\":\"search_term_string\"}}],\"inLanguage\":\"de\"},{\"@type\":\"Organization\",\"@id\":\"https:\/\/dev6.erresse-shop.it\/#organization\",\"name\":\"Erresse Shop\",\"url\":\"https:\/\/dev6.erresse-shop.it\/\",\"logo\":{\"@type\":\"ImageObject\",\"inLanguage\":\"de\",\"@id\":\"https:\/\/dev6.erresse-shop.it\/#\/schema\/logo\/image\/\",\"url\":\"https:\/\/dev6.erresse-shop.it\/wp-content\/uploads\/2025\/01\/LOGO-ERRESSE-CLASSICO.svg\",\"contentUrl\":\"https:\/\/dev6.erresse-shop.it\/wp-content\/uploads\/2025\/01\/LOGO-ERRESSE-CLASSICO.svg\",\"caption\":\"Erresse Shop\"},\"image\":{\"@id\":\"https:\/\/dev6.erresse-shop.it\/#\/schema\/logo\/image\/\"}}]}<\/script>\n<!-- \/ Yoast SEO plugin. -->","yoast_head_json":{"title":"JOSEPH JOSEPH Elevate\u2122 Slim Set 4 Werkzeuge Multicolour - dev6 Erresse","description":"Unsere Elevate\u2122-Utensilien sind mit beschwerten Griffen und integrierten Utensilienablagen ausgestattet und minimieren die Unordnung in der K\u00fcche, da der","robots":{"index":"noindex","follow":"follow","max-snippet":"max-snippet:-1","max-image-preview":"max-image-preview:large","max-video-preview":"max-video-preview:-1"},"og_locale":"de_DE","og_type":"article","og_title":"JOSEPH JOSEPH Elevate\u2122 Slim Set 4 Werkzeuge Multicolour - dev6 Erresse","og_description":"Unsere Elevate\u2122-Utensilien sind mit beschwerten Griffen und integrierten Utensilienablagen ausgestattet und minimieren die Unordnung in der K\u00fcche, da der","og_url":"https:\/\/dev6.erresse-shop.it\/de\/shop\/kuche\/werkzeuge\/joseph-joseph-elevate-slim-set-4-werkzeuge-multicolour\/","og_site_name":"dev6 Erresse","og_image":[{"url":"https:\/\/interpim.erresse-shop.it\/wp-content\/uploads\/2024\/07\/JOSEPH-JOSEPH-Elevate\u2122-Slim-Set-4-Utensili-Multicolore.jpg\/joseph-joseph-elevate-e2-84-a2-slim-set-4-utensili-multicolore.jpg","type":"","width":"","height":""},{"url":"https:\/\/interpim.erresse-shop.it\/wp-content\/uploads\/2024\/07\/JOSEPH-JOSEPH-Elevate\u2122-Slim-Set-4-Utensili-Multicolore.jpg\/joseph-joseph-elevate-e2-84-a2-slim-set-4-utensili-multicolore.jpg","width":1024,"height":1024,"type":"image\/jpeg"}],"twitter_card":"summary_large_image","twitter_image":"https:\/\/interpim.erresse-shop.it\/wp-content\/uploads\/2024\/07\/JOSEPH-JOSEPH-Elevate\u2122-Slim-Set-4-Utensili-Multicolore.jpg\/joseph-joseph-elevate-e2-84-a2-slim-set-4-utensili-multicolore.jpg","schema":{"@context":"https:\/\/schema.org","@graph":[{"@type":"WebPage","@id":"https:\/\/dev6.erresse-shop.it\/de\/shop\/kuche\/werkzeuge\/joseph-joseph-elevate-slim-set-4-werkzeuge-multicolour\/","url":"https:\/\/dev6.erresse-shop.it\/de\/shop\/kuche\/werkzeuge\/joseph-joseph-elevate-slim-set-4-werkzeuge-multicolour\/","name":"JOSEPH JOSEPH Elevate\u2122 Slim Set 4 Werkzeuge Multicolour - dev6 Erresse","isPartOf":{"@id":"https:\/\/dev6.erresse-shop.it\/#website"},"primaryImageOfPage":{"@id":"https:\/\/dev6.erresse-shop.it\/de\/shop\/kuche\/werkzeuge\/joseph-joseph-elevate-slim-set-4-werkzeuge-multicolour\/#primaryimage"},"image":{"@id":"https:\/\/dev6.erresse-shop.it\/de\/shop\/kuche\/werkzeuge\/joseph-joseph-elevate-slim-set-4-werkzeuge-multicolour\/#primaryimage"},"thumbnailUrl":"https:\/\/i0.wp.com\/interpim.erresse-shop.it\/wp-content\/uploads\/2024\/07\/JOSEPH-JOSEPH-Elevate\u2122-Slim-Set-4-Utensili-Multicolore.jpg\/joseph-joseph-elevate-e2-84-a2-slim-set-4-utensili-multicolore.jpg?ssl=1","datePublished":"2026-04-12T09:29:15+00:00","description":"Unsere Elevate\u2122-Utensilien sind mit beschwerten Griffen und integrierten Utensilienablagen ausgestattet und minimieren die Unordnung in der K\u00fcche, da der","breadcrumb":{"@id":"https:\/\/dev6.erresse-shop.it\/de\/shop\/kuche\/werkzeuge\/joseph-joseph-elevate-slim-set-4-werkzeuge-multicolour\/#breadcrumb"},"inLanguage":"de","potentialAction":[{"@type":"ReadAction","target":["https:\/\/dev6.erresse-shop.it\/de\/shop\/kuche\/werkzeuge\/joseph-joseph-elevate-slim-set-4-werkzeuge-multicolour\/"]}]},{"@type":"ImageObject","inLanguage":"de","@id":"https:\/\/dev6.erresse-shop.it\/de\/shop\/kuche\/werkzeuge\/joseph-joseph-elevate-slim-set-4-werkzeuge-multicolour\/#primaryimage","url":"https:\/\/i0.wp.com\/interpim.erresse-shop.it\/wp-content\/uploads\/2024\/07\/JOSEPH-JOSEPH-Elevate\u2122-Slim-Set-4-Utensili-Multicolore.jpg\/joseph-joseph-elevate-e2-84-a2-slim-set-4-utensili-multicolore.jpg?ssl=1","contentUrl":"https:\/\/i0.wp.com\/interpim.erresse-shop.it\/wp-content\/uploads\/2024\/07\/JOSEPH-JOSEPH-Elevate\u2122-Slim-Set-4-Utensili-Multicolore.jpg\/joseph-joseph-elevate-e2-84-a2-slim-set-4-utensili-multicolore.jpg?ssl=1"},{"@type":"BreadcrumbList","@id":"https:\/\/dev6.erresse-shop.it\/de\/shop\/kuche\/werkzeuge\/joseph-joseph-elevate-slim-set-4-werkzeuge-multicolour\/#breadcrumb","itemListElement":[{"@type":"ListItem","position":1,"name":"Home","item":"https:\/\/dev6.erresse-shop.it\/"},{"@type":"ListItem","position":2,"name":"Shop","item":"https:\/\/dev6.erresse-shop.it\/shop\/"},{"@type":"ListItem","position":3,"name":"JOSEPH JOSEPH Elevate\u2122 Slim Set 4 Werkzeuge Multicolour"}]},{"@type":"WebSite","@id":"https:\/\/dev6.erresse-shop.it\/#website","url":"https:\/\/dev6.erresse-shop.it\/","name":"Erresse Shop","description":"","publisher":{"@id":"https:\/\/dev6.erresse-shop.it\/#organization"},"potentialAction":[{"@type":"SearchAction","target":{"@type":"EntryPoint","urlTemplate":"https:\/\/dev6.erresse-shop.it\/?s={search_term_string}"},"query-input":{"@type":"PropertyValueSpecification","valueRequired":true,"valueName":"search_term_string"}}],"inLanguage":"de"},{"@type":"Organization","@id":"https:\/\/dev6.erresse-shop.it\/#organization","name":"Erresse Shop","url":"https:\/\/dev6.erresse-shop.it\/","logo":{"@type":"ImageObject","inLanguage":"de","@id":"https:\/\/dev6.erresse-shop.it\/#\/schema\/logo\/image\/","url":"https:\/\/dev6.erresse-shop.it\/wp-content\/uploads\/2025\/01\/LOGO-ERRESSE-CLASSICO.svg","contentUrl":"https:\/\/dev6.erresse-shop.it\/wp-content\/uploads\/2025\/01\/LOGO-ERRESSE-CLASSICO.svg","caption":"Erresse Shop"},"image":{"@id":"https:\/\/dev6.erresse-shop.it\/#\/schema\/logo\/image\/"}}]}},"df_price":34.95,"df_sale_price":34.95,"df_regular_price":44.99,"df_image_link":"https:\/\/i0.wp.com\/interpim.erresse-shop.it\/wp-content\/uploads\/2024\/07\/JOSEPH-JOSEPH-Elevate\u2122-Slim-Set-4-Utensili-Multicolore.jpg\/joseph-joseph-elevate-e2-84-a2-slim-set-4-utensili-multicolore.jpg?resize=300,300&ssl=1","fifu_image_url":"https:\/\/interpim.erresse-shop.it\/wp-content\/uploads\/2024\/07\/JOSEPH-JOSEPH-Elevate\u2122-Slim-Set-4-Utensili-Multicolore.jpg\/joseph-joseph-elevate-e2-84-a2-slim-set-4-utensili-multicolore.jpg","_links":{"self":[{"href":"https:\/\/dev6.erresse-shop.it\/de\/wp-json\/wp\/v2\/product\/55613","targetHints":{"allow":["GET"]}}],"collection":[{"href":"https:\/\/dev6.erresse-shop.it\/de\/wp-json\/wp\/v2\/product"}],"about":[{"href":"https:\/\/dev6.erresse-shop.it\/de\/wp-json\/wp\/v2\/types\/product"}],"wp:featuredmedia":[{"embeddable":true,"href":"https:\/\/dev6.erresse-shop.it\/de\/wp-json\/wp\/v2\/media\/6369018"}],"wp:attachment":[{"href":"https:\/\/dev6.erresse-shop.it\/de\/wp-json\/wp\/v2\/media?parent=55613"}],"wp:term":[{"taxonomy":"product_cat","embeddable":true,"href":"https:\/\/dev6.erresse-shop.it\/de\/wp-json\/wp\/v2\/product_cat?post=55613"},{"taxonomy":"product_tag","embeddable":true,"href":"https:\/\/dev6.erresse-shop.it\/de\/wp-json\/wp\/v2\/product_tag?post=55613"}],"curies":[{"name":"wp","href":"https:\/\/api.w.org\/{rel}","templated":true}]}}