{"id":55609,"date":"2026-04-04T11:24:43","date_gmt":"2026-04-04T09:24:43","guid":{"rendered":"https:\/\/dev6.erresse-shop.it\/shop\/unkategorisiert\/joseph-joseph-goavocado-3-in-1-avocado-werkzeug-gruen\/"},"modified":"2025-09-14T02:07:34","modified_gmt":"2025-09-14T00:07:34","slug":"joseph-joseph-goavocado-3-in-1-avocado-werkzeug-gruen","status":"publish","type":"product","link":"https:\/\/dev6.erresse-shop.it\/de\/shop\/kuche\/werkzeuge\/joseph-joseph-goavocado-3-in-1-avocado-werkzeug-gruen\/","title":{"rendered":"JOSEPH JOSEPH GoAvocado\u2122 3-in-1 Avocado-Werkzeug Gr\u00fcn"},"content":{"rendered":"<p>Mit diesem Avocadoger\u00e4t k\u00f6nnen Sie Avocados sicher schneiden, entkernen, aufschneiden und in Scheiben schneiden \u2013 alles in einem praktischen Ger\u00e4t.<\/p>\n<p>Schneiden, Entkernen und Schneiden in einem Ger\u00e4t<br \/>\nVielseitiger Kopf zum Schneiden und Aush\u00f6hlen<br \/>\nZange aus rostfreiem Stahl zum sicheren Entfernen des Steins<br \/>\nZusammenklappbare Kunststoffklinge f\u00fcr sichere Aufbewahrung<br \/>\nErgonomischer, weicher Griff<\/p>\n<p>Pflege und Gebrauch:<\/p>\n<p>Sp\u00fclmaschinenfest<br \/>\nBPA-frei<\/p>\n<p>Abmessungen:<\/p>\n<p>H18 x B6,6 x D1,8 cm (H7 x B2\u00be x D\u00be Zoll)<\/p>\n","protected":false},"excerpt":{"rendered":"<p>Mit diesem Avocadoger\u00e4t k\u00f6nnen Sie Avocados sicher schneiden, entkernen, aufschneiden und in Scheiben schneiden \u2013 alles in einem praktischen Ger\u00e4t. Schneiden, Entkernen und Schneiden in einem Ger\u00e4t Vielseitiger Kopf zum Schneiden und Aush\u00f6hlen Zange aus rostfreiem Stahl zum sicheren Entfernen des Steins Zusammenklappbare Kunststoffklinge f\u00fcr sichere Aufbewahrung Ergonomischer, weicher Griff Pflege und Gebrauch: Sp\u00fclmaschinenfest BPA-frei [&hellip;]<\/p>\n","protected":false},"featured_media":6285714,"template":"","meta":{"_acf_changed":false},"product_cat":[11668,12100,12116],"product_tag":[],"class_list":{"0":"post-55609","1":"product","2":"type-product","3":"status-publish","4":"has-post-thumbnail","6":"product_cat-cucina","7":"product_cat-kuche","8":"product_cat-werkzeuge","10":"first","11":"instock","12":"taxable","13":"shipping-taxable","14":"purchasable","15":"product-type-simple","swatches":"rey-swatches","show_selected":"","stretch_labels":"rey-swatches--stretch-labels"},"acf":[],"yoast_head":"<!-- This site is optimized with the Yoast SEO plugin v25.4 - https:\/\/yoast.com\/wordpress\/plugins\/seo\/ -->\n<title>JOSEPH JOSEPH GoAvocado\u2122 3-in-1 Avocado-Werkzeug Gr\u00fcn - dev6 Erresse<\/title>\n<meta name=\"description\" content=\"Mit diesem Avocadoger\u00e4t k\u00f6nnen Sie Avocados sicher schneiden, entkernen, aufschneiden und in Scheiben schneiden \u2013 alles in einem praktischen Ger\u00e4t.\" \/>\n<meta name=\"robots\" content=\"noindex, follow, max-snippet:-1, max-image-preview:large, max-video-preview:-1\" \/>\n<meta property=\"og:locale\" content=\"de_DE\" \/>\n<meta property=\"og:type\" content=\"article\" \/>\n<meta property=\"og:title\" content=\"JOSEPH JOSEPH GoAvocado\u2122 3-in-1 Avocado-Werkzeug Gr\u00fcn - dev6 Erresse\" \/>\n<meta property=\"og:description\" content=\"Mit diesem Avocadoger\u00e4t k\u00f6nnen Sie Avocados sicher schneiden, entkernen, aufschneiden und in Scheiben schneiden \u2013 alles in einem praktischen Ger\u00e4t.\" \/>\n<meta property=\"og:url\" content=\"https:\/\/dev6.erresse-shop.it\/de\/shop\/kuche\/werkzeuge\/joseph-joseph-goavocado-3-in-1-avocado-werkzeug-gruen\/\" \/>\n<meta property=\"og:site_name\" content=\"dev6 Erresse\" \/>\n<meta property=\"og:image\" content=\"https:\/\/interpim.erresse-shop.it\/wp-content\/uploads\/2024\/07\/JOSEPH-JOSEPH-GoAvocado\u2122-Strumento-3-in-1-per-Avocado-Verde.jpg\/joseph-joseph-goavocado-e2-84-a2-strumento-3-in-1-per-avocado-verde.jpg\" \/><meta property=\"og:image\" content=\"https:\/\/interpim.erresse-shop.it\/wp-content\/uploads\/2024\/07\/JOSEPH-JOSEPH-GoAvocado\u2122-Strumento-3-in-1-per-Avocado-Verde.jpg\/joseph-joseph-goavocado-e2-84-a2-strumento-3-in-1-per-avocado-verde.jpg\" \/>\n\t<meta property=\"og:image:width\" content=\"1024\" \/>\n\t<meta property=\"og:image:height\" content=\"1024\" \/>\n\t<meta property=\"og:image:type\" content=\"image\/jpeg\" \/>\n<meta name=\"twitter:card\" content=\"summary_large_image\" \/>\n<meta name=\"twitter:image\" content=\"https:\/\/interpim.erresse-shop.it\/wp-content\/uploads\/2024\/07\/JOSEPH-JOSEPH-GoAvocado\u2122-Strumento-3-in-1-per-Avocado-Verde.jpg\/joseph-joseph-goavocado-e2-84-a2-strumento-3-in-1-per-avocado-verde.jpg\" \/>\n<script type=\"application\/ld+json\" class=\"yoast-schema-graph\">{\"@context\":\"https:\/\/schema.org\",\"@graph\":[{\"@type\":\"WebPage\",\"@id\":\"https:\/\/dev6.erresse-shop.it\/de\/shop\/kuche\/werkzeuge\/joseph-joseph-goavocado-3-in-1-avocado-werkzeug-gruen\/\",\"url\":\"https:\/\/dev6.erresse-shop.it\/de\/shop\/kuche\/werkzeuge\/joseph-joseph-goavocado-3-in-1-avocado-werkzeug-gruen\/\",\"name\":\"JOSEPH JOSEPH GoAvocado\u2122 3-in-1 Avocado-Werkzeug Gr\u00fcn - dev6 Erresse\",\"isPartOf\":{\"@id\":\"https:\/\/dev6.erresse-shop.it\/#website\"},\"primaryImageOfPage\":{\"@id\":\"https:\/\/dev6.erresse-shop.it\/de\/shop\/kuche\/werkzeuge\/joseph-joseph-goavocado-3-in-1-avocado-werkzeug-gruen\/#primaryimage\"},\"image\":{\"@id\":\"https:\/\/dev6.erresse-shop.it\/de\/shop\/kuche\/werkzeuge\/joseph-joseph-goavocado-3-in-1-avocado-werkzeug-gruen\/#primaryimage\"},\"thumbnailUrl\":\"https:\/\/i0.wp.com\/interpim.erresse-shop.it\/wp-content\/uploads\/2024\/07\/JOSEPH-JOSEPH-GoAvocado\u2122-Strumento-3-in-1-per-Avocado-Verde.jpg\/joseph-joseph-goavocado-e2-84-a2-strumento-3-in-1-per-avocado-verde.jpg?ssl=1\",\"datePublished\":\"2026-04-04T09:24:43+00:00\",\"description\":\"Mit diesem Avocadoger\u00e4t k\u00f6nnen Sie Avocados sicher schneiden, entkernen, aufschneiden und in Scheiben schneiden \u2013 alles in einem praktischen Ger\u00e4t.\",\"breadcrumb\":{\"@id\":\"https:\/\/dev6.erresse-shop.it\/de\/shop\/kuche\/werkzeuge\/joseph-joseph-goavocado-3-in-1-avocado-werkzeug-gruen\/#breadcrumb\"},\"inLanguage\":\"de\",\"potentialAction\":[{\"@type\":\"ReadAction\",\"target\":[\"https:\/\/dev6.erresse-shop.it\/de\/shop\/kuche\/werkzeuge\/joseph-joseph-goavocado-3-in-1-avocado-werkzeug-gruen\/\"]}]},{\"@type\":\"ImageObject\",\"inLanguage\":\"de\",\"@id\":\"https:\/\/dev6.erresse-shop.it\/de\/shop\/kuche\/werkzeuge\/joseph-joseph-goavocado-3-in-1-avocado-werkzeug-gruen\/#primaryimage\",\"url\":\"https:\/\/i0.wp.com\/interpim.erresse-shop.it\/wp-content\/uploads\/2024\/07\/JOSEPH-JOSEPH-GoAvocado\u2122-Strumento-3-in-1-per-Avocado-Verde.jpg\/joseph-joseph-goavocado-e2-84-a2-strumento-3-in-1-per-avocado-verde.jpg?ssl=1\",\"contentUrl\":\"https:\/\/i0.wp.com\/interpim.erresse-shop.it\/wp-content\/uploads\/2024\/07\/JOSEPH-JOSEPH-GoAvocado\u2122-Strumento-3-in-1-per-Avocado-Verde.jpg\/joseph-joseph-goavocado-e2-84-a2-strumento-3-in-1-per-avocado-verde.jpg?ssl=1\"},{\"@type\":\"BreadcrumbList\",\"@id\":\"https:\/\/dev6.erresse-shop.it\/de\/shop\/kuche\/werkzeuge\/joseph-joseph-goavocado-3-in-1-avocado-werkzeug-gruen\/#breadcrumb\",\"itemListElement\":[{\"@type\":\"ListItem\",\"position\":1,\"name\":\"Home\",\"item\":\"https:\/\/dev6.erresse-shop.it\/\"},{\"@type\":\"ListItem\",\"position\":2,\"name\":\"Shop\",\"item\":\"https:\/\/dev6.erresse-shop.it\/shop\/\"},{\"@type\":\"ListItem\",\"position\":3,\"name\":\"JOSEPH JOSEPH GoAvocado\u2122 3-in-1 Avocado-Werkzeug Gr\u00fcn\"}]},{\"@type\":\"WebSite\",\"@id\":\"https:\/\/dev6.erresse-shop.it\/#website\",\"url\":\"https:\/\/dev6.erresse-shop.it\/\",\"name\":\"Erresse Shop\",\"description\":\"\",\"publisher\":{\"@id\":\"https:\/\/dev6.erresse-shop.it\/#organization\"},\"potentialAction\":[{\"@type\":\"SearchAction\",\"target\":{\"@type\":\"EntryPoint\",\"urlTemplate\":\"https:\/\/dev6.erresse-shop.it\/?s={search_term_string}\"},\"query-input\":{\"@type\":\"PropertyValueSpecification\",\"valueRequired\":true,\"valueName\":\"search_term_string\"}}],\"inLanguage\":\"de\"},{\"@type\":\"Organization\",\"@id\":\"https:\/\/dev6.erresse-shop.it\/#organization\",\"name\":\"Erresse Shop\",\"url\":\"https:\/\/dev6.erresse-shop.it\/\",\"logo\":{\"@type\":\"ImageObject\",\"inLanguage\":\"de\",\"@id\":\"https:\/\/dev6.erresse-shop.it\/#\/schema\/logo\/image\/\",\"url\":\"https:\/\/dev6.erresse-shop.it\/wp-content\/uploads\/2025\/01\/LOGO-ERRESSE-CLASSICO.svg\",\"contentUrl\":\"https:\/\/dev6.erresse-shop.it\/wp-content\/uploads\/2025\/01\/LOGO-ERRESSE-CLASSICO.svg\",\"caption\":\"Erresse Shop\"},\"image\":{\"@id\":\"https:\/\/dev6.erresse-shop.it\/#\/schema\/logo\/image\/\"}}]}<\/script>\n<!-- \/ Yoast SEO plugin. -->","yoast_head_json":{"title":"JOSEPH JOSEPH GoAvocado\u2122 3-in-1 Avocado-Werkzeug Gr\u00fcn - dev6 Erresse","description":"Mit diesem Avocadoger\u00e4t k\u00f6nnen Sie Avocados sicher schneiden, entkernen, aufschneiden und in Scheiben schneiden \u2013 alles in einem praktischen Ger\u00e4t.","robots":{"index":"noindex","follow":"follow","max-snippet":"max-snippet:-1","max-image-preview":"max-image-preview:large","max-video-preview":"max-video-preview:-1"},"og_locale":"de_DE","og_type":"article","og_title":"JOSEPH JOSEPH GoAvocado\u2122 3-in-1 Avocado-Werkzeug Gr\u00fcn - dev6 Erresse","og_description":"Mit diesem Avocadoger\u00e4t k\u00f6nnen Sie Avocados sicher schneiden, entkernen, aufschneiden und in Scheiben schneiden \u2013 alles in einem praktischen Ger\u00e4t.","og_url":"https:\/\/dev6.erresse-shop.it\/de\/shop\/kuche\/werkzeuge\/joseph-joseph-goavocado-3-in-1-avocado-werkzeug-gruen\/","og_site_name":"dev6 Erresse","og_image":[{"url":"https:\/\/interpim.erresse-shop.it\/wp-content\/uploads\/2024\/07\/JOSEPH-JOSEPH-GoAvocado\u2122-Strumento-3-in-1-per-Avocado-Verde.jpg\/joseph-joseph-goavocado-e2-84-a2-strumento-3-in-1-per-avocado-verde.jpg","type":"","width":"","height":""},{"url":"https:\/\/interpim.erresse-shop.it\/wp-content\/uploads\/2024\/07\/JOSEPH-JOSEPH-GoAvocado\u2122-Strumento-3-in-1-per-Avocado-Verde.jpg\/joseph-joseph-goavocado-e2-84-a2-strumento-3-in-1-per-avocado-verde.jpg","width":1024,"height":1024,"type":"image\/jpeg"}],"twitter_card":"summary_large_image","twitter_image":"https:\/\/interpim.erresse-shop.it\/wp-content\/uploads\/2024\/07\/JOSEPH-JOSEPH-GoAvocado\u2122-Strumento-3-in-1-per-Avocado-Verde.jpg\/joseph-joseph-goavocado-e2-84-a2-strumento-3-in-1-per-avocado-verde.jpg","schema":{"@context":"https:\/\/schema.org","@graph":[{"@type":"WebPage","@id":"https:\/\/dev6.erresse-shop.it\/de\/shop\/kuche\/werkzeuge\/joseph-joseph-goavocado-3-in-1-avocado-werkzeug-gruen\/","url":"https:\/\/dev6.erresse-shop.it\/de\/shop\/kuche\/werkzeuge\/joseph-joseph-goavocado-3-in-1-avocado-werkzeug-gruen\/","name":"JOSEPH JOSEPH GoAvocado\u2122 3-in-1 Avocado-Werkzeug Gr\u00fcn - dev6 Erresse","isPartOf":{"@id":"https:\/\/dev6.erresse-shop.it\/#website"},"primaryImageOfPage":{"@id":"https:\/\/dev6.erresse-shop.it\/de\/shop\/kuche\/werkzeuge\/joseph-joseph-goavocado-3-in-1-avocado-werkzeug-gruen\/#primaryimage"},"image":{"@id":"https:\/\/dev6.erresse-shop.it\/de\/shop\/kuche\/werkzeuge\/joseph-joseph-goavocado-3-in-1-avocado-werkzeug-gruen\/#primaryimage"},"thumbnailUrl":"https:\/\/i0.wp.com\/interpim.erresse-shop.it\/wp-content\/uploads\/2024\/07\/JOSEPH-JOSEPH-GoAvocado\u2122-Strumento-3-in-1-per-Avocado-Verde.jpg\/joseph-joseph-goavocado-e2-84-a2-strumento-3-in-1-per-avocado-verde.jpg?ssl=1","datePublished":"2026-04-04T09:24:43+00:00","description":"Mit diesem Avocadoger\u00e4t k\u00f6nnen Sie Avocados sicher schneiden, entkernen, aufschneiden und in Scheiben schneiden \u2013 alles in einem praktischen Ger\u00e4t.","breadcrumb":{"@id":"https:\/\/dev6.erresse-shop.it\/de\/shop\/kuche\/werkzeuge\/joseph-joseph-goavocado-3-in-1-avocado-werkzeug-gruen\/#breadcrumb"},"inLanguage":"de","potentialAction":[{"@type":"ReadAction","target":["https:\/\/dev6.erresse-shop.it\/de\/shop\/kuche\/werkzeuge\/joseph-joseph-goavocado-3-in-1-avocado-werkzeug-gruen\/"]}]},{"@type":"ImageObject","inLanguage":"de","@id":"https:\/\/dev6.erresse-shop.it\/de\/shop\/kuche\/werkzeuge\/joseph-joseph-goavocado-3-in-1-avocado-werkzeug-gruen\/#primaryimage","url":"https:\/\/i0.wp.com\/interpim.erresse-shop.it\/wp-content\/uploads\/2024\/07\/JOSEPH-JOSEPH-GoAvocado\u2122-Strumento-3-in-1-per-Avocado-Verde.jpg\/joseph-joseph-goavocado-e2-84-a2-strumento-3-in-1-per-avocado-verde.jpg?ssl=1","contentUrl":"https:\/\/i0.wp.com\/interpim.erresse-shop.it\/wp-content\/uploads\/2024\/07\/JOSEPH-JOSEPH-GoAvocado\u2122-Strumento-3-in-1-per-Avocado-Verde.jpg\/joseph-joseph-goavocado-e2-84-a2-strumento-3-in-1-per-avocado-verde.jpg?ssl=1"},{"@type":"BreadcrumbList","@id":"https:\/\/dev6.erresse-shop.it\/de\/shop\/kuche\/werkzeuge\/joseph-joseph-goavocado-3-in-1-avocado-werkzeug-gruen\/#breadcrumb","itemListElement":[{"@type":"ListItem","position":1,"name":"Home","item":"https:\/\/dev6.erresse-shop.it\/"},{"@type":"ListItem","position":2,"name":"Shop","item":"https:\/\/dev6.erresse-shop.it\/shop\/"},{"@type":"ListItem","position":3,"name":"JOSEPH JOSEPH GoAvocado\u2122 3-in-1 Avocado-Werkzeug Gr\u00fcn"}]},{"@type":"WebSite","@id":"https:\/\/dev6.erresse-shop.it\/#website","url":"https:\/\/dev6.erresse-shop.it\/","name":"Erresse Shop","description":"","publisher":{"@id":"https:\/\/dev6.erresse-shop.it\/#organization"},"potentialAction":[{"@type":"SearchAction","target":{"@type":"EntryPoint","urlTemplate":"https:\/\/dev6.erresse-shop.it\/?s={search_term_string}"},"query-input":{"@type":"PropertyValueSpecification","valueRequired":true,"valueName":"search_term_string"}}],"inLanguage":"de"},{"@type":"Organization","@id":"https:\/\/dev6.erresse-shop.it\/#organization","name":"Erresse Shop","url":"https:\/\/dev6.erresse-shop.it\/","logo":{"@type":"ImageObject","inLanguage":"de","@id":"https:\/\/dev6.erresse-shop.it\/#\/schema\/logo\/image\/","url":"https:\/\/dev6.erresse-shop.it\/wp-content\/uploads\/2025\/01\/LOGO-ERRESSE-CLASSICO.svg","contentUrl":"https:\/\/dev6.erresse-shop.it\/wp-content\/uploads\/2025\/01\/LOGO-ERRESSE-CLASSICO.svg","caption":"Erresse Shop"},"image":{"@id":"https:\/\/dev6.erresse-shop.it\/#\/schema\/logo\/image\/"}}]}},"df_price":9.99,"df_sale_price":"","df_regular_price":9.99,"df_image_link":"https:\/\/i0.wp.com\/interpim.erresse-shop.it\/wp-content\/uploads\/2024\/07\/JOSEPH-JOSEPH-GoAvocado\u2122-Strumento-3-in-1-per-Avocado-Verde.jpg\/joseph-joseph-goavocado-e2-84-a2-strumento-3-in-1-per-avocado-verde.jpg?resize=300,300&ssl=1","fifu_image_url":"https:\/\/interpim.erresse-shop.it\/wp-content\/uploads\/2024\/07\/JOSEPH-JOSEPH-GoAvocado\u2122-Strumento-3-in-1-per-Avocado-Verde.jpg\/joseph-joseph-goavocado-e2-84-a2-strumento-3-in-1-per-avocado-verde.jpg","_links":{"self":[{"href":"https:\/\/dev6.erresse-shop.it\/de\/wp-json\/wp\/v2\/product\/55609","targetHints":{"allow":["GET"]}}],"collection":[{"href":"https:\/\/dev6.erresse-shop.it\/de\/wp-json\/wp\/v2\/product"}],"about":[{"href":"https:\/\/dev6.erresse-shop.it\/de\/wp-json\/wp\/v2\/types\/product"}],"wp:featuredmedia":[{"embeddable":true,"href":"https:\/\/dev6.erresse-shop.it\/de\/wp-json\/wp\/v2\/media\/6285714"}],"wp:attachment":[{"href":"https:\/\/dev6.erresse-shop.it\/de\/wp-json\/wp\/v2\/media?parent=55609"}],"wp:term":[{"taxonomy":"product_cat","embeddable":true,"href":"https:\/\/dev6.erresse-shop.it\/de\/wp-json\/wp\/v2\/product_cat?post=55609"},{"taxonomy":"product_tag","embeddable":true,"href":"https:\/\/dev6.erresse-shop.it\/de\/wp-json\/wp\/v2\/product_tag?post=55609"}],"curies":[{"name":"wp","href":"https:\/\/api.w.org\/{rel}","templated":true}]}}