{"id":55605,"date":"2026-04-12T11:27:21","date_gmt":"2026-04-12T09:27:21","guid":{"rendered":"https:\/\/dev6.erresse-shop.it\/shop\/unkategorisiert\/joseph-joseph-helix-kartoffelstampfer-weiss\/"},"modified":"2025-09-14T02:07:26","modified_gmt":"2025-09-14T00:07:26","slug":"joseph-joseph-helix-kartoffelstampfer-weiss","status":"publish","type":"product","link":"https:\/\/dev6.erresse-shop.it\/de\/shop\/kuche\/werkzeuge\/joseph-joseph-helix-kartoffelstampfer-weiss\/","title":{"rendered":"JOSEPH JOSEPH Helix Kartoffelstampfer Wei\u00df"},"content":{"rendered":"<p>Dieser innovative Kartoffelstampfer erm\u00f6glicht es, durch einfaches Drehen in wenigen Sekunden ein perfektes, weiches und fluffiges Kartoffelp\u00fcree zu erhalten.<\/p>\n<p>Die einzigartige Drehbewegung erleichtert das Kneten<br \/>\nPerfekt f\u00fcr die Herstellung von glattem und weichem Kartoffel- und Gem\u00fcsep\u00fcree<br \/>\nLanglebige Konstruktion aus Edelstahl und Nylon<br \/>\nLeicht zu reinigendes 2-teiliges Design<\/p>\n<p>Pflege und Verwendung:<\/p>\n<p>Sp\u00fclmaschinenfest<br \/>\nBPA-frei<\/p>\n<p>Abmessungen:<\/p>\n<p>H26,5 x B9,4 x T9,1 cm (H10\u00bd x B3\u00be x T3\u00bd Zoll)<\/p>\n","protected":false},"excerpt":{"rendered":"<p>Dieser innovative Kartoffelstampfer erm\u00f6glicht es, durch einfaches Drehen in wenigen Sekunden ein perfektes, weiches und fluffiges Kartoffelp\u00fcree zu erhalten. Die einzigartige Drehbewegung erleichtert das Kneten Perfekt f\u00fcr die Herstellung von glattem und weichem Kartoffel- und Gem\u00fcsep\u00fcree Langlebige Konstruktion aus Edelstahl und Nylon Leicht zu reinigendes 2-teiliges Design Pflege und Verwendung: Sp\u00fclmaschinenfest BPA-frei Abmessungen: H26,5 x [&hellip;]<\/p>\n","protected":false},"featured_media":6368955,"template":"","meta":{"_acf_changed":false},"product_cat":[11668,12100,12116],"product_tag":[],"class_list":{"0":"post-55605","1":"product","2":"type-product","3":"status-publish","4":"has-post-thumbnail","6":"product_cat-cucina","7":"product_cat-kuche","8":"product_cat-werkzeuge","10":"first","11":"instock","12":"taxable","13":"shipping-taxable","14":"purchasable","15":"product-type-simple","swatches":"rey-swatches","show_selected":"","stretch_labels":"rey-swatches--stretch-labels"},"acf":[],"yoast_head":"<!-- This site is optimized with the Yoast SEO plugin v25.4 - https:\/\/yoast.com\/wordpress\/plugins\/seo\/ -->\n<title>JOSEPH JOSEPH Helix Kartoffelstampfer Wei\u00df - dev6 Erresse<\/title>\n<meta name=\"description\" content=\"Dieser innovative Kartoffelstampfer erm\u00f6glicht es, durch einfaches Drehen in wenigen Sekunden ein perfektes, weiches und fluffiges Kartoffelp\u00fcree zu\" \/>\n<meta name=\"robots\" content=\"noindex, follow, max-snippet:-1, max-image-preview:large, max-video-preview:-1\" \/>\n<meta property=\"og:locale\" content=\"de_DE\" \/>\n<meta property=\"og:type\" content=\"article\" \/>\n<meta property=\"og:title\" content=\"JOSEPH JOSEPH Helix Kartoffelstampfer Wei\u00df - dev6 Erresse\" \/>\n<meta property=\"og:description\" content=\"Dieser innovative Kartoffelstampfer erm\u00f6glicht es, durch einfaches Drehen in wenigen Sekunden ein perfektes, weiches und fluffiges Kartoffelp\u00fcree zu\" \/>\n<meta property=\"og:url\" content=\"https:\/\/dev6.erresse-shop.it\/de\/shop\/kuche\/werkzeuge\/joseph-joseph-helix-kartoffelstampfer-weiss\/\" \/>\n<meta property=\"og:site_name\" content=\"dev6 Erresse\" \/>\n<meta property=\"og:image\" content=\"https:\/\/interpim.erresse-shop.it\/wp-content\/uploads\/2024\/07\/JOSEPH-JOSEPH-Helix-Schiacciapatate-Bianco.jpg\/joseph-joseph-helix-schiacciapatate-bianco.jpg\" \/><meta property=\"og:image\" content=\"https:\/\/interpim.erresse-shop.it\/wp-content\/uploads\/2024\/07\/JOSEPH-JOSEPH-Helix-Schiacciapatate-Bianco.jpg\/joseph-joseph-helix-schiacciapatate-bianco.jpg\" \/>\n\t<meta property=\"og:image:width\" content=\"1024\" \/>\n\t<meta property=\"og:image:height\" content=\"1024\" \/>\n\t<meta property=\"og:image:type\" content=\"image\/jpeg\" \/>\n<meta name=\"twitter:card\" content=\"summary_large_image\" \/>\n<meta name=\"twitter:image\" content=\"https:\/\/interpim.erresse-shop.it\/wp-content\/uploads\/2024\/07\/JOSEPH-JOSEPH-Helix-Schiacciapatate-Bianco.jpg\/joseph-joseph-helix-schiacciapatate-bianco.jpg\" \/>\n<script type=\"application\/ld+json\" class=\"yoast-schema-graph\">{\"@context\":\"https:\/\/schema.org\",\"@graph\":[{\"@type\":\"WebPage\",\"@id\":\"https:\/\/dev6.erresse-shop.it\/de\/shop\/kuche\/werkzeuge\/joseph-joseph-helix-kartoffelstampfer-weiss\/\",\"url\":\"https:\/\/dev6.erresse-shop.it\/de\/shop\/kuche\/werkzeuge\/joseph-joseph-helix-kartoffelstampfer-weiss\/\",\"name\":\"JOSEPH JOSEPH Helix Kartoffelstampfer Wei\u00df - dev6 Erresse\",\"isPartOf\":{\"@id\":\"https:\/\/dev6.erresse-shop.it\/#website\"},\"primaryImageOfPage\":{\"@id\":\"https:\/\/dev6.erresse-shop.it\/de\/shop\/kuche\/werkzeuge\/joseph-joseph-helix-kartoffelstampfer-weiss\/#primaryimage\"},\"image\":{\"@id\":\"https:\/\/dev6.erresse-shop.it\/de\/shop\/kuche\/werkzeuge\/joseph-joseph-helix-kartoffelstampfer-weiss\/#primaryimage\"},\"thumbnailUrl\":\"https:\/\/i2.wp.com\/interpim.erresse-shop.it\/wp-content\/uploads\/2024\/07\/JOSEPH-JOSEPH-Helix-Schiacciapatate-Bianco.jpg\/joseph-joseph-helix-schiacciapatate-bianco.jpg?ssl=1\",\"datePublished\":\"2026-04-12T09:27:21+00:00\",\"description\":\"Dieser innovative Kartoffelstampfer erm\u00f6glicht es, durch einfaches Drehen in wenigen Sekunden ein perfektes, weiches und fluffiges Kartoffelp\u00fcree zu\",\"breadcrumb\":{\"@id\":\"https:\/\/dev6.erresse-shop.it\/de\/shop\/kuche\/werkzeuge\/joseph-joseph-helix-kartoffelstampfer-weiss\/#breadcrumb\"},\"inLanguage\":\"de\",\"potentialAction\":[{\"@type\":\"ReadAction\",\"target\":[\"https:\/\/dev6.erresse-shop.it\/de\/shop\/kuche\/werkzeuge\/joseph-joseph-helix-kartoffelstampfer-weiss\/\"]}]},{\"@type\":\"ImageObject\",\"inLanguage\":\"de\",\"@id\":\"https:\/\/dev6.erresse-shop.it\/de\/shop\/kuche\/werkzeuge\/joseph-joseph-helix-kartoffelstampfer-weiss\/#primaryimage\",\"url\":\"https:\/\/i2.wp.com\/interpim.erresse-shop.it\/wp-content\/uploads\/2024\/07\/JOSEPH-JOSEPH-Helix-Schiacciapatate-Bianco.jpg\/joseph-joseph-helix-schiacciapatate-bianco.jpg?ssl=1\",\"contentUrl\":\"https:\/\/i2.wp.com\/interpim.erresse-shop.it\/wp-content\/uploads\/2024\/07\/JOSEPH-JOSEPH-Helix-Schiacciapatate-Bianco.jpg\/joseph-joseph-helix-schiacciapatate-bianco.jpg?ssl=1\"},{\"@type\":\"BreadcrumbList\",\"@id\":\"https:\/\/dev6.erresse-shop.it\/de\/shop\/kuche\/werkzeuge\/joseph-joseph-helix-kartoffelstampfer-weiss\/#breadcrumb\",\"itemListElement\":[{\"@type\":\"ListItem\",\"position\":1,\"name\":\"Home\",\"item\":\"https:\/\/dev6.erresse-shop.it\/\"},{\"@type\":\"ListItem\",\"position\":2,\"name\":\"Shop\",\"item\":\"https:\/\/dev6.erresse-shop.it\/shop\/\"},{\"@type\":\"ListItem\",\"position\":3,\"name\":\"JOSEPH JOSEPH Helix Kartoffelstampfer Wei\u00df\"}]},{\"@type\":\"WebSite\",\"@id\":\"https:\/\/dev6.erresse-shop.it\/#website\",\"url\":\"https:\/\/dev6.erresse-shop.it\/\",\"name\":\"Erresse Shop\",\"description\":\"\",\"publisher\":{\"@id\":\"https:\/\/dev6.erresse-shop.it\/#organization\"},\"potentialAction\":[{\"@type\":\"SearchAction\",\"target\":{\"@type\":\"EntryPoint\",\"urlTemplate\":\"https:\/\/dev6.erresse-shop.it\/?s={search_term_string}\"},\"query-input\":{\"@type\":\"PropertyValueSpecification\",\"valueRequired\":true,\"valueName\":\"search_term_string\"}}],\"inLanguage\":\"de\"},{\"@type\":\"Organization\",\"@id\":\"https:\/\/dev6.erresse-shop.it\/#organization\",\"name\":\"Erresse Shop\",\"url\":\"https:\/\/dev6.erresse-shop.it\/\",\"logo\":{\"@type\":\"ImageObject\",\"inLanguage\":\"de\",\"@id\":\"https:\/\/dev6.erresse-shop.it\/#\/schema\/logo\/image\/\",\"url\":\"https:\/\/dev6.erresse-shop.it\/wp-content\/uploads\/2025\/01\/LOGO-ERRESSE-CLASSICO.svg\",\"contentUrl\":\"https:\/\/dev6.erresse-shop.it\/wp-content\/uploads\/2025\/01\/LOGO-ERRESSE-CLASSICO.svg\",\"caption\":\"Erresse Shop\"},\"image\":{\"@id\":\"https:\/\/dev6.erresse-shop.it\/#\/schema\/logo\/image\/\"}}]}<\/script>\n<!-- \/ Yoast SEO plugin. -->","yoast_head_json":{"title":"JOSEPH JOSEPH Helix Kartoffelstampfer Wei\u00df - dev6 Erresse","description":"Dieser innovative Kartoffelstampfer erm\u00f6glicht es, durch einfaches Drehen in wenigen Sekunden ein perfektes, weiches und fluffiges Kartoffelp\u00fcree zu","robots":{"index":"noindex","follow":"follow","max-snippet":"max-snippet:-1","max-image-preview":"max-image-preview:large","max-video-preview":"max-video-preview:-1"},"og_locale":"de_DE","og_type":"article","og_title":"JOSEPH JOSEPH Helix Kartoffelstampfer Wei\u00df - dev6 Erresse","og_description":"Dieser innovative Kartoffelstampfer erm\u00f6glicht es, durch einfaches Drehen in wenigen Sekunden ein perfektes, weiches und fluffiges Kartoffelp\u00fcree zu","og_url":"https:\/\/dev6.erresse-shop.it\/de\/shop\/kuche\/werkzeuge\/joseph-joseph-helix-kartoffelstampfer-weiss\/","og_site_name":"dev6 Erresse","og_image":[{"url":"https:\/\/interpim.erresse-shop.it\/wp-content\/uploads\/2024\/07\/JOSEPH-JOSEPH-Helix-Schiacciapatate-Bianco.jpg\/joseph-joseph-helix-schiacciapatate-bianco.jpg","type":"","width":"","height":""},{"url":"https:\/\/interpim.erresse-shop.it\/wp-content\/uploads\/2024\/07\/JOSEPH-JOSEPH-Helix-Schiacciapatate-Bianco.jpg\/joseph-joseph-helix-schiacciapatate-bianco.jpg","width":1024,"height":1024,"type":"image\/jpeg"}],"twitter_card":"summary_large_image","twitter_image":"https:\/\/interpim.erresse-shop.it\/wp-content\/uploads\/2024\/07\/JOSEPH-JOSEPH-Helix-Schiacciapatate-Bianco.jpg\/joseph-joseph-helix-schiacciapatate-bianco.jpg","schema":{"@context":"https:\/\/schema.org","@graph":[{"@type":"WebPage","@id":"https:\/\/dev6.erresse-shop.it\/de\/shop\/kuche\/werkzeuge\/joseph-joseph-helix-kartoffelstampfer-weiss\/","url":"https:\/\/dev6.erresse-shop.it\/de\/shop\/kuche\/werkzeuge\/joseph-joseph-helix-kartoffelstampfer-weiss\/","name":"JOSEPH JOSEPH Helix Kartoffelstampfer Wei\u00df - dev6 Erresse","isPartOf":{"@id":"https:\/\/dev6.erresse-shop.it\/#website"},"primaryImageOfPage":{"@id":"https:\/\/dev6.erresse-shop.it\/de\/shop\/kuche\/werkzeuge\/joseph-joseph-helix-kartoffelstampfer-weiss\/#primaryimage"},"image":{"@id":"https:\/\/dev6.erresse-shop.it\/de\/shop\/kuche\/werkzeuge\/joseph-joseph-helix-kartoffelstampfer-weiss\/#primaryimage"},"thumbnailUrl":"https:\/\/i2.wp.com\/interpim.erresse-shop.it\/wp-content\/uploads\/2024\/07\/JOSEPH-JOSEPH-Helix-Schiacciapatate-Bianco.jpg\/joseph-joseph-helix-schiacciapatate-bianco.jpg?ssl=1","datePublished":"2026-04-12T09:27:21+00:00","description":"Dieser innovative Kartoffelstampfer erm\u00f6glicht es, durch einfaches Drehen in wenigen Sekunden ein perfektes, weiches und fluffiges Kartoffelp\u00fcree zu","breadcrumb":{"@id":"https:\/\/dev6.erresse-shop.it\/de\/shop\/kuche\/werkzeuge\/joseph-joseph-helix-kartoffelstampfer-weiss\/#breadcrumb"},"inLanguage":"de","potentialAction":[{"@type":"ReadAction","target":["https:\/\/dev6.erresse-shop.it\/de\/shop\/kuche\/werkzeuge\/joseph-joseph-helix-kartoffelstampfer-weiss\/"]}]},{"@type":"ImageObject","inLanguage":"de","@id":"https:\/\/dev6.erresse-shop.it\/de\/shop\/kuche\/werkzeuge\/joseph-joseph-helix-kartoffelstampfer-weiss\/#primaryimage","url":"https:\/\/i2.wp.com\/interpim.erresse-shop.it\/wp-content\/uploads\/2024\/07\/JOSEPH-JOSEPH-Helix-Schiacciapatate-Bianco.jpg\/joseph-joseph-helix-schiacciapatate-bianco.jpg?ssl=1","contentUrl":"https:\/\/i2.wp.com\/interpim.erresse-shop.it\/wp-content\/uploads\/2024\/07\/JOSEPH-JOSEPH-Helix-Schiacciapatate-Bianco.jpg\/joseph-joseph-helix-schiacciapatate-bianco.jpg?ssl=1"},{"@type":"BreadcrumbList","@id":"https:\/\/dev6.erresse-shop.it\/de\/shop\/kuche\/werkzeuge\/joseph-joseph-helix-kartoffelstampfer-weiss\/#breadcrumb","itemListElement":[{"@type":"ListItem","position":1,"name":"Home","item":"https:\/\/dev6.erresse-shop.it\/"},{"@type":"ListItem","position":2,"name":"Shop","item":"https:\/\/dev6.erresse-shop.it\/shop\/"},{"@type":"ListItem","position":3,"name":"JOSEPH JOSEPH Helix Kartoffelstampfer Wei\u00df"}]},{"@type":"WebSite","@id":"https:\/\/dev6.erresse-shop.it\/#website","url":"https:\/\/dev6.erresse-shop.it\/","name":"Erresse Shop","description":"","publisher":{"@id":"https:\/\/dev6.erresse-shop.it\/#organization"},"potentialAction":[{"@type":"SearchAction","target":{"@type":"EntryPoint","urlTemplate":"https:\/\/dev6.erresse-shop.it\/?s={search_term_string}"},"query-input":{"@type":"PropertyValueSpecification","valueRequired":true,"valueName":"search_term_string"}}],"inLanguage":"de"},{"@type":"Organization","@id":"https:\/\/dev6.erresse-shop.it\/#organization","name":"Erresse Shop","url":"https:\/\/dev6.erresse-shop.it\/","logo":{"@type":"ImageObject","inLanguage":"de","@id":"https:\/\/dev6.erresse-shop.it\/#\/schema\/logo\/image\/","url":"https:\/\/dev6.erresse-shop.it\/wp-content\/uploads\/2025\/01\/LOGO-ERRESSE-CLASSICO.svg","contentUrl":"https:\/\/dev6.erresse-shop.it\/wp-content\/uploads\/2025\/01\/LOGO-ERRESSE-CLASSICO.svg","caption":"Erresse Shop"},"image":{"@id":"https:\/\/dev6.erresse-shop.it\/#\/schema\/logo\/image\/"}}]}},"df_price":29.99,"df_sale_price":"","df_regular_price":29.99,"df_image_link":"https:\/\/i2.wp.com\/interpim.erresse-shop.it\/wp-content\/uploads\/2024\/07\/JOSEPH-JOSEPH-Helix-Schiacciapatate-Bianco.jpg\/joseph-joseph-helix-schiacciapatate-bianco.jpg?resize=300,300&ssl=1","fifu_image_url":"https:\/\/interpim.erresse-shop.it\/wp-content\/uploads\/2024\/07\/JOSEPH-JOSEPH-Helix-Schiacciapatate-Bianco.jpg\/joseph-joseph-helix-schiacciapatate-bianco.jpg","_links":{"self":[{"href":"https:\/\/dev6.erresse-shop.it\/de\/wp-json\/wp\/v2\/product\/55605","targetHints":{"allow":["GET"]}}],"collection":[{"href":"https:\/\/dev6.erresse-shop.it\/de\/wp-json\/wp\/v2\/product"}],"about":[{"href":"https:\/\/dev6.erresse-shop.it\/de\/wp-json\/wp\/v2\/types\/product"}],"wp:featuredmedia":[{"embeddable":true,"href":"https:\/\/dev6.erresse-shop.it\/de\/wp-json\/wp\/v2\/media\/6368955"}],"wp:attachment":[{"href":"https:\/\/dev6.erresse-shop.it\/de\/wp-json\/wp\/v2\/media?parent=55605"}],"wp:term":[{"taxonomy":"product_cat","embeddable":true,"href":"https:\/\/dev6.erresse-shop.it\/de\/wp-json\/wp\/v2\/product_cat?post=55605"},{"taxonomy":"product_tag","embeddable":true,"href":"https:\/\/dev6.erresse-shop.it\/de\/wp-json\/wp\/v2\/product_tag?post=55605"}],"curies":[{"name":"wp","href":"https:\/\/api.w.org\/{rel}","templated":true}]}}