{"id":55604,"date":"2026-04-12T14:52:25","date_gmt":"2026-04-12T12:52:25","guid":{"rendered":"https:\/\/dev6.erresse-shop.it\/shop\/unkategorisiert\/joseph-joseph-multi-prep-salatvorbereitungsset-4-teile-multicolour\/"},"modified":"2025-12-08T17:48:38","modified_gmt":"2025-12-08T16:48:38","slug":"joseph-joseph-multi-prep-salatvorbereitungsset-4-teile-multicolour","status":"publish","type":"product","link":"https:\/\/dev6.erresse-shop.it\/de\/shop\/kuche\/zubehor-fur-die-kuche\/joseph-joseph-multi-prep-salatvorbereitungsset-4-teile-multicolour\/","title":{"rendered":"JOSEPH JOSEPH Multi-Prep\u2122 Salatvorbereitungsset 4 Teile Multicolour"},"content":{"rendered":"<p>Multi-Prep\u2122 vereint alles, was Sie f\u00fcr die Zubereitung k\u00f6stlicher Salate brauchen, in einem intelligenten Design. Sie enth\u00e4lt vier austauschbare Scheiben f\u00fcr verschiedene Salatzubereitungsaufgaben, einschlie\u00dflich Schleudern, Spiralisieren, Reiben und Schneiden. Nach der Zubereitung l\u00e4sst sich alles platzsparend in der Sch\u00fcssel verstauen.<\/p>\n<p>Enth\u00e4lt vier austauschbare Scheiben f\u00fcr verschiedene Aufgaben: Salatschleuder, Spiralisierer, Hobel und Reibe.<br \/>\nSetzen Sie einfach die gew\u00fcnschte Scheibe in den Deckel ein.<br \/>\nInklusive Fingerschutz f\u00fcr sicheres Schneiden und Spiralisieren<br \/>\nRutschfester Boden<br \/>\nDas Zubeh\u00f6r l\u00e4sst sich f\u00fcr eine kompakte Aufbewahrung in der Hauptsch\u00fcssel stapeln<\/p>\n<p>Pflege und Gebrauch:<\/p>\n<p>Nur von Hand waschen<br \/>\nAchtung: Scharfe Klingen \u2013 mit Vorsicht behandeln<br \/>\nW\u00e4hrend des Gebrauchs und der Reinigung die Finger von den Klingen fernhalten<br \/>\nAu\u00dferhalb der Reichweite von Kindern aufbewahren<br \/>\nNur f\u00fcr die Zubereitung von Lebensmitteln \u2013 nicht f\u00fcr die Lagerung von Lebensmitteln geeignet<br \/>\nNicht f\u00fcr die Mikrowelle geeignet<br \/>\nBPA-frei<\/p>\n<p>Abmessungen:<\/p>\n<p>H15,5 x B24 x T24 cm (H6\u00bc x L9\u00bd x T9\u00bd Zoll)<\/p>\n","protected":false},"excerpt":{"rendered":"<p>Multi-Prep\u2122 vereint alles, was Sie f\u00fcr die Zubereitung k\u00f6stlicher Salate brauchen, in einem intelligenten Design. Sie enth\u00e4lt vier austauschbare Scheiben f\u00fcr verschiedene Salatzubereitungsaufgaben, einschlie\u00dflich Schleudern, Spiralisieren, Reiben und Schneiden. Nach der Zubereitung l\u00e4sst sich alles platzsparend in der Sch\u00fcssel verstauen. Enth\u00e4lt vier austauschbare Scheiben f\u00fcr verschiedene Aufgaben: Salatschleuder, Spiralisierer, Hobel und Reibe. Setzen Sie einfach [&hellip;]<\/p>\n","protected":false},"featured_media":6381416,"template":"","meta":{"_acf_changed":false},"product_cat":[11733,11668,12100,12165],"product_tag":[],"class_list":{"0":"post-55604","1":"product","2":"type-product","3":"status-publish","4":"has-post-thumbnail","6":"product_cat-accessori-cucina","7":"product_cat-cucina","8":"product_cat-kuche","9":"product_cat-zubehor-fur-die-kuche","11":"first","12":"instock","13":"sale","14":"taxable","15":"shipping-taxable","16":"purchasable","17":"product-type-simple","swatches":"rey-swatches","show_selected":"","stretch_labels":"rey-swatches--stretch-labels"},"acf":[],"yoast_head":"<!-- This site is optimized with the Yoast SEO plugin v25.4 - https:\/\/yoast.com\/wordpress\/plugins\/seo\/ -->\n<title>JOSEPH JOSEPH Multi-Prep\u2122 Salatvorbereitungsset 4 Teile Multicolour - dev6 Erresse<\/title>\n<meta name=\"description\" content=\"Multi-Prep\u2122 vereint alles, was Sie f\u00fcr die Zubereitung k\u00f6stlicher Salate brauchen, in einem intelligenten Design. Sie enth\u00e4lt vier austauschbare Scheiben\" \/>\n<meta name=\"robots\" content=\"noindex, follow, max-snippet:-1, max-image-preview:large, max-video-preview:-1\" \/>\n<meta property=\"og:locale\" content=\"de_DE\" \/>\n<meta property=\"og:type\" content=\"article\" \/>\n<meta property=\"og:title\" content=\"JOSEPH JOSEPH Multi-Prep\u2122 Salatvorbereitungsset 4 Teile Multicolour - dev6 Erresse\" \/>\n<meta property=\"og:description\" content=\"Multi-Prep\u2122 vereint alles, was Sie f\u00fcr die Zubereitung k\u00f6stlicher Salate brauchen, in einem intelligenten Design. Sie enth\u00e4lt vier austauschbare Scheiben\" \/>\n<meta property=\"og:url\" content=\"https:\/\/dev6.erresse-shop.it\/de\/shop\/kuche\/zubehor-fur-die-kuche\/joseph-joseph-multi-prep-salatvorbereitungsset-4-teile-multicolour\/\" \/>\n<meta property=\"og:site_name\" content=\"dev6 Erresse\" \/>\n<meta property=\"og:image\" content=\"https:\/\/interpim.erresse-shop.it\/wp-content\/uploads\/2024\/07\/JOSEPH-JOSEPH-Multi-Prep\u2122-Set-4-Pezzi-Preparazione-Insalata-Multicolore.jpg\/joseph-joseph-multi-prep-e2-84-a2-set-4-pezzi-preparazione-insalata-multicolore.jpg\" \/><meta property=\"og:image\" content=\"https:\/\/interpim.erresse-shop.it\/wp-content\/uploads\/2024\/07\/JOSEPH-JOSEPH-Multi-Prep\u2122-Set-4-Pezzi-Preparazione-Insalata-Multicolore.jpg\/joseph-joseph-multi-prep-e2-84-a2-set-4-pezzi-preparazione-insalata-multicolore.jpg\" \/>\n\t<meta property=\"og:image:width\" content=\"1024\" \/>\n\t<meta property=\"og:image:height\" content=\"1024\" \/>\n\t<meta property=\"og:image:type\" content=\"image\/jpeg\" \/>\n<meta name=\"twitter:card\" content=\"summary_large_image\" \/>\n<meta name=\"twitter:image\" content=\"https:\/\/interpim.erresse-shop.it\/wp-content\/uploads\/2024\/07\/JOSEPH-JOSEPH-Multi-Prep\u2122-Set-4-Pezzi-Preparazione-Insalata-Multicolore.jpg\/joseph-joseph-multi-prep-e2-84-a2-set-4-pezzi-preparazione-insalata-multicolore.jpg\" \/>\n<script type=\"application\/ld+json\" class=\"yoast-schema-graph\">{\"@context\":\"https:\/\/schema.org\",\"@graph\":[{\"@type\":\"WebPage\",\"@id\":\"https:\/\/dev6.erresse-shop.it\/de\/shop\/kuche\/zubehor-fur-die-kuche\/joseph-joseph-multi-prep-salatvorbereitungsset-4-teile-multicolour\/\",\"url\":\"https:\/\/dev6.erresse-shop.it\/de\/shop\/kuche\/zubehor-fur-die-kuche\/joseph-joseph-multi-prep-salatvorbereitungsset-4-teile-multicolour\/\",\"name\":\"JOSEPH JOSEPH Multi-Prep\u2122 Salatvorbereitungsset 4 Teile Multicolour - dev6 Erresse\",\"isPartOf\":{\"@id\":\"https:\/\/dev6.erresse-shop.it\/#website\"},\"primaryImageOfPage\":{\"@id\":\"https:\/\/dev6.erresse-shop.it\/de\/shop\/kuche\/zubehor-fur-die-kuche\/joseph-joseph-multi-prep-salatvorbereitungsset-4-teile-multicolour\/#primaryimage\"},\"image\":{\"@id\":\"https:\/\/dev6.erresse-shop.it\/de\/shop\/kuche\/zubehor-fur-die-kuche\/joseph-joseph-multi-prep-salatvorbereitungsset-4-teile-multicolour\/#primaryimage\"},\"thumbnailUrl\":\"https:\/\/i3.wp.com\/interpim.erresse-shop.it\/wp-content\/uploads\/2024\/07\/JOSEPH-JOSEPH-Multi-Prep\u2122-Set-4-Pezzi-Preparazione-Insalata-Multicolore.jpg\/joseph-joseph-multi-prep-e2-84-a2-set-4-pezzi-preparazione-insalata-multicolore.jpg?ssl=1\",\"datePublished\":\"2026-04-12T12:52:25+00:00\",\"description\":\"Multi-Prep\u2122 vereint alles, was Sie f\u00fcr die Zubereitung k\u00f6stlicher Salate brauchen, in einem intelligenten Design. Sie enth\u00e4lt vier austauschbare Scheiben\",\"breadcrumb\":{\"@id\":\"https:\/\/dev6.erresse-shop.it\/de\/shop\/kuche\/zubehor-fur-die-kuche\/joseph-joseph-multi-prep-salatvorbereitungsset-4-teile-multicolour\/#breadcrumb\"},\"inLanguage\":\"de\",\"potentialAction\":[{\"@type\":\"ReadAction\",\"target\":[\"https:\/\/dev6.erresse-shop.it\/de\/shop\/kuche\/zubehor-fur-die-kuche\/joseph-joseph-multi-prep-salatvorbereitungsset-4-teile-multicolour\/\"]}]},{\"@type\":\"ImageObject\",\"inLanguage\":\"de\",\"@id\":\"https:\/\/dev6.erresse-shop.it\/de\/shop\/kuche\/zubehor-fur-die-kuche\/joseph-joseph-multi-prep-salatvorbereitungsset-4-teile-multicolour\/#primaryimage\",\"url\":\"https:\/\/i3.wp.com\/interpim.erresse-shop.it\/wp-content\/uploads\/2024\/07\/JOSEPH-JOSEPH-Multi-Prep\u2122-Set-4-Pezzi-Preparazione-Insalata-Multicolore.jpg\/joseph-joseph-multi-prep-e2-84-a2-set-4-pezzi-preparazione-insalata-multicolore.jpg?ssl=1\",\"contentUrl\":\"https:\/\/i3.wp.com\/interpim.erresse-shop.it\/wp-content\/uploads\/2024\/07\/JOSEPH-JOSEPH-Multi-Prep\u2122-Set-4-Pezzi-Preparazione-Insalata-Multicolore.jpg\/joseph-joseph-multi-prep-e2-84-a2-set-4-pezzi-preparazione-insalata-multicolore.jpg?ssl=1\"},{\"@type\":\"BreadcrumbList\",\"@id\":\"https:\/\/dev6.erresse-shop.it\/de\/shop\/kuche\/zubehor-fur-die-kuche\/joseph-joseph-multi-prep-salatvorbereitungsset-4-teile-multicolour\/#breadcrumb\",\"itemListElement\":[{\"@type\":\"ListItem\",\"position\":1,\"name\":\"Home\",\"item\":\"https:\/\/dev6.erresse-shop.it\/\"},{\"@type\":\"ListItem\",\"position\":2,\"name\":\"Shop\",\"item\":\"https:\/\/dev6.erresse-shop.it\/shop\/\"},{\"@type\":\"ListItem\",\"position\":3,\"name\":\"JOSEPH JOSEPH Multi-Prep\u2122 Salatvorbereitungsset 4 Teile Multicolour\"}]},{\"@type\":\"WebSite\",\"@id\":\"https:\/\/dev6.erresse-shop.it\/#website\",\"url\":\"https:\/\/dev6.erresse-shop.it\/\",\"name\":\"Erresse Shop\",\"description\":\"\",\"publisher\":{\"@id\":\"https:\/\/dev6.erresse-shop.it\/#organization\"},\"potentialAction\":[{\"@type\":\"SearchAction\",\"target\":{\"@type\":\"EntryPoint\",\"urlTemplate\":\"https:\/\/dev6.erresse-shop.it\/?s={search_term_string}\"},\"query-input\":{\"@type\":\"PropertyValueSpecification\",\"valueRequired\":true,\"valueName\":\"search_term_string\"}}],\"inLanguage\":\"de\"},{\"@type\":\"Organization\",\"@id\":\"https:\/\/dev6.erresse-shop.it\/#organization\",\"name\":\"Erresse Shop\",\"url\":\"https:\/\/dev6.erresse-shop.it\/\",\"logo\":{\"@type\":\"ImageObject\",\"inLanguage\":\"de\",\"@id\":\"https:\/\/dev6.erresse-shop.it\/#\/schema\/logo\/image\/\",\"url\":\"https:\/\/dev6.erresse-shop.it\/wp-content\/uploads\/2025\/01\/LOGO-ERRESSE-CLASSICO.svg\",\"contentUrl\":\"https:\/\/dev6.erresse-shop.it\/wp-content\/uploads\/2025\/01\/LOGO-ERRESSE-CLASSICO.svg\",\"caption\":\"Erresse Shop\"},\"image\":{\"@id\":\"https:\/\/dev6.erresse-shop.it\/#\/schema\/logo\/image\/\"}}]}<\/script>\n<!-- \/ Yoast SEO plugin. -->","yoast_head_json":{"title":"JOSEPH JOSEPH Multi-Prep\u2122 Salatvorbereitungsset 4 Teile Multicolour - dev6 Erresse","description":"Multi-Prep\u2122 vereint alles, was Sie f\u00fcr die Zubereitung k\u00f6stlicher Salate brauchen, in einem intelligenten Design. Sie enth\u00e4lt vier austauschbare Scheiben","robots":{"index":"noindex","follow":"follow","max-snippet":"max-snippet:-1","max-image-preview":"max-image-preview:large","max-video-preview":"max-video-preview:-1"},"og_locale":"de_DE","og_type":"article","og_title":"JOSEPH JOSEPH Multi-Prep\u2122 Salatvorbereitungsset 4 Teile Multicolour - dev6 Erresse","og_description":"Multi-Prep\u2122 vereint alles, was Sie f\u00fcr die Zubereitung k\u00f6stlicher Salate brauchen, in einem intelligenten Design. Sie enth\u00e4lt vier austauschbare Scheiben","og_url":"https:\/\/dev6.erresse-shop.it\/de\/shop\/kuche\/zubehor-fur-die-kuche\/joseph-joseph-multi-prep-salatvorbereitungsset-4-teile-multicolour\/","og_site_name":"dev6 Erresse","og_image":[{"url":"https:\/\/interpim.erresse-shop.it\/wp-content\/uploads\/2024\/07\/JOSEPH-JOSEPH-Multi-Prep\u2122-Set-4-Pezzi-Preparazione-Insalata-Multicolore.jpg\/joseph-joseph-multi-prep-e2-84-a2-set-4-pezzi-preparazione-insalata-multicolore.jpg","type":"","width":"","height":""},{"url":"https:\/\/interpim.erresse-shop.it\/wp-content\/uploads\/2024\/07\/JOSEPH-JOSEPH-Multi-Prep\u2122-Set-4-Pezzi-Preparazione-Insalata-Multicolore.jpg\/joseph-joseph-multi-prep-e2-84-a2-set-4-pezzi-preparazione-insalata-multicolore.jpg","width":1024,"height":1024,"type":"image\/jpeg"}],"twitter_card":"summary_large_image","twitter_image":"https:\/\/interpim.erresse-shop.it\/wp-content\/uploads\/2024\/07\/JOSEPH-JOSEPH-Multi-Prep\u2122-Set-4-Pezzi-Preparazione-Insalata-Multicolore.jpg\/joseph-joseph-multi-prep-e2-84-a2-set-4-pezzi-preparazione-insalata-multicolore.jpg","schema":{"@context":"https:\/\/schema.org","@graph":[{"@type":"WebPage","@id":"https:\/\/dev6.erresse-shop.it\/de\/shop\/kuche\/zubehor-fur-die-kuche\/joseph-joseph-multi-prep-salatvorbereitungsset-4-teile-multicolour\/","url":"https:\/\/dev6.erresse-shop.it\/de\/shop\/kuche\/zubehor-fur-die-kuche\/joseph-joseph-multi-prep-salatvorbereitungsset-4-teile-multicolour\/","name":"JOSEPH JOSEPH Multi-Prep\u2122 Salatvorbereitungsset 4 Teile Multicolour - dev6 Erresse","isPartOf":{"@id":"https:\/\/dev6.erresse-shop.it\/#website"},"primaryImageOfPage":{"@id":"https:\/\/dev6.erresse-shop.it\/de\/shop\/kuche\/zubehor-fur-die-kuche\/joseph-joseph-multi-prep-salatvorbereitungsset-4-teile-multicolour\/#primaryimage"},"image":{"@id":"https:\/\/dev6.erresse-shop.it\/de\/shop\/kuche\/zubehor-fur-die-kuche\/joseph-joseph-multi-prep-salatvorbereitungsset-4-teile-multicolour\/#primaryimage"},"thumbnailUrl":"https:\/\/i3.wp.com\/interpim.erresse-shop.it\/wp-content\/uploads\/2024\/07\/JOSEPH-JOSEPH-Multi-Prep\u2122-Set-4-Pezzi-Preparazione-Insalata-Multicolore.jpg\/joseph-joseph-multi-prep-e2-84-a2-set-4-pezzi-preparazione-insalata-multicolore.jpg?ssl=1","datePublished":"2026-04-12T12:52:25+00:00","description":"Multi-Prep\u2122 vereint alles, was Sie f\u00fcr die Zubereitung k\u00f6stlicher Salate brauchen, in einem intelligenten Design. Sie enth\u00e4lt vier austauschbare Scheiben","breadcrumb":{"@id":"https:\/\/dev6.erresse-shop.it\/de\/shop\/kuche\/zubehor-fur-die-kuche\/joseph-joseph-multi-prep-salatvorbereitungsset-4-teile-multicolour\/#breadcrumb"},"inLanguage":"de","potentialAction":[{"@type":"ReadAction","target":["https:\/\/dev6.erresse-shop.it\/de\/shop\/kuche\/zubehor-fur-die-kuche\/joseph-joseph-multi-prep-salatvorbereitungsset-4-teile-multicolour\/"]}]},{"@type":"ImageObject","inLanguage":"de","@id":"https:\/\/dev6.erresse-shop.it\/de\/shop\/kuche\/zubehor-fur-die-kuche\/joseph-joseph-multi-prep-salatvorbereitungsset-4-teile-multicolour\/#primaryimage","url":"https:\/\/i3.wp.com\/interpim.erresse-shop.it\/wp-content\/uploads\/2024\/07\/JOSEPH-JOSEPH-Multi-Prep\u2122-Set-4-Pezzi-Preparazione-Insalata-Multicolore.jpg\/joseph-joseph-multi-prep-e2-84-a2-set-4-pezzi-preparazione-insalata-multicolore.jpg?ssl=1","contentUrl":"https:\/\/i3.wp.com\/interpim.erresse-shop.it\/wp-content\/uploads\/2024\/07\/JOSEPH-JOSEPH-Multi-Prep\u2122-Set-4-Pezzi-Preparazione-Insalata-Multicolore.jpg\/joseph-joseph-multi-prep-e2-84-a2-set-4-pezzi-preparazione-insalata-multicolore.jpg?ssl=1"},{"@type":"BreadcrumbList","@id":"https:\/\/dev6.erresse-shop.it\/de\/shop\/kuche\/zubehor-fur-die-kuche\/joseph-joseph-multi-prep-salatvorbereitungsset-4-teile-multicolour\/#breadcrumb","itemListElement":[{"@type":"ListItem","position":1,"name":"Home","item":"https:\/\/dev6.erresse-shop.it\/"},{"@type":"ListItem","position":2,"name":"Shop","item":"https:\/\/dev6.erresse-shop.it\/shop\/"},{"@type":"ListItem","position":3,"name":"JOSEPH JOSEPH Multi-Prep\u2122 Salatvorbereitungsset 4 Teile Multicolour"}]},{"@type":"WebSite","@id":"https:\/\/dev6.erresse-shop.it\/#website","url":"https:\/\/dev6.erresse-shop.it\/","name":"Erresse Shop","description":"","publisher":{"@id":"https:\/\/dev6.erresse-shop.it\/#organization"},"potentialAction":[{"@type":"SearchAction","target":{"@type":"EntryPoint","urlTemplate":"https:\/\/dev6.erresse-shop.it\/?s={search_term_string}"},"query-input":{"@type":"PropertyValueSpecification","valueRequired":true,"valueName":"search_term_string"}}],"inLanguage":"de"},{"@type":"Organization","@id":"https:\/\/dev6.erresse-shop.it\/#organization","name":"Erresse Shop","url":"https:\/\/dev6.erresse-shop.it\/","logo":{"@type":"ImageObject","inLanguage":"de","@id":"https:\/\/dev6.erresse-shop.it\/#\/schema\/logo\/image\/","url":"https:\/\/dev6.erresse-shop.it\/wp-content\/uploads\/2025\/01\/LOGO-ERRESSE-CLASSICO.svg","contentUrl":"https:\/\/dev6.erresse-shop.it\/wp-content\/uploads\/2025\/01\/LOGO-ERRESSE-CLASSICO.svg","caption":"Erresse Shop"},"image":{"@id":"https:\/\/dev6.erresse-shop.it\/#\/schema\/logo\/image\/"}}]}},"df_price":49.9,"df_sale_price":49.9,"df_regular_price":59.99,"df_image_link":"https:\/\/i3.wp.com\/interpim.erresse-shop.it\/wp-content\/uploads\/2024\/07\/JOSEPH-JOSEPH-Multi-Prep\u2122-Set-4-Pezzi-Preparazione-Insalata-Multicolore.jpg\/joseph-joseph-multi-prep-e2-84-a2-set-4-pezzi-preparazione-insalata-multicolore.jpg?resize=300,300&ssl=1","fifu_image_url":"https:\/\/interpim.erresse-shop.it\/wp-content\/uploads\/2024\/07\/JOSEPH-JOSEPH-Multi-Prep\u2122-Set-4-Pezzi-Preparazione-Insalata-Multicolore.jpg\/joseph-joseph-multi-prep-e2-84-a2-set-4-pezzi-preparazione-insalata-multicolore.jpg","_links":{"self":[{"href":"https:\/\/dev6.erresse-shop.it\/de\/wp-json\/wp\/v2\/product\/55604","targetHints":{"allow":["GET"]}}],"collection":[{"href":"https:\/\/dev6.erresse-shop.it\/de\/wp-json\/wp\/v2\/product"}],"about":[{"href":"https:\/\/dev6.erresse-shop.it\/de\/wp-json\/wp\/v2\/types\/product"}],"wp:featuredmedia":[{"embeddable":true,"href":"https:\/\/dev6.erresse-shop.it\/de\/wp-json\/wp\/v2\/media\/6381416"}],"wp:attachment":[{"href":"https:\/\/dev6.erresse-shop.it\/de\/wp-json\/wp\/v2\/media?parent=55604"}],"wp:term":[{"taxonomy":"product_cat","embeddable":true,"href":"https:\/\/dev6.erresse-shop.it\/de\/wp-json\/wp\/v2\/product_cat?post=55604"},{"taxonomy":"product_tag","embeddable":true,"href":"https:\/\/dev6.erresse-shop.it\/de\/wp-json\/wp\/v2\/product_tag?post=55604"}],"curies":[{"name":"wp","href":"https:\/\/api.w.org\/{rel}","templated":true}]}}