{"id":55597,"date":"2026-04-12T11:27:21","date_gmt":"2026-04-12T09:27:21","guid":{"rendered":"https:\/\/dev6.erresse-shop.it\/shop\/unkategorisiert\/lavazza-216-a-modo-mio-qualita-rossa\/"},"modified":"2025-07-04T14:17:28","modified_gmt":"2025-07-04T12:17:28","slug":"lavazza-216-a-modo-mio-qualita-rossa","status":"publish","type":"product","link":"https:\/\/dev6.erresse-shop.it\/de\/shop\/kaffe\/kaffeepads-und-kapseln\/lavazza-216-a-modo-mio-qualita-rossa\/","title":{"rendered":"LAVAZZA 216 A Modo Mio Qualita Rossa"},"content":{"rendered":"<p>Der Qualit\u00e0 Rossa vereint die Seele S\u00fcdamerikas und das Herz Schwarzafrikas: Die nat\u00fcrlichen brasilianischen Arabicas verleihen ihm einen reichen K\u00f6rper und s\u00fc\u00dfe Noten, w\u00e4hrend die afrikanischen Robustas ihm Intensit\u00e4t und einen schokoladigen Nachgeschmack verleihen. Das Ergebnis ist ein Kaffee mit einem durchdringenden Aroma und einem vollen, anhaltenden Geschmack.<\/p>\n<p>Einzelheiten zum Produkt:<\/p>\n<p>4 Packungen mit 54 Kapseln<br \/>\nZusammensetzung 60% Arabica<br \/>\nMittlere R\u00f6stung<\/p>\n<p>\u00a0<\/p>\n<p>Lavazza ist nicht mit Nespresso verbunden und wird nicht von Nespresso gef\u00f6rdert oder gesponsert.<br \/>\nNescaf\u00e8\u00ae, Dolce Gusto\u00ae und Melody I sind Marken Dritter und stehen in keiner Verbindung zu Luigi Lavazza S.p.A.<\/p>\n","protected":false},"excerpt":{"rendered":"<p>Der Qualit\u00e0 Rossa vereint die Seele S\u00fcdamerikas und das Herz Schwarzafrikas: Die nat\u00fcrlichen brasilianischen Arabicas verleihen ihm einen reichen K\u00f6rper und s\u00fc\u00dfe Noten, w\u00e4hrend die afrikanischen Robustas ihm Intensit\u00e4t und einen schokoladigen Nachgeschmack verleihen. Das Ergebnis ist ein Kaffee mit einem durchdringenden Aroma und einem vollen, anhaltenden Geschmack. Einzelheiten zum Produkt: 4 Packungen mit 54 [&hellip;]<\/p>\n","protected":false},"featured_media":6368910,"template":"","meta":{"_acf_changed":false},"product_cat":[12147],"product_tag":[],"class_list":{"0":"post-55597","1":"product","2":"type-product","3":"status-publish","4":"has-post-thumbnail","6":"product_cat-kaffeepads-und-kapseln","8":"first","9":"instock","10":"taxable","11":"shipping-taxable","12":"product-type-simple","swatches":"rey-swatches","show_selected":"","stretch_labels":"rey-swatches--stretch-labels"},"acf":[],"yoast_head":"<!-- This site is optimized with the Yoast SEO plugin v25.4 - https:\/\/yoast.com\/wordpress\/plugins\/seo\/ -->\n<title>LAVAZZA 216 A Modo Mio Qualita Rossa - dev6 Erresse<\/title>\n<meta name=\"description\" content=\"Der Qualit\u00e0 Rossa vereint die Seele S\u00fcdamerikas und das Herz Schwarzafrikas: Die nat\u00fcrlichen brasilianischen Arabicas verleihen ihm einen reichen K\u00f6rper\" \/>\n<meta name=\"robots\" content=\"noindex, follow, max-snippet:-1, max-image-preview:large, max-video-preview:-1\" \/>\n<meta property=\"og:locale\" content=\"de_DE\" \/>\n<meta property=\"og:type\" content=\"article\" \/>\n<meta property=\"og:title\" content=\"LAVAZZA 216 A Modo Mio Qualita Rossa - dev6 Erresse\" \/>\n<meta property=\"og:description\" content=\"Der Qualit\u00e0 Rossa vereint die Seele S\u00fcdamerikas und das Herz Schwarzafrikas: Die nat\u00fcrlichen brasilianischen Arabicas verleihen ihm einen reichen K\u00f6rper\" \/>\n<meta property=\"og:url\" content=\"https:\/\/dev6.erresse-shop.it\/de\/shop\/kaffe\/kaffeepads-und-kapseln\/lavazza-216-a-modo-mio-qualita-rossa\/\" \/>\n<meta property=\"og:site_name\" content=\"dev6 Erresse\" \/>\n<meta property=\"og:image\" content=\"https:\/\/interpim.erresse-shop.it\/Import\/Prodotti\/lavazza-216-capsule-a-modo-mio-qualita-rossa.jpg\" \/><meta property=\"og:image\" content=\"https:\/\/interpim.erresse-shop.it\/Import\/Prodotti\/lavazza-216-capsule-a-modo-mio-qualita-rossa.jpg\" \/>\n\t<meta property=\"og:image:width\" content=\"1024\" \/>\n\t<meta property=\"og:image:height\" content=\"1024\" \/>\n\t<meta property=\"og:image:type\" content=\"image\/jpeg\" \/>\n<meta name=\"twitter:card\" content=\"summary_large_image\" \/>\n<meta name=\"twitter:image\" content=\"https:\/\/interpim.erresse-shop.it\/Import\/Prodotti\/lavazza-216-capsule-a-modo-mio-qualita-rossa.jpg\" \/>\n<script type=\"application\/ld+json\" class=\"yoast-schema-graph\">{\"@context\":\"https:\/\/schema.org\",\"@graph\":[{\"@type\":\"WebPage\",\"@id\":\"https:\/\/dev6.erresse-shop.it\/de\/shop\/kaffe\/kaffeepads-und-kapseln\/lavazza-216-a-modo-mio-qualita-rossa\/\",\"url\":\"https:\/\/dev6.erresse-shop.it\/de\/shop\/kaffe\/kaffeepads-und-kapseln\/lavazza-216-a-modo-mio-qualita-rossa\/\",\"name\":\"LAVAZZA 216 A Modo Mio Qualita Rossa - dev6 Erresse\",\"isPartOf\":{\"@id\":\"https:\/\/dev6.erresse-shop.it\/#website\"},\"primaryImageOfPage\":{\"@id\":\"https:\/\/dev6.erresse-shop.it\/de\/shop\/kaffe\/kaffeepads-und-kapseln\/lavazza-216-a-modo-mio-qualita-rossa\/#primaryimage\"},\"image\":{\"@id\":\"https:\/\/dev6.erresse-shop.it\/de\/shop\/kaffe\/kaffeepads-und-kapseln\/lavazza-216-a-modo-mio-qualita-rossa\/#primaryimage\"},\"thumbnailUrl\":\"https:\/\/i2.wp.com\/interpim.erresse-shop.it\/Import\/Prodotti\/lavazza-216-capsule-a-modo-mio-qualita-rossa.jpg?ssl=1\",\"datePublished\":\"2026-04-12T09:27:21+00:00\",\"description\":\"Der Qualit\u00e0 Rossa vereint die Seele S\u00fcdamerikas und das Herz Schwarzafrikas: Die nat\u00fcrlichen brasilianischen Arabicas verleihen ihm einen reichen K\u00f6rper\",\"breadcrumb\":{\"@id\":\"https:\/\/dev6.erresse-shop.it\/de\/shop\/kaffe\/kaffeepads-und-kapseln\/lavazza-216-a-modo-mio-qualita-rossa\/#breadcrumb\"},\"inLanguage\":\"de\",\"potentialAction\":[{\"@type\":\"ReadAction\",\"target\":[\"https:\/\/dev6.erresse-shop.it\/de\/shop\/kaffe\/kaffeepads-und-kapseln\/lavazza-216-a-modo-mio-qualita-rossa\/\"]}]},{\"@type\":\"ImageObject\",\"inLanguage\":\"de\",\"@id\":\"https:\/\/dev6.erresse-shop.it\/de\/shop\/kaffe\/kaffeepads-und-kapseln\/lavazza-216-a-modo-mio-qualita-rossa\/#primaryimage\",\"url\":\"https:\/\/i2.wp.com\/interpim.erresse-shop.it\/Import\/Prodotti\/lavazza-216-capsule-a-modo-mio-qualita-rossa.jpg?ssl=1\",\"contentUrl\":\"https:\/\/i2.wp.com\/interpim.erresse-shop.it\/Import\/Prodotti\/lavazza-216-capsule-a-modo-mio-qualita-rossa.jpg?ssl=1\"},{\"@type\":\"BreadcrumbList\",\"@id\":\"https:\/\/dev6.erresse-shop.it\/de\/shop\/kaffe\/kaffeepads-und-kapseln\/lavazza-216-a-modo-mio-qualita-rossa\/#breadcrumb\",\"itemListElement\":[{\"@type\":\"ListItem\",\"position\":1,\"name\":\"Home\",\"item\":\"https:\/\/dev6.erresse-shop.it\/\"},{\"@type\":\"ListItem\",\"position\":2,\"name\":\"Shop\",\"item\":\"https:\/\/dev6.erresse-shop.it\/shop\/\"},{\"@type\":\"ListItem\",\"position\":3,\"name\":\"LAVAZZA 216 A Modo Mio Qualita Rossa\"}]},{\"@type\":\"WebSite\",\"@id\":\"https:\/\/dev6.erresse-shop.it\/#website\",\"url\":\"https:\/\/dev6.erresse-shop.it\/\",\"name\":\"Erresse Shop\",\"description\":\"\",\"publisher\":{\"@id\":\"https:\/\/dev6.erresse-shop.it\/#organization\"},\"potentialAction\":[{\"@type\":\"SearchAction\",\"target\":{\"@type\":\"EntryPoint\",\"urlTemplate\":\"https:\/\/dev6.erresse-shop.it\/?s={search_term_string}\"},\"query-input\":{\"@type\":\"PropertyValueSpecification\",\"valueRequired\":true,\"valueName\":\"search_term_string\"}}],\"inLanguage\":\"de\"},{\"@type\":\"Organization\",\"@id\":\"https:\/\/dev6.erresse-shop.it\/#organization\",\"name\":\"Erresse Shop\",\"url\":\"https:\/\/dev6.erresse-shop.it\/\",\"logo\":{\"@type\":\"ImageObject\",\"inLanguage\":\"de\",\"@id\":\"https:\/\/dev6.erresse-shop.it\/#\/schema\/logo\/image\/\",\"url\":\"https:\/\/dev6.erresse-shop.it\/wp-content\/uploads\/2025\/01\/LOGO-ERRESSE-CLASSICO.svg\",\"contentUrl\":\"https:\/\/dev6.erresse-shop.it\/wp-content\/uploads\/2025\/01\/LOGO-ERRESSE-CLASSICO.svg\",\"caption\":\"Erresse Shop\"},\"image\":{\"@id\":\"https:\/\/dev6.erresse-shop.it\/#\/schema\/logo\/image\/\"}}]}<\/script>\n<!-- \/ Yoast SEO plugin. -->","yoast_head_json":{"title":"LAVAZZA 216 A Modo Mio Qualita Rossa - dev6 Erresse","description":"Der Qualit\u00e0 Rossa vereint die Seele S\u00fcdamerikas und das Herz Schwarzafrikas: Die nat\u00fcrlichen brasilianischen Arabicas verleihen ihm einen reichen K\u00f6rper","robots":{"index":"noindex","follow":"follow","max-snippet":"max-snippet:-1","max-image-preview":"max-image-preview:large","max-video-preview":"max-video-preview:-1"},"og_locale":"de_DE","og_type":"article","og_title":"LAVAZZA 216 A Modo Mio Qualita Rossa - dev6 Erresse","og_description":"Der Qualit\u00e0 Rossa vereint die Seele S\u00fcdamerikas und das Herz Schwarzafrikas: Die nat\u00fcrlichen brasilianischen Arabicas verleihen ihm einen reichen K\u00f6rper","og_url":"https:\/\/dev6.erresse-shop.it\/de\/shop\/kaffe\/kaffeepads-und-kapseln\/lavazza-216-a-modo-mio-qualita-rossa\/","og_site_name":"dev6 Erresse","og_image":[{"url":"https:\/\/interpim.erresse-shop.it\/Import\/Prodotti\/lavazza-216-capsule-a-modo-mio-qualita-rossa.jpg","type":"","width":"","height":""},{"url":"https:\/\/interpim.erresse-shop.it\/Import\/Prodotti\/lavazza-216-capsule-a-modo-mio-qualita-rossa.jpg","width":1024,"height":1024,"type":"image\/jpeg"}],"twitter_card":"summary_large_image","twitter_image":"https:\/\/interpim.erresse-shop.it\/Import\/Prodotti\/lavazza-216-capsule-a-modo-mio-qualita-rossa.jpg","schema":{"@context":"https:\/\/schema.org","@graph":[{"@type":"WebPage","@id":"https:\/\/dev6.erresse-shop.it\/de\/shop\/kaffe\/kaffeepads-und-kapseln\/lavazza-216-a-modo-mio-qualita-rossa\/","url":"https:\/\/dev6.erresse-shop.it\/de\/shop\/kaffe\/kaffeepads-und-kapseln\/lavazza-216-a-modo-mio-qualita-rossa\/","name":"LAVAZZA 216 A Modo Mio Qualita Rossa - dev6 Erresse","isPartOf":{"@id":"https:\/\/dev6.erresse-shop.it\/#website"},"primaryImageOfPage":{"@id":"https:\/\/dev6.erresse-shop.it\/de\/shop\/kaffe\/kaffeepads-und-kapseln\/lavazza-216-a-modo-mio-qualita-rossa\/#primaryimage"},"image":{"@id":"https:\/\/dev6.erresse-shop.it\/de\/shop\/kaffe\/kaffeepads-und-kapseln\/lavazza-216-a-modo-mio-qualita-rossa\/#primaryimage"},"thumbnailUrl":"https:\/\/i2.wp.com\/interpim.erresse-shop.it\/Import\/Prodotti\/lavazza-216-capsule-a-modo-mio-qualita-rossa.jpg?ssl=1","datePublished":"2026-04-12T09:27:21+00:00","description":"Der Qualit\u00e0 Rossa vereint die Seele S\u00fcdamerikas und das Herz Schwarzafrikas: Die nat\u00fcrlichen brasilianischen Arabicas verleihen ihm einen reichen K\u00f6rper","breadcrumb":{"@id":"https:\/\/dev6.erresse-shop.it\/de\/shop\/kaffe\/kaffeepads-und-kapseln\/lavazza-216-a-modo-mio-qualita-rossa\/#breadcrumb"},"inLanguage":"de","potentialAction":[{"@type":"ReadAction","target":["https:\/\/dev6.erresse-shop.it\/de\/shop\/kaffe\/kaffeepads-und-kapseln\/lavazza-216-a-modo-mio-qualita-rossa\/"]}]},{"@type":"ImageObject","inLanguage":"de","@id":"https:\/\/dev6.erresse-shop.it\/de\/shop\/kaffe\/kaffeepads-und-kapseln\/lavazza-216-a-modo-mio-qualita-rossa\/#primaryimage","url":"https:\/\/i2.wp.com\/interpim.erresse-shop.it\/Import\/Prodotti\/lavazza-216-capsule-a-modo-mio-qualita-rossa.jpg?ssl=1","contentUrl":"https:\/\/i2.wp.com\/interpim.erresse-shop.it\/Import\/Prodotti\/lavazza-216-capsule-a-modo-mio-qualita-rossa.jpg?ssl=1"},{"@type":"BreadcrumbList","@id":"https:\/\/dev6.erresse-shop.it\/de\/shop\/kaffe\/kaffeepads-und-kapseln\/lavazza-216-a-modo-mio-qualita-rossa\/#breadcrumb","itemListElement":[{"@type":"ListItem","position":1,"name":"Home","item":"https:\/\/dev6.erresse-shop.it\/"},{"@type":"ListItem","position":2,"name":"Shop","item":"https:\/\/dev6.erresse-shop.it\/shop\/"},{"@type":"ListItem","position":3,"name":"LAVAZZA 216 A Modo Mio Qualita Rossa"}]},{"@type":"WebSite","@id":"https:\/\/dev6.erresse-shop.it\/#website","url":"https:\/\/dev6.erresse-shop.it\/","name":"Erresse Shop","description":"","publisher":{"@id":"https:\/\/dev6.erresse-shop.it\/#organization"},"potentialAction":[{"@type":"SearchAction","target":{"@type":"EntryPoint","urlTemplate":"https:\/\/dev6.erresse-shop.it\/?s={search_term_string}"},"query-input":{"@type":"PropertyValueSpecification","valueRequired":true,"valueName":"search_term_string"}}],"inLanguage":"de"},{"@type":"Organization","@id":"https:\/\/dev6.erresse-shop.it\/#organization","name":"Erresse Shop","url":"https:\/\/dev6.erresse-shop.it\/","logo":{"@type":"ImageObject","inLanguage":"de","@id":"https:\/\/dev6.erresse-shop.it\/#\/schema\/logo\/image\/","url":"https:\/\/dev6.erresse-shop.it\/wp-content\/uploads\/2025\/01\/LOGO-ERRESSE-CLASSICO.svg","contentUrl":"https:\/\/dev6.erresse-shop.it\/wp-content\/uploads\/2025\/01\/LOGO-ERRESSE-CLASSICO.svg","caption":"Erresse Shop"},"image":{"@id":"https:\/\/dev6.erresse-shop.it\/#\/schema\/logo\/image\/"}}]}},"df_price":"","df_sale_price":"","df_regular_price":"","df_image_link":"https:\/\/i2.wp.com\/interpim.erresse-shop.it\/Import\/Prodotti\/lavazza-216-capsule-a-modo-mio-qualita-rossa.jpg?resize=300,300&ssl=1","fifu_image_url":"https:\/\/interpim.erresse-shop.it\/Import\/Prodotti\/lavazza-216-capsule-a-modo-mio-qualita-rossa.jpg","_links":{"self":[{"href":"https:\/\/dev6.erresse-shop.it\/de\/wp-json\/wp\/v2\/product\/55597","targetHints":{"allow":["GET"]}}],"collection":[{"href":"https:\/\/dev6.erresse-shop.it\/de\/wp-json\/wp\/v2\/product"}],"about":[{"href":"https:\/\/dev6.erresse-shop.it\/de\/wp-json\/wp\/v2\/types\/product"}],"wp:featuredmedia":[{"embeddable":true,"href":"https:\/\/dev6.erresse-shop.it\/de\/wp-json\/wp\/v2\/media\/6368910"}],"wp:attachment":[{"href":"https:\/\/dev6.erresse-shop.it\/de\/wp-json\/wp\/v2\/media?parent=55597"}],"wp:term":[{"taxonomy":"product_cat","embeddable":true,"href":"https:\/\/dev6.erresse-shop.it\/de\/wp-json\/wp\/v2\/product_cat?post=55597"},{"taxonomy":"product_tag","embeddable":true,"href":"https:\/\/dev6.erresse-shop.it\/de\/wp-json\/wp\/v2\/product_tag?post=55597"}],"curies":[{"name":"wp","href":"https:\/\/api.w.org\/{rel}","templated":true}]}}