{"id":55595,"date":"2026-04-12T11:27:21","date_gmt":"2026-04-12T09:27:21","guid":{"rendered":"https:\/\/dev6.erresse-shop.it\/shop\/unkategorisiert\/lavazza-80-kapseln-crema-e-gusto-classico-nespresso-kompatibel\/"},"modified":"2025-07-04T14:17:27","modified_gmt":"2025-07-04T12:17:27","slug":"lavazza-80-kapseln-crema-e-gusto-classico-nespresso-kompatibel","status":"publish","type":"product","link":"https:\/\/dev6.erresse-shop.it\/de\/shop\/kaffe\/kaffeepads-und-kapseln\/lavazza-80-kapseln-crema-e-gusto-classico-nespresso-kompatibel\/","title":{"rendered":"LAVAZZA 80 Kapseln Crema e Gusto Classico Nespresso kompatibel"},"content":{"rendered":"<p>Dieser Kapselkaffee entf\u00fchrt Sie auf eine sensorische Reise zur Entdeckung des authentischen italienischen Lebensstils. Das intensive, umh\u00fcllende Aroma schenkt Ihnen einen Moment des Genusses und der Entspannung, begleitet von authentischen Aromen, die f\u00fcr die verschiedenen italienischen Regionen stehen.<\/p>\n<p>W\u00e4hrend Sie Ihren Kaffee genie\u00dfen, k\u00f6nnen Sie sich auf einer Terrasse mit Blick auf das Meer an der Amalfik\u00fcste oder bei einem Spaziergang durch die Gassen einer malerischen mittelalterlichen Stadt in der Toskana vorstellen.<\/p>\n<p>Die hochwertigen Aluminiumkapseln garantieren den maximalen Erhalt des Geschmacks und des Aromas des italienischen Kaffees und bieten Ihnen ein authentisches und k\u00f6stliches Kaffeeerlebnis, wo immer Sie sich befinden.<\/p>\n<p>Stellen Sie sich vor, Sie \u00f6ffnen eine dieser Kapseln und riechen das intensive, unverwechselbare Aroma von frisch gebr\u00fchtem Kaffee. Sie k\u00f6nnen ihn allein oder in Gesellschaft genie\u00dfen, wie ein echter Italiener, und alle Geschmacksnuancen dieser feinen Mischung entdecken.<\/p>\n<p>Kaffee in Kapseln ist ideal f\u00fcr alle, die es bequem m\u00f6gen, ohne auf die Qualit\u00e4t des italienischen Kaffees verzichten zu m\u00fcssen. Ob Sie zu Hause oder im B\u00fcro, im Urlaub oder auf Reisen sind, Ihr italienischer Kaffee ist immer zur Hand, um Ihnen einen Moment des Genusses und der Entspannung zu schenken.<\/p>\n<p>Einzelheiten zum Produkt:<\/p>\n<p>Intensives Aroma<br \/>\nVollmundiger Geschmack<br \/>\nAromatische Noten Schokolade, Holz, Gew\u00fcrze<br \/>\nZusammensetzung Arabica und Robusta<br \/>\nHerkunft S\u00fcdamerika, Afrika und Asien<br \/>\nMittlere R\u00f6stung<\/p>\n<p>\u00a0<\/p>\n<p>Lavazza ist nicht mit Nespresso verbunden und wird nicht von Nespresso gef\u00f6rdert oder gesponsert.<br \/>\nNescaf\u00e8\u00ae, Dolce Gusto\u00ae und Melody I sind Marken Dritter und stehen in keiner Verbindung zu Luigi Lavazza S.p.A.<\/p>\n","protected":false},"excerpt":{"rendered":"<p>Dieser Kapselkaffee entf\u00fchrt Sie auf eine sensorische Reise zur Entdeckung des authentischen italienischen Lebensstils. Das intensive, umh\u00fcllende Aroma schenkt Ihnen einen Moment des Genusses und der Entspannung, begleitet von authentischen Aromen, die f\u00fcr die verschiedenen italienischen Regionen stehen. W\u00e4hrend Sie Ihren Kaffee genie\u00dfen, k\u00f6nnen Sie sich auf einer Terrasse mit Blick auf das Meer an [&hellip;]<\/p>\n","protected":false},"featured_media":6368909,"template":"","meta":{"_acf_changed":false},"product_cat":[12147],"product_tag":[],"class_list":{"0":"post-55595","1":"product","2":"type-product","3":"status-publish","4":"has-post-thumbnail","6":"product_cat-kaffeepads-und-kapseln","8":"first","9":"instock","10":"taxable","11":"shipping-taxable","12":"product-type-simple","swatches":"rey-swatches","show_selected":"","stretch_labels":"rey-swatches--stretch-labels"},"acf":[],"yoast_head":"<!-- This site is optimized with the Yoast SEO plugin v25.4 - https:\/\/yoast.com\/wordpress\/plugins\/seo\/ -->\n<title>LAVAZZA 80 Kapseln Crema e Gusto Classico Nespresso kompatibel - dev6 Erresse<\/title>\n<meta name=\"description\" content=\"Dieser Kapselkaffee entf\u00fchrt Sie auf eine sensorische Reise zur Entdeckung des authentischen italienischen Lebensstils. Das intensive, umh\u00fcllende Aroma\" \/>\n<meta name=\"robots\" content=\"noindex, follow, max-snippet:-1, max-image-preview:large, max-video-preview:-1\" \/>\n<meta property=\"og:locale\" content=\"de_DE\" \/>\n<meta property=\"og:type\" content=\"article\" \/>\n<meta property=\"og:title\" content=\"LAVAZZA 80 Kapseln Crema e Gusto Classico Nespresso kompatibel - dev6 Erresse\" \/>\n<meta property=\"og:description\" content=\"Dieser Kapselkaffee entf\u00fchrt Sie auf eine sensorische Reise zur Entdeckung des authentischen italienischen Lebensstils. Das intensive, umh\u00fcllende Aroma\" \/>\n<meta property=\"og:url\" content=\"https:\/\/dev6.erresse-shop.it\/de\/shop\/kaffe\/kaffeepads-und-kapseln\/lavazza-80-kapseln-crema-e-gusto-classico-nespresso-kompatibel\/\" \/>\n<meta property=\"og:site_name\" content=\"dev6 Erresse\" \/>\n<meta property=\"og:image\" content=\"https:\/\/interpim.erresse-shop.it\/Import\/Prodotti\/lavazza-80-capsule-crema-e-gusto-classic-compatibile-nespresso.jpg\" \/><meta property=\"og:image\" content=\"https:\/\/interpim.erresse-shop.it\/Import\/Prodotti\/lavazza-80-capsule-crema-e-gusto-classic-compatibile-nespresso.jpg\" \/>\n\t<meta property=\"og:image:width\" content=\"1024\" \/>\n\t<meta property=\"og:image:height\" content=\"1024\" \/>\n\t<meta property=\"og:image:type\" content=\"image\/jpeg\" \/>\n<meta name=\"twitter:card\" content=\"summary_large_image\" \/>\n<meta name=\"twitter:image\" content=\"https:\/\/interpim.erresse-shop.it\/Import\/Prodotti\/lavazza-80-capsule-crema-e-gusto-classic-compatibile-nespresso.jpg\" \/>\n<script type=\"application\/ld+json\" class=\"yoast-schema-graph\">{\"@context\":\"https:\/\/schema.org\",\"@graph\":[{\"@type\":\"WebPage\",\"@id\":\"https:\/\/dev6.erresse-shop.it\/de\/shop\/kaffe\/kaffeepads-und-kapseln\/lavazza-80-kapseln-crema-e-gusto-classico-nespresso-kompatibel\/\",\"url\":\"https:\/\/dev6.erresse-shop.it\/de\/shop\/kaffe\/kaffeepads-und-kapseln\/lavazza-80-kapseln-crema-e-gusto-classico-nespresso-kompatibel\/\",\"name\":\"LAVAZZA 80 Kapseln Crema e Gusto Classico Nespresso kompatibel - dev6 Erresse\",\"isPartOf\":{\"@id\":\"https:\/\/dev6.erresse-shop.it\/#website\"},\"primaryImageOfPage\":{\"@id\":\"https:\/\/dev6.erresse-shop.it\/de\/shop\/kaffe\/kaffeepads-und-kapseln\/lavazza-80-kapseln-crema-e-gusto-classico-nespresso-kompatibel\/#primaryimage\"},\"image\":{\"@id\":\"https:\/\/dev6.erresse-shop.it\/de\/shop\/kaffe\/kaffeepads-und-kapseln\/lavazza-80-kapseln-crema-e-gusto-classico-nespresso-kompatibel\/#primaryimage\"},\"thumbnailUrl\":\"https:\/\/i2.wp.com\/interpim.erresse-shop.it\/Import\/Prodotti\/lavazza-80-capsule-crema-e-gusto-classic-compatibile-nespresso.jpg?ssl=1\",\"datePublished\":\"2026-04-12T09:27:21+00:00\",\"description\":\"Dieser Kapselkaffee entf\u00fchrt Sie auf eine sensorische Reise zur Entdeckung des authentischen italienischen Lebensstils. Das intensive, umh\u00fcllende Aroma\",\"breadcrumb\":{\"@id\":\"https:\/\/dev6.erresse-shop.it\/de\/shop\/kaffe\/kaffeepads-und-kapseln\/lavazza-80-kapseln-crema-e-gusto-classico-nespresso-kompatibel\/#breadcrumb\"},\"inLanguage\":\"de\",\"potentialAction\":[{\"@type\":\"ReadAction\",\"target\":[\"https:\/\/dev6.erresse-shop.it\/de\/shop\/kaffe\/kaffeepads-und-kapseln\/lavazza-80-kapseln-crema-e-gusto-classico-nespresso-kompatibel\/\"]}]},{\"@type\":\"ImageObject\",\"inLanguage\":\"de\",\"@id\":\"https:\/\/dev6.erresse-shop.it\/de\/shop\/kaffe\/kaffeepads-und-kapseln\/lavazza-80-kapseln-crema-e-gusto-classico-nespresso-kompatibel\/#primaryimage\",\"url\":\"https:\/\/i2.wp.com\/interpim.erresse-shop.it\/Import\/Prodotti\/lavazza-80-capsule-crema-e-gusto-classic-compatibile-nespresso.jpg?ssl=1\",\"contentUrl\":\"https:\/\/i2.wp.com\/interpim.erresse-shop.it\/Import\/Prodotti\/lavazza-80-capsule-crema-e-gusto-classic-compatibile-nespresso.jpg?ssl=1\"},{\"@type\":\"BreadcrumbList\",\"@id\":\"https:\/\/dev6.erresse-shop.it\/de\/shop\/kaffe\/kaffeepads-und-kapseln\/lavazza-80-kapseln-crema-e-gusto-classico-nespresso-kompatibel\/#breadcrumb\",\"itemListElement\":[{\"@type\":\"ListItem\",\"position\":1,\"name\":\"Home\",\"item\":\"https:\/\/dev6.erresse-shop.it\/\"},{\"@type\":\"ListItem\",\"position\":2,\"name\":\"Shop\",\"item\":\"https:\/\/dev6.erresse-shop.it\/shop\/\"},{\"@type\":\"ListItem\",\"position\":3,\"name\":\"LAVAZZA 80 Kapseln Crema e Gusto Classico Nespresso kompatibel\"}]},{\"@type\":\"WebSite\",\"@id\":\"https:\/\/dev6.erresse-shop.it\/#website\",\"url\":\"https:\/\/dev6.erresse-shop.it\/\",\"name\":\"Erresse Shop\",\"description\":\"\",\"publisher\":{\"@id\":\"https:\/\/dev6.erresse-shop.it\/#organization\"},\"potentialAction\":[{\"@type\":\"SearchAction\",\"target\":{\"@type\":\"EntryPoint\",\"urlTemplate\":\"https:\/\/dev6.erresse-shop.it\/?s={search_term_string}\"},\"query-input\":{\"@type\":\"PropertyValueSpecification\",\"valueRequired\":true,\"valueName\":\"search_term_string\"}}],\"inLanguage\":\"de\"},{\"@type\":\"Organization\",\"@id\":\"https:\/\/dev6.erresse-shop.it\/#organization\",\"name\":\"Erresse Shop\",\"url\":\"https:\/\/dev6.erresse-shop.it\/\",\"logo\":{\"@type\":\"ImageObject\",\"inLanguage\":\"de\",\"@id\":\"https:\/\/dev6.erresse-shop.it\/#\/schema\/logo\/image\/\",\"url\":\"https:\/\/dev6.erresse-shop.it\/wp-content\/uploads\/2025\/01\/LOGO-ERRESSE-CLASSICO.svg\",\"contentUrl\":\"https:\/\/dev6.erresse-shop.it\/wp-content\/uploads\/2025\/01\/LOGO-ERRESSE-CLASSICO.svg\",\"caption\":\"Erresse Shop\"},\"image\":{\"@id\":\"https:\/\/dev6.erresse-shop.it\/#\/schema\/logo\/image\/\"}}]}<\/script>\n<!-- \/ Yoast SEO plugin. -->","yoast_head_json":{"title":"LAVAZZA 80 Kapseln Crema e Gusto Classico Nespresso kompatibel - dev6 Erresse","description":"Dieser Kapselkaffee entf\u00fchrt Sie auf eine sensorische Reise zur Entdeckung des authentischen italienischen Lebensstils. Das intensive, umh\u00fcllende Aroma","robots":{"index":"noindex","follow":"follow","max-snippet":"max-snippet:-1","max-image-preview":"max-image-preview:large","max-video-preview":"max-video-preview:-1"},"og_locale":"de_DE","og_type":"article","og_title":"LAVAZZA 80 Kapseln Crema e Gusto Classico Nespresso kompatibel - dev6 Erresse","og_description":"Dieser Kapselkaffee entf\u00fchrt Sie auf eine sensorische Reise zur Entdeckung des authentischen italienischen Lebensstils. Das intensive, umh\u00fcllende Aroma","og_url":"https:\/\/dev6.erresse-shop.it\/de\/shop\/kaffe\/kaffeepads-und-kapseln\/lavazza-80-kapseln-crema-e-gusto-classico-nespresso-kompatibel\/","og_site_name":"dev6 Erresse","og_image":[{"url":"https:\/\/interpim.erresse-shop.it\/Import\/Prodotti\/lavazza-80-capsule-crema-e-gusto-classic-compatibile-nespresso.jpg","type":"","width":"","height":""},{"url":"https:\/\/interpim.erresse-shop.it\/Import\/Prodotti\/lavazza-80-capsule-crema-e-gusto-classic-compatibile-nespresso.jpg","width":1024,"height":1024,"type":"image\/jpeg"}],"twitter_card":"summary_large_image","twitter_image":"https:\/\/interpim.erresse-shop.it\/Import\/Prodotti\/lavazza-80-capsule-crema-e-gusto-classic-compatibile-nespresso.jpg","schema":{"@context":"https:\/\/schema.org","@graph":[{"@type":"WebPage","@id":"https:\/\/dev6.erresse-shop.it\/de\/shop\/kaffe\/kaffeepads-und-kapseln\/lavazza-80-kapseln-crema-e-gusto-classico-nespresso-kompatibel\/","url":"https:\/\/dev6.erresse-shop.it\/de\/shop\/kaffe\/kaffeepads-und-kapseln\/lavazza-80-kapseln-crema-e-gusto-classico-nespresso-kompatibel\/","name":"LAVAZZA 80 Kapseln Crema e Gusto Classico Nespresso kompatibel - dev6 Erresse","isPartOf":{"@id":"https:\/\/dev6.erresse-shop.it\/#website"},"primaryImageOfPage":{"@id":"https:\/\/dev6.erresse-shop.it\/de\/shop\/kaffe\/kaffeepads-und-kapseln\/lavazza-80-kapseln-crema-e-gusto-classico-nespresso-kompatibel\/#primaryimage"},"image":{"@id":"https:\/\/dev6.erresse-shop.it\/de\/shop\/kaffe\/kaffeepads-und-kapseln\/lavazza-80-kapseln-crema-e-gusto-classico-nespresso-kompatibel\/#primaryimage"},"thumbnailUrl":"https:\/\/i2.wp.com\/interpim.erresse-shop.it\/Import\/Prodotti\/lavazza-80-capsule-crema-e-gusto-classic-compatibile-nespresso.jpg?ssl=1","datePublished":"2026-04-12T09:27:21+00:00","description":"Dieser Kapselkaffee entf\u00fchrt Sie auf eine sensorische Reise zur Entdeckung des authentischen italienischen Lebensstils. Das intensive, umh\u00fcllende Aroma","breadcrumb":{"@id":"https:\/\/dev6.erresse-shop.it\/de\/shop\/kaffe\/kaffeepads-und-kapseln\/lavazza-80-kapseln-crema-e-gusto-classico-nespresso-kompatibel\/#breadcrumb"},"inLanguage":"de","potentialAction":[{"@type":"ReadAction","target":["https:\/\/dev6.erresse-shop.it\/de\/shop\/kaffe\/kaffeepads-und-kapseln\/lavazza-80-kapseln-crema-e-gusto-classico-nespresso-kompatibel\/"]}]},{"@type":"ImageObject","inLanguage":"de","@id":"https:\/\/dev6.erresse-shop.it\/de\/shop\/kaffe\/kaffeepads-und-kapseln\/lavazza-80-kapseln-crema-e-gusto-classico-nespresso-kompatibel\/#primaryimage","url":"https:\/\/i2.wp.com\/interpim.erresse-shop.it\/Import\/Prodotti\/lavazza-80-capsule-crema-e-gusto-classic-compatibile-nespresso.jpg?ssl=1","contentUrl":"https:\/\/i2.wp.com\/interpim.erresse-shop.it\/Import\/Prodotti\/lavazza-80-capsule-crema-e-gusto-classic-compatibile-nespresso.jpg?ssl=1"},{"@type":"BreadcrumbList","@id":"https:\/\/dev6.erresse-shop.it\/de\/shop\/kaffe\/kaffeepads-und-kapseln\/lavazza-80-kapseln-crema-e-gusto-classico-nespresso-kompatibel\/#breadcrumb","itemListElement":[{"@type":"ListItem","position":1,"name":"Home","item":"https:\/\/dev6.erresse-shop.it\/"},{"@type":"ListItem","position":2,"name":"Shop","item":"https:\/\/dev6.erresse-shop.it\/shop\/"},{"@type":"ListItem","position":3,"name":"LAVAZZA 80 Kapseln Crema e Gusto Classico Nespresso kompatibel"}]},{"@type":"WebSite","@id":"https:\/\/dev6.erresse-shop.it\/#website","url":"https:\/\/dev6.erresse-shop.it\/","name":"Erresse Shop","description":"","publisher":{"@id":"https:\/\/dev6.erresse-shop.it\/#organization"},"potentialAction":[{"@type":"SearchAction","target":{"@type":"EntryPoint","urlTemplate":"https:\/\/dev6.erresse-shop.it\/?s={search_term_string}"},"query-input":{"@type":"PropertyValueSpecification","valueRequired":true,"valueName":"search_term_string"}}],"inLanguage":"de"},{"@type":"Organization","@id":"https:\/\/dev6.erresse-shop.it\/#organization","name":"Erresse Shop","url":"https:\/\/dev6.erresse-shop.it\/","logo":{"@type":"ImageObject","inLanguage":"de","@id":"https:\/\/dev6.erresse-shop.it\/#\/schema\/logo\/image\/","url":"https:\/\/dev6.erresse-shop.it\/wp-content\/uploads\/2025\/01\/LOGO-ERRESSE-CLASSICO.svg","contentUrl":"https:\/\/dev6.erresse-shop.it\/wp-content\/uploads\/2025\/01\/LOGO-ERRESSE-CLASSICO.svg","caption":"Erresse Shop"},"image":{"@id":"https:\/\/dev6.erresse-shop.it\/#\/schema\/logo\/image\/"}}]}},"df_price":"","df_sale_price":"","df_regular_price":"","df_image_link":"https:\/\/i2.wp.com\/interpim.erresse-shop.it\/Import\/Prodotti\/lavazza-80-capsule-crema-e-gusto-classic-compatibile-nespresso.jpg?resize=300,300&ssl=1","fifu_image_url":"https:\/\/interpim.erresse-shop.it\/Import\/Prodotti\/lavazza-80-capsule-crema-e-gusto-classic-compatibile-nespresso.jpg","_links":{"self":[{"href":"https:\/\/dev6.erresse-shop.it\/de\/wp-json\/wp\/v2\/product\/55595","targetHints":{"allow":["GET"]}}],"collection":[{"href":"https:\/\/dev6.erresse-shop.it\/de\/wp-json\/wp\/v2\/product"}],"about":[{"href":"https:\/\/dev6.erresse-shop.it\/de\/wp-json\/wp\/v2\/types\/product"}],"wp:featuredmedia":[{"embeddable":true,"href":"https:\/\/dev6.erresse-shop.it\/de\/wp-json\/wp\/v2\/media\/6368909"}],"wp:attachment":[{"href":"https:\/\/dev6.erresse-shop.it\/de\/wp-json\/wp\/v2\/media?parent=55595"}],"wp:term":[{"taxonomy":"product_cat","embeddable":true,"href":"https:\/\/dev6.erresse-shop.it\/de\/wp-json\/wp\/v2\/product_cat?post=55595"},{"taxonomy":"product_tag","embeddable":true,"href":"https:\/\/dev6.erresse-shop.it\/de\/wp-json\/wp\/v2\/product_tag?post=55595"}],"curies":[{"name":"wp","href":"https:\/\/api.w.org\/{rel}","templated":true}]}}