{"id":55587,"date":"2026-04-12T11:27:21","date_gmt":"2026-04-12T09:27:21","guid":{"rendered":"https:\/\/dev6.erresse-shop.it\/shop\/unkategorisiert\/borbone-100-respresso-red-kapseln\/"},"modified":"2025-07-04T14:17:20","modified_gmt":"2025-07-04T12:17:20","slug":"borbone-100-respresso-red-kapseln","status":"publish","type":"product","link":"https:\/\/dev6.erresse-shop.it\/de\/shop\/kaffe\/kaffeepads-und-kapseln\/borbone-100-respresso-red-kapseln\/","title":{"rendered":"BORBONE 100 REspresso Red-Kapseln"},"content":{"rendered":"<p>100 Kapseln Caff\u00e8 Borbone Respresso-Mischung rot, kompatibel mit Nespresso-Haushaltsmaschinen.<\/p>\n<p>Mit den kompatiblen Kapseln von Respresso Red Blend k\u00f6nnen Sie einen Kaffee mit einem starken und entschlossenen Charakter genie\u00dfen, der pure Energie im Geschmack ist.<br \/>\nG\u00f6nnen Sie Ihrem Gaumen ein intensives Vergn\u00fcgen und entscheiden Sie sich f\u00fcr einen cremigen Espresso mit einem k\u00f6stlich anhaltenden Geschmack, den man nicht vergessen kann.<\/p>\n<p>Einzelheiten zum Produkt<\/p>\n<p>Ger\u00f6steter und gemahlener Kaffee<br \/>\nIn einer Schutzatmosph\u00e4re verpackt<br \/>\n100% ausgew\u00e4hlter Robusta<\/p>\n<p>\u00a0<\/p>\n<p>*Nespresso\u00ae und *Nescaf\u00e9\u00ae *Dolce Gusto\u00ae sind eingetragene Marken der Societ\u00e8 des Produits Nestl\u00e8\u00ae S.A. Caff\u00e8 Borbone Srl ist ein unabh\u00e4ngiger Hersteller, der nicht mit der Societ\u00e8 des Produits Nestl\u00e8\u00ae S.A. verbunden ist. Die Kompatibilit\u00e4t der Caff\u00e8 Borbone Kapseln ist f\u00fcr die Verwendung mit Nespresso\u00ae \u2013 Nescaf\u00e9\u00ae Dolce Gusto\u00ae Kaffeemaschinen f\u00fcr den Heimgebrauch bestimmt.<\/p>\n","protected":false},"excerpt":{"rendered":"<p>100 Kapseln Caff\u00e8 Borbone Respresso-Mischung rot, kompatibel mit Nespresso-Haushaltsmaschinen. Mit den kompatiblen Kapseln von Respresso Red Blend k\u00f6nnen Sie einen Kaffee mit einem starken und entschlossenen Charakter genie\u00dfen, der pure Energie im Geschmack ist. G\u00f6nnen Sie Ihrem Gaumen ein intensives Vergn\u00fcgen und entscheiden Sie sich f\u00fcr einen cremigen Espresso mit einem k\u00f6stlich anhaltenden Geschmack, den [&hellip;]<\/p>\n","protected":false},"featured_media":6368897,"template":"","meta":{"_acf_changed":false},"product_cat":[12147],"product_tag":[],"class_list":{"0":"post-55587","1":"product","2":"type-product","3":"status-publish","4":"has-post-thumbnail","6":"product_cat-kaffeepads-und-kapseln","8":"first","9":"instock","10":"taxable","11":"shipping-taxable","12":"product-type-simple","swatches":"rey-swatches","show_selected":"","stretch_labels":"rey-swatches--stretch-labels"},"acf":[],"yoast_head":"<!-- This site is optimized with the Yoast SEO plugin v25.4 - https:\/\/yoast.com\/wordpress\/plugins\/seo\/ -->\n<title>BORBONE 100 REspresso Red-Kapseln - dev6 Erresse<\/title>\n<meta name=\"description\" content=\"100 Kapseln Caff\u00e8 Borbone Respresso-Mischung rot, kompatibel mit Nespresso-Haushaltsmaschinen. Mit den kompatiblen Kapseln von Respresso Red Blend k\u00f6nnen\" \/>\n<meta name=\"robots\" content=\"noindex, follow, max-snippet:-1, max-image-preview:large, max-video-preview:-1\" \/>\n<meta property=\"og:locale\" content=\"de_DE\" \/>\n<meta property=\"og:type\" content=\"article\" \/>\n<meta property=\"og:title\" content=\"BORBONE 100 REspresso Red-Kapseln - dev6 Erresse\" \/>\n<meta property=\"og:description\" content=\"100 Kapseln Caff\u00e8 Borbone Respresso-Mischung rot, kompatibel mit Nespresso-Haushaltsmaschinen. Mit den kompatiblen Kapseln von Respresso Red Blend k\u00f6nnen\" \/>\n<meta property=\"og:url\" content=\"https:\/\/dev6.erresse-shop.it\/de\/shop\/kaffe\/kaffeepads-und-kapseln\/borbone-100-respresso-red-kapseln\/\" \/>\n<meta property=\"og:site_name\" content=\"dev6 Erresse\" \/>\n<meta property=\"og:image\" content=\"https:\/\/interpim.erresse-shop.it\/Import\/Prodotti\/borbone-100-capsule-respresso-rossa.jpg\" \/><meta property=\"og:image\" content=\"https:\/\/interpim.erresse-shop.it\/Import\/Prodotti\/borbone-100-capsule-respresso-rossa.jpg\" \/>\n\t<meta property=\"og:image:width\" content=\"1024\" \/>\n\t<meta property=\"og:image:height\" content=\"1024\" \/>\n\t<meta property=\"og:image:type\" content=\"image\/jpeg\" \/>\n<meta name=\"twitter:card\" content=\"summary_large_image\" \/>\n<meta name=\"twitter:image\" content=\"https:\/\/interpim.erresse-shop.it\/Import\/Prodotti\/borbone-100-capsule-respresso-rossa.jpg\" \/>\n<script type=\"application\/ld+json\" class=\"yoast-schema-graph\">{\"@context\":\"https:\/\/schema.org\",\"@graph\":[{\"@type\":\"WebPage\",\"@id\":\"https:\/\/dev6.erresse-shop.it\/de\/shop\/kaffe\/kaffeepads-und-kapseln\/borbone-100-respresso-red-kapseln\/\",\"url\":\"https:\/\/dev6.erresse-shop.it\/de\/shop\/kaffe\/kaffeepads-und-kapseln\/borbone-100-respresso-red-kapseln\/\",\"name\":\"BORBONE 100 REspresso Red-Kapseln - dev6 Erresse\",\"isPartOf\":{\"@id\":\"https:\/\/dev6.erresse-shop.it\/#website\"},\"primaryImageOfPage\":{\"@id\":\"https:\/\/dev6.erresse-shop.it\/de\/shop\/kaffe\/kaffeepads-und-kapseln\/borbone-100-respresso-red-kapseln\/#primaryimage\"},\"image\":{\"@id\":\"https:\/\/dev6.erresse-shop.it\/de\/shop\/kaffe\/kaffeepads-und-kapseln\/borbone-100-respresso-red-kapseln\/#primaryimage\"},\"thumbnailUrl\":\"https:\/\/i3.wp.com\/interpim.erresse-shop.it\/Import\/Prodotti\/borbone-100-capsule-respresso-rossa.jpg?ssl=1\",\"datePublished\":\"2026-04-12T09:27:21+00:00\",\"description\":\"100 Kapseln Caff\u00e8 Borbone Respresso-Mischung rot, kompatibel mit Nespresso-Haushaltsmaschinen. Mit den kompatiblen Kapseln von Respresso Red Blend k\u00f6nnen\",\"breadcrumb\":{\"@id\":\"https:\/\/dev6.erresse-shop.it\/de\/shop\/kaffe\/kaffeepads-und-kapseln\/borbone-100-respresso-red-kapseln\/#breadcrumb\"},\"inLanguage\":\"de\",\"potentialAction\":[{\"@type\":\"ReadAction\",\"target\":[\"https:\/\/dev6.erresse-shop.it\/de\/shop\/kaffe\/kaffeepads-und-kapseln\/borbone-100-respresso-red-kapseln\/\"]}]},{\"@type\":\"ImageObject\",\"inLanguage\":\"de\",\"@id\":\"https:\/\/dev6.erresse-shop.it\/de\/shop\/kaffe\/kaffeepads-und-kapseln\/borbone-100-respresso-red-kapseln\/#primaryimage\",\"url\":\"https:\/\/i3.wp.com\/interpim.erresse-shop.it\/Import\/Prodotti\/borbone-100-capsule-respresso-rossa.jpg?ssl=1\",\"contentUrl\":\"https:\/\/i3.wp.com\/interpim.erresse-shop.it\/Import\/Prodotti\/borbone-100-capsule-respresso-rossa.jpg?ssl=1\"},{\"@type\":\"BreadcrumbList\",\"@id\":\"https:\/\/dev6.erresse-shop.it\/de\/shop\/kaffe\/kaffeepads-und-kapseln\/borbone-100-respresso-red-kapseln\/#breadcrumb\",\"itemListElement\":[{\"@type\":\"ListItem\",\"position\":1,\"name\":\"Home\",\"item\":\"https:\/\/dev6.erresse-shop.it\/\"},{\"@type\":\"ListItem\",\"position\":2,\"name\":\"Shop\",\"item\":\"https:\/\/dev6.erresse-shop.it\/shop\/\"},{\"@type\":\"ListItem\",\"position\":3,\"name\":\"BORBONE 100 REspresso Red-Kapseln\"}]},{\"@type\":\"WebSite\",\"@id\":\"https:\/\/dev6.erresse-shop.it\/#website\",\"url\":\"https:\/\/dev6.erresse-shop.it\/\",\"name\":\"Erresse Shop\",\"description\":\"\",\"publisher\":{\"@id\":\"https:\/\/dev6.erresse-shop.it\/#organization\"},\"potentialAction\":[{\"@type\":\"SearchAction\",\"target\":{\"@type\":\"EntryPoint\",\"urlTemplate\":\"https:\/\/dev6.erresse-shop.it\/?s={search_term_string}\"},\"query-input\":{\"@type\":\"PropertyValueSpecification\",\"valueRequired\":true,\"valueName\":\"search_term_string\"}}],\"inLanguage\":\"de\"},{\"@type\":\"Organization\",\"@id\":\"https:\/\/dev6.erresse-shop.it\/#organization\",\"name\":\"Erresse Shop\",\"url\":\"https:\/\/dev6.erresse-shop.it\/\",\"logo\":{\"@type\":\"ImageObject\",\"inLanguage\":\"de\",\"@id\":\"https:\/\/dev6.erresse-shop.it\/#\/schema\/logo\/image\/\",\"url\":\"https:\/\/dev6.erresse-shop.it\/wp-content\/uploads\/2025\/01\/LOGO-ERRESSE-CLASSICO.svg\",\"contentUrl\":\"https:\/\/dev6.erresse-shop.it\/wp-content\/uploads\/2025\/01\/LOGO-ERRESSE-CLASSICO.svg\",\"caption\":\"Erresse Shop\"},\"image\":{\"@id\":\"https:\/\/dev6.erresse-shop.it\/#\/schema\/logo\/image\/\"}}]}<\/script>\n<!-- \/ Yoast SEO plugin. -->","yoast_head_json":{"title":"BORBONE 100 REspresso Red-Kapseln - dev6 Erresse","description":"100 Kapseln Caff\u00e8 Borbone Respresso-Mischung rot, kompatibel mit Nespresso-Haushaltsmaschinen. Mit den kompatiblen Kapseln von Respresso Red Blend k\u00f6nnen","robots":{"index":"noindex","follow":"follow","max-snippet":"max-snippet:-1","max-image-preview":"max-image-preview:large","max-video-preview":"max-video-preview:-1"},"og_locale":"de_DE","og_type":"article","og_title":"BORBONE 100 REspresso Red-Kapseln - dev6 Erresse","og_description":"100 Kapseln Caff\u00e8 Borbone Respresso-Mischung rot, kompatibel mit Nespresso-Haushaltsmaschinen. Mit den kompatiblen Kapseln von Respresso Red Blend k\u00f6nnen","og_url":"https:\/\/dev6.erresse-shop.it\/de\/shop\/kaffe\/kaffeepads-und-kapseln\/borbone-100-respresso-red-kapseln\/","og_site_name":"dev6 Erresse","og_image":[{"url":"https:\/\/interpim.erresse-shop.it\/Import\/Prodotti\/borbone-100-capsule-respresso-rossa.jpg","type":"","width":"","height":""},{"url":"https:\/\/interpim.erresse-shop.it\/Import\/Prodotti\/borbone-100-capsule-respresso-rossa.jpg","width":1024,"height":1024,"type":"image\/jpeg"}],"twitter_card":"summary_large_image","twitter_image":"https:\/\/interpim.erresse-shop.it\/Import\/Prodotti\/borbone-100-capsule-respresso-rossa.jpg","schema":{"@context":"https:\/\/schema.org","@graph":[{"@type":"WebPage","@id":"https:\/\/dev6.erresse-shop.it\/de\/shop\/kaffe\/kaffeepads-und-kapseln\/borbone-100-respresso-red-kapseln\/","url":"https:\/\/dev6.erresse-shop.it\/de\/shop\/kaffe\/kaffeepads-und-kapseln\/borbone-100-respresso-red-kapseln\/","name":"BORBONE 100 REspresso Red-Kapseln - dev6 Erresse","isPartOf":{"@id":"https:\/\/dev6.erresse-shop.it\/#website"},"primaryImageOfPage":{"@id":"https:\/\/dev6.erresse-shop.it\/de\/shop\/kaffe\/kaffeepads-und-kapseln\/borbone-100-respresso-red-kapseln\/#primaryimage"},"image":{"@id":"https:\/\/dev6.erresse-shop.it\/de\/shop\/kaffe\/kaffeepads-und-kapseln\/borbone-100-respresso-red-kapseln\/#primaryimage"},"thumbnailUrl":"https:\/\/i3.wp.com\/interpim.erresse-shop.it\/Import\/Prodotti\/borbone-100-capsule-respresso-rossa.jpg?ssl=1","datePublished":"2026-04-12T09:27:21+00:00","description":"100 Kapseln Caff\u00e8 Borbone Respresso-Mischung rot, kompatibel mit Nespresso-Haushaltsmaschinen. Mit den kompatiblen Kapseln von Respresso Red Blend k\u00f6nnen","breadcrumb":{"@id":"https:\/\/dev6.erresse-shop.it\/de\/shop\/kaffe\/kaffeepads-und-kapseln\/borbone-100-respresso-red-kapseln\/#breadcrumb"},"inLanguage":"de","potentialAction":[{"@type":"ReadAction","target":["https:\/\/dev6.erresse-shop.it\/de\/shop\/kaffe\/kaffeepads-und-kapseln\/borbone-100-respresso-red-kapseln\/"]}]},{"@type":"ImageObject","inLanguage":"de","@id":"https:\/\/dev6.erresse-shop.it\/de\/shop\/kaffe\/kaffeepads-und-kapseln\/borbone-100-respresso-red-kapseln\/#primaryimage","url":"https:\/\/i3.wp.com\/interpim.erresse-shop.it\/Import\/Prodotti\/borbone-100-capsule-respresso-rossa.jpg?ssl=1","contentUrl":"https:\/\/i3.wp.com\/interpim.erresse-shop.it\/Import\/Prodotti\/borbone-100-capsule-respresso-rossa.jpg?ssl=1"},{"@type":"BreadcrumbList","@id":"https:\/\/dev6.erresse-shop.it\/de\/shop\/kaffe\/kaffeepads-und-kapseln\/borbone-100-respresso-red-kapseln\/#breadcrumb","itemListElement":[{"@type":"ListItem","position":1,"name":"Home","item":"https:\/\/dev6.erresse-shop.it\/"},{"@type":"ListItem","position":2,"name":"Shop","item":"https:\/\/dev6.erresse-shop.it\/shop\/"},{"@type":"ListItem","position":3,"name":"BORBONE 100 REspresso Red-Kapseln"}]},{"@type":"WebSite","@id":"https:\/\/dev6.erresse-shop.it\/#website","url":"https:\/\/dev6.erresse-shop.it\/","name":"Erresse Shop","description":"","publisher":{"@id":"https:\/\/dev6.erresse-shop.it\/#organization"},"potentialAction":[{"@type":"SearchAction","target":{"@type":"EntryPoint","urlTemplate":"https:\/\/dev6.erresse-shop.it\/?s={search_term_string}"},"query-input":{"@type":"PropertyValueSpecification","valueRequired":true,"valueName":"search_term_string"}}],"inLanguage":"de"},{"@type":"Organization","@id":"https:\/\/dev6.erresse-shop.it\/#organization","name":"Erresse Shop","url":"https:\/\/dev6.erresse-shop.it\/","logo":{"@type":"ImageObject","inLanguage":"de","@id":"https:\/\/dev6.erresse-shop.it\/#\/schema\/logo\/image\/","url":"https:\/\/dev6.erresse-shop.it\/wp-content\/uploads\/2025\/01\/LOGO-ERRESSE-CLASSICO.svg","contentUrl":"https:\/\/dev6.erresse-shop.it\/wp-content\/uploads\/2025\/01\/LOGO-ERRESSE-CLASSICO.svg","caption":"Erresse Shop"},"image":{"@id":"https:\/\/dev6.erresse-shop.it\/#\/schema\/logo\/image\/"}}]}},"df_price":"","df_sale_price":"","df_regular_price":"","df_image_link":"https:\/\/i3.wp.com\/interpim.erresse-shop.it\/Import\/Prodotti\/borbone-100-capsule-respresso-rossa.jpg?resize=300,300&ssl=1","fifu_image_url":"https:\/\/interpim.erresse-shop.it\/Import\/Prodotti\/borbone-100-capsule-respresso-rossa.jpg","_links":{"self":[{"href":"https:\/\/dev6.erresse-shop.it\/de\/wp-json\/wp\/v2\/product\/55587","targetHints":{"allow":["GET"]}}],"collection":[{"href":"https:\/\/dev6.erresse-shop.it\/de\/wp-json\/wp\/v2\/product"}],"about":[{"href":"https:\/\/dev6.erresse-shop.it\/de\/wp-json\/wp\/v2\/types\/product"}],"wp:featuredmedia":[{"embeddable":true,"href":"https:\/\/dev6.erresse-shop.it\/de\/wp-json\/wp\/v2\/media\/6368897"}],"wp:attachment":[{"href":"https:\/\/dev6.erresse-shop.it\/de\/wp-json\/wp\/v2\/media?parent=55587"}],"wp:term":[{"taxonomy":"product_cat","embeddable":true,"href":"https:\/\/dev6.erresse-shop.it\/de\/wp-json\/wp\/v2\/product_cat?post=55587"},{"taxonomy":"product_tag","embeddable":true,"href":"https:\/\/dev6.erresse-shop.it\/de\/wp-json\/wp\/v2\/product_tag?post=55587"}],"curies":[{"name":"wp","href":"https:\/\/api.w.org\/{rel}","templated":true}]}}