{"id":55561,"date":"2026-04-12T11:25:18","date_gmt":"2026-04-12T09:25:18","guid":{"rendered":"https:\/\/dev6.erresse-shop.it\/shop\/unkategorisiert\/guzzini-blues-besteckset-24-teile-smaragdgruen\/"},"modified":"2025-09-14T02:06:35","modified_gmt":"2025-09-14T00:06:35","slug":"guzzini-blues-besteckset-24-teile-smaragdgruen","status":"publish","type":"product","link":"https:\/\/dev6.erresse-shop.it\/de\/shop\/tisch\/besteck\/guzzini-blues-besteckset-24-teile-smaragdgruen\/","title":{"rendered":"GUZZINI Blues Besteckset 24 Teile smaragdgr\u00fcn"},"content":{"rendered":"<p>Stahlbesteck mit dekoriertem Kunststoffgriff \u201dBlues\u201d bringt Farbe und Fr\u00f6hlichkeit auf den Tisch.<\/p>\n<p>Hochwertiger rostfreier Stahl durchgehend<br \/>\nErgonomisch geformter Kunststoffgriff f\u00fcr leichten und sicheren Halt<br \/>\nLeicht zu reinigen, sp\u00fclmaschinengeeignet<br \/>\nElegante Kombination aus Funktionalit\u00e4t und Stil<br \/>\n6 Gedecke: 6 Gabeln, 6 L\u00f6ffel, 6 Messer<\/p>\n<p>Designer: Angeletti Ruzza<br \/>\nMaterial: Rostfreier Stahl<\/p>\n","protected":false},"excerpt":{"rendered":"<p>Stahlbesteck mit dekoriertem Kunststoffgriff \u201dBlues\u201d bringt Farbe und Fr\u00f6hlichkeit auf den Tisch. Hochwertiger rostfreier Stahl durchgehend Ergonomisch geformter Kunststoffgriff f\u00fcr leichten und sicheren Halt Leicht zu reinigen, sp\u00fclmaschinengeeignet Elegante Kombination aus Funktionalit\u00e4t und Stil 6 Gedecke: 6 Gabeln, 6 L\u00f6ffel, 6 Messer Designer: Angeletti Ruzza Material: Rostfreier Stahl<\/p>\n","protected":false},"featured_media":6368849,"template":"","meta":{"_acf_changed":false},"product_cat":[12104,11671,12103],"product_tag":[],"class_list":{"0":"post-55561","1":"product","2":"type-product","3":"status-publish","4":"has-post-thumbnail","6":"product_cat-besteck","7":"product_cat-tavola","8":"product_cat-tisch","10":"first","11":"instock","12":"sale","13":"taxable","14":"shipping-taxable","15":"purchasable","16":"product-type-simple","swatches":"rey-swatches","show_selected":"","stretch_labels":"rey-swatches--stretch-labels"},"acf":[],"yoast_head":"<!-- This site is optimized with the Yoast SEO plugin v25.4 - https:\/\/yoast.com\/wordpress\/plugins\/seo\/ -->\n<title>GUZZINI Blues Besteckset 24 Teile smaragdgr\u00fcn - dev6 Erresse<\/title>\n<meta name=\"description\" content=\"Stahlbesteck mit dekoriertem Kunststoffgriff \u201dBlues\u201d bringt Farbe und Fr\u00f6hlichkeit auf den Tisch. Hochwertiger rostfreier Stahl durchgehend Ergonomisch\" \/>\n<meta name=\"robots\" content=\"noindex, follow, max-snippet:-1, max-image-preview:large, max-video-preview:-1\" \/>\n<meta property=\"og:locale\" content=\"de_DE\" \/>\n<meta property=\"og:type\" content=\"article\" \/>\n<meta property=\"og:title\" content=\"GUZZINI Blues Besteckset 24 Teile smaragdgr\u00fcn - dev6 Erresse\" \/>\n<meta property=\"og:description\" content=\"Stahlbesteck mit dekoriertem Kunststoffgriff \u201dBlues\u201d bringt Farbe und Fr\u00f6hlichkeit auf den Tisch. Hochwertiger rostfreier Stahl durchgehend Ergonomisch\" \/>\n<meta property=\"og:url\" content=\"https:\/\/dev6.erresse-shop.it\/de\/shop\/tisch\/besteck\/guzzini-blues-besteckset-24-teile-smaragdgruen\/\" \/>\n<meta property=\"og:site_name\" content=\"dev6 Erresse\" \/>\n<meta property=\"og:image\" content=\"https:\/\/interpim.erresse-shop.it\/Import\/Prodotti\/guzzini-blues-set-posate-24-pezzi-smeraldo.jpg\" \/><meta property=\"og:image\" content=\"https:\/\/interpim.erresse-shop.it\/Import\/Prodotti\/guzzini-blues-set-posate-24-pezzi-smeraldo.jpg\" \/>\n\t<meta property=\"og:image:width\" content=\"1024\" \/>\n\t<meta property=\"og:image:height\" content=\"1024\" \/>\n\t<meta property=\"og:image:type\" content=\"image\/jpeg\" \/>\n<meta name=\"twitter:card\" content=\"summary_large_image\" \/>\n<meta name=\"twitter:image\" content=\"https:\/\/interpim.erresse-shop.it\/Import\/Prodotti\/guzzini-blues-set-posate-24-pezzi-smeraldo.jpg\" \/>\n<script type=\"application\/ld+json\" class=\"yoast-schema-graph\">{\"@context\":\"https:\/\/schema.org\",\"@graph\":[{\"@type\":\"WebPage\",\"@id\":\"https:\/\/dev6.erresse-shop.it\/de\/shop\/tisch\/besteck\/guzzini-blues-besteckset-24-teile-smaragdgruen\/\",\"url\":\"https:\/\/dev6.erresse-shop.it\/de\/shop\/tisch\/besteck\/guzzini-blues-besteckset-24-teile-smaragdgruen\/\",\"name\":\"GUZZINI Blues Besteckset 24 Teile smaragdgr\u00fcn - dev6 Erresse\",\"isPartOf\":{\"@id\":\"https:\/\/dev6.erresse-shop.it\/#website\"},\"primaryImageOfPage\":{\"@id\":\"https:\/\/dev6.erresse-shop.it\/de\/shop\/tisch\/besteck\/guzzini-blues-besteckset-24-teile-smaragdgruen\/#primaryimage\"},\"image\":{\"@id\":\"https:\/\/dev6.erresse-shop.it\/de\/shop\/tisch\/besteck\/guzzini-blues-besteckset-24-teile-smaragdgruen\/#primaryimage\"},\"thumbnailUrl\":\"https:\/\/i2.wp.com\/interpim.erresse-shop.it\/Import\/Prodotti\/guzzini-blues-set-posate-24-pezzi-smeraldo.jpg?ssl=1\",\"datePublished\":\"2026-04-12T09:25:18+00:00\",\"description\":\"Stahlbesteck mit dekoriertem Kunststoffgriff \u201dBlues\u201d bringt Farbe und Fr\u00f6hlichkeit auf den Tisch. Hochwertiger rostfreier Stahl durchgehend Ergonomisch\",\"breadcrumb\":{\"@id\":\"https:\/\/dev6.erresse-shop.it\/de\/shop\/tisch\/besteck\/guzzini-blues-besteckset-24-teile-smaragdgruen\/#breadcrumb\"},\"inLanguage\":\"de\",\"potentialAction\":[{\"@type\":\"ReadAction\",\"target\":[\"https:\/\/dev6.erresse-shop.it\/de\/shop\/tisch\/besteck\/guzzini-blues-besteckset-24-teile-smaragdgruen\/\"]}]},{\"@type\":\"ImageObject\",\"inLanguage\":\"de\",\"@id\":\"https:\/\/dev6.erresse-shop.it\/de\/shop\/tisch\/besteck\/guzzini-blues-besteckset-24-teile-smaragdgruen\/#primaryimage\",\"url\":\"https:\/\/i2.wp.com\/interpim.erresse-shop.it\/Import\/Prodotti\/guzzini-blues-set-posate-24-pezzi-smeraldo.jpg?ssl=1\",\"contentUrl\":\"https:\/\/i2.wp.com\/interpim.erresse-shop.it\/Import\/Prodotti\/guzzini-blues-set-posate-24-pezzi-smeraldo.jpg?ssl=1\"},{\"@type\":\"BreadcrumbList\",\"@id\":\"https:\/\/dev6.erresse-shop.it\/de\/shop\/tisch\/besteck\/guzzini-blues-besteckset-24-teile-smaragdgruen\/#breadcrumb\",\"itemListElement\":[{\"@type\":\"ListItem\",\"position\":1,\"name\":\"Home\",\"item\":\"https:\/\/dev6.erresse-shop.it\/\"},{\"@type\":\"ListItem\",\"position\":2,\"name\":\"Shop\",\"item\":\"https:\/\/dev6.erresse-shop.it\/shop\/\"},{\"@type\":\"ListItem\",\"position\":3,\"name\":\"GUZZINI Blues Besteckset 24 Teile smaragdgr\u00fcn\"}]},{\"@type\":\"WebSite\",\"@id\":\"https:\/\/dev6.erresse-shop.it\/#website\",\"url\":\"https:\/\/dev6.erresse-shop.it\/\",\"name\":\"Erresse Shop\",\"description\":\"\",\"publisher\":{\"@id\":\"https:\/\/dev6.erresse-shop.it\/#organization\"},\"potentialAction\":[{\"@type\":\"SearchAction\",\"target\":{\"@type\":\"EntryPoint\",\"urlTemplate\":\"https:\/\/dev6.erresse-shop.it\/?s={search_term_string}\"},\"query-input\":{\"@type\":\"PropertyValueSpecification\",\"valueRequired\":true,\"valueName\":\"search_term_string\"}}],\"inLanguage\":\"de\"},{\"@type\":\"Organization\",\"@id\":\"https:\/\/dev6.erresse-shop.it\/#organization\",\"name\":\"Erresse Shop\",\"url\":\"https:\/\/dev6.erresse-shop.it\/\",\"logo\":{\"@type\":\"ImageObject\",\"inLanguage\":\"de\",\"@id\":\"https:\/\/dev6.erresse-shop.it\/#\/schema\/logo\/image\/\",\"url\":\"https:\/\/dev6.erresse-shop.it\/wp-content\/uploads\/2025\/01\/LOGO-ERRESSE-CLASSICO.svg\",\"contentUrl\":\"https:\/\/dev6.erresse-shop.it\/wp-content\/uploads\/2025\/01\/LOGO-ERRESSE-CLASSICO.svg\",\"caption\":\"Erresse Shop\"},\"image\":{\"@id\":\"https:\/\/dev6.erresse-shop.it\/#\/schema\/logo\/image\/\"}}]}<\/script>\n<!-- \/ Yoast SEO plugin. -->","yoast_head_json":{"title":"GUZZINI Blues Besteckset 24 Teile smaragdgr\u00fcn - dev6 Erresse","description":"Stahlbesteck mit dekoriertem Kunststoffgriff \u201dBlues\u201d bringt Farbe und Fr\u00f6hlichkeit auf den Tisch. Hochwertiger rostfreier Stahl durchgehend Ergonomisch","robots":{"index":"noindex","follow":"follow","max-snippet":"max-snippet:-1","max-image-preview":"max-image-preview:large","max-video-preview":"max-video-preview:-1"},"og_locale":"de_DE","og_type":"article","og_title":"GUZZINI Blues Besteckset 24 Teile smaragdgr\u00fcn - dev6 Erresse","og_description":"Stahlbesteck mit dekoriertem Kunststoffgriff \u201dBlues\u201d bringt Farbe und Fr\u00f6hlichkeit auf den Tisch. Hochwertiger rostfreier Stahl durchgehend Ergonomisch","og_url":"https:\/\/dev6.erresse-shop.it\/de\/shop\/tisch\/besteck\/guzzini-blues-besteckset-24-teile-smaragdgruen\/","og_site_name":"dev6 Erresse","og_image":[{"url":"https:\/\/interpim.erresse-shop.it\/Import\/Prodotti\/guzzini-blues-set-posate-24-pezzi-smeraldo.jpg","type":"","width":"","height":""},{"url":"https:\/\/interpim.erresse-shop.it\/Import\/Prodotti\/guzzini-blues-set-posate-24-pezzi-smeraldo.jpg","width":1024,"height":1024,"type":"image\/jpeg"}],"twitter_card":"summary_large_image","twitter_image":"https:\/\/interpim.erresse-shop.it\/Import\/Prodotti\/guzzini-blues-set-posate-24-pezzi-smeraldo.jpg","schema":{"@context":"https:\/\/schema.org","@graph":[{"@type":"WebPage","@id":"https:\/\/dev6.erresse-shop.it\/de\/shop\/tisch\/besteck\/guzzini-blues-besteckset-24-teile-smaragdgruen\/","url":"https:\/\/dev6.erresse-shop.it\/de\/shop\/tisch\/besteck\/guzzini-blues-besteckset-24-teile-smaragdgruen\/","name":"GUZZINI Blues Besteckset 24 Teile smaragdgr\u00fcn - dev6 Erresse","isPartOf":{"@id":"https:\/\/dev6.erresse-shop.it\/#website"},"primaryImageOfPage":{"@id":"https:\/\/dev6.erresse-shop.it\/de\/shop\/tisch\/besteck\/guzzini-blues-besteckset-24-teile-smaragdgruen\/#primaryimage"},"image":{"@id":"https:\/\/dev6.erresse-shop.it\/de\/shop\/tisch\/besteck\/guzzini-blues-besteckset-24-teile-smaragdgruen\/#primaryimage"},"thumbnailUrl":"https:\/\/i2.wp.com\/interpim.erresse-shop.it\/Import\/Prodotti\/guzzini-blues-set-posate-24-pezzi-smeraldo.jpg?ssl=1","datePublished":"2026-04-12T09:25:18+00:00","description":"Stahlbesteck mit dekoriertem Kunststoffgriff \u201dBlues\u201d bringt Farbe und Fr\u00f6hlichkeit auf den Tisch. Hochwertiger rostfreier Stahl durchgehend Ergonomisch","breadcrumb":{"@id":"https:\/\/dev6.erresse-shop.it\/de\/shop\/tisch\/besteck\/guzzini-blues-besteckset-24-teile-smaragdgruen\/#breadcrumb"},"inLanguage":"de","potentialAction":[{"@type":"ReadAction","target":["https:\/\/dev6.erresse-shop.it\/de\/shop\/tisch\/besteck\/guzzini-blues-besteckset-24-teile-smaragdgruen\/"]}]},{"@type":"ImageObject","inLanguage":"de","@id":"https:\/\/dev6.erresse-shop.it\/de\/shop\/tisch\/besteck\/guzzini-blues-besteckset-24-teile-smaragdgruen\/#primaryimage","url":"https:\/\/i2.wp.com\/interpim.erresse-shop.it\/Import\/Prodotti\/guzzini-blues-set-posate-24-pezzi-smeraldo.jpg?ssl=1","contentUrl":"https:\/\/i2.wp.com\/interpim.erresse-shop.it\/Import\/Prodotti\/guzzini-blues-set-posate-24-pezzi-smeraldo.jpg?ssl=1"},{"@type":"BreadcrumbList","@id":"https:\/\/dev6.erresse-shop.it\/de\/shop\/tisch\/besteck\/guzzini-blues-besteckset-24-teile-smaragdgruen\/#breadcrumb","itemListElement":[{"@type":"ListItem","position":1,"name":"Home","item":"https:\/\/dev6.erresse-shop.it\/"},{"@type":"ListItem","position":2,"name":"Shop","item":"https:\/\/dev6.erresse-shop.it\/shop\/"},{"@type":"ListItem","position":3,"name":"GUZZINI Blues Besteckset 24 Teile smaragdgr\u00fcn"}]},{"@type":"WebSite","@id":"https:\/\/dev6.erresse-shop.it\/#website","url":"https:\/\/dev6.erresse-shop.it\/","name":"Erresse Shop","description":"","publisher":{"@id":"https:\/\/dev6.erresse-shop.it\/#organization"},"potentialAction":[{"@type":"SearchAction","target":{"@type":"EntryPoint","urlTemplate":"https:\/\/dev6.erresse-shop.it\/?s={search_term_string}"},"query-input":{"@type":"PropertyValueSpecification","valueRequired":true,"valueName":"search_term_string"}}],"inLanguage":"de"},{"@type":"Organization","@id":"https:\/\/dev6.erresse-shop.it\/#organization","name":"Erresse Shop","url":"https:\/\/dev6.erresse-shop.it\/","logo":{"@type":"ImageObject","inLanguage":"de","@id":"https:\/\/dev6.erresse-shop.it\/#\/schema\/logo\/image\/","url":"https:\/\/dev6.erresse-shop.it\/wp-content\/uploads\/2025\/01\/LOGO-ERRESSE-CLASSICO.svg","contentUrl":"https:\/\/dev6.erresse-shop.it\/wp-content\/uploads\/2025\/01\/LOGO-ERRESSE-CLASSICO.svg","caption":"Erresse Shop"},"image":{"@id":"https:\/\/dev6.erresse-shop.it\/#\/schema\/logo\/image\/"}}]}},"df_price":64.95,"df_sale_price":64.95,"df_regular_price":79.9,"df_image_link":"https:\/\/i2.wp.com\/interpim.erresse-shop.it\/Import\/Prodotti\/guzzini-blues-set-posate-24-pezzi-smeraldo.jpg?resize=300,300&ssl=1","fifu_image_url":"https:\/\/interpim.erresse-shop.it\/Import\/Prodotti\/guzzini-blues-set-posate-24-pezzi-smeraldo.jpg","_links":{"self":[{"href":"https:\/\/dev6.erresse-shop.it\/de\/wp-json\/wp\/v2\/product\/55561","targetHints":{"allow":["GET"]}}],"collection":[{"href":"https:\/\/dev6.erresse-shop.it\/de\/wp-json\/wp\/v2\/product"}],"about":[{"href":"https:\/\/dev6.erresse-shop.it\/de\/wp-json\/wp\/v2\/types\/product"}],"wp:featuredmedia":[{"embeddable":true,"href":"https:\/\/dev6.erresse-shop.it\/de\/wp-json\/wp\/v2\/media\/6368849"}],"wp:attachment":[{"href":"https:\/\/dev6.erresse-shop.it\/de\/wp-json\/wp\/v2\/media?parent=55561"}],"wp:term":[{"taxonomy":"product_cat","embeddable":true,"href":"https:\/\/dev6.erresse-shop.it\/de\/wp-json\/wp\/v2\/product_cat?post=55561"},{"taxonomy":"product_tag","embeddable":true,"href":"https:\/\/dev6.erresse-shop.it\/de\/wp-json\/wp\/v2\/product_tag?post=55561"}],"curies":[{"name":"wp","href":"https:\/\/api.w.org\/{rel}","templated":true}]}}