{"id":55539,"date":"2026-04-10T12:03:51","date_gmt":"2026-04-10T10:03:51","guid":{"rendered":"https:\/\/dev6.erresse-shop.it\/shop\/unkategorisiert\/smeg-dolce-gabbana-blauer-kessel\/"},"modified":"2025-07-04T14:16:38","modified_gmt":"2025-07-04T12:16:38","slug":"smeg-dolce-gabbana-blauer-kessel","status":"publish","type":"product","link":"https:\/\/dev6.erresse-shop.it\/de\/shop\/kleine-elektrogeraete\/elektrische-wasserkocher\/smeg-dolce-gabbana-blauer-kessel\/","title":{"rendered":"SMEG Dolce &#038; Gabbana Blauer Kessel"},"content":{"rendered":"<p>SMEG50er-Serie<\/p>\n<p>Symbolische Besprechungsobjekte, Ikonen, die den Raum, den sie einnehmen, verwandeln, die neuen kleinen Objekte aus der Anni \u201950s-Linie, die in Zusammenarbeit mit Matteo Bazzicalupo und Raffaella Mangiarotti von deepdesign entworfen wurden, erinnern an andere Zeiten und pr\u00e4gen allt\u00e4gliche Orte, indem sie ihnen eine neue Bedeutung verleihen existiert bereits oder hat existiert, wie es in der Kunst und im Ged\u00e4chtnis geschieht.<br \/>\nProdukte mit abgerundeten und kompakten Formen sind die Protagonisten der K\u00fcche und wurden f\u00fcr diejenigen entwickelt, die das Erlebnis eines Kochs erleben m\u00f6chten, aber nicht nur das. F\u00fcr diejenigen, die es lieben, sich mit Objekten mit starkem \u00e4sthetischen Charakter zu umgeben, ohne dabei die hohe Qualit\u00e4t aus den Augen zu verlieren.<\/p>\n<p>LEISTUNG UND STIL<br \/>\nMit seiner Mischung aus Technologie und leichtem Retro-Stil macht der Smeg-Wasserkocher jeden Moment zu etwas Besonderem, vom Fr\u00fchst\u00fcck bis zum F\u00fcnf-Uhr-Tee, von einer kurzen Pause bis zur abendlichen Entspannung. Im Handumdrehen erhitzt er das Wasser pr\u00e4zise und effizient. Und selbst wenn Sie es nicht benutzen, ist es eine Schande, es zu verstecken, denn es verleiht der K\u00fcche die Harmonie seiner Formen und seiner urspr\u00fcnglichen Farbe.<\/p>\n<p>MAXIMALE EFFIZIENZ<br \/>\nIm Handumdrehen erhitzt er das Wasser pr\u00e4zise und effizient. Schnell, sicher, zuverl\u00e4ssig, mit einem Fassungsverm\u00f6gen von 1,7 l, einem Edelstahlgeh\u00e4use, einer praktischen Basis mit rutschfesten F\u00fc\u00dfen und einem herausnehmbaren und waschbaren Antikalkfilter aus Edelstahl.<\/p>\n<p>\u00c4STHETIK\n<\/p>\n<p>Dolce&amp;Gabbana und Smeg vereinen ihre k\u00fcnstlerischen Seelen und kreieren einzigartige, originelle Designs Made in Italy wie Blu Mediterraneo. Die neue Kollektion von Kleinger\u00e4ten wird von Smeg mit dem Design von Matteo Bazzicalupo und Raffaella Mangiarotti (deepdesign) und der unverwechselbaren Kreativit\u00e4t von Dolce&amp;Gabbana entworfen.<\/p>\n<p>Farbe: Dekoriert \/ Speziell<br \/>\nDekor \/ Sonderfarbe: Mittelmeerblau<br \/>\nFinish: Poliert<br \/>\n\u00c4sthetik: Stil der 50er Jahre<br \/>\nSerie: Mittelmeerblau<br \/>\nKooperationen: Smeg &amp; Dolce &amp; Gabbana<br \/>\nGrundfarbe: Poliertes Chrom<br \/>\nGrifffarbe: Chrom<br \/>\nAuslauffarbe: Polierter Stahl<br \/>\nFarbe des Netzkabels: Grau<br \/>\nGeh\u00e4usematerial: Edelstahl<br \/>\nGrundmaterial: Kunststoff<br \/>\nDeckelmaterial: Edelstahl<br \/>\nGriffmaterial: Kunststoff<br \/>\nAusgussmaterial: Edelstahl<br \/>\nLogotyp: Integriert<\/p>\n<p>TECHNISCHE EIGENSCHAFTEN<\/p>\n<p>Maximale Kapazit\u00e4t: 1,7 l \/ 7 Tassen<br \/>\nWasserstandsanzeige: Ja<br \/>\nDeckel\u00f6ffnung: Soft Opening<br \/>\nFilter: Ja<br \/>\nFiltermaterial: Edelstahl<br \/>\nEntkalker: Ja<br \/>\nAbnehmbar: Ja<br \/>\nAutomatische Abschaltung: Ja, bei 100\u00b0 C<br \/>\nAutomatische Sicherheitsabschaltung: Ja<br \/>\nVerstecktes Heizelement: Ja<br \/>\nIntegrierte Kabelaufwicklung: Ja<br \/>\nAnti-Rutsch-Unterseite: Ja<br \/>\nBasis mit 360\u00b0-Verbindung: Ja<\/p>\n<p>Nicht zum Verkauf au\u00dferhalb Europas<\/p>\n","protected":false},"excerpt":{"rendered":"<p>SMEG50er-Serie Symbolische Besprechungsobjekte, Ikonen, die den Raum, den sie einnehmen, verwandeln, die neuen kleinen Objekte aus der Anni \u201950s-Linie, die in Zusammenarbeit mit Matteo Bazzicalupo und Raffaella Mangiarotti von deepdesign entworfen wurden, erinnern an andere Zeiten und pr\u00e4gen allt\u00e4gliche Orte, indem sie ihnen eine neue Bedeutung verleihen existiert bereits oder hat existiert, wie es in [&hellip;]<\/p>\n","protected":false},"featured_media":6327176,"template":"","meta":{"_acf_changed":false},"product_cat":[12166,12163],"product_tag":[],"class_list":{"0":"post-55539","1":"product","2":"type-product","3":"status-publish","4":"has-post-thumbnail","6":"product_cat-elektrische-wasserkocher","7":"product_cat-kleine-elektrogeraete","9":"first","10":"instock","11":"sale","12":"taxable","13":"shipping-taxable","14":"purchasable","15":"product-type-simple","swatches":"rey-swatches","show_selected":"","stretch_labels":"rey-swatches--stretch-labels"},"acf":[],"yoast_head":"<!-- This site is optimized with the Yoast SEO plugin v25.4 - https:\/\/yoast.com\/wordpress\/plugins\/seo\/ -->\n<title>SMEG Dolce &#038; Gabbana Blauer Kessel - dev6 Erresse<\/title>\n<meta name=\"description\" content=\"SMEG50er-Serie Symbolische Besprechungsobjekte, Ikonen, die den Raum, den sie einnehmen, verwandeln, die neuen kleinen Objekte aus der Anni \u201950s-Linie,\" \/>\n<meta name=\"robots\" content=\"noindex, follow, max-snippet:-1, max-image-preview:large, max-video-preview:-1\" \/>\n<meta property=\"og:locale\" content=\"de_DE\" \/>\n<meta property=\"og:type\" content=\"article\" \/>\n<meta property=\"og:title\" content=\"SMEG Dolce &#038; Gabbana Blauer Kessel - dev6 Erresse\" \/>\n<meta property=\"og:description\" content=\"SMEG50er-Serie Symbolische Besprechungsobjekte, Ikonen, die den Raum, den sie einnehmen, verwandeln, die neuen kleinen Objekte aus der Anni \u201950s-Linie,\" \/>\n<meta property=\"og:url\" content=\"https:\/\/dev6.erresse-shop.it\/de\/shop\/kleine-elektrogeraete\/elektrische-wasserkocher\/smeg-dolce-gabbana-blauer-kessel\/\" \/>\n<meta property=\"og:site_name\" content=\"dev6 Erresse\" \/>\n<meta property=\"og:image\" content=\"https:\/\/interpim.erresse-shop.it\/img-catalogo\/smeg\/smeg-dolce-gabbana-bollitore-blu.jpg\" \/><meta property=\"og:image\" content=\"https:\/\/interpim.erresse-shop.it\/img-catalogo\/smeg\/smeg-dolce-gabbana-bollitore-blu.jpg\" \/>\n\t<meta property=\"og:image:width\" content=\"1024\" \/>\n\t<meta property=\"og:image:height\" content=\"1024\" \/>\n\t<meta property=\"og:image:type\" content=\"image\/jpeg\" \/>\n<meta name=\"twitter:card\" content=\"summary_large_image\" \/>\n<meta name=\"twitter:image\" content=\"https:\/\/interpim.erresse-shop.it\/img-catalogo\/smeg\/smeg-dolce-gabbana-bollitore-blu.jpg\" \/>\n<script type=\"application\/ld+json\" class=\"yoast-schema-graph\">{\"@context\":\"https:\/\/schema.org\",\"@graph\":[{\"@type\":\"WebPage\",\"@id\":\"https:\/\/dev6.erresse-shop.it\/de\/shop\/kleine-elektrogeraete\/elektrische-wasserkocher\/smeg-dolce-gabbana-blauer-kessel\/\",\"url\":\"https:\/\/dev6.erresse-shop.it\/de\/shop\/kleine-elektrogeraete\/elektrische-wasserkocher\/smeg-dolce-gabbana-blauer-kessel\/\",\"name\":\"SMEG Dolce &#038; Gabbana Blauer Kessel - dev6 Erresse\",\"isPartOf\":{\"@id\":\"https:\/\/dev6.erresse-shop.it\/#website\"},\"primaryImageOfPage\":{\"@id\":\"https:\/\/dev6.erresse-shop.it\/de\/shop\/kleine-elektrogeraete\/elektrische-wasserkocher\/smeg-dolce-gabbana-blauer-kessel\/#primaryimage\"},\"image\":{\"@id\":\"https:\/\/dev6.erresse-shop.it\/de\/shop\/kleine-elektrogeraete\/elektrische-wasserkocher\/smeg-dolce-gabbana-blauer-kessel\/#primaryimage\"},\"thumbnailUrl\":\"https:\/\/i1.wp.com\/interpim.erresse-shop.it\/img-catalogo\/smeg\/smeg-dolce-gabbana-bollitore-blu.jpg?ssl=1\",\"datePublished\":\"2026-04-10T10:03:51+00:00\",\"description\":\"SMEG50er-Serie Symbolische Besprechungsobjekte, Ikonen, die den Raum, den sie einnehmen, verwandeln, die neuen kleinen Objekte aus der Anni \u201950s-Linie,\",\"breadcrumb\":{\"@id\":\"https:\/\/dev6.erresse-shop.it\/de\/shop\/kleine-elektrogeraete\/elektrische-wasserkocher\/smeg-dolce-gabbana-blauer-kessel\/#breadcrumb\"},\"inLanguage\":\"de\",\"potentialAction\":[{\"@type\":\"ReadAction\",\"target\":[\"https:\/\/dev6.erresse-shop.it\/de\/shop\/kleine-elektrogeraete\/elektrische-wasserkocher\/smeg-dolce-gabbana-blauer-kessel\/\"]}]},{\"@type\":\"ImageObject\",\"inLanguage\":\"de\",\"@id\":\"https:\/\/dev6.erresse-shop.it\/de\/shop\/kleine-elektrogeraete\/elektrische-wasserkocher\/smeg-dolce-gabbana-blauer-kessel\/#primaryimage\",\"url\":\"https:\/\/i1.wp.com\/interpim.erresse-shop.it\/img-catalogo\/smeg\/smeg-dolce-gabbana-bollitore-blu.jpg?ssl=1\",\"contentUrl\":\"https:\/\/i1.wp.com\/interpim.erresse-shop.it\/img-catalogo\/smeg\/smeg-dolce-gabbana-bollitore-blu.jpg?ssl=1\"},{\"@type\":\"BreadcrumbList\",\"@id\":\"https:\/\/dev6.erresse-shop.it\/de\/shop\/kleine-elektrogeraete\/elektrische-wasserkocher\/smeg-dolce-gabbana-blauer-kessel\/#breadcrumb\",\"itemListElement\":[{\"@type\":\"ListItem\",\"position\":1,\"name\":\"Home\",\"item\":\"https:\/\/dev6.erresse-shop.it\/\"},{\"@type\":\"ListItem\",\"position\":2,\"name\":\"Shop\",\"item\":\"https:\/\/dev6.erresse-shop.it\/shop\/\"},{\"@type\":\"ListItem\",\"position\":3,\"name\":\"SMEG Dolce &#038; Gabbana Blauer Kessel\"}]},{\"@type\":\"WebSite\",\"@id\":\"https:\/\/dev6.erresse-shop.it\/#website\",\"url\":\"https:\/\/dev6.erresse-shop.it\/\",\"name\":\"Erresse Shop\",\"description\":\"\",\"publisher\":{\"@id\":\"https:\/\/dev6.erresse-shop.it\/#organization\"},\"potentialAction\":[{\"@type\":\"SearchAction\",\"target\":{\"@type\":\"EntryPoint\",\"urlTemplate\":\"https:\/\/dev6.erresse-shop.it\/?s={search_term_string}\"},\"query-input\":{\"@type\":\"PropertyValueSpecification\",\"valueRequired\":true,\"valueName\":\"search_term_string\"}}],\"inLanguage\":\"de\"},{\"@type\":\"Organization\",\"@id\":\"https:\/\/dev6.erresse-shop.it\/#organization\",\"name\":\"Erresse Shop\",\"url\":\"https:\/\/dev6.erresse-shop.it\/\",\"logo\":{\"@type\":\"ImageObject\",\"inLanguage\":\"de\",\"@id\":\"https:\/\/dev6.erresse-shop.it\/#\/schema\/logo\/image\/\",\"url\":\"https:\/\/dev6.erresse-shop.it\/wp-content\/uploads\/2025\/01\/LOGO-ERRESSE-CLASSICO.svg\",\"contentUrl\":\"https:\/\/dev6.erresse-shop.it\/wp-content\/uploads\/2025\/01\/LOGO-ERRESSE-CLASSICO.svg\",\"caption\":\"Erresse Shop\"},\"image\":{\"@id\":\"https:\/\/dev6.erresse-shop.it\/#\/schema\/logo\/image\/\"}}]}<\/script>\n<!-- \/ Yoast SEO plugin. -->","yoast_head_json":{"title":"SMEG Dolce &#038; Gabbana Blauer Kessel - dev6 Erresse","description":"SMEG50er-Serie Symbolische Besprechungsobjekte, Ikonen, die den Raum, den sie einnehmen, verwandeln, die neuen kleinen Objekte aus der Anni \u201950s-Linie,","robots":{"index":"noindex","follow":"follow","max-snippet":"max-snippet:-1","max-image-preview":"max-image-preview:large","max-video-preview":"max-video-preview:-1"},"og_locale":"de_DE","og_type":"article","og_title":"SMEG Dolce &#038; Gabbana Blauer Kessel - dev6 Erresse","og_description":"SMEG50er-Serie Symbolische Besprechungsobjekte, Ikonen, die den Raum, den sie einnehmen, verwandeln, die neuen kleinen Objekte aus der Anni \u201950s-Linie,","og_url":"https:\/\/dev6.erresse-shop.it\/de\/shop\/kleine-elektrogeraete\/elektrische-wasserkocher\/smeg-dolce-gabbana-blauer-kessel\/","og_site_name":"dev6 Erresse","og_image":[{"url":"https:\/\/interpim.erresse-shop.it\/img-catalogo\/smeg\/smeg-dolce-gabbana-bollitore-blu.jpg","type":"","width":"","height":""},{"url":"https:\/\/interpim.erresse-shop.it\/img-catalogo\/smeg\/smeg-dolce-gabbana-bollitore-blu.jpg","width":1024,"height":1024,"type":"image\/jpeg"}],"twitter_card":"summary_large_image","twitter_image":"https:\/\/interpim.erresse-shop.it\/img-catalogo\/smeg\/smeg-dolce-gabbana-bollitore-blu.jpg","schema":{"@context":"https:\/\/schema.org","@graph":[{"@type":"WebPage","@id":"https:\/\/dev6.erresse-shop.it\/de\/shop\/kleine-elektrogeraete\/elektrische-wasserkocher\/smeg-dolce-gabbana-blauer-kessel\/","url":"https:\/\/dev6.erresse-shop.it\/de\/shop\/kleine-elektrogeraete\/elektrische-wasserkocher\/smeg-dolce-gabbana-blauer-kessel\/","name":"SMEG Dolce &#038; Gabbana Blauer Kessel - dev6 Erresse","isPartOf":{"@id":"https:\/\/dev6.erresse-shop.it\/#website"},"primaryImageOfPage":{"@id":"https:\/\/dev6.erresse-shop.it\/de\/shop\/kleine-elektrogeraete\/elektrische-wasserkocher\/smeg-dolce-gabbana-blauer-kessel\/#primaryimage"},"image":{"@id":"https:\/\/dev6.erresse-shop.it\/de\/shop\/kleine-elektrogeraete\/elektrische-wasserkocher\/smeg-dolce-gabbana-blauer-kessel\/#primaryimage"},"thumbnailUrl":"https:\/\/i1.wp.com\/interpim.erresse-shop.it\/img-catalogo\/smeg\/smeg-dolce-gabbana-bollitore-blu.jpg?ssl=1","datePublished":"2026-04-10T10:03:51+00:00","description":"SMEG50er-Serie Symbolische Besprechungsobjekte, Ikonen, die den Raum, den sie einnehmen, verwandeln, die neuen kleinen Objekte aus der Anni \u201950s-Linie,","breadcrumb":{"@id":"https:\/\/dev6.erresse-shop.it\/de\/shop\/kleine-elektrogeraete\/elektrische-wasserkocher\/smeg-dolce-gabbana-blauer-kessel\/#breadcrumb"},"inLanguage":"de","potentialAction":[{"@type":"ReadAction","target":["https:\/\/dev6.erresse-shop.it\/de\/shop\/kleine-elektrogeraete\/elektrische-wasserkocher\/smeg-dolce-gabbana-blauer-kessel\/"]}]},{"@type":"ImageObject","inLanguage":"de","@id":"https:\/\/dev6.erresse-shop.it\/de\/shop\/kleine-elektrogeraete\/elektrische-wasserkocher\/smeg-dolce-gabbana-blauer-kessel\/#primaryimage","url":"https:\/\/i1.wp.com\/interpim.erresse-shop.it\/img-catalogo\/smeg\/smeg-dolce-gabbana-bollitore-blu.jpg?ssl=1","contentUrl":"https:\/\/i1.wp.com\/interpim.erresse-shop.it\/img-catalogo\/smeg\/smeg-dolce-gabbana-bollitore-blu.jpg?ssl=1"},{"@type":"BreadcrumbList","@id":"https:\/\/dev6.erresse-shop.it\/de\/shop\/kleine-elektrogeraete\/elektrische-wasserkocher\/smeg-dolce-gabbana-blauer-kessel\/#breadcrumb","itemListElement":[{"@type":"ListItem","position":1,"name":"Home","item":"https:\/\/dev6.erresse-shop.it\/"},{"@type":"ListItem","position":2,"name":"Shop","item":"https:\/\/dev6.erresse-shop.it\/shop\/"},{"@type":"ListItem","position":3,"name":"SMEG Dolce &#038; Gabbana Blauer Kessel"}]},{"@type":"WebSite","@id":"https:\/\/dev6.erresse-shop.it\/#website","url":"https:\/\/dev6.erresse-shop.it\/","name":"Erresse Shop","description":"","publisher":{"@id":"https:\/\/dev6.erresse-shop.it\/#organization"},"potentialAction":[{"@type":"SearchAction","target":{"@type":"EntryPoint","urlTemplate":"https:\/\/dev6.erresse-shop.it\/?s={search_term_string}"},"query-input":{"@type":"PropertyValueSpecification","valueRequired":true,"valueName":"search_term_string"}}],"inLanguage":"de"},{"@type":"Organization","@id":"https:\/\/dev6.erresse-shop.it\/#organization","name":"Erresse Shop","url":"https:\/\/dev6.erresse-shop.it\/","logo":{"@type":"ImageObject","inLanguage":"de","@id":"https:\/\/dev6.erresse-shop.it\/#\/schema\/logo\/image\/","url":"https:\/\/dev6.erresse-shop.it\/wp-content\/uploads\/2025\/01\/LOGO-ERRESSE-CLASSICO.svg","contentUrl":"https:\/\/dev6.erresse-shop.it\/wp-content\/uploads\/2025\/01\/LOGO-ERRESSE-CLASSICO.svg","caption":"Erresse Shop"},"image":{"@id":"https:\/\/dev6.erresse-shop.it\/#\/schema\/logo\/image\/"}}]}},"df_price":549,"df_sale_price":549,"df_regular_price":599,"df_image_link":"https:\/\/i1.wp.com\/interpim.erresse-shop.it\/img-catalogo\/smeg\/smeg-dolce-gabbana-bollitore-blu.jpg?resize=300,300&ssl=1","fifu_image_url":"https:\/\/interpim.erresse-shop.it\/img-catalogo\/smeg\/smeg-dolce-gabbana-bollitore-blu.jpg","_links":{"self":[{"href":"https:\/\/dev6.erresse-shop.it\/de\/wp-json\/wp\/v2\/product\/55539","targetHints":{"allow":["GET"]}}],"collection":[{"href":"https:\/\/dev6.erresse-shop.it\/de\/wp-json\/wp\/v2\/product"}],"about":[{"href":"https:\/\/dev6.erresse-shop.it\/de\/wp-json\/wp\/v2\/types\/product"}],"wp:featuredmedia":[{"embeddable":true,"href":"https:\/\/dev6.erresse-shop.it\/de\/wp-json\/wp\/v2\/media\/6327176"}],"wp:attachment":[{"href":"https:\/\/dev6.erresse-shop.it\/de\/wp-json\/wp\/v2\/media?parent=55539"}],"wp:term":[{"taxonomy":"product_cat","embeddable":true,"href":"https:\/\/dev6.erresse-shop.it\/de\/wp-json\/wp\/v2\/product_cat?post=55539"},{"taxonomy":"product_tag","embeddable":true,"href":"https:\/\/dev6.erresse-shop.it\/de\/wp-json\/wp\/v2\/product_tag?post=55539"}],"curies":[{"name":"wp","href":"https:\/\/api.w.org\/{rel}","templated":true}]}}