{"id":55527,"date":"2026-04-12T11:23:12","date_gmt":"2026-04-12T09:23:12","guid":{"rendered":"https:\/\/dev6.erresse-shop.it\/shop\/unkategorisiert\/zwilling-pro-skimmer\/"},"modified":"2025-09-14T02:05:23","modified_gmt":"2025-09-14T00:05:23","slug":"zwilling-pro-skimmer","status":"publish","type":"product","link":"https:\/\/dev6.erresse-shop.it\/de\/shop\/kuche\/werkzeuge\/zwilling-pro-skimmer\/","title":{"rendered":"ZWILLING PRO Skimmer"},"content":{"rendered":"<p>Ein Schauml\u00f6ffel ist ein perfektes K\u00fcchenzubeh\u00f6r zum Abtropfen von \u00fcbersch\u00fcssigem Fett oder St\u00e4rke. Auch empfindlichere Speisen wie Sp\u00e4tzle, Gem\u00fcse oder Frittiertes lassen sich damit spritzfrei in den Topf geben oder herausnehmen. Der Skimmer aus der ZWILLING Pro-Kollektion mit kreisf\u00f6rmigen L\u00f6chern besteht aus hochwertigem Edelstahl und wurde von den Designern Matteo Thun und Antonio Rodriguez entwickelt. Deshalb ist es so elegant und vor allem hat es ein zeitloses Design, das noch viele Jahre lang \u00fcberzeugen wird. Beim Griffdesign steht nicht nur die \u00c4sthetik im Vordergrund, sondern auch Ergonomie und Praktikabilit\u00e4t. Der Skimmer ist besonders einfach zu handhaben und l\u00e4sst sich dank des gro\u00dfen Rings im Griff bequem an verschiedenen Hakentypen aufh\u00e4ngen. Dank der konkaven Form k\u00f6nnen Sie dank der L\u00f6cher im Schauml\u00f6ffel auch die kleinsten Lebensmittel vom Boden des Topfes entfernen. Nach dem Gebrauch k\u00f6nnen Sie es einfach in die Sp\u00fclmaschine geben und an die K\u00fcchenutensilienleiste h\u00e4ngen, um es zur Schau zu stellen.<\/p>\n<p>Minimalistisches Design von Matteo Thun und Antonio Rodriguez<br \/>\nHergestellt aus hochwertigem Edelstahl<br \/>\nErgonomisch geformte Griffe f\u00fcr erm\u00fcdungsfreies Arbeiten, mit durchgehendem \u00dcbergang zum Stiel, der maximale Hygiene garantiert<br \/>\nSp\u00fclmaschinenfest<br \/>\nIdeal zum Entnehmen kleinerer Lebensmittel aus der Fritteuse oder dem Topf \u2013 \u00fcbersch\u00fcssige Fl\u00fcssigkeit l\u00e4uft durch die gro\u00dfen \u00d6ffnungen ab<\/p>\n","protected":false},"excerpt":{"rendered":"<p>Ein Schauml\u00f6ffel ist ein perfektes K\u00fcchenzubeh\u00f6r zum Abtropfen von \u00fcbersch\u00fcssigem Fett oder St\u00e4rke. Auch empfindlichere Speisen wie Sp\u00e4tzle, Gem\u00fcse oder Frittiertes lassen sich damit spritzfrei in den Topf geben oder herausnehmen. Der Skimmer aus der ZWILLING Pro-Kollektion mit kreisf\u00f6rmigen L\u00f6chern besteht aus hochwertigem Edelstahl und wurde von den Designern Matteo Thun und Antonio Rodriguez entwickelt. [&hellip;]<\/p>\n","protected":false},"featured_media":6368795,"template":"","meta":{"_acf_changed":false},"product_cat":[11668,12100,12116],"product_tag":[],"class_list":{"0":"post-55527","1":"product","2":"type-product","3":"status-publish","4":"has-post-thumbnail","6":"product_cat-cucina","7":"product_cat-kuche","8":"product_cat-werkzeuge","10":"first","11":"instock","12":"taxable","13":"shipping-taxable","14":"purchasable","15":"product-type-simple","swatches":"rey-swatches","show_selected":"","stretch_labels":"rey-swatches--stretch-labels"},"acf":[],"yoast_head":"<!-- This site is optimized with the Yoast SEO plugin v25.4 - https:\/\/yoast.com\/wordpress\/plugins\/seo\/ -->\n<title>ZWILLING PRO Skimmer - dev6 Erresse<\/title>\n<meta name=\"description\" content=\"Ein Schauml\u00f6ffel ist ein perfektes K\u00fcchenzubeh\u00f6r zum Abtropfen von \u00fcbersch\u00fcssigem Fett oder St\u00e4rke. Auch empfindlichere Speisen wie Sp\u00e4tzle, Gem\u00fcse oder\" \/>\n<meta name=\"robots\" content=\"noindex, follow, max-snippet:-1, max-image-preview:large, max-video-preview:-1\" \/>\n<meta property=\"og:locale\" content=\"de_DE\" \/>\n<meta property=\"og:type\" content=\"article\" \/>\n<meta property=\"og:title\" content=\"ZWILLING PRO Skimmer - dev6 Erresse\" \/>\n<meta property=\"og:description\" content=\"Ein Schauml\u00f6ffel ist ein perfektes K\u00fcchenzubeh\u00f6r zum Abtropfen von \u00fcbersch\u00fcssigem Fett oder St\u00e4rke. Auch empfindlichere Speisen wie Sp\u00e4tzle, Gem\u00fcse oder\" \/>\n<meta property=\"og:url\" content=\"https:\/\/dev6.erresse-shop.it\/de\/shop\/kuche\/werkzeuge\/zwilling-pro-skimmer\/\" \/>\n<meta property=\"og:site_name\" content=\"dev6 Erresse\" \/>\n<meta property=\"og:image\" content=\"https:\/\/interpim.erresse-shop.it\/img-catalogo\/zwilling\/zwilling-pro-schiumarola.png\" \/><meta property=\"og:image\" content=\"https:\/\/interpim.erresse-shop.it\/img-catalogo\/zwilling\/zwilling-pro-schiumarola.png\" \/>\n\t<meta property=\"og:image:width\" content=\"1024\" \/>\n\t<meta property=\"og:image:height\" content=\"1024\" \/>\n\t<meta property=\"og:image:type\" content=\"image\/jpeg\" \/>\n<meta name=\"twitter:card\" content=\"summary_large_image\" \/>\n<meta name=\"twitter:image\" content=\"https:\/\/interpim.erresse-shop.it\/img-catalogo\/zwilling\/zwilling-pro-schiumarola.png\" \/>\n<script type=\"application\/ld+json\" class=\"yoast-schema-graph\">{\"@context\":\"https:\/\/schema.org\",\"@graph\":[{\"@type\":\"WebPage\",\"@id\":\"https:\/\/dev6.erresse-shop.it\/de\/shop\/kuche\/werkzeuge\/zwilling-pro-skimmer\/\",\"url\":\"https:\/\/dev6.erresse-shop.it\/de\/shop\/kuche\/werkzeuge\/zwilling-pro-skimmer\/\",\"name\":\"ZWILLING PRO Skimmer - dev6 Erresse\",\"isPartOf\":{\"@id\":\"https:\/\/dev6.erresse-shop.it\/#website\"},\"primaryImageOfPage\":{\"@id\":\"https:\/\/dev6.erresse-shop.it\/de\/shop\/kuche\/werkzeuge\/zwilling-pro-skimmer\/#primaryimage\"},\"image\":{\"@id\":\"https:\/\/dev6.erresse-shop.it\/de\/shop\/kuche\/werkzeuge\/zwilling-pro-skimmer\/#primaryimage\"},\"thumbnailUrl\":\"https:\/\/i2.wp.com\/interpim.erresse-shop.it\/img-catalogo\/zwilling\/zwilling-pro-schiumarola.png?ssl=1\",\"datePublished\":\"2026-04-12T09:23:12+00:00\",\"description\":\"Ein Schauml\u00f6ffel ist ein perfektes K\u00fcchenzubeh\u00f6r zum Abtropfen von \u00fcbersch\u00fcssigem Fett oder St\u00e4rke. Auch empfindlichere Speisen wie Sp\u00e4tzle, Gem\u00fcse oder\",\"breadcrumb\":{\"@id\":\"https:\/\/dev6.erresse-shop.it\/de\/shop\/kuche\/werkzeuge\/zwilling-pro-skimmer\/#breadcrumb\"},\"inLanguage\":\"de\",\"potentialAction\":[{\"@type\":\"ReadAction\",\"target\":[\"https:\/\/dev6.erresse-shop.it\/de\/shop\/kuche\/werkzeuge\/zwilling-pro-skimmer\/\"]}]},{\"@type\":\"ImageObject\",\"inLanguage\":\"de\",\"@id\":\"https:\/\/dev6.erresse-shop.it\/de\/shop\/kuche\/werkzeuge\/zwilling-pro-skimmer\/#primaryimage\",\"url\":\"https:\/\/i2.wp.com\/interpim.erresse-shop.it\/img-catalogo\/zwilling\/zwilling-pro-schiumarola.png?ssl=1\",\"contentUrl\":\"https:\/\/i2.wp.com\/interpim.erresse-shop.it\/img-catalogo\/zwilling\/zwilling-pro-schiumarola.png?ssl=1\"},{\"@type\":\"BreadcrumbList\",\"@id\":\"https:\/\/dev6.erresse-shop.it\/de\/shop\/kuche\/werkzeuge\/zwilling-pro-skimmer\/#breadcrumb\",\"itemListElement\":[{\"@type\":\"ListItem\",\"position\":1,\"name\":\"Home\",\"item\":\"https:\/\/dev6.erresse-shop.it\/\"},{\"@type\":\"ListItem\",\"position\":2,\"name\":\"Shop\",\"item\":\"https:\/\/dev6.erresse-shop.it\/shop\/\"},{\"@type\":\"ListItem\",\"position\":3,\"name\":\"ZWILLING PRO Skimmer\"}]},{\"@type\":\"WebSite\",\"@id\":\"https:\/\/dev6.erresse-shop.it\/#website\",\"url\":\"https:\/\/dev6.erresse-shop.it\/\",\"name\":\"Erresse Shop\",\"description\":\"\",\"publisher\":{\"@id\":\"https:\/\/dev6.erresse-shop.it\/#organization\"},\"potentialAction\":[{\"@type\":\"SearchAction\",\"target\":{\"@type\":\"EntryPoint\",\"urlTemplate\":\"https:\/\/dev6.erresse-shop.it\/?s={search_term_string}\"},\"query-input\":{\"@type\":\"PropertyValueSpecification\",\"valueRequired\":true,\"valueName\":\"search_term_string\"}}],\"inLanguage\":\"de\"},{\"@type\":\"Organization\",\"@id\":\"https:\/\/dev6.erresse-shop.it\/#organization\",\"name\":\"Erresse Shop\",\"url\":\"https:\/\/dev6.erresse-shop.it\/\",\"logo\":{\"@type\":\"ImageObject\",\"inLanguage\":\"de\",\"@id\":\"https:\/\/dev6.erresse-shop.it\/#\/schema\/logo\/image\/\",\"url\":\"https:\/\/dev6.erresse-shop.it\/wp-content\/uploads\/2025\/01\/LOGO-ERRESSE-CLASSICO.svg\",\"contentUrl\":\"https:\/\/dev6.erresse-shop.it\/wp-content\/uploads\/2025\/01\/LOGO-ERRESSE-CLASSICO.svg\",\"caption\":\"Erresse Shop\"},\"image\":{\"@id\":\"https:\/\/dev6.erresse-shop.it\/#\/schema\/logo\/image\/\"}}]}<\/script>\n<!-- \/ Yoast SEO plugin. -->","yoast_head_json":{"title":"ZWILLING PRO Skimmer - dev6 Erresse","description":"Ein Schauml\u00f6ffel ist ein perfektes K\u00fcchenzubeh\u00f6r zum Abtropfen von \u00fcbersch\u00fcssigem Fett oder St\u00e4rke. Auch empfindlichere Speisen wie Sp\u00e4tzle, Gem\u00fcse oder","robots":{"index":"noindex","follow":"follow","max-snippet":"max-snippet:-1","max-image-preview":"max-image-preview:large","max-video-preview":"max-video-preview:-1"},"og_locale":"de_DE","og_type":"article","og_title":"ZWILLING PRO Skimmer - dev6 Erresse","og_description":"Ein Schauml\u00f6ffel ist ein perfektes K\u00fcchenzubeh\u00f6r zum Abtropfen von \u00fcbersch\u00fcssigem Fett oder St\u00e4rke. Auch empfindlichere Speisen wie Sp\u00e4tzle, Gem\u00fcse oder","og_url":"https:\/\/dev6.erresse-shop.it\/de\/shop\/kuche\/werkzeuge\/zwilling-pro-skimmer\/","og_site_name":"dev6 Erresse","og_image":[{"url":"https:\/\/interpim.erresse-shop.it\/img-catalogo\/zwilling\/zwilling-pro-schiumarola.png","type":"","width":"","height":""},{"url":"https:\/\/interpim.erresse-shop.it\/img-catalogo\/zwilling\/zwilling-pro-schiumarola.png","width":1024,"height":1024,"type":"image\/jpeg"}],"twitter_card":"summary_large_image","twitter_image":"https:\/\/interpim.erresse-shop.it\/img-catalogo\/zwilling\/zwilling-pro-schiumarola.png","schema":{"@context":"https:\/\/schema.org","@graph":[{"@type":"WebPage","@id":"https:\/\/dev6.erresse-shop.it\/de\/shop\/kuche\/werkzeuge\/zwilling-pro-skimmer\/","url":"https:\/\/dev6.erresse-shop.it\/de\/shop\/kuche\/werkzeuge\/zwilling-pro-skimmer\/","name":"ZWILLING PRO Skimmer - dev6 Erresse","isPartOf":{"@id":"https:\/\/dev6.erresse-shop.it\/#website"},"primaryImageOfPage":{"@id":"https:\/\/dev6.erresse-shop.it\/de\/shop\/kuche\/werkzeuge\/zwilling-pro-skimmer\/#primaryimage"},"image":{"@id":"https:\/\/dev6.erresse-shop.it\/de\/shop\/kuche\/werkzeuge\/zwilling-pro-skimmer\/#primaryimage"},"thumbnailUrl":"https:\/\/i2.wp.com\/interpim.erresse-shop.it\/img-catalogo\/zwilling\/zwilling-pro-schiumarola.png?ssl=1","datePublished":"2026-04-12T09:23:12+00:00","description":"Ein Schauml\u00f6ffel ist ein perfektes K\u00fcchenzubeh\u00f6r zum Abtropfen von \u00fcbersch\u00fcssigem Fett oder St\u00e4rke. Auch empfindlichere Speisen wie Sp\u00e4tzle, Gem\u00fcse oder","breadcrumb":{"@id":"https:\/\/dev6.erresse-shop.it\/de\/shop\/kuche\/werkzeuge\/zwilling-pro-skimmer\/#breadcrumb"},"inLanguage":"de","potentialAction":[{"@type":"ReadAction","target":["https:\/\/dev6.erresse-shop.it\/de\/shop\/kuche\/werkzeuge\/zwilling-pro-skimmer\/"]}]},{"@type":"ImageObject","inLanguage":"de","@id":"https:\/\/dev6.erresse-shop.it\/de\/shop\/kuche\/werkzeuge\/zwilling-pro-skimmer\/#primaryimage","url":"https:\/\/i2.wp.com\/interpim.erresse-shop.it\/img-catalogo\/zwilling\/zwilling-pro-schiumarola.png?ssl=1","contentUrl":"https:\/\/i2.wp.com\/interpim.erresse-shop.it\/img-catalogo\/zwilling\/zwilling-pro-schiumarola.png?ssl=1"},{"@type":"BreadcrumbList","@id":"https:\/\/dev6.erresse-shop.it\/de\/shop\/kuche\/werkzeuge\/zwilling-pro-skimmer\/#breadcrumb","itemListElement":[{"@type":"ListItem","position":1,"name":"Home","item":"https:\/\/dev6.erresse-shop.it\/"},{"@type":"ListItem","position":2,"name":"Shop","item":"https:\/\/dev6.erresse-shop.it\/shop\/"},{"@type":"ListItem","position":3,"name":"ZWILLING PRO Skimmer"}]},{"@type":"WebSite","@id":"https:\/\/dev6.erresse-shop.it\/#website","url":"https:\/\/dev6.erresse-shop.it\/","name":"Erresse Shop","description":"","publisher":{"@id":"https:\/\/dev6.erresse-shop.it\/#organization"},"potentialAction":[{"@type":"SearchAction","target":{"@type":"EntryPoint","urlTemplate":"https:\/\/dev6.erresse-shop.it\/?s={search_term_string}"},"query-input":{"@type":"PropertyValueSpecification","valueRequired":true,"valueName":"search_term_string"}}],"inLanguage":"de"},{"@type":"Organization","@id":"https:\/\/dev6.erresse-shop.it\/#organization","name":"Erresse Shop","url":"https:\/\/dev6.erresse-shop.it\/","logo":{"@type":"ImageObject","inLanguage":"de","@id":"https:\/\/dev6.erresse-shop.it\/#\/schema\/logo\/image\/","url":"https:\/\/dev6.erresse-shop.it\/wp-content\/uploads\/2025\/01\/LOGO-ERRESSE-CLASSICO.svg","contentUrl":"https:\/\/dev6.erresse-shop.it\/wp-content\/uploads\/2025\/01\/LOGO-ERRESSE-CLASSICO.svg","caption":"Erresse Shop"},"image":{"@id":"https:\/\/dev6.erresse-shop.it\/#\/schema\/logo\/image\/"}}]}},"df_price":26.95,"df_sale_price":"","df_regular_price":26.95,"df_image_link":"https:\/\/i2.wp.com\/interpim.erresse-shop.it\/img-catalogo\/zwilling\/zwilling-pro-schiumarola.png?resize=300,300&ssl=1","fifu_image_url":"https:\/\/interpim.erresse-shop.it\/img-catalogo\/zwilling\/zwilling-pro-schiumarola.png","_links":{"self":[{"href":"https:\/\/dev6.erresse-shop.it\/de\/wp-json\/wp\/v2\/product\/55527","targetHints":{"allow":["GET"]}}],"collection":[{"href":"https:\/\/dev6.erresse-shop.it\/de\/wp-json\/wp\/v2\/product"}],"about":[{"href":"https:\/\/dev6.erresse-shop.it\/de\/wp-json\/wp\/v2\/types\/product"}],"wp:featuredmedia":[{"embeddable":true,"href":"https:\/\/dev6.erresse-shop.it\/de\/wp-json\/wp\/v2\/media\/6368795"}],"wp:attachment":[{"href":"https:\/\/dev6.erresse-shop.it\/de\/wp-json\/wp\/v2\/media?parent=55527"}],"wp:term":[{"taxonomy":"product_cat","embeddable":true,"href":"https:\/\/dev6.erresse-shop.it\/de\/wp-json\/wp\/v2\/product_cat?post=55527"},{"taxonomy":"product_tag","embeddable":true,"href":"https:\/\/dev6.erresse-shop.it\/de\/wp-json\/wp\/v2\/product_tag?post=55527"}],"curies":[{"name":"wp","href":"https:\/\/api.w.org\/{rel}","templated":true}]}}