{"id":55515,"date":"2026-04-12T11:23:12","date_gmt":"2026-04-12T09:23:12","guid":{"rendered":"https:\/\/dev6.erresse-shop.it\/shop\/unkategorisiert\/zwilling-pro-schneebesen-24-cm\/"},"modified":"2025-09-14T02:04:58","modified_gmt":"2025-09-14T00:04:58","slug":"zwilling-pro-schneebesen-24-cm","status":"publish","type":"product","link":"https:\/\/dev6.erresse-shop.it\/de\/shop\/kuche\/werkzeuge\/zwilling-pro-schneebesen-24-cm\/","title":{"rendered":"ZWILLING PRO Schneebesen 24 cm"},"content":{"rendered":"<p>Was w\u00e4re ein saftiger Braten ohne die dazugeh\u00f6rige Sauce? Oder ein leckeres Dessert ohne Schlagsahne? Eben! Deshalb ist ein Schneebesen ein unverzichtbares Werkzeug in jeder K\u00fcche. Der kleine Schneebesen aus der ZWILLING Pro Kollektion ist das ideale K\u00fcchenaccessoire f\u00fcr alle Zubereitungen, die eine besonders luftige Konsistenz erfordern. Dank des ergonomisch geformten, satinierten Stiels ist er leicht zu handhaben. Das abgerundete Ende des Stiels dr\u00fcckt nicht auf die Handfl\u00e4che und erm\u00f6glicht ein langes, erm\u00fcdungsfreies Arbeiten. Dieses K\u00fcchenzubeh\u00f6r ist aus pflegeleichtem Edelstahl gefertigt und hat ein unkonventionelles Design: Die Stahldr\u00e4hte sind besonders flexibel und \u00fcberlappen sich zu einem Tropfen. Dadurch werden bessere Ergebnisse erzielt, und der Schneebesen kann sogar aufrecht stehen. Und nicht nur das: Das Design ist ein besonderer Blickfang und macht ihn sch\u00f6n dekorativ. Die Pro-Kollektion wurde vollst\u00e4ndig von den weltbekannten Designern Matteo Thun und Antonio Rodriguez entworfen. Sie entwarfen einen minimalistischen Look, der modern, zeitlos und dank feiner Verarbeitung und edelster Materialien nahezu unzerst\u00f6rbar ist.<\/p>\n<p>Minimalistisches Design von Matteo Thun und Antonio Rodriguez<br \/>\nHergestellt aus hochwertigem Edelstahl<br \/>\nErgonomisch geformte Griffe f\u00fcr m\u00fcheloses Arbeiten, mit durchgehendem \u00dcbergang zum Stiel f\u00fcr maximale Hygiene<br \/>\nInnovatives Design f\u00fcr eine besonders cremige Textur<br \/>\nDie acht sternf\u00f6rmig angeordneten Edelstahlringe erh\u00f6hen die Luftmenge, die Sie einarbeiten k\u00f6nnen. Die Symmetrie dieser Konstellation erm\u00f6glicht es dem Schneebesen, selbstst\u00e4ndig aufrecht zu bleiben. Teig und So\u00dfen k\u00f6nnen sich nicht zwischen den Ringen verfangen. Sp\u00fclmaschinenfest. Ideal zum Quirlen, Mixen und Schlagen von Zutaten<\/p>\n","protected":false},"excerpt":{"rendered":"<p>Was w\u00e4re ein saftiger Braten ohne die dazugeh\u00f6rige Sauce? Oder ein leckeres Dessert ohne Schlagsahne? Eben! Deshalb ist ein Schneebesen ein unverzichtbares Werkzeug in jeder K\u00fcche. Der kleine Schneebesen aus der ZWILLING Pro Kollektion ist das ideale K\u00fcchenaccessoire f\u00fcr alle Zubereitungen, die eine besonders luftige Konsistenz erfordern. Dank des ergonomisch geformten, satinierten Stiels ist er [&hellip;]<\/p>\n","protected":false},"featured_media":6368784,"template":"","meta":{"_acf_changed":false},"product_cat":[11668,12100,12116],"product_tag":[],"class_list":{"0":"post-55515","1":"product","2":"type-product","3":"status-publish","4":"has-post-thumbnail","6":"product_cat-cucina","7":"product_cat-kuche","8":"product_cat-werkzeuge","10":"first","11":"instock","12":"taxable","13":"shipping-taxable","14":"purchasable","15":"product-type-simple","swatches":"rey-swatches","show_selected":"","stretch_labels":"rey-swatches--stretch-labels"},"acf":[],"yoast_head":"<!-- This site is optimized with the Yoast SEO plugin v25.4 - https:\/\/yoast.com\/wordpress\/plugins\/seo\/ -->\n<title>ZWILLING PRO Schneebesen 24 cm - dev6 Erresse<\/title>\n<meta name=\"description\" content=\"Was w\u00e4re ein saftiger Braten ohne die dazugeh\u00f6rige Sauce? Oder ein leckeres Dessert ohne Schlagsahne? Eben! Deshalb ist ein Schneebesen ein\" \/>\n<meta name=\"robots\" content=\"noindex, follow, max-snippet:-1, max-image-preview:large, max-video-preview:-1\" \/>\n<meta property=\"og:locale\" content=\"de_DE\" \/>\n<meta property=\"og:type\" content=\"article\" \/>\n<meta property=\"og:title\" content=\"ZWILLING PRO Schneebesen 24 cm - dev6 Erresse\" \/>\n<meta property=\"og:description\" content=\"Was w\u00e4re ein saftiger Braten ohne die dazugeh\u00f6rige Sauce? Oder ein leckeres Dessert ohne Schlagsahne? Eben! Deshalb ist ein Schneebesen ein\" \/>\n<meta property=\"og:url\" content=\"https:\/\/dev6.erresse-shop.it\/de\/shop\/kuche\/werkzeuge\/zwilling-pro-schneebesen-24-cm\/\" \/>\n<meta property=\"og:site_name\" content=\"dev6 Erresse\" \/>\n<meta property=\"og:image\" content=\"https:\/\/interpim.erresse-shop.it\/img-catalogo\/zwilling\/zwilling-pro-frusta-24-cm.png\" \/><meta property=\"og:image\" content=\"https:\/\/interpim.erresse-shop.it\/img-catalogo\/zwilling\/zwilling-pro-frusta-24-cm.png\" \/>\n\t<meta property=\"og:image:width\" content=\"1024\" \/>\n\t<meta property=\"og:image:height\" content=\"1024\" \/>\n\t<meta property=\"og:image:type\" content=\"image\/jpeg\" \/>\n<meta name=\"twitter:card\" content=\"summary_large_image\" \/>\n<meta name=\"twitter:image\" content=\"https:\/\/interpim.erresse-shop.it\/img-catalogo\/zwilling\/zwilling-pro-frusta-24-cm.png\" \/>\n<script type=\"application\/ld+json\" class=\"yoast-schema-graph\">{\"@context\":\"https:\/\/schema.org\",\"@graph\":[{\"@type\":\"WebPage\",\"@id\":\"https:\/\/dev6.erresse-shop.it\/de\/shop\/kuche\/werkzeuge\/zwilling-pro-schneebesen-24-cm\/\",\"url\":\"https:\/\/dev6.erresse-shop.it\/de\/shop\/kuche\/werkzeuge\/zwilling-pro-schneebesen-24-cm\/\",\"name\":\"ZWILLING PRO Schneebesen 24 cm - dev6 Erresse\",\"isPartOf\":{\"@id\":\"https:\/\/dev6.erresse-shop.it\/#website\"},\"primaryImageOfPage\":{\"@id\":\"https:\/\/dev6.erresse-shop.it\/de\/shop\/kuche\/werkzeuge\/zwilling-pro-schneebesen-24-cm\/#primaryimage\"},\"image\":{\"@id\":\"https:\/\/dev6.erresse-shop.it\/de\/shop\/kuche\/werkzeuge\/zwilling-pro-schneebesen-24-cm\/#primaryimage\"},\"thumbnailUrl\":\"https:\/\/i0.wp.com\/interpim.erresse-shop.it\/img-catalogo\/zwilling\/zwilling-pro-frusta-24-cm.png?ssl=1\",\"datePublished\":\"2026-04-12T09:23:12+00:00\",\"description\":\"Was w\u00e4re ein saftiger Braten ohne die dazugeh\u00f6rige Sauce? Oder ein leckeres Dessert ohne Schlagsahne? Eben! Deshalb ist ein Schneebesen ein\",\"breadcrumb\":{\"@id\":\"https:\/\/dev6.erresse-shop.it\/de\/shop\/kuche\/werkzeuge\/zwilling-pro-schneebesen-24-cm\/#breadcrumb\"},\"inLanguage\":\"de\",\"potentialAction\":[{\"@type\":\"ReadAction\",\"target\":[\"https:\/\/dev6.erresse-shop.it\/de\/shop\/kuche\/werkzeuge\/zwilling-pro-schneebesen-24-cm\/\"]}]},{\"@type\":\"ImageObject\",\"inLanguage\":\"de\",\"@id\":\"https:\/\/dev6.erresse-shop.it\/de\/shop\/kuche\/werkzeuge\/zwilling-pro-schneebesen-24-cm\/#primaryimage\",\"url\":\"https:\/\/i0.wp.com\/interpim.erresse-shop.it\/img-catalogo\/zwilling\/zwilling-pro-frusta-24-cm.png?ssl=1\",\"contentUrl\":\"https:\/\/i0.wp.com\/interpim.erresse-shop.it\/img-catalogo\/zwilling\/zwilling-pro-frusta-24-cm.png?ssl=1\"},{\"@type\":\"BreadcrumbList\",\"@id\":\"https:\/\/dev6.erresse-shop.it\/de\/shop\/kuche\/werkzeuge\/zwilling-pro-schneebesen-24-cm\/#breadcrumb\",\"itemListElement\":[{\"@type\":\"ListItem\",\"position\":1,\"name\":\"Home\",\"item\":\"https:\/\/dev6.erresse-shop.it\/\"},{\"@type\":\"ListItem\",\"position\":2,\"name\":\"Shop\",\"item\":\"https:\/\/dev6.erresse-shop.it\/shop\/\"},{\"@type\":\"ListItem\",\"position\":3,\"name\":\"ZWILLING PRO Schneebesen 24 cm\"}]},{\"@type\":\"WebSite\",\"@id\":\"https:\/\/dev6.erresse-shop.it\/#website\",\"url\":\"https:\/\/dev6.erresse-shop.it\/\",\"name\":\"Erresse Shop\",\"description\":\"\",\"publisher\":{\"@id\":\"https:\/\/dev6.erresse-shop.it\/#organization\"},\"potentialAction\":[{\"@type\":\"SearchAction\",\"target\":{\"@type\":\"EntryPoint\",\"urlTemplate\":\"https:\/\/dev6.erresse-shop.it\/?s={search_term_string}\"},\"query-input\":{\"@type\":\"PropertyValueSpecification\",\"valueRequired\":true,\"valueName\":\"search_term_string\"}}],\"inLanguage\":\"de\"},{\"@type\":\"Organization\",\"@id\":\"https:\/\/dev6.erresse-shop.it\/#organization\",\"name\":\"Erresse Shop\",\"url\":\"https:\/\/dev6.erresse-shop.it\/\",\"logo\":{\"@type\":\"ImageObject\",\"inLanguage\":\"de\",\"@id\":\"https:\/\/dev6.erresse-shop.it\/#\/schema\/logo\/image\/\",\"url\":\"https:\/\/dev6.erresse-shop.it\/wp-content\/uploads\/2025\/01\/LOGO-ERRESSE-CLASSICO.svg\",\"contentUrl\":\"https:\/\/dev6.erresse-shop.it\/wp-content\/uploads\/2025\/01\/LOGO-ERRESSE-CLASSICO.svg\",\"caption\":\"Erresse Shop\"},\"image\":{\"@id\":\"https:\/\/dev6.erresse-shop.it\/#\/schema\/logo\/image\/\"}}]}<\/script>\n<!-- \/ Yoast SEO plugin. -->","yoast_head_json":{"title":"ZWILLING PRO Schneebesen 24 cm - dev6 Erresse","description":"Was w\u00e4re ein saftiger Braten ohne die dazugeh\u00f6rige Sauce? Oder ein leckeres Dessert ohne Schlagsahne? Eben! Deshalb ist ein Schneebesen ein","robots":{"index":"noindex","follow":"follow","max-snippet":"max-snippet:-1","max-image-preview":"max-image-preview:large","max-video-preview":"max-video-preview:-1"},"og_locale":"de_DE","og_type":"article","og_title":"ZWILLING PRO Schneebesen 24 cm - dev6 Erresse","og_description":"Was w\u00e4re ein saftiger Braten ohne die dazugeh\u00f6rige Sauce? Oder ein leckeres Dessert ohne Schlagsahne? Eben! Deshalb ist ein Schneebesen ein","og_url":"https:\/\/dev6.erresse-shop.it\/de\/shop\/kuche\/werkzeuge\/zwilling-pro-schneebesen-24-cm\/","og_site_name":"dev6 Erresse","og_image":[{"url":"https:\/\/interpim.erresse-shop.it\/img-catalogo\/zwilling\/zwilling-pro-frusta-24-cm.png","type":"","width":"","height":""},{"url":"https:\/\/interpim.erresse-shop.it\/img-catalogo\/zwilling\/zwilling-pro-frusta-24-cm.png","width":1024,"height":1024,"type":"image\/jpeg"}],"twitter_card":"summary_large_image","twitter_image":"https:\/\/interpim.erresse-shop.it\/img-catalogo\/zwilling\/zwilling-pro-frusta-24-cm.png","schema":{"@context":"https:\/\/schema.org","@graph":[{"@type":"WebPage","@id":"https:\/\/dev6.erresse-shop.it\/de\/shop\/kuche\/werkzeuge\/zwilling-pro-schneebesen-24-cm\/","url":"https:\/\/dev6.erresse-shop.it\/de\/shop\/kuche\/werkzeuge\/zwilling-pro-schneebesen-24-cm\/","name":"ZWILLING PRO Schneebesen 24 cm - dev6 Erresse","isPartOf":{"@id":"https:\/\/dev6.erresse-shop.it\/#website"},"primaryImageOfPage":{"@id":"https:\/\/dev6.erresse-shop.it\/de\/shop\/kuche\/werkzeuge\/zwilling-pro-schneebesen-24-cm\/#primaryimage"},"image":{"@id":"https:\/\/dev6.erresse-shop.it\/de\/shop\/kuche\/werkzeuge\/zwilling-pro-schneebesen-24-cm\/#primaryimage"},"thumbnailUrl":"https:\/\/i0.wp.com\/interpim.erresse-shop.it\/img-catalogo\/zwilling\/zwilling-pro-frusta-24-cm.png?ssl=1","datePublished":"2026-04-12T09:23:12+00:00","description":"Was w\u00e4re ein saftiger Braten ohne die dazugeh\u00f6rige Sauce? Oder ein leckeres Dessert ohne Schlagsahne? Eben! Deshalb ist ein Schneebesen ein","breadcrumb":{"@id":"https:\/\/dev6.erresse-shop.it\/de\/shop\/kuche\/werkzeuge\/zwilling-pro-schneebesen-24-cm\/#breadcrumb"},"inLanguage":"de","potentialAction":[{"@type":"ReadAction","target":["https:\/\/dev6.erresse-shop.it\/de\/shop\/kuche\/werkzeuge\/zwilling-pro-schneebesen-24-cm\/"]}]},{"@type":"ImageObject","inLanguage":"de","@id":"https:\/\/dev6.erresse-shop.it\/de\/shop\/kuche\/werkzeuge\/zwilling-pro-schneebesen-24-cm\/#primaryimage","url":"https:\/\/i0.wp.com\/interpim.erresse-shop.it\/img-catalogo\/zwilling\/zwilling-pro-frusta-24-cm.png?ssl=1","contentUrl":"https:\/\/i0.wp.com\/interpim.erresse-shop.it\/img-catalogo\/zwilling\/zwilling-pro-frusta-24-cm.png?ssl=1"},{"@type":"BreadcrumbList","@id":"https:\/\/dev6.erresse-shop.it\/de\/shop\/kuche\/werkzeuge\/zwilling-pro-schneebesen-24-cm\/#breadcrumb","itemListElement":[{"@type":"ListItem","position":1,"name":"Home","item":"https:\/\/dev6.erresse-shop.it\/"},{"@type":"ListItem","position":2,"name":"Shop","item":"https:\/\/dev6.erresse-shop.it\/shop\/"},{"@type":"ListItem","position":3,"name":"ZWILLING PRO Schneebesen 24 cm"}]},{"@type":"WebSite","@id":"https:\/\/dev6.erresse-shop.it\/#website","url":"https:\/\/dev6.erresse-shop.it\/","name":"Erresse Shop","description":"","publisher":{"@id":"https:\/\/dev6.erresse-shop.it\/#organization"},"potentialAction":[{"@type":"SearchAction","target":{"@type":"EntryPoint","urlTemplate":"https:\/\/dev6.erresse-shop.it\/?s={search_term_string}"},"query-input":{"@type":"PropertyValueSpecification","valueRequired":true,"valueName":"search_term_string"}}],"inLanguage":"de"},{"@type":"Organization","@id":"https:\/\/dev6.erresse-shop.it\/#organization","name":"Erresse Shop","url":"https:\/\/dev6.erresse-shop.it\/","logo":{"@type":"ImageObject","inLanguage":"de","@id":"https:\/\/dev6.erresse-shop.it\/#\/schema\/logo\/image\/","url":"https:\/\/dev6.erresse-shop.it\/wp-content\/uploads\/2025\/01\/LOGO-ERRESSE-CLASSICO.svg","contentUrl":"https:\/\/dev6.erresse-shop.it\/wp-content\/uploads\/2025\/01\/LOGO-ERRESSE-CLASSICO.svg","caption":"Erresse Shop"},"image":{"@id":"https:\/\/dev6.erresse-shop.it\/#\/schema\/logo\/image\/"}}]}},"df_price":17.95,"df_sale_price":"","df_regular_price":17.95,"df_image_link":"https:\/\/i0.wp.com\/interpim.erresse-shop.it\/img-catalogo\/zwilling\/zwilling-pro-frusta-24-cm.png?resize=300,300&ssl=1","fifu_image_url":"https:\/\/interpim.erresse-shop.it\/img-catalogo\/zwilling\/zwilling-pro-frusta-24-cm.png","_links":{"self":[{"href":"https:\/\/dev6.erresse-shop.it\/de\/wp-json\/wp\/v2\/product\/55515","targetHints":{"allow":["GET"]}}],"collection":[{"href":"https:\/\/dev6.erresse-shop.it\/de\/wp-json\/wp\/v2\/product"}],"about":[{"href":"https:\/\/dev6.erresse-shop.it\/de\/wp-json\/wp\/v2\/types\/product"}],"wp:featuredmedia":[{"embeddable":true,"href":"https:\/\/dev6.erresse-shop.it\/de\/wp-json\/wp\/v2\/media\/6368784"}],"wp:attachment":[{"href":"https:\/\/dev6.erresse-shop.it\/de\/wp-json\/wp\/v2\/media?parent=55515"}],"wp:term":[{"taxonomy":"product_cat","embeddable":true,"href":"https:\/\/dev6.erresse-shop.it\/de\/wp-json\/wp\/v2\/product_cat?post=55515"},{"taxonomy":"product_tag","embeddable":true,"href":"https:\/\/dev6.erresse-shop.it\/de\/wp-json\/wp\/v2\/product_tag?post=55515"}],"curies":[{"name":"wp","href":"https:\/\/api.w.org\/{rel}","templated":true}]}}