{"id":55503,"date":"2026-04-12T11:23:12","date_gmt":"2026-04-12T09:23:12","guid":{"rendered":"https:\/\/dev6.erresse-shop.it\/shop\/unkategorisiert\/zwilling-pro-reisloeffel\/"},"modified":"2025-09-14T02:04:33","modified_gmt":"2025-09-14T00:04:33","slug":"zwilling-pro-reisloeffel","status":"publish","type":"product","link":"https:\/\/dev6.erresse-shop.it\/de\/shop\/kuche\/werkzeuge\/zwilling-pro-reisloeffel\/","title":{"rendered":"ZWILLING PRO Reisl\u00f6ffel"},"content":{"rendered":"<p>Die asiatische K\u00fcche erfreut sich heute gro\u00dfer Beliebtheit. Und dazu geh\u00f6rt auch Reis. Mit dem Silikon-Reisl\u00f6ffel aus der ZWILLING Pro Kollektion l\u00e4sst sich Reis stilvoll portionieren und servieren. Mit seinen kompakten Ma\u00dfen eignet er sich ideal zum Servieren selbst von klebrigem Reis, denn der ergonomisch geformte kurze Griff sorgt f\u00fcr eine optimale Kraft\u00fcbertragung. Nat\u00fcrlich ist dieses K\u00fcchenzubeh\u00f6r nicht nur f\u00fcr Reisgerichte geeignet. Der L\u00f6ffel kann auch f\u00fcr die Zubereitung und das Servieren von Couscous und P\u00fcree verwendet werden. Der hochwertige matte Edelstahl des Griffs und das lebensmittelechte, hitzebest\u00e4ndige Silikon, aus dem die L\u00f6ffelspitze gefertigt ist, machen dieses elegante K\u00fcchenaccessoire ideal f\u00fcr antihaftbeschichtetes Kochgeschirr und Reiskocher. Bei der Entwicklung wurde nicht nur auf die Qualit\u00e4t, sondern auch auf das Design geachtet, und das Ergebnis ist absolut zeitlos. Die Designer Matteo Thun und Antonio Rodriguez haben eine Kollektion geschaffen, deren zeitlose Eleganz auch in vielen Jahren noch aktuell sein wird.<\/p>\n<p>Minimalistisches Design von Matteo Thun und Antonio Rodriguez<br \/>\nHergestellt aus hochwertigem Edelstahl<br \/>\nErgonomisch geformt mit einer durchgehenden Linie f\u00fcr maximale Hygiene und minimale Erm\u00fcdung beim Gebrauch<br \/>\nSp\u00fclmaschinentauglich<br \/>\nDie breite W\u00f6lbung erm\u00f6glicht es, gro\u00dfe Mengen Reis mit einem einzigen L\u00f6ffel zu servieren<\/p>\n","protected":false},"excerpt":{"rendered":"<p>Die asiatische K\u00fcche erfreut sich heute gro\u00dfer Beliebtheit. Und dazu geh\u00f6rt auch Reis. Mit dem Silikon-Reisl\u00f6ffel aus der ZWILLING Pro Kollektion l\u00e4sst sich Reis stilvoll portionieren und servieren. Mit seinen kompakten Ma\u00dfen eignet er sich ideal zum Servieren selbst von klebrigem Reis, denn der ergonomisch geformte kurze Griff sorgt f\u00fcr eine optimale Kraft\u00fcbertragung. Nat\u00fcrlich ist [&hellip;]<\/p>\n","protected":false},"featured_media":6368774,"template":"","meta":{"_acf_changed":false},"product_cat":[11668,12100,12116],"product_tag":[],"class_list":{"0":"post-55503","1":"product","2":"type-product","3":"status-publish","4":"has-post-thumbnail","6":"product_cat-cucina","7":"product_cat-kuche","8":"product_cat-werkzeuge","10":"first","11":"instock","12":"taxable","13":"shipping-taxable","14":"purchasable","15":"product-type-simple","swatches":"rey-swatches","show_selected":"","stretch_labels":"rey-swatches--stretch-labels"},"acf":[],"yoast_head":"<!-- This site is optimized with the Yoast SEO plugin v25.4 - https:\/\/yoast.com\/wordpress\/plugins\/seo\/ -->\n<title>ZWILLING PRO Reisl\u00f6ffel - dev6 Erresse<\/title>\n<meta name=\"description\" content=\"Die asiatische K\u00fcche erfreut sich heute gro\u00dfer Beliebtheit. Und dazu geh\u00f6rt auch Reis. Mit dem Silikon-Reisl\u00f6ffel aus der ZWILLING Pro Kollektion l\u00e4sst\" \/>\n<meta name=\"robots\" content=\"noindex, follow, max-snippet:-1, max-image-preview:large, max-video-preview:-1\" \/>\n<meta property=\"og:locale\" content=\"de_DE\" \/>\n<meta property=\"og:type\" content=\"article\" \/>\n<meta property=\"og:title\" content=\"ZWILLING PRO Reisl\u00f6ffel - dev6 Erresse\" \/>\n<meta property=\"og:description\" content=\"Die asiatische K\u00fcche erfreut sich heute gro\u00dfer Beliebtheit. Und dazu geh\u00f6rt auch Reis. Mit dem Silikon-Reisl\u00f6ffel aus der ZWILLING Pro Kollektion l\u00e4sst\" \/>\n<meta property=\"og:url\" content=\"https:\/\/dev6.erresse-shop.it\/de\/shop\/kuche\/werkzeuge\/zwilling-pro-reisloeffel\/\" \/>\n<meta property=\"og:site_name\" content=\"dev6 Erresse\" \/>\n<meta property=\"og:image\" content=\"https:\/\/interpim.erresse-shop.it\/img-catalogo\/zwilling\/zwilling-pro-cucchiaio-per-riso.png\" \/><meta property=\"og:image\" content=\"https:\/\/interpim.erresse-shop.it\/img-catalogo\/zwilling\/zwilling-pro-cucchiaio-per-riso.png\" \/>\n\t<meta property=\"og:image:width\" content=\"1024\" \/>\n\t<meta property=\"og:image:height\" content=\"1024\" \/>\n\t<meta property=\"og:image:type\" content=\"image\/jpeg\" \/>\n<meta name=\"twitter:card\" content=\"summary_large_image\" \/>\n<meta name=\"twitter:image\" content=\"https:\/\/interpim.erresse-shop.it\/img-catalogo\/zwilling\/zwilling-pro-cucchiaio-per-riso.png\" \/>\n<script type=\"application\/ld+json\" class=\"yoast-schema-graph\">{\"@context\":\"https:\/\/schema.org\",\"@graph\":[{\"@type\":\"WebPage\",\"@id\":\"https:\/\/dev6.erresse-shop.it\/de\/shop\/kuche\/werkzeuge\/zwilling-pro-reisloeffel\/\",\"url\":\"https:\/\/dev6.erresse-shop.it\/de\/shop\/kuche\/werkzeuge\/zwilling-pro-reisloeffel\/\",\"name\":\"ZWILLING PRO Reisl\u00f6ffel - dev6 Erresse\",\"isPartOf\":{\"@id\":\"https:\/\/dev6.erresse-shop.it\/#website\"},\"primaryImageOfPage\":{\"@id\":\"https:\/\/dev6.erresse-shop.it\/de\/shop\/kuche\/werkzeuge\/zwilling-pro-reisloeffel\/#primaryimage\"},\"image\":{\"@id\":\"https:\/\/dev6.erresse-shop.it\/de\/shop\/kuche\/werkzeuge\/zwilling-pro-reisloeffel\/#primaryimage\"},\"thumbnailUrl\":\"https:\/\/i2.wp.com\/interpim.erresse-shop.it\/img-catalogo\/zwilling\/zwilling-pro-cucchiaio-per-riso.png?ssl=1\",\"datePublished\":\"2026-04-12T09:23:12+00:00\",\"description\":\"Die asiatische K\u00fcche erfreut sich heute gro\u00dfer Beliebtheit. Und dazu geh\u00f6rt auch Reis. Mit dem Silikon-Reisl\u00f6ffel aus der ZWILLING Pro Kollektion l\u00e4sst\",\"breadcrumb\":{\"@id\":\"https:\/\/dev6.erresse-shop.it\/de\/shop\/kuche\/werkzeuge\/zwilling-pro-reisloeffel\/#breadcrumb\"},\"inLanguage\":\"de\",\"potentialAction\":[{\"@type\":\"ReadAction\",\"target\":[\"https:\/\/dev6.erresse-shop.it\/de\/shop\/kuche\/werkzeuge\/zwilling-pro-reisloeffel\/\"]}]},{\"@type\":\"ImageObject\",\"inLanguage\":\"de\",\"@id\":\"https:\/\/dev6.erresse-shop.it\/de\/shop\/kuche\/werkzeuge\/zwilling-pro-reisloeffel\/#primaryimage\",\"url\":\"https:\/\/i2.wp.com\/interpim.erresse-shop.it\/img-catalogo\/zwilling\/zwilling-pro-cucchiaio-per-riso.png?ssl=1\",\"contentUrl\":\"https:\/\/i2.wp.com\/interpim.erresse-shop.it\/img-catalogo\/zwilling\/zwilling-pro-cucchiaio-per-riso.png?ssl=1\"},{\"@type\":\"BreadcrumbList\",\"@id\":\"https:\/\/dev6.erresse-shop.it\/de\/shop\/kuche\/werkzeuge\/zwilling-pro-reisloeffel\/#breadcrumb\",\"itemListElement\":[{\"@type\":\"ListItem\",\"position\":1,\"name\":\"Home\",\"item\":\"https:\/\/dev6.erresse-shop.it\/\"},{\"@type\":\"ListItem\",\"position\":2,\"name\":\"Shop\",\"item\":\"https:\/\/dev6.erresse-shop.it\/shop\/\"},{\"@type\":\"ListItem\",\"position\":3,\"name\":\"ZWILLING PRO Reisl\u00f6ffel\"}]},{\"@type\":\"WebSite\",\"@id\":\"https:\/\/dev6.erresse-shop.it\/#website\",\"url\":\"https:\/\/dev6.erresse-shop.it\/\",\"name\":\"Erresse Shop\",\"description\":\"\",\"publisher\":{\"@id\":\"https:\/\/dev6.erresse-shop.it\/#organization\"},\"potentialAction\":[{\"@type\":\"SearchAction\",\"target\":{\"@type\":\"EntryPoint\",\"urlTemplate\":\"https:\/\/dev6.erresse-shop.it\/?s={search_term_string}\"},\"query-input\":{\"@type\":\"PropertyValueSpecification\",\"valueRequired\":true,\"valueName\":\"search_term_string\"}}],\"inLanguage\":\"de\"},{\"@type\":\"Organization\",\"@id\":\"https:\/\/dev6.erresse-shop.it\/#organization\",\"name\":\"Erresse Shop\",\"url\":\"https:\/\/dev6.erresse-shop.it\/\",\"logo\":{\"@type\":\"ImageObject\",\"inLanguage\":\"de\",\"@id\":\"https:\/\/dev6.erresse-shop.it\/#\/schema\/logo\/image\/\",\"url\":\"https:\/\/dev6.erresse-shop.it\/wp-content\/uploads\/2025\/01\/LOGO-ERRESSE-CLASSICO.svg\",\"contentUrl\":\"https:\/\/dev6.erresse-shop.it\/wp-content\/uploads\/2025\/01\/LOGO-ERRESSE-CLASSICO.svg\",\"caption\":\"Erresse Shop\"},\"image\":{\"@id\":\"https:\/\/dev6.erresse-shop.it\/#\/schema\/logo\/image\/\"}}]}<\/script>\n<!-- \/ Yoast SEO plugin. -->","yoast_head_json":{"title":"ZWILLING PRO Reisl\u00f6ffel - dev6 Erresse","description":"Die asiatische K\u00fcche erfreut sich heute gro\u00dfer Beliebtheit. Und dazu geh\u00f6rt auch Reis. Mit dem Silikon-Reisl\u00f6ffel aus der ZWILLING Pro Kollektion l\u00e4sst","robots":{"index":"noindex","follow":"follow","max-snippet":"max-snippet:-1","max-image-preview":"max-image-preview:large","max-video-preview":"max-video-preview:-1"},"og_locale":"de_DE","og_type":"article","og_title":"ZWILLING PRO Reisl\u00f6ffel - dev6 Erresse","og_description":"Die asiatische K\u00fcche erfreut sich heute gro\u00dfer Beliebtheit. Und dazu geh\u00f6rt auch Reis. Mit dem Silikon-Reisl\u00f6ffel aus der ZWILLING Pro Kollektion l\u00e4sst","og_url":"https:\/\/dev6.erresse-shop.it\/de\/shop\/kuche\/werkzeuge\/zwilling-pro-reisloeffel\/","og_site_name":"dev6 Erresse","og_image":[{"url":"https:\/\/interpim.erresse-shop.it\/img-catalogo\/zwilling\/zwilling-pro-cucchiaio-per-riso.png","type":"","width":"","height":""},{"url":"https:\/\/interpim.erresse-shop.it\/img-catalogo\/zwilling\/zwilling-pro-cucchiaio-per-riso.png","width":1024,"height":1024,"type":"image\/jpeg"}],"twitter_card":"summary_large_image","twitter_image":"https:\/\/interpim.erresse-shop.it\/img-catalogo\/zwilling\/zwilling-pro-cucchiaio-per-riso.png","schema":{"@context":"https:\/\/schema.org","@graph":[{"@type":"WebPage","@id":"https:\/\/dev6.erresse-shop.it\/de\/shop\/kuche\/werkzeuge\/zwilling-pro-reisloeffel\/","url":"https:\/\/dev6.erresse-shop.it\/de\/shop\/kuche\/werkzeuge\/zwilling-pro-reisloeffel\/","name":"ZWILLING PRO Reisl\u00f6ffel - dev6 Erresse","isPartOf":{"@id":"https:\/\/dev6.erresse-shop.it\/#website"},"primaryImageOfPage":{"@id":"https:\/\/dev6.erresse-shop.it\/de\/shop\/kuche\/werkzeuge\/zwilling-pro-reisloeffel\/#primaryimage"},"image":{"@id":"https:\/\/dev6.erresse-shop.it\/de\/shop\/kuche\/werkzeuge\/zwilling-pro-reisloeffel\/#primaryimage"},"thumbnailUrl":"https:\/\/i2.wp.com\/interpim.erresse-shop.it\/img-catalogo\/zwilling\/zwilling-pro-cucchiaio-per-riso.png?ssl=1","datePublished":"2026-04-12T09:23:12+00:00","description":"Die asiatische K\u00fcche erfreut sich heute gro\u00dfer Beliebtheit. Und dazu geh\u00f6rt auch Reis. Mit dem Silikon-Reisl\u00f6ffel aus der ZWILLING Pro Kollektion l\u00e4sst","breadcrumb":{"@id":"https:\/\/dev6.erresse-shop.it\/de\/shop\/kuche\/werkzeuge\/zwilling-pro-reisloeffel\/#breadcrumb"},"inLanguage":"de","potentialAction":[{"@type":"ReadAction","target":["https:\/\/dev6.erresse-shop.it\/de\/shop\/kuche\/werkzeuge\/zwilling-pro-reisloeffel\/"]}]},{"@type":"ImageObject","inLanguage":"de","@id":"https:\/\/dev6.erresse-shop.it\/de\/shop\/kuche\/werkzeuge\/zwilling-pro-reisloeffel\/#primaryimage","url":"https:\/\/i2.wp.com\/interpim.erresse-shop.it\/img-catalogo\/zwilling\/zwilling-pro-cucchiaio-per-riso.png?ssl=1","contentUrl":"https:\/\/i2.wp.com\/interpim.erresse-shop.it\/img-catalogo\/zwilling\/zwilling-pro-cucchiaio-per-riso.png?ssl=1"},{"@type":"BreadcrumbList","@id":"https:\/\/dev6.erresse-shop.it\/de\/shop\/kuche\/werkzeuge\/zwilling-pro-reisloeffel\/#breadcrumb","itemListElement":[{"@type":"ListItem","position":1,"name":"Home","item":"https:\/\/dev6.erresse-shop.it\/"},{"@type":"ListItem","position":2,"name":"Shop","item":"https:\/\/dev6.erresse-shop.it\/shop\/"},{"@type":"ListItem","position":3,"name":"ZWILLING PRO Reisl\u00f6ffel"}]},{"@type":"WebSite","@id":"https:\/\/dev6.erresse-shop.it\/#website","url":"https:\/\/dev6.erresse-shop.it\/","name":"Erresse Shop","description":"","publisher":{"@id":"https:\/\/dev6.erresse-shop.it\/#organization"},"potentialAction":[{"@type":"SearchAction","target":{"@type":"EntryPoint","urlTemplate":"https:\/\/dev6.erresse-shop.it\/?s={search_term_string}"},"query-input":{"@type":"PropertyValueSpecification","valueRequired":true,"valueName":"search_term_string"}}],"inLanguage":"de"},{"@type":"Organization","@id":"https:\/\/dev6.erresse-shop.it\/#organization","name":"Erresse Shop","url":"https:\/\/dev6.erresse-shop.it\/","logo":{"@type":"ImageObject","inLanguage":"de","@id":"https:\/\/dev6.erresse-shop.it\/#\/schema\/logo\/image\/","url":"https:\/\/dev6.erresse-shop.it\/wp-content\/uploads\/2025\/01\/LOGO-ERRESSE-CLASSICO.svg","contentUrl":"https:\/\/dev6.erresse-shop.it\/wp-content\/uploads\/2025\/01\/LOGO-ERRESSE-CLASSICO.svg","caption":"Erresse Shop"},"image":{"@id":"https:\/\/dev6.erresse-shop.it\/#\/schema\/logo\/image\/"}}]}},"df_price":24.95,"df_sale_price":"","df_regular_price":24.95,"df_image_link":"https:\/\/i2.wp.com\/interpim.erresse-shop.it\/img-catalogo\/zwilling\/zwilling-pro-cucchiaio-per-riso.png?resize=300,300&ssl=1","fifu_image_url":"https:\/\/interpim.erresse-shop.it\/img-catalogo\/zwilling\/zwilling-pro-cucchiaio-per-riso.png","_links":{"self":[{"href":"https:\/\/dev6.erresse-shop.it\/de\/wp-json\/wp\/v2\/product\/55503","targetHints":{"allow":["GET"]}}],"collection":[{"href":"https:\/\/dev6.erresse-shop.it\/de\/wp-json\/wp\/v2\/product"}],"about":[{"href":"https:\/\/dev6.erresse-shop.it\/de\/wp-json\/wp\/v2\/types\/product"}],"wp:featuredmedia":[{"embeddable":true,"href":"https:\/\/dev6.erresse-shop.it\/de\/wp-json\/wp\/v2\/media\/6368774"}],"wp:attachment":[{"href":"https:\/\/dev6.erresse-shop.it\/de\/wp-json\/wp\/v2\/media?parent=55503"}],"wp:term":[{"taxonomy":"product_cat","embeddable":true,"href":"https:\/\/dev6.erresse-shop.it\/de\/wp-json\/wp\/v2\/product_cat?post=55503"},{"taxonomy":"product_tag","embeddable":true,"href":"https:\/\/dev6.erresse-shop.it\/de\/wp-json\/wp\/v2\/product_tag?post=55503"}],"curies":[{"name":"wp","href":"https:\/\/api.w.org\/{rel}","templated":true}]}}