{"id":55489,"date":"2026-04-12T11:21:11","date_gmt":"2026-04-12T09:21:11","guid":{"rendered":"https:\/\/dev6.erresse-shop.it\/shop\/unkategorisiert\/zwilling-z-cut-spiralreibe\/"},"modified":"2025-09-14T02:04:04","modified_gmt":"2025-09-14T00:04:04","slug":"zwilling-z-cut-spiralreibe","status":"publish","type":"product","link":"https:\/\/dev6.erresse-shop.it\/de\/shop\/kuche\/werkzeuge\/zwilling-z-cut-spiralreibe\/","title":{"rendered":"ZWILLING Z-CUT Spiralreibe"},"content":{"rendered":"<p>Noch nie war das Kochen mit gesunden, frischen Zutaten so schnell. Mit dem Spiralschneider der Z-Cut-Serie von ZWILLING k\u00f6nnen Sie Obst und Gem\u00fcse \u00e4u\u00dferst effizient verarbeiten. Sie haben die Wahl, ob Sie Gem\u00fcse spiralisieren, Spaghetti oder vegane Fettuccine mit Zucchini zubereiten oder leckere Kartoffelspiralen kreieren m\u00f6chten: Lassen Sie Ihrer Fantasie freien Lauf dank der drei mit Klingen ausgestatteten Eins\u00e4tze, die dieses unverzichtbare Werkzeug in einen Gem\u00fcseschneider, Spaghettischneider und vieles mehr verwandeln. Was macht den Unterschied? Nat\u00fcrlich ZWILLING-Klingen! Kein Wunder, denn sie sind das Ergebnis unseres umfassenden Know-hows und der Technologien, die wir f\u00fcr Klingen und Messer einsetzen. Die Klingen sind so scharf, dass Sie damit m\u00fchelos handliche Portionen zubereiten k\u00f6nnen. Die Reibe wurde vom Mail\u00e4nder Designerduo Matteo Thun und Antonio Rodriguez entworfen: Sie werden ihren minimalistischen und zeitlosen Look lieben. Ohne die Praktikabilit\u00e4t zu vergessen: Halten Sie die Klingeneins\u00e4tze, die Sie nicht verwenden, im Kunststoffgeh\u00e4use bereit f\u00fcr den Einsatz. Durch die verwendeten Materialien (Edelstahl 18\/10 und hochwertiger Kunststoff) ist der Spiralschneider leicht zu reinigen und im Laufe der Zeit immer perfekt. Wussten Sie, dass Sie alles auch in der Sp\u00fclmaschine waschen k\u00f6nnen?<\/p>\n<p>4-in-1-Spiralschneider: zur Herstellung von Spaghetti und Gem\u00fcsefettuccine, mit 3 verschiedenen Breiten<br \/>\nZur Zubereitung von Spiralgem\u00fcse, Gem\u00fcse zum Rohverzehr oder tollen Obstdekorationen zum Nachtisch<br \/>\nEs ist sp\u00fclmaschinenfest, beh\u00e4lt seine Form und sein Aussehen und h\u00e4lt lange<br \/>\nHergestellt aus Edelstahl 18\/10<\/p>\n","protected":false},"excerpt":{"rendered":"<p>Noch nie war das Kochen mit gesunden, frischen Zutaten so schnell. Mit dem Spiralschneider der Z-Cut-Serie von ZWILLING k\u00f6nnen Sie Obst und Gem\u00fcse \u00e4u\u00dferst effizient verarbeiten. Sie haben die Wahl, ob Sie Gem\u00fcse spiralisieren, Spaghetti oder vegane Fettuccine mit Zucchini zubereiten oder leckere Kartoffelspiralen kreieren m\u00f6chten: Lassen Sie Ihrer Fantasie freien Lauf dank der drei [&hellip;]<\/p>\n","protected":false},"featured_media":6368726,"template":"","meta":{"_acf_changed":false},"product_cat":[12100,12161,11684,12116],"product_tag":[],"class_list":{"0":"post-55489","1":"product","2":"type-product","3":"status-publish","4":"has-post-thumbnail","6":"product_cat-kuche","7":"product_cat-reiben","8":"product_cat-utensili","9":"product_cat-werkzeuge","11":"first","12":"instock","13":"taxable","14":"shipping-taxable","15":"purchasable","16":"product-type-simple","swatches":"rey-swatches","show_selected":"","stretch_labels":"rey-swatches--stretch-labels"},"acf":[],"yoast_head":"<!-- This site is optimized with the Yoast SEO plugin v25.4 - https:\/\/yoast.com\/wordpress\/plugins\/seo\/ -->\n<title>ZWILLING Z-CUT Spiralreibe - dev6 Erresse<\/title>\n<meta name=\"description\" content=\"Noch nie war das Kochen mit gesunden, frischen Zutaten so schnell. Mit dem Spiralschneider der Z-Cut-Serie von ZWILLING k\u00f6nnen Sie Obst und Gem\u00fcse \u00e4u\u00dferst\" \/>\n<meta name=\"robots\" content=\"noindex, follow, max-snippet:-1, max-image-preview:large, max-video-preview:-1\" \/>\n<meta property=\"og:locale\" content=\"de_DE\" \/>\n<meta property=\"og:type\" content=\"article\" \/>\n<meta property=\"og:title\" content=\"ZWILLING Z-CUT Spiralreibe - dev6 Erresse\" \/>\n<meta property=\"og:description\" content=\"Noch nie war das Kochen mit gesunden, frischen Zutaten so schnell. Mit dem Spiralschneider der Z-Cut-Serie von ZWILLING k\u00f6nnen Sie Obst und Gem\u00fcse \u00e4u\u00dferst\" \/>\n<meta property=\"og:url\" content=\"https:\/\/dev6.erresse-shop.it\/de\/shop\/kuche\/werkzeuge\/zwilling-z-cut-spiralreibe\/\" \/>\n<meta property=\"og:site_name\" content=\"dev6 Erresse\" \/>\n<meta property=\"og:image\" content=\"https:\/\/interpim.erresse-shop.it\/img-catalogo\/zwilling\/zwilling-z-cut-grattugia-spirale.png\" \/><meta property=\"og:image\" content=\"https:\/\/interpim.erresse-shop.it\/img-catalogo\/zwilling\/zwilling-z-cut-grattugia-spirale.png\" \/>\n\t<meta property=\"og:image:width\" content=\"1024\" \/>\n\t<meta property=\"og:image:height\" content=\"1024\" \/>\n\t<meta property=\"og:image:type\" content=\"image\/jpeg\" \/>\n<meta name=\"twitter:card\" content=\"summary_large_image\" \/>\n<meta name=\"twitter:image\" content=\"https:\/\/interpim.erresse-shop.it\/img-catalogo\/zwilling\/zwilling-z-cut-grattugia-spirale.png\" \/>\n<script type=\"application\/ld+json\" class=\"yoast-schema-graph\">{\"@context\":\"https:\/\/schema.org\",\"@graph\":[{\"@type\":\"WebPage\",\"@id\":\"https:\/\/dev6.erresse-shop.it\/de\/shop\/kuche\/werkzeuge\/zwilling-z-cut-spiralreibe\/\",\"url\":\"https:\/\/dev6.erresse-shop.it\/de\/shop\/kuche\/werkzeuge\/zwilling-z-cut-spiralreibe\/\",\"name\":\"ZWILLING Z-CUT Spiralreibe - dev6 Erresse\",\"isPartOf\":{\"@id\":\"https:\/\/dev6.erresse-shop.it\/#website\"},\"primaryImageOfPage\":{\"@id\":\"https:\/\/dev6.erresse-shop.it\/de\/shop\/kuche\/werkzeuge\/zwilling-z-cut-spiralreibe\/#primaryimage\"},\"image\":{\"@id\":\"https:\/\/dev6.erresse-shop.it\/de\/shop\/kuche\/werkzeuge\/zwilling-z-cut-spiralreibe\/#primaryimage\"},\"thumbnailUrl\":\"https:\/\/i3.wp.com\/interpim.erresse-shop.it\/img-catalogo\/zwilling\/zwilling-z-cut-grattugia-spirale.png?ssl=1\",\"datePublished\":\"2026-04-12T09:21:11+00:00\",\"description\":\"Noch nie war das Kochen mit gesunden, frischen Zutaten so schnell. Mit dem Spiralschneider der Z-Cut-Serie von ZWILLING k\u00f6nnen Sie Obst und Gem\u00fcse \u00e4u\u00dferst\",\"breadcrumb\":{\"@id\":\"https:\/\/dev6.erresse-shop.it\/de\/shop\/kuche\/werkzeuge\/zwilling-z-cut-spiralreibe\/#breadcrumb\"},\"inLanguage\":\"de\",\"potentialAction\":[{\"@type\":\"ReadAction\",\"target\":[\"https:\/\/dev6.erresse-shop.it\/de\/shop\/kuche\/werkzeuge\/zwilling-z-cut-spiralreibe\/\"]}]},{\"@type\":\"ImageObject\",\"inLanguage\":\"de\",\"@id\":\"https:\/\/dev6.erresse-shop.it\/de\/shop\/kuche\/werkzeuge\/zwilling-z-cut-spiralreibe\/#primaryimage\",\"url\":\"https:\/\/i3.wp.com\/interpim.erresse-shop.it\/img-catalogo\/zwilling\/zwilling-z-cut-grattugia-spirale.png?ssl=1\",\"contentUrl\":\"https:\/\/i3.wp.com\/interpim.erresse-shop.it\/img-catalogo\/zwilling\/zwilling-z-cut-grattugia-spirale.png?ssl=1\"},{\"@type\":\"BreadcrumbList\",\"@id\":\"https:\/\/dev6.erresse-shop.it\/de\/shop\/kuche\/werkzeuge\/zwilling-z-cut-spiralreibe\/#breadcrumb\",\"itemListElement\":[{\"@type\":\"ListItem\",\"position\":1,\"name\":\"Home\",\"item\":\"https:\/\/dev6.erresse-shop.it\/\"},{\"@type\":\"ListItem\",\"position\":2,\"name\":\"Shop\",\"item\":\"https:\/\/dev6.erresse-shop.it\/shop\/\"},{\"@type\":\"ListItem\",\"position\":3,\"name\":\"ZWILLING Z-CUT Spiralreibe\"}]},{\"@type\":\"WebSite\",\"@id\":\"https:\/\/dev6.erresse-shop.it\/#website\",\"url\":\"https:\/\/dev6.erresse-shop.it\/\",\"name\":\"Erresse Shop\",\"description\":\"\",\"publisher\":{\"@id\":\"https:\/\/dev6.erresse-shop.it\/#organization\"},\"potentialAction\":[{\"@type\":\"SearchAction\",\"target\":{\"@type\":\"EntryPoint\",\"urlTemplate\":\"https:\/\/dev6.erresse-shop.it\/?s={search_term_string}\"},\"query-input\":{\"@type\":\"PropertyValueSpecification\",\"valueRequired\":true,\"valueName\":\"search_term_string\"}}],\"inLanguage\":\"de\"},{\"@type\":\"Organization\",\"@id\":\"https:\/\/dev6.erresse-shop.it\/#organization\",\"name\":\"Erresse Shop\",\"url\":\"https:\/\/dev6.erresse-shop.it\/\",\"logo\":{\"@type\":\"ImageObject\",\"inLanguage\":\"de\",\"@id\":\"https:\/\/dev6.erresse-shop.it\/#\/schema\/logo\/image\/\",\"url\":\"https:\/\/dev6.erresse-shop.it\/wp-content\/uploads\/2025\/01\/LOGO-ERRESSE-CLASSICO.svg\",\"contentUrl\":\"https:\/\/dev6.erresse-shop.it\/wp-content\/uploads\/2025\/01\/LOGO-ERRESSE-CLASSICO.svg\",\"caption\":\"Erresse Shop\"},\"image\":{\"@id\":\"https:\/\/dev6.erresse-shop.it\/#\/schema\/logo\/image\/\"}}]}<\/script>\n<!-- \/ Yoast SEO plugin. -->","yoast_head_json":{"title":"ZWILLING Z-CUT Spiralreibe - dev6 Erresse","description":"Noch nie war das Kochen mit gesunden, frischen Zutaten so schnell. Mit dem Spiralschneider der Z-Cut-Serie von ZWILLING k\u00f6nnen Sie Obst und Gem\u00fcse \u00e4u\u00dferst","robots":{"index":"noindex","follow":"follow","max-snippet":"max-snippet:-1","max-image-preview":"max-image-preview:large","max-video-preview":"max-video-preview:-1"},"og_locale":"de_DE","og_type":"article","og_title":"ZWILLING Z-CUT Spiralreibe - dev6 Erresse","og_description":"Noch nie war das Kochen mit gesunden, frischen Zutaten so schnell. Mit dem Spiralschneider der Z-Cut-Serie von ZWILLING k\u00f6nnen Sie Obst und Gem\u00fcse \u00e4u\u00dferst","og_url":"https:\/\/dev6.erresse-shop.it\/de\/shop\/kuche\/werkzeuge\/zwilling-z-cut-spiralreibe\/","og_site_name":"dev6 Erresse","og_image":[{"url":"https:\/\/interpim.erresse-shop.it\/img-catalogo\/zwilling\/zwilling-z-cut-grattugia-spirale.png","type":"","width":"","height":""},{"url":"https:\/\/interpim.erresse-shop.it\/img-catalogo\/zwilling\/zwilling-z-cut-grattugia-spirale.png","width":1024,"height":1024,"type":"image\/jpeg"}],"twitter_card":"summary_large_image","twitter_image":"https:\/\/interpim.erresse-shop.it\/img-catalogo\/zwilling\/zwilling-z-cut-grattugia-spirale.png","schema":{"@context":"https:\/\/schema.org","@graph":[{"@type":"WebPage","@id":"https:\/\/dev6.erresse-shop.it\/de\/shop\/kuche\/werkzeuge\/zwilling-z-cut-spiralreibe\/","url":"https:\/\/dev6.erresse-shop.it\/de\/shop\/kuche\/werkzeuge\/zwilling-z-cut-spiralreibe\/","name":"ZWILLING Z-CUT Spiralreibe - dev6 Erresse","isPartOf":{"@id":"https:\/\/dev6.erresse-shop.it\/#website"},"primaryImageOfPage":{"@id":"https:\/\/dev6.erresse-shop.it\/de\/shop\/kuche\/werkzeuge\/zwilling-z-cut-spiralreibe\/#primaryimage"},"image":{"@id":"https:\/\/dev6.erresse-shop.it\/de\/shop\/kuche\/werkzeuge\/zwilling-z-cut-spiralreibe\/#primaryimage"},"thumbnailUrl":"https:\/\/i3.wp.com\/interpim.erresse-shop.it\/img-catalogo\/zwilling\/zwilling-z-cut-grattugia-spirale.png?ssl=1","datePublished":"2026-04-12T09:21:11+00:00","description":"Noch nie war das Kochen mit gesunden, frischen Zutaten so schnell. Mit dem Spiralschneider der Z-Cut-Serie von ZWILLING k\u00f6nnen Sie Obst und Gem\u00fcse \u00e4u\u00dferst","breadcrumb":{"@id":"https:\/\/dev6.erresse-shop.it\/de\/shop\/kuche\/werkzeuge\/zwilling-z-cut-spiralreibe\/#breadcrumb"},"inLanguage":"de","potentialAction":[{"@type":"ReadAction","target":["https:\/\/dev6.erresse-shop.it\/de\/shop\/kuche\/werkzeuge\/zwilling-z-cut-spiralreibe\/"]}]},{"@type":"ImageObject","inLanguage":"de","@id":"https:\/\/dev6.erresse-shop.it\/de\/shop\/kuche\/werkzeuge\/zwilling-z-cut-spiralreibe\/#primaryimage","url":"https:\/\/i3.wp.com\/interpim.erresse-shop.it\/img-catalogo\/zwilling\/zwilling-z-cut-grattugia-spirale.png?ssl=1","contentUrl":"https:\/\/i3.wp.com\/interpim.erresse-shop.it\/img-catalogo\/zwilling\/zwilling-z-cut-grattugia-spirale.png?ssl=1"},{"@type":"BreadcrumbList","@id":"https:\/\/dev6.erresse-shop.it\/de\/shop\/kuche\/werkzeuge\/zwilling-z-cut-spiralreibe\/#breadcrumb","itemListElement":[{"@type":"ListItem","position":1,"name":"Home","item":"https:\/\/dev6.erresse-shop.it\/"},{"@type":"ListItem","position":2,"name":"Shop","item":"https:\/\/dev6.erresse-shop.it\/shop\/"},{"@type":"ListItem","position":3,"name":"ZWILLING Z-CUT Spiralreibe"}]},{"@type":"WebSite","@id":"https:\/\/dev6.erresse-shop.it\/#website","url":"https:\/\/dev6.erresse-shop.it\/","name":"Erresse Shop","description":"","publisher":{"@id":"https:\/\/dev6.erresse-shop.it\/#organization"},"potentialAction":[{"@type":"SearchAction","target":{"@type":"EntryPoint","urlTemplate":"https:\/\/dev6.erresse-shop.it\/?s={search_term_string}"},"query-input":{"@type":"PropertyValueSpecification","valueRequired":true,"valueName":"search_term_string"}}],"inLanguage":"de"},{"@type":"Organization","@id":"https:\/\/dev6.erresse-shop.it\/#organization","name":"Erresse Shop","url":"https:\/\/dev6.erresse-shop.it\/","logo":{"@type":"ImageObject","inLanguage":"de","@id":"https:\/\/dev6.erresse-shop.it\/#\/schema\/logo\/image\/","url":"https:\/\/dev6.erresse-shop.it\/wp-content\/uploads\/2025\/01\/LOGO-ERRESSE-CLASSICO.svg","contentUrl":"https:\/\/dev6.erresse-shop.it\/wp-content\/uploads\/2025\/01\/LOGO-ERRESSE-CLASSICO.svg","caption":"Erresse Shop"},"image":{"@id":"https:\/\/dev6.erresse-shop.it\/#\/schema\/logo\/image\/"}}]}},"df_price":17.95,"df_sale_price":"","df_regular_price":17.95,"df_image_link":"https:\/\/i3.wp.com\/interpim.erresse-shop.it\/img-catalogo\/zwilling\/zwilling-z-cut-grattugia-spirale.png?resize=300,300&ssl=1","fifu_image_url":"https:\/\/interpim.erresse-shop.it\/img-catalogo\/zwilling\/zwilling-z-cut-grattugia-spirale.png","_links":{"self":[{"href":"https:\/\/dev6.erresse-shop.it\/de\/wp-json\/wp\/v2\/product\/55489","targetHints":{"allow":["GET"]}}],"collection":[{"href":"https:\/\/dev6.erresse-shop.it\/de\/wp-json\/wp\/v2\/product"}],"about":[{"href":"https:\/\/dev6.erresse-shop.it\/de\/wp-json\/wp\/v2\/types\/product"}],"wp:featuredmedia":[{"embeddable":true,"href":"https:\/\/dev6.erresse-shop.it\/de\/wp-json\/wp\/v2\/media\/6368726"}],"wp:attachment":[{"href":"https:\/\/dev6.erresse-shop.it\/de\/wp-json\/wp\/v2\/media?parent=55489"}],"wp:term":[{"taxonomy":"product_cat","embeddable":true,"href":"https:\/\/dev6.erresse-shop.it\/de\/wp-json\/wp\/v2\/product_cat?post=55489"},{"taxonomy":"product_tag","embeddable":true,"href":"https:\/\/dev6.erresse-shop.it\/de\/wp-json\/wp\/v2\/product_tag?post=55489"}],"curies":[{"name":"wp","href":"https:\/\/api.w.org\/{rel}","templated":true}]}}