{"id":55485,"date":"2026-04-12T11:21:11","date_gmt":"2026-04-12T09:21:11","guid":{"rendered":"https:\/\/dev6.erresse-shop.it\/shop\/unkategorisiert\/zwilling-z-cut-vertikale-reibe-mit-4-seiten\/"},"modified":"2025-09-14T02:03:55","modified_gmt":"2025-09-14T00:03:55","slug":"zwilling-z-cut-vertikale-reibe-mit-4-seiten","status":"publish","type":"product","link":"https:\/\/dev6.erresse-shop.it\/de\/shop\/kuche\/werkzeuge\/zwilling-z-cut-vertikale-reibe-mit-4-seiten\/","title":{"rendered":"ZWILLING Z-CUT Vertikale Reibe mit 4 Seiten"},"content":{"rendered":"<p>Du kochst gerne leicht und gesund und liebst die Vielseitigkeit deines Wochenmen\u00fcs? Die 6-in-1-Reibe aus der ZWILLING Z-Cut-Serie ist das perfekte Werkzeug f\u00fcr Sie. Mit diesem K\u00fcchen-Allrounder k\u00f6nnen Sie K\u00e4se, Obst, Gem\u00fcse, N\u00fcsse und sogar Schokolade reiben, fein hobeln und schneiden. Ihnen stehen die Vielseitigkeit seiner vier Seiten zum Reiben, eine feine und eine grobe Reibe sowie eine scharfe Klinge auf beiden Seiten zur Verf\u00fcgung. Die Klingen sind das Ergebnis unseres umfassenden Know-hows und der Technologien, die wir f\u00fcr Klingen und Messer verwenden: Dank der patentierten Z-Cut-Technologie erfolgt das Reiben wirklich sofort. Mit den Klingen aus 18\/10-Edelstahl k\u00f6nnen Sie mit weniger Kraftaufwand und in k\u00fcrzerer Zeit in beide Richtungen arbeiten. Aber es geht noch weiter: Diese Multifunktionsreibe h\u00e4lt noch viele weitere intelligente L\u00f6sungen f\u00fcr Sie bereit. Dank des integrierten Beh\u00e4lters k\u00f6nnen Sie das geriebene Reibgut einfach und ohne Verschmutzungen entnehmen. Die rutschfeste Unterseite sorgt daf\u00fcr, dass die Reibe auch bei intensivsten Eins\u00e4tzen stabil bleibt. Und mit der entsprechenden Beschichtung ist die Reibe immer sicher. Die Reibe wurde vom Mail\u00e4nder Designerduo Matteo Thun und Antonio Rodriguez entworfen und besticht durch ihre minimalistische Optik. Nach Gebrauch k\u00f6nnen Sie es auch in die Sp\u00fclmaschine geben, sodass es sehr einfach zu reinigen ist.<\/p>\n<p>Vier Seiten zum Reiben, Feinhacken, Hobeln und Schneiden in Flocken oder Streifen<br \/>\nEs ist sp\u00fclmaschinenfest, beh\u00e4lt seine Form und sein Aussehen und h\u00e4lt lange<br \/>\nHergestellt aus Edelstahl 18\/10<br \/>\nZWILLING Z-Cut-Design mit bidirektionaler Klingentechnologie<br \/>\nSicherer: mit Schutzbeschichtung und rutschfester Gummiunterseite<br \/>\nHerausnehmbarer Beh\u00e4lter f\u00fcr schmutzfreies Arbeiten<\/p>\n","protected":false},"excerpt":{"rendered":"<p>Du kochst gerne leicht und gesund und liebst die Vielseitigkeit deines Wochenmen\u00fcs? Die 6-in-1-Reibe aus der ZWILLING Z-Cut-Serie ist das perfekte Werkzeug f\u00fcr Sie. Mit diesem K\u00fcchen-Allrounder k\u00f6nnen Sie K\u00e4se, Obst, Gem\u00fcse, N\u00fcsse und sogar Schokolade reiben, fein hobeln und schneiden. Ihnen stehen die Vielseitigkeit seiner vier Seiten zum Reiben, eine feine und eine grobe [&hellip;]<\/p>\n","protected":false},"featured_media":6368701,"template":"","meta":{"_acf_changed":false},"product_cat":[12100,12161,11684,12116],"product_tag":[],"class_list":{"0":"post-55485","1":"product","2":"type-product","3":"status-publish","4":"has-post-thumbnail","6":"product_cat-kuche","7":"product_cat-reiben","8":"product_cat-utensili","9":"product_cat-werkzeuge","11":"first","12":"instock","13":"sale","14":"taxable","15":"shipping-taxable","16":"purchasable","17":"product-type-simple","swatches":"rey-swatches","show_selected":"","stretch_labels":"rey-swatches--stretch-labels"},"acf":[],"yoast_head":"<!-- This site is optimized with the Yoast SEO plugin v25.4 - https:\/\/yoast.com\/wordpress\/plugins\/seo\/ -->\n<title>ZWILLING Z-CUT Vertikale Reibe mit 4 Seiten - dev6 Erresse<\/title>\n<meta name=\"description\" content=\"Du kochst gerne leicht und gesund und liebst die Vielseitigkeit deines Wochenmen\u00fcs? Die 6-in-1-Reibe aus der ZWILLING Z-Cut-Serie ist das perfekte\" \/>\n<meta name=\"robots\" content=\"noindex, follow, max-snippet:-1, max-image-preview:large, max-video-preview:-1\" \/>\n<meta property=\"og:locale\" content=\"de_DE\" \/>\n<meta property=\"og:type\" content=\"article\" \/>\n<meta property=\"og:title\" content=\"ZWILLING Z-CUT Vertikale Reibe mit 4 Seiten - dev6 Erresse\" \/>\n<meta property=\"og:description\" content=\"Du kochst gerne leicht und gesund und liebst die Vielseitigkeit deines Wochenmen\u00fcs? Die 6-in-1-Reibe aus der ZWILLING Z-Cut-Serie ist das perfekte\" \/>\n<meta property=\"og:url\" content=\"https:\/\/dev6.erresse-shop.it\/de\/shop\/kuche\/werkzeuge\/zwilling-z-cut-vertikale-reibe-mit-4-seiten\/\" \/>\n<meta property=\"og:site_name\" content=\"dev6 Erresse\" \/>\n<meta property=\"og:image\" content=\"https:\/\/interpim.erresse-shop.it\/Import\/Prodotti\/zwilling-z-cut-grattugia-verticale-4-lati.jpg\" \/><meta property=\"og:image\" content=\"https:\/\/interpim.erresse-shop.it\/Import\/Prodotti\/zwilling-z-cut-grattugia-verticale-4-lati.jpg\" \/>\n\t<meta property=\"og:image:width\" content=\"1024\" \/>\n\t<meta property=\"og:image:height\" content=\"1024\" \/>\n\t<meta property=\"og:image:type\" content=\"image\/jpeg\" \/>\n<meta name=\"twitter:card\" content=\"summary_large_image\" \/>\n<meta name=\"twitter:image\" content=\"https:\/\/interpim.erresse-shop.it\/Import\/Prodotti\/zwilling-z-cut-grattugia-verticale-4-lati.jpg\" \/>\n<script type=\"application\/ld+json\" class=\"yoast-schema-graph\">{\"@context\":\"https:\/\/schema.org\",\"@graph\":[{\"@type\":\"WebPage\",\"@id\":\"https:\/\/dev6.erresse-shop.it\/de\/shop\/kuche\/werkzeuge\/zwilling-z-cut-vertikale-reibe-mit-4-seiten\/\",\"url\":\"https:\/\/dev6.erresse-shop.it\/de\/shop\/kuche\/werkzeuge\/zwilling-z-cut-vertikale-reibe-mit-4-seiten\/\",\"name\":\"ZWILLING Z-CUT Vertikale Reibe mit 4 Seiten - dev6 Erresse\",\"isPartOf\":{\"@id\":\"https:\/\/dev6.erresse-shop.it\/#website\"},\"primaryImageOfPage\":{\"@id\":\"https:\/\/dev6.erresse-shop.it\/de\/shop\/kuche\/werkzeuge\/zwilling-z-cut-vertikale-reibe-mit-4-seiten\/#primaryimage\"},\"image\":{\"@id\":\"https:\/\/dev6.erresse-shop.it\/de\/shop\/kuche\/werkzeuge\/zwilling-z-cut-vertikale-reibe-mit-4-seiten\/#primaryimage\"},\"thumbnailUrl\":\"https:\/\/i3.wp.com\/interpim.erresse-shop.it\/Import\/Prodotti\/zwilling-z-cut-grattugia-verticale-4-lati.jpg?ssl=1\",\"datePublished\":\"2026-04-12T09:21:11+00:00\",\"description\":\"Du kochst gerne leicht und gesund und liebst die Vielseitigkeit deines Wochenmen\u00fcs? Die 6-in-1-Reibe aus der ZWILLING Z-Cut-Serie ist das perfekte\",\"breadcrumb\":{\"@id\":\"https:\/\/dev6.erresse-shop.it\/de\/shop\/kuche\/werkzeuge\/zwilling-z-cut-vertikale-reibe-mit-4-seiten\/#breadcrumb\"},\"inLanguage\":\"de\",\"potentialAction\":[{\"@type\":\"ReadAction\",\"target\":[\"https:\/\/dev6.erresse-shop.it\/de\/shop\/kuche\/werkzeuge\/zwilling-z-cut-vertikale-reibe-mit-4-seiten\/\"]}]},{\"@type\":\"ImageObject\",\"inLanguage\":\"de\",\"@id\":\"https:\/\/dev6.erresse-shop.it\/de\/shop\/kuche\/werkzeuge\/zwilling-z-cut-vertikale-reibe-mit-4-seiten\/#primaryimage\",\"url\":\"https:\/\/i3.wp.com\/interpim.erresse-shop.it\/Import\/Prodotti\/zwilling-z-cut-grattugia-verticale-4-lati.jpg?ssl=1\",\"contentUrl\":\"https:\/\/i3.wp.com\/interpim.erresse-shop.it\/Import\/Prodotti\/zwilling-z-cut-grattugia-verticale-4-lati.jpg?ssl=1\"},{\"@type\":\"BreadcrumbList\",\"@id\":\"https:\/\/dev6.erresse-shop.it\/de\/shop\/kuche\/werkzeuge\/zwilling-z-cut-vertikale-reibe-mit-4-seiten\/#breadcrumb\",\"itemListElement\":[{\"@type\":\"ListItem\",\"position\":1,\"name\":\"Home\",\"item\":\"https:\/\/dev6.erresse-shop.it\/\"},{\"@type\":\"ListItem\",\"position\":2,\"name\":\"Shop\",\"item\":\"https:\/\/dev6.erresse-shop.it\/shop\/\"},{\"@type\":\"ListItem\",\"position\":3,\"name\":\"ZWILLING Z-CUT Vertikale Reibe mit 4 Seiten\"}]},{\"@type\":\"WebSite\",\"@id\":\"https:\/\/dev6.erresse-shop.it\/#website\",\"url\":\"https:\/\/dev6.erresse-shop.it\/\",\"name\":\"Erresse Shop\",\"description\":\"\",\"publisher\":{\"@id\":\"https:\/\/dev6.erresse-shop.it\/#organization\"},\"potentialAction\":[{\"@type\":\"SearchAction\",\"target\":{\"@type\":\"EntryPoint\",\"urlTemplate\":\"https:\/\/dev6.erresse-shop.it\/?s={search_term_string}\"},\"query-input\":{\"@type\":\"PropertyValueSpecification\",\"valueRequired\":true,\"valueName\":\"search_term_string\"}}],\"inLanguage\":\"de\"},{\"@type\":\"Organization\",\"@id\":\"https:\/\/dev6.erresse-shop.it\/#organization\",\"name\":\"Erresse Shop\",\"url\":\"https:\/\/dev6.erresse-shop.it\/\",\"logo\":{\"@type\":\"ImageObject\",\"inLanguage\":\"de\",\"@id\":\"https:\/\/dev6.erresse-shop.it\/#\/schema\/logo\/image\/\",\"url\":\"https:\/\/dev6.erresse-shop.it\/wp-content\/uploads\/2025\/01\/LOGO-ERRESSE-CLASSICO.svg\",\"contentUrl\":\"https:\/\/dev6.erresse-shop.it\/wp-content\/uploads\/2025\/01\/LOGO-ERRESSE-CLASSICO.svg\",\"caption\":\"Erresse Shop\"},\"image\":{\"@id\":\"https:\/\/dev6.erresse-shop.it\/#\/schema\/logo\/image\/\"}}]}<\/script>\n<!-- \/ Yoast SEO plugin. -->","yoast_head_json":{"title":"ZWILLING Z-CUT Vertikale Reibe mit 4 Seiten - dev6 Erresse","description":"Du kochst gerne leicht und gesund und liebst die Vielseitigkeit deines Wochenmen\u00fcs? Die 6-in-1-Reibe aus der ZWILLING Z-Cut-Serie ist das perfekte","robots":{"index":"noindex","follow":"follow","max-snippet":"max-snippet:-1","max-image-preview":"max-image-preview:large","max-video-preview":"max-video-preview:-1"},"og_locale":"de_DE","og_type":"article","og_title":"ZWILLING Z-CUT Vertikale Reibe mit 4 Seiten - dev6 Erresse","og_description":"Du kochst gerne leicht und gesund und liebst die Vielseitigkeit deines Wochenmen\u00fcs? Die 6-in-1-Reibe aus der ZWILLING Z-Cut-Serie ist das perfekte","og_url":"https:\/\/dev6.erresse-shop.it\/de\/shop\/kuche\/werkzeuge\/zwilling-z-cut-vertikale-reibe-mit-4-seiten\/","og_site_name":"dev6 Erresse","og_image":[{"url":"https:\/\/interpim.erresse-shop.it\/Import\/Prodotti\/zwilling-z-cut-grattugia-verticale-4-lati.jpg","type":"","width":"","height":""},{"url":"https:\/\/interpim.erresse-shop.it\/Import\/Prodotti\/zwilling-z-cut-grattugia-verticale-4-lati.jpg","width":1024,"height":1024,"type":"image\/jpeg"}],"twitter_card":"summary_large_image","twitter_image":"https:\/\/interpim.erresse-shop.it\/Import\/Prodotti\/zwilling-z-cut-grattugia-verticale-4-lati.jpg","schema":{"@context":"https:\/\/schema.org","@graph":[{"@type":"WebPage","@id":"https:\/\/dev6.erresse-shop.it\/de\/shop\/kuche\/werkzeuge\/zwilling-z-cut-vertikale-reibe-mit-4-seiten\/","url":"https:\/\/dev6.erresse-shop.it\/de\/shop\/kuche\/werkzeuge\/zwilling-z-cut-vertikale-reibe-mit-4-seiten\/","name":"ZWILLING Z-CUT Vertikale Reibe mit 4 Seiten - dev6 Erresse","isPartOf":{"@id":"https:\/\/dev6.erresse-shop.it\/#website"},"primaryImageOfPage":{"@id":"https:\/\/dev6.erresse-shop.it\/de\/shop\/kuche\/werkzeuge\/zwilling-z-cut-vertikale-reibe-mit-4-seiten\/#primaryimage"},"image":{"@id":"https:\/\/dev6.erresse-shop.it\/de\/shop\/kuche\/werkzeuge\/zwilling-z-cut-vertikale-reibe-mit-4-seiten\/#primaryimage"},"thumbnailUrl":"https:\/\/i3.wp.com\/interpim.erresse-shop.it\/Import\/Prodotti\/zwilling-z-cut-grattugia-verticale-4-lati.jpg?ssl=1","datePublished":"2026-04-12T09:21:11+00:00","description":"Du kochst gerne leicht und gesund und liebst die Vielseitigkeit deines Wochenmen\u00fcs? Die 6-in-1-Reibe aus der ZWILLING Z-Cut-Serie ist das perfekte","breadcrumb":{"@id":"https:\/\/dev6.erresse-shop.it\/de\/shop\/kuche\/werkzeuge\/zwilling-z-cut-vertikale-reibe-mit-4-seiten\/#breadcrumb"},"inLanguage":"de","potentialAction":[{"@type":"ReadAction","target":["https:\/\/dev6.erresse-shop.it\/de\/shop\/kuche\/werkzeuge\/zwilling-z-cut-vertikale-reibe-mit-4-seiten\/"]}]},{"@type":"ImageObject","inLanguage":"de","@id":"https:\/\/dev6.erresse-shop.it\/de\/shop\/kuche\/werkzeuge\/zwilling-z-cut-vertikale-reibe-mit-4-seiten\/#primaryimage","url":"https:\/\/i3.wp.com\/interpim.erresse-shop.it\/Import\/Prodotti\/zwilling-z-cut-grattugia-verticale-4-lati.jpg?ssl=1","contentUrl":"https:\/\/i3.wp.com\/interpim.erresse-shop.it\/Import\/Prodotti\/zwilling-z-cut-grattugia-verticale-4-lati.jpg?ssl=1"},{"@type":"BreadcrumbList","@id":"https:\/\/dev6.erresse-shop.it\/de\/shop\/kuche\/werkzeuge\/zwilling-z-cut-vertikale-reibe-mit-4-seiten\/#breadcrumb","itemListElement":[{"@type":"ListItem","position":1,"name":"Home","item":"https:\/\/dev6.erresse-shop.it\/"},{"@type":"ListItem","position":2,"name":"Shop","item":"https:\/\/dev6.erresse-shop.it\/shop\/"},{"@type":"ListItem","position":3,"name":"ZWILLING Z-CUT Vertikale Reibe mit 4 Seiten"}]},{"@type":"WebSite","@id":"https:\/\/dev6.erresse-shop.it\/#website","url":"https:\/\/dev6.erresse-shop.it\/","name":"Erresse Shop","description":"","publisher":{"@id":"https:\/\/dev6.erresse-shop.it\/#organization"},"potentialAction":[{"@type":"SearchAction","target":{"@type":"EntryPoint","urlTemplate":"https:\/\/dev6.erresse-shop.it\/?s={search_term_string}"},"query-input":{"@type":"PropertyValueSpecification","valueRequired":true,"valueName":"search_term_string"}}],"inLanguage":"de"},{"@type":"Organization","@id":"https:\/\/dev6.erresse-shop.it\/#organization","name":"Erresse Shop","url":"https:\/\/dev6.erresse-shop.it\/","logo":{"@type":"ImageObject","inLanguage":"de","@id":"https:\/\/dev6.erresse-shop.it\/#\/schema\/logo\/image\/","url":"https:\/\/dev6.erresse-shop.it\/wp-content\/uploads\/2025\/01\/LOGO-ERRESSE-CLASSICO.svg","contentUrl":"https:\/\/dev6.erresse-shop.it\/wp-content\/uploads\/2025\/01\/LOGO-ERRESSE-CLASSICO.svg","caption":"Erresse Shop"},"image":{"@id":"https:\/\/dev6.erresse-shop.it\/#\/schema\/logo\/image\/"}}]}},"df_price":38,"df_sale_price":38,"df_regular_price":44.95,"df_image_link":"https:\/\/i3.wp.com\/interpim.erresse-shop.it\/Import\/Prodotti\/zwilling-z-cut-grattugia-verticale-4-lati.jpg?resize=300,300&ssl=1","fifu_image_url":"https:\/\/interpim.erresse-shop.it\/Import\/Prodotti\/zwilling-z-cut-grattugia-verticale-4-lati.jpg","_links":{"self":[{"href":"https:\/\/dev6.erresse-shop.it\/de\/wp-json\/wp\/v2\/product\/55485","targetHints":{"allow":["GET"]}}],"collection":[{"href":"https:\/\/dev6.erresse-shop.it\/de\/wp-json\/wp\/v2\/product"}],"about":[{"href":"https:\/\/dev6.erresse-shop.it\/de\/wp-json\/wp\/v2\/types\/product"}],"wp:featuredmedia":[{"embeddable":true,"href":"https:\/\/dev6.erresse-shop.it\/de\/wp-json\/wp\/v2\/media\/6368701"}],"wp:attachment":[{"href":"https:\/\/dev6.erresse-shop.it\/de\/wp-json\/wp\/v2\/media?parent=55485"}],"wp:term":[{"taxonomy":"product_cat","embeddable":true,"href":"https:\/\/dev6.erresse-shop.it\/de\/wp-json\/wp\/v2\/product_cat?post=55485"},{"taxonomy":"product_tag","embeddable":true,"href":"https:\/\/dev6.erresse-shop.it\/de\/wp-json\/wp\/v2\/product_tag?post=55485"}],"curies":[{"name":"wp","href":"https:\/\/api.w.org\/{rel}","templated":true}]}}