{"id":55479,"date":"2026-04-12T11:21:11","date_gmt":"2026-04-12T09:21:11","guid":{"rendered":"https:\/\/dev6.erresse-shop.it\/shop\/unkategorisiert\/villeroy-boch-vieux-luxembourg-satz-von-6-tiefe-gerichte-23-cm\/"},"modified":"2025-09-14T02:03:41","modified_gmt":"2025-09-14T00:03:41","slug":"villeroy-boch-vieux-luxembourg-satz-von-6-tiefe-gerichte-23-cm","status":"publish","type":"product","link":"https:\/\/dev6.erresse-shop.it\/de\/shop\/tisch\/teller-geschirr\/villeroy-boch-vieux-luxembourg-satz-von-6-tiefe-gerichte-23-cm\/","title":{"rendered":"VILLEROY &#038; BOCH Vieux Luxembourg Satz von 6 Tiefe Gerichte 23 cm"},"content":{"rendered":"<p>Klassisch dekorierter Teller f\u00fcr Vorspeisen und Hauptgerichte<br \/>\nZarte Reliefmotive und ein dezentes, filigranes Dekor auf strahlend wei\u00dfem Porzellan verbinden sich in der Kollektion Vieux Luxembourg zu einem zeitlos eleganten Ensemble. Der Suppenteller eignet sich f\u00fcr Suppen aller Art, von Suppen bis zu Eint\u00f6pfen, und macht jede Mahlzeit zu etwas Besonderem. Genie\u00dfen Sie Ihr Essen mit Stil.<\/p>\n<p>Material: Hochwertiges Porzellan<br \/>\nDurchmesser: ca. 227 mm<br \/>\nSp\u00fclmaschinengeeignet: ja<br \/>\nF\u00fcr die Mikrowelle geeignet: ja<\/p>\n","protected":false},"excerpt":{"rendered":"<p>Klassisch dekorierter Teller f\u00fcr Vorspeisen und Hauptgerichte Zarte Reliefmotive und ein dezentes, filigranes Dekor auf strahlend wei\u00dfem Porzellan verbinden sich in der Kollektion Vieux Luxembourg zu einem zeitlos eleganten Ensemble. Der Suppenteller eignet sich f\u00fcr Suppen aller Art, von Suppen bis zu Eint\u00f6pfen, und macht jede Mahlzeit zu etwas Besonderem. Genie\u00dfen Sie Ihr Essen mit [&hellip;]<\/p>\n","protected":false},"featured_media":6368659,"template":"","meta":{"_acf_changed":false},"product_cat":[11671,12122,12103],"product_tag":[],"class_list":{"0":"post-55479","1":"product","2":"type-product","3":"status-publish","4":"has-post-thumbnail","6":"product_cat-tavola","7":"product_cat-teller-geschirr","8":"product_cat-tisch","10":"first","11":"instock","12":"sale","13":"taxable","14":"shipping-taxable","15":"purchasable","16":"product-type-simple","swatches":"rey-swatches","show_selected":"","stretch_labels":"rey-swatches--stretch-labels"},"acf":[],"yoast_head":"<!-- This site is optimized with the Yoast SEO plugin v25.4 - https:\/\/yoast.com\/wordpress\/plugins\/seo\/ -->\n<title>VILLEROY &#038; BOCH Vieux Luxembourg Satz von 6 Tiefe Gerichte 23 cm - dev6 Erresse<\/title>\n<meta name=\"description\" content=\"Klassisch dekorierter Teller f\u00fcr Vorspeisen und Hauptgerichte Zarte Reliefmotive und ein dezentes, filigranes Dekor auf strahlend wei\u00dfem Porzellan\" \/>\n<meta name=\"robots\" content=\"noindex, follow, max-snippet:-1, max-image-preview:large, max-video-preview:-1\" \/>\n<meta property=\"og:locale\" content=\"de_DE\" \/>\n<meta property=\"og:type\" content=\"article\" \/>\n<meta property=\"og:title\" content=\"VILLEROY &#038; BOCH Vieux Luxembourg Satz von 6 Tiefe Gerichte 23 cm - dev6 Erresse\" \/>\n<meta property=\"og:description\" content=\"Klassisch dekorierter Teller f\u00fcr Vorspeisen und Hauptgerichte Zarte Reliefmotive und ein dezentes, filigranes Dekor auf strahlend wei\u00dfem Porzellan\" \/>\n<meta property=\"og:url\" content=\"https:\/\/dev6.erresse-shop.it\/de\/shop\/tisch\/teller-geschirr\/villeroy-boch-vieux-luxembourg-satz-von-6-tiefe-gerichte-23-cm\/\" \/>\n<meta property=\"og:site_name\" content=\"dev6 Erresse\" \/>\n<meta property=\"og:image\" content=\"https:\/\/interpim.erresse-shop.it\/img-catalogo\/villeroy\/villeroy-boch-vieux-luxembourg-set-6-piatti-fondi-23-cm.jpg\" \/><meta property=\"og:image\" content=\"https:\/\/interpim.erresse-shop.it\/img-catalogo\/villeroy\/villeroy-boch-vieux-luxembourg-set-6-piatti-fondi-23-cm.jpg\" \/>\n\t<meta property=\"og:image:width\" content=\"1024\" \/>\n\t<meta property=\"og:image:height\" content=\"1024\" \/>\n\t<meta property=\"og:image:type\" content=\"image\/jpeg\" \/>\n<meta name=\"twitter:card\" content=\"summary_large_image\" \/>\n<meta name=\"twitter:image\" content=\"https:\/\/interpim.erresse-shop.it\/img-catalogo\/villeroy\/villeroy-boch-vieux-luxembourg-set-6-piatti-fondi-23-cm.jpg\" \/>\n<script type=\"application\/ld+json\" class=\"yoast-schema-graph\">{\"@context\":\"https:\/\/schema.org\",\"@graph\":[{\"@type\":\"WebPage\",\"@id\":\"https:\/\/dev6.erresse-shop.it\/de\/shop\/tisch\/teller-geschirr\/villeroy-boch-vieux-luxembourg-satz-von-6-tiefe-gerichte-23-cm\/\",\"url\":\"https:\/\/dev6.erresse-shop.it\/de\/shop\/tisch\/teller-geschirr\/villeroy-boch-vieux-luxembourg-satz-von-6-tiefe-gerichte-23-cm\/\",\"name\":\"VILLEROY &#038; BOCH Vieux Luxembourg Satz von 6 Tiefe Gerichte 23 cm - dev6 Erresse\",\"isPartOf\":{\"@id\":\"https:\/\/dev6.erresse-shop.it\/#website\"},\"primaryImageOfPage\":{\"@id\":\"https:\/\/dev6.erresse-shop.it\/de\/shop\/tisch\/teller-geschirr\/villeroy-boch-vieux-luxembourg-satz-von-6-tiefe-gerichte-23-cm\/#primaryimage\"},\"image\":{\"@id\":\"https:\/\/dev6.erresse-shop.it\/de\/shop\/tisch\/teller-geschirr\/villeroy-boch-vieux-luxembourg-satz-von-6-tiefe-gerichte-23-cm\/#primaryimage\"},\"thumbnailUrl\":\"https:\/\/i1.wp.com\/interpim.erresse-shop.it\/img-catalogo\/villeroy\/villeroy-boch-vieux-luxembourg-set-6-piatti-fondi-23-cm.jpg?ssl=1\",\"datePublished\":\"2026-04-12T09:21:11+00:00\",\"description\":\"Klassisch dekorierter Teller f\u00fcr Vorspeisen und Hauptgerichte Zarte Reliefmotive und ein dezentes, filigranes Dekor auf strahlend wei\u00dfem Porzellan\",\"breadcrumb\":{\"@id\":\"https:\/\/dev6.erresse-shop.it\/de\/shop\/tisch\/teller-geschirr\/villeroy-boch-vieux-luxembourg-satz-von-6-tiefe-gerichte-23-cm\/#breadcrumb\"},\"inLanguage\":\"de\",\"potentialAction\":[{\"@type\":\"ReadAction\",\"target\":[\"https:\/\/dev6.erresse-shop.it\/de\/shop\/tisch\/teller-geschirr\/villeroy-boch-vieux-luxembourg-satz-von-6-tiefe-gerichte-23-cm\/\"]}]},{\"@type\":\"ImageObject\",\"inLanguage\":\"de\",\"@id\":\"https:\/\/dev6.erresse-shop.it\/de\/shop\/tisch\/teller-geschirr\/villeroy-boch-vieux-luxembourg-satz-von-6-tiefe-gerichte-23-cm\/#primaryimage\",\"url\":\"https:\/\/i1.wp.com\/interpim.erresse-shop.it\/img-catalogo\/villeroy\/villeroy-boch-vieux-luxembourg-set-6-piatti-fondi-23-cm.jpg?ssl=1\",\"contentUrl\":\"https:\/\/i1.wp.com\/interpim.erresse-shop.it\/img-catalogo\/villeroy\/villeroy-boch-vieux-luxembourg-set-6-piatti-fondi-23-cm.jpg?ssl=1\"},{\"@type\":\"BreadcrumbList\",\"@id\":\"https:\/\/dev6.erresse-shop.it\/de\/shop\/tisch\/teller-geschirr\/villeroy-boch-vieux-luxembourg-satz-von-6-tiefe-gerichte-23-cm\/#breadcrumb\",\"itemListElement\":[{\"@type\":\"ListItem\",\"position\":1,\"name\":\"Home\",\"item\":\"https:\/\/dev6.erresse-shop.it\/\"},{\"@type\":\"ListItem\",\"position\":2,\"name\":\"Shop\",\"item\":\"https:\/\/dev6.erresse-shop.it\/shop\/\"},{\"@type\":\"ListItem\",\"position\":3,\"name\":\"VILLEROY &#038; BOCH Vieux Luxembourg Satz von 6 Tiefe Gerichte 23 cm\"}]},{\"@type\":\"WebSite\",\"@id\":\"https:\/\/dev6.erresse-shop.it\/#website\",\"url\":\"https:\/\/dev6.erresse-shop.it\/\",\"name\":\"Erresse Shop\",\"description\":\"\",\"publisher\":{\"@id\":\"https:\/\/dev6.erresse-shop.it\/#organization\"},\"potentialAction\":[{\"@type\":\"SearchAction\",\"target\":{\"@type\":\"EntryPoint\",\"urlTemplate\":\"https:\/\/dev6.erresse-shop.it\/?s={search_term_string}\"},\"query-input\":{\"@type\":\"PropertyValueSpecification\",\"valueRequired\":true,\"valueName\":\"search_term_string\"}}],\"inLanguage\":\"de\"},{\"@type\":\"Organization\",\"@id\":\"https:\/\/dev6.erresse-shop.it\/#organization\",\"name\":\"Erresse Shop\",\"url\":\"https:\/\/dev6.erresse-shop.it\/\",\"logo\":{\"@type\":\"ImageObject\",\"inLanguage\":\"de\",\"@id\":\"https:\/\/dev6.erresse-shop.it\/#\/schema\/logo\/image\/\",\"url\":\"https:\/\/dev6.erresse-shop.it\/wp-content\/uploads\/2025\/01\/LOGO-ERRESSE-CLASSICO.svg\",\"contentUrl\":\"https:\/\/dev6.erresse-shop.it\/wp-content\/uploads\/2025\/01\/LOGO-ERRESSE-CLASSICO.svg\",\"caption\":\"Erresse Shop\"},\"image\":{\"@id\":\"https:\/\/dev6.erresse-shop.it\/#\/schema\/logo\/image\/\"}}]}<\/script>\n<!-- \/ Yoast SEO plugin. -->","yoast_head_json":{"title":"VILLEROY &#038; BOCH Vieux Luxembourg Satz von 6 Tiefe Gerichte 23 cm - dev6 Erresse","description":"Klassisch dekorierter Teller f\u00fcr Vorspeisen und Hauptgerichte Zarte Reliefmotive und ein dezentes, filigranes Dekor auf strahlend wei\u00dfem Porzellan","robots":{"index":"noindex","follow":"follow","max-snippet":"max-snippet:-1","max-image-preview":"max-image-preview:large","max-video-preview":"max-video-preview:-1"},"og_locale":"de_DE","og_type":"article","og_title":"VILLEROY &#038; BOCH Vieux Luxembourg Satz von 6 Tiefe Gerichte 23 cm - dev6 Erresse","og_description":"Klassisch dekorierter Teller f\u00fcr Vorspeisen und Hauptgerichte Zarte Reliefmotive und ein dezentes, filigranes Dekor auf strahlend wei\u00dfem Porzellan","og_url":"https:\/\/dev6.erresse-shop.it\/de\/shop\/tisch\/teller-geschirr\/villeroy-boch-vieux-luxembourg-satz-von-6-tiefe-gerichte-23-cm\/","og_site_name":"dev6 Erresse","og_image":[{"url":"https:\/\/interpim.erresse-shop.it\/img-catalogo\/villeroy\/villeroy-boch-vieux-luxembourg-set-6-piatti-fondi-23-cm.jpg","type":"","width":"","height":""},{"url":"https:\/\/interpim.erresse-shop.it\/img-catalogo\/villeroy\/villeroy-boch-vieux-luxembourg-set-6-piatti-fondi-23-cm.jpg","width":1024,"height":1024,"type":"image\/jpeg"}],"twitter_card":"summary_large_image","twitter_image":"https:\/\/interpim.erresse-shop.it\/img-catalogo\/villeroy\/villeroy-boch-vieux-luxembourg-set-6-piatti-fondi-23-cm.jpg","schema":{"@context":"https:\/\/schema.org","@graph":[{"@type":"WebPage","@id":"https:\/\/dev6.erresse-shop.it\/de\/shop\/tisch\/teller-geschirr\/villeroy-boch-vieux-luxembourg-satz-von-6-tiefe-gerichte-23-cm\/","url":"https:\/\/dev6.erresse-shop.it\/de\/shop\/tisch\/teller-geschirr\/villeroy-boch-vieux-luxembourg-satz-von-6-tiefe-gerichte-23-cm\/","name":"VILLEROY &#038; BOCH Vieux Luxembourg Satz von 6 Tiefe Gerichte 23 cm - dev6 Erresse","isPartOf":{"@id":"https:\/\/dev6.erresse-shop.it\/#website"},"primaryImageOfPage":{"@id":"https:\/\/dev6.erresse-shop.it\/de\/shop\/tisch\/teller-geschirr\/villeroy-boch-vieux-luxembourg-satz-von-6-tiefe-gerichte-23-cm\/#primaryimage"},"image":{"@id":"https:\/\/dev6.erresse-shop.it\/de\/shop\/tisch\/teller-geschirr\/villeroy-boch-vieux-luxembourg-satz-von-6-tiefe-gerichte-23-cm\/#primaryimage"},"thumbnailUrl":"https:\/\/i1.wp.com\/interpim.erresse-shop.it\/img-catalogo\/villeroy\/villeroy-boch-vieux-luxembourg-set-6-piatti-fondi-23-cm.jpg?ssl=1","datePublished":"2026-04-12T09:21:11+00:00","description":"Klassisch dekorierter Teller f\u00fcr Vorspeisen und Hauptgerichte Zarte Reliefmotive und ein dezentes, filigranes Dekor auf strahlend wei\u00dfem Porzellan","breadcrumb":{"@id":"https:\/\/dev6.erresse-shop.it\/de\/shop\/tisch\/teller-geschirr\/villeroy-boch-vieux-luxembourg-satz-von-6-tiefe-gerichte-23-cm\/#breadcrumb"},"inLanguage":"de","potentialAction":[{"@type":"ReadAction","target":["https:\/\/dev6.erresse-shop.it\/de\/shop\/tisch\/teller-geschirr\/villeroy-boch-vieux-luxembourg-satz-von-6-tiefe-gerichte-23-cm\/"]}]},{"@type":"ImageObject","inLanguage":"de","@id":"https:\/\/dev6.erresse-shop.it\/de\/shop\/tisch\/teller-geschirr\/villeroy-boch-vieux-luxembourg-satz-von-6-tiefe-gerichte-23-cm\/#primaryimage","url":"https:\/\/i1.wp.com\/interpim.erresse-shop.it\/img-catalogo\/villeroy\/villeroy-boch-vieux-luxembourg-set-6-piatti-fondi-23-cm.jpg?ssl=1","contentUrl":"https:\/\/i1.wp.com\/interpim.erresse-shop.it\/img-catalogo\/villeroy\/villeroy-boch-vieux-luxembourg-set-6-piatti-fondi-23-cm.jpg?ssl=1"},{"@type":"BreadcrumbList","@id":"https:\/\/dev6.erresse-shop.it\/de\/shop\/tisch\/teller-geschirr\/villeroy-boch-vieux-luxembourg-satz-von-6-tiefe-gerichte-23-cm\/#breadcrumb","itemListElement":[{"@type":"ListItem","position":1,"name":"Home","item":"https:\/\/dev6.erresse-shop.it\/"},{"@type":"ListItem","position":2,"name":"Shop","item":"https:\/\/dev6.erresse-shop.it\/shop\/"},{"@type":"ListItem","position":3,"name":"VILLEROY &#038; BOCH Vieux Luxembourg Satz von 6 Tiefe Gerichte 23 cm"}]},{"@type":"WebSite","@id":"https:\/\/dev6.erresse-shop.it\/#website","url":"https:\/\/dev6.erresse-shop.it\/","name":"Erresse Shop","description":"","publisher":{"@id":"https:\/\/dev6.erresse-shop.it\/#organization"},"potentialAction":[{"@type":"SearchAction","target":{"@type":"EntryPoint","urlTemplate":"https:\/\/dev6.erresse-shop.it\/?s={search_term_string}"},"query-input":{"@type":"PropertyValueSpecification","valueRequired":true,"valueName":"search_term_string"}}],"inLanguage":"de"},{"@type":"Organization","@id":"https:\/\/dev6.erresse-shop.it\/#organization","name":"Erresse Shop","url":"https:\/\/dev6.erresse-shop.it\/","logo":{"@type":"ImageObject","inLanguage":"de","@id":"https:\/\/dev6.erresse-shop.it\/#\/schema\/logo\/image\/","url":"https:\/\/dev6.erresse-shop.it\/wp-content\/uploads\/2025\/01\/LOGO-ERRESSE-CLASSICO.svg","contentUrl":"https:\/\/dev6.erresse-shop.it\/wp-content\/uploads\/2025\/01\/LOGO-ERRESSE-CLASSICO.svg","caption":"Erresse Shop"},"image":{"@id":"https:\/\/dev6.erresse-shop.it\/#\/schema\/logo\/image\/"}}]}},"df_price":139.95,"df_sale_price":139.95,"df_regular_price":179.4,"df_image_link":"https:\/\/i1.wp.com\/interpim.erresse-shop.it\/img-catalogo\/villeroy\/villeroy-boch-vieux-luxembourg-set-6-piatti-fondi-23-cm.jpg?resize=300,300&ssl=1","fifu_image_url":"https:\/\/interpim.erresse-shop.it\/img-catalogo\/villeroy\/villeroy-boch-vieux-luxembourg-set-6-piatti-fondi-23-cm.jpg","_links":{"self":[{"href":"https:\/\/dev6.erresse-shop.it\/de\/wp-json\/wp\/v2\/product\/55479","targetHints":{"allow":["GET"]}}],"collection":[{"href":"https:\/\/dev6.erresse-shop.it\/de\/wp-json\/wp\/v2\/product"}],"about":[{"href":"https:\/\/dev6.erresse-shop.it\/de\/wp-json\/wp\/v2\/types\/product"}],"wp:featuredmedia":[{"embeddable":true,"href":"https:\/\/dev6.erresse-shop.it\/de\/wp-json\/wp\/v2\/media\/6368659"}],"wp:attachment":[{"href":"https:\/\/dev6.erresse-shop.it\/de\/wp-json\/wp\/v2\/media?parent=55479"}],"wp:term":[{"taxonomy":"product_cat","embeddable":true,"href":"https:\/\/dev6.erresse-shop.it\/de\/wp-json\/wp\/v2\/product_cat?post=55479"},{"taxonomy":"product_tag","embeddable":true,"href":"https:\/\/dev6.erresse-shop.it\/de\/wp-json\/wp\/v2\/product_tag?post=55479"}],"curies":[{"name":"wp","href":"https:\/\/api.w.org\/{rel}","templated":true}]}}